{"id":7453,"date":"1970-01-01T00:00:00","date_gmt":"1970-01-01T00:00:00","guid":{"rendered":"https:\/\/elfsight.com\/es\/?page_id=7453"},"modified":"2025-02-06T15:51:22","modified_gmt":"2025-02-06T15:51:22","slug":"opencart","status":"publish","type":"page","link":"https:\/\/elfsight.com\/es\/pdf-embed-widget\/opencart\/","title":{"rendered":"PDF Embed &#8211; OpenCart"},"content":{"rendered":"<div class=\"application-platform-content-item-description application-platform-content-item\" id=\"description\" data-nav-section=\"description\"> <h2>Descripci\u00f3n<\/h2> <p>Utilizando el widget PDF Embed de Elfsight, disfrute de la incrustaci\u00f3n m\u00e1s pr\u00e1ctica y r\u00e1pida de m\u00faltiples documentos PDF en su sitio. Para mayor facilidad de uso, los archivos se pueden insertar simplemente carg\u00e1ndolos, agregando sus URL o seleccion\u00e1ndolos de la lista de los \u00faltimos cargados. Puede darle un nombre a cada archivo, cargar un \u00edcono y una vista previa de la imagen, elegir la variante de dise\u00f1o de los archivos y mucho m\u00e1s. Sus usuarios pueden ver los archivos directamente en el sitio web, abrirlos en una nueva pesta\u00f1a del navegador y descargarlos. <\/p> <div class=\"faq\" data-component=\"FAQ\"> <div class=\"faq-item\">\r\n\t\t\t\t\t<div class=\"faq-item-question\">\r\n\t\t\t\t\t\t<h3 class=\"faq-item-question-text\">\u00bfD\u00f3nde puedo publicar el widget en mi sitio?<\/h3>\r\n\r\n\t\t\t\t\t\t<div class=\"faq-item-question-icon\"><\/div>\r\n\t\t\t\t\t<\/div>\r\n\r\n\t\t\t\t\t<div class=\"faq-item-answer\">\r\n\t\t\t\t\t\t<div class=\"faq-item-answer-text\"> <p>Es f\u00e1cil aplicar File Embed en cualquier p\u00e1gina de su sitio web. Por ejemplo, le ayudar\u00e1 a publicar su documentaci\u00f3n tecnol\u00f3gica o directrices en las p\u00e1ginas de productos, o agregar sus diplomas y cualificaciones en la p\u00e1gina Acerca de nosotros.<\/p> <\/div>\r\n\t\t\t\t\t<\/div>\r\n\t\t\t\t<\/div> <div class=\"faq-item\">\r\n\t\t\t\t\t<div class=\"faq-item-question\">\r\n\t\t\t\t\t\t<h3 class=\"faq-item-question-text\">\u00bfC\u00f3mo puedo beneficiarme del widget?<\/h3>\r\n\r\n\t\t\t\t\t\t<div class=\"faq-item-question-icon\"><\/div>\r\n\t\t\t\t\t<\/div>\r\n\r\n\t\t\t\t\t<div class=\"faq-item-answer\">\r\n\t\t\t\t\t\t<div class=\"faq-item-answer-text\"> <p>El widget Elfsight le ahorrar\u00e1 mucho tiempo, ya que con su ayuda, integrar documentos en su sitio web le llevar\u00e1 s\u00f3lo unos segundos. Adem\u00e1s, podr\u00e1 publicar una gran cantidad de informaci\u00f3n significativa sobre sus ofertas o servicios para que los clientes los comprendan mejor. <\/p> <\/div>\r\n\t\t\t\t\t<\/div>\r\n\t\t\t\t<\/div> <div class=\"faq-item\">\r\n\t\t\t\t\t<div class=\"faq-item-question\">\r\n\t\t\t\t\t\t<h3 class=\"faq-item-question-text\">\u00bfC\u00f3mo instalo PDF Embed en mi sitio web OpenCart?<\/h3>\r\n\r\n\t\t\t\t\t\t<div class=\"faq-item-question-icon\"><\/div>\r\n\t\t\t\t\t<\/div>\r\n\r\n\t\t\t\t\t<div class=\"faq-item-answer\">\r\n\t\t\t\t\t\t<div class=\"faq-item-answer-text\"> <p>Solo necesitas un minuto para activar el widget. Agregarlo a su sitio es realmente r\u00e1pido, gratuito y sin necesidad de codificaci\u00f3n.<\/p> <p>Elfsight PDF Embed se puede integrar a trav\u00e9s del servicio Elfsight o a trav\u00e9s del mercado. Aqu\u00ed puede ver m\u00e1s detalles sobre las dos variantes y elegir la suya.<\/p> <\/div>\r\n\t\t\t\t\t<\/div>\r\n\t\t\t\t<\/div> <\/div> <\/div> <div class=\"application-platform-content-item-features application-platform-content-item\" id=\"features\" data-nav-section=\"features\"> <h2>Caracter\u00edsticas<\/h2> <p>Para comprender mejor el widget, vea la lista de sus funciones principales. Lo hacen incre\u00edblemente eficiente para usted: <\/p> <ul><li>Agregar una cantidad ilimitada de documentos;<\/li> <li>Opci\u00f3n de dise\u00f1o del Visor de archivos para ver los archivos en el sitio;<\/li> <li>Cargar im\u00e1genes para iconos de documentos y vistas previas;<\/li> <li>Mostrar u ocultar la etiqueta de descarga del documento;<\/li> <li> La opci\u00f3n de pintar 6 detalles de la interfaz;<\/li> <\/ul><p><a href=\"#demo\">Nuestra demostraci\u00f3n le mostrar\u00e1 m\u00e1s funciones<\/a><\/p> <\/div> <div class=\"application-platform-content-item-installation application-platform-content-item\" id=\"installation\" data-nav-section=\"installation\"> <h2>C\u00f3mo incrustar el Visor de PDF en su sitio web OpenCart<\/h2> <p>Simplemente siga los siguientes pasos que se detallan a continuaci\u00f3n para agregar la extensi\u00f3n en OpenCart.<\/p> <ol><li><b>Realice nuestra demostraci\u00f3n gratuita y comience a formar su widget personalizado. <\/b><br> Encuentre el dise\u00f1o y la funcionalidad preferibles de la extensi\u00f3n y guarde las correcciones. <\/li> <li><b>Reciba su c\u00f3digo \u00fanico que se muestra en la ventana de Elfsight Apps. <\/b><br> Una vez finalizada la generaci\u00f3n de su PDF Embed personal, copie el c\u00f3digo exclusivo del cuadro que aparece y gu\u00e1rdelo para futuras ocasiones. <\/li> <li><b>Ingrese al uso de la herramienta en su sitio web OpenCart. <\/b><br>Implementa el c\u00f3digo copiado recientemente en tu sitio web y aplica las modificaciones. <\/li> <li><b>\u00a1Ya terminaste! La configuraci\u00f3n finaliz\u00f3 exitosamente. <\/b><br> Vaya a su sitio para observar c\u00f3mo funciona el widget. <\/li><\/ol> <p>\u00bfA\u00fan no puedes decidirte? \u00bfO tener problemas? Simplemente dirija una solicitud a nuestro servicio de atenci\u00f3n al cliente. Le ayudaremos con cualquier problema o pregunta.<\/p> <\/div>","protected":false},"excerpt":{"rendered":"","protected":false},"author":9,"featured_media":0,"parent":1157,"menu_order":0,"comment_status":"closed","ping_status":"closed","template":"templates\/template-application-platform.php","meta":{"publish_to_discourse":"","publish_post_category":"","wpdc_auto_publish_overridden":"","wpdc_topic_tags":"","wpdc_pin_topic":"","wpdc_pin_until":"","discourse_post_id":"","discourse_permalink":"","wpdc_publishing_response":"","wpdc_publishing_error":"","footnotes":""},"class_list":["post-7453","page","type-page","status-publish","hentry"],"yoast_head":"<!-- This site is optimized with the Yoast SEO plugin v25.3.1 - https:\/\/yoast.com\/wordpress\/plugins\/seo\/ -->\n<title>Visor de PDF: incrustar extensi\u00f3n PDF en el sitio web de OpenCart (gratis y r\u00e1pido)<\/title>\n<meta name=\"description\" content=\"Con Elfsight, d\u00e9 forma a su extensi\u00f3n de Visor de PDF e incr\u00fastela en su sitio OpenCart con facilidad. Ofrecemos servicio al cliente gratuito y otras bonificaciones.\" \/>\n<meta name=\"robots\" content=\"index, follow, max-snippet:-1, max-image-preview:large, max-video-preview:-1\" \/>\n<link rel=\"canonical\" href=\"https:\/\/elfsight.com\/es\/pdf-embed-widget\/opencart\/\" \/>\n<meta property=\"og:locale\" content=\"es_ES\" \/>\n<meta property=\"og:type\" content=\"article\" \/>\n<meta property=\"og:title\" content=\"Visor de PDF: incrustar extensi\u00f3n PDF en el sitio web de OpenCart (gratis y r\u00e1pido)\" \/>\n<meta property=\"og:description\" content=\"Con Elfsight, d\u00e9 forma a su extensi\u00f3n de Visor de PDF e incr\u00fastela en su sitio OpenCart con facilidad. Ofrecemos servicio al cliente gratuito y otras bonificaciones.\" \/>\n<meta property=\"og:url\" content=\"https:\/\/elfsight.com\/es\/pdf-embed-widget\/opencart\/\" \/>\n<meta property=\"og:site_name\" content=\"Elfsight ES\" \/>\n<meta property=\"article:modified_time\" content=\"2025-02-06T15:51:22+00:00\" \/>\n<meta name=\"twitter:card\" content=\"summary_large_image\" \/>\n<meta name=\"twitter:label1\" content=\"Tiempo de lectura\" \/>\n\t<meta name=\"twitter:data1\" content=\"3 minutos\" \/>\n<!-- \/ Yoast SEO plugin. -->","yoast_head_json":{"title":"Visor de PDF: incrustar extensi\u00f3n PDF en el sitio web de OpenCart (gratis y r\u00e1pido)","description":"Con Elfsight, d\u00e9 forma a su extensi\u00f3n de Visor de PDF e incr\u00fastela en su sitio OpenCart con facilidad. Ofrecemos servicio al cliente gratuito y otras bonificaciones.","robots":{"index":"index","follow":"follow","max-snippet":"max-snippet:-1","max-image-preview":"max-image-preview:large","max-video-preview":"max-video-preview:-1"},"canonical":"https:\/\/elfsight.com\/es\/pdf-embed-widget\/opencart\/","og_locale":"es_ES","og_type":"article","og_title":"Visor de PDF: incrustar extensi\u00f3n PDF en el sitio web de OpenCart (gratis y r\u00e1pido)","og_description":"Con Elfsight, d\u00e9 forma a su extensi\u00f3n de Visor de PDF e incr\u00fastela en su sitio OpenCart con facilidad. Ofrecemos servicio al cliente gratuito y otras bonificaciones.","og_url":"https:\/\/elfsight.com\/es\/pdf-embed-widget\/opencart\/","og_site_name":"Elfsight ES","article_modified_time":"2025-02-06T15:51:22+00:00","twitter_card":"summary_large_image","twitter_misc":{"Tiempo de lectura":"3 minutos"},"schema":{"@context":"https:\/\/schema.org","@graph":[{"@type":"WebPage","@id":"https:\/\/elfsight.com\/es\/pdf-embed-widget\/opencart\/","url":"https:\/\/elfsight.com\/es\/pdf-embed-widget\/opencart\/","name":"Visor de PDF: incrustar extensi\u00f3n PDF en el sitio web de OpenCart (gratis y r\u00e1pido)","isPartOf":{"@id":"https:\/\/elfsight.com\/es\/#website"},"datePublished":"1970-01-01T00:00:00+00:00","dateModified":"2025-02-06T15:51:22+00:00","description":"Con Elfsight, d\u00e9 forma a su extensi\u00f3n de Visor de PDF e incr\u00fastela en su sitio OpenCart con facilidad. Ofrecemos servicio al cliente gratuito y otras bonificaciones.","breadcrumb":{"@id":"https:\/\/elfsight.com\/es\/pdf-embed-widget\/opencart\/#breadcrumb"},"inLanguage":"es","potentialAction":[{"@type":"ReadAction","target":["https:\/\/elfsight.com\/es\/pdf-embed-widget\/opencart\/"]}]},{"@type":"BreadcrumbList","@id":"https:\/\/elfsight.com\/es\/pdf-embed-widget\/opencart\/#breadcrumb","itemListElement":[{"@type":"ListItem","position":1,"name":"Home","item":"https:\/\/elfsight.com\/es\/"},{"@type":"ListItem","position":2,"name":"PDF Embed","item":"https:\/\/elfsight.com\/es\/pdf-embed-widget\/"},{"@type":"ListItem","position":3,"name":"PDF Embed &#8211; OpenCart"}]},{"@type":"WebSite","@id":"https:\/\/elfsight.com\/es\/#website","url":"https:\/\/elfsight.com\/es\/","name":"Elfsight ES","description":"Just another Elfsight Sites site","potentialAction":[{"@type":"SearchAction","target":{"@type":"EntryPoint","urlTemplate":"https:\/\/elfsight.com\/es\/?s={search_term_string}"},"query-input":{"@type":"PropertyValueSpecification","valueRequired":true,"valueName":"search_term_string"}}],"inLanguage":"es"}]}},"meta_box":{"industry":"","seo_heading":"","heading":"","description":"","cta_heading":"","cta_description":"","application":"1156","h1":"Extensi\u00f3n del visor de PDF OpenCart","h1_caption":"Incruste documentos PDF en su sitio web para verlos y descargarlos f\u00e1cilmente sin redirigir a los visitantes a su sitio web Opencart sin esfuerzo.","application_category":[],"applications_title":"","applications_request_title":"","applications_request_button_text":"","hero_text":"","hero_video":"","hero_video_schema_markup":"","selling_points_title":"","selling_points_caption":"","selling_points":[],"selling_points_cta_text":"","features_title":"","features":"","ed_cta_examples_text":"","ed_cta_examples_hidden":"","ed_cta_demo_text":"","ed_cta_demo_hidden":"","why_caption":"","why_editor_title":"","why_editor_text":"","why_team_title":"","why_team_text":"","why_service_title":"","why_service_text":"","template_catalog_visible":"","template_catalog_title":"","template_catalog_text":"","template_catalog_categories_visible":"","demo_title":"Crea tu extensi\u00f3n para insertar PDF","demo_caption":"\u00a1Configure su PDF Embed y agr\u00e9guelo a su sitio web OpenCart gratis!","default_faq_hidden":"","app_template_category":[],"platform":"88","template_public_id":"","codecanyon_url":"","codecanyon_item_id":"","codecanyon_price":"","pricing_caption":"","pricing_elfsight_apps_hide_column":"","pricing_elfsight_apps_url":"","pricing_codecanyon_price_caption":"","integration_category":[],"integration_request_title":"","integration_request_cta":"","integration_platform":"","integrations":[],"platform_category":[],"video_schema_markup":"","price":"desde $0 \/ mes","trial":"","benefits":[{"text":"Asistencia de instalaci\u00f3n gratuita"},{"text":"Servicio al cliente eficaz"},{"text":"Garant\u00eda de devoluci\u00f3n de dinero de 14 d\u00edas"},{"text":"Futuras mejoras gratuitas"}],"button_url":"#demo","button_target_blank":"","button_nofollow":"","attributes":[{"name":"Instalaciones","content":"10,000 - 100,000"},{"name":"Sensible","content":"S\u00ed"},{"name":"Navegadores compatibles","content":"Chrome, Edge, Safari, Opera, Firefox"}],"tags":[],"tags_disable_links":"","hide_more_platforms":"","video_object":"","demo_hide_cta":"","demo_hide_cloud_options":"","pricing_title":"","pricing":[{"pricing_icon":"platform","pricing_title":"Elfsight Apps","pricing_title_caption":"Software multiplataforma que funciona en cualquier sitio web","pricing_price":"desde $0 \/ mes","pricing_price_caption":"comienza con el plan gratuito","pricing_benefits":[{"text":"Sitios web ilimitados"},{"text":"Soporte profesional de la empresa"},{"text":"Ayuda de instalaci\u00f3n gratuita"},{"text":"Dise\u00f1o flexible"}],"pricing_button_text":"A\u00f1adir al sitio web","pricing_button_url":"#demo"}],"related_apps_title":"","related_apps_hidden":"","author":"","image":[],"title":"","job":"","social_networks":[]},"_links":{"self":[{"href":"https:\/\/elfsight.com\/es\/wp-json\/wp\/v2\/pages\/7453","targetHints":{"allow":["GET"]}}],"collection":[{"href":"https:\/\/elfsight.com\/es\/wp-json\/wp\/v2\/pages"}],"about":[{"href":"https:\/\/elfsight.com\/es\/wp-json\/wp\/v2\/types\/page"}],"author":[{"embeddable":true,"href":"https:\/\/elfsight.com\/es\/wp-json\/wp\/v2\/users\/9"}],"replies":[{"embeddable":true,"href":"https:\/\/elfsight.com\/es\/wp-json\/wp\/v2\/comments?post=7453"}],"version-history":[{"count":2,"href":"https:\/\/elfsight.com\/es\/wp-json\/wp\/v2\/pages\/7453\/revisions"}],"predecessor-version":[{"id":18926,"href":"https:\/\/elfsight.com\/es\/wp-json\/wp\/v2\/pages\/7453\/revisions\/18926"}],"up":[{"embeddable":true,"href":"https:\/\/elfsight.com\/es\/wp-json\/wp\/v2\/pages\/1157"}],"wp:attachment":[{"href":"https:\/\/elfsight.com\/es\/wp-json\/wp\/v2\/media?parent=7453"}],"curies":[{"name":"wp","href":"https:\/\/api.w.org\/{rel}","templated":true}]}}