{"id":7445,"date":"1970-01-01T00:00:00","date_gmt":"1970-01-01T00:00:00","guid":{"rendered":"https:\/\/elfsight.com\/es\/?page_id=7445"},"modified":"2025-02-06T15:58:47","modified_gmt":"2025-02-06T15:58:47","slug":"jquery","status":"publish","type":"page","link":"https:\/\/elfsight.com\/es\/pdf-embed-widget\/jquery\/","title":{"rendered":"PDF Embed &#8211; jQuery"},"content":{"rendered":"<div class=\"application-platform-content-item-description application-platform-content-item\" id=\"description\" data-nav-section=\"description\"> <h2>Descripci\u00f3n<\/h2> <p>Con el complemento de lector de PDF de Elfsight, obtenga la inserci\u00f3n m\u00e1s f\u00e1cil y r\u00e1pida de sus documentos PDF en las p\u00e1ginas de su sitio web. Para comodidad del usuario, los documentos se pueden pegar carg\u00e1ndolos, por sus URL o eligiendo entre los \u00faltimos cargados. Eres libre de darle un nombre a cada archivo, cargar tu propio \u00edcono o vista previa de la imagen, elegir la opci\u00f3n de dise\u00f1o de los archivos y m\u00e1s. Sus visitantes pueden leer los archivos directamente en el sitio, verlos en una nueva pesta\u00f1a y descargarlos.<\/p> <div class=\"faq\" data-component=\"FAQ\"> <div class=\"faq-item\">\r\n\t\t\t\t\t<div class=\"faq-item-question\">\r\n\t\t\t\t\t\t<h3 class=\"faq-item-question-text\">\u00bfD\u00f3nde puedo insertar el complemento<\/h3>\r\n\r\n\t\t\t\t\t\t<div class=\"faq-item-question-icon\"><\/div>\r\n\t\t\t\t\t<\/div>\r\n\r\n\t\t\t\t\t<div class=\"faq-item-answer\">\r\n\t\t\t\t\t\t<div class=\"faq-item-answer-text\"> <p>Es f\u00e1cil mostrar el Visor de archivos en cualquiera o en todas las p\u00e1ginas de su sitio. Por lo tanto, puede usarlo para publicar su documentaci\u00f3n o especificaciones tecnol\u00f3gicas en las p\u00e1ginas de productos y publicar sus diplomas y calificaciones en la p\u00e1gina de destino.<\/p> <\/div>\r\n\t\t\t\t\t<\/div>\r\n\t\t\t\t<\/div> <div class=\"faq-item\">\r\n\t\t\t\t\t<div class=\"faq-item-question\">\r\n\t\t\t\t\t\t<h3 class=\"faq-item-question-text\">\u00bfC\u00f3mo podr\u00eda beneficiarme de \u00e9l?<\/h3>\r\n\r\n\t\t\t\t\t\t<div class=\"faq-item-question-icon\"><\/div>\r\n\t\t\t\t\t<\/div>\r\n\r\n\t\t\t\t\t<div class=\"faq-item-answer\">\r\n\t\t\t\t\t\t<div class=\"faq-item-answer-text\"> <p>Este widget le mantendr\u00e1 mucho tiempo, porque con \u00e9l, pegar materiales en su sitio web se realiza en s\u00f3lo unos segundos. Adem\u00e1s, podr\u00e1 transmitir muchos detalles valiosos sobre sus art\u00edculos o servicios para lograr que los clientes conozcan mejor sus art\u00edculos.<\/p> <\/div>\r\n\t\t\t\t\t<\/div>\r\n\t\t\t\t<\/div> <div class=\"faq-item\">\r\n\t\t\t\t\t<div class=\"faq-item-question\">\r\n\t\t\t\t\t\t<h3 class=\"faq-item-question-text\">\u00bfQu\u00e9 necesito para agregar PDF Reader a mi sitio web jQuery?<\/h3>\r\n\r\n\t\t\t\t\t\t<div class=\"faq-item-question-icon\"><\/div>\r\n\t\t\t\t\t<\/div>\r\n\r\n\t\t\t\t\t<div class=\"faq-item-answer\">\r\n\t\t\t\t\t\t<div class=\"faq-item-answer-text\"> <p>Solo toma un minuto insertar el widget. El proceso de integraci\u00f3n es extremadamente r\u00e1pido, gratuito y no requiere codificaci\u00f3n.<\/p> <p>Existe una opci\u00f3n para introducir el widget en el sitio a trav\u00e9s de nuestro servicio. Simplemente consulte las instrucciones que aparecen en esta p\u00e1gina.<\/p> <\/div>\r\n\t\t\t\t\t<\/div>\r\n\t\t\t\t<\/div> <\/div> <\/div> <div class=\"application-platform-content-item-features application-platform-content-item\" id=\"features\" data-nav-section=\"features\"> <h2>Caracter\u00edsticas<\/h2> <p>Para tener una comprensi\u00f3n m\u00e1s clara de PDF Viewer, aqu\u00ed est\u00e1 la lista de sus caracter\u00edsticas esenciales. Hacen que nuestro widget sea realmente eficiente para su negocio:<\/p> <ul><li>Insertar documentos ilimitados;<\/li> <li>Opci\u00f3n de dise\u00f1o del Visor de archivos para leer archivos en el sitio;<\/li> <li>Cargar im\u00e1genes para iconos de documentos y vistas previas;<\/li> <li>Mostrar o desactivar la etiqueta Descargar documento;<\/li> <li>Pintar seis elementos de la interfaz;<\/li> <\/ul><p><a href=\"#demo\">Para conocer m\u00e1s funciones, vea en vivo demo<\/a><\/p> <\/div> <div class=\"application-platform-content-item-installation application-platform-content-item\" id=\"installation\" data-nav-section=\"installation\"> <h2>Comprueba c\u00f3mo agregar el complemento PDF Viewer a tu sitio web jQuery<\/h2> <p>Estos pasos son lo \u00fanico que debes hacer.<\/p> <ol><li><b>Construye tu complemento PDF personal<\/b><br> Administra nuestra demostraci\u00f3n gratuita, crea un widget y configura sus caracter\u00edsticas de dise\u00f1o y funcionalidad. <\/li><li><b>Copia el c\u00f3digo individual para agregar el complemento<\/b><br> Despu\u00e9s de haber creado tu widget, obtendr\u00e1s el c\u00f3digo individual de la ventana que aparece en Elfsight Apps. Copie el c\u00f3digo para su uso posterior. <\/li> <li><b> El complemento en su sitio web jQuery<\/b><br> Elija el lugar donde necesita mostrar el widget e inserte el c\u00f3digo guardado all\u00ed. Publicar los resultados. <\/li> <li><b>\u00a1Listo!<\/b><br> Ve a tu tienda para comprobar tu complemento.<\/li> <\/ol><p>\u00bfA\u00fan tienes algo que te hace dudar? \u00bfO tienes preguntas que hacer? Simplemente escriba una solicitud a nuestro servicio de atenci\u00f3n al cliente y le ayudaremos a resolver todos los problemas. <\/p> <\/div>","protected":false},"excerpt":{"rendered":"","protected":false},"author":9,"featured_media":0,"parent":1157,"menu_order":0,"comment_status":"closed","ping_status":"closed","template":"templates\/template-application-platform.php","meta":{"publish_to_discourse":"","publish_post_category":"","wpdc_auto_publish_overridden":"","wpdc_topic_tags":"","wpdc_pin_topic":"","wpdc_pin_until":"","discourse_post_id":"","discourse_permalink":"","wpdc_publishing_response":"","wpdc_publishing_error":"","footnotes":""},"class_list":["post-7445","page","type-page","status-publish","hentry"],"yoast_head":"<!-- This site is optimized with the Yoast SEO plugin v25.3.1 - https:\/\/yoast.com\/wordpress\/plugins\/seo\/ -->\n<title>Visor de PDF: incruste el complemento PDF en el sitio web jQuery (en 2 minutos)<\/title>\n<meta name=\"description\" content=\"Aqu\u00ed tienes la oportunidad de crear un complemento de visor de PDF e incrustarlo en tu sitio web jQuery. Disfrutar\u00e1 del servicio de atenci\u00f3n al cliente gratuito y otras bonificaciones de Elfsight.\" \/>\n<meta name=\"robots\" content=\"index, follow, max-snippet:-1, max-image-preview:large, max-video-preview:-1\" \/>\n<link rel=\"canonical\" href=\"https:\/\/elfsight.com\/es\/pdf-embed-widget\/jquery\/\" \/>\n<meta property=\"og:locale\" content=\"es_ES\" \/>\n<meta property=\"og:type\" content=\"article\" \/>\n<meta property=\"og:title\" content=\"Visor de PDF: incruste el complemento PDF en el sitio web jQuery (en 2 minutos)\" \/>\n<meta property=\"og:description\" content=\"Aqu\u00ed tienes la oportunidad de crear un complemento de visor de PDF e incrustarlo en tu sitio web jQuery. Disfrutar\u00e1 del servicio de atenci\u00f3n al cliente gratuito y otras bonificaciones de Elfsight.\" \/>\n<meta property=\"og:url\" content=\"https:\/\/elfsight.com\/es\/pdf-embed-widget\/jquery\/\" \/>\n<meta property=\"og:site_name\" content=\"Elfsight ES\" \/>\n<meta property=\"article:modified_time\" content=\"2025-02-06T15:58:47+00:00\" \/>\n<meta name=\"twitter:card\" content=\"summary_large_image\" \/>\n<meta name=\"twitter:label1\" content=\"Tiempo de lectura\" \/>\n\t<meta name=\"twitter:data1\" content=\"3 minutos\" \/>\n<!-- \/ Yoast SEO plugin. -->","yoast_head_json":{"title":"Visor de PDF: incruste el complemento PDF en el sitio web jQuery (en 2 minutos)","description":"Aqu\u00ed tienes la oportunidad de crear un complemento de visor de PDF e incrustarlo en tu sitio web jQuery. Disfrutar\u00e1 del servicio de atenci\u00f3n al cliente gratuito y otras bonificaciones de Elfsight.","robots":{"index":"index","follow":"follow","max-snippet":"max-snippet:-1","max-image-preview":"max-image-preview:large","max-video-preview":"max-video-preview:-1"},"canonical":"https:\/\/elfsight.com\/es\/pdf-embed-widget\/jquery\/","og_locale":"es_ES","og_type":"article","og_title":"Visor de PDF: incruste el complemento PDF en el sitio web jQuery (en 2 minutos)","og_description":"Aqu\u00ed tienes la oportunidad de crear un complemento de visor de PDF e incrustarlo en tu sitio web jQuery. Disfrutar\u00e1 del servicio de atenci\u00f3n al cliente gratuito y otras bonificaciones de Elfsight.","og_url":"https:\/\/elfsight.com\/es\/pdf-embed-widget\/jquery\/","og_site_name":"Elfsight ES","article_modified_time":"2025-02-06T15:58:47+00:00","twitter_card":"summary_large_image","twitter_misc":{"Tiempo de lectura":"3 minutos"},"schema":{"@context":"https:\/\/schema.org","@graph":[{"@type":"WebPage","@id":"https:\/\/elfsight.com\/es\/pdf-embed-widget\/jquery\/","url":"https:\/\/elfsight.com\/es\/pdf-embed-widget\/jquery\/","name":"Visor de PDF: incruste el complemento PDF en el sitio web jQuery (en 2 minutos)","isPartOf":{"@id":"https:\/\/elfsight.com\/es\/#website"},"datePublished":"1970-01-01T00:00:00+00:00","dateModified":"2025-02-06T15:58:47+00:00","description":"Aqu\u00ed tienes la oportunidad de crear un complemento de visor de PDF e incrustarlo en tu sitio web jQuery. Disfrutar\u00e1 del servicio de atenci\u00f3n al cliente gratuito y otras bonificaciones de Elfsight.","breadcrumb":{"@id":"https:\/\/elfsight.com\/es\/pdf-embed-widget\/jquery\/#breadcrumb"},"inLanguage":"es","potentialAction":[{"@type":"ReadAction","target":["https:\/\/elfsight.com\/es\/pdf-embed-widget\/jquery\/"]}]},{"@type":"BreadcrumbList","@id":"https:\/\/elfsight.com\/es\/pdf-embed-widget\/jquery\/#breadcrumb","itemListElement":[{"@type":"ListItem","position":1,"name":"Home","item":"https:\/\/elfsight.com\/es\/"},{"@type":"ListItem","position":2,"name":"PDF Embed","item":"https:\/\/elfsight.com\/es\/pdf-embed-widget\/"},{"@type":"ListItem","position":3,"name":"PDF Embed &#8211; jQuery"}]},{"@type":"WebSite","@id":"https:\/\/elfsight.com\/es\/#website","url":"https:\/\/elfsight.com\/es\/","name":"Elfsight ES","description":"Just another Elfsight Sites site","potentialAction":[{"@type":"SearchAction","target":{"@type":"EntryPoint","urlTemplate":"https:\/\/elfsight.com\/es\/?s={search_term_string}"},"query-input":{"@type":"PropertyValueSpecification","valueRequired":true,"valueName":"search_term_string"}}],"inLanguage":"es"}]}},"meta_box":{"industry":"","seo_heading":"","heading":"","description":"","cta_heading":"","cta_description":"","application":"1156","h1":"Complemento jQuery Visor de PDF","h1_caption":"Incruste documentos PDF en su sitio web para verlos y descargarlos f\u00e1cilmente sin redirigir a los visitantes a su sitio web jQuery sin esfuerzo.","application_category":[],"applications_title":"","applications_request_title":"","applications_request_button_text":"","hero_text":"","hero_video":"","hero_video_schema_markup":"","selling_points_title":"","selling_points_caption":"","selling_points":[],"selling_points_cta_text":"","features_title":"","features":"","ed_cta_examples_text":"","ed_cta_examples_hidden":"","ed_cta_demo_text":"","ed_cta_demo_hidden":"","why_caption":"","why_editor_title":"","why_editor_text":"","why_team_title":"","why_team_text":"","why_service_title":"","why_service_text":"","template_catalog_visible":"","template_catalog_title":"","template_catalog_text":"","template_catalog_categories_visible":"","demo_title":"Crea tu complemento de inserci\u00f3n de PDF","demo_caption":"\u00a1Configure su PDF Embed y agr\u00e9guelo a su sitio web jQuery gratis!","default_faq_hidden":"","app_template_category":[],"platform":"76","template_public_id":"","codecanyon_url":"","codecanyon_item_id":"","codecanyon_price":"","pricing_caption":"","pricing_elfsight_apps_hide_column":"","pricing_elfsight_apps_url":"","pricing_codecanyon_price_caption":"","integration_category":[],"integration_request_title":"","integration_request_cta":"","integration_platform":"","integrations":[],"platform_category":[],"video_schema_markup":"","price":"desde $0 \/ mes","trial":"","benefits":[{"text":"Servicio de instalaci\u00f3n gratuito"},{"text":"Soporte excepcional"},{"text":"Garant\u00eda de devoluci\u00f3n de dinero de 14 d\u00edas"},{"text":"Actualizaciones gratuitas de por vida"}],"button_url":"#demo","button_target_blank":"","button_nofollow":"","attributes":[{"name":"Instalaciones","content":"10,000 - 100,000"},{"name":"Sensible","content":"S\u00ed"},{"name":"Navegadores compatibles","content":"Firefox, Safari, Opera, Chrome, Edge"}],"tags":[],"tags_disable_links":"","hide_more_platforms":"","video_object":"","demo_hide_cta":"","demo_hide_cloud_options":"","pricing_title":"","pricing":[{"pricing_icon":"platform","pricing_title":"Elfsight Apps","pricing_title_caption":"Versi\u00f3n multiplataforma","pricing_price":"desde $0 \/ mes","pricing_price_caption":"comienza con un plan gratuito","pricing_benefits":[{"text":"Sitios web ilimitados"},{"text":"Atenci\u00f3n al cliente dedicada y bien documentada."},{"text":"Soporte de instalaci\u00f3n gratuito"},{"text":"Dise\u00f1o flexible"}],"pricing_button_text":"A\u00f1adir al sitio web","pricing_button_url":"#demo"}],"related_apps_title":"","related_apps_hidden":"","author":"","image":[],"title":"","job":"","social_networks":[]},"_links":{"self":[{"href":"https:\/\/elfsight.com\/es\/wp-json\/wp\/v2\/pages\/7445","targetHints":{"allow":["GET"]}}],"collection":[{"href":"https:\/\/elfsight.com\/es\/wp-json\/wp\/v2\/pages"}],"about":[{"href":"https:\/\/elfsight.com\/es\/wp-json\/wp\/v2\/types\/page"}],"author":[{"embeddable":true,"href":"https:\/\/elfsight.com\/es\/wp-json\/wp\/v2\/users\/9"}],"replies":[{"embeddable":true,"href":"https:\/\/elfsight.com\/es\/wp-json\/wp\/v2\/comments?post=7445"}],"version-history":[{"count":2,"href":"https:\/\/elfsight.com\/es\/wp-json\/wp\/v2\/pages\/7445\/revisions"}],"predecessor-version":[{"id":18930,"href":"https:\/\/elfsight.com\/es\/wp-json\/wp\/v2\/pages\/7445\/revisions\/18930"}],"up":[{"embeddable":true,"href":"https:\/\/elfsight.com\/es\/wp-json\/wp\/v2\/pages\/1157"}],"wp:attachment":[{"href":"https:\/\/elfsight.com\/es\/wp-json\/wp\/v2\/media?parent=7445"}],"curies":[{"name":"wp","href":"https:\/\/api.w.org\/{rel}","templated":true}]}}