{"id":7444,"date":"1970-01-01T00:00:00","date_gmt":"1970-01-01T00:00:00","guid":{"rendered":"https:\/\/elfsight.com\/es\/?page_id=7444"},"modified":"2025-02-06T15:55:23","modified_gmt":"2025-02-06T15:55:23","slug":"joomla","status":"publish","type":"page","link":"https:\/\/elfsight.com\/es\/pdf-embed-widget\/joomla\/","title":{"rendered":"PDF Embed &#8211; Joomla"},"content":{"rendered":"<div class=\"application-platform-content-item-description application-platform-content-item\" id=\"description\" data-nav-section=\"description\"> <h2>Descripci\u00f3n<\/h2> <p>Con la ayuda de la extensi\u00f3n PDF de Elfsight, pruebe la inserci\u00f3n m\u00e1s pr\u00e1ctica y r\u00e1pida de m\u00faltiples documentos PDF en las p\u00e1ginas de un sitio. Para mayor comodidad, los archivos se pueden incrustar simplemente carg\u00e1ndolos, agregando sus URL o seleccion\u00e1ndolos entre los \u00faltimos cargados. Puede darle un t\u00edtulo a cada archivo, cargar un \u00edcono o una vista previa de la imagen, elegir la opci\u00f3n de dise\u00f1o de archivos y m\u00e1s. Sus usuarios pueden ver los archivos directamente en la p\u00e1gina, abrirlos en una nueva pesta\u00f1a y descargarlos.<\/p> <div class=\"faq\" data-component=\"FAQ\"> <div class=\"faq-item\">\r\n\t\t\t\t\t<div class=\"faq-item-question\">\r\n\t\t\t\t\t\t<h3 class=\"faq-item-question-text\">\u00bfD\u00f3nde puedo integrar el widget en mi sitio web?<\/h3>\r\n\r\n\t\t\t\t\t\t<div class=\"faq-item-question-icon\"><\/div>\r\n\t\t\t\t\t<\/div>\r\n\r\n\t\t\t\t\t<div class=\"faq-item-answer\">\r\n\t\t\t\t\t\t<div class=\"faq-item-answer-text\"> <p>Puede mostrar el complemento File Embed en todas las p\u00e1ginas del sitio. Puede usarse para agregar documentos o especificaciones de sus productos en las p\u00e1ginas de productos, o publicar sus diplomas y certificados en la p\u00e1gina Acerca de nosotros.<\/p><\/div>\r\n\t\t\t\t\t<\/div>\r\n\t\t\t\t<\/div> <div class=\"faq-item\">\r\n\t\t\t\t\t<div class=\"faq-item-question\">\r\n\t\t\t\t\t\t<h3 class=\"faq-item-question-text\">\u00bfC\u00f3mo me beneficiar\u00eda la extensi\u00f3n?<\/h3>\r\n\r\n\t\t\t\t\t\t<div class=\"faq-item-question-icon\"><\/div>\r\n\t\t\t\t\t<\/div>\r\n\r\n\t\t\t\t\t<div class=\"faq-item-answer\">\r\n\t\t\t\t\t\t<div class=\"faq-item-answer-text\"> <p>El complemento de Elfsight puede ahorrarle mucho tiempo, ya que con su ayuda, publicar documentos en su sitio toma solo unos segundos. Adem\u00e1s, le ayuda a proporcionar una gran cantidad de datos valiosos sobre sus ofertas o servicios para aumentar el conocimiento de los usuarios sobre ellos.<\/p><\/div>\r\n\t\t\t\t\t<\/div>\r\n\t\t\t\t<\/div> <div class=\"faq-item\">\r\n\t\t\t\t\t<div class=\"faq-item-question\">\r\n\t\t\t\t\t\t<h3 class=\"faq-item-question-text\">\u00bfC\u00f3mo puedo instalar PDF Embed en mi sitio web Joomla?<\/h3>\r\n\r\n\t\t\t\t\t\t<div class=\"faq-item-question-icon\"><\/div>\r\n\t\t\t\t\t<\/div>\r\n\r\n\t\t\t\t\t<div class=\"faq-item-answer\">\r\n\t\t\t\t\t\t<div class=\"faq-item-answer-text\"> <p>Solo tomar\u00e1 un minuto incrustar el widget. La instalaci\u00f3n es realmente r\u00e1pida, gratuita y sin codificaci\u00f3n. <\/p> <p>La extensi\u00f3n PDF de Elfsight se puede integrar a trav\u00e9s de nuestro servicio o en el mercado. Puedes ver informaci\u00f3n adicional sobre ambas variantes y elegir la tuya.<\/p><\/div>\r\n\t\t\t\t\t<\/div>\r\n\t\t\t\t<\/div> <\/div> <\/div><div class=\"application-platform-content-item-features application-platform-content-item\" id=\"features\" data-nav-section=\"features\"> <h2>Caracter\u00edsticas<\/h2> <p>Para ayudarte a comprender PDF Viewer, aqu\u00ed tienes la lista de las caracter\u00edsticas m\u00e1s importantes. Lo hacen m\u00e1s beneficioso para usted: <\/p> <ul><li>Integre cualquier cantidad de documentos; <\/li> <li>Variante de dise\u00f1o del Visor de archivos para leer archivos en la p\u00e1gina; <\/li> <li>Cargar im\u00e1genes para iconos de archivos y vistas previas; <\/li> <li>Mostrar o eliminar la etiqueta Descargar archivo; <\/li> <li> Pinte seis elementos de la interfaz; <\/li> <\/ul><p><a href=\"#demo\">La demostraci\u00f3n le mostrar\u00e1 m\u00e1s funciones<\/a><\/p> <\/div><div class=\"application-platform-content-item-installation application-platform-content-item\" id=\"installation\" data-nav-section=\"installation\"> <h2>C\u00f3mo incrustar la extensi\u00f3n PDF Viewer en su sitio web Joomla<\/h2> <p>Simplemente aplique las instrucciones a continuaci\u00f3n para comenzar a trabajar con la extensi\u00f3n PDF Embed en Joomla.<\/p> <ol><li><b>Inicie nuestra demostraci\u00f3n gratuita y comience a crear su extensi\u00f3n personalizada. <\/b><br> Encuentre el aspecto y los par\u00e1metros preferidos de la extensi\u00f3n y guarde las modificaciones. <\/li> <li><b>Obtenga el c\u00f3digo \u00fanico que aparece en el cuadro de Elfsight Apps. <\/b><br> Tan pronto como finalice la generaci\u00f3n de su herramienta, copie el c\u00f3digo personal en el cuadro que aparece y gu\u00e1rdelo para su uso posterior. <\/li> <li><b>Iniciar el uso de la extensi\u00f3n en el sitio web Joomla. <\/b><br>Coloca el c\u00f3digo copiado anteriormente en tu sitio web y guarda las correcciones. <\/li> <li><b>\u00a1Listo! La configuraci\u00f3n finaliz\u00f3 exitosamente. <\/b><br>Vaya a su p\u00e1gina para ver el funcionamiento de la extensi\u00f3n. <\/li><\/ol><p>\u00bfA\u00fan no puedes tomar una decisi\u00f3n? \u00bfO tienes preguntas que hacer? Simplemente env\u00ede su solicitud por correo electr\u00f3nico a nuestro servicio de atenci\u00f3n al cliente, ellos le ayudar\u00e1n con cada problema.<\/p> <\/div>","protected":false},"excerpt":{"rendered":"","protected":false},"author":9,"featured_media":0,"parent":1157,"menu_order":0,"comment_status":"closed","ping_status":"closed","template":"templates\/template-application-platform.php","meta":{"publish_to_discourse":"","publish_post_category":"","wpdc_auto_publish_overridden":"","wpdc_topic_tags":"","wpdc_pin_topic":"","wpdc_pin_until":"","discourse_post_id":"","discourse_permalink":"","wpdc_publishing_response":"","wpdc_publishing_error":"","footnotes":""},"class_list":["post-7444","page","type-page","status-publish","hentry"],"yoast_head":"<!-- This site is optimized with the Yoast SEO plugin v25.3.1 - https:\/\/yoast.com\/wordpress\/plugins\/seo\/ -->\n<title>Visor de PDF: incrustar extensi\u00f3n PDF en el sitio web Joomla (2025)<\/title>\n<meta name=\"description\" content=\"Es f\u00e1cil crear su extensi\u00f3n de visor de PDF responsivo e incrustarla en su sitio web Joomla. El servicio de atenci\u00f3n al cliente de Elfsight es gratuito y gratuito.\" \/>\n<meta name=\"robots\" content=\"index, follow, max-snippet:-1, max-image-preview:large, max-video-preview:-1\" \/>\n<link rel=\"canonical\" href=\"https:\/\/elfsight.com\/es\/pdf-embed-widget\/joomla\/\" \/>\n<meta property=\"og:locale\" content=\"es_ES\" \/>\n<meta property=\"og:type\" content=\"article\" \/>\n<meta property=\"og:title\" content=\"Visor de PDF: incrustar extensi\u00f3n PDF en el sitio web Joomla (2025)\" \/>\n<meta property=\"og:description\" content=\"Es f\u00e1cil crear su extensi\u00f3n de visor de PDF responsivo e incrustarla en su sitio web Joomla. El servicio de atenci\u00f3n al cliente de Elfsight es gratuito y gratuito.\" \/>\n<meta property=\"og:url\" content=\"https:\/\/elfsight.com\/es\/pdf-embed-widget\/joomla\/\" \/>\n<meta property=\"og:site_name\" content=\"Elfsight ES\" \/>\n<meta property=\"article:modified_time\" content=\"2025-02-06T15:55:23+00:00\" \/>\n<meta name=\"twitter:card\" content=\"summary_large_image\" \/>\n<meta name=\"twitter:label1\" content=\"Tiempo de lectura\" \/>\n\t<meta name=\"twitter:data1\" content=\"3 minutos\" \/>\n<!-- \/ Yoast SEO plugin. -->","yoast_head_json":{"title":"Visor de PDF: incrustar extensi\u00f3n PDF en el sitio web Joomla (2025)","description":"Es f\u00e1cil crear su extensi\u00f3n de visor de PDF responsivo e incrustarla en su sitio web Joomla. El servicio de atenci\u00f3n al cliente de Elfsight es gratuito y gratuito.","robots":{"index":"index","follow":"follow","max-snippet":"max-snippet:-1","max-image-preview":"max-image-preview:large","max-video-preview":"max-video-preview:-1"},"canonical":"https:\/\/elfsight.com\/es\/pdf-embed-widget\/joomla\/","og_locale":"es_ES","og_type":"article","og_title":"Visor de PDF: incrustar extensi\u00f3n PDF en el sitio web Joomla (2025)","og_description":"Es f\u00e1cil crear su extensi\u00f3n de visor de PDF responsivo e incrustarla en su sitio web Joomla. El servicio de atenci\u00f3n al cliente de Elfsight es gratuito y gratuito.","og_url":"https:\/\/elfsight.com\/es\/pdf-embed-widget\/joomla\/","og_site_name":"Elfsight ES","article_modified_time":"2025-02-06T15:55:23+00:00","twitter_card":"summary_large_image","twitter_misc":{"Tiempo de lectura":"3 minutos"},"schema":{"@context":"https:\/\/schema.org","@graph":[{"@type":"WebPage","@id":"https:\/\/elfsight.com\/es\/pdf-embed-widget\/joomla\/","url":"https:\/\/elfsight.com\/es\/pdf-embed-widget\/joomla\/","name":"Visor de PDF: incrustar extensi\u00f3n PDF en el sitio web Joomla (2025)","isPartOf":{"@id":"https:\/\/elfsight.com\/es\/#website"},"datePublished":"1970-01-01T00:00:00+00:00","dateModified":"2025-02-06T15:55:23+00:00","description":"Es f\u00e1cil crear su extensi\u00f3n de visor de PDF responsivo e incrustarla en su sitio web Joomla. El servicio de atenci\u00f3n al cliente de Elfsight es gratuito y gratuito.","breadcrumb":{"@id":"https:\/\/elfsight.com\/es\/pdf-embed-widget\/joomla\/#breadcrumb"},"inLanguage":"es","potentialAction":[{"@type":"ReadAction","target":["https:\/\/elfsight.com\/es\/pdf-embed-widget\/joomla\/"]}]},{"@type":"BreadcrumbList","@id":"https:\/\/elfsight.com\/es\/pdf-embed-widget\/joomla\/#breadcrumb","itemListElement":[{"@type":"ListItem","position":1,"name":"Home","item":"https:\/\/elfsight.com\/es\/"},{"@type":"ListItem","position":2,"name":"PDF Embed","item":"https:\/\/elfsight.com\/es\/pdf-embed-widget\/"},{"@type":"ListItem","position":3,"name":"PDF Embed &#8211; Joomla"}]},{"@type":"WebSite","@id":"https:\/\/elfsight.com\/es\/#website","url":"https:\/\/elfsight.com\/es\/","name":"Elfsight ES","description":"Just another Elfsight Sites site","potentialAction":[{"@type":"SearchAction","target":{"@type":"EntryPoint","urlTemplate":"https:\/\/elfsight.com\/es\/?s={search_term_string}"},"query-input":{"@type":"PropertyValueSpecification","valueRequired":true,"valueName":"search_term_string"}}],"inLanguage":"es"}]}},"meta_box":{"industry":"","seo_heading":"","heading":"","description":"","cta_heading":"","cta_description":"","application":"1156","h1":"Extensi\u00f3n para insertar PDF en Joomla","h1_caption":"Incruste documentos PDF en su sitio web para verlos y descargarlos f\u00e1cilmente sin redirigir a los visitantes a su sitio web Joomla sin esfuerzo.","application_category":[],"applications_title":"","applications_request_title":"","applications_request_button_text":"","hero_text":"","hero_video":"","hero_video_schema_markup":"","selling_points_title":"","selling_points_caption":"","selling_points":[],"selling_points_cta_text":"","features_title":"","features":"","ed_cta_examples_text":"","ed_cta_examples_hidden":"","ed_cta_demo_text":"","ed_cta_demo_hidden":"","why_caption":"","why_editor_title":"","why_editor_text":"","why_team_title":"","why_team_text":"","why_service_title":"","why_service_text":"","template_catalog_visible":"","template_catalog_title":"","template_catalog_text":"","template_catalog_categories_visible":"","demo_title":"Crea tu complemento de inserci\u00f3n de PDF","demo_caption":"\u00a1Configure su PDF Embed y agr\u00e9guelo a su sitio web Joomla gratis!","default_faq_hidden":"","app_template_category":[],"platform":"73","template_public_id":"","codecanyon_url":"","codecanyon_item_id":"","codecanyon_price":"","pricing_caption":"","pricing_elfsight_apps_hide_column":"","pricing_elfsight_apps_url":"","pricing_codecanyon_price_caption":"","integration_category":[],"integration_request_title":"","integration_request_cta":"","integration_platform":"","integrations":[],"platform_category":[],"video_schema_markup":"","price":"desde $0 \/ mes","trial":"","benefits":[{"text":"Ayuda de instalaci\u00f3n gratuita"},{"text":"Servicio al cliente eficaz"},{"text":"Garant\u00eda de reembolso de 14 d\u00edas"},{"text":"Actualizando constantemente"}],"button_url":"#demo","button_target_blank":"","button_nofollow":"","attributes":[{"name":"Instalaciones","content":"10,000 - 100,000"},{"name":"Sensible","content":"S\u00ed"},{"name":"Navegadores compatibles","content":"IE11, Firefox, Safari, Opera, Chrome, Edge"}],"tags":[],"tags_disable_links":"","hide_more_platforms":"","video_object":"","demo_hide_cta":"","demo_hide_cloud_options":"","pricing_title":"","pricing":[{"pricing_icon":"platform","pricing_title":"Elfsight Apps","pricing_title_caption":"Soluci\u00f3n digital multiplataforma que funciona en cualquier sitio web","pricing_price":"desde $0 \/ mes","pricing_price_caption":"comienza con el plan gratuito","pricing_benefits":[{"text":"Dominios ilimitados"},{"text":"Soporte 24 horas al d\u00eda, 7 d\u00edas a la semana, puntual y bien documentado."},{"text":"Servicio de instalaci\u00f3n gratuito"},{"text":"Oferta por tiempo limitado para m\u00faltiples aplicaciones"}],"pricing_button_text":"A\u00f1adir al sitio web","pricing_button_url":"#demo"}],"related_apps_title":"","related_apps_hidden":"","author":"","image":[],"title":"","job":"","social_networks":[]},"_links":{"self":[{"href":"https:\/\/elfsight.com\/es\/wp-json\/wp\/v2\/pages\/7444","targetHints":{"allow":["GET"]}}],"collection":[{"href":"https:\/\/elfsight.com\/es\/wp-json\/wp\/v2\/pages"}],"about":[{"href":"https:\/\/elfsight.com\/es\/wp-json\/wp\/v2\/types\/page"}],"author":[{"embeddable":true,"href":"https:\/\/elfsight.com\/es\/wp-json\/wp\/v2\/users\/9"}],"replies":[{"embeddable":true,"href":"https:\/\/elfsight.com\/es\/wp-json\/wp\/v2\/comments?post=7444"}],"version-history":[{"count":2,"href":"https:\/\/elfsight.com\/es\/wp-json\/wp\/v2\/pages\/7444\/revisions"}],"predecessor-version":[{"id":18931,"href":"https:\/\/elfsight.com\/es\/wp-json\/wp\/v2\/pages\/7444\/revisions\/18931"}],"up":[{"embeddable":true,"href":"https:\/\/elfsight.com\/es\/wp-json\/wp\/v2\/pages\/1157"}],"wp:attachment":[{"href":"https:\/\/elfsight.com\/es\/wp-json\/wp\/v2\/media?parent=7444"}],"curies":[{"name":"wp","href":"https:\/\/api.w.org\/{rel}","templated":true}]}}