{"id":7437,"date":"1970-01-01T00:00:00","date_gmt":"1970-01-01T00:00:00","guid":{"rendered":"https:\/\/elfsight.com\/es\/?page_id=7437"},"modified":"2025-02-06T15:55:23","modified_gmt":"2025-02-06T15:55:23","slug":"html","status":"publish","type":"page","link":"https:\/\/elfsight.com\/es\/pdf-embed-widget\/html\/","title":{"rendered":"PDF Embed &#8211; HTML"},"content":{"rendered":"<div class=\"application-platform-content-item-description application-platform-content-item\" id=\"description\" data-nav-section=\"description\"> <h2>Descripci\u00f3n<\/h2> <p>Mediante el complemento PDF de Elfsight, pruebe la incrustaci\u00f3n m\u00e1s sencilla y r\u00e1pida de numerosos documentos PDF en el sitio web. Para mayor facilidad de uso, los documentos se pueden insertar carg\u00e1ndolos, ingresando las URL o eligi\u00e9ndolos de la lista de los \u00faltimos cargados. Las funciones le permiten darle un t\u00edtulo a cada documento, cargar un \u00edcono o imagen, elegir el dise\u00f1o de los archivos y mucho m\u00e1s. Su audiencia puede leer los archivos directamente en su sitio, abrirlos en una nueva pesta\u00f1a del navegador y descargarlos.<\/p><div class=\"faq\" data-component=\"FAQ\"> <div class=\"faq-item\">\r\n\t\t\t\t\t<div class=\"faq-item-question\">\r\n\t\t\t\t\t\t<h3 class=\"faq-item-question-text\">\u00bfD\u00f3nde en mi sitio puedo publicar este complemento?<\/h3>\r\n\r\n\t\t\t\t\t\t<div class=\"faq-item-question-icon\"><\/div>\r\n\t\t\t\t\t<\/div>\r\n\r\n\t\t\t\t\t<div class=\"faq-item-answer\">\r\n\t\t\t\t\t\t<div class=\"faq-item-answer-text\"> <p>Puede agregar un archivo PDF a cualquiera o a todas las p\u00e1ginas HTML del sitio. Por ejemplo, puede cargar la documentaci\u00f3n o las especificaciones de su producto en las p\u00e1ginas correspondientes del producto, o publicar sus diplomas y calificaciones en la p\u00e1gina Acerca de nosotros.<\/p> <\/div>\r\n\t\t\t\t\t<\/div>\r\n\t\t\t\t<\/div> <div class=\"faq-item\">\r\n\t\t\t\t\t<div class=\"faq-item-question\">\r\n\t\t\t\t\t\t<h3 class=\"faq-item-question-text\">\u00bfC\u00f3mo puedo beneficiarme de PDF Reader?<\/h3>\r\n\r\n\t\t\t\t\t\t<div class=\"faq-item-question-icon\"><\/div>\r\n\t\t\t\t\t<\/div>\r\n\r\n\t\t\t\t\t<div class=\"faq-item-answer\">\r\n\t\t\t\t\t\t<div class=\"faq-item-answer-text\"> <p>Este widget puede ahorrarle mucho tiempo, ya que con su ayuda, pegar materiales en su sitio web le llevar\u00e1 s\u00f3lo unos segundos. Adem\u00e1s, puede ofrecer mucha informaci\u00f3n valiosa sobre sus art\u00edculos y servicios y aumentar el conocimiento de los clientes sobre sus art\u00edculos.<\/p><\/div>\r\n\t\t\t\t\t<\/div>\r\n\t\t\t\t<\/div> <div class=\"faq-item\">\r\n\t\t\t\t\t<div class=\"faq-item-question\">\r\n\t\t\t\t\t\t<h3 class=\"faq-item-question-text\">\u00bfC\u00f3mo incrusto el c\u00f3digo del Visor de PDF en mi sitio web HTML?<\/h3>\r\n\r\n\t\t\t\t\t\t<div class=\"faq-item-question-icon\"><\/div>\r\n\t\t\t\t\t<\/div>\r\n\r\n\t\t\t\t\t<div class=\"faq-item-answer\">\r\n\t\t\t\t\t\t<div class=\"faq-item-answer-text\"> <p>Solo lleva dos minutos configurar el widget. Es s\u00faper r\u00e1pido, gratuito y sin codificaci\u00f3n.<\/p> <p>Puedes introducir PDF Embed en tu sitio web con nuestro servicio. Para ello, consulte la gu\u00eda que aparece a continuaci\u00f3n en esta p\u00e1gina.<\/p> <\/div>\r\n\t\t\t\t\t<\/div>\r\n\t\t\t\t<\/div> <\/div> <\/div><div class=\"application-platform-content-item-features application-platform-content-item\" id=\"features\" data-nav-section=\"features\"> <h2>Caracter\u00edsticas<\/h2> <p>Para formar un conocimiento m\u00e1s claro del widget, consulte la lista de sus caracter\u00edsticas esenciales. Hacen que el widget sea m\u00e1s efectivo para su negocio:<\/p> <ul><li>Pegue cualquier cantidad de documentos;<\/li> <li>Opci\u00f3n de dise\u00f1o del Visor de archivos para ver archivos en la p\u00e1gina;<\/li> <li>Cargar im\u00e1genes para iconos de archivos y vistas previas;<\/li> <li>Mostrar u ocultar la etiqueta de descarga del archivo;<\/li> <li> Pintar 6 elementos de la interfaz;<\/li> <\/ul><p><a href=\"#demo\">Ver todas las funciones en vivo demostraci\u00f3n<\/a><\/p> <\/div><div class=\"application-platform-content-item-installation application-platform-content-item\" id=\"installation\" data-nav-section=\"installation\"> <h2>C\u00f3mo incrustar el complemento PDF Viewer en su sitio web HTML<\/h2> <div class=\"video-container\"><iframe width=\"720\" height=\"405\" src=\"https:\/\/www.youtube.com\/embed\/LBZSDc5t8LA\" frameborder=\"0\"><\/iframe><\/div><p>Un par de pasos r\u00e1pidos se describen a continuaci\u00f3n y la identificaci\u00f3n del widget en su sitio.<\/p> <ol><li><b>Construya su complemento PDF personalizado<\/b><br> Mediante nuestra <a href=\"#demo\">demostraci\u00f3n gratuita<\/a>, cree un widget con una interfaz personalizada y configure la funcionalidad.<\/li><li><b>Reciba el c\u00f3digo personal para mostrar el complemento<\/b><br> Despu\u00e9s de haber creado su widget, adquirir\u00e1 su c\u00f3digo personal en la ventana emergente de Elfsight Apps. C\u00f3pielo para su uso posterior.<\/li> <li><b>Agregue el complemento de archivo PDF en su sitio web HTML<\/b><br> Elija el \u00e1rea a la que desea agregar el widget e inserte el c\u00f3digo copiado all\u00ed. Publica los resultados.<\/li> <li><b>\u00a1La inserci\u00f3n fue exitosa!<\/b><br> Ingresa al sitio para ver tu trabajo.<\/li> <\/ol><p>\u00bfA\u00fan no est\u00e1s seguro? \u00bfO tener problemas? Una sola solicitud a nuestro servicio de atenci\u00f3n al cliente resolver\u00e1 todos los problemas.<\/p> <\/div>","protected":false},"excerpt":{"rendered":"","protected":false},"author":9,"featured_media":0,"parent":1157,"menu_order":0,"comment_status":"closed","ping_status":"closed","template":"templates\/template-application-platform.php","meta":{"publish_to_discourse":"","publish_post_category":"","wpdc_auto_publish_overridden":"","wpdc_topic_tags":"","wpdc_pin_topic":"","wpdc_pin_until":"","discourse_post_id":"","discourse_permalink":"","wpdc_publishing_response":"","wpdc_publishing_error":"","footnotes":""},"class_list":["post-7437","page","type-page","status-publish","hentry"],"yoast_head":"<!-- This site is optimized with the Yoast SEO plugin v25.3.1 - https:\/\/yoast.com\/wordpress\/plugins\/seo\/ -->\n<title>Visor de PDF: incruste el c\u00f3digo del complemento PDF en el sitio web HTML (2025)<\/title>\n<meta name=\"description\" content=\"Es f\u00e1cil dise\u00f1ar su complemento Visor de PDF responsivo e incrustar su c\u00f3digo en su sitio web HTML. La atenci\u00f3n al cliente de Elfsight es gratuita y r\u00e1pida.\" \/>\n<meta name=\"robots\" content=\"index, follow, max-snippet:-1, max-image-preview:large, max-video-preview:-1\" \/>\n<link rel=\"canonical\" href=\"https:\/\/elfsight.com\/es\/pdf-embed-widget\/html\/\" \/>\n<meta property=\"og:locale\" content=\"es_ES\" \/>\n<meta property=\"og:type\" content=\"article\" \/>\n<meta property=\"og:title\" content=\"Visor de PDF: incruste el c\u00f3digo del complemento PDF en el sitio web HTML (2025)\" \/>\n<meta property=\"og:description\" content=\"Es f\u00e1cil dise\u00f1ar su complemento Visor de PDF responsivo e incrustar su c\u00f3digo en su sitio web HTML. La atenci\u00f3n al cliente de Elfsight es gratuita y r\u00e1pida.\" \/>\n<meta property=\"og:url\" content=\"https:\/\/elfsight.com\/es\/pdf-embed-widget\/html\/\" \/>\n<meta property=\"og:site_name\" content=\"Elfsight ES\" \/>\n<meta property=\"article:modified_time\" content=\"2025-02-06T15:55:23+00:00\" \/>\n<meta name=\"twitter:card\" content=\"summary_large_image\" \/>\n<meta name=\"twitter:label1\" content=\"Tiempo de lectura\" \/>\n\t<meta name=\"twitter:data1\" content=\"3 minutos\" \/>\n<!-- \/ Yoast SEO plugin. -->","yoast_head_json":{"title":"Visor de PDF: incruste el c\u00f3digo del complemento PDF en el sitio web HTML (2025)","description":"Es f\u00e1cil dise\u00f1ar su complemento Visor de PDF responsivo e incrustar su c\u00f3digo en su sitio web HTML. La atenci\u00f3n al cliente de Elfsight es gratuita y r\u00e1pida.","robots":{"index":"index","follow":"follow","max-snippet":"max-snippet:-1","max-image-preview":"max-image-preview:large","max-video-preview":"max-video-preview:-1"},"canonical":"https:\/\/elfsight.com\/es\/pdf-embed-widget\/html\/","og_locale":"es_ES","og_type":"article","og_title":"Visor de PDF: incruste el c\u00f3digo del complemento PDF en el sitio web HTML (2025)","og_description":"Es f\u00e1cil dise\u00f1ar su complemento Visor de PDF responsivo e incrustar su c\u00f3digo en su sitio web HTML. La atenci\u00f3n al cliente de Elfsight es gratuita y r\u00e1pida.","og_url":"https:\/\/elfsight.com\/es\/pdf-embed-widget\/html\/","og_site_name":"Elfsight ES","article_modified_time":"2025-02-06T15:55:23+00:00","twitter_card":"summary_large_image","twitter_misc":{"Tiempo de lectura":"3 minutos"},"schema":{"@context":"https:\/\/schema.org","@graph":[{"@type":"WebPage","@id":"https:\/\/elfsight.com\/es\/pdf-embed-widget\/html\/","url":"https:\/\/elfsight.com\/es\/pdf-embed-widget\/html\/","name":"Visor de PDF: incruste el c\u00f3digo del complemento PDF en el sitio web HTML (2025)","isPartOf":{"@id":"https:\/\/elfsight.com\/es\/#website"},"datePublished":"1970-01-01T00:00:00+00:00","dateModified":"2025-02-06T15:55:23+00:00","description":"Es f\u00e1cil dise\u00f1ar su complemento Visor de PDF responsivo e incrustar su c\u00f3digo en su sitio web HTML. La atenci\u00f3n al cliente de Elfsight es gratuita y r\u00e1pida.","breadcrumb":{"@id":"https:\/\/elfsight.com\/es\/pdf-embed-widget\/html\/#breadcrumb"},"inLanguage":"es","potentialAction":[{"@type":"ReadAction","target":["https:\/\/elfsight.com\/es\/pdf-embed-widget\/html\/"]}]},{"@type":"BreadcrumbList","@id":"https:\/\/elfsight.com\/es\/pdf-embed-widget\/html\/#breadcrumb","itemListElement":[{"@type":"ListItem","position":1,"name":"Home","item":"https:\/\/elfsight.com\/es\/"},{"@type":"ListItem","position":2,"name":"PDF Embed","item":"https:\/\/elfsight.com\/es\/pdf-embed-widget\/"},{"@type":"ListItem","position":3,"name":"PDF Embed &#8211; HTML"}]},{"@type":"WebSite","@id":"https:\/\/elfsight.com\/es\/#website","url":"https:\/\/elfsight.com\/es\/","name":"Elfsight ES","description":"Just another Elfsight Sites site","potentialAction":[{"@type":"SearchAction","target":{"@type":"EntryPoint","urlTemplate":"https:\/\/elfsight.com\/es\/?s={search_term_string}"},"query-input":{"@type":"PropertyValueSpecification","valueRequired":true,"valueName":"search_term_string"}}],"inLanguage":"es"}]}},"meta_box":{"industry":"","seo_heading":"","heading":"","description":"","cta_heading":"","cta_description":"","application":"1156","h1":"Complemento de visor de PDF HTML","h1_caption":"Incruste documentos PDF en su sitio web para verlos y descargarlos f\u00e1cilmente sin redirigir a los visitantes a su sitio web HTML sin esfuerzo.","application_category":[],"applications_title":"","applications_request_title":"","applications_request_button_text":"","hero_text":"","hero_video":"","hero_video_schema_markup":"","selling_points_title":"","selling_points_caption":"","selling_points":[],"selling_points_cta_text":"","features_title":"","features":"","ed_cta_examples_text":"","ed_cta_examples_hidden":"","ed_cta_demo_text":"","ed_cta_demo_hidden":"","why_caption":"","why_editor_title":"","why_editor_text":"","why_team_title":"","why_team_text":"","why_service_title":"","why_service_text":"","template_catalog_visible":"","template_catalog_title":"","template_catalog_text":"","template_catalog_categories_visible":"","demo_title":"Crea tu widget de inserci\u00f3n de PDF","demo_caption":"\u00a1Configure su PDF Insert y agr\u00e9guelo a su sitio web HTML de forma gratuita!","default_faq_hidden":"","app_template_category":[],"platform":"70","template_public_id":"","codecanyon_url":"","codecanyon_item_id":"","codecanyon_price":"","pricing_caption":"","pricing_elfsight_apps_hide_column":"","pricing_elfsight_apps_url":"","pricing_codecanyon_price_caption":"","integration_category":[],"integration_request_title":"","integration_request_cta":"","integration_platform":"","integrations":[],"platform_category":[],"video_schema_markup":"","price":"desde $0 \/ mes","trial":"","benefits":[{"text":"Asistencia de instalaci\u00f3n gratuita"},{"text":"Atenci\u00f3n al cliente experimentada"},{"text":"Garant\u00eda de reembolso de 14 d\u00edas"},{"text":"Mejoras continuas"}],"button_url":"#demo","button_target_blank":"","button_nofollow":"","attributes":[{"name":"Instalaciones","content":"10,000 - 100,000"},{"name":"Sensible","content":"S\u00ed"},{"name":"Navegadores compatibles","content":"Firefox, Safari, Opera, Chrome, Edge"}],"tags":[],"tags_disable_links":"","hide_more_platforms":"","video_object":"","demo_hide_cta":"","demo_hide_cloud_options":"","pricing_title":"","pricing":[{"pricing_icon":"platform","pricing_title":"Elfsight Apps","pricing_title_caption":"Versi\u00f3n independiente de la plataforma que funciona en cualquier sitio web","pricing_price":"desde $0 \/ mes","pricing_price_caption":"comienza con el plan gratuito","pricing_benefits":[{"text":"Sitios web ilimitados"},{"text":"Soporte profesional"},{"text":"Servicio de instalaci\u00f3n gratuito"},{"text":"Precio especial para m\u00faltiples aplicaciones"}],"pricing_button_text":"A\u00f1adir al sitio web","pricing_button_url":"#demo"}],"related_apps_title":"","related_apps_hidden":"","author":"","image":[],"title":"","job":"","social_networks":[]},"_links":{"self":[{"href":"https:\/\/elfsight.com\/es\/wp-json\/wp\/v2\/pages\/7437","targetHints":{"allow":["GET"]}}],"collection":[{"href":"https:\/\/elfsight.com\/es\/wp-json\/wp\/v2\/pages"}],"about":[{"href":"https:\/\/elfsight.com\/es\/wp-json\/wp\/v2\/types\/page"}],"author":[{"embeddable":true,"href":"https:\/\/elfsight.com\/es\/wp-json\/wp\/v2\/users\/9"}],"replies":[{"embeddable":true,"href":"https:\/\/elfsight.com\/es\/wp-json\/wp\/v2\/comments?post=7437"}],"version-history":[{"count":2,"href":"https:\/\/elfsight.com\/es\/wp-json\/wp\/v2\/pages\/7437\/revisions"}],"predecessor-version":[{"id":18934,"href":"https:\/\/elfsight.com\/es\/wp-json\/wp\/v2\/pages\/7437\/revisions\/18934"}],"up":[{"embeddable":true,"href":"https:\/\/elfsight.com\/es\/wp-json\/wp\/v2\/pages\/1157"}],"wp:attachment":[{"href":"https:\/\/elfsight.com\/es\/wp-json\/wp\/v2\/media?parent=7437"}],"curies":[{"name":"wp","href":"https:\/\/api.w.org\/{rel}","templated":true}]}}