{"id":7428,"date":"1970-01-01T00:00:00","date_gmt":"1970-01-01T00:00:00","guid":{"rendered":"https:\/\/elfsight.com\/es\/?page_id=7428"},"modified":"2025-02-06T15:56:06","modified_gmt":"2025-02-06T15:56:06","slug":"drupal","status":"publish","type":"page","link":"https:\/\/elfsight.com\/es\/pdf-embed-widget\/drupal\/","title":{"rendered":"PDF Embed &#8211; Drupal"},"content":{"rendered":"<div class=\"application-platform-content-item-description application-platform-content-item\" id=\"description\" data-nav-section=\"description\"> <h2>Descripci\u00f3n<\/h2> <p>Gracias al m\u00f3dulo PDF de Elfsight, disfrute de la inserci\u00f3n m\u00e1s sencilla y r\u00e1pida de numerosos archivos PDF en su sitio web. Para facilitar su uso, los documentos se pueden pegar simplemente carg\u00e1ndolos, por las URL o seleccion\u00e1ndolos de la lista de los cargados recientemente. Las funciones le permiten darle a cada documento su propio nombre, cargar su propio \u00edcono e imagen, elegir una variante de dise\u00f1o y m\u00e1s. La audiencia del sitio puede estudiar los documentos directamente en su sitio, verlos en una nueva pesta\u00f1a del navegador y descargarlos. <\/p> <div class=\"faq\" data-component=\"FAQ\"> <div class=\"faq-item\">\r\n\t\t\t\t\t<div class=\"faq-item-question\">\r\n\t\t\t\t\t\t<h3 class=\"faq-item-question-text\">\u00bfD\u00f3nde puedo insertarlo en mi sitio?<\/h3>\r\n\r\n\t\t\t\t\t\t<div class=\"faq-item-question-icon\"><\/div>\r\n\t\t\t\t\t<\/div>\r\n\r\n\t\t\t\t\t<div class=\"faq-item-answer\">\r\n\t\t\t\t\t\t<div class=\"faq-item-answer-text\"> <p>Puedes aplicar File Embed en cualquiera o en todas las p\u00e1ginas de tu sitio web. Por lo tanto, le ayudar\u00e1 a insertar su documentaci\u00f3n o directrices tecnol\u00f3gicas en las p\u00e1ginas de productos correspondientes y a publicar sus diplomas y cualificaciones en la p\u00e1gina de destino. <\/p> <\/div>\r\n\t\t\t\t\t<\/div>\r\n\t\t\t\t<\/div> <div class=\"faq-item\">\r\n\t\t\t\t\t<div class=\"faq-item-question\">\r\n\t\t\t\t\t\t<h3 class=\"faq-item-question-text\">\u00bfC\u00f3mo me beneficio de PDF Reader?<\/h3>\r\n\r\n\t\t\t\t\t\t<div class=\"faq-item-question-icon\"><\/div>\r\n\t\t\t\t\t<\/div>\r\n\r\n\t\t\t\t\t<div class=\"faq-item-answer\">\r\n\t\t\t\t\t\t<div class=\"faq-item-answer-text\"> <p>Este widget le ahorrar\u00e1 una gran cantidad de tiempo, porque con \u00e9l, agregar materiales a su sitio web es cuesti\u00f3n de segundos. M\u00e1s a\u00fan, podr\u00e1 presentar mucha informaci\u00f3n significativa sobre sus productos y servicios y mejorar el conocimiento de sus ofertas por parte de los clientes. <\/p> <\/div>\r\n\t\t\t\t\t<\/div>\r\n\t\t\t\t<\/div> <div class=\"faq-item\">\r\n\t\t\t\t\t<div class=\"faq-item-question\">\r\n\t\t\t\t\t\t<h3 class=\"faq-item-question-text\">\u00bfC\u00f3mo agrego PDF Embed a mi sitio web Drupal?<\/h3>\r\n\r\n\t\t\t\t\t\t<div class=\"faq-item-question-icon\"><\/div>\r\n\t\t\t\t\t<\/div>\r\n\r\n\t\t\t\t\t<div class=\"faq-item-answer\">\r\n\t\t\t\t\t\t<div class=\"faq-item-answer-text\"> <p>Solo te llevar\u00e1 un minuto de tu tiempo tener el widget en funcionamiento. La integraci\u00f3n es extremadamente r\u00e1pida, gratuita y sin codificaci\u00f3n. <\/p> <p>El widget se puede integrar directamente a trav\u00e9s de nuestro servicio o del mercado. Aqu\u00ed podr\u00e1s ver m\u00e1s informaci\u00f3n sobre las dos variantes y decidir cu\u00e1l es la tuya. <\/p> <\/div>\r\n\t\t\t\t\t<\/div>\r\n\t\t\t\t<\/div> <\/div> <\/div><div class=\"application-platform-content-item-features application-platform-content-item\" id=\"features\" data-nav-section=\"features\"> <h2>Caracter\u00edsticas<\/h2> <p>Para tener una idea m\u00e1s clara del m\u00f3dulo PDF Reader, examine la lista de sus caracter\u00edsticas principales. Hacen que nuestro widget sea realmente eficiente para usted: <\/p> <ul><li>Mostrar documentos ilimitados;<\/li> <li>Opci\u00f3n de dise\u00f1o del Visor de archivos para ver documentos en el sitio;<\/li> <li>La opci\u00f3n de cargar im\u00e1genes para iconos de documentos y vistas previas; <\/li> <li>Mostrar u ocultar texto de descarga;<\/li> <li>6 detalles coloreables de la interfaz;<\/li> <\/ul><p><a href=\"#demo\">Para descubrir una lista completa de funciones, vea nuestra demostraci\u00f3n en vivo<\/a><\/p><\/div><div class=\"application-platform-content-item-installation application-platform-content-item\" id=\"installation\" data-nav-section=\"installation\"> <h2>Compruebe c\u00f3mo insertar el visor de PDF en su Drupal page<\/h2> <p>Las siguientes acciones son lo \u00fanico que necesita hacer. <\/p> <ol><li><b>Utilice nuestra demostraci\u00f3n gratuita y comience a crear su m\u00f3dulo personalizado. <\/b><br> Elija la forma y especificaciones preferibles del m\u00f3dulo y aplique todas las correcciones. <\/li> <li><b>Reciba su c\u00f3digo \u00fanico que se muestra en el formulario especial en Elfsight Apps. <\/b><br> Tan pronto como finalice la personalizaci\u00f3n de su m\u00f3dulo personal, copie su c\u00f3digo de la ventana que aparece y gu\u00e1rdelo para futuras ocasiones. <\/li> <li><b>Comience a utilizar el m\u00f3dulo en la p\u00e1gina web de Drupal. <\/b><br>Coloca el c\u00f3digo guardado recientemente en tu p\u00e1gina web y aplica los ajustes. <\/li> <li><b>La configuraci\u00f3n est\u00e1 completamente realizada. <\/b><br> Vaya a su p\u00e1gina web para ver c\u00f3mo se ejecuta el m\u00f3dulo. <\/li><\/ol><p>\u00bfA\u00fan dudas de algo? \u00bfO experimentando problemas? Simplemente env\u00ede su solicitud a nuestro equipo de atenci\u00f3n al cliente, ellos resolver\u00e1n cualquier problema. <\/p> <\/div>","protected":false},"excerpt":{"rendered":"","protected":false},"author":9,"featured_media":0,"parent":1157,"menu_order":0,"comment_status":"closed","ping_status":"closed","template":"templates\/template-application-platform.php","meta":{"publish_to_discourse":"","publish_post_category":"","wpdc_auto_publish_overridden":"","wpdc_topic_tags":"","wpdc_pin_topic":"","wpdc_pin_until":"","discourse_post_id":"","discourse_permalink":"","wpdc_publishing_response":"","wpdc_publishing_error":"","footnotes":""},"class_list":["post-7428","page","type-page","status-publish","hentry"],"yoast_head":"<!-- This site is optimized with the Yoast SEO plugin v25.3.1 - https:\/\/yoast.com\/wordpress\/plugins\/seo\/ -->\n<title>Visor de PDF: incruste el m\u00f3dulo PDF en el sitio web de Drupal (gratis y r\u00e1pido)<\/title>\n<meta name=\"description\" content=\"Es muy f\u00e1cil crear su m\u00f3dulo Visor de PDF responsivo e incrustarlo en su sitio web Drupal. La atenci\u00f3n al cliente de Elfsight es gratuita y r\u00e1pida.\" \/>\n<meta name=\"robots\" content=\"index, follow, max-snippet:-1, max-image-preview:large, max-video-preview:-1\" \/>\n<link rel=\"canonical\" href=\"https:\/\/elfsight.com\/es\/pdf-embed-widget\/drupal\/\" \/>\n<meta property=\"og:locale\" content=\"es_ES\" \/>\n<meta property=\"og:type\" content=\"article\" \/>\n<meta property=\"og:title\" content=\"Visor de PDF: incruste el m\u00f3dulo PDF en el sitio web de Drupal (gratis y r\u00e1pido)\" \/>\n<meta property=\"og:description\" content=\"Es muy f\u00e1cil crear su m\u00f3dulo Visor de PDF responsivo e incrustarlo en su sitio web Drupal. La atenci\u00f3n al cliente de Elfsight es gratuita y r\u00e1pida.\" \/>\n<meta property=\"og:url\" content=\"https:\/\/elfsight.com\/es\/pdf-embed-widget\/drupal\/\" \/>\n<meta property=\"og:site_name\" content=\"Elfsight ES\" \/>\n<meta property=\"article:modified_time\" content=\"2025-02-06T15:56:06+00:00\" \/>\n<meta name=\"twitter:card\" content=\"summary_large_image\" \/>\n<meta name=\"twitter:label1\" content=\"Tiempo de lectura\" \/>\n\t<meta name=\"twitter:data1\" content=\"3 minutos\" \/>\n<!-- \/ Yoast SEO plugin. -->","yoast_head_json":{"title":"Visor de PDF: incruste el m\u00f3dulo PDF en el sitio web de Drupal (gratis y r\u00e1pido)","description":"Es muy f\u00e1cil crear su m\u00f3dulo Visor de PDF responsivo e incrustarlo en su sitio web Drupal. La atenci\u00f3n al cliente de Elfsight es gratuita y r\u00e1pida.","robots":{"index":"index","follow":"follow","max-snippet":"max-snippet:-1","max-image-preview":"max-image-preview:large","max-video-preview":"max-video-preview:-1"},"canonical":"https:\/\/elfsight.com\/es\/pdf-embed-widget\/drupal\/","og_locale":"es_ES","og_type":"article","og_title":"Visor de PDF: incruste el m\u00f3dulo PDF en el sitio web de Drupal (gratis y r\u00e1pido)","og_description":"Es muy f\u00e1cil crear su m\u00f3dulo Visor de PDF responsivo e incrustarlo en su sitio web Drupal. La atenci\u00f3n al cliente de Elfsight es gratuita y r\u00e1pida.","og_url":"https:\/\/elfsight.com\/es\/pdf-embed-widget\/drupal\/","og_site_name":"Elfsight ES","article_modified_time":"2025-02-06T15:56:06+00:00","twitter_card":"summary_large_image","twitter_misc":{"Tiempo de lectura":"3 minutos"},"schema":{"@context":"https:\/\/schema.org","@graph":[{"@type":"WebPage","@id":"https:\/\/elfsight.com\/es\/pdf-embed-widget\/drupal\/","url":"https:\/\/elfsight.com\/es\/pdf-embed-widget\/drupal\/","name":"Visor de PDF: incruste el m\u00f3dulo PDF en el sitio web de Drupal (gratis y r\u00e1pido)","isPartOf":{"@id":"https:\/\/elfsight.com\/es\/#website"},"datePublished":"1970-01-01T00:00:00+00:00","dateModified":"2025-02-06T15:56:06+00:00","description":"Es muy f\u00e1cil crear su m\u00f3dulo Visor de PDF responsivo e incrustarlo en su sitio web Drupal. La atenci\u00f3n al cliente de Elfsight es gratuita y r\u00e1pida.","breadcrumb":{"@id":"https:\/\/elfsight.com\/es\/pdf-embed-widget\/drupal\/#breadcrumb"},"inLanguage":"es","potentialAction":[{"@type":"ReadAction","target":["https:\/\/elfsight.com\/es\/pdf-embed-widget\/drupal\/"]}]},{"@type":"BreadcrumbList","@id":"https:\/\/elfsight.com\/es\/pdf-embed-widget\/drupal\/#breadcrumb","itemListElement":[{"@type":"ListItem","position":1,"name":"Home","item":"https:\/\/elfsight.com\/es\/"},{"@type":"ListItem","position":2,"name":"PDF Embed","item":"https:\/\/elfsight.com\/es\/pdf-embed-widget\/"},{"@type":"ListItem","position":3,"name":"PDF Embed &#8211; Drupal"}]},{"@type":"WebSite","@id":"https:\/\/elfsight.com\/es\/#website","url":"https:\/\/elfsight.com\/es\/","name":"Elfsight ES","description":"Just another Elfsight Sites site","potentialAction":[{"@type":"SearchAction","target":{"@type":"EntryPoint","urlTemplate":"https:\/\/elfsight.com\/es\/?s={search_term_string}"},"query-input":{"@type":"PropertyValueSpecification","valueRequired":true,"valueName":"search_term_string"}}],"inLanguage":"es"}]}},"meta_box":{"industry":"","seo_heading":"","heading":"","description":"","cta_heading":"","cta_description":"","application":"1156","h1":"Complemento de visor de PDF de Drupal","h1_caption":"Incruste documentos PDF en su sitio web para verlos y descargarlos f\u00e1cilmente sin redirigir a los visitantes a su sitio web Drupal sin esfuerzo.","application_category":[],"applications_title":"","applications_request_title":"","applications_request_button_text":"","hero_text":"","hero_video":"","hero_video_schema_markup":"","selling_points_title":"","selling_points_caption":"","selling_points":[],"selling_points_cta_text":"","features_title":"","features":"","ed_cta_examples_text":"","ed_cta_examples_hidden":"","ed_cta_demo_text":"","ed_cta_demo_hidden":"","why_caption":"","why_editor_title":"","why_editor_text":"","why_team_title":"","why_team_text":"","why_service_title":"","why_service_text":"","template_catalog_visible":"","template_catalog_title":"","template_catalog_text":"","template_catalog_categories_visible":"","demo_title":"Crea tu m\u00f3dulo de inserci\u00f3n de PDF","demo_caption":"\u00a1Configure su PDF Embed y agr\u00e9guelo a su sitio web Drupal de forma gratuita!","default_faq_hidden":"","app_template_category":[],"platform":"2161","template_public_id":"","codecanyon_url":"","codecanyon_item_id":"","codecanyon_price":"","pricing_caption":"","pricing_elfsight_apps_hide_column":"","pricing_elfsight_apps_url":"","pricing_codecanyon_price_caption":"","integration_category":[],"integration_request_title":"","integration_request_cta":"","integration_platform":"","integrations":[],"platform_category":[],"video_schema_markup":"","price":"desde $0 \/ mes","trial":"","benefits":[{"text":"Asistencia de instalaci\u00f3n gratuita"},{"text":"Soporte premium"},{"text":"Garant\u00eda de reembolso de 14 d\u00edas"},{"text":"Mejoras peri\u00f3dicas gratuitas"}],"button_url":"#demo","button_target_blank":"","button_nofollow":"","attributes":[{"name":"Instalaciones","content":"10,000 - 100,000"},{"name":"Sensible","content":"S\u00ed"},{"name":"Navegadores compatibles","content":"IE11, Firefox, Safari, Opera, Chrome, Edge"}],"tags":[],"tags_disable_links":"","hide_more_platforms":"","video_object":"","demo_hide_cta":"","demo_hide_cloud_options":"","pricing_title":"","pricing":[{"pricing_icon":"platform","pricing_title":"Elfsight Apps","pricing_title_caption":"Versi\u00f3n independiente de la plataforma","pricing_price":"desde $0 \/ mes","pricing_price_caption":"comienza con el plan gratuito","pricing_benefits":[{"text":"Dominios ilimitados"},{"text":"Soporte gratuito"},{"text":"Asistencia de instalaci\u00f3n gratuita"},{"text":"Oferta por tiempo limitado para m\u00faltiples aplicaciones"}],"pricing_button_text":"A\u00f1adir al sitio web","pricing_button_url":"#demo"}],"related_apps_title":"","related_apps_hidden":"","author":"","image":[],"title":"","job":"","social_networks":[]},"_links":{"self":[{"href":"https:\/\/elfsight.com\/es\/wp-json\/wp\/v2\/pages\/7428","targetHints":{"allow":["GET"]}}],"collection":[{"href":"https:\/\/elfsight.com\/es\/wp-json\/wp\/v2\/pages"}],"about":[{"href":"https:\/\/elfsight.com\/es\/wp-json\/wp\/v2\/types\/page"}],"author":[{"embeddable":true,"href":"https:\/\/elfsight.com\/es\/wp-json\/wp\/v2\/users\/9"}],"replies":[{"embeddable":true,"href":"https:\/\/elfsight.com\/es\/wp-json\/wp\/v2\/comments?post=7428"}],"version-history":[{"count":2,"href":"https:\/\/elfsight.com\/es\/wp-json\/wp\/v2\/pages\/7428\/revisions"}],"predecessor-version":[{"id":18939,"href":"https:\/\/elfsight.com\/es\/wp-json\/wp\/v2\/pages\/7428\/revisions\/18939"}],"up":[{"embeddable":true,"href":"https:\/\/elfsight.com\/es\/wp-json\/wp\/v2\/pages\/1157"}],"wp:attachment":[{"href":"https:\/\/elfsight.com\/es\/wp-json\/wp\/v2\/media?parent=7428"}],"curies":[{"name":"wp","href":"https:\/\/api.w.org\/{rel}","templated":true}]}}