{"id":7419,"date":"1970-01-01T00:00:00","date_gmt":"1970-01-01T00:00:00","guid":{"rendered":"https:\/\/elfsight.com\/es\/?page_id=7419"},"modified":"2025-02-06T15:56:28","modified_gmt":"2025-02-06T15:56:28","slug":"woocommerce","status":"publish","type":"page","link":"https:\/\/elfsight.com\/es\/paypal-button-widget-generator\/woocommerce\/","title":{"rendered":"PayPal Button &#8211; WooCommerce"},"content":{"rendered":"<div class=\"application-platform-content-item-description application-platform-content-item\" id=\"description\" data-nav-section=\"description\"><h2>Descripci\u00f3n<\/h2><p>El bot\u00f3n de pago de Elfsight proporciona una forma sencilla de permitir a sus usuarios pagar con PayPal en un sitio. Permite agregar botones para pagos \u00fanicos, suscripciones autom\u00e1ticas y donaciones. Hay opciones para introducir impuestos y precio de entrega, elegir localizaci\u00f3n y moneda, agregar llamado a la acci\u00f3n e incluso m\u00e1s opciones. Inicie un m\u00e9todo de pago sencillo y seguro para sus compradores utilizando una de las soluciones de pago de mayor reputaci\u00f3n sobre la marcha.<\/p><p><b>\u00a1Utilice todas las ventajas de PayPal para sus clientes y para usted mismo!<\/b><\/p><\/div> <div class=\"application-platform-content-item-features application-platform-content-item\" id=\"features\" data-nav-section=\"features\"><h2>La lista de las funciones principales del widget incluye:<\/h2><ul><li>Configurar la localizaci\u00f3n de su bot\u00f3n desde la lista predefinida de pa\u00edses; <\/li><li>Establezca su intervalo de facturaci\u00f3n personalizado, eligiendo el ciclo y el per\u00edodo de facturaci\u00f3n, por ejemplo, cada tres meses; <\/li><li>Tama\u00f1o adaptable para una apariencia \u00f3ptima en cualquier dispositivo; <\/li><li>Color del logotipo de PayPal: original o blanco; <\/li><li>Mostrar u ocultar el texto del logotipo de PayPal. <\/li><\/ul><p><a href=\"#demo\">Simplemente pruebe esta demostraci\u00f3n para ver cu\u00e1nto vale el widget<\/a><\/p><\/div><div class=\"application-platform-content-item-installation application-platform-content-item\" id=\"installation\" data-nav-section=\"installation\"><h2>\u00bfC\u00f3mo incorporo el bot\u00f3n de PayPal en mi p\u00e1gina web de WooCommerce?<\/h2><p>Simplemente siga los pasos que se presentan a continuaci\u00f3n para insertar el complemento.<\/p><ol><li><b>Al aplicar nuestra demostraci\u00f3n gratuita, comience a crear su propio instrumento.<\/b><br>Elija la apariencia y las opciones deseadas del complemento y guarde las modificaciones.<\/li><li><b>Adquiera su c\u00f3digo individual expuesto en la ventana de Elfsight Apps.<\/b><br>Tan pronto como finalice la personalizaci\u00f3n de su widget, copie el c\u00f3digo personal del cuadro que aparece y gu\u00e1rdelo para usarlo en el futuro.<\/li><li><b>Comience a aplicar el complemento en Sitio WooCommerce.<\/b><br>Coloque el c\u00f3digo copiado recientemente en su p\u00e1gina web y aplique las correcciones.<\/li><li><b>\u00a1Listo! La inserci\u00f3n finaliz\u00f3 exitosamente.<\/b><br>Vaya a su p\u00e1gina para observar el funcionamiento del complemento.<\/li><\/ol><p>Si encuentra alguna complicaci\u00f3n, no dude en comunicarse con nuestro equipo de soporte. Nuestros consultores estar\u00e1n encantados de resolver todas las dificultades que pueda tener con el producto.<\/p><div class=\"faq\" data-component=\"FAQ\"> <div class=\"faq-item\">\r\n\t\t\t\t\t<div class=\"faq-item-question\">\r\n\t\t\t\t\t\t<h3 class=\"faq-item-question-text\">\u00bfC\u00f3mo agregar un bot\u00f3n de PayPal a mi sitio web WooCommerce sin conocimientos de codificaci\u00f3n?<\/h3>\r\n\r\n\t\t\t\t\t\t<div class=\"faq-item-question-icon\"><\/div>\r\n\t\t\t\t\t<\/div>\r\n\r\n\t\t\t\t\t<div class=\"faq-item-answer\">\r\n\t\t\t\t\t\t<div class=\"faq-item-answer-text\"> <p>Elfsight proporciona una soluci\u00f3n SaaS que le permite crear un widget de bot\u00f3n de PayPal usted mismo. Vea lo f\u00e1cil que es el proceso: trabaje directamente en el editor en l\u00ednea para crear un widget de bot\u00f3n de PayPal que le gustar\u00eda ver en su sitio web de WooCommerce. Elija una de las plantillas predise\u00f1adas y ajuste la configuraci\u00f3n del bot\u00f3n de PayPal, agregue su contenido, cambie el dise\u00f1o y los colores sin conocimientos de codificaci\u00f3n. Guarde el bot\u00f3n de PayPal y copie su c\u00f3digo de instalaci\u00f3n, que puede insertar f\u00e1cilmente en su sitio web WooCommerce sin necesidad de comprar un plan pago. Con nuestro editor intuitivo, cualquier usuario de Internet puede crear un widget de bot\u00f3n de PayPal en l\u00ednea e incrustarlo f\u00e1cilmente en su sitio web WooCommerce. No es necesario pagar ni ingresar las credenciales de su tarjeta para acceder al servicio. Si tiene alg\u00fan problema en cualquier paso, no dude en ponerse en contacto con nuestro equipo de soporte t\u00e9cnico.<\/p> <\/div>\r\n\t\t\t\t\t<\/div>\r\n\t\t\t\t<\/div> <\/div> <\/div>","protected":false},"excerpt":{"rendered":"","protected":false},"author":9,"featured_media":0,"parent":1287,"menu_order":0,"comment_status":"closed","ping_status":"closed","template":"templates\/template-application-platform.php","meta":{"publish_to_discourse":"","publish_post_category":"","wpdc_auto_publish_overridden":"","wpdc_topic_tags":"","wpdc_pin_topic":"","wpdc_pin_until":"","discourse_post_id":"","discourse_permalink":"","wpdc_publishing_response":"","wpdc_publishing_error":"","footnotes":""},"class_list":["post-7419","page","type-page","status-publish","hentry"],"yoast_head":"<!-- This site is optimized with the Yoast SEO plugin v25.3.1 - https:\/\/yoast.com\/wordpress\/plugins\/seo\/ -->\n<title>Complemento del bot\u00f3n WooCommerce PayPal para su sitio web (2025)<\/title>\n<meta name=\"description\" content=\"Puede ajustar el complemento del bot\u00f3n de PayPal ahora mismo e introducirlo en su sitio web WooCommerce directamente desde la demostraci\u00f3n en vivo.\" \/>\n<meta name=\"robots\" content=\"index, follow, max-snippet:-1, max-image-preview:large, max-video-preview:-1\" \/>\n<link rel=\"canonical\" href=\"https:\/\/elfsight.com\/es\/paypal-button-widget-generator\/woocommerce\/\" \/>\n<meta property=\"og:locale\" content=\"es_ES\" \/>\n<meta property=\"og:type\" content=\"article\" \/>\n<meta property=\"og:title\" content=\"Complemento del bot\u00f3n WooCommerce PayPal para su sitio web (2025)\" \/>\n<meta property=\"og:description\" content=\"Puede ajustar el complemento del bot\u00f3n de PayPal ahora mismo e introducirlo en su sitio web WooCommerce directamente desde la demostraci\u00f3n en vivo.\" \/>\n<meta property=\"og:url\" content=\"https:\/\/elfsight.com\/es\/paypal-button-widget-generator\/woocommerce\/\" \/>\n<meta property=\"og:site_name\" content=\"Elfsight ES\" \/>\n<meta property=\"article:modified_time\" content=\"2025-02-06T15:56:28+00:00\" \/>\n<meta name=\"twitter:card\" content=\"summary_large_image\" \/>\n<meta name=\"twitter:label1\" content=\"Tiempo de lectura\" \/>\n\t<meta name=\"twitter:data1\" content=\"3 minutos\" \/>\n<!-- \/ Yoast SEO plugin. -->","yoast_head_json":{"title":"Complemento del bot\u00f3n WooCommerce PayPal para su sitio web (2025)","description":"Puede ajustar el complemento del bot\u00f3n de PayPal ahora mismo e introducirlo en su sitio web WooCommerce directamente desde la demostraci\u00f3n en vivo.","robots":{"index":"index","follow":"follow","max-snippet":"max-snippet:-1","max-image-preview":"max-image-preview:large","max-video-preview":"max-video-preview:-1"},"canonical":"https:\/\/elfsight.com\/es\/paypal-button-widget-generator\/woocommerce\/","og_locale":"es_ES","og_type":"article","og_title":"Complemento del bot\u00f3n WooCommerce PayPal para su sitio web (2025)","og_description":"Puede ajustar el complemento del bot\u00f3n de PayPal ahora mismo e introducirlo en su sitio web WooCommerce directamente desde la demostraci\u00f3n en vivo.","og_url":"https:\/\/elfsight.com\/es\/paypal-button-widget-generator\/woocommerce\/","og_site_name":"Elfsight ES","article_modified_time":"2025-02-06T15:56:28+00:00","twitter_card":"summary_large_image","twitter_misc":{"Tiempo de lectura":"3 minutos"},"schema":{"@context":"https:\/\/schema.org","@graph":[{"@type":"WebPage","@id":"https:\/\/elfsight.com\/es\/paypal-button-widget-generator\/woocommerce\/","url":"https:\/\/elfsight.com\/es\/paypal-button-widget-generator\/woocommerce\/","name":"Complemento del bot\u00f3n WooCommerce PayPal para su sitio web (2025)","isPartOf":{"@id":"https:\/\/elfsight.com\/es\/#website"},"datePublished":"1970-01-01T00:00:00+00:00","dateModified":"2025-02-06T15:56:28+00:00","description":"Puede ajustar el complemento del bot\u00f3n de PayPal ahora mismo e introducirlo en su sitio web WooCommerce directamente desde la demostraci\u00f3n en vivo.","breadcrumb":{"@id":"https:\/\/elfsight.com\/es\/paypal-button-widget-generator\/woocommerce\/#breadcrumb"},"inLanguage":"es","potentialAction":[{"@type":"ReadAction","target":["https:\/\/elfsight.com\/es\/paypal-button-widget-generator\/woocommerce\/"]}]},{"@type":"BreadcrumbList","@id":"https:\/\/elfsight.com\/es\/paypal-button-widget-generator\/woocommerce\/#breadcrumb","itemListElement":[{"@type":"ListItem","position":1,"name":"Home","item":"https:\/\/elfsight.com\/es\/"},{"@type":"ListItem","position":2,"name":"PayPal Button","item":"https:\/\/elfsight.com\/es\/paypal-button-widget-generator\/"},{"@type":"ListItem","position":3,"name":"PayPal Button &#8211; WooCommerce"}]},{"@type":"WebSite","@id":"https:\/\/elfsight.com\/es\/#website","url":"https:\/\/elfsight.com\/es\/","name":"Elfsight ES","description":"Just another Elfsight Sites site","potentialAction":[{"@type":"SearchAction","target":{"@type":"EntryPoint","urlTemplate":"https:\/\/elfsight.com\/es\/?s={search_term_string}"},"query-input":{"@type":"PropertyValueSpecification","valueRequired":true,"valueName":"search_term_string"}}],"inLanguage":"es"}]}},"meta_box":{"industry":"","seo_heading":"","heading":"","description":"","cta_heading":"","cta_description":"","application":"1285","h1":"Complemento del bot\u00f3n de PayPal de WooCommerce","h1_caption":"Instale uno de los instrumentos de pago m\u00e1s populares en su sitio web","application_category":[],"applications_title":"","applications_request_title":"","applications_request_button_text":"","hero_text":"","hero_video":"","hero_video_schema_markup":"","selling_points_title":"","selling_points_caption":"","selling_points":[],"selling_points_cta_text":"","features_title":"","features":"","ed_cta_examples_text":"","ed_cta_examples_hidden":"","ed_cta_demo_text":"","ed_cta_demo_hidden":"","why_caption":"","why_editor_title":"","why_editor_text":"","why_team_title":"","why_team_text":"","why_service_title":"","why_service_text":"","template_catalog_visible":"","template_catalog_title":"","template_catalog_text":"","template_catalog_categories_visible":"","demo_title":"Crea tu aplicaci\u00f3n de bot\u00f3n de PayPal","demo_caption":"\u00a1Configure su bot\u00f3n PayPal y agr\u00e9guelo a su sitio web WooCommerce gratis!","default_faq_hidden":"","app_template_category":[],"platform":"2311","template_public_id":"","codecanyon_url":"","codecanyon_item_id":"","codecanyon_price":"","pricing_caption":"","pricing_elfsight_apps_hide_column":"","pricing_elfsight_apps_url":"","pricing_codecanyon_price_caption":"","integration_category":[],"integration_request_title":"","integration_request_cta":"","integration_platform":"","integrations":[],"platform_category":[],"video_schema_markup":"","price":"desde $0 \/ mes","trial":"","benefits":[{"text":"Asistencia de instalaci\u00f3n gratuita"},{"text":"Servicio al cliente competente"},{"text":"Garant\u00eda de reembolso de 14 d\u00edas"},{"text":"Mejoras continuas"}],"button_url":"#demo","button_target_blank":"","button_nofollow":"","attributes":[{"name":"Instalaciones","content":"10,000 - 100,000"},{"name":"Sensible","content":"S\u00ed"},{"name":"Navegadores compatibles","content":"Firefox, Safari, Opera, Chrome, Edge"}],"tags":[],"tags_disable_links":"","hide_more_platforms":"","video_object":"","demo_hide_cta":"","demo_hide_cloud_options":"","pricing_title":"","pricing":[{"pricing_icon":"platform","pricing_title":"Elfsight Apps","pricing_title_caption":"Soluci\u00f3n digital independiente de la plataforma que se adapta a cualquier sitio","pricing_price":"desde $0 \/ mes","pricing_price_caption":"comienza con un plan gratuito","pricing_benefits":[{"text":"Sitios web ilimitados"},{"text":"Atenci\u00f3n al cliente 24 horas al d\u00eda, 7 d\u00edas a la semana"},{"text":"Servicio de instalaci\u00f3n gratuito"},{"text":"100% personalizable"}],"pricing_button_text":"A\u00f1adir al sitio web","pricing_button_url":"#demo"}],"related_apps_title":"","related_apps_hidden":"","author":"","image":[],"title":"","job":"","social_networks":[]},"_links":{"self":[{"href":"https:\/\/elfsight.com\/es\/wp-json\/wp\/v2\/pages\/7419","targetHints":{"allow":["GET"]}}],"collection":[{"href":"https:\/\/elfsight.com\/es\/wp-json\/wp\/v2\/pages"}],"about":[{"href":"https:\/\/elfsight.com\/es\/wp-json\/wp\/v2\/types\/page"}],"author":[{"embeddable":true,"href":"https:\/\/elfsight.com\/es\/wp-json\/wp\/v2\/users\/9"}],"replies":[{"embeddable":true,"href":"https:\/\/elfsight.com\/es\/wp-json\/wp\/v2\/comments?post=7419"}],"version-history":[{"count":2,"href":"https:\/\/elfsight.com\/es\/wp-json\/wp\/v2\/pages\/7419\/revisions"}],"predecessor-version":[{"id":18943,"href":"https:\/\/elfsight.com\/es\/wp-json\/wp\/v2\/pages\/7419\/revisions\/18943"}],"up":[{"embeddable":true,"href":"https:\/\/elfsight.com\/es\/wp-json\/wp\/v2\/pages\/1287"}],"wp:attachment":[{"href":"https:\/\/elfsight.com\/es\/wp-json\/wp\/v2\/media?parent=7419"}],"curies":[{"name":"wp","href":"https:\/\/api.w.org\/{rel}","templated":true}]}}