{"id":7418,"date":"1970-01-01T00:00:00","date_gmt":"1970-01-01T00:00:00","guid":{"rendered":"https:\/\/elfsight.com\/es\/?page_id=7418"},"modified":"2025-02-06T15:56:28","modified_gmt":"2025-02-06T15:56:28","slug":"wix","status":"publish","type":"page","link":"https:\/\/elfsight.com\/es\/paypal-button-widget-generator\/wix\/","title":{"rendered":"PayPal Button &#8211; Wix"},"content":{"rendered":"<div class=\"application-platform-content-item-description application-platform-content-item\" id=\"description\" data-nav-section=\"description\"><h2>Descripci\u00f3n<\/h2><p>El bot\u00f3n PayPal de Elfsight le proporciona un PayPal en su sitio. Con \u00e9l, puede configurar botones para pagos, pagos, suscripciones autom\u00e1ticas y donaciones. Puede agregar impuestos y precio de env\u00edo, elegir localizaci\u00f3n y moneda, mostrar texto y a\u00fan m\u00e1s. Organice un proceso de pago f\u00e1cil y seguro para sus clientes utilizando uno de los instrumentos m\u00e1s confiables.<\/p><p><b>Permita que sus clientes realicen pagos a trav\u00e9s de PayPal en su sitio y aumente las ventas. <\/b><\/p><p><b>Un m\u00e9todo de pago popular en su sitio web sin codificaci\u00f3n.<\/b>.<br>Es esencial para una empresa pr\u00f3spera ofrecer a los compradores pagos en l\u00ednea pr\u00e1cticos. Agregue el bot\u00f3n PayPal de Elfsight a su sitio web y podr\u00e1 hacerlo f\u00e1cil y r\u00e1pidamente.<\/p><p><b>Una soluci\u00f3n \u00fanica para recibir pagos, suscripciones y donaciones<\/b>.<br>Permita que sus compradores paguen, se suscriban a sus servicios y donen a su negocio en su sitio web. Todas estas opciones est\u00e1n disponibles en una herramienta universal de Elfsight, que le ayuda a ahorrar dinero y tiempo.<\/p><p><b>Uno de los instrumentos de pago m\u00e1s seguros y conocidos de su sitio web<\/b>.<br>Haga que su sitio sea m\u00e1s c\u00f3modo para sus clientes para estimularlos a comprar m\u00e1s. Permita que los compradores paguen a trav\u00e9s de un instrumento popular y seguro en su sitio y aumente la confianza en su negocio.<\/p><\/div><div class=\"application-platform-content-item-features application-platform-content-item\" id=\"features\" data-nav-section=\"features\"><h2>Caracter\u00edsticas<\/h2><p>\u00bfQu\u00e9 hace que nuestra herramienta sea la mejor? Explore las caracter\u00edsticas que ofrece:<\/p><ul><li>Configuraci\u00f3n de la localizaci\u00f3n de su bot\u00f3n a partir de la lista predefinida de pa\u00edses;<\/li><li>Dos variantes de indicaci\u00f3n de impuestos: plana o porcentual;<\/li><li>Ancho de bot\u00f3n ajustable;<\/li><li>Opciones de borde de bot\u00f3n: tama\u00f1o, color, radio;<\/li><li>Cuatro \u00edconos de sistemas de pago intercambiables para mayor confianza y seguridad del cliente.<\/li><\/ul><p>Consulte la lista completa de caracter\u00edsticas en demostraci\u00f3n<\/p><\/div><div class=\"application-platform-content-item-installation application-platform-content-item\" id=\"installation\" data-nav-section=\"installation\"><h2>C\u00f3mo agregar un bot\u00f3n de PayPal al sitio web de Wix<\/h2><div class=\"video-container\"><iframe width=\"720\" height=\"405\" src=\"https:\/\/www.youtube.com\/embed\/yM1gjSRiZno\" frameborder=\"0\"><\/iframe><\/div><p>Un manual sencillo sobre c\u00f3mo crear su bot\u00f3n de PayPal para un sitio web sin conocimientos de desarrollo. No le llevar\u00e1 m\u00e1s de 3 minutos de su tiempo.<\/p><ol><li><b>Adquiera el widget en el mercado.<\/b><br>Abra la p\u00e1gina con la aplicaci\u00f3n de pago de PayPal y presione el bot\u00f3n \u00abAgregar al sitio\u00bb.<\/li><li><b>Muestre el widget en el sitio.<\/b><br>En la notificaci\u00f3n emergente, haga clic en \u00abAbrir editor\u00bb y muestre el widget en su p\u00e1gina.<\/li><li><b>Personalice su aplicaci\u00f3n de PayPal.<\/b><br>Haga ajustes en la interfaz y agregue contenido requerido. Publique todos los cambios.<\/li><li><b>La instalaci\u00f3n est\u00e1 completa.<\/b><br>\u00a1Abra el sitio para comprobar los resultados!<\/li><\/ol><p>\u00bfTiene alguna dificultad al aplicar el tutorial? P\u00f3ngase en contacto con nuestro centro de soporte o lea una variante completa del manual para intentar insertar el widget usted mismo.<\/p><div class=\"faq\" data-component=\"FAQ\"> <div class=\"faq-item\">\r\n\t\t\t\t\t<div class=\"faq-item-question\">\r\n\t\t\t\t\t\t<h3 class=\"faq-item-question-text\">\u00bfC\u00f3mo agregar un bot\u00f3n de PayPal a mi sitio web Wix sin conocimientos de codificaci\u00f3n?<\/h3>\r\n\r\n\t\t\t\t\t\t<div class=\"faq-item-question-icon\"><\/div>\r\n\t\t\t\t\t<\/div>\r\n\r\n\t\t\t\t\t<div class=\"faq-item-answer\">\r\n\t\t\t\t\t\t<div class=\"faq-item-answer-text\"> <p>Elfsight proporciona una soluci\u00f3n SaaS que le permite crear un widget de bot\u00f3n de PayPal usted mismo, vea lo f\u00e1cil que es el proceso: trabaje directamente en el editor en l\u00ednea para crear un widget de bot\u00f3n de PayPal que le gustar\u00eda ver en su sitio web de Wix. Elija una de las plantillas predise\u00f1adas y ajuste la configuraci\u00f3n del bot\u00f3n de PayPal, agregue su contenido, cambie el dise\u00f1o y los colores sin conocimientos de codificaci\u00f3n. Guarda el bot\u00f3n de PayPal y copia su c\u00f3digo de instalaci\u00f3n, que puedes simplemente pegar en tu sitio web de Wix sin necesidad de comprar una suscripci\u00f3n paga. Con nuestro editor intuitivo, cualquier usuario de Internet puede crear un widget de bot\u00f3n de PayPal en l\u00ednea e incrustarlo f\u00e1cilmente en su sitio web Wix. No es necesario pagar ni ingresar las credenciales de su tarjeta para acceder al servicio. Si tiene alg\u00fan problema en cualquier paso, no dude en ponerse en contacto con nuestro equipo de soporte t\u00e9cnico.<\/p> <\/div>\r\n\t\t\t\t\t<\/div>\r\n\t\t\t\t<\/div> <\/div> <\/div>","protected":false},"excerpt":{"rendered":"","protected":false},"author":9,"featured_media":0,"parent":1287,"menu_order":0,"comment_status":"closed","ping_status":"closed","template":"templates\/template-application-platform.php","meta":{"publish_to_discourse":"","publish_post_category":"","wpdc_auto_publish_overridden":"","wpdc_topic_tags":"","wpdc_pin_topic":"","wpdc_pin_until":"","discourse_post_id":"","discourse_permalink":"","wpdc_publishing_response":"","wpdc_publishing_error":"","footnotes":""},"class_list":["post-7418","page","type-page","status-publish","hentry"],"yoast_head":"<!-- This site is optimized with the Yoast SEO plugin v25.3.1 - https:\/\/yoast.com\/wordpress\/plugins\/seo\/ -->\n<title>Bot\u00f3n de PayPal: agrega la aplicaci\u00f3n de pago de PayPal a Wix (2025)<\/title>\n<meta name=\"description\" content=\"\u00a1Construye un bot\u00f3n de PayPal individual para tu sitio web Wix en solo 3 minutos! Pruebe el editor gratuito de Elfsight para crear su propia aplicaci\u00f3n de pagos.\" \/>\n<meta name=\"robots\" content=\"index, follow, max-snippet:-1, max-image-preview:large, max-video-preview:-1\" \/>\n<link rel=\"canonical\" href=\"https:\/\/elfsight.com\/es\/paypal-button-widget-generator\/wix\/\" \/>\n<meta property=\"og:locale\" content=\"es_ES\" \/>\n<meta property=\"og:type\" content=\"article\" \/>\n<meta property=\"og:title\" content=\"Bot\u00f3n de PayPal: agrega la aplicaci\u00f3n de pago de PayPal a Wix (2025)\" \/>\n<meta property=\"og:description\" content=\"\u00a1Construye un bot\u00f3n de PayPal individual para tu sitio web Wix en solo 3 minutos! Pruebe el editor gratuito de Elfsight para crear su propia aplicaci\u00f3n de pagos.\" \/>\n<meta property=\"og:url\" content=\"https:\/\/elfsight.com\/es\/paypal-button-widget-generator\/wix\/\" \/>\n<meta property=\"og:site_name\" content=\"Elfsight ES\" \/>\n<meta property=\"article:modified_time\" content=\"2025-02-06T15:56:28+00:00\" \/>\n<meta name=\"twitter:card\" content=\"summary_large_image\" \/>\n<meta name=\"twitter:label1\" content=\"Tiempo de lectura\" \/>\n\t<meta name=\"twitter:data1\" content=\"4 minutos\" \/>\n<!-- \/ Yoast SEO plugin. -->","yoast_head_json":{"title":"Bot\u00f3n de PayPal: agrega la aplicaci\u00f3n de pago de PayPal a Wix (2025)","description":"\u00a1Construye un bot\u00f3n de PayPal individual para tu sitio web Wix en solo 3 minutos! Pruebe el editor gratuito de Elfsight para crear su propia aplicaci\u00f3n de pagos.","robots":{"index":"index","follow":"follow","max-snippet":"max-snippet:-1","max-image-preview":"max-image-preview:large","max-video-preview":"max-video-preview:-1"},"canonical":"https:\/\/elfsight.com\/es\/paypal-button-widget-generator\/wix\/","og_locale":"es_ES","og_type":"article","og_title":"Bot\u00f3n de PayPal: agrega la aplicaci\u00f3n de pago de PayPal a Wix (2025)","og_description":"\u00a1Construye un bot\u00f3n de PayPal individual para tu sitio web Wix en solo 3 minutos! Pruebe el editor gratuito de Elfsight para crear su propia aplicaci\u00f3n de pagos.","og_url":"https:\/\/elfsight.com\/es\/paypal-button-widget-generator\/wix\/","og_site_name":"Elfsight ES","article_modified_time":"2025-02-06T15:56:28+00:00","twitter_card":"summary_large_image","twitter_misc":{"Tiempo de lectura":"4 minutos"},"schema":{"@context":"https:\/\/schema.org","@graph":[{"@type":"WebPage","@id":"https:\/\/elfsight.com\/es\/paypal-button-widget-generator\/wix\/","url":"https:\/\/elfsight.com\/es\/paypal-button-widget-generator\/wix\/","name":"Bot\u00f3n de PayPal: agrega la aplicaci\u00f3n de pago de PayPal a Wix (2025)","isPartOf":{"@id":"https:\/\/elfsight.com\/es\/#website"},"datePublished":"1970-01-01T00:00:00+00:00","dateModified":"2025-02-06T15:56:28+00:00","description":"\u00a1Construye un bot\u00f3n de PayPal individual para tu sitio web Wix en solo 3 minutos! Pruebe el editor gratuito de Elfsight para crear su propia aplicaci\u00f3n de pagos.","breadcrumb":{"@id":"https:\/\/elfsight.com\/es\/paypal-button-widget-generator\/wix\/#breadcrumb"},"inLanguage":"es","potentialAction":[{"@type":"ReadAction","target":["https:\/\/elfsight.com\/es\/paypal-button-widget-generator\/wix\/"]}]},{"@type":"BreadcrumbList","@id":"https:\/\/elfsight.com\/es\/paypal-button-widget-generator\/wix\/#breadcrumb","itemListElement":[{"@type":"ListItem","position":1,"name":"Home","item":"https:\/\/elfsight.com\/es\/"},{"@type":"ListItem","position":2,"name":"PayPal Button","item":"https:\/\/elfsight.com\/es\/paypal-button-widget-generator\/"},{"@type":"ListItem","position":3,"name":"PayPal Button &#8211; Wix"}]},{"@type":"WebSite","@id":"https:\/\/elfsight.com\/es\/#website","url":"https:\/\/elfsight.com\/es\/","name":"Elfsight ES","description":"Just another Elfsight Sites site","potentialAction":[{"@type":"SearchAction","target":{"@type":"EntryPoint","urlTemplate":"https:\/\/elfsight.com\/es\/?s={search_term_string}"},"query-input":{"@type":"PropertyValueSpecification","valueRequired":true,"valueName":"search_term_string"}}],"inLanguage":"es"}]}},"meta_box":{"industry":"","seo_heading":"","heading":"","description":"","cta_heading":"","cta_description":"","application":"1285","h1":"Aplicaci\u00f3n Bot\u00f3n Wix PayPal","h1_caption":"Instale una de las herramientas de pago de mayor reputaci\u00f3n en su sitio web","application_category":[],"applications_title":"","applications_request_title":"","applications_request_button_text":"","hero_text":"","hero_video":"","hero_video_schema_markup":"","selling_points_title":"","selling_points_caption":"","selling_points":[],"selling_points_cta_text":"","features_title":"","features":"","ed_cta_examples_text":"","ed_cta_examples_hidden":"","ed_cta_demo_text":"","ed_cta_demo_hidden":"","why_caption":"","why_editor_title":"","why_editor_text":"","why_team_title":"","why_team_text":"","why_service_title":"","why_service_text":"","template_catalog_visible":"","template_catalog_title":"","template_catalog_text":"","template_catalog_categories_visible":"","demo_title":"Crea tu aplicaci\u00f3n de bot\u00f3n de PayPal","demo_caption":"\u00a1Configura tu bot\u00f3n de PayPal y agr\u00e9galo a tu sitio web Wix gratis!","default_faq_hidden":"","app_template_category":[],"platform":"112","template_public_id":"","codecanyon_url":"","codecanyon_item_id":"","codecanyon_price":"","pricing_caption":"","pricing_elfsight_apps_hide_column":"","pricing_elfsight_apps_url":"","pricing_codecanyon_price_caption":"","integration_category":[],"integration_request_title":"","integration_request_cta":"","integration_platform":"","integrations":[],"platform_category":[],"video_schema_markup":"","price":"desde $0 \/ mes","trial":"","benefits":[{"text":"Asistencia de instalaci\u00f3n gratuita"},{"text":"Asistencia de instalaci\u00f3n gratuita"},{"text":"Garant\u00eda de devoluci\u00f3n de dinero de 14 d\u00edas"},{"text":"Actualizando constantemente"}],"button_url":"#demo","button_target_blank":"","button_nofollow":"","attributes":[{"name":"Instalaciones","content":"10,000 - 100,000"},{"name":"Sensible","content":"S\u00ed"},{"name":"Navegadores compatibles","content":"Safari, Opera, Edge, Firefox, Chrome"}],"tags":[],"tags_disable_links":"","hide_more_platforms":"","video_object":"","demo_hide_cta":"","demo_hide_cloud_options":"","pricing_title":"","pricing":[{"pricing_icon":"platform","pricing_title":"Elfsight Apps","pricing_title_caption":"Versi\u00f3n multiplataforma que funciona en cualquier sitio web.","pricing_price":"desde $0 \/ mes","pricing_price_caption":"comienza con el plan gratuito","pricing_benefits":[{"text":"N\u00famero ilimitado de dominios"},{"text":"Soporte gratuito"},{"text":"Soporte de instalaci\u00f3n gratuito"},{"text":"Precio especial para m\u00faltiples aplicaciones"}],"pricing_button_text":"A\u00f1adir al sitio web","pricing_button_url":"#demo"}],"related_apps_title":"","related_apps_hidden":"","author":"","image":[],"title":"","job":"","social_networks":[]},"_links":{"self":[{"href":"https:\/\/elfsight.com\/es\/wp-json\/wp\/v2\/pages\/7418","targetHints":{"allow":["GET"]}}],"collection":[{"href":"https:\/\/elfsight.com\/es\/wp-json\/wp\/v2\/pages"}],"about":[{"href":"https:\/\/elfsight.com\/es\/wp-json\/wp\/v2\/types\/page"}],"author":[{"embeddable":true,"href":"https:\/\/elfsight.com\/es\/wp-json\/wp\/v2\/users\/9"}],"replies":[{"embeddable":true,"href":"https:\/\/elfsight.com\/es\/wp-json\/wp\/v2\/comments?post=7418"}],"version-history":[{"count":2,"href":"https:\/\/elfsight.com\/es\/wp-json\/wp\/v2\/pages\/7418\/revisions"}],"predecessor-version":[{"id":18944,"href":"https:\/\/elfsight.com\/es\/wp-json\/wp\/v2\/pages\/7418\/revisions\/18944"}],"up":[{"embeddable":true,"href":"https:\/\/elfsight.com\/es\/wp-json\/wp\/v2\/pages\/1287"}],"wp:attachment":[{"href":"https:\/\/elfsight.com\/es\/wp-json\/wp\/v2\/media?parent=7418"}],"curies":[{"name":"wp","href":"https:\/\/api.w.org\/{rel}","templated":true}]}}