{"id":7413,"date":"1970-01-01T00:00:00","date_gmt":"1970-01-01T00:00:00","guid":{"rendered":"https:\/\/elfsight.com\/es\/?page_id=7413"},"modified":"2025-02-06T15:56:28","modified_gmt":"2025-02-06T15:56:28","slug":"weebly","status":"publish","type":"page","link":"https:\/\/elfsight.com\/es\/paypal-button-widget-generator\/weebly\/","title":{"rendered":"PayPal Button &#8211; Weebly"},"content":{"rendered":"<div class=\"application-platform-content-item-description application-platform-content-item\" id=\"description\" data-nav-section=\"description\"><h2>Descripci\u00f3n<\/h2><p>Agregue un instrumento de pago confiable a su sitio web. Con el bot\u00f3n PayPal de Elfsight, puede aceptar pagos, suscripciones recurrentes y donaciones de su audiencia. Construya su bot\u00f3n personalizado, eligiendo la forma de pago, moneda, localizaci\u00f3n y personalizando las opciones de apariencia para hacerlo \u00fanico. A sus usuarios les gustar\u00e1 un procedimiento de pago r\u00e1pido y sencillo en su sitio con el bot\u00f3n PayPal.<\/p><p><b>\u00a1Aproveche todas las ventajas de PayPal para su audiencia y para usted mismo! <\/b><\/p><p><b>Un pr\u00e1ctico sistema de pago en su sitio sin codificaci\u00f3n<\/b>.<br>Es esencial para una empresa en l\u00ednea tener una herramienta de pago pr\u00e1ctica y segura en el sitio web. La mejor manera de lograrlo es insertar el bot\u00f3n PayPal de Elfsight en su sitio. Organice pagos f\u00e1ciles para sus clientes.<\/p><p><b>Un instrumento universal para aceptar pagos, suscripciones y donaciones<\/b>.<br>Permita que su audiencia realice pagos, se suscriba y done con facilidad. Todo est\u00e1 disponible en un instrumento multifuncional de Elfsight, que le ayuda a ahorrar esfuerzo y tiempo.<\/p><p><b>Una de las soluciones de pago m\u00e1s acreditadas y conocidas de su sitio<\/b>.<br>No pierda la oportunidad de integrar una de las herramientas de pago m\u00e1s confiables en su sitio web. Elfsight le ayudar\u00e1 a utilizar PayPal con el m\u00ednimo esfuerzo y la m\u00e1xima comodidad.<\/p><\/div><br><div class=\"application-platform-content-item-features application-platform-content-item\" id=\"features\" data-nav-section=\"features\"><h2>Caracter\u00edsticas<\/h2><p>\u00bfQu\u00e9 hace que nuestra herramienta sea la mejor? Compruebe las caracter\u00edsticas que ofrece:<\/p><ul><li>Una biblioteca de todas las monedas m\u00e1s populares;<\/li><li>Dos variantes de indicaci\u00f3n de impuestos: plana o porcentual;<\/li><li>Ancho de bot\u00f3n ajustable;<\/li><li>Opciones de borde de bot\u00f3n: tama\u00f1o, color, radio;<\/li><li>Mostrar u ocultar el texto del logotipo de PayPal.<\/li><\/ul><p>M\u00e1s funciones de forma gratuita demostraci\u00f3n<\/p><\/div><div class=\"application-platform-content-item-installation application-platform-content-item\" id=\"installation\" data-nav-section=\"installation\"><h2>C\u00f3mo agregar la aplicaci\u00f3n del bot\u00f3n PayPal a un sitio web Weebly<\/h2><div class=\"video-container\"><iframe width=\"720\" height=\"405\" src=\"https:\/\/www.youtube.com\/embed\/NmpZ15fSSko\" frameborder=\"0\"><\/iframe><\/div><p>La duraci\u00f3n aproximada de la instalaci\u00f3n es inferior a 2 minutos. La instalaci\u00f3n no requiere experiencia en programaci\u00f3n web.<\/p><ol><li><b>Realiza nuestra demostraci\u00f3n gratuita y comienza a trabajar con tu aplicaci\u00f3n personalizada. <\/b><br> Elija el dise\u00f1o y la funcionalidad seleccionados de la aplicaci\u00f3n y guarde todas las modificaciones. <\/li> <li><b>Copia tu c\u00f3digo individual que aparece en la ventana de Elfsight Apps. <\/b><br> Cuando finalice la creaci\u00f3n de su aplicaci\u00f3n, copie su c\u00f3digo de la ventana emergente que aparece y gu\u00e1rdelo para ocasiones posteriores. <\/li> <li><b>Inicie el uso de la aplicaci\u00f3n en su sitio Weebly. <\/b><br>Integre el c\u00f3digo que ha copiado anteriormente en su sitio y aplique las mejoras. <\/li> <li><b>\u00a1Listo! La integraci\u00f3n est\u00e1 plenamente lograda. <\/b><br>Vaya a su p\u00e1gina web para ver c\u00f3mo funciona la aplicaci\u00f3n. <\/li><\/ol><p>\u00bfTiene alguna pregunta sobre el proceso de instalaci\u00f3n? Env\u00ede un mensaje al servicio de soporte de Elfsight o estudie el texto completo de las instrucciones y complete la instalaci\u00f3n usted mismo.<\/p><div class=\"faq\" data-component=\"FAQ\"> <div class=\"faq-item\">\r\n\t\t\t\t\t<div class=\"faq-item-question\">\r\n\t\t\t\t\t\t<h3 class=\"faq-item-question-text\">\u00bfC\u00f3mo puedo agregar un bot\u00f3n de PayPal a mi sitio web Weebly sin conocimientos de codificaci\u00f3n?<\/h3>\r\n\r\n\t\t\t\t\t\t<div class=\"faq-item-question-icon\"><\/div>\r\n\t\t\t\t\t<\/div>\r\n\r\n\t\t\t\t\t<div class=\"faq-item-answer\">\r\n\t\t\t\t\t\t<div class=\"faq-item-answer-text\"> <p>Elfsight proporciona una soluci\u00f3n SaaS que le permite crear un widget de bot\u00f3n de PayPal usted mismo. Vea lo f\u00e1cil que es el proceso: trabaje directamente en el editor en l\u00ednea para crear un widget de bot\u00f3n de PayPal que le gustar\u00eda ver en su sitio web de Weebly. Elija una de las plantillas predise\u00f1adas y ajuste la configuraci\u00f3n del bot\u00f3n de PayPal, agregue su contenido, cambie el dise\u00f1o y los colores sin conocimientos de codificaci\u00f3n. Guarde el bot\u00f3n de PayPal y copie su c\u00f3digo de instalaci\u00f3n, que puede insertar en su sitio web Weebly sin necesidad de comprar un plan pago. Con nuestro editor intuitivo, cualquier usuario de Internet puede crear un widget de bot\u00f3n de PayPal en l\u00ednea e incrustarlo f\u00e1cilmente en su sitio web Weebly. No es necesario pagar ni ingresar las credenciales de su tarjeta para acceder al servicio. Si tiene alg\u00fan problema en cualquier paso, no dude en ponerse en contacto con nuestro equipo de soporte t\u00e9cnico.<\/p> <\/div>\r\n\t\t\t\t\t<\/div>\r\n\t\t\t\t<\/div> <\/div> <\/div>","protected":false},"excerpt":{"rendered":"","protected":false},"author":9,"featured_media":0,"parent":1287,"menu_order":0,"comment_status":"closed","ping_status":"closed","template":"templates\/template-application-platform.php","meta":{"publish_to_discourse":"","publish_post_category":"","wpdc_auto_publish_overridden":"","wpdc_topic_tags":"","wpdc_pin_topic":"","wpdc_pin_until":"","discourse_post_id":"","discourse_permalink":"","wpdc_publishing_response":"","wpdc_publishing_error":"","footnotes":""},"class_list":["post-7413","page","type-page","status-publish","hentry"],"yoast_head":"<!-- This site is optimized with the Yoast SEO plugin v25.3.1 - https:\/\/yoast.com\/wordpress\/plugins\/seo\/ -->\n<title>Bot\u00f3n PayPal: agregue la aplicaci\u00f3n PayPal al sitio web Weebly (en 2 minutos)<\/title>\n<meta name=\"description\" content=\"Pruebe el mejor Bot\u00f3n de PayPal (donaci\u00f3n, suscripci\u00f3n o pago) para el sitio web Weebly. \u00a1Crea widgets para mostrar en tu sitio web en solo 3 minutos de forma gratuita!\" \/>\n<meta name=\"robots\" content=\"index, follow, max-snippet:-1, max-image-preview:large, max-video-preview:-1\" \/>\n<link rel=\"canonical\" href=\"https:\/\/elfsight.com\/es\/paypal-button-widget-generator\/weebly\/\" \/>\n<meta property=\"og:locale\" content=\"es_ES\" \/>\n<meta property=\"og:type\" content=\"article\" \/>\n<meta property=\"og:title\" content=\"Bot\u00f3n PayPal: agregue la aplicaci\u00f3n PayPal al sitio web Weebly (en 2 minutos)\" \/>\n<meta property=\"og:description\" content=\"Pruebe el mejor Bot\u00f3n de PayPal (donaci\u00f3n, suscripci\u00f3n o pago) para el sitio web Weebly. \u00a1Crea widgets para mostrar en tu sitio web en solo 3 minutos de forma gratuita!\" \/>\n<meta property=\"og:url\" content=\"https:\/\/elfsight.com\/es\/paypal-button-widget-generator\/weebly\/\" \/>\n<meta property=\"og:site_name\" content=\"Elfsight ES\" \/>\n<meta property=\"article:modified_time\" content=\"2025-02-06T15:56:28+00:00\" \/>\n<meta name=\"twitter:card\" content=\"summary_large_image\" \/>\n<meta name=\"twitter:label1\" content=\"Tiempo de lectura\" \/>\n\t<meta name=\"twitter:data1\" content=\"4 minutos\" \/>\n<!-- \/ Yoast SEO plugin. -->","yoast_head_json":{"title":"Bot\u00f3n PayPal: agregue la aplicaci\u00f3n PayPal al sitio web Weebly (en 2 minutos)","description":"Pruebe el mejor Bot\u00f3n de PayPal (donaci\u00f3n, suscripci\u00f3n o pago) para el sitio web Weebly. \u00a1Crea widgets para mostrar en tu sitio web en solo 3 minutos de forma gratuita!","robots":{"index":"index","follow":"follow","max-snippet":"max-snippet:-1","max-image-preview":"max-image-preview:large","max-video-preview":"max-video-preview:-1"},"canonical":"https:\/\/elfsight.com\/es\/paypal-button-widget-generator\/weebly\/","og_locale":"es_ES","og_type":"article","og_title":"Bot\u00f3n PayPal: agregue la aplicaci\u00f3n PayPal al sitio web Weebly (en 2 minutos)","og_description":"Pruebe el mejor Bot\u00f3n de PayPal (donaci\u00f3n, suscripci\u00f3n o pago) para el sitio web Weebly. \u00a1Crea widgets para mostrar en tu sitio web en solo 3 minutos de forma gratuita!","og_url":"https:\/\/elfsight.com\/es\/paypal-button-widget-generator\/weebly\/","og_site_name":"Elfsight ES","article_modified_time":"2025-02-06T15:56:28+00:00","twitter_card":"summary_large_image","twitter_misc":{"Tiempo de lectura":"4 minutos"},"schema":{"@context":"https:\/\/schema.org","@graph":[{"@type":"WebPage","@id":"https:\/\/elfsight.com\/es\/paypal-button-widget-generator\/weebly\/","url":"https:\/\/elfsight.com\/es\/paypal-button-widget-generator\/weebly\/","name":"Bot\u00f3n PayPal: agregue la aplicaci\u00f3n PayPal al sitio web Weebly (en 2 minutos)","isPartOf":{"@id":"https:\/\/elfsight.com\/es\/#website"},"datePublished":"1970-01-01T00:00:00+00:00","dateModified":"2025-02-06T15:56:28+00:00","description":"Pruebe el mejor Bot\u00f3n de PayPal (donaci\u00f3n, suscripci\u00f3n o pago) para el sitio web Weebly. \u00a1Crea widgets para mostrar en tu sitio web en solo 3 minutos de forma gratuita!","breadcrumb":{"@id":"https:\/\/elfsight.com\/es\/paypal-button-widget-generator\/weebly\/#breadcrumb"},"inLanguage":"es","potentialAction":[{"@type":"ReadAction","target":["https:\/\/elfsight.com\/es\/paypal-button-widget-generator\/weebly\/"]}]},{"@type":"BreadcrumbList","@id":"https:\/\/elfsight.com\/es\/paypal-button-widget-generator\/weebly\/#breadcrumb","itemListElement":[{"@type":"ListItem","position":1,"name":"Home","item":"https:\/\/elfsight.com\/es\/"},{"@type":"ListItem","position":2,"name":"PayPal Button","item":"https:\/\/elfsight.com\/es\/paypal-button-widget-generator\/"},{"@type":"ListItem","position":3,"name":"PayPal Button &#8211; Weebly"}]},{"@type":"WebSite","@id":"https:\/\/elfsight.com\/es\/#website","url":"https:\/\/elfsight.com\/es\/","name":"Elfsight ES","description":"Just another Elfsight Sites site","potentialAction":[{"@type":"SearchAction","target":{"@type":"EntryPoint","urlTemplate":"https:\/\/elfsight.com\/es\/?s={search_term_string}"},"query-input":{"@type":"PropertyValueSpecification","valueRequired":true,"valueName":"search_term_string"}}],"inLanguage":"es"}]}},"meta_box":{"industry":"","seo_heading":"","heading":"","description":"","cta_heading":"","cta_description":"","application":"1285","h1":"Aplicaci\u00f3n del bot\u00f3n Weebly PayPal","h1_caption":"Habilite pagos \u00fanicos, suscripciones y donaciones en su sitio web a trav\u00e9s de PayPal","application_category":[],"applications_title":"","applications_request_title":"","applications_request_button_text":"","hero_text":"","hero_video":"","hero_video_schema_markup":"","selling_points_title":"","selling_points_caption":"","selling_points":[],"selling_points_cta_text":"","features_title":"","features":"","ed_cta_examples_text":"","ed_cta_examples_hidden":"","ed_cta_demo_text":"","ed_cta_demo_hidden":"","why_caption":"","why_editor_title":"","why_editor_text":"","why_team_title":"","why_team_text":"","why_service_title":"","why_service_text":"","template_catalog_visible":"","template_catalog_title":"","template_catalog_text":"","template_catalog_categories_visible":"","demo_title":"Crea tu aplicaci\u00f3n de bot\u00f3n de PayPal","demo_caption":"\u00a1Configure su bot\u00f3n PayPal y agr\u00e9guelo a su sitio web Weebly gratis!","default_faq_hidden":"","app_template_category":[],"platform":"109","template_public_id":"","codecanyon_url":"","codecanyon_item_id":"","codecanyon_price":"","pricing_caption":"","pricing_elfsight_apps_hide_column":"","pricing_elfsight_apps_url":"","pricing_codecanyon_price_caption":"","integration_category":[],"integration_request_title":"","integration_request_cta":"","integration_platform":"","integrations":[],"platform_category":[],"video_schema_markup":"","price":"desde $0 \/ mes","trial":"","benefits":[{"text":"Ayuda de instalaci\u00f3n gratuita"},{"text":"Soporte premium"},{"text":"Garant\u00eda de reembolso de 14 d\u00edas"},{"text":"Actualizaciones gratuitas peri\u00f3dicas"}],"button_url":"#demo","button_target_blank":"","button_nofollow":"","attributes":[{"name":"Instalaciones","content":"10,000 - 100,000"},{"name":"Sensible","content":"S\u00ed"},{"name":"Navegadores compatibles","content":"Firefox, Safari, Opera, Chrome, Edge"}],"tags":[],"tags_disable_links":"","hide_more_platforms":"","video_object":"","demo_hide_cta":"","demo_hide_cloud_options":"","pricing_title":"","pricing":[{"pricing_icon":"cloud","pricing_title":"Elfsight Apps","pricing_title_caption":"Versi\u00f3n multiplataforma que funciona en cualquier sitio web.","pricing_price":"desde $0 \/ mes","pricing_price_caption":"comienza con un plan gratuito","pricing_benefits":[{"text":"Sitios web ilimitados"},{"text":"Soporte gratuito y bien documentado."},{"text":"Soporte de instalaci\u00f3n gratuito"},{"text":"Dise\u00f1o flexible"}],"pricing_button_text":"A\u00f1adir al sitio web","pricing_button_url":"#demo"}],"related_apps_title":"","related_apps_hidden":"","author":"","image":[],"title":"","job":"","social_networks":[]},"_links":{"self":[{"href":"https:\/\/elfsight.com\/es\/wp-json\/wp\/v2\/pages\/7413","targetHints":{"allow":["GET"]}}],"collection":[{"href":"https:\/\/elfsight.com\/es\/wp-json\/wp\/v2\/pages"}],"about":[{"href":"https:\/\/elfsight.com\/es\/wp-json\/wp\/v2\/types\/page"}],"author":[{"embeddable":true,"href":"https:\/\/elfsight.com\/es\/wp-json\/wp\/v2\/users\/9"}],"replies":[{"embeddable":true,"href":"https:\/\/elfsight.com\/es\/wp-json\/wp\/v2\/comments?post=7413"}],"version-history":[{"count":2,"href":"https:\/\/elfsight.com\/es\/wp-json\/wp\/v2\/pages\/7413\/revisions"}],"predecessor-version":[{"id":18945,"href":"https:\/\/elfsight.com\/es\/wp-json\/wp\/v2\/pages\/7413\/revisions\/18945"}],"up":[{"embeddable":true,"href":"https:\/\/elfsight.com\/es\/wp-json\/wp\/v2\/pages\/1287"}],"wp:attachment":[{"href":"https:\/\/elfsight.com\/es\/wp-json\/wp\/v2\/media?parent=7413"}],"curies":[{"name":"wp","href":"https:\/\/api.w.org\/{rel}","templated":true}]}}