{"id":7412,"date":"1970-01-01T00:00:00","date_gmt":"1970-01-01T00:00:00","guid":{"rendered":"https:\/\/elfsight.com\/es\/?page_id=7412"},"modified":"2025-02-06T15:56:28","modified_gmt":"2025-02-06T15:56:28","slug":"webnode","status":"publish","type":"page","link":"https:\/\/elfsight.com\/es\/paypal-button-widget-generator\/webnode\/","title":{"rendered":"PayPal Button &#8211; Webnode"},"content":{"rendered":"<div class=\"application-platform-content-item-description application-platform-content-item\" id=\"description\" data-nav-section=\"description\"><h2>Descripci\u00f3n<\/h2><p>El bot\u00f3n PayPal de Elfsight es una forma sencilla de permitir a sus compradores realizar pagos a trav\u00e9s de PayPal en su sitio. Permite crear botones para pagos \u00fanicos, suscripciones y donaciones. Eres libre de demostrar los impuestos y el precio de entrega, alinear la localizaci\u00f3n y la moneda, mostrar texto e incluso m\u00e1s funciones. Organice un procedimiento de pago f\u00e1cil y seguro para sus clientes sobre la marcha, con la ayuda de uno de los sistemas de pago m\u00e1s confiables.<\/p><p><b>\u00a1Introduzca los pagos de PayPal en su sitio web con la m\u00e1xima facilidad! <\/b><\/p><p><b>Un procedimiento de pago sencillo en su sitio sin codificaci\u00f3n en un momento<\/b>.<br>Todos los clientes valoran la posibilidad de pagar c\u00f3modamente en l\u00ednea. Obtenga su propio bot\u00f3n de PayPal con Elfsight y organizar\u00e1 un m\u00e9todo de pago r\u00e1pido y sencillo para sus usuarios. Sin codificaci\u00f3n, sin complicaciones.<\/p><p><b>Un \u00fanico instrumento para obtener pagos, suscripciones y donaciones<\/b>.<br>Permita que sus usuarios realicen pagos, se suscriban a sus servicios y donen a su negocio. Todo esto est\u00e1 disponible en una soluci\u00f3n multifuncional de Elfsight, que te ayuda a ahorrar esfuerzo y tiempo.<\/p><p><b>Uno de los sistemas de pago m\u00e1s seguros y extendidos en tu sitio web<\/b>.<br>Consigue lo mejor para tus usuarios para aumentar las ventas. Permita que los clientes realicen pagos a trav\u00e9s de una herramienta popular y confiable en su sitio y mu\u00e9streles que su negocio es confiable.<\/p><p><\/div><\/p><div class=\"application-platform-content-item-features application-platform-content-item\" id=\"features\" data-nav-section=\"features\"><h2>Caracter\u00edsticas<\/h2><p>\u00bfQu\u00e9 hace que nuestro widget sea el mejor? Vea las caracter\u00edsticas que ofrece:<\/p><ul><li>Tres tipos de botones: Pago \u00fanico, Suscripci\u00f3n, Donaci\u00f3n;<\/li><li>Opci\u00f3n de suscripci\u00f3n recurrente;<\/li><li>Establezca cualquier texto encima del bot\u00f3n, usando el encabezado del bot\u00f3n;<\/li><li>Texto y color de texto del bot\u00f3n ajustables;<\/li><li>Mostrar u ocultar el texto del logotipo de PayPal.<\/li><\/ul><p><a href=\"#demo\">Lea todas las ventajas en nuestro software gratuito editor<\/a><\/p><\/div><div class=\"application-platform-content-item-installation application-platform-content-item\" id=\"installation\" data-nav-section=\"installation\"><h2>C\u00f3mo agregar un complemento de bot\u00f3n de PayPal al sitio web de Webnode<\/h2><p>El tiempo de resumen del proceso es de solo 3 minutos y, adem\u00e1s, no necesita conocimientos de desarrollo.<\/p><ol><li><b>Construya su bot\u00f3n de PayPal personalizado.<\/b><br>Utilizando nuestro configurador gratuito, cree un complemento para su tipo de pago. Personalice su interfaz.<\/li><li><b>Reciba el c\u00f3digo para publicar el complemento.<\/b><br>Despu\u00e9s de la creaci\u00f3n del widget, obtenga el c\u00f3digo para el complemento de PayPal de la notificaci\u00f3n en Elfsight Apps.<\/li><li><b>Inserte el complemento en su sitio web Webnode.<\/b><br>Inserte el complemento en el lugar deseado de la p\u00e1gina y publique los resultados.<\/li><li><b>\u00a1Listo!<\/b><br>Visite su sitio web Webnode para ver su trabajo.<\/li><\/ol><p>\u00bfTienes alguna consulta al utilizar la gu\u00eda? P\u00f3ngase en contacto con nuestro servicio de soporte o consulte una variante completa del manual.<\/p><div class=\"faq\" data-component=\"FAQ\"> <div class=\"faq-item\">\r\n\t\t\t\t\t<div class=\"faq-item-question\">\r\n\t\t\t\t\t\t<h3 class=\"faq-item-question-text\">\u00bfC\u00f3mo agregar un bot\u00f3n de PayPal a mi sitio web Webnode sin conocimientos de codificaci\u00f3n?<\/h3>\r\n\r\n\t\t\t\t\t\t<div class=\"faq-item-question-icon\"><\/div>\r\n\t\t\t\t\t<\/div>\r\n\r\n\t\t\t\t\t<div class=\"faq-item-answer\">\r\n\t\t\t\t\t\t<div class=\"faq-item-answer-text\"> <p>Elfsight proporciona una soluci\u00f3n SaaS que le permite crear un widget de bot\u00f3n de PayPal usted mismo. Vea lo f\u00e1cil que es el proceso: trabaje directamente en el editor en l\u00ednea para crear un widget de bot\u00f3n de PayPal que le gustar\u00eda ver en su sitio web de Webnode. Elija una de las plantillas predise\u00f1adas y ajuste la configuraci\u00f3n del bot\u00f3n de PayPal, agregue su contenido, cambie el dise\u00f1o y los colores sin conocimientos de codificaci\u00f3n. Guarda el bot\u00f3n de PayPal y copia su c\u00f3digo de instalaci\u00f3n, que puedes insertar f\u00e1cilmente en tu sitio web Webnode sin comprar un plan pago. Con nuestro editor intuitivo, cualquier usuario de Internet puede crear un widget de bot\u00f3n de PayPal en l\u00ednea e incrustarlo f\u00e1cilmente en su sitio web Webnode. No es necesario pagar ni ingresar las credenciales de su tarjeta para acceder al servicio. Si tiene alg\u00fan problema en cualquier paso, no dude en ponerse en contacto con nuestro equipo de soporte t\u00e9cnico.<\/p> <\/div>\r\n\t\t\t\t\t<\/div>\r\n\t\t\t\t<\/div> <\/div> <\/div>","protected":false},"excerpt":{"rendered":"","protected":false},"author":9,"featured_media":0,"parent":1287,"menu_order":0,"comment_status":"closed","ping_status":"closed","template":"templates\/template-application-platform.php","meta":{"publish_to_discourse":"","publish_post_category":"","wpdc_auto_publish_overridden":"","wpdc_topic_tags":"","wpdc_pin_topic":"","wpdc_pin_until":"","discourse_post_id":"","discourse_permalink":"","wpdc_publishing_response":"","wpdc_publishing_error":"","footnotes":""},"class_list":["post-7412","page","type-page","status-publish","hentry"],"yoast_head":"<!-- This site is optimized with the Yoast SEO plugin v25.3.1 - https:\/\/yoast.com\/wordpress\/plugins\/seo\/ -->\n<title>Bot\u00f3n de PayPal: agregue el widget de PayPal al sitio web de Webnode (en 2 minutos)<\/title>\n<meta name=\"description\" content=\"Crea tu Bot\u00f3n de PayPal personalizado para Webnode en s\u00f3lo un par de minutos. Consulte una demostraci\u00f3n sencilla para crear widgets con Elfsight totalmente gratis.\" \/>\n<meta name=\"robots\" content=\"index, follow, max-snippet:-1, max-image-preview:large, max-video-preview:-1\" \/>\n<link rel=\"canonical\" href=\"https:\/\/elfsight.com\/es\/paypal-button-widget-generator\/webnode\/\" \/>\n<meta property=\"og:locale\" content=\"es_ES\" \/>\n<meta property=\"og:type\" content=\"article\" \/>\n<meta property=\"og:title\" content=\"Bot\u00f3n de PayPal: agregue el widget de PayPal al sitio web de Webnode (en 2 minutos)\" \/>\n<meta property=\"og:description\" content=\"Crea tu Bot\u00f3n de PayPal personalizado para Webnode en s\u00f3lo un par de minutos. Consulte una demostraci\u00f3n sencilla para crear widgets con Elfsight totalmente gratis.\" \/>\n<meta property=\"og:url\" content=\"https:\/\/elfsight.com\/es\/paypal-button-widget-generator\/webnode\/\" \/>\n<meta property=\"og:site_name\" content=\"Elfsight ES\" \/>\n<meta property=\"article:modified_time\" content=\"2025-02-06T15:56:28+00:00\" \/>\n<meta name=\"twitter:card\" content=\"summary_large_image\" \/>\n<meta name=\"twitter:label1\" content=\"Tiempo de lectura\" \/>\n\t<meta name=\"twitter:data1\" content=\"4 minutos\" \/>\n<!-- \/ Yoast SEO plugin. -->","yoast_head_json":{"title":"Bot\u00f3n de PayPal: agregue el widget de PayPal al sitio web de Webnode (en 2 minutos)","description":"Crea tu Bot\u00f3n de PayPal personalizado para Webnode en s\u00f3lo un par de minutos. Consulte una demostraci\u00f3n sencilla para crear widgets con Elfsight totalmente gratis.","robots":{"index":"index","follow":"follow","max-snippet":"max-snippet:-1","max-image-preview":"max-image-preview:large","max-video-preview":"max-video-preview:-1"},"canonical":"https:\/\/elfsight.com\/es\/paypal-button-widget-generator\/webnode\/","og_locale":"es_ES","og_type":"article","og_title":"Bot\u00f3n de PayPal: agregue el widget de PayPal al sitio web de Webnode (en 2 minutos)","og_description":"Crea tu Bot\u00f3n de PayPal personalizado para Webnode en s\u00f3lo un par de minutos. Consulte una demostraci\u00f3n sencilla para crear widgets con Elfsight totalmente gratis.","og_url":"https:\/\/elfsight.com\/es\/paypal-button-widget-generator\/webnode\/","og_site_name":"Elfsight ES","article_modified_time":"2025-02-06T15:56:28+00:00","twitter_card":"summary_large_image","twitter_misc":{"Tiempo de lectura":"4 minutos"},"schema":{"@context":"https:\/\/schema.org","@graph":[{"@type":"WebPage","@id":"https:\/\/elfsight.com\/es\/paypal-button-widget-generator\/webnode\/","url":"https:\/\/elfsight.com\/es\/paypal-button-widget-generator\/webnode\/","name":"Bot\u00f3n de PayPal: agregue el widget de PayPal al sitio web de Webnode (en 2 minutos)","isPartOf":{"@id":"https:\/\/elfsight.com\/es\/#website"},"datePublished":"1970-01-01T00:00:00+00:00","dateModified":"2025-02-06T15:56:28+00:00","description":"Crea tu Bot\u00f3n de PayPal personalizado para Webnode en s\u00f3lo un par de minutos. Consulte una demostraci\u00f3n sencilla para crear widgets con Elfsight totalmente gratis.","breadcrumb":{"@id":"https:\/\/elfsight.com\/es\/paypal-button-widget-generator\/webnode\/#breadcrumb"},"inLanguage":"es","potentialAction":[{"@type":"ReadAction","target":["https:\/\/elfsight.com\/es\/paypal-button-widget-generator\/webnode\/"]}]},{"@type":"BreadcrumbList","@id":"https:\/\/elfsight.com\/es\/paypal-button-widget-generator\/webnode\/#breadcrumb","itemListElement":[{"@type":"ListItem","position":1,"name":"Home","item":"https:\/\/elfsight.com\/es\/"},{"@type":"ListItem","position":2,"name":"PayPal Button","item":"https:\/\/elfsight.com\/es\/paypal-button-widget-generator\/"},{"@type":"ListItem","position":3,"name":"PayPal Button &#8211; Webnode"}]},{"@type":"WebSite","@id":"https:\/\/elfsight.com\/es\/#website","url":"https:\/\/elfsight.com\/es\/","name":"Elfsight ES","description":"Just another Elfsight Sites site","potentialAction":[{"@type":"SearchAction","target":{"@type":"EntryPoint","urlTemplate":"https:\/\/elfsight.com\/es\/?s={search_term_string}"},"query-input":{"@type":"PropertyValueSpecification","valueRequired":true,"valueName":"search_term_string"}}],"inLanguage":"es"}]}},"meta_box":{"industry":"","seo_heading":"","heading":"","description":"","cta_heading":"","cta_description":"","application":"1285","h1":"Widget de bot\u00f3n de PayPal de Webnode","h1_caption":"Reciba pagos \u00fanicos, suscripciones y donaciones en su sitio web con PayPal","application_category":[],"applications_title":"","applications_request_title":"","applications_request_button_text":"","hero_text":"","hero_video":"","hero_video_schema_markup":"","selling_points_title":"","selling_points_caption":"","selling_points":[],"selling_points_cta_text":"","features_title":"","features":"","ed_cta_examples_text":"","ed_cta_examples_hidden":"","ed_cta_demo_text":"","ed_cta_demo_hidden":"","why_caption":"","why_editor_title":"","why_editor_text":"","why_team_title":"","why_team_text":"","why_service_title":"","why_service_text":"","template_catalog_visible":"","template_catalog_title":"","template_catalog_text":"","template_catalog_categories_visible":"","demo_title":"Crea tu widget de bot\u00f3n de PayPal","demo_caption":"\u00a1Configura tu Bot\u00f3n PayPal y agr\u00e9galo a tu sitio web Webnode gratis!","default_faq_hidden":"","app_template_category":[],"platform":"2302","template_public_id":"","codecanyon_url":"","codecanyon_item_id":"","codecanyon_price":"","pricing_caption":"","pricing_elfsight_apps_hide_column":"","pricing_elfsight_apps_url":"","pricing_codecanyon_price_caption":"","integration_category":[],"integration_request_title":"","integration_request_cta":"","integration_platform":"","integrations":[],"platform_category":[],"video_schema_markup":"","price":"desde $0 \/ mes","trial":"","benefits":[{"text":"Asistencia de instalaci\u00f3n gratuita"},{"text":"Soporte premium"},{"text":"Garant\u00eda de reembolso de 14 d\u00edas"},{"text":"Actualizando constantemente"}],"button_url":"#demo","button_target_blank":"","button_nofollow":"","attributes":[{"name":"Instalaciones","content":"10,000 - 100,000"},{"name":"Sensible","content":"S\u00ed"},{"name":"Navegadores compatibles","content":"Firefox, Safari, Opera, Chrome, Edge"}],"tags":[],"tags_disable_links":"","hide_more_platforms":"","video_object":"","demo_hide_cta":"","demo_hide_cloud_options":"","pricing_title":"","pricing":[{"pricing_icon":"platform","pricing_title":"Elfsight Apps","pricing_title_caption":"Soluci\u00f3n digital independiente de la plataforma que se adapta a cualquier sitio","pricing_price":"desde $0 \/ mes","pricing_price_caption":"comienza con el plan gratuito","pricing_benefits":[{"text":"Sitios web ilimitados"},{"text":"Soporte r\u00e1pido, puntual y bien documentado."},{"text":"Servicio de instalaci\u00f3n gratuito"},{"text":"Gran oferta para m\u00faltiples aplicaciones"}],"pricing_button_text":"A\u00f1adir al sitio web","pricing_button_url":"#demo"}],"related_apps_title":"","related_apps_hidden":"","author":"","image":[],"title":"","job":"","social_networks":[]},"_links":{"self":[{"href":"https:\/\/elfsight.com\/es\/wp-json\/wp\/v2\/pages\/7412","targetHints":{"allow":["GET"]}}],"collection":[{"href":"https:\/\/elfsight.com\/es\/wp-json\/wp\/v2\/pages"}],"about":[{"href":"https:\/\/elfsight.com\/es\/wp-json\/wp\/v2\/types\/page"}],"author":[{"embeddable":true,"href":"https:\/\/elfsight.com\/es\/wp-json\/wp\/v2\/users\/9"}],"replies":[{"embeddable":true,"href":"https:\/\/elfsight.com\/es\/wp-json\/wp\/v2\/comments?post=7412"}],"version-history":[{"count":2,"href":"https:\/\/elfsight.com\/es\/wp-json\/wp\/v2\/pages\/7412\/revisions"}],"predecessor-version":[{"id":18946,"href":"https:\/\/elfsight.com\/es\/wp-json\/wp\/v2\/pages\/7412\/revisions\/18946"}],"up":[{"embeddable":true,"href":"https:\/\/elfsight.com\/es\/wp-json\/wp\/v2\/pages\/1287"}],"wp:attachment":[{"href":"https:\/\/elfsight.com\/es\/wp-json\/wp\/v2\/media?parent=7412"}],"curies":[{"name":"wp","href":"https:\/\/api.w.org\/{rel}","templated":true}]}}