{"id":7410,"date":"1970-01-01T00:00:00","date_gmt":"1970-01-01T00:00:00","guid":{"rendered":"https:\/\/elfsight.com\/es\/?page_id=7410"},"modified":"2025-02-06T15:56:51","modified_gmt":"2025-02-06T15:56:51","slug":"squarespace","status":"publish","type":"page","link":"https:\/\/elfsight.com\/es\/paypal-button-widget-generator\/squarespace\/","title":{"rendered":"PayPal Button &#8211; Squarespace"},"content":{"rendered":"<div class=\"application-platform-content-item-description application-platform-content-item\" id=\"description\" data-nav-section=\"description\"><h2>Integre el bot\u00f3n de PayPal en Squarespace con el widget de Elfsight<\/h2><p>Introduzca un instrumento de pago confiable y pr\u00e1ctico sin mucho esfuerzo. Con Elfsight Button para PayPal, puede aceptar pagos, suscripciones recurrentes y donaciones de su audiencia. Da forma a tu propio bot\u00f3n personalizado, eligiendo la forma de pago, moneda, localizaci\u00f3n y ajustando el aspecto para hacerlo verdaderamente \u00fanico. Su audiencia apreciar\u00e1 el procedimiento de pago r\u00e1pido y fluido en su sitio web a trav\u00e9s del bot\u00f3n PayPal.<\/p><p><b>\u00a1Organiza el pago con PayPal en tu sitio web sin esfuerzo!<\/b><\/p><p><b>Un m\u00e9todo de pago sencillo en tu sitio web sin codificaci\u00f3n en un momento<\/b>.<br>Es imprescindible para una empresa s\u00f3lida ofrecer a sus clientes pagos en l\u00ednea seguros. Muestre el bot\u00f3n PayPal de Elfsight en su sitio y lo har\u00e1 sin esfuerzo y en poco tiempo.<\/p><p><b>Una soluci\u00f3n \u00fanica para procesar pagos, suscripciones y donaciones<\/b>.<br>Permita que su audiencia pague, se suscriba a sus servicios y done. Todo esto est\u00e1 disponible en un instrumento universal de Elfsight que le ayuda a ahorrar esfuerzo y tiempo.<\/p><p><b>Una de las herramientas de pago m\u00e1s confiables y populares de su sitio<\/b>.<br>Ofrezca la mejor comodidad de pago a sus clientes para obtener m\u00e1s ventas. Permita que los clientes realicen pagos a trav\u00e9s de un instrumento conocido y seguro en su sitio y demu\u00e9streles que su empresa tiene buena reputaci\u00f3n.<\/p><\/div><div class=\"application-platform-content-item-features application-platform-content-item\" id=\"features\" data-nav-section=\"features\"><h2>Caracter\u00edsticas principales del widget del bot\u00f3n de PayPal<\/h2><p>\u00bfQu\u00e9 hace que nuestro widget sea el mejor? Explore las caracter\u00edsticas que ofrece:<\/p><ul><li>Tres tipos de botones: Pago \u00fanico, Suscripci\u00f3n, Donaci\u00f3n;<\/li><li>Opci\u00f3n de suscripci\u00f3n recurrente;<\/li><li>Puede cambiar el tama\u00f1o del bot\u00f3n usando una pr\u00e1ctica barra deslizante;<\/li><li>Color del logotipo de PayPal: original o blanco;<\/li><li>Cuatro \u00edconos de sistemas de pago intercambiables para mayor confianza y seguridad del cliente.<\/li><\/ul><p>Familiar\u00edcese con el conjunto completo de caracter\u00edsticas del editor!<\/p><\/div><div class=\"application-platform-content-item-installation application-platform-content-item\" id=\"installation\" data-nav-section=\"installation\"><h2>C\u00f3mo agregar el bot\u00f3n de PayPal al sitio web de Squarespace<\/h2><div class=\"video-container\"><iframe width=\"720\" height=\"405\" src=\"https:\/\/www.youtube.com\/embed\/XFxjPoTgNok\" frameborder=\"0\"><\/iframe><\/div><p>El tiempo completo de implementaci\u00f3n es de solo 90 segundos, adem\u00e1s no necesitar\u00e1 conocimientos de programaci\u00f3n.<\/p><ol><li><b>Construya su complemento exclusivo de PayPal.<\/b><br>Mediante nuestra demostraci\u00f3n gratuita, cree un complemento con funciones de pago seleccionadas (donaci\u00f3n, suscripci\u00f3n o pago). Personalice la interfaz del widget.<\/li><li><b>Copie el c\u00f3digo para configurar el complemento.<\/b><br>Despu\u00e9s de configurar el widget, obtenga el c\u00f3digo para el complemento de PayPal en la ventana emergente de Elfsight Apps.<\/li><li><b>Publique el complemento en su sitio de SquareSpace.<\/b><br>Coloque el complemento en el \u00e1rea necesaria de la p\u00e1gina y publique los cambios.<\/li><li><b>La configuraci\u00f3n es terminado.<\/b><br>Visite su sitio para comprobar su trabajo.<\/li><\/ol><p>\u00bfLe resulta dif\u00edcil agregar o personalizar el complemento en un sitio web? Deje su mensaje a nuestro equipo de soporte.<\/p><\/div><div class=\"faq\" data-component=\"FAQ\"><div class=\"faq-item\">\r\n\t\t\t\t\t<div class=\"faq-item-question\">\r\n\t\t\t\t\t\t<h3 class=\"faq-item-question-text\">\u00bfC\u00f3mo puedo insertar un bot\u00f3n de PayPal en mi sitio de Squarespace? <\/h3>\r\n\r\n\t\t\t\t\t\t<div class=\"faq-item-question-icon\"><\/div>\r\n\t\t\t\t\t<\/div>\r\n\r\n\t\t\t\t\t<div class=\"faq-item-answer\">\r\n\t\t\t\t\t\t<div class=\"faq-item-answer-text\"><p>La creaci\u00f3n del widget se realiza en las p\u00e1ginas de Elfsight y no necesita aprender a codificar. Abra la demostraci\u00f3n activa para crear su aplicaci\u00f3n, obtenga el c\u00f3digo e incrustelo en su sitio web. <\/p><\/div>\r\n\t\t\t\t\t<\/div>\r\n\t\t\t\t<\/div><div class=\"faq-item\">\r\n\t\t\t\t\t<div class=\"faq-item-question\">\r\n\t\t\t\t\t\t<h3 class=\"faq-item-question-text\">Los mejores ejemplos de uso de la integraci\u00f3n de Paypal<\/h3>\r\n\r\n\t\t\t\t\t\t<div class=\"faq-item-question-icon\"><\/div>\r\n\t\t\t\t\t<\/div>\r\n\r\n\t\t\t\t\t<div class=\"faq-item-answer\">\r\n\t\t\t\t\t\t<div class=\"faq-item-answer-text\"><p>Ofrecemos una gran cantidad de oportunidades de ajuste: widgets a gran escala para implementar en el \u00e1rea de contenido, complementos flotantes con oportunidades de desplazamiento, miniaturas para el pie de p\u00e1gina, la secci\u00f3n principal y todo tipo de oportunidades verticales para men\u00fas y barras laterales del sitio web. <\/p><\/div>\r\n\t\t\t\t\t<\/div>\r\n\t\t\t\t<\/div><div class=\"faq-item\">\r\n\t\t\t\t\t<div class=\"faq-item-question\">\r\n\t\t\t\t\t\t<h3 class=\"faq-item-question-text\">\u00bfPuedo crear un bot\u00f3n de Suscripci\u00f3n o Donaci\u00f3n de PayPal a trav\u00e9s de la agencia del editor? <\/h3>\r\n\r\n\t\t\t\t\t\t<div class=\"faq-item-question-icon\"><\/div>\r\n\t\t\t\t\t<\/div>\r\n\r\n\t\t\t\t\t<div class=\"faq-item-answer\">\r\n\t\t\t\t\t\t<div class=\"faq-item-answer-text\"><p>Puedes darle forma a las modificaciones de cualquier widget. Hay una gran cantidad de dise\u00f1os a tu disposici\u00f3n en el editor, y todos ellos se pueden personalizar f\u00e1cilmente de la forma que necesites. <\/p><\/div>\r\n\t\t\t\t\t<\/div>\r\n\t\t\t\t<\/div><\/div>","protected":false},"excerpt":{"rendered":"","protected":false},"author":9,"featured_media":0,"parent":1287,"menu_order":0,"comment_status":"closed","ping_status":"closed","template":"templates\/template-application-platform.php","meta":{"publish_to_discourse":"","publish_post_category":"","wpdc_auto_publish_overridden":"","wpdc_topic_tags":"","wpdc_pin_topic":"","wpdc_pin_until":"","discourse_post_id":"","discourse_permalink":"","wpdc_publishing_response":"","wpdc_publishing_error":"","footnotes":""},"class_list":["post-7410","page","type-page","status-publish","hentry"],"yoast_head":"<!-- This site is optimized with the Yoast SEO plugin v25.3.1 - https:\/\/yoast.com\/wordpress\/plugins\/seo\/ -->\n<title>Bot\u00f3n de PayPal: agregue el complemento de PayPal al sitio web de Squarespace (2025)<\/title>\n<meta name=\"description\" content=\"Obtenga un complemento personalizado del bot\u00f3n PayPal de comercio electr\u00f3nico (donaciones, pago o suscripci\u00f3n) para integrarlo con Squarespace y agregarlo al sitio web en solo 2 minutos.\" \/>\n<meta name=\"robots\" content=\"index, follow, max-snippet:-1, max-image-preview:large, max-video-preview:-1\" \/>\n<link rel=\"canonical\" href=\"https:\/\/elfsight.com\/es\/paypal-button-widget-generator\/squarespace\/\" \/>\n<meta property=\"og:locale\" content=\"es_ES\" \/>\n<meta property=\"og:type\" content=\"article\" \/>\n<meta property=\"og:title\" content=\"Bot\u00f3n de PayPal: agregue el complemento de PayPal al sitio web de Squarespace (2025)\" \/>\n<meta property=\"og:description\" content=\"Obtenga un complemento personalizado del bot\u00f3n PayPal de comercio electr\u00f3nico (donaciones, pago o suscripci\u00f3n) para integrarlo con Squarespace y agregarlo al sitio web en solo 2 minutos.\" \/>\n<meta property=\"og:url\" content=\"https:\/\/elfsight.com\/es\/paypal-button-widget-generator\/squarespace\/\" \/>\n<meta property=\"og:site_name\" content=\"Elfsight ES\" \/>\n<meta property=\"article:modified_time\" content=\"2025-02-06T15:56:51+00:00\" \/>\n<meta name=\"twitter:card\" content=\"summary_large_image\" \/>\n<meta name=\"twitter:label1\" content=\"Tiempo de lectura\" \/>\n\t<meta name=\"twitter:data1\" content=\"4 minutos\" \/>\n<!-- \/ Yoast SEO plugin. -->","yoast_head_json":{"title":"Bot\u00f3n de PayPal: agregue el complemento de PayPal al sitio web de Squarespace (2025)","description":"Obtenga un complemento personalizado del bot\u00f3n PayPal de comercio electr\u00f3nico (donaciones, pago o suscripci\u00f3n) para integrarlo con Squarespace y agregarlo al sitio web en solo 2 minutos.","robots":{"index":"index","follow":"follow","max-snippet":"max-snippet:-1","max-image-preview":"max-image-preview:large","max-video-preview":"max-video-preview:-1"},"canonical":"https:\/\/elfsight.com\/es\/paypal-button-widget-generator\/squarespace\/","og_locale":"es_ES","og_type":"article","og_title":"Bot\u00f3n de PayPal: agregue el complemento de PayPal al sitio web de Squarespace (2025)","og_description":"Obtenga un complemento personalizado del bot\u00f3n PayPal de comercio electr\u00f3nico (donaciones, pago o suscripci\u00f3n) para integrarlo con Squarespace y agregarlo al sitio web en solo 2 minutos.","og_url":"https:\/\/elfsight.com\/es\/paypal-button-widget-generator\/squarespace\/","og_site_name":"Elfsight ES","article_modified_time":"2025-02-06T15:56:51+00:00","twitter_card":"summary_large_image","twitter_misc":{"Tiempo de lectura":"4 minutos"},"schema":{"@context":"https:\/\/schema.org","@graph":[{"@type":"WebPage","@id":"https:\/\/elfsight.com\/es\/paypal-button-widget-generator\/squarespace\/","url":"https:\/\/elfsight.com\/es\/paypal-button-widget-generator\/squarespace\/","name":"Bot\u00f3n de PayPal: agregue el complemento de PayPal al sitio web de Squarespace (2025)","isPartOf":{"@id":"https:\/\/elfsight.com\/es\/#website"},"datePublished":"1970-01-01T00:00:00+00:00","dateModified":"2025-02-06T15:56:51+00:00","description":"Obtenga un complemento personalizado del bot\u00f3n PayPal de comercio electr\u00f3nico (donaciones, pago o suscripci\u00f3n) para integrarlo con Squarespace y agregarlo al sitio web en solo 2 minutos.","breadcrumb":{"@id":"https:\/\/elfsight.com\/es\/paypal-button-widget-generator\/squarespace\/#breadcrumb"},"inLanguage":"es","potentialAction":[{"@type":"ReadAction","target":["https:\/\/elfsight.com\/es\/paypal-button-widget-generator\/squarespace\/"]}]},{"@type":"BreadcrumbList","@id":"https:\/\/elfsight.com\/es\/paypal-button-widget-generator\/squarespace\/#breadcrumb","itemListElement":[{"@type":"ListItem","position":1,"name":"Home","item":"https:\/\/elfsight.com\/es\/"},{"@type":"ListItem","position":2,"name":"PayPal Button","item":"https:\/\/elfsight.com\/es\/paypal-button-widget-generator\/"},{"@type":"ListItem","position":3,"name":"PayPal Button &#8211; Squarespace"}]},{"@type":"WebSite","@id":"https:\/\/elfsight.com\/es\/#website","url":"https:\/\/elfsight.com\/es\/","name":"Elfsight ES","description":"Just another Elfsight Sites site","potentialAction":[{"@type":"SearchAction","target":{"@type":"EntryPoint","urlTemplate":"https:\/\/elfsight.com\/es\/?s={search_term_string}"},"query-input":{"@type":"PropertyValueSpecification","valueRequired":true,"valueName":"search_term_string"}}],"inLanguage":"es"}]}},"meta_box":{"industry":"","seo_heading":"","heading":"","description":"","cta_heading":"","cta_description":"","application":"1285","h1":"Complemento del bot\u00f3n de PayPal de Squarespace","h1_caption":"Incorpore uno de los m\u00e9todos de pago o donaci\u00f3n m\u00e1s populares en su sitio web","application_category":[],"applications_title":"","applications_request_title":"","applications_request_button_text":"","hero_text":"","hero_video":"","hero_video_schema_markup":"","selling_points_title":"","selling_points_caption":"","selling_points":[],"selling_points_cta_text":"","features_title":"","features":"","ed_cta_examples_text":"","ed_cta_examples_hidden":"","ed_cta_demo_text":"","ed_cta_demo_hidden":"","why_caption":"","why_editor_title":"","why_editor_text":"","why_team_title":"","why_team_text":"","why_service_title":"","why_service_text":"","template_catalog_visible":"","template_catalog_title":"","template_catalog_text":"","template_catalog_categories_visible":"","demo_title":"Crea tu complemento de bot\u00f3n de PayPal","demo_caption":"\u00a1Configura tu bot\u00f3n de PayPal y agr\u00e9galo a tu sitio web de Squarespace gratis!","default_faq_hidden":"","app_template_category":[],"platform":"100","template_public_id":"","codecanyon_url":"","codecanyon_item_id":"","codecanyon_price":"","pricing_caption":"","pricing_elfsight_apps_hide_column":"","pricing_elfsight_apps_url":"","pricing_codecanyon_price_caption":"","integration_category":[],"integration_request_title":"","integration_request_cta":"","integration_platform":"","integrations":[],"platform_category":[],"video_schema_markup":"","price":"desde $0 \/ mes","trial":"","benefits":[{"text":"Asistencia de instalaci\u00f3n gratuita"},{"text":"Servicio al cliente eficaz"},{"text":"Garant\u00eda de devoluci\u00f3n de dinero de 14 d\u00edas"},{"text":"Futuras actualizaciones gratuitas"}],"button_url":"#demo","button_target_blank":"","button_nofollow":"","attributes":[{"name":"Instalaciones","content":"10,000 - 100,000"},{"name":"Sensible","content":"S\u00ed"},{"name":"Navegadores compatibles","content":"Firefox, Safari, Opera, Chrome, Edge"}],"tags":[],"tags_disable_links":"","hide_more_platforms":"","video_object":"","demo_hide_cta":"","demo_hide_cloud_options":"","pricing_title":"","pricing":[{"pricing_icon":"platform","pricing_title":"Elfsight Apps","pricing_title_caption":"Software independiente de la plataforma que se adapta a cualquier sitio","pricing_price":"desde $0 \/ mes","pricing_price_caption":"comienza con un plan gratuito","pricing_benefits":[{"text":"Sitios web ilimitados"},{"text":"Atenci\u00f3n al cliente dedicada"},{"text":"Ayuda de instalaci\u00f3n gratuita"},{"text":"Totalmente personalizable"}],"pricing_button_text":"A\u00f1adir al sitio web","pricing_button_url":"#demo"}],"related_apps_title":"","related_apps_hidden":"","author":"","image":[],"title":"","job":"","social_networks":[]},"_links":{"self":[{"href":"https:\/\/elfsight.com\/es\/wp-json\/wp\/v2\/pages\/7410","targetHints":{"allow":["GET"]}}],"collection":[{"href":"https:\/\/elfsight.com\/es\/wp-json\/wp\/v2\/pages"}],"about":[{"href":"https:\/\/elfsight.com\/es\/wp-json\/wp\/v2\/types\/page"}],"author":[{"embeddable":true,"href":"https:\/\/elfsight.com\/es\/wp-json\/wp\/v2\/users\/9"}],"replies":[{"embeddable":true,"href":"https:\/\/elfsight.com\/es\/wp-json\/wp\/v2\/comments?post=7410"}],"version-history":[{"count":2,"href":"https:\/\/elfsight.com\/es\/wp-json\/wp\/v2\/pages\/7410\/revisions"}],"predecessor-version":[{"id":18948,"href":"https:\/\/elfsight.com\/es\/wp-json\/wp\/v2\/pages\/7410\/revisions\/18948"}],"up":[{"embeddable":true,"href":"https:\/\/elfsight.com\/es\/wp-json\/wp\/v2\/pages\/1287"}],"wp:attachment":[{"href":"https:\/\/elfsight.com\/es\/wp-json\/wp\/v2\/media?parent=7410"}],"curies":[{"name":"wp","href":"https:\/\/api.w.org\/{rel}","templated":true}]}}