{"id":7405,"date":"1970-01-01T00:00:00","date_gmt":"1970-01-01T00:00:00","guid":{"rendered":"https:\/\/elfsight.com\/es\/?page_id=7405"},"modified":"2025-02-06T15:56:51","modified_gmt":"2025-02-06T15:56:51","slug":"shopify","status":"publish","type":"page","link":"https:\/\/elfsight.com\/es\/paypal-button-widget-generator\/shopify\/","title":{"rendered":"PayPal Button &#8211; Shopify"},"content":{"rendered":"<div class=\"application-platform-content-item-description application-platform-content-item\" id=\"description\" data-nav-section=\"description\"><h2>Incorpore el bot\u00f3n de PayPal en Shopify con el widget de Elfsight<\/h2><p>Agregue una herramienta de pago confiable a su sitio web con la m\u00e1xima facilidad. Con el bot\u00f3n PayPal de Elfsight, puede aceptar pagos, suscripciones \u00fanicas y recurrentes y donaciones de sus clientes. Dale forma a tu bot\u00f3n personalizado, eligiendo la variante de pago, moneda, localizaci\u00f3n y opciones de apariencia para hacerlo \u00fanico. Sus clientes disfrutar\u00e1n de un pago r\u00e1pido y pr\u00e1ctico en su sitio a trav\u00e9s del bot\u00f3n PayPal.<\/p><p><b>\u00a1Ofrezca a sus clientes la posibilidad de pagar con PayPal en su sitio y aumente las ventas!<\/b><\/p><p><b>Un m\u00e9todo de pago pr\u00e1ctico en su sitio web instalado sin codificaci\u00f3n en un momento<\/b>.<br>Es esencial para una empresa s\u00f3lida ofrecer a su audiencia una opci\u00f3n pr\u00e1ctica de pagos en l\u00ednea. El bot\u00f3n PayPal de Elfsight en su sitio web har\u00e1 esto. Inst\u00e1lelo r\u00e1pidamente y sin esfuerzo.<\/p><p><b>Un \u00fanico instrumento para obtener pagos, suscripciones y donaciones<\/b>.<br>Una herramienta de Elfsight le permite dise\u00f1ar botones para pagos, suscripciones y donaciones en su sitio web. Ahorre tiempo y esfuerzo y utilice un instrumento universal que le garantice una variedad de opciones.<\/p><p><b>Uno de los instrumentos de pago m\u00e1s confiables y conocidos en su sitio web<\/b>.<br>Asegure un procedimiento de pago pr\u00e1ctico y sencillo para sus clientes y aumente las ventas. Permita a los usuarios realizar pagos a trav\u00e9s de una herramienta conocida y segura en su sitio web y aumente la confianza en su negocio.<\/p><\/div><div class=\"application-platform-content-item-features application-platform-content-item\" id=\"features\" data-nav-section=\"features\"><h2>Caracter\u00edsticas principales del widget del bot\u00f3n de PayPal<\/h2><p>Vea por qu\u00e9 el widget de PayPal de Elfsight es el mejor, estas son sus funciones \u00fatiles:<\/p><ul><li>Configuraci\u00f3n del precio del producto;<\/li><li>Opci\u00f3n para configurar el env\u00edo precio;<\/li><li>Puedes cambiar el tama\u00f1o del bot\u00f3n usando una pr\u00e1ctica barra deslizante;<\/li><li>Texto y color del texto del bot\u00f3n ajustables;<\/li><li>Mostrar u ocultar el texto del logotipo de PayPal.<\/li><\/ul><p><a href=\"#demo\">Pruebe con todos los detalles<\/a><\/p><\/div><div class=\"application-platform-content-item-installation application-platform-content-item\" id=\"installation\" data-nav-section=\"installation\"><h2>C\u00f3mo agregar el bot\u00f3n de PayPal a Shopify sitio web<\/h2><div class=\"video-container\"><iframe width=\"720\" height=\"405\" src=\"https:\/\/www.youtube.com\/embed\/1tR59ilBg6I\" frameborder=\"0\"><\/iframe><\/div><p>Consulte un tutorial de nuestro equipo para mostrar el complemento en su sitio. El proceso de instalaci\u00f3n tardar\u00e1 menos de unos minutos y no es necesario tener conocimientos de programaci\u00f3n.<\/p><ol><li><b>Utilice nuestro editor gratuito y comience a trabajar con su aplicaci\u00f3n personalizada. <\/b><br> Determine el aspecto y la funcionalidad deseables de la aplicaci\u00f3n y aplique todas las modificaciones. <\/li> <li><b>Copia tu c\u00f3digo individual que aparece en la ventana de Elfsight Apps. <\/b><br> Tan pronto como finalice el establecimiento de su aplicaci\u00f3n personal, copie su c\u00f3digo en la ventana emergente que aparece y gu\u00e1rdelo para necesitarlo m\u00e1s adelante. <\/li> <li><b>Comience a utilizar la aplicaci\u00f3n en el sitio web de Shopify. <\/b><br> Pegue el c\u00f3digo que guard\u00f3 recientemente en su p\u00e1gina y guarde las correcciones. <\/li> <li><b>\u00a1Ya terminaste! La integraci\u00f3n se logra con \u00e9xito. <\/b><br>Abre tu sitio para comprobar el funcionamiento de la aplicaci\u00f3n. <\/li><\/ol><p>\u00bfTiene dificultades con la instrucci\u00f3n? Env\u00ede un mensaje al centro de soporte de Elfsight o consulte la versi\u00f3n completa del tutorial e int\u00e9ntelo nuevamente.<\/p><\/div><div class=\"faq\" data-component=\"FAQ\"><div class=\"faq-item\">\r\n\t\t\t\t\t<div class=\"faq-item-question\">\r\n\t\t\t\t\t\t<h3 class=\"faq-item-question-text\">\u00bfDe qu\u00e9 manera incrusto un bot\u00f3n de PayPal en Shopify? <\/h3>\r\n\r\n\t\t\t\t\t\t<div class=\"faq-item-question-icon\"><\/div>\r\n\t\t\t\t\t<\/div>\r\n\r\n\t\t\t\t\t<div class=\"faq-item-answer\">\r\n\t\t\t\t\t\t<div class=\"faq-item-answer-text\"><p>La creaci\u00f3n de la herramienta se realiza en las p\u00e1ginas de Elfsight y no es necesario aprender a codificar. Aplique nuestra demostraci\u00f3n activa para dar forma a su herramienta personal, obtenga el c\u00f3digo y p\u00e9guelo en su sitio web. <\/p><\/div>\r\n\t\t\t\t\t<\/div>\r\n\t\t\t\t<\/div><div class=\"faq-item\">\r\n\t\t\t\t\t<div class=\"faq-item-question\">\r\n\t\t\t\t\t\t<h3 class=\"faq-item-question-text\">Las mejores formas de utilizar la integraci\u00f3n de PayPal<\/h3>\r\n\r\n\t\t\t\t\t\t<div class=\"faq-item-question-icon\"><\/div>\r\n\t\t\t\t\t<\/div>\r\n\r\n\t\t\t\t\t<div class=\"faq-item-answer\">\r\n\t\t\t\t\t\t<div class=\"faq-item-answer-text\"><p>Le ofrecemos una gran cantidad de opciones de personalizaci\u00f3n: widgets de tama\u00f1o completo para agregar en el \u00e1rea de contenido, widgets flotantes para opciones de desplazamiento, dise\u00f1os para el pie de p\u00e1gina, el encabezado y todas las variaciones de posibilidades verticales para las barras laterales y los men\u00fas del sitio web. <\/p><\/div>\r\n\t\t\t\t\t<\/div>\r\n\t\t\t\t<\/div><div class=\"faq-item\">\r\n\t\t\t\t\t<div class=\"faq-item-question\">\r\n\t\t\t\t\t\t<h3 class=\"faq-item-question-text\">\u00bfPuedo crear un bot\u00f3n de suscripci\u00f3n o donaci\u00f3n de PayPal con la ayuda del editor? <\/h3>\r\n\r\n\t\t\t\t\t\t<div class=\"faq-item-question-icon\"><\/div>\r\n\t\t\t\t\t<\/div>\r\n\r\n\t\t\t\t\t<div class=\"faq-item-answer\">\r\n\t\t\t\t\t\t<div class=\"faq-item-answer-text\"><p>Eres libre de crear las modificaciones de cualquier widget. Hay muchos dise\u00f1os a tu disposici\u00f3n en el editor y todos ellos se pueden personalizar f\u00e1cilmente seg\u00fan tus necesidades. <\/p><\/div>\r\n\t\t\t\t\t<\/div>\r\n\t\t\t\t<\/div><\/div>","protected":false},"excerpt":{"rendered":"","protected":false},"author":9,"featured_media":0,"parent":1287,"menu_order":0,"comment_status":"closed","ping_status":"closed","template":"templates\/template-application-platform.php","meta":{"publish_to_discourse":"","publish_post_category":"","wpdc_auto_publish_overridden":"","wpdc_topic_tags":"","wpdc_pin_topic":"","wpdc_pin_until":"","discourse_post_id":"","discourse_permalink":"","wpdc_publishing_response":"","wpdc_publishing_error":"","footnotes":""},"class_list":["post-7405","page","type-page","status-publish","hentry"],"yoast_head":"<!-- This site is optimized with the Yoast SEO plugin v25.3.1 - https:\/\/yoast.com\/wordpress\/plugins\/seo\/ -->\n<title>Bot\u00f3n PayPal: agregar la aplicaci\u00f3n PayPal al sitio web de Shopify (2025)<\/title>\n<meta name=\"description\" content=\"\u00a1Integre nuestro bot\u00f3n PayPal en el sitio web de Shopify ahora mismo! \u00a1Genere una aplicaci\u00f3n de pago dise\u00f1ada individualmente para su sitio web en solo un par de minutos!\" \/>\n<meta name=\"robots\" content=\"index, follow, max-snippet:-1, max-image-preview:large, max-video-preview:-1\" \/>\n<link rel=\"canonical\" href=\"https:\/\/elfsight.com\/es\/paypal-button-widget-generator\/shopify\/\" \/>\n<meta property=\"og:locale\" content=\"es_ES\" \/>\n<meta property=\"og:type\" content=\"article\" \/>\n<meta property=\"og:title\" content=\"Bot\u00f3n PayPal: agregar la aplicaci\u00f3n PayPal al sitio web de Shopify (2025)\" \/>\n<meta property=\"og:description\" content=\"\u00a1Integre nuestro bot\u00f3n PayPal en el sitio web de Shopify ahora mismo! \u00a1Genere una aplicaci\u00f3n de pago dise\u00f1ada individualmente para su sitio web en solo un par de minutos!\" \/>\n<meta property=\"og:url\" content=\"https:\/\/elfsight.com\/es\/paypal-button-widget-generator\/shopify\/\" \/>\n<meta property=\"og:site_name\" content=\"Elfsight ES\" \/>\n<meta property=\"article:modified_time\" content=\"2025-02-06T15:56:51+00:00\" \/>\n<meta name=\"twitter:card\" content=\"summary_large_image\" \/>\n<meta name=\"twitter:label1\" content=\"Tiempo de lectura\" \/>\n\t<meta name=\"twitter:data1\" content=\"4 minutos\" \/>\n<!-- \/ Yoast SEO plugin. -->","yoast_head_json":{"title":"Bot\u00f3n PayPal: agregar la aplicaci\u00f3n PayPal al sitio web de Shopify (2025)","description":"\u00a1Integre nuestro bot\u00f3n PayPal en el sitio web de Shopify ahora mismo! \u00a1Genere una aplicaci\u00f3n de pago dise\u00f1ada individualmente para su sitio web en solo un par de minutos!","robots":{"index":"index","follow":"follow","max-snippet":"max-snippet:-1","max-image-preview":"max-image-preview:large","max-video-preview":"max-video-preview:-1"},"canonical":"https:\/\/elfsight.com\/es\/paypal-button-widget-generator\/shopify\/","og_locale":"es_ES","og_type":"article","og_title":"Bot\u00f3n PayPal: agregar la aplicaci\u00f3n PayPal al sitio web de Shopify (2025)","og_description":"\u00a1Integre nuestro bot\u00f3n PayPal en el sitio web de Shopify ahora mismo! \u00a1Genere una aplicaci\u00f3n de pago dise\u00f1ada individualmente para su sitio web en solo un par de minutos!","og_url":"https:\/\/elfsight.com\/es\/paypal-button-widget-generator\/shopify\/","og_site_name":"Elfsight ES","article_modified_time":"2025-02-06T15:56:51+00:00","twitter_card":"summary_large_image","twitter_misc":{"Tiempo de lectura":"4 minutos"},"schema":{"@context":"https:\/\/schema.org","@graph":[{"@type":"WebPage","@id":"https:\/\/elfsight.com\/es\/paypal-button-widget-generator\/shopify\/","url":"https:\/\/elfsight.com\/es\/paypal-button-widget-generator\/shopify\/","name":"Bot\u00f3n PayPal: agregar la aplicaci\u00f3n PayPal al sitio web de Shopify (2025)","isPartOf":{"@id":"https:\/\/elfsight.com\/es\/#website"},"datePublished":"1970-01-01T00:00:00+00:00","dateModified":"2025-02-06T15:56:51+00:00","description":"\u00a1Integre nuestro bot\u00f3n PayPal en el sitio web de Shopify ahora mismo! \u00a1Genere una aplicaci\u00f3n de pago dise\u00f1ada individualmente para su sitio web en solo un par de minutos!","breadcrumb":{"@id":"https:\/\/elfsight.com\/es\/paypal-button-widget-generator\/shopify\/#breadcrumb"},"inLanguage":"es","potentialAction":[{"@type":"ReadAction","target":["https:\/\/elfsight.com\/es\/paypal-button-widget-generator\/shopify\/"]}]},{"@type":"BreadcrumbList","@id":"https:\/\/elfsight.com\/es\/paypal-button-widget-generator\/shopify\/#breadcrumb","itemListElement":[{"@type":"ListItem","position":1,"name":"Home","item":"https:\/\/elfsight.com\/es\/"},{"@type":"ListItem","position":2,"name":"PayPal Button","item":"https:\/\/elfsight.com\/es\/paypal-button-widget-generator\/"},{"@type":"ListItem","position":3,"name":"PayPal Button &#8211; Shopify"}]},{"@type":"WebSite","@id":"https:\/\/elfsight.com\/es\/#website","url":"https:\/\/elfsight.com\/es\/","name":"Elfsight ES","description":"Just another Elfsight Sites site","potentialAction":[{"@type":"SearchAction","target":{"@type":"EntryPoint","urlTemplate":"https:\/\/elfsight.com\/es\/?s={search_term_string}"},"query-input":{"@type":"PropertyValueSpecification","valueRequired":true,"valueName":"search_term_string"}}],"inLanguage":"es"}]}},"meta_box":{"industry":"","seo_heading":"","heading":"","description":"","cta_heading":"","cta_description":"","application":"1285","h1":"Aplicaci\u00f3n del bot\u00f3n Shopify PayPal","h1_caption":"Acepte pagos \u00fanicos, suscripciones y donaciones en su sitio a trav\u00e9s de PayPal","application_category":[],"applications_title":"","applications_request_title":"","applications_request_button_text":"","hero_text":"","hero_video":"","hero_video_schema_markup":"","selling_points_title":"","selling_points_caption":"","selling_points":[],"selling_points_cta_text":"","features_title":"","features":"","ed_cta_examples_text":"","ed_cta_examples_hidden":"","ed_cta_demo_text":"","ed_cta_demo_hidden":"","why_caption":"","why_editor_title":"","why_editor_text":"","why_team_title":"","why_team_text":"","why_service_title":"","why_service_text":"","template_catalog_visible":"","template_catalog_title":"","template_catalog_text":"","template_catalog_categories_visible":"","demo_title":"Crea tu aplicaci\u00f3n de bot\u00f3n de PayPal","demo_caption":"\u00a1Configura tu bot\u00f3n de PayPal y agr\u00e9galo a tu sitio web de Shopify gratis!","default_faq_hidden":"","app_template_category":[],"platform":"91","template_public_id":"","codecanyon_url":"","codecanyon_item_id":"","codecanyon_price":"","pricing_caption":"","pricing_elfsight_apps_hide_column":"","pricing_elfsight_apps_url":"","pricing_codecanyon_price_caption":"","integration_category":[],"integration_request_title":"","integration_request_cta":"","integration_platform":"","integrations":[],"platform_category":[],"video_schema_markup":"","price":"desde $0 \/ mes","trial":"","benefits":[{"text":"Servicio de instalaci\u00f3n gratuito"},{"text":"Soporte premium"},{"text":"Garant\u00eda de devoluci\u00f3n de dinero de 14 d\u00edas"},{"text":"Actualizaciones gratuitas continuas"}],"button_url":"#demo","button_target_blank":"","button_nofollow":"","attributes":[{"name":"Instalaciones","content":"10,000 - 100,000"},{"name":"Sensible","content":"S\u00ed"},{"name":"Navegadores compatibles","content":"Firefox, Safari, Opera, Chrome, Edge"}],"tags":[],"tags_disable_links":"","hide_more_platforms":"","video_object":"","demo_hide_cta":"","demo_hide_cloud_options":"","pricing_title":"","pricing":[{"pricing_icon":"platform","pricing_title":"Elfsight Apps","pricing_title_caption":"Versi\u00f3n multiplataforma que funciona en cualquier sitio web.","pricing_price":"desde $0 \/ mes","pricing_price_caption":"comienza con el plan gratuito","pricing_benefits":[{"text":"Sitios web ilimitados"},{"text":"Soporte premium"},{"text":"Servicio de instalaci\u00f3n gratuito"},{"text":"Oferta especial para m\u00faltiples aplicaciones."}],"pricing_button_text":"A\u00f1adir al sitio web","pricing_button_url":"#demo"}],"related_apps_title":"","related_apps_hidden":"","author":"","image":[],"title":"","job":"","social_networks":[]},"_links":{"self":[{"href":"https:\/\/elfsight.com\/es\/wp-json\/wp\/v2\/pages\/7405","targetHints":{"allow":["GET"]}}],"collection":[{"href":"https:\/\/elfsight.com\/es\/wp-json\/wp\/v2\/pages"}],"about":[{"href":"https:\/\/elfsight.com\/es\/wp-json\/wp\/v2\/types\/page"}],"author":[{"embeddable":true,"href":"https:\/\/elfsight.com\/es\/wp-json\/wp\/v2\/users\/9"}],"replies":[{"embeddable":true,"href":"https:\/\/elfsight.com\/es\/wp-json\/wp\/v2\/comments?post=7405"}],"version-history":[{"count":2,"href":"https:\/\/elfsight.com\/es\/wp-json\/wp\/v2\/pages\/7405\/revisions"}],"predecessor-version":[{"id":18949,"href":"https:\/\/elfsight.com\/es\/wp-json\/wp\/v2\/pages\/7405\/revisions\/18949"}],"up":[{"embeddable":true,"href":"https:\/\/elfsight.com\/es\/wp-json\/wp\/v2\/pages\/1287"}],"wp:attachment":[{"href":"https:\/\/elfsight.com\/es\/wp-json\/wp\/v2\/media?parent=7405"}],"curies":[{"name":"wp","href":"https:\/\/api.w.org\/{rel}","templated":true}]}}