{"id":7404,"date":"1970-01-01T00:00:00","date_gmt":"1970-01-01T00:00:00","guid":{"rendered":"https:\/\/elfsight.com\/es\/?page_id=7404"},"modified":"2025-02-06T15:56:51","modified_gmt":"2025-02-06T15:56:51","slug":"prestashop","status":"publish","type":"page","link":"https:\/\/elfsight.com\/es\/paypal-button-widget-generator\/prestashop\/","title":{"rendered":"PayPal Button &#8211; PrestaShop"},"content":{"rendered":"<div class=\"application-platform-content-item-description application-platform-content-item\" id=\"description\" data-nav-section=\"description\"> <h2>Descripci\u00f3n<\/h2> <p>El bot\u00f3n PayPal de Elfsight ofrece una forma sencilla de permitir que sus clientes paguen a trav\u00e9s de PayPal en un sitio. Permite configurar botones para pagos \u00fanicos, suscripciones autom\u00e1ticas y donaciones. Puede mostrar impuestos y precio de entrega, elegir localizaci\u00f3n y moneda, mostrar texto y muchas m\u00e1s opciones. Obtenga una variante de pago f\u00e1cil y segura para sus usuarios utilizando uno de los sistemas de pago m\u00e1s confiables y con la m\u00e1xima rapidez. Coloque en su sitio web un sistema de pago claro y confiable con facilidad. Con el bot\u00f3n PayPal de Elfsight, puede obtener pagos \u00fanicos, suscripciones autom\u00e1ticas y donaciones de la audiencia. Obt\u00e9n tu bot\u00f3n personalizado, eligiendo el tipo de pago, moneda, localizaci\u00f3n y eligiendo opciones de apariencia para hacerlo realmente \u00fanico. A sus compradores les gustar\u00e1n los procedimientos de pago r\u00e1pidos y pr\u00e1cticos en su sitio web con el bot\u00f3n PayPal. <\/p> <p><b>Haga que su sitio sea m\u00e1s eficiente para las tareas de comercio electr\u00f3nico con el bot\u00f3n PayPal.<\/b><\/p> <\/div> <div class=\"application-platform-content-item-features application-platform-content-item\" id=\"features\" data-nav-section=\"features\"> <h2>Estas son solo algunas de las caracter\u00edsticas del widget: <\/h2> <ul><li>Tres tipos de botones: pago \u00fanico, donaci\u00f3n, suscripci\u00f3n<\/li><li>Agregar nombre de producto<\/li><li>Una biblioteca de todo las monedas m\u00e1s populares<\/li><li>Configuraci\u00f3n del precio del producto<\/li><li>Opci\u00f3n para establecer el precio de env\u00edo<\/li><li>2 variantes de indicaci\u00f3n de impuestos: fijo o porcentual<\/li><li>Elija uno de los intervalos de facturaci\u00f3n: anual, mensual, diario, semanal<\/li><li>Opci\u00f3n de suscripci\u00f3n recurrente <\/li><li>Mostrar u ocultar el \u00edcono de PayPal<\/li><li>Establezca cualquier texto encima del bot\u00f3n usando el encabezado del bot\u00f3n<\/li><li>Opci\u00f3n para dirigir a un cliente a una p\u00e1gina de agradecimiento personalizada despu\u00e9s de una exitosa transacci\u00f3n<\/li><\/ul><p><a href=\"#demo\">Pruebe esta demostraci\u00f3n para tener una idea completa<\/a><\/p> <\/div> <div class=\"application-platform-content-item-installation application-platform-content-item\" id=\"installation\" data-nav-section=\"installation\"> <h2>\u00bfC\u00f3mo inserto el bot\u00f3n de PayPal en mi p\u00e1gina web de PrestaShop? <\/h2> <p>Simplemente siga las pautas a continuaci\u00f3n para agregar el complemento. <\/p> <ol><li><b>Utilice nuestro configurador gratuito y comience a crear su complemento \u00fanico. <\/b><br> Especifique el dise\u00f1o y las especificaciones preferibles del widget y guarde las modificaciones. <\/li> <li><b>Adquiera su c\u00f3digo individual que se muestra en el cuadro de Elfsight Apps. <\/b><br> Tan pronto como finalice la generaci\u00f3n de su complemento personal, copie el c\u00f3digo personal en el cuadro que aparece y gu\u00e1rdelo para futuras necesidades. <\/li> <li><b>Comience a aplicar el widget en la p\u00e1gina web de PrestaShop. <\/b><br> Agregue el c\u00f3digo que guard\u00f3 recientemente en su p\u00e1gina y guarde los ajustes. <\/li> <li><b>La instalaci\u00f3n ha finalizado por completo. <\/b><br>Vaya a su sitio web para ver c\u00f3mo funciona la herramienta. <\/li><\/ol> <p>En caso de que tenga alguna complicaci\u00f3n, no dude en comunicarse con nuestro equipo de soporte. Nuestros especialistas estar\u00e1n encantados de ayudarle con todas las dificultades que pueda tener con el producto. <\/p> <div class=\"faq\" data-component=\"FAQ\"> <div class=\"faq-item\">\r\n\t\t\t\t\t<div class=\"faq-item-question\">\r\n\t\t\t\t\t\t<h3 class=\"faq-item-question-text\">\u00bfC\u00f3mo agregar un bot\u00f3n de PayPal a mi sitio web PrestaShop sin conocimientos de codificaci\u00f3n?<\/h3>\r\n\r\n\t\t\t\t\t\t<div class=\"faq-item-question-icon\"><\/div>\r\n\t\t\t\t\t<\/div>\r\n\r\n\t\t\t\t\t<div class=\"faq-item-answer\">\r\n\t\t\t\t\t\t<div class=\"faq-item-answer-text\"> <p>Elfsight proporciona una soluci\u00f3n SaaS que le permite crear un widget de bot\u00f3n de PayPal usted mismo. Vea lo f\u00e1cil que es el proceso: trabaje directamente en el editor en l\u00ednea para crear un widget de bot\u00f3n de PayPal que le gustar\u00eda ver en su sitio web de PrestaShop. Elija una de las plantillas predise\u00f1adas y ajuste la configuraci\u00f3n del bot\u00f3n de PayPal, agregue su contenido, cambie el dise\u00f1o y los colores sin conocimientos de codificaci\u00f3n. Guarde el bot\u00f3n de PayPal y copie su c\u00f3digo de instalaci\u00f3n, que podr\u00e1 agregar f\u00e1cilmente a su sitio web PrestaShop sin comprar una versi\u00f3n paga. Con nuestro editor intuitivo, cualquier usuario de Internet puede crear un widget de bot\u00f3n de PayPal en l\u00ednea e incrustarlo f\u00e1cilmente en su sitio web PrestaShop. No es necesario pagar ni ingresar las credenciales de su tarjeta para acceder al servicio. Si tiene alg\u00fan problema en cualquier paso, no dude en ponerse en contacto con nuestro equipo de soporte t\u00e9cnico.<\/p> <\/div>\r\n\t\t\t\t\t<\/div>\r\n\t\t\t\t<\/div> <\/div> <\/div>","protected":false},"excerpt":{"rendered":"","protected":false},"author":9,"featured_media":0,"parent":1287,"menu_order":0,"comment_status":"closed","ping_status":"closed","template":"templates\/template-application-platform.php","meta":{"publish_to_discourse":"","publish_post_category":"","wpdc_auto_publish_overridden":"","wpdc_topic_tags":"","wpdc_pin_topic":"","wpdc_pin_until":"","discourse_post_id":"","discourse_permalink":"","wpdc_publishing_response":"","wpdc_publishing_error":"","footnotes":""},"class_list":["post-7404","page","type-page","status-publish","hentry"],"yoast_head":"<!-- This site is optimized with the Yoast SEO plugin v25.3.1 - https:\/\/yoast.com\/wordpress\/plugins\/seo\/ -->\n<title>Bot\u00f3n de PayPal: agregue el complemento de PayPal al sitio web de PrestaShop (2026)<\/title>\n<meta name=\"description\" content=\"Obtenga un complemento personalizado del bot\u00f3n PayPal de comercio electr\u00f3nico (donaciones, pago o suscripci\u00f3n) para la integraci\u00f3n con PrestaShop y agr\u00e9guelo al sitio web en 2 minutos.\" \/>\n<meta name=\"robots\" content=\"index, follow, max-snippet:-1, max-image-preview:large, max-video-preview:-1\" \/>\n<link rel=\"canonical\" href=\"https:\/\/elfsight.com\/es\/paypal-button-widget-generator\/prestashop\/\" \/>\n<meta property=\"og:locale\" content=\"es_ES\" \/>\n<meta property=\"og:type\" content=\"article\" \/>\n<meta property=\"og:title\" content=\"Bot\u00f3n de PayPal: agregue el complemento de PayPal al sitio web de PrestaShop (2026)\" \/>\n<meta property=\"og:description\" content=\"Obtenga un complemento personalizado del bot\u00f3n PayPal de comercio electr\u00f3nico (donaciones, pago o suscripci\u00f3n) para la integraci\u00f3n con PrestaShop y agr\u00e9guelo al sitio web en 2 minutos.\" \/>\n<meta property=\"og:url\" content=\"https:\/\/elfsight.com\/es\/paypal-button-widget-generator\/prestashop\/\" \/>\n<meta property=\"og:site_name\" content=\"Elfsight ES\" \/>\n<meta property=\"article:modified_time\" content=\"2025-02-06T15:56:51+00:00\" \/>\n<meta name=\"twitter:card\" content=\"summary_large_image\" \/>\n<meta name=\"twitter:label1\" content=\"Tiempo de lectura\" \/>\n\t<meta name=\"twitter:data1\" content=\"4 minutos\" \/>\n<!-- \/ Yoast SEO plugin. -->","yoast_head_json":{"title":"Bot\u00f3n de PayPal: agregue el complemento de PayPal al sitio web de PrestaShop (2026)","description":"Obtenga un complemento personalizado del bot\u00f3n PayPal de comercio electr\u00f3nico (donaciones, pago o suscripci\u00f3n) para la integraci\u00f3n con PrestaShop y agr\u00e9guelo al sitio web en 2 minutos.","robots":{"index":"index","follow":"follow","max-snippet":"max-snippet:-1","max-image-preview":"max-image-preview:large","max-video-preview":"max-video-preview:-1"},"canonical":"https:\/\/elfsight.com\/es\/paypal-button-widget-generator\/prestashop\/","og_locale":"es_ES","og_type":"article","og_title":"Bot\u00f3n de PayPal: agregue el complemento de PayPal al sitio web de PrestaShop (2026)","og_description":"Obtenga un complemento personalizado del bot\u00f3n PayPal de comercio electr\u00f3nico (donaciones, pago o suscripci\u00f3n) para la integraci\u00f3n con PrestaShop y agr\u00e9guelo al sitio web en 2 minutos.","og_url":"https:\/\/elfsight.com\/es\/paypal-button-widget-generator\/prestashop\/","og_site_name":"Elfsight ES","article_modified_time":"2025-02-06T15:56:51+00:00","twitter_card":"summary_large_image","twitter_misc":{"Tiempo de lectura":"4 minutos"},"schema":{"@context":"https:\/\/schema.org","@graph":[{"@type":"WebPage","@id":"https:\/\/elfsight.com\/es\/paypal-button-widget-generator\/prestashop\/","url":"https:\/\/elfsight.com\/es\/paypal-button-widget-generator\/prestashop\/","name":"Bot\u00f3n de PayPal: agregue el complemento de PayPal al sitio web de PrestaShop (2026)","isPartOf":{"@id":"https:\/\/elfsight.com\/es\/#website"},"datePublished":"1970-01-01T00:00:00+00:00","dateModified":"2025-02-06T15:56:51+00:00","description":"Obtenga un complemento personalizado del bot\u00f3n PayPal de comercio electr\u00f3nico (donaciones, pago o suscripci\u00f3n) para la integraci\u00f3n con PrestaShop y agr\u00e9guelo al sitio web en 2 minutos.","breadcrumb":{"@id":"https:\/\/elfsight.com\/es\/paypal-button-widget-generator\/prestashop\/#breadcrumb"},"inLanguage":"es","potentialAction":[{"@type":"ReadAction","target":["https:\/\/elfsight.com\/es\/paypal-button-widget-generator\/prestashop\/"]}]},{"@type":"BreadcrumbList","@id":"https:\/\/elfsight.com\/es\/paypal-button-widget-generator\/prestashop\/#breadcrumb","itemListElement":[{"@type":"ListItem","position":1,"name":"Home","item":"https:\/\/elfsight.com\/es\/"},{"@type":"ListItem","position":2,"name":"PayPal Button","item":"https:\/\/elfsight.com\/es\/paypal-button-widget-generator\/"},{"@type":"ListItem","position":3,"name":"PayPal Button &#8211; PrestaShop"}]},{"@type":"WebSite","@id":"https:\/\/elfsight.com\/es\/#website","url":"https:\/\/elfsight.com\/es\/","name":"Elfsight ES","description":"Just another Elfsight Sites site","potentialAction":[{"@type":"SearchAction","target":{"@type":"EntryPoint","urlTemplate":"https:\/\/elfsight.com\/es\/?s={search_term_string}"},"query-input":{"@type":"PropertyValueSpecification","valueRequired":true,"valueName":"search_term_string"}}],"inLanguage":"es"}]}},"meta_box":{"industry":"","seo_heading":"","heading":"","description":"","cta_heading":"","cta_description":"","application":"1285","h1":"Complemento del bot\u00f3n PrestaShop PayPal","h1_caption":"Reciba pagos, suscripciones y donaciones en su sitio web a trav\u00e9s de PayPal","application_category":[],"applications_title":"","applications_request_title":"","applications_request_button_text":"","hero_text":"","hero_video":"","hero_video_schema_markup":"","selling_points_title":"","selling_points_caption":"","selling_points":[],"selling_points_cta_text":"","features_title":"","features":"","ed_cta_examples_text":"","ed_cta_examples_hidden":"","ed_cta_demo_text":"","ed_cta_demo_hidden":"","why_caption":"","why_editor_title":"","why_editor_text":"","why_team_title":"","why_team_text":"","why_service_title":"","why_service_text":"","template_catalog_visible":"","template_catalog_title":"","template_catalog_text":"","template_catalog_categories_visible":"","demo_title":"Crea tu complemento de bot\u00f3n de PayPal","demo_caption":"\u00a1Configura tu Bot\u00f3n PayPal y agr\u00e9galo a tu sitio web PrestaShop gratis!","default_faq_hidden":"","app_template_category":[],"platform":"2250","template_public_id":"","codecanyon_url":"","codecanyon_item_id":"","codecanyon_price":"","pricing_caption":"","pricing_elfsight_apps_hide_column":"","pricing_elfsight_apps_url":"","pricing_codecanyon_price_caption":"","integration_category":[],"integration_request_title":"","integration_request_cta":"","integration_platform":"","integrations":[],"platform_category":[],"video_schema_markup":"","price":"desde $0 \/ mes","trial":"","benefits":[{"text":"Asistencia de instalaci\u00f3n gratuita"},{"text":"Soporte premium"},{"text":"Garant\u00eda de reembolso de 14 d\u00edas"},{"text":"Actualizando constantemente"}],"button_url":"#demo","button_target_blank":"","button_nofollow":"","attributes":[{"name":"Instalaciones","content":"10,000 - 100,000"},{"name":"Sensible","content":"S\u00ed"},{"name":"Navegadores compatibles","content":"Firefox, Safari, Opera, Chrome, Edge"}],"tags":[],"tags_disable_links":"","hide_more_platforms":"","video_object":"","demo_hide_cta":"","demo_hide_cloud_options":"","pricing_title":"","pricing":[{"pricing_icon":"platform","pricing_title":"Elfsight Apps","pricing_title_caption":"Soluci\u00f3n multiplataforma","pricing_price":"desde $0 \/ mes","pricing_price_caption":"comienza con un plan gratuito","pricing_benefits":[{"text":"Dominios ilimitados"},{"text":"Soporte dedicado y puntual"},{"text":"Ayuda de instalaci\u00f3n gratuita"},{"text":"Totalmente personalizable"}],"pricing_button_text":"A\u00f1adir al sitio web","pricing_button_url":"#demo"}],"related_apps_title":"","related_apps_hidden":"","author":"","image":[],"title":"","job":"","social_networks":[]},"_links":{"self":[{"href":"https:\/\/elfsight.com\/es\/wp-json\/wp\/v2\/pages\/7404","targetHints":{"allow":["GET"]}}],"collection":[{"href":"https:\/\/elfsight.com\/es\/wp-json\/wp\/v2\/pages"}],"about":[{"href":"https:\/\/elfsight.com\/es\/wp-json\/wp\/v2\/types\/page"}],"author":[{"embeddable":true,"href":"https:\/\/elfsight.com\/es\/wp-json\/wp\/v2\/users\/9"}],"replies":[{"embeddable":true,"href":"https:\/\/elfsight.com\/es\/wp-json\/wp\/v2\/comments?post=7404"}],"version-history":[{"count":2,"href":"https:\/\/elfsight.com\/es\/wp-json\/wp\/v2\/pages\/7404\/revisions"}],"predecessor-version":[{"id":18950,"href":"https:\/\/elfsight.com\/es\/wp-json\/wp\/v2\/pages\/7404\/revisions\/18950"}],"up":[{"embeddable":true,"href":"https:\/\/elfsight.com\/es\/wp-json\/wp\/v2\/pages\/1287"}],"wp:attachment":[{"href":"https:\/\/elfsight.com\/es\/wp-json\/wp\/v2\/media?parent=7404"}],"curies":[{"name":"wp","href":"https:\/\/api.w.org\/{rel}","templated":true}]}}