{"id":7403,"date":"1970-01-01T00:00:00","date_gmt":"1970-01-01T00:00:00","guid":{"rendered":"https:\/\/elfsight.com\/es\/?page_id=7403"},"modified":"2025-02-06T15:57:12","modified_gmt":"2025-02-06T15:57:12","slug":"opencart","status":"publish","type":"page","link":"https:\/\/elfsight.com\/es\/paypal-button-widget-generator\/opencart\/","title":{"rendered":"PayPal Button &#8211; OpenCart"},"content":{"rendered":"<div class=\"application-platform-content-item-description application-platform-content-item\" id=\"description\" data-nav-section=\"description\"><h2>Descripci\u00f3n<\/h2><p>La integraci\u00f3n del bot\u00f3n PayPal es una forma sencilla de permitir a sus usuarios realizar pagos a trav\u00e9s de PayPal en su sitio. Permite mostrar botones para pagos, suscripciones repetidas y donaciones. Es f\u00e1cil agregar impuestos y precios de env\u00edo, modificar la localizaci\u00f3n y la moneda, agregar texto y mucho m\u00e1s. Organice un procedimiento de pago pr\u00e1ctico y seguro para sus usuarios con la ayuda de uno de los instrumentos de pago de mayor reputaci\u00f3n sobre la marcha.<\/p><p><b>\u00a1Permita que sus compradores realicen pagos a trav\u00e9s de PayPal en su sitio web y mejore sus ventas!<\/b><\/p><p><b>Un procedimiento de pago pr\u00e1ctico en su sitio, en poco tiempo<\/b>.<br> Es muy importante para una empresa exitosa ofrecer a sus clientes pagos en l\u00ednea sencillos. Integre el bot\u00f3n PayPal de Elfsight en su sitio y podr\u00e1 hacerlo f\u00e1cil y r\u00e1pidamente.<\/p><p><b>Una soluci\u00f3n universal para aceptar pagos, suscripciones y donaciones<\/b>.<br> Con un solo widget de Elfsight, puede dise\u00f1ar botones para pagar, suscribirse y donar en su sitio web. Ahorre tiempo y esfuerzo y obtenga un instrumento multifuncional que le brinda una variedad de opciones.<\/p><p><b>Uno de los sistemas de pago m\u00e1s seguros y populares en su sitio web<\/b>.<br> Haga que su sitio sea realmente c\u00f3modo para sus compradores y estimule las ventas. Permita a los usuarios pagar a trav\u00e9s de un instrumento conocido y confiable en su sitio web y mu\u00e9streles que su negocio es confiable.<\/p><\/div><div class=\"application-platform-content-item-features application-platform-content-item\" id=\"features\" data-nav-section=\"features\"><h2>Caracter\u00edsticas<\/h2><p>Descubra las caracter\u00edsticas que hacen de nuestra integraci\u00f3n una de las mejores para pagos en sitios web:<\/p><ul><li>Tres tipos de botones: Pago \u00fanico, Suscripci\u00f3n, Donaci\u00f3n;<\/li><li>Opci\u00f3n para configurar el env\u00edo precio;<\/li><li>Tama\u00f1o adaptable para una apariencia \u00f3ptima en cualquier dispositivo;<\/li><li>Opciones de borde de bot\u00f3n: tama\u00f1o, color, radio;<\/li><li>Opci\u00f3n para dirigir a un cliente a una p\u00e1gina de agradecimiento personalizada despu\u00e9s de una transacci\u00f3n exitosa.<\/li><\/ul><p><a href=\"#demo\">Pruebe todas las caracter\u00edsticas en una demostraci\u00f3n gratuita<\/a><\/p><\/div><div class=\"application-platform-content-item-installation application-platform-content-item\" id=\"installation\" data-nav-section=\"installation\"><h2>C\u00f3mo agregar el bot\u00f3n de PayPal al sitio web de OpenCart<\/h2><p>Simplemente siga un par de pasos que se describen a continuaci\u00f3n para insertar el widget en OpenCart.<\/p> <ol><li><b>Realice nuestra demostraci\u00f3n gratuita y comience a crear su widget exclusivo. <\/b><br> Determine la interfaz y las caracter\u00edsticas deseables del widget y aplique las modificaciones. <\/li> <li><b>Reciba su c\u00f3digo individual que aparece en el formulario especial en Elfsight Apps. <\/b><br> Una vez completada la configuraci\u00f3n de su widget, copie el c\u00f3digo exclusivo de la ventana emergente que aparece y gu\u00e1rdelo para usarlo en el futuro. <\/li> <li><b>Comience a utilizar el widget del bot\u00f3n PayPal en su sitio web OpenCart. <\/b><br>Coloca el c\u00f3digo guardado anteriormente en tu sitio web y aplica los ajustes. <\/li> <li><b>\u00a1Ya terminaste! La configuraci\u00f3n est\u00e1 completamente realizada. <\/b><br> Vaya a su sitio web para inspeccionar c\u00f3mo funciona la herramienta. <\/li><\/ol> <p>\u00bfLe resulta dif\u00edcil insertar la extensi\u00f3n en su sitio o personalizarla? P\u00f3ngase en contacto con nuestro servicio de atenci\u00f3n al cliente.<\/p><div class=\"faq\" data-component=\"FAQ\"> <div class=\"faq-item\">\r\n\t\t\t\t\t<div class=\"faq-item-question\">\r\n\t\t\t\t\t\t<h3 class=\"faq-item-question-text\">\u00bfC\u00f3mo agregar un bot\u00f3n de PayPal a mi sitio web OpenCart sin conocimientos de codificaci\u00f3n?<\/h3>\r\n\r\n\t\t\t\t\t\t<div class=\"faq-item-question-icon\"><\/div>\r\n\t\t\t\t\t<\/div>\r\n\r\n\t\t\t\t\t<div class=\"faq-item-answer\">\r\n\t\t\t\t\t\t<div class=\"faq-item-answer-text\"> <p>Elfsight proporciona una soluci\u00f3n SaaS que le permite crear un widget de bot\u00f3n de PayPal usted mismo. Vea lo f\u00e1cil que es el proceso: trabaje directamente en el editor en l\u00ednea para crear un widget de bot\u00f3n de PayPal que le gustar\u00eda ver en su sitio web OpenCart. Elija una de las plantillas predise\u00f1adas y ajuste la configuraci\u00f3n del bot\u00f3n de PayPal, agregue su contenido, cambie el dise\u00f1o y los colores sin conocimientos de codificaci\u00f3n. Guarde el bot\u00f3n de PayPal y copie su c\u00f3digo de instalaci\u00f3n, que puede pegar f\u00e1cilmente en su sitio web OpenCart sin necesidad de comprar un plan pago. Con nuestro editor intuitivo, cualquier usuario de Internet puede crear un widget de bot\u00f3n de PayPal en l\u00ednea e incrustarlo f\u00e1cilmente en su sitio web OpenCart. No es necesario pagar ni ingresar las credenciales de su tarjeta para acceder al servicio. Si tiene alg\u00fan problema en cualquier paso, no dude en ponerse en contacto con nuestro equipo de soporte t\u00e9cnico.<\/p> <\/div>\r\n\t\t\t\t\t<\/div>\r\n\t\t\t\t<\/div> <\/div> <\/div>","protected":false},"excerpt":{"rendered":"","protected":false},"author":9,"featured_media":0,"parent":1287,"menu_order":0,"comment_status":"closed","ping_status":"closed","template":"templates\/template-application-platform.php","meta":{"publish_to_discourse":"","publish_post_category":"","wpdc_auto_publish_overridden":"","wpdc_topic_tags":"","wpdc_pin_topic":"","wpdc_pin_until":"","discourse_post_id":"","discourse_permalink":"","wpdc_publishing_response":"","wpdc_publishing_error":"","footnotes":""},"class_list":["post-7403","page","type-page","status-publish","hentry"],"yoast_head":"<!-- This site is optimized with the Yoast SEO plugin v25.3.1 - https:\/\/yoast.com\/wordpress\/plugins\/seo\/ -->\n<title>Bot\u00f3n de PayPal: agregar extensi\u00f3n de PayPal al sitio web de OpenCart (2025)<\/title>\n<meta name=\"description\" content=\"Agregue la extensi\u00f3n de PayPal a su sitio web OpenCart en solo 3 minutos. Disfrute de muchas ventajas de la mejor integraci\u00f3n de PayPal de forma gratuita.\" \/>\n<meta name=\"robots\" content=\"index, follow, max-snippet:-1, max-image-preview:large, max-video-preview:-1\" \/>\n<link rel=\"canonical\" href=\"https:\/\/elfsight.com\/es\/paypal-button-widget-generator\/opencart\/\" \/>\n<meta property=\"og:locale\" content=\"es_ES\" \/>\n<meta property=\"og:type\" content=\"article\" \/>\n<meta property=\"og:title\" content=\"Bot\u00f3n de PayPal: agregar extensi\u00f3n de PayPal al sitio web de OpenCart (2025)\" \/>\n<meta property=\"og:description\" content=\"Agregue la extensi\u00f3n de PayPal a su sitio web OpenCart en solo 3 minutos. Disfrute de muchas ventajas de la mejor integraci\u00f3n de PayPal de forma gratuita.\" \/>\n<meta property=\"og:url\" content=\"https:\/\/elfsight.com\/es\/paypal-button-widget-generator\/opencart\/\" \/>\n<meta property=\"og:site_name\" content=\"Elfsight ES\" \/>\n<meta property=\"article:modified_time\" content=\"2025-02-06T15:57:12+00:00\" \/>\n<meta name=\"twitter:card\" content=\"summary_large_image\" \/>\n<meta name=\"twitter:label1\" content=\"Tiempo de lectura\" \/>\n\t<meta name=\"twitter:data1\" content=\"4 minutos\" \/>\n<!-- \/ Yoast SEO plugin. -->","yoast_head_json":{"title":"Bot\u00f3n de PayPal: agregar extensi\u00f3n de PayPal al sitio web de OpenCart (2025)","description":"Agregue la extensi\u00f3n de PayPal a su sitio web OpenCart en solo 3 minutos. Disfrute de muchas ventajas de la mejor integraci\u00f3n de PayPal de forma gratuita.","robots":{"index":"index","follow":"follow","max-snippet":"max-snippet:-1","max-image-preview":"max-image-preview:large","max-video-preview":"max-video-preview:-1"},"canonical":"https:\/\/elfsight.com\/es\/paypal-button-widget-generator\/opencart\/","og_locale":"es_ES","og_type":"article","og_title":"Bot\u00f3n de PayPal: agregar extensi\u00f3n de PayPal al sitio web de OpenCart (2025)","og_description":"Agregue la extensi\u00f3n de PayPal a su sitio web OpenCart en solo 3 minutos. Disfrute de muchas ventajas de la mejor integraci\u00f3n de PayPal de forma gratuita.","og_url":"https:\/\/elfsight.com\/es\/paypal-button-widget-generator\/opencart\/","og_site_name":"Elfsight ES","article_modified_time":"2025-02-06T15:57:12+00:00","twitter_card":"summary_large_image","twitter_misc":{"Tiempo de lectura":"4 minutos"},"schema":{"@context":"https:\/\/schema.org","@graph":[{"@type":"WebPage","@id":"https:\/\/elfsight.com\/es\/paypal-button-widget-generator\/opencart\/","url":"https:\/\/elfsight.com\/es\/paypal-button-widget-generator\/opencart\/","name":"Bot\u00f3n de PayPal: agregar extensi\u00f3n de PayPal al sitio web de OpenCart (2025)","isPartOf":{"@id":"https:\/\/elfsight.com\/es\/#website"},"datePublished":"1970-01-01T00:00:00+00:00","dateModified":"2025-02-06T15:57:12+00:00","description":"Agregue la extensi\u00f3n de PayPal a su sitio web OpenCart en solo 3 minutos. Disfrute de muchas ventajas de la mejor integraci\u00f3n de PayPal de forma gratuita.","breadcrumb":{"@id":"https:\/\/elfsight.com\/es\/paypal-button-widget-generator\/opencart\/#breadcrumb"},"inLanguage":"es","potentialAction":[{"@type":"ReadAction","target":["https:\/\/elfsight.com\/es\/paypal-button-widget-generator\/opencart\/"]}]},{"@type":"BreadcrumbList","@id":"https:\/\/elfsight.com\/es\/paypal-button-widget-generator\/opencart\/#breadcrumb","itemListElement":[{"@type":"ListItem","position":1,"name":"Home","item":"https:\/\/elfsight.com\/es\/"},{"@type":"ListItem","position":2,"name":"PayPal Button","item":"https:\/\/elfsight.com\/es\/paypal-button-widget-generator\/"},{"@type":"ListItem","position":3,"name":"PayPal Button &#8211; OpenCart"}]},{"@type":"WebSite","@id":"https:\/\/elfsight.com\/es\/#website","url":"https:\/\/elfsight.com\/es\/","name":"Elfsight ES","description":"Just another Elfsight Sites site","potentialAction":[{"@type":"SearchAction","target":{"@type":"EntryPoint","urlTemplate":"https:\/\/elfsight.com\/es\/?s={search_term_string}"},"query-input":{"@type":"PropertyValueSpecification","valueRequired":true,"valueName":"search_term_string"}}],"inLanguage":"es"}]}},"meta_box":{"industry":"","seo_heading":"","heading":"","description":"","cta_heading":"","cta_description":"","application":"1285","h1":"Extensi\u00f3n del bot\u00f3n OpenCart PayPal","h1_caption":"Procese pagos, suscripciones y donaciones en su sitio con la extensi\u00f3n de PayPal","application_category":[],"applications_title":"","applications_request_title":"","applications_request_button_text":"","hero_text":"","hero_video":"","hero_video_schema_markup":"","selling_points_title":"","selling_points_caption":"","selling_points":[],"selling_points_cta_text":"","features_title":"","features":"","ed_cta_examples_text":"","ed_cta_examples_hidden":"","ed_cta_demo_text":"","ed_cta_demo_hidden":"","why_caption":"","why_editor_title":"","why_editor_text":"","why_team_title":"","why_team_text":"","why_service_title":"","why_service_text":"","template_catalog_visible":"","template_catalog_title":"","template_catalog_text":"","template_catalog_categories_visible":"","demo_title":"Crea tu extensi\u00f3n de bot\u00f3n de PayPal","demo_caption":"\u00a1Configure su bot\u00f3n PayPal y agr\u00e9guelo a su sitio web OpenCart gratis!","default_faq_hidden":"","app_template_category":[],"platform":"88","template_public_id":"","codecanyon_url":"","codecanyon_item_id":"","codecanyon_price":"","pricing_caption":"","pricing_elfsight_apps_hide_column":"","pricing_elfsight_apps_url":"","pricing_codecanyon_price_caption":"","integration_category":[],"integration_request_title":"","integration_request_cta":"","integration_platform":"","integrations":[],"platform_category":[],"video_schema_markup":"","price":"desde $0 \/ mes","trial":"","benefits":[{"text":"Asistencia de instalaci\u00f3n gratuita"},{"text":"Servicio al cliente competente"},{"text":"Garant\u00eda de devoluci\u00f3n de dinero de 14 d\u00edas"},{"text":"Actualizaciones continuas"}],"button_url":"#demo","button_target_blank":"","button_nofollow":"","attributes":[{"name":"Instalaciones","content":"10,000 - 100,000"},{"name":"Sensible","content":"S\u00ed"},{"name":"Navegadores compatibles","content":"Edge, Safari, Opera, Firefox, Chrome"}],"tags":[],"tags_disable_links":"","hide_more_platforms":"","video_object":"","demo_hide_cta":"","demo_hide_cloud_options":"","pricing_title":"","pricing":[{"pricing_icon":"platform","pricing_title":"Elfsight Apps","pricing_title_caption":"Soluci\u00f3n digital multiplataforma que se adapta a cualquier sitio web","pricing_price":"desde $0 \/ mes","pricing_price_caption":"comienza con el plan gratuito","pricing_benefits":[{"text":"Dominios ilimitados"},{"text":"Atenci\u00f3n al cliente profesional"},{"text":"Ayuda de instalaci\u00f3n gratuita"},{"text":"Totalmente personalizable"}],"pricing_button_text":"A\u00f1adir al sitio web","pricing_button_url":"#demo"}],"related_apps_title":"","related_apps_hidden":"","author":"","image":[],"title":"","job":"","social_networks":[]},"_links":{"self":[{"href":"https:\/\/elfsight.com\/es\/wp-json\/wp\/v2\/pages\/7403","targetHints":{"allow":["GET"]}}],"collection":[{"href":"https:\/\/elfsight.com\/es\/wp-json\/wp\/v2\/pages"}],"about":[{"href":"https:\/\/elfsight.com\/es\/wp-json\/wp\/v2\/types\/page"}],"author":[{"embeddable":true,"href":"https:\/\/elfsight.com\/es\/wp-json\/wp\/v2\/users\/9"}],"replies":[{"embeddable":true,"href":"https:\/\/elfsight.com\/es\/wp-json\/wp\/v2\/comments?post=7403"}],"version-history":[{"count":2,"href":"https:\/\/elfsight.com\/es\/wp-json\/wp\/v2\/pages\/7403\/revisions"}],"predecessor-version":[{"id":18951,"href":"https:\/\/elfsight.com\/es\/wp-json\/wp\/v2\/pages\/7403\/revisions\/18951"}],"up":[{"embeddable":true,"href":"https:\/\/elfsight.com\/es\/wp-json\/wp\/v2\/pages\/1287"}],"wp:attachment":[{"href":"https:\/\/elfsight.com\/es\/wp-json\/wp\/v2\/media?parent=7403"}],"curies":[{"name":"wp","href":"https:\/\/api.w.org\/{rel}","templated":true}]}}