{"id":7394,"date":"1970-01-01T00:00:00","date_gmt":"1970-01-01T00:00:00","guid":{"rendered":"https:\/\/elfsight.com\/es\/?page_id=7394"},"modified":"2025-02-06T15:57:22","modified_gmt":"2025-02-06T15:57:22","slug":"joomla","status":"publish","type":"page","link":"https:\/\/elfsight.com\/es\/paypal-button-widget-generator\/joomla\/","title":{"rendered":"PayPal Button &#8211; Joomla"},"content":{"rendered":"<div class=\"application-platform-content-item-description application-platform-content-item\" id=\"description\" data-nav-section=\"description\"><h2>Descripci\u00f3n<\/h2><p>El m\u00f3dulo de bot\u00f3n de PayPal de Elfsight es una forma sencilla de permitir a sus compradores pagar con PayPal en su sitio web. Ayuda a crear botones para pagos, suscripciones y donaciones. Es f\u00e1cil agregar impuestos y precio de entrega, elegir localizaci\u00f3n y moneda, mostrar texto y mucho m\u00e1s. Inicie una pr\u00e1ctica de pago pr\u00e1ctica y segura para su audiencia utilizando uno de los m\u00e9todos m\u00e1s confiables.<\/p><p><b>\u00a1Agregue pagos de PayPal a su sitio web sin mucho esfuerzo!<\/b><\/p><p><b>Un pr\u00e1ctico sistema de pago en su sitio web sin codificaci\u00f3n en un momento<\/b>.<br>Los clientes aprecian el pago seguro en l\u00ednea. Dise\u00f1e su propio bot\u00f3n de PayPal con Elfsight y proporcionar\u00e1 a sus clientes un instrumento de pago f\u00e1cil y r\u00e1pido. Sin codificaci\u00f3n, sin complicaciones.<\/p><p><b>Una \u00fanica herramienta para procesar pagos, suscripciones y donaciones<\/b>.<br>Permita a sus usuarios pagar, suscribirse y donar a su negocio. Todo est\u00e1 disponible en un instrumento multiprop\u00f3sito de Elfsight para ayudarlo a ahorrar esfuerzo y tiempo.<\/p><p><b>Uno de los m\u00e9todos de pago m\u00e1s confiables y conocidos de su sitio<\/b>.<br>Es imprescindible integrar su sitio web con uno de los servicios de pago m\u00e1s seguros y populares. Y gracias al bot\u00f3n PayPal de Elfsight, solo te llevar\u00e1 unos segundos.<\/p><\/div><div class=\"application-platform-content-item-features application-platform-content-item\" id=\"features\" data-nav-section=\"features\"><h2>Caracter\u00edsticas<\/h2><p>Vea por qu\u00e9 el complemento PayPal de Elfsight es el mejor, estas son sus funciones \u00fatiles:<\/p><ul><li>Opci\u00f3n para agregar el nombre del producto;<\/li><li>Opci\u00f3n para establecer el precio de env\u00edo;<\/li><li>Bot\u00f3n ajustable ancho;<\/li><li>Texto del bot\u00f3n y color del texto ajustables;<\/li><li>Mostrar u ocultar el icono de PayPal.<\/li><\/ul><p><a href=\"#demo\">Pruebe todas las funciones en una demostraci\u00f3n en vivo<\/a><\/p><\/div><div class=\"application-platform-content-item-installation application-platform-content-item\" id=\"installation\" data-nav-section=\"installation\"><h2>C\u00f3mo agregar la extensi\u00f3n del bot\u00f3n de PayPal al sitio web de Joomla<\/h2><div class=\"video-container\"><iframe width=\"720\" height=\"405\" src=\"https:\/\/www.youtube.com\/embed\/xFSlWteoNrY\" frameborder=\"0\"><\/iframe><\/div><p>Simplemente siga las instrucciones a continuaci\u00f3n para comenzar a trabajar con la extensi\u00f3n en Joomla.<\/p> <ol><li><b>Utilice nuestro configurador gratuito y comience a crear su widget personalizado. <\/b><br> Elija el aspecto y las caracter\u00edsticas funcionales adecuados de la extensi\u00f3n del bot\u00f3n de PayPal y guarde las correcciones. <\/li> <li><b>Obtenga su c\u00f3digo personal que se muestra en el cuadro de Elfsight Apps. <\/b><br> Tan pronto como finalice el establecimiento de su extensi\u00f3n, copie el c\u00f3digo personal en la ventana que aparece y gu\u00e1rdelo para ocasiones posteriores. <\/li> <li><b>Iniciar la aplicaci\u00f3n de la extensi\u00f3n en el sitio Joomla. <\/b><br> Introduce el c\u00f3digo guardado recientemente en tu sitio web y aplica las modificaciones. <\/li> <li><b>La instalaci\u00f3n se realiz\u00f3 correctamente. <\/b><br> Vaya a su p\u00e1gina para ver en acci\u00f3n c\u00f3mo se ejecuta el complemento. <\/li><\/ol><p>\u00bfNo lograste darle forma a tu m\u00f3dulo o insertarlo en tu sitio? P\u00f3ngase en contacto con nuestro centro de soporte.<\/p><div class=\"faq\" data-component=\"FAQ\"> <div class=\"faq-item\">\r\n\t\t\t\t\t<div class=\"faq-item-question\">\r\n\t\t\t\t\t\t<h3 class=\"faq-item-question-text\">\u00bfC\u00f3mo agregar un bot\u00f3n de PayPal a mi sitio web Joomla sin conocimientos de codificaci\u00f3n?<\/h3>\r\n\r\n\t\t\t\t\t\t<div class=\"faq-item-question-icon\"><\/div>\r\n\t\t\t\t\t<\/div>\r\n\r\n\t\t\t\t\t<div class=\"faq-item-answer\">\r\n\t\t\t\t\t\t<div class=\"faq-item-answer-text\"> <p>Elfsight proporciona una soluci\u00f3n SaaS que le permite crear un widget de bot\u00f3n de PayPal usted mismo. Vea lo f\u00e1cil que es el proceso: trabaje directamente en el editor en l\u00ednea para crear un widget de bot\u00f3n de PayPal que le gustar\u00eda ver en su sitio web Joomla. Elija una de las plantillas predise\u00f1adas y ajuste la configuraci\u00f3n del bot\u00f3n de PayPal, agregue su contenido, cambie el dise\u00f1o y los colores sin conocimientos de codificaci\u00f3n. Guarde el bot\u00f3n de PayPal y copie su c\u00f3digo de instalaci\u00f3n, que podr\u00e1 pegar f\u00e1cilmente en su sitio web Joomla sin comprar una suscripci\u00f3n paga. Con nuestro editor intuitivo, cualquier usuario de Internet puede crear un widget de bot\u00f3n de PayPal en l\u00ednea e incrustarlo f\u00e1cilmente en su sitio web Joomla. No es necesario pagar ni ingresar las credenciales de su tarjeta para acceder al servicio. Si tiene alg\u00fan problema en cualquier paso, no dude en ponerse en contacto con nuestro equipo de soporte t\u00e9cnico.<\/p> <\/div>\r\n\t\t\t\t\t<\/div>\r\n\t\t\t\t<\/div> <\/div> <\/div>","protected":false},"excerpt":{"rendered":"","protected":false},"author":9,"featured_media":0,"parent":1287,"menu_order":0,"comment_status":"closed","ping_status":"closed","template":"templates\/template-application-platform.php","meta":{"publish_to_discourse":"","publish_post_category":"","wpdc_auto_publish_overridden":"","wpdc_topic_tags":"","wpdc_pin_topic":"","wpdc_pin_until":"","discourse_post_id":"","discourse_permalink":"","wpdc_publishing_response":"","wpdc_publishing_error":"","footnotes":""},"class_list":["post-7394","page","type-page","status-publish","hentry"],"yoast_head":"<!-- This site is optimized with the Yoast SEO plugin v25.3.1 - https:\/\/yoast.com\/wordpress\/plugins\/seo\/ -->\n<title>Bot\u00f3n de PayPal: agregue la extensi\u00f3n de PayPal al sitio web de Joomla (en 2 minutos)<\/title>\n<meta name=\"description\" content=\"Dise\u00f1a tu extensi\u00f3n de Bot\u00f3n de PayPal personalizada para Joomla en s\u00f3lo 2 minutos. Pruebe el panel de creaci\u00f3n de complementos m\u00e1s r\u00e1pido de Elfsight de forma totalmente gratuita.\" \/>\n<meta name=\"robots\" content=\"index, follow, max-snippet:-1, max-image-preview:large, max-video-preview:-1\" \/>\n<link rel=\"canonical\" href=\"https:\/\/elfsight.com\/es\/paypal-button-widget-generator\/joomla\/\" \/>\n<meta property=\"og:locale\" content=\"es_ES\" \/>\n<meta property=\"og:type\" content=\"article\" \/>\n<meta property=\"og:title\" content=\"Bot\u00f3n de PayPal: agregue la extensi\u00f3n de PayPal al sitio web de Joomla (en 2 minutos)\" \/>\n<meta property=\"og:description\" content=\"Dise\u00f1a tu extensi\u00f3n de Bot\u00f3n de PayPal personalizada para Joomla en s\u00f3lo 2 minutos. Pruebe el panel de creaci\u00f3n de complementos m\u00e1s r\u00e1pido de Elfsight de forma totalmente gratuita.\" \/>\n<meta property=\"og:url\" content=\"https:\/\/elfsight.com\/es\/paypal-button-widget-generator\/joomla\/\" \/>\n<meta property=\"og:site_name\" content=\"Elfsight ES\" \/>\n<meta property=\"article:modified_time\" content=\"2025-02-06T15:57:22+00:00\" \/>\n<meta name=\"twitter:card\" content=\"summary_large_image\" \/>\n<meta name=\"twitter:label1\" content=\"Tiempo de lectura\" \/>\n\t<meta name=\"twitter:data1\" content=\"4 minutos\" \/>\n<!-- \/ Yoast SEO plugin. -->","yoast_head_json":{"title":"Bot\u00f3n de PayPal: agregue la extensi\u00f3n de PayPal al sitio web de Joomla (en 2 minutos)","description":"Dise\u00f1a tu extensi\u00f3n de Bot\u00f3n de PayPal personalizada para Joomla en s\u00f3lo 2 minutos. Pruebe el panel de creaci\u00f3n de complementos m\u00e1s r\u00e1pido de Elfsight de forma totalmente gratuita.","robots":{"index":"index","follow":"follow","max-snippet":"max-snippet:-1","max-image-preview":"max-image-preview:large","max-video-preview":"max-video-preview:-1"},"canonical":"https:\/\/elfsight.com\/es\/paypal-button-widget-generator\/joomla\/","og_locale":"es_ES","og_type":"article","og_title":"Bot\u00f3n de PayPal: agregue la extensi\u00f3n de PayPal al sitio web de Joomla (en 2 minutos)","og_description":"Dise\u00f1a tu extensi\u00f3n de Bot\u00f3n de PayPal personalizada para Joomla en s\u00f3lo 2 minutos. Pruebe el panel de creaci\u00f3n de complementos m\u00e1s r\u00e1pido de Elfsight de forma totalmente gratuita.","og_url":"https:\/\/elfsight.com\/es\/paypal-button-widget-generator\/joomla\/","og_site_name":"Elfsight ES","article_modified_time":"2025-02-06T15:57:22+00:00","twitter_card":"summary_large_image","twitter_misc":{"Tiempo de lectura":"4 minutos"},"schema":{"@context":"https:\/\/schema.org","@graph":[{"@type":"WebPage","@id":"https:\/\/elfsight.com\/es\/paypal-button-widget-generator\/joomla\/","url":"https:\/\/elfsight.com\/es\/paypal-button-widget-generator\/joomla\/","name":"Bot\u00f3n de PayPal: agregue la extensi\u00f3n de PayPal al sitio web de Joomla (en 2 minutos)","isPartOf":{"@id":"https:\/\/elfsight.com\/es\/#website"},"datePublished":"1970-01-01T00:00:00+00:00","dateModified":"2025-02-06T15:57:22+00:00","description":"Dise\u00f1a tu extensi\u00f3n de Bot\u00f3n de PayPal personalizada para Joomla en s\u00f3lo 2 minutos. Pruebe el panel de creaci\u00f3n de complementos m\u00e1s r\u00e1pido de Elfsight de forma totalmente gratuita.","breadcrumb":{"@id":"https:\/\/elfsight.com\/es\/paypal-button-widget-generator\/joomla\/#breadcrumb"},"inLanguage":"es","potentialAction":[{"@type":"ReadAction","target":["https:\/\/elfsight.com\/es\/paypal-button-widget-generator\/joomla\/"]}]},{"@type":"BreadcrumbList","@id":"https:\/\/elfsight.com\/es\/paypal-button-widget-generator\/joomla\/#breadcrumb","itemListElement":[{"@type":"ListItem","position":1,"name":"Home","item":"https:\/\/elfsight.com\/es\/"},{"@type":"ListItem","position":2,"name":"PayPal Button","item":"https:\/\/elfsight.com\/es\/paypal-button-widget-generator\/"},{"@type":"ListItem","position":3,"name":"PayPal Button &#8211; Joomla"}]},{"@type":"WebSite","@id":"https:\/\/elfsight.com\/es\/#website","url":"https:\/\/elfsight.com\/es\/","name":"Elfsight ES","description":"Just another Elfsight Sites site","potentialAction":[{"@type":"SearchAction","target":{"@type":"EntryPoint","urlTemplate":"https:\/\/elfsight.com\/es\/?s={search_term_string}"},"query-input":{"@type":"PropertyValueSpecification","valueRequired":true,"valueName":"search_term_string"}}],"inLanguage":"es"}]}},"meta_box":{"industry":"","seo_heading":"","heading":"","description":"","cta_heading":"","cta_description":"","application":"1285","h1":"Extensi\u00f3n del bot\u00f3n Joomla PayPal","h1_caption":"Organiza el pago con PayPal en tu sitio web sin codificaci\u00f3n","application_category":[],"applications_title":"","applications_request_title":"","applications_request_button_text":"","hero_text":"","hero_video":"","hero_video_schema_markup":"","selling_points_title":"","selling_points_caption":"","selling_points":[],"selling_points_cta_text":"","features_title":"","features":"","ed_cta_examples_text":"","ed_cta_examples_hidden":"","ed_cta_demo_text":"","ed_cta_demo_hidden":"","why_caption":"","why_editor_title":"","why_editor_text":"","why_team_title":"","why_team_text":"","why_service_title":"","why_service_text":"","template_catalog_visible":"","template_catalog_title":"","template_catalog_text":"","template_catalog_categories_visible":"","demo_title":"Crea tu complemento de bot\u00f3n de PayPal","demo_caption":"\u00a1Configure su bot\u00f3n de PayPal y agr\u00e9guelo a su sitio web Joomla gratis!","default_faq_hidden":"","app_template_category":[],"platform":"73","template_public_id":"","codecanyon_url":"","codecanyon_item_id":"","codecanyon_price":"","pricing_caption":"","pricing_elfsight_apps_hide_column":"","pricing_elfsight_apps_url":"","pricing_codecanyon_price_caption":"","integration_category":[],"integration_request_title":"","integration_request_cta":"","integration_platform":"","integrations":[],"platform_category":[],"video_schema_markup":"","price":"desde $0 \/ mes","trial":"","benefits":[{"text":"Asistencia de instalaci\u00f3n gratuita"},{"text":"Soporte excepcional"},{"text":"Garant\u00eda de devoluci\u00f3n de dinero de 14 d\u00edas"},{"text":"Actualizando constantemente"}],"button_url":"#demo","button_target_blank":"","button_nofollow":"","attributes":[{"name":"Instalaciones","content":"10,000 - 100,000"},{"name":"Sensible","content":"S\u00ed"},{"name":"Navegadores compatibles","content":"Firefox, Safari, Opera, Chrome, Edge"}],"tags":[],"tags_disable_links":"","hide_more_platforms":"","video_object":"","demo_hide_cta":"","demo_hide_cloud_options":"","pricing_title":"","pricing":[{"pricing_icon":"platform","pricing_title":"Elfsight Apps","pricing_title_caption":"Soluci\u00f3n multiplataforma que se adapta a cualquier sitio.","pricing_price":"desde $0 \/ mes","pricing_price_caption":"comienza con el plan gratuito","pricing_benefits":[{"text":"Sitios web ilimitados"},{"text":"Soporte dedicado y puntual"},{"text":"Ayuda de instalaci\u00f3n gratuita"},{"text":"Precio a alcanzar para m\u00faltiples aplicaciones"}],"pricing_button_text":"A\u00f1adir al sitio web","pricing_button_url":"#demo"}],"related_apps_title":"","related_apps_hidden":"","author":"","image":[],"title":"","job":"","social_networks":[]},"_links":{"self":[{"href":"https:\/\/elfsight.com\/es\/wp-json\/wp\/v2\/pages\/7394","targetHints":{"allow":["GET"]}}],"collection":[{"href":"https:\/\/elfsight.com\/es\/wp-json\/wp\/v2\/pages"}],"about":[{"href":"https:\/\/elfsight.com\/es\/wp-json\/wp\/v2\/types\/page"}],"author":[{"embeddable":true,"href":"https:\/\/elfsight.com\/es\/wp-json\/wp\/v2\/users\/9"}],"replies":[{"embeddable":true,"href":"https:\/\/elfsight.com\/es\/wp-json\/wp\/v2\/comments?post=7394"}],"version-history":[{"count":2,"href":"https:\/\/elfsight.com\/es\/wp-json\/wp\/v2\/pages\/7394\/revisions"}],"predecessor-version":[{"id":18956,"href":"https:\/\/elfsight.com\/es\/wp-json\/wp\/v2\/pages\/7394\/revisions\/18956"}],"up":[{"embeddable":true,"href":"https:\/\/elfsight.com\/es\/wp-json\/wp\/v2\/pages\/1287"}],"wp:attachment":[{"href":"https:\/\/elfsight.com\/es\/wp-json\/wp\/v2\/media?parent=7394"}],"curies":[{"name":"wp","href":"https:\/\/api.w.org\/{rel}","templated":true}]}}