{"id":7389,"date":"1970-01-01T00:00:00","date_gmt":"1970-01-01T00:00:00","guid":{"rendered":"https:\/\/elfsight.com\/es\/?page_id=7389"},"modified":"2025-02-06T15:57:22","modified_gmt":"2025-02-06T15:57:22","slug":"jimdo","status":"publish","type":"page","link":"https:\/\/elfsight.com\/es\/paypal-button-widget-generator\/jimdo\/","title":{"rendered":"PayPal Button &#8211; Jimdo"},"content":{"rendered":"<div class=\"application-platform-content-item-description application-platform-content-item\" id=\"description\" data-nav-section=\"description\"> <h2>Descripci\u00f3n<\/h2> <p>El bot\u00f3n PayPal de Elfsight proporciona una forma sencilla de permitir a sus clientes realizar pagos a trav\u00e9s de PayPal en su sitio web. Ayuda agregando botones para pagos, suscripciones y donaciones. Eres libre de agregar impuestos y precio de env\u00edo, elegir localizaci\u00f3n y moneda, mostrar texto y a\u00fan m\u00e1s. Inicie un procedimiento de pago claro y seguro para su audiencia utilizando una de las herramientas de pago m\u00e1s probadas y con la m\u00e1xima rapidez. Incorpore un sistema de pago probado y sencillo en su sitio web sin mucho esfuerzo. Con el bot\u00f3n PayPal de Elfsight, puede aceptar pagos \u00fanicos, suscripciones autom\u00e1ticas y donaciones de sus usuarios. Consigue tu propio bot\u00f3n personalizado, eligiendo la forma de pago, moneda, localizaci\u00f3n y personalizando el aspecto para hacerlo verdaderamente \u00fanico. A su clientela le gustar\u00e1 pagar de forma r\u00e1pida y sencilla en su sitio mediante el bot\u00f3n PayPal. <\/p><p><b>Haga que su sitio web sea m\u00e1s exitoso para tareas de comercio electr\u00f3nico con la ayuda del bot\u00f3n PayPal.<\/b><\/p> <\/div> <div class=\"application-platform-content-item-features application-platform-content-item\" id=\"features\" data-nav-section=\"features\"> <h2>Ofrecemos funciones potentes y r\u00e1pidas, vea algunas de ellas: <\/h2> <ul><li>Tres tipos de botones: Pago \u00fanico, Suscripci\u00f3n, Donaci\u00f3n<\/li><li>Agregar nombre de producto<\/li><li>A biblioteca de todas las monedas m\u00e1s populares<\/li><li>Configuraci\u00f3n del precio del producto<\/li><li>Opci\u00f3n para establecer el precio de env\u00edo<\/li><li>Dos variantes de indicaci\u00f3n de impuestos: fijo o porcentual<\/li><li>Elija uno de los intervalos de facturaci\u00f3n: diario, mensual, anual, semanal<\/li><li>Opci\u00f3n de suscripci\u00f3n recurrente <\/li><li>Mostrar u ocultar el \u00edcono de PayPal<\/li><li>Establezca cualquier texto encima del bot\u00f3n usando el encabezado del bot\u00f3n<\/li><li>Opci\u00f3n para dirigir a un cliente a una p\u00e1gina de agradecimiento personalizada despu\u00e9s de un transacci\u00f3n exitosa<\/li><\/ul><p><a href=\"#demo\">Explore todas las opciones de personalizaci\u00f3n en una demostraci\u00f3n con todas las funciones<\/a><\/p> <\/div> <div class=\"application-platform-content-item-installation application-platform-content-item\" id=\"installation\" data-nav-section=\"installation\"> <h2>\u00bfC\u00f3mo agregar el bot\u00f3n de PayPal en mi p\u00e1gina web de Jimdo? <\/h2> <p>Simplemente siga los siguientes pasos que se describen a continuaci\u00f3n para activar el widget. <\/p> <ol><li><b>Inicie nuestro editor gratuito y comience a darle forma a su instrumento personalizado. <\/b><br> Determine el aspecto preferido y las caracter\u00edsticas funcionales de la herramienta y guarde las correcciones. <\/li> <li><b>Exponga su c\u00f3digo \u00fanico en el cuadro de Elfsight Apps. <\/b><br> Una vez completada la configuraci\u00f3n de tu widget personal, copia el c\u00f3digo personal de la ventana y gu\u00e1rdalo para futuras ocasiones. <\/li> <li><b>Comienza a utilizar el widget en tu sitio web Jimdo. <\/b><br>Ingresa el c\u00f3digo guardado recientemente en tu sitio web y guarda las modificaciones. <\/li> <li><b>La instalaci\u00f3n est\u00e1 completamente realizada. <\/b><br> Vaya a su sitio para observar el rendimiento del widget. <\/li><\/ol> <p>Si tienes dudas o te enfrentas a alg\u00fan obst\u00e1culo, no dudes en escribir a nuestro personal de atenci\u00f3n al cliente. Nuestros especialistas est\u00e1n deseando resolver todas las dificultades que puedas tener con el widget. <\/p> <div class=\"faq\" data-component=\"FAQ\"> <div class=\"faq-item\">\r\n\t\t\t\t\t<div class=\"faq-item-question\">\r\n\t\t\t\t\t\t<h3 class=\"faq-item-question-text\">\u00bfC\u00f3mo a\u00f1adir un bot\u00f3n de PayPal a mi sitio web Jimdo sin conocimientos de codificaci\u00f3n?<\/h3>\r\n\r\n\t\t\t\t\t\t<div class=\"faq-item-question-icon\"><\/div>\r\n\t\t\t\t\t<\/div>\r\n\r\n\t\t\t\t\t<div class=\"faq-item-answer\">\r\n\t\t\t\t\t\t<div class=\"faq-item-answer-text\"> <p>Elfsight proporciona una soluci\u00f3n SaaS que te permite crear un widget de bot\u00f3n de PayPal t\u00fa mismo. Mira lo f\u00e1cil que es el proceso: trabaja directamente en el editor en l\u00ednea para crear un widget de bot\u00f3n de PayPal que te gustar\u00eda ver en tu sitio web de Jimdo. Elija una de las plantillas predise\u00f1adas y ajuste la configuraci\u00f3n del bot\u00f3n de PayPal, agregue su contenido, cambie el dise\u00f1o y los colores sin conocimientos de codificaci\u00f3n. Guarda el bot\u00f3n de PayPal y copia su c\u00f3digo de instalaci\u00f3n, para que puedas agregarlo f\u00e1cilmente a tu sitio web Jimdo sin comprar un plan pago. Con nuestro editor intuitivo, cualquier usuario de Internet puede crear un widget de bot\u00f3n de PayPal online e incrustarlo f\u00e1cilmente en su sitio web Jimdo. No es necesario pagar ni ingresar las credenciales de su tarjeta para acceder al servicio. Si tiene alg\u00fan problema en cualquier paso, no dude en ponerse en contacto con nuestro equipo de soporte t\u00e9cnico.<\/p> <\/div>\r\n\t\t\t\t\t<\/div>\r\n\t\t\t\t<\/div> <\/div> <\/div>","protected":false},"excerpt":{"rendered":"","protected":false},"author":9,"featured_media":0,"parent":1287,"menu_order":0,"comment_status":"closed","ping_status":"closed","template":"templates\/template-application-platform.php","meta":{"publish_to_discourse":"","publish_post_category":"","wpdc_auto_publish_overridden":"","wpdc_topic_tags":"","wpdc_pin_topic":"","wpdc_pin_until":"","discourse_post_id":"","discourse_permalink":"","wpdc_publishing_response":"","wpdc_publishing_error":"","footnotes":""},"class_list":["post-7389","page","type-page","status-publish","hentry"],"yoast_head":"<!-- This site is optimized with the Yoast SEO plugin v25.3.1 - https:\/\/yoast.com\/wordpress\/plugins\/seo\/ -->\n<title>Bot\u00f3n PayPal: a\u00f1adir widget de PayPal al sitio web de Jimdo (2025)<\/title>\n<meta name=\"description\" content=\"Obtenga un complemento personalizado del bot\u00f3n PayPal de comercio electr\u00f3nico (donaciones, pago o suscripci\u00f3n) para la integraci\u00f3n con Jimdo.\" \/>\n<meta name=\"robots\" content=\"index, follow, max-snippet:-1, max-image-preview:large, max-video-preview:-1\" \/>\n<link rel=\"canonical\" href=\"https:\/\/elfsight.com\/es\/paypal-button-widget-generator\/jimdo\/\" \/>\n<meta property=\"og:locale\" content=\"es_ES\" \/>\n<meta property=\"og:type\" content=\"article\" \/>\n<meta property=\"og:title\" content=\"Bot\u00f3n PayPal: a\u00f1adir widget de PayPal al sitio web de Jimdo (2025)\" \/>\n<meta property=\"og:description\" content=\"Obtenga un complemento personalizado del bot\u00f3n PayPal de comercio electr\u00f3nico (donaciones, pago o suscripci\u00f3n) para la integraci\u00f3n con Jimdo.\" \/>\n<meta property=\"og:url\" content=\"https:\/\/elfsight.com\/es\/paypal-button-widget-generator\/jimdo\/\" \/>\n<meta property=\"og:site_name\" content=\"Elfsight ES\" \/>\n<meta property=\"article:modified_time\" content=\"2025-02-06T15:57:22+00:00\" \/>\n<meta name=\"twitter:card\" content=\"summary_large_image\" \/>\n<meta name=\"twitter:label1\" content=\"Tiempo de lectura\" \/>\n\t<meta name=\"twitter:data1\" content=\"4 minutos\" \/>\n<!-- \/ Yoast SEO plugin. -->","yoast_head_json":{"title":"Bot\u00f3n PayPal: a\u00f1adir widget de PayPal al sitio web de Jimdo (2025)","description":"Obtenga un complemento personalizado del bot\u00f3n PayPal de comercio electr\u00f3nico (donaciones, pago o suscripci\u00f3n) para la integraci\u00f3n con Jimdo.","robots":{"index":"index","follow":"follow","max-snippet":"max-snippet:-1","max-image-preview":"max-image-preview:large","max-video-preview":"max-video-preview:-1"},"canonical":"https:\/\/elfsight.com\/es\/paypal-button-widget-generator\/jimdo\/","og_locale":"es_ES","og_type":"article","og_title":"Bot\u00f3n PayPal: a\u00f1adir widget de PayPal al sitio web de Jimdo (2025)","og_description":"Obtenga un complemento personalizado del bot\u00f3n PayPal de comercio electr\u00f3nico (donaciones, pago o suscripci\u00f3n) para la integraci\u00f3n con Jimdo.","og_url":"https:\/\/elfsight.com\/es\/paypal-button-widget-generator\/jimdo\/","og_site_name":"Elfsight ES","article_modified_time":"2025-02-06T15:57:22+00:00","twitter_card":"summary_large_image","twitter_misc":{"Tiempo de lectura":"4 minutos"},"schema":{"@context":"https:\/\/schema.org","@graph":[{"@type":"WebPage","@id":"https:\/\/elfsight.com\/es\/paypal-button-widget-generator\/jimdo\/","url":"https:\/\/elfsight.com\/es\/paypal-button-widget-generator\/jimdo\/","name":"Bot\u00f3n PayPal: a\u00f1adir widget de PayPal al sitio web de Jimdo (2025)","isPartOf":{"@id":"https:\/\/elfsight.com\/es\/#website"},"datePublished":"1970-01-01T00:00:00+00:00","dateModified":"2025-02-06T15:57:22+00:00","description":"Obtenga un complemento personalizado del bot\u00f3n PayPal de comercio electr\u00f3nico (donaciones, pago o suscripci\u00f3n) para la integraci\u00f3n con Jimdo.","breadcrumb":{"@id":"https:\/\/elfsight.com\/es\/paypal-button-widget-generator\/jimdo\/#breadcrumb"},"inLanguage":"es","potentialAction":[{"@type":"ReadAction","target":["https:\/\/elfsight.com\/es\/paypal-button-widget-generator\/jimdo\/"]}]},{"@type":"BreadcrumbList","@id":"https:\/\/elfsight.com\/es\/paypal-button-widget-generator\/jimdo\/#breadcrumb","itemListElement":[{"@type":"ListItem","position":1,"name":"Home","item":"https:\/\/elfsight.com\/es\/"},{"@type":"ListItem","position":2,"name":"PayPal Button","item":"https:\/\/elfsight.com\/es\/paypal-button-widget-generator\/"},{"@type":"ListItem","position":3,"name":"PayPal Button &#8211; Jimdo"}]},{"@type":"WebSite","@id":"https:\/\/elfsight.com\/es\/#website","url":"https:\/\/elfsight.com\/es\/","name":"Elfsight ES","description":"Just another Elfsight Sites site","potentialAction":[{"@type":"SearchAction","target":{"@type":"EntryPoint","urlTemplate":"https:\/\/elfsight.com\/es\/?s={search_term_string}"},"query-input":{"@type":"PropertyValueSpecification","valueRequired":true,"valueName":"search_term_string"}}],"inLanguage":"es"}]}},"meta_box":{"industry":"","seo_heading":"","heading":"","description":"","cta_heading":"","cta_description":"","application":"1285","h1":"Widget del bot\u00f3n Jimdo PayPal","h1_caption":"Permita pagar con PayPal en su sitio web sin codificaci\u00f3n","application_category":[],"applications_title":"","applications_request_title":"","applications_request_button_text":"","hero_text":"","hero_video":"","hero_video_schema_markup":"","selling_points_title":"","selling_points_caption":"","selling_points":[],"selling_points_cta_text":"","features_title":"","features":"","ed_cta_examples_text":"","ed_cta_examples_hidden":"","ed_cta_demo_text":"","ed_cta_demo_hidden":"","why_caption":"","why_editor_title":"","why_editor_text":"","why_team_title":"","why_team_text":"","why_service_title":"","why_service_text":"","template_catalog_visible":"","template_catalog_title":"","template_catalog_text":"","template_catalog_categories_visible":"","demo_title":"Crea tu widget de bot\u00f3n de PayPal","demo_caption":"\u00a1Configura tu bot\u00f3n PayPal y a\u00f1\u00e1delo gratis a tu sitio web Jimdo!","default_faq_hidden":"","app_template_category":[],"platform":"2198","template_public_id":"","codecanyon_url":"","codecanyon_item_id":"","codecanyon_price":"","pricing_caption":"","pricing_elfsight_apps_hide_column":"","pricing_elfsight_apps_url":"","pricing_codecanyon_price_caption":"","integration_category":[],"integration_request_title":"","integration_request_cta":"","integration_platform":"","integrations":[],"platform_category":[],"video_schema_markup":"","price":"desde $0 \/ mes","trial":"","benefits":[{"text":"Ayuda de instalaci\u00f3n gratuita"},{"text":"Atenci\u00f3n al cliente experimentada"},{"text":"Garant\u00eda de reembolso de 14 d\u00edas"},{"text":"Actualizaciones peri\u00f3dicas"}],"button_url":"#demo","button_target_blank":"","button_nofollow":"","attributes":[{"name":"Instalaciones","content":"10,000 - 100,000"},{"name":"Sensible","content":"S\u00ed"},{"name":"Navegadores compatibles","content":"Firefox, Safari, Opera, Chrome, Edge"}],"tags":[],"tags_disable_links":"","hide_more_platforms":"","video_object":"","demo_hide_cta":"","demo_hide_cloud_options":"","pricing_title":"","pricing":[{"pricing_icon":"platform","pricing_title":"Elfsight Apps","pricing_title_caption":"Software independiente de la plataforma que se adapta a cualquier sitio","pricing_price":"desde $0 \/ mes","pricing_price_caption":"comienza con un plan gratuito","pricing_benefits":[{"text":"N\u00famero ilimitado de dominios"},{"text":"Atenci\u00f3n al cliente dedicada"},{"text":"Asistencia de instalaci\u00f3n gratuita"},{"text":"100% personalizable"}],"pricing_button_text":"A\u00f1adir al sitio web","pricing_button_url":"#demo"}],"related_apps_title":"","related_apps_hidden":"","author":"","image":[],"title":"","job":"","social_networks":[]},"_links":{"self":[{"href":"https:\/\/elfsight.com\/es\/wp-json\/wp\/v2\/pages\/7389","targetHints":{"allow":["GET"]}}],"collection":[{"href":"https:\/\/elfsight.com\/es\/wp-json\/wp\/v2\/pages"}],"about":[{"href":"https:\/\/elfsight.com\/es\/wp-json\/wp\/v2\/types\/page"}],"author":[{"embeddable":true,"href":"https:\/\/elfsight.com\/es\/wp-json\/wp\/v2\/users\/9"}],"replies":[{"embeddable":true,"href":"https:\/\/elfsight.com\/es\/wp-json\/wp\/v2\/comments?post=7389"}],"version-history":[{"count":2,"href":"https:\/\/elfsight.com\/es\/wp-json\/wp\/v2\/pages\/7389\/revisions"}],"predecessor-version":[{"id":18957,"href":"https:\/\/elfsight.com\/es\/wp-json\/wp\/v2\/pages\/7389\/revisions\/18957"}],"up":[{"embeddable":true,"href":"https:\/\/elfsight.com\/es\/wp-json\/wp\/v2\/pages\/1287"}],"wp:attachment":[{"href":"https:\/\/elfsight.com\/es\/wp-json\/wp\/v2\/media?parent=7389"}],"curies":[{"name":"wp","href":"https:\/\/api.w.org\/{rel}","templated":true}]}}