{"id":7388,"date":"1970-01-01T00:00:00","date_gmt":"1970-01-01T00:00:00","guid":{"rendered":"https:\/\/elfsight.com\/es\/?page_id=7388"},"modified":"2025-02-06T15:57:22","modified_gmt":"2025-02-06T15:57:22","slug":"iframe","status":"publish","type":"page","link":"https:\/\/elfsight.com\/es\/paypal-button-widget-generator\/iframe\/","title":{"rendered":"PayPal Button &#8211; iFrame"},"content":{"rendered":"<div class=\"application-platform-content-item-description application-platform-content-item\" id=\"description\" data-nav-section=\"description\"> <h2>Incrustar el bot\u00f3n de PayPal en iFrame con el widget de Elfsight<\/h2> <p>El bot\u00f3n de PayPal de Elfsight es una forma sencilla de permitir que sus clientes paguen a trav\u00e9s de PayPal en su sitio web. Con nuestra herramienta muestra botones de pagos \u00fanicos, suscripciones y donaciones. Eres libre de incluir impuestos y precio de env\u00edo, elegir localizaci\u00f3n y moneda, agregar texto y mucho m\u00e1s. Instale un procedimiento de pago claro y seguro para sus clientes utilizando uno de los sistemas de pago m\u00e1s confiables. <\/p> <p>\u00a1Integre pagos de PayPal en su sitio web sin mucho esfuerzo!<\/p> <p><b>Un sistema de pago \u00fatil en su sitio web sin codificaci\u00f3n en poco tiempo<\/b><br> Es muy importante para una empresa exitosa ofrecer a sus clientes pagos en l\u00ednea sencillos. Configure el bot\u00f3n PayPal de Elfsight en su sitio y podr\u00e1 hacerlo f\u00e1cilmente y en poco tiempo. <\/p> <p><b>Una herramienta universal para procesar pagos, suscripciones y donaciones<\/b><br>Permite que tu clientela pague, se suscriba a tus ofertas y done. Todo esto est\u00e1 disponible en una soluci\u00f3n multifuncional de Elfsight para ayudarle a ahorrar dinero y tiempo.<\/p><p><b>Uno de los instrumentos de pago m\u00e1s confiables y populares en su sitio web<\/b><br> Es imprescindible integrar su sitio web con un sistema de pago confiable y conocido. Elfsight PayPal Button le ayudar\u00e1 a hacerlo sobre la marcha y a tener un pago efectivo para sus clientes sin esfuerzo.<\/p> <\/div> <div class=\"application-platform-content-item-features application-platform-content-item\" id=\"features\" data-nav-section=\"features\"> <h2>Caracter\u00edsticas principales del widget del bot\u00f3n de PayPal<\/h2> <p>Explore las caracter\u00edsticas que hacen de nuestro widget uno de los mejores para pagos en l\u00ednea:<\/p> <ul><li>Una biblioteca de los m\u00e1s populares monedas;<\/li><li>Intervalos de facturaci\u00f3n: diario, semanal, mensual, anual;<\/li><li>Posibilidad de establecer cualquier texto encima del bot\u00f3n, usando el encabezado del bot\u00f3n; <\/li><li>Texto de bot\u00f3n y color de texto ajustables;<\/li><li>Cuatro \u00edconos de sistemas de pago intercambiables para mayor confianza y seguridad del cliente.<\/li><\/ul> <p><a href=\"#demo\">Vea la lista completa de funciones en el configurador<\/a><\/p><\/div><div class=\"application-platform-content-item-installation application-platform-content-item\" id=\"installation\" data-nav-section=\"installation\"><h2>C\u00f3mo agregar el widget de pago de PayPal a IFrame sitio web<\/h2><p>Para agregar un complemento a su sitio web, no necesitar\u00e1 ninguna habilidad especial en programaci\u00f3n ni mucho tiempo. S\u00f3lo 3 sencillos pasos y 1 minuto. <\/p><ol><li><b>Dise\u00f1a tu complemento de Paypal personalizado<\/b><br> Usando nuestra demostraci\u00f3n gratuita, crea un complemento con un dise\u00f1o preferido y caracter\u00edsticas funcionales. <\/li><li><b>Obtenga el c\u00f3digo personal para mostrar el complemento<\/b><br> Despu\u00e9s de haber creado su widget, obtendr\u00e1 el c\u00f3digo individual de la notificaci\u00f3n emergente en Elfsight Apps. Copia este c\u00f3digo. <\/li> <li><b> El complemento en su sitio iFrame<\/b><br> Seleccione el lugar donde desea incrustar el complemento e inserte el c\u00f3digo guardado all\u00ed. Publicar las ediciones. <\/li> <li><b>\u00a1La incrustaci\u00f3n se realiz\u00f3 correctamente! <\/b><br>Entra en la web para ver tu trabajo. <\/li> <\/ol><p>\u00bfHas tenido alguna dificultad durante la instalaci\u00f3n? Intente consultar una gu\u00eda detallada \u00abC\u00f3mo agregar un complemento en IFrame\u00bb y h\u00e1galo usted mismo una vez m\u00e1s o p\u00f3ngase en contacto con el servicio de atenci\u00f3n al cliente. <\/p><div class=\"faq\" data-component=\"FAQ\"> <div class=\"faq-item\">\r\n\t\t\t\t\t<div class=\"faq-item-question\">\r\n\t\t\t\t\t\t<h3 class=\"faq-item-question-text\">\u00bfC\u00f3mo puedo agregar un bot\u00f3n de PayPal a mi sitio web iFrame sin conocimientos de codificaci\u00f3n?<\/h3>\r\n\r\n\t\t\t\t\t\t<div class=\"faq-item-question-icon\"><\/div>\r\n\t\t\t\t\t<\/div>\r\n\r\n\t\t\t\t\t<div class=\"faq-item-answer\">\r\n\t\t\t\t\t\t<div class=\"faq-item-answer-text\"> <p>Elfsight proporciona una soluci\u00f3n SaaS que le permite crear un widget de bot\u00f3n de PayPal usted mismo. Vea lo f\u00e1cil que es el proceso: trabaje directamente en el editor en l\u00ednea para crear un widget de bot\u00f3n de PayPal que le gustar\u00eda ver en su sitio web iFrame. Elija una de las plantillas predise\u00f1adas y ajuste la configuraci\u00f3n del bot\u00f3n de PayPal, agregue su contenido, cambie el dise\u00f1o y los colores sin conocimientos de codificaci\u00f3n. Guarde el bot\u00f3n de PayPal y copie su c\u00f3digo de instalaci\u00f3n, que puede insertar f\u00e1cilmente en su sitio web iFrame sin comprar una versi\u00f3n paga. Con nuestro editor intuitivo, cualquier usuario de Internet puede crear un widget de bot\u00f3n de PayPal en l\u00ednea e incrustarlo f\u00e1cilmente en su sitio web iFrame. No es necesario pagar ni ingresar las credenciales de su tarjeta para acceder al servicio. Si tiene alg\u00fan problema en cualquier paso, no dude en ponerse en contacto con nuestro equipo de soporte t\u00e9cnico.<\/p> <\/div>\r\n\t\t\t\t\t<\/div>\r\n\t\t\t\t<\/div> <\/div> <\/div>","protected":false},"excerpt":{"rendered":"","protected":false},"author":9,"featured_media":0,"parent":1287,"menu_order":0,"comment_status":"closed","ping_status":"closed","template":"templates\/template-application-platform.php","meta":{"publish_to_discourse":"","publish_post_category":"","wpdc_auto_publish_overridden":"","wpdc_topic_tags":"","wpdc_pin_topic":"","wpdc_pin_until":"","discourse_post_id":"","discourse_permalink":"","wpdc_publishing_response":"","wpdc_publishing_error":"","footnotes":""},"class_list":["post-7388","page","type-page","status-publish","hentry"],"yoast_head":"<!-- This site is optimized with the Yoast SEO plugin v25.3.1 - https:\/\/yoast.com\/wordpress\/plugins\/seo\/ -->\n<title>Widget del bot\u00f3n de pago de PayPal iFrame para su sitio web (gratis y r\u00e1pido)<\/title>\n<meta name=\"description\" content=\"Con Elfsight, genere su bot\u00f3n de pago de PayPal e ins\u00e9rtelo en su sitio web iFrame en poco tiempo. Ofrecemos servicio al cliente gratuito y otras bonificaciones.\" \/>\n<meta name=\"robots\" content=\"index, follow, max-snippet:-1, max-image-preview:large, max-video-preview:-1\" \/>\n<link rel=\"canonical\" href=\"https:\/\/elfsight.com\/es\/paypal-button-widget-generator\/iframe\/\" \/>\n<meta property=\"og:locale\" content=\"es_ES\" \/>\n<meta property=\"og:type\" content=\"article\" \/>\n<meta property=\"og:title\" content=\"Widget del bot\u00f3n de pago de PayPal iFrame para su sitio web (gratis y r\u00e1pido)\" \/>\n<meta property=\"og:description\" content=\"Con Elfsight, genere su bot\u00f3n de pago de PayPal e ins\u00e9rtelo en su sitio web iFrame en poco tiempo. Ofrecemos servicio al cliente gratuito y otras bonificaciones.\" \/>\n<meta property=\"og:url\" content=\"https:\/\/elfsight.com\/es\/paypal-button-widget-generator\/iframe\/\" \/>\n<meta property=\"og:site_name\" content=\"Elfsight ES\" \/>\n<meta property=\"article:modified_time\" content=\"2025-02-06T15:57:22+00:00\" \/>\n<meta name=\"twitter:card\" content=\"summary_large_image\" \/>\n<meta name=\"twitter:label1\" content=\"Tiempo de lectura\" \/>\n\t<meta name=\"twitter:data1\" content=\"4 minutos\" \/>\n<!-- \/ Yoast SEO plugin. -->","yoast_head_json":{"title":"Widget del bot\u00f3n de pago de PayPal iFrame para su sitio web (gratis y r\u00e1pido)","description":"Con Elfsight, genere su bot\u00f3n de pago de PayPal e ins\u00e9rtelo en su sitio web iFrame en poco tiempo. Ofrecemos servicio al cliente gratuito y otras bonificaciones.","robots":{"index":"index","follow":"follow","max-snippet":"max-snippet:-1","max-image-preview":"max-image-preview:large","max-video-preview":"max-video-preview:-1"},"canonical":"https:\/\/elfsight.com\/es\/paypal-button-widget-generator\/iframe\/","og_locale":"es_ES","og_type":"article","og_title":"Widget del bot\u00f3n de pago de PayPal iFrame para su sitio web (gratis y r\u00e1pido)","og_description":"Con Elfsight, genere su bot\u00f3n de pago de PayPal e ins\u00e9rtelo en su sitio web iFrame en poco tiempo. Ofrecemos servicio al cliente gratuito y otras bonificaciones.","og_url":"https:\/\/elfsight.com\/es\/paypal-button-widget-generator\/iframe\/","og_site_name":"Elfsight ES","article_modified_time":"2025-02-06T15:57:22+00:00","twitter_card":"summary_large_image","twitter_misc":{"Tiempo de lectura":"4 minutos"},"schema":{"@context":"https:\/\/schema.org","@graph":[{"@type":"WebPage","@id":"https:\/\/elfsight.com\/es\/paypal-button-widget-generator\/iframe\/","url":"https:\/\/elfsight.com\/es\/paypal-button-widget-generator\/iframe\/","name":"Widget del bot\u00f3n de pago de PayPal iFrame para su sitio web (gratis y r\u00e1pido)","isPartOf":{"@id":"https:\/\/elfsight.com\/es\/#website"},"datePublished":"1970-01-01T00:00:00+00:00","dateModified":"2025-02-06T15:57:22+00:00","description":"Con Elfsight, genere su bot\u00f3n de pago de PayPal e ins\u00e9rtelo en su sitio web iFrame en poco tiempo. Ofrecemos servicio al cliente gratuito y otras bonificaciones.","breadcrumb":{"@id":"https:\/\/elfsight.com\/es\/paypal-button-widget-generator\/iframe\/#breadcrumb"},"inLanguage":"es","potentialAction":[{"@type":"ReadAction","target":["https:\/\/elfsight.com\/es\/paypal-button-widget-generator\/iframe\/"]}]},{"@type":"BreadcrumbList","@id":"https:\/\/elfsight.com\/es\/paypal-button-widget-generator\/iframe\/#breadcrumb","itemListElement":[{"@type":"ListItem","position":1,"name":"Home","item":"https:\/\/elfsight.com\/es\/"},{"@type":"ListItem","position":2,"name":"PayPal Button","item":"https:\/\/elfsight.com\/es\/paypal-button-widget-generator\/"},{"@type":"ListItem","position":3,"name":"PayPal Button &#8211; iFrame"}]},{"@type":"WebSite","@id":"https:\/\/elfsight.com\/es\/#website","url":"https:\/\/elfsight.com\/es\/","name":"Elfsight ES","description":"Just another Elfsight Sites site","potentialAction":[{"@type":"SearchAction","target":{"@type":"EntryPoint","urlTemplate":"https:\/\/elfsight.com\/es\/?s={search_term_string}"},"query-input":{"@type":"PropertyValueSpecification","valueRequired":true,"valueName":"search_term_string"}}],"inLanguage":"es"}]}},"meta_box":{"industry":"","seo_heading":"","heading":"","description":"","cta_heading":"","cta_description":"","application":"1285","h1":"Widget del bot\u00f3n de pago de PayPal de iFrame","h1_caption":"Habilite pagos \u00fanicos, suscripciones y donaciones en su sitio web con PayPal","application_category":[],"applications_title":"","applications_request_title":"","applications_request_button_text":"","hero_text":"","hero_video":"","hero_video_schema_markup":"","selling_points_title":"","selling_points_caption":"","selling_points":[],"selling_points_cta_text":"","features_title":"","features":"","ed_cta_examples_text":"","ed_cta_examples_hidden":"","ed_cta_demo_text":"","ed_cta_demo_hidden":"","why_caption":"","why_editor_title":"","why_editor_text":"","why_team_title":"","why_team_text":"","why_service_title":"","why_service_text":"","template_catalog_visible":"","template_catalog_title":"","template_catalog_text":"","template_catalog_categories_visible":"","demo_title":"Crea tu widget de bot\u00f3n de PayPal","demo_caption":"\u00a1Configure su bot\u00f3n PayPal y agr\u00e9guelo a su sitio web iFrame gratis!","default_faq_hidden":"","app_template_category":[],"platform":"2192","template_public_id":"","codecanyon_url":"","codecanyon_item_id":"","codecanyon_price":"","pricing_caption":"","pricing_elfsight_apps_hide_column":"","pricing_elfsight_apps_url":"","pricing_codecanyon_price_caption":"","integration_category":[],"integration_request_title":"","integration_request_cta":"","integration_platform":"","integrations":[],"platform_category":[],"video_schema_markup":"","price":"desde $0 \/ mes","trial":"","benefits":[{"text":"Servicio de instalaci\u00f3n gratuito"},{"text":"Soporte premium"},{"text":"Garant\u00eda de reembolso de 14 d\u00edas"},{"text":"Actualizando constantemente"}],"button_url":"#demo","button_target_blank":"","button_nofollow":"","attributes":[{"name":"Instalaciones","content":"10,000 - 100,000"},{"name":"Sensible","content":"S\u00ed"},{"name":"Navegadores compatibles","content":"Opera, Safari, Firefox, Edge, Chrome"}],"tags":[],"tags_disable_links":"","hide_more_platforms":"","video_object":"","demo_hide_cta":"","demo_hide_cloud_options":"","pricing_title":"","pricing":[{"pricing_icon":"platform","pricing_title":"Elfsight Apps","pricing_title_caption":"Software multiplataforma que funciona en cualquier sitio web","pricing_price":"desde $0 \/ mes","pricing_price_caption":"comienza con el plan gratuito","pricing_benefits":[{"text":"N\u00famero ilimitado de sitios web"},{"text":"Soporte gratuito y puntual"},{"text":"Servicio de instalaci\u00f3n gratuito"},{"text":"Oferta especial para m\u00faltiples aplicaciones"}],"pricing_button_text":"A\u00f1adir al sitio web","pricing_button_url":"#demo"}],"related_apps_title":"","related_apps_hidden":"","author":"","image":[],"title":"","job":"","social_networks":[]},"_links":{"self":[{"href":"https:\/\/elfsight.com\/es\/wp-json\/wp\/v2\/pages\/7388","targetHints":{"allow":["GET"]}}],"collection":[{"href":"https:\/\/elfsight.com\/es\/wp-json\/wp\/v2\/pages"}],"about":[{"href":"https:\/\/elfsight.com\/es\/wp-json\/wp\/v2\/types\/page"}],"author":[{"embeddable":true,"href":"https:\/\/elfsight.com\/es\/wp-json\/wp\/v2\/users\/9"}],"replies":[{"embeddable":true,"href":"https:\/\/elfsight.com\/es\/wp-json\/wp\/v2\/comments?post=7388"}],"version-history":[{"count":2,"href":"https:\/\/elfsight.com\/es\/wp-json\/wp\/v2\/pages\/7388\/revisions"}],"predecessor-version":[{"id":18958,"href":"https:\/\/elfsight.com\/es\/wp-json\/wp\/v2\/pages\/7388\/revisions\/18958"}],"up":[{"embeddable":true,"href":"https:\/\/elfsight.com\/es\/wp-json\/wp\/v2\/pages\/1287"}],"wp:attachment":[{"href":"https:\/\/elfsight.com\/es\/wp-json\/wp\/v2\/media?parent=7388"}],"curies":[{"name":"wp","href":"https:\/\/api.w.org\/{rel}","templated":true}]}}