{"id":7387,"date":"1970-01-01T00:00:00","date_gmt":"1970-01-01T00:00:00","guid":{"rendered":"https:\/\/elfsight.com\/es\/?page_id=7387"},"modified":"2025-02-06T15:57:32","modified_gmt":"2025-02-06T15:57:32","slug":"html","status":"publish","type":"page","link":"https:\/\/elfsight.com\/es\/paypal-button-widget-generator\/html\/","title":{"rendered":"PayPal Button &#8211; HTML"},"content":{"rendered":"<div class=\"application-platform-content-item-description application-platform-content-item\" id=\"description\" data-nav-section=\"description\"><h2>Descripci\u00f3n<\/h2><p>Agregue una herramienta de pago sencilla y confiable a su sitio. Con el bot\u00f3n PayPal de Elfsight, puede recibir pagos \u00fanicos, suscripciones y donaciones de los clientes. Cree su bot\u00f3n personalizado, eligiendo una variante de caracter\u00edsticas de pago, moneda, localizaci\u00f3n e interfaz de usuario para hacerlo \u00fanico. A su cliente le encantar\u00e1 el procedimiento de pago r\u00e1pido y c\u00f3modo en su sitio con la ayuda del bot\u00f3n PayPal.<\/p><p><b>\u00a1Agregue el pago de PayPal en su sitio sin mucho esfuerzo!<\/b><\/p><p><b>Un pr\u00e1ctico instrumento de pago en su sitio web sin codificaci\u00f3n en poco tiempo<\/b>.<br>Es muy importante para una empresa exitosa brindar a su audiencia una opci\u00f3n pr\u00e1ctica para pagar en l\u00ednea. Agregue el bot\u00f3n PayPal de Elfsight a su sitio web y realizar\u00e1 la tarea por usted.<\/p><p><b>Una soluci\u00f3n universal para aceptar pagos, suscripciones y donaciones<\/b>.<br>Al tener solo una herramienta de Elfsight, puede obtener botones para que los clientes paguen, se suscriban y donen en su sitio web. Ahorre tiempo y dinero y agregue un instrumento multifuncional que le brinde una variedad de opciones.<\/p><p><b>Uno de los m\u00e9todos de pago m\u00e1s confiables y extendidos en su sitio<\/b>.<br>Es una buena pr\u00e1ctica integrar su sitio web con uno de los m\u00e9todos de pago m\u00e1s confiables y conocidos. Y gracias al bot\u00f3n PayPal de Elfsight, solo te llevar\u00e1 unos segundos.<\/p><\/div><div class=\"application-platform-content-item-features application-platform-content-item\" id=\"features\" data-nav-section=\"features\"><h2>Caracter\u00edsticas<\/h2><p>Vea las caracter\u00edsticas que hacen de nuestro widget uno de los mejores para pagar en sitios web:<\/p><ul><li>Configuraci\u00f3n de la localizaci\u00f3n del bot\u00f3n a partir de la lista predefinida de pa\u00edses;<\/li><li>Dos variantes de indicaci\u00f3n de impuestos: plano o porcentaje;<\/li><li>Tama\u00f1o responsivo para una apariencia \u00f3ptima en cualquier dispositivo;<\/li><li>Elecci\u00f3n del color del bot\u00f3n;<\/li><li>Cuatro \u00edconos de sistemas de pago intercambiables para mayor confianza y seguridad del cliente.<\/li><\/ul><p>M\u00e1s opciones en nuestro editor<\/p><\/div><div class=\"application-platform-content-item-installation application-platform-content-item\" id=\"installation\" data-nav-section=\"installation\"><h2>C\u00f3mo agregar un c\u00f3digo de bot\u00f3n de PayPal a un sitio web HTML<\/h2><div class=\"video-container\"><iframe width=\"720\" height=\"405\" src=\"https:\/\/www.youtube.com\/embed\/5yMPWi2f1nQ\" frameborder=\"0\"><\/iframe><\/div><p>Una peque\u00f1a gu\u00eda para la integraci\u00f3n del widget en HTML por tu cuenta. Para realizar la integraci\u00f3n, no es necesario contratar a un desarrollador ni tener personalmente competencia en desarrollo web. La instalaci\u00f3n completa dura solo unos minutos.<\/p><ol><li><b>Genere su bot\u00f3n exclusivo de PayPal.<\/b><br>Utilizando nuestro configurador gratuito, cree un complemento con la plantilla y las capacidades deseadas.<\/li><li><b>Copia el c\u00f3digo para incrustar el complemento.<\/b><br>Despu\u00e9s de personalizar el widget, adquiera el c\u00f3digo para el complemento de PayPal en la notificaci\u00f3n que aparece en Elfsight Apps.<\/li><li><b>Inserte el widget en el HTML sitio web.<\/b><br>Inicie el c\u00f3digo de la p\u00e1gina en el editor HTML, agregue el widget al lugar seleccionado (contenido, pie de p\u00e1gina, barra lateral, etc.) y aplique los resultados.<\/li><li><b>\u00a1La integraci\u00f3n es exitosa!<\/b><br>Ingrese al sitio HTML para verificar su trabajo.<\/li><\/ol><p>\u00bfTiene alg\u00fan problema al mostrar o ajustar el complemento? Consulte un art\u00edculo completo sobre c\u00f3mo ajustar el complemento en HTML o deje una consulta en nuestro Centro de soporte.<\/p><div class=\"faq\" data-component=\"FAQ\"> <div class=\"faq-item\">\r\n\t\t\t\t\t<div class=\"faq-item-question\">\r\n\t\t\t\t\t\t<h3 class=\"faq-item-question-text\">\u00bfC\u00f3mo puedo agregar un bot\u00f3n de PayPal a mi sitio web HTML sin conocimientos de codificaci\u00f3n?<\/h3>\r\n\r\n\t\t\t\t\t\t<div class=\"faq-item-question-icon\"><\/div>\r\n\t\t\t\t\t<\/div>\r\n\r\n\t\t\t\t\t<div class=\"faq-item-answer\">\r\n\t\t\t\t\t\t<div class=\"faq-item-answer-text\"> <p>Elfsight proporciona una soluci\u00f3n SaaS que le permite crear un widget de bot\u00f3n de PayPal usted mismo; vea lo f\u00e1cil que es el proceso: trabaje directamente en el editor en l\u00ednea para crear un widget de bot\u00f3n de PayPal que le gustar\u00eda ver en su sitio web HTML. Elija una de las plantillas predise\u00f1adas y ajuste la configuraci\u00f3n del bot\u00f3n de PayPal, agregue su contenido, cambie el dise\u00f1o y los colores sin conocimientos de codificaci\u00f3n. Guarde el bot\u00f3n de PayPal y copie su c\u00f3digo de instalaci\u00f3n, que podr\u00e1 pegar f\u00e1cilmente en su sitio web HTML sin necesidad de comprar una suscripci\u00f3n paga. Con nuestro editor intuitivo, cualquier usuario de Internet puede crear un widget de bot\u00f3n de PayPal en l\u00ednea e incrustarlo f\u00e1cilmente en su sitio web HTML. No es necesario pagar ni ingresar las credenciales de su tarjeta para acceder al servicio. Si tiene alg\u00fan problema en cualquier paso, no dude en ponerse en contacto con nuestro equipo de soporte t\u00e9cnico.<\/p> <\/div>\r\n\t\t\t\t\t<\/div>\r\n\t\t\t\t<\/div> <\/div> <\/div>","protected":false},"excerpt":{"rendered":"","protected":false},"author":9,"featured_media":0,"parent":1287,"menu_order":0,"comment_status":"closed","ping_status":"closed","template":"templates\/template-application-platform.php","meta":{"publish_to_discourse":"","publish_post_category":"","wpdc_auto_publish_overridden":"","wpdc_topic_tags":"","wpdc_pin_topic":"","wpdc_pin_until":"","discourse_post_id":"","discourse_permalink":"","wpdc_publishing_response":"","wpdc_publishing_error":"","footnotes":""},"class_list":["post-7387","page","type-page","status-publish","hentry"],"yoast_head":"<!-- This site is optimized with the Yoast SEO plugin v25.3.1 - https:\/\/yoast.com\/wordpress\/plugins\/seo\/ -->\n<title>Bot\u00f3n de PayPal: agregue el c\u00f3digo de pago de PayPal al sitio web HTML (2025)<\/title>\n<meta name=\"description\" content=\"Instale el c\u00f3digo del bot\u00f3n de PayPal en su sitio web HTML en solo unos minutos. Creaci\u00f3n r\u00e1pida y sencilla de cualquier widget de pago de sitio web con Elfsight.\" \/>\n<meta name=\"robots\" content=\"index, follow, max-snippet:-1, max-image-preview:large, max-video-preview:-1\" \/>\n<link rel=\"canonical\" href=\"https:\/\/elfsight.com\/es\/paypal-button-widget-generator\/html\/\" \/>\n<meta property=\"og:locale\" content=\"es_ES\" \/>\n<meta property=\"og:type\" content=\"article\" \/>\n<meta property=\"og:title\" content=\"Bot\u00f3n de PayPal: agregue el c\u00f3digo de pago de PayPal al sitio web HTML (2025)\" \/>\n<meta property=\"og:description\" content=\"Instale el c\u00f3digo del bot\u00f3n de PayPal en su sitio web HTML en solo unos minutos. Creaci\u00f3n r\u00e1pida y sencilla de cualquier widget de pago de sitio web con Elfsight.\" \/>\n<meta property=\"og:url\" content=\"https:\/\/elfsight.com\/es\/paypal-button-widget-generator\/html\/\" \/>\n<meta property=\"og:site_name\" content=\"Elfsight ES\" \/>\n<meta property=\"article:modified_time\" content=\"2025-02-06T15:57:32+00:00\" \/>\n<meta name=\"twitter:card\" content=\"summary_large_image\" \/>\n<meta name=\"twitter:label1\" content=\"Tiempo de lectura\" \/>\n\t<meta name=\"twitter:data1\" content=\"4 minutos\" \/>\n<!-- \/ Yoast SEO plugin. -->","yoast_head_json":{"title":"Bot\u00f3n de PayPal: agregue el c\u00f3digo de pago de PayPal al sitio web HTML (2025)","description":"Instale el c\u00f3digo del bot\u00f3n de PayPal en su sitio web HTML en solo unos minutos. Creaci\u00f3n r\u00e1pida y sencilla de cualquier widget de pago de sitio web con Elfsight.","robots":{"index":"index","follow":"follow","max-snippet":"max-snippet:-1","max-image-preview":"max-image-preview:large","max-video-preview":"max-video-preview:-1"},"canonical":"https:\/\/elfsight.com\/es\/paypal-button-widget-generator\/html\/","og_locale":"es_ES","og_type":"article","og_title":"Bot\u00f3n de PayPal: agregue el c\u00f3digo de pago de PayPal al sitio web HTML (2025)","og_description":"Instale el c\u00f3digo del bot\u00f3n de PayPal en su sitio web HTML en solo unos minutos. Creaci\u00f3n r\u00e1pida y sencilla de cualquier widget de pago de sitio web con Elfsight.","og_url":"https:\/\/elfsight.com\/es\/paypal-button-widget-generator\/html\/","og_site_name":"Elfsight ES","article_modified_time":"2025-02-06T15:57:32+00:00","twitter_card":"summary_large_image","twitter_misc":{"Tiempo de lectura":"4 minutos"},"schema":{"@context":"https:\/\/schema.org","@graph":[{"@type":"WebPage","@id":"https:\/\/elfsight.com\/es\/paypal-button-widget-generator\/html\/","url":"https:\/\/elfsight.com\/es\/paypal-button-widget-generator\/html\/","name":"Bot\u00f3n de PayPal: agregue el c\u00f3digo de pago de PayPal al sitio web HTML (2025)","isPartOf":{"@id":"https:\/\/elfsight.com\/es\/#website"},"datePublished":"1970-01-01T00:00:00+00:00","dateModified":"2025-02-06T15:57:32+00:00","description":"Instale el c\u00f3digo del bot\u00f3n de PayPal en su sitio web HTML en solo unos minutos. Creaci\u00f3n r\u00e1pida y sencilla de cualquier widget de pago de sitio web con Elfsight.","breadcrumb":{"@id":"https:\/\/elfsight.com\/es\/paypal-button-widget-generator\/html\/#breadcrumb"},"inLanguage":"es","potentialAction":[{"@type":"ReadAction","target":["https:\/\/elfsight.com\/es\/paypal-button-widget-generator\/html\/"]}]},{"@type":"BreadcrumbList","@id":"https:\/\/elfsight.com\/es\/paypal-button-widget-generator\/html\/#breadcrumb","itemListElement":[{"@type":"ListItem","position":1,"name":"Home","item":"https:\/\/elfsight.com\/es\/"},{"@type":"ListItem","position":2,"name":"PayPal Button","item":"https:\/\/elfsight.com\/es\/paypal-button-widget-generator\/"},{"@type":"ListItem","position":3,"name":"PayPal Button &#8211; HTML"}]},{"@type":"WebSite","@id":"https:\/\/elfsight.com\/es\/#website","url":"https:\/\/elfsight.com\/es\/","name":"Elfsight ES","description":"Just another Elfsight Sites site","potentialAction":[{"@type":"SearchAction","target":{"@type":"EntryPoint","urlTemplate":"https:\/\/elfsight.com\/es\/?s={search_term_string}"},"query-input":{"@type":"PropertyValueSpecification","valueRequired":true,"valueName":"search_term_string"}}],"inLanguage":"es"}]}},"meta_box":{"industry":"","seo_heading":"","heading":"","description":"","cta_heading":"","cta_description":"","application":"1285","h1":"C\u00f3digo del bot\u00f3n HTML de PayPal","h1_caption":"Inserte una de las herramientas de pago m\u00e1s confiables en su sitio web","application_category":[],"applications_title":"","applications_request_title":"","applications_request_button_text":"","hero_text":"","hero_video":"","hero_video_schema_markup":"","selling_points_title":"","selling_points_caption":"","selling_points":[],"selling_points_cta_text":"","features_title":"","features":"","ed_cta_examples_text":"","ed_cta_examples_hidden":"","ed_cta_demo_text":"","ed_cta_demo_hidden":"","why_caption":"","why_editor_title":"","why_editor_text":"","why_team_title":"","why_team_text":"","why_service_title":"","why_service_text":"","template_catalog_visible":"","template_catalog_title":"","template_catalog_text":"","template_catalog_categories_visible":"","demo_title":"Crea tu widget de bot\u00f3n de PayPal","demo_caption":"\u00a1Configure su bot\u00f3n de PayPal y agr\u00e9guelo a su sitio web HTML de forma gratuita!","default_faq_hidden":"","app_template_category":[],"platform":"70","template_public_id":"","codecanyon_url":"","codecanyon_item_id":"","codecanyon_price":"","pricing_caption":"","pricing_elfsight_apps_hide_column":"","pricing_elfsight_apps_url":"","pricing_codecanyon_price_caption":"","integration_category":[],"integration_request_title":"","integration_request_cta":"","integration_platform":"","integrations":[],"platform_category":[],"video_schema_markup":"","price":"desde $0 \/ mes","trial":"","benefits":[{"text":"Asistencia de instalaci\u00f3n gratuita"},{"text":"Soporte premium"},{"text":"Garant\u00eda de reembolso de 14 d\u00edas"},{"text":"Futuras actualizaciones gratuitas"}],"button_url":"#demo","button_target_blank":"","button_nofollow":"","attributes":[{"name":"Instalaciones","content":"10,000 - 100,000"},{"name":"Sensible","content":"S\u00ed"},{"name":"Navegadores compatibles","content":"Firefox, Safari, Opera, Chrome, Edge"}],"tags":[],"tags_disable_links":"","hide_more_platforms":"","video_object":"","demo_hide_cta":"","demo_hide_cloud_options":"","pricing_title":"","pricing":[{"pricing_icon":"platform","pricing_title":"Elfsight Apps","pricing_title_caption":"Versi\u00f3n multiplataforma que se adapta a cualquier sitio web.","pricing_price":"desde $0 \/ mes","pricing_price_caption":"comienza con el plan gratuito","pricing_benefits":[{"text":"Dominios ilimitados"},{"text":"Soporte r\u00e1pido de la empresa y bien documentado."},{"text":"Ayuda de instalaci\u00f3n gratuita"},{"text":"Precio especial para m\u00faltiples aplicaciones"}],"pricing_button_text":"A\u00f1adir al sitio web","pricing_button_url":"#demo"}],"related_apps_title":"","related_apps_hidden":"","author":"","image":[],"title":"","job":"","social_networks":[]},"_links":{"self":[{"href":"https:\/\/elfsight.com\/es\/wp-json\/wp\/v2\/pages\/7387","targetHints":{"allow":["GET"]}}],"collection":[{"href":"https:\/\/elfsight.com\/es\/wp-json\/wp\/v2\/pages"}],"about":[{"href":"https:\/\/elfsight.com\/es\/wp-json\/wp\/v2\/types\/page"}],"author":[{"embeddable":true,"href":"https:\/\/elfsight.com\/es\/wp-json\/wp\/v2\/users\/9"}],"replies":[{"embeddable":true,"href":"https:\/\/elfsight.com\/es\/wp-json\/wp\/v2\/comments?post=7387"}],"version-history":[{"count":2,"href":"https:\/\/elfsight.com\/es\/wp-json\/wp\/v2\/pages\/7387\/revisions"}],"predecessor-version":[{"id":18959,"href":"https:\/\/elfsight.com\/es\/wp-json\/wp\/v2\/pages\/7387\/revisions\/18959"}],"up":[{"embeddable":true,"href":"https:\/\/elfsight.com\/es\/wp-json\/wp\/v2\/pages\/1287"}],"wp:attachment":[{"href":"https:\/\/elfsight.com\/es\/wp-json\/wp\/v2\/media?parent=7387"}],"curies":[{"name":"wp","href":"https:\/\/api.w.org\/{rel}","templated":true}]}}