{"id":7380,"date":"1970-01-01T00:00:00","date_gmt":"1970-01-01T00:00:00","guid":{"rendered":"https:\/\/elfsight.com\/es\/?page_id=7380"},"modified":"2025-02-06T15:57:32","modified_gmt":"2025-02-06T15:57:32","slug":"facebook","status":"publish","type":"page","link":"https:\/\/elfsight.com\/es\/paypal-button-widget-generator\/facebook\/","title":{"rendered":"PayPal Button &#8211; Facebook Page"},"content":{"rendered":"<div class=\"application-platform-content-item-description application-platform-content-item\" id=\"description\" data-nav-section=\"description\"><h2>Descripci\u00f3n<\/h2><p>El bot\u00f3n Donar de Elfsight proporciona una manera f\u00e1cil de permitir a sus clientes realizar pagos a trav\u00e9s de PayPal en una p\u00e1gina. Con este widget, puede mostrar botones para pagos, suscripciones repetidas y donaciones. Eres libre de agregar impuestos y precio de entrega, modificar la localizaci\u00f3n y la moneda, agregar mensajes y mucho m\u00e1s. Obtenga una variante de pago sencilla y segura para sus clientes utilizando uno de los instrumentos de pago de mayor reputaci\u00f3n.<\/p><p><b>\u00a1Integre pagos de PayPal en su p\u00e1gina de Facebook f\u00e1cilmente!<\/b><\/p><\/div><div class=\"application-platform-content-item-features application-platform-content-item\" id=\"features\" data-nav-section=\"features\"><h2>Caracter\u00edsticas<\/h2><p>Explore las funciones que hacen de nuestro widget el mejor para pagos en l\u00ednea:<\/p><ul><li>Una biblioteca con todo lo m\u00e1s monedas populares;<\/li><li>Establezca su intervalo de facturaci\u00f3n personalizado, eligiendo el ciclo y el per\u00edodo de facturaci\u00f3n, por ejemplo, cada tres meses;<\/li><li>Ancho de bot\u00f3n ajustable;<\/li><li>Color del logotipo de PayPal: original o blanco;<\/li><li>Mostrar u ocultar el icono de PayPal.<\/li> <\/ul> <p><a href=\"#demo\">Pruebe todas las caracter\u00edsticas en el editor<\/a><\/p><\/div> <div class=\"application-platform-content-item-installation application-platform-content-item\" id=\"installation\" data-nav-section=\"installation\"><h2>C\u00f3mo agregar el bot\u00f3n Donar de PayPal a la p\u00e1gina de Facebook<\/h2><p>La implementaci\u00f3n dura solo 2 minutos y, adem\u00e1s, no necesitar\u00e1 conocimientos de desarrollo.<\/p><ul><li><b>Construya su bot\u00f3n de PayPal personalizado<\/b><br>En nuestro editor gratuito, cree un complemento con un dise\u00f1o seleccionado y caracter\u00edsticas funcionales.<\/li><li><b>Reciba el c\u00f3digo personal para configurar el plugin<\/b><br>Despu\u00e9s de haber configurado su widget, recibir\u00e1 el c\u00f3digo \u00fanico de la notificaci\u00f3n que aparece en Elfsight Apps. C\u00f3pialo.<\/li><li><b>Agrega el widget de PayPal a la p\u00e1gina de Facebook<\/b><br> Crea tu pesta\u00f1a personalizada de Facebook. Inserte el c\u00f3digo que recibi\u00f3 en las aplicaciones de elfsight en la pesta\u00f1a. Si tiene alg\u00fan problema, consulte nuestra gu\u00eda sobre <a href=\"https:\/\/elfsight.com\/blog\/how-to-add-custom-tab-to-facebook-page\/\" target=\"_blank\" rel=\"noopener noreferrer\">creaci\u00f3n de una pesta\u00f1a personalizada de Facebook<\/a><\/li><li><b>\u00a1Felicitaciones! \u00a1Acabas de insertar el widget!<\/b><br>Vaya a su p\u00e1gina para ver su bot\u00f3n.<\/li><\/ul><p>\u00bfTiene alguna pregunta sobre el tutorial? Env\u00ede un mensaje a nuestro centro de soporte o lea un texto completo de las instrucciones y complete la configuraci\u00f3n usted mismo.<\/p><div class=\"faq\" data-component=\"FAQ\"> <div class=\"faq-item\">\r\n\t\t\t\t\t<div class=\"faq-item-question\">\r\n\t\t\t\t\t\t<h3 class=\"faq-item-question-text\">\u00bfC\u00f3mo puedo agregar un bot\u00f3n de PayPal al sitio web de mi p\u00e1gina de Facebook sin conocimientos de codificaci\u00f3n?<\/h3>\r\n\r\n\t\t\t\t\t\t<div class=\"faq-item-question-icon\"><\/div>\r\n\t\t\t\t\t<\/div>\r\n\r\n\t\t\t\t\t<div class=\"faq-item-answer\">\r\n\t\t\t\t\t\t<div class=\"faq-item-answer-text\"> <p>Elfsight proporciona una soluci\u00f3n SaaS que le permite crear un widget de bot\u00f3n de PayPal usted mismo. Vea lo f\u00e1cil que es el proceso: trabaje directamente en el editor en l\u00ednea para crear un widget de bot\u00f3n de PayPal que le gustar\u00eda ver en el sitio web de su p\u00e1gina de Facebook. Elija una de las plantillas predise\u00f1adas y ajuste la configuraci\u00f3n del bot\u00f3n de PayPal, agregue su contenido, cambie el dise\u00f1o y el color de los elementos sin conocimientos de codificaci\u00f3n. Guarde el bot\u00f3n de PayPal y copie su c\u00f3digo de instalaci\u00f3n, que puede pegar f\u00e1cilmente en el sitio web de su p\u00e1gina de Facebook sin necesidad de comprar una suscripci\u00f3n paga. Con nuestro editor intuitivo, cualquier usuario de Internet puede crear un widget de bot\u00f3n de PayPal en l\u00ednea e incrustarlo f\u00e1cilmente en el sitio web de su p\u00e1gina de Facebook. No es necesario pagar ni ingresar las credenciales de su tarjeta para acceder al servicio. Si tiene alg\u00fan problema en cualquier paso, no dude en ponerse en contacto con nuestro equipo de soporte t\u00e9cnico.<\/p> <\/div>\r\n\t\t\t\t\t<\/div>\r\n\t\t\t\t<\/div> <\/div> <\/div>","protected":false},"excerpt":{"rendered":"","protected":false},"author":9,"featured_media":0,"parent":1287,"menu_order":0,"comment_status":"closed","ping_status":"closed","template":"templates\/template-application-platform.php","meta":{"publish_to_discourse":"","publish_post_category":"","wpdc_auto_publish_overridden":"","wpdc_topic_tags":"","wpdc_pin_topic":"","wpdc_pin_until":"","discourse_post_id":"","discourse_permalink":"","wpdc_publishing_response":"","wpdc_publishing_error":"","footnotes":""},"class_list":["post-7380","page","type-page","status-publish","hentry"],"yoast_head":"<!-- This site is optimized with the Yoast SEO plugin v25.3.1 - https:\/\/yoast.com\/wordpress\/plugins\/seo\/ -->\n<title>Agregar el bot\u00f3n Donar de PayPal a la p\u00e1gina de Facebook (2025)<\/title>\n<meta name=\"description\" content=\"Agregue su bot\u00f3n de pago o donaci\u00f3n de PayPal a la p\u00e1gina de Facebook en solo un minuto. \u00a1Demostraci\u00f3n gratuita, soporte con instalaci\u00f3n y m\u00e1s extras de Elfsight!\" \/>\n<meta name=\"robots\" content=\"index, follow, max-snippet:-1, max-image-preview:large, max-video-preview:-1\" \/>\n<link rel=\"canonical\" href=\"https:\/\/elfsight.com\/es\/paypal-button-widget-generator\/facebook\/\" \/>\n<meta property=\"og:locale\" content=\"es_ES\" \/>\n<meta property=\"og:type\" content=\"article\" \/>\n<meta property=\"og:title\" content=\"Agregar el bot\u00f3n Donar de PayPal a la p\u00e1gina de Facebook (2025)\" \/>\n<meta property=\"og:description\" content=\"Agregue su bot\u00f3n de pago o donaci\u00f3n de PayPal a la p\u00e1gina de Facebook en solo un minuto. \u00a1Demostraci\u00f3n gratuita, soporte con instalaci\u00f3n y m\u00e1s extras de Elfsight!\" \/>\n<meta property=\"og:url\" content=\"https:\/\/elfsight.com\/es\/paypal-button-widget-generator\/facebook\/\" \/>\n<meta property=\"og:site_name\" content=\"Elfsight ES\" \/>\n<meta property=\"article:modified_time\" content=\"2025-02-06T15:57:32+00:00\" \/>\n<meta name=\"twitter:card\" content=\"summary_large_image\" \/>\n<meta name=\"twitter:label1\" content=\"Tiempo de lectura\" \/>\n\t<meta name=\"twitter:data1\" content=\"3 minutos\" \/>\n<!-- \/ Yoast SEO plugin. -->","yoast_head_json":{"title":"Agregar el bot\u00f3n Donar de PayPal a la p\u00e1gina de Facebook (2025)","description":"Agregue su bot\u00f3n de pago o donaci\u00f3n de PayPal a la p\u00e1gina de Facebook en solo un minuto. \u00a1Demostraci\u00f3n gratuita, soporte con instalaci\u00f3n y m\u00e1s extras de Elfsight!","robots":{"index":"index","follow":"follow","max-snippet":"max-snippet:-1","max-image-preview":"max-image-preview:large","max-video-preview":"max-video-preview:-1"},"canonical":"https:\/\/elfsight.com\/es\/paypal-button-widget-generator\/facebook\/","og_locale":"es_ES","og_type":"article","og_title":"Agregar el bot\u00f3n Donar de PayPal a la p\u00e1gina de Facebook (2025)","og_description":"Agregue su bot\u00f3n de pago o donaci\u00f3n de PayPal a la p\u00e1gina de Facebook en solo un minuto. \u00a1Demostraci\u00f3n gratuita, soporte con instalaci\u00f3n y m\u00e1s extras de Elfsight!","og_url":"https:\/\/elfsight.com\/es\/paypal-button-widget-generator\/facebook\/","og_site_name":"Elfsight ES","article_modified_time":"2025-02-06T15:57:32+00:00","twitter_card":"summary_large_image","twitter_misc":{"Tiempo de lectura":"3 minutos"},"schema":{"@context":"https:\/\/schema.org","@graph":[{"@type":"WebPage","@id":"https:\/\/elfsight.com\/es\/paypal-button-widget-generator\/facebook\/","url":"https:\/\/elfsight.com\/es\/paypal-button-widget-generator\/facebook\/","name":"Agregar el bot\u00f3n Donar de PayPal a la p\u00e1gina de Facebook (2025)","isPartOf":{"@id":"https:\/\/elfsight.com\/es\/#website"},"datePublished":"1970-01-01T00:00:00+00:00","dateModified":"2025-02-06T15:57:32+00:00","description":"Agregue su bot\u00f3n de pago o donaci\u00f3n de PayPal a la p\u00e1gina de Facebook en solo un minuto. \u00a1Demostraci\u00f3n gratuita, soporte con instalaci\u00f3n y m\u00e1s extras de Elfsight!","breadcrumb":{"@id":"https:\/\/elfsight.com\/es\/paypal-button-widget-generator\/facebook\/#breadcrumb"},"inLanguage":"es","potentialAction":[{"@type":"ReadAction","target":["https:\/\/elfsight.com\/es\/paypal-button-widget-generator\/facebook\/"]}]},{"@type":"BreadcrumbList","@id":"https:\/\/elfsight.com\/es\/paypal-button-widget-generator\/facebook\/#breadcrumb","itemListElement":[{"@type":"ListItem","position":1,"name":"Home","item":"https:\/\/elfsight.com\/es\/"},{"@type":"ListItem","position":2,"name":"PayPal Button","item":"https:\/\/elfsight.com\/es\/paypal-button-widget-generator\/"},{"@type":"ListItem","position":3,"name":"PayPal Button &#8211; Facebook Page"}]},{"@type":"WebSite","@id":"https:\/\/elfsight.com\/es\/#website","url":"https:\/\/elfsight.com\/es\/","name":"Elfsight ES","description":"Just another Elfsight Sites site","potentialAction":[{"@type":"SearchAction","target":{"@type":"EntryPoint","urlTemplate":"https:\/\/elfsight.com\/es\/?s={search_term_string}"},"query-input":{"@type":"PropertyValueSpecification","valueRequired":true,"valueName":"search_term_string"}}],"inLanguage":"es"}]}},"meta_box":{"industry":"","seo_heading":"","heading":"","description":"","cta_heading":"","cta_description":"","application":"1285","h1":"Bot\u00f3n de PayPal para la p\u00e1gina de Facebook","h1_caption":"Integre una de las herramientas de pago m\u00e1s confiables en su pesta\u00f1a de Facebook","application_category":[],"applications_title":"","applications_request_title":"","applications_request_button_text":"","hero_text":"","hero_video":"","hero_video_schema_markup":"","selling_points_title":"","selling_points_caption":"","selling_points":[],"selling_points_cta_text":"","features_title":"","features":"","ed_cta_examples_text":"","ed_cta_examples_hidden":"","ed_cta_demo_text":"","ed_cta_demo_hidden":"","why_caption":"","why_editor_title":"","why_editor_text":"","why_team_title":"","why_team_text":"","why_service_title":"","why_service_text":"","template_catalog_visible":"","template_catalog_title":"","template_catalog_text":"","template_catalog_categories_visible":"","demo_title":"Crea tu widget de bot\u00f3n de PayPal","demo_caption":"\u00a1Configure su bot\u00f3n de PayPal y agr\u00e9guelo al sitio web de su p\u00e1gina de Facebook de forma gratuita!","default_faq_hidden":"","app_template_category":[],"platform":"64","template_public_id":"","codecanyon_url":"","codecanyon_item_id":"","codecanyon_price":"","pricing_caption":"","pricing_elfsight_apps_hide_column":"","pricing_elfsight_apps_url":"","pricing_codecanyon_price_caption":"","integration_category":[],"integration_request_title":"","integration_request_cta":"","integration_platform":"","integrations":[],"platform_category":[],"video_schema_markup":"","price":"desde $0 \/ mes","trial":"","benefits":[{"text":"Ayuda de instalaci\u00f3n gratuita"},{"text":"Soporte premium"},{"text":"Garant\u00eda de reembolso de 14 d\u00edas"},{"text":"Actualizaciones gratuitas continuas"}],"button_url":"#demo","button_target_blank":"","button_nofollow":"","attributes":[{"name":"Instalaciones","content":"10,000 - 100,000"},{"name":"Sensible","content":"S\u00ed"},{"name":"Navegadores compatibles","content":"Opera, Edge, Chrome, Firefox, Safari"}],"tags":[],"tags_disable_links":"","hide_more_platforms":"","video_object":"","demo_hide_cta":"","demo_hide_cloud_options":"","pricing_title":"","pricing":[{"pricing_icon":"platform","pricing_title":"Elfsight Apps","pricing_title_caption":"Soluci\u00f3n multiplataforma","pricing_price":"desde $0 \/ mes","pricing_price_caption":"comienza con el plan gratuito","pricing_benefits":[{"text":"Sitios web ilimitados"},{"text":"Soporte premium y puntual"},{"text":"Asistencia de instalaci\u00f3n gratuita"},{"text":"Dise\u00f1o flexible"}],"pricing_button_text":"A\u00f1adir al sitio web","pricing_button_url":"#demo"}],"related_apps_title":"","related_apps_hidden":"","author":"","image":[],"title":"","job":"","social_networks":[]},"_links":{"self":[{"href":"https:\/\/elfsight.com\/es\/wp-json\/wp\/v2\/pages\/7380","targetHints":{"allow":["GET"]}}],"collection":[{"href":"https:\/\/elfsight.com\/es\/wp-json\/wp\/v2\/pages"}],"about":[{"href":"https:\/\/elfsight.com\/es\/wp-json\/wp\/v2\/types\/page"}],"author":[{"embeddable":true,"href":"https:\/\/elfsight.com\/es\/wp-json\/wp\/v2\/users\/9"}],"replies":[{"embeddable":true,"href":"https:\/\/elfsight.com\/es\/wp-json\/wp\/v2\/comments?post=7380"}],"version-history":[{"count":2,"href":"https:\/\/elfsight.com\/es\/wp-json\/wp\/v2\/pages\/7380\/revisions"}],"predecessor-version":[{"id":18962,"href":"https:\/\/elfsight.com\/es\/wp-json\/wp\/v2\/pages\/7380\/revisions\/18962"}],"up":[{"embeddable":true,"href":"https:\/\/elfsight.com\/es\/wp-json\/wp\/v2\/pages\/1287"}],"wp:attachment":[{"href":"https:\/\/elfsight.com\/es\/wp-json\/wp\/v2\/media?parent=7380"}],"curies":[{"name":"wp","href":"https:\/\/api.w.org\/{rel}","templated":true}]}}