{"id":7379,"date":"1970-01-01T00:00:00","date_gmt":"1970-01-01T00:00:00","guid":{"rendered":"https:\/\/elfsight.com\/es\/?page_id=7379"},"modified":"2025-02-06T15:57:43","modified_gmt":"2025-02-06T15:57:43","slug":"elementor","status":"publish","type":"page","link":"https:\/\/elfsight.com\/es\/paypal-button-widget-generator\/elementor\/","title":{"rendered":"PayPal Button &#8211; Elementor"},"content":{"rendered":"<div class=\"application-platform-content-item-description application-platform-content-item\" id=\"description\" data-nav-section=\"description\"> <h2>Incrustar el bot\u00f3n de PayPal en Elementor con el widget de Elfsight<\/h2> <p>Organiza un pago confiable y pr\u00e1ctico en tu sitio web sin mucho esfuerzo. Con el bot\u00f3n PayPal de Elfsight, puede aceptar pagos, suscripciones recurrentes y donaciones de sus clientes con facilidad y seguridad. Cree su propio bot\u00f3n personalizado, eligiendo la variante de pago, moneda, localizaci\u00f3n y eligiendo el aspecto para hacerlo verdaderamente \u00fanico. A sus clientes les gustar\u00e1 pagar de forma r\u00e1pida y c\u00f3moda en su sitio web mediante el bot\u00f3n PayPal.<\/p> <p><b>\u00a1Introduzca pagos de PayPal en su sitio web sin mucho esfuerzo!<\/b><\/p> <p><b>Un sistema de pago popular ahora en su sitio web. R\u00e1pido, f\u00e1cil y sin codificaci\u00f3n.<\/b><br>Los compradores aprecian la posibilidad de pagar de forma segura en un sitio web. Configure su propio bot\u00f3n de PayPal con Elfsight y tendr\u00e1 una herramienta de pago r\u00e1pida y sencilla para sus compradores. Sin codificaci\u00f3n, sin complicaciones.<\/p> <p><b>Un \u00fanico instrumento para procesar pagos, suscripciones y donaciones.<\/b><br>Al tener solo un widget de Elfsight, puede agregar botones para que los clientes paguen, se suscriban y donen en su sitio. Ahorre tiempo y dinero utilizando una soluci\u00f3n multiprop\u00f3sito, que le brinda un conjunto de variantes pr\u00e1cticas.<\/p> <p><b>Uno de los sistemas de pago m\u00e1s seguros y conocidos de su sitio.<\/b><br>No pierda la oportunidad de integrar su sitio con uno de los instrumentos de pago m\u00e1s seguros y confiables. Con el bot\u00f3n PayPal de Elfsight, esto se har\u00e1 en segundos y brindar\u00e1 la m\u00e1xima comodidad a sus usuarios.<\/p> <\/div><div class=\"application-platform-content-item-features application-platform-content-item\" id=\"features\" data-nav-section=\"features\"> <h2>Caracter\u00edsticas principales del widget del bot\u00f3n PayPal<\/h2> <p>Explore las caracter\u00edsticas que hacen de nuestro widget el mejor para pagos en sitios web:<\/p> <ul><li>Opci\u00f3n para agregar el nombre del producto;<\/li><li>Elija uno de los de facturaci\u00f3n intervalos: diario, semanal, mensual, anual;<\/li><li>Tama\u00f1o adaptable para una apariencia \u00f3ptima en cualquier dispositivo;<\/li><li>Elecci\u00f3n del color del bot\u00f3n;<\/li><li>Opci\u00f3n para dirigir a un cliente a una p\u00e1gina de agradecimiento personalizada despu\u00e9s de una transacci\u00f3n exitosa.<\/li><\/ul> <p><a href=\"#demo\">L\u00e9elo todo<\/a><\/p><\/div><div class=\"application-platform-content-item-installation application-platform-content-item\" id=\"installation\" data-nav-section=\"installation\"><h2>C\u00f3mo agregar el bot\u00f3n de PayPal al sitio web de Elementor<\/h2><div class=\"video-container\"><iframe width=\"720\" height=\"405\" src=\"https:\/\/www.youtube.com\/embed\/w-Iao9d-pIM\" frameborder=\"0\"><\/iframe><\/div><p>El tiempo aproximado de implementaci\u00f3n es de solo 70 segundos, y una buena ventaja es que no necesita habilidades de programaci\u00f3n.<\/p><ol><li><b>Genere su bot\u00f3n de PayPal individual<\/b><br> Usando nuestro editor gratuito, cree un complemento con el aspecto deseado y el par\u00e1metro que necesita para su tienda.<\/li><li><b>Obtenga el c\u00f3digo \u00fanico para mostrar el complemento<\/b><br> Despu\u00e9s de configurar el widget, obtenga un c\u00f3digo para el complemento de PayPal desde la ventana que aparece en Elfsight Apps.<\/li><li><b>Muestre el complemento en el sitio de Elementor<\/b><br> Incruste el complemento en la p\u00e1gina seleccionada o parte de la plantilla y guarde las ediciones.<\/li><li><b>La configuraci\u00f3n est\u00e1 completa<\/b><br> Vaya a su sitio para verificar su complemento.<\/li><\/ol><p>Si tiene alguna pregunta o problema con el complemento, \u00a1no lo abandone! P\u00f3ngase en contacto con nuestro centro de ayuda. Env\u00ede una explicaci\u00f3n detallada de su pregunta y nuestro equipo estar\u00e1 encantado de ayudarle. <\/p><\/div><div class=\"faq\" data-component=\"FAQ\"><div class=\"faq-item\">\r\n\t\t\t\t\t<div class=\"faq-item-question\">\r\n\t\t\t\t\t\t<h3 class=\"faq-item-question-text\">\u00bfC\u00f3mo puedo incrustar un bot\u00f3n de PayPal en el sitio web de Elementor? <\/h3>\r\n\r\n\t\t\t\t\t\t<div class=\"faq-item-question-icon\"><\/div>\r\n\t\t\t\t\t<\/div>\r\n\r\n\t\t\t\t\t<div class=\"faq-item-answer\">\r\n\t\t\t\t\t\t<div class=\"faq-item-answer-text\"><p>La creaci\u00f3n de la herramienta se realiza dentro del sitio de Elfsight y no es necesario codificar. Utilice la demostraci\u00f3n en vivo para ajustar su aplicaci\u00f3n, adquirir el c\u00f3digo e incrustarlo en su sitio web. <\/p><\/div>\r\n\t\t\t\t\t<\/div>\r\n\t\t\t\t<\/div><div class=\"faq-item\">\r\n\t\t\t\t\t<div class=\"faq-item-question\">\r\n\t\t\t\t\t\t<h3 class=\"faq-item-question-text\">Los mejores ejemplos de uso de la integraci\u00f3n de widgets de PayPal<\/h3>\r\n\r\n\t\t\t\t\t\t<div class=\"faq-item-question-icon\"><\/div>\r\n\t\t\t\t\t<\/div>\r\n\r\n\t\t\t\t\t<div class=\"faq-item-answer\">\r\n\t\t\t\t\t\t<div class=\"faq-item-answer-text\"><p>Le proporcionaremos toneladas de opciones de personalizaci\u00f3n: widgets a gran escala para implementar en la zona de contenido, widgets flotantes con oportunidades de desplazamiento, miniaturas para el pie de p\u00e1gina de su sitio web, secci\u00f3n principal y todo tipo de posibilidades verticales para barras laterales y men\u00fas del sitio web. <\/p><\/div>\r\n\t\t\t\t\t<\/div>\r\n\t\t\t\t<\/div><div class=\"faq-item\">\r\n\t\t\t\t\t<div class=\"faq-item-question\">\r\n\t\t\t\t\t\t<h3 class=\"faq-item-question-text\">\u00bfPuedo crear un bot\u00f3n de donaci\u00f3n o pago de PayPal mediante su editor? <\/h3>\r\n\r\n\t\t\t\t\t\t<div class=\"faq-item-question-icon\"><\/div>\r\n\t\t\t\t\t<\/div>\r\n\r\n\t\t\t\t\t<div class=\"faq-item-answer\">\r\n\t\t\t\t\t\t<div class=\"faq-item-answer-text\"><p>Puede crear modificaciones en cualquier widget. Hay muchos dise\u00f1os aplicables en el editor y todos ellos se pueden personalizar f\u00e1cilmente seg\u00fan sus necesidades. <\/p><\/div>\r\n\t\t\t\t\t<\/div>\r\n\t\t\t\t<\/div><\/div>","protected":false},"excerpt":{"rendered":"","protected":false},"author":9,"featured_media":0,"parent":1287,"menu_order":0,"comment_status":"closed","ping_status":"closed","template":"templates\/template-application-platform.php","meta":{"publish_to_discourse":"","publish_post_category":"","wpdc_auto_publish_overridden":"","wpdc_topic_tags":"","wpdc_pin_topic":"","wpdc_pin_until":"","discourse_post_id":"","discourse_permalink":"","wpdc_publishing_response":"","wpdc_publishing_error":"","footnotes":""},"class_list":["post-7379","page","type-page","status-publish","hentry"],"yoast_head":"<!-- This site is optimized with the Yoast SEO plugin v25.3.1 - https:\/\/yoast.com\/wordpress\/plugins\/seo\/ -->\n<title>Widget de bot\u00f3n de PayPal para el sitio web de Elementor (2025)<\/title>\n<meta name=\"description\" content=\"Obtenga un widget de bot\u00f3n de PayPal personalizado para el sitio web de Elementor. Solo lleva 2 minutos crear un complemento en nuestro pr\u00e1ctico panel de complementos.\" \/>\n<meta name=\"robots\" content=\"index, follow, max-snippet:-1, max-image-preview:large, max-video-preview:-1\" \/>\n<link rel=\"canonical\" href=\"https:\/\/elfsight.com\/es\/paypal-button-widget-generator\/elementor\/\" \/>\n<meta property=\"og:locale\" content=\"es_ES\" \/>\n<meta property=\"og:type\" content=\"article\" \/>\n<meta property=\"og:title\" content=\"Widget de bot\u00f3n de PayPal para el sitio web de Elementor (2025)\" \/>\n<meta property=\"og:description\" content=\"Obtenga un widget de bot\u00f3n de PayPal personalizado para el sitio web de Elementor. Solo lleva 2 minutos crear un complemento en nuestro pr\u00e1ctico panel de complementos.\" \/>\n<meta property=\"og:url\" content=\"https:\/\/elfsight.com\/es\/paypal-button-widget-generator\/elementor\/\" \/>\n<meta property=\"og:site_name\" content=\"Elfsight ES\" \/>\n<meta property=\"article:modified_time\" content=\"2025-02-06T15:57:43+00:00\" \/>\n<meta name=\"twitter:card\" content=\"summary_large_image\" \/>\n<meta name=\"twitter:label1\" content=\"Tiempo de lectura\" \/>\n\t<meta name=\"twitter:data1\" content=\"4 minutos\" \/>\n<!-- \/ Yoast SEO plugin. -->","yoast_head_json":{"title":"Widget de bot\u00f3n de PayPal para el sitio web de Elementor (2025)","description":"Obtenga un widget de bot\u00f3n de PayPal personalizado para el sitio web de Elementor. Solo lleva 2 minutos crear un complemento en nuestro pr\u00e1ctico panel de complementos.","robots":{"index":"index","follow":"follow","max-snippet":"max-snippet:-1","max-image-preview":"max-image-preview:large","max-video-preview":"max-video-preview:-1"},"canonical":"https:\/\/elfsight.com\/es\/paypal-button-widget-generator\/elementor\/","og_locale":"es_ES","og_type":"article","og_title":"Widget de bot\u00f3n de PayPal para el sitio web de Elementor (2025)","og_description":"Obtenga un widget de bot\u00f3n de PayPal personalizado para el sitio web de Elementor. Solo lleva 2 minutos crear un complemento en nuestro pr\u00e1ctico panel de complementos.","og_url":"https:\/\/elfsight.com\/es\/paypal-button-widget-generator\/elementor\/","og_site_name":"Elfsight ES","article_modified_time":"2025-02-06T15:57:43+00:00","twitter_card":"summary_large_image","twitter_misc":{"Tiempo de lectura":"4 minutos"},"schema":{"@context":"https:\/\/schema.org","@graph":[{"@type":"WebPage","@id":"https:\/\/elfsight.com\/es\/paypal-button-widget-generator\/elementor\/","url":"https:\/\/elfsight.com\/es\/paypal-button-widget-generator\/elementor\/","name":"Widget de bot\u00f3n de PayPal para el sitio web de Elementor (2025)","isPartOf":{"@id":"https:\/\/elfsight.com\/es\/#website"},"datePublished":"1970-01-01T00:00:00+00:00","dateModified":"2025-02-06T15:57:43+00:00","description":"Obtenga un widget de bot\u00f3n de PayPal personalizado para el sitio web de Elementor. Solo lleva 2 minutos crear un complemento en nuestro pr\u00e1ctico panel de complementos.","breadcrumb":{"@id":"https:\/\/elfsight.com\/es\/paypal-button-widget-generator\/elementor\/#breadcrumb"},"inLanguage":"es","potentialAction":[{"@type":"ReadAction","target":["https:\/\/elfsight.com\/es\/paypal-button-widget-generator\/elementor\/"]}]},{"@type":"BreadcrumbList","@id":"https:\/\/elfsight.com\/es\/paypal-button-widget-generator\/elementor\/#breadcrumb","itemListElement":[{"@type":"ListItem","position":1,"name":"Home","item":"https:\/\/elfsight.com\/es\/"},{"@type":"ListItem","position":2,"name":"PayPal Button","item":"https:\/\/elfsight.com\/es\/paypal-button-widget-generator\/"},{"@type":"ListItem","position":3,"name":"PayPal Button &#8211; Elementor"}]},{"@type":"WebSite","@id":"https:\/\/elfsight.com\/es\/#website","url":"https:\/\/elfsight.com\/es\/","name":"Elfsight ES","description":"Just another Elfsight Sites site","potentialAction":[{"@type":"SearchAction","target":{"@type":"EntryPoint","urlTemplate":"https:\/\/elfsight.com\/es\/?s={search_term_string}"},"query-input":{"@type":"PropertyValueSpecification","valueRequired":true,"valueName":"search_term_string"}}],"inLanguage":"es"}]}},"meta_box":{"industry":"","seo_heading":"","heading":"","description":"","cta_heading":"","cta_description":"","application":"1285","h1":"Bot\u00f3n de PayPal de Elementor","h1_caption":"Acepte pagos \u00fanicos, suscripciones y donaciones en su sitio web a trav\u00e9s de PayPal","application_category":[],"applications_title":"","applications_request_title":"","applications_request_button_text":"","hero_text":"","hero_video":"","hero_video_schema_markup":"","selling_points_title":"","selling_points_caption":"","selling_points":[],"selling_points_cta_text":"","features_title":"","features":"","ed_cta_examples_text":"","ed_cta_examples_hidden":"","ed_cta_demo_text":"","ed_cta_demo_hidden":"","why_caption":"","why_editor_title":"","why_editor_text":"","why_team_title":"","why_team_text":"","why_service_title":"","why_service_text":"","template_catalog_visible":"","template_catalog_title":"","template_catalog_text":"","template_catalog_categories_visible":"","demo_title":"Crea tu widget de bot\u00f3n de PayPal","demo_caption":"\u00a1Configure su bot\u00f3n de PayPal y agr\u00e9guelo a su sitio web de Elementor gratis!","default_faq_hidden":"","app_template_category":[],"platform":"58","template_public_id":"","codecanyon_url":"","codecanyon_item_id":"","codecanyon_price":"","pricing_caption":"","pricing_elfsight_apps_hide_column":"","pricing_elfsight_apps_url":"","pricing_codecanyon_price_caption":"","integration_category":[],"integration_request_title":"","integration_request_cta":"","integration_platform":"","integrations":[],"platform_category":[],"video_schema_markup":"","price":"desde $0 \/ mes","trial":"","benefits":[{"text":"Servicio de instalaci\u00f3n gratuito"},{"text":"Soporte premium"},{"text":"Garant\u00eda de reembolso de 14 d\u00edas"},{"text":"Actualizaciones gratuitas de por vida"}],"button_url":"#demo","button_target_blank":"","button_nofollow":"","attributes":[{"name":"Instalaciones","content":"10,000 - 100,000"},{"name":"Sensible","content":"S\u00ed"},{"name":"Navegadores compatibles","content":"Firefox, Safari, Opera, Chrome, Edge"}],"tags":[],"tags_disable_links":"","hide_more_platforms":"","video_object":"","demo_hide_cta":"","demo_hide_cloud_options":"","pricing_title":"","pricing":[{"pricing_icon":"platform","pricing_title":"Elfsight Apps","pricing_title_caption":"Versi\u00f3n multiplataforma","pricing_price":"desde $0 \/ mes","pricing_price_caption":"comienza con el plan gratuito","pricing_benefits":[{"text":"Sitios web ilimitados"},{"text":"Soporte empresarial dedicado"},{"text":"Asistencia de instalaci\u00f3n gratuita"},{"text":"Gran oferta para m\u00faltiples aplicaciones"}],"pricing_button_text":"A\u00f1adir al sitio web","pricing_button_url":"#demo"}],"related_apps_title":"","related_apps_hidden":"","author":"","image":[],"title":"","job":"","social_networks":[]},"_links":{"self":[{"href":"https:\/\/elfsight.com\/es\/wp-json\/wp\/v2\/pages\/7379","targetHints":{"allow":["GET"]}}],"collection":[{"href":"https:\/\/elfsight.com\/es\/wp-json\/wp\/v2\/pages"}],"about":[{"href":"https:\/\/elfsight.com\/es\/wp-json\/wp\/v2\/types\/page"}],"author":[{"embeddable":true,"href":"https:\/\/elfsight.com\/es\/wp-json\/wp\/v2\/users\/9"}],"replies":[{"embeddable":true,"href":"https:\/\/elfsight.com\/es\/wp-json\/wp\/v2\/comments?post=7379"}],"version-history":[{"count":2,"href":"https:\/\/elfsight.com\/es\/wp-json\/wp\/v2\/pages\/7379\/revisions"}],"predecessor-version":[{"id":18963,"href":"https:\/\/elfsight.com\/es\/wp-json\/wp\/v2\/pages\/7379\/revisions\/18963"}],"up":[{"embeddable":true,"href":"https:\/\/elfsight.com\/es\/wp-json\/wp\/v2\/pages\/1287"}],"wp:attachment":[{"href":"https:\/\/elfsight.com\/es\/wp-json\/wp\/v2\/media?parent=7379"}],"curies":[{"name":"wp","href":"https:\/\/api.w.org\/{rel}","templated":true}]}}