{"id":7378,"date":"1970-01-01T00:00:00","date_gmt":"1970-01-01T00:00:00","guid":{"rendered":"https:\/\/elfsight.com\/es\/?page_id=7378"},"modified":"2025-02-06T15:57:43","modified_gmt":"2025-02-06T15:57:43","slug":"drupal","status":"publish","type":"page","link":"https:\/\/elfsight.com\/es\/paypal-button-widget-generator\/drupal\/","title":{"rendered":"PayPal Button &#8211; Drupal"},"content":{"rendered":"<div class=\"application-platform-content-item-description application-platform-content-item\" id=\"description\" data-nav-section=\"description\"><h2>Descripci\u00f3n<\/h2><p>El bot\u00f3n PayPal de Elfsight ofrece una forma sencilla de permitir a sus clientes pagar con PayPal en un sitio web. Permite mostrar botones para pagos, suscripciones autom\u00e1ticas y donaciones. Es f\u00e1cil incluir impuestos y precio de env\u00edo, elegir localizaci\u00f3n y moneda, mostrar mensaje y muchas m\u00e1s opciones. Organice un proceso de pago simple y seguro para sus usuarios utilizando uno de los m\u00e9todos de pago m\u00e1s probados en muy poco tiempo.<\/p><p><b>\u00a1Permita a sus compradores realizar pagos a trav\u00e9s de PayPal en su sitio y aumente las ventas!<\/b><\/p><p><b>Un proceso de pago popular en su sitio web sin codificaci\u00f3n en poco tiempo<\/b>.<br>Es uno de los puntos clave para que una empresa pr\u00f3spera ofrezca a sus clientes pagos en l\u00ednea f\u00e1ciles. Coloque el bot\u00f3n PayPal de Elfsight en su sitio y lo har\u00e1 f\u00e1cilmente y en poco tiempo.<\/p><p><b>Una herramienta \u00fanica para procesar pagos, suscripciones y donaciones<\/b>.<br>Permita que sus compradores paguen, se suscriban a sus ofertas y donen. Todo est\u00e1 disponible en un instrumento universal de Elfsight para ayudarle a ahorrar dinero y tiempo.<\/p><p><b>Una de las soluciones de pago m\u00e1s seguras y conocidas en su sitio web<\/b>.<br>Es imprescindible integrar una de las variantes de pago m\u00e1s acreditadas y extendidas en su sitio. Con el bot\u00f3n de PayPal de Elfsight, es cuesti\u00f3n de segundos.<\/p><\/div><div class=\"application-platform-content-item-features application-platform-content-item\" id=\"features\" data-nav-section=\"features\"><h2>Caracter\u00edsticas<\/h2><p>Vea por qu\u00e9 el widget de PayPal de Elfsight es uno de los mejores, estas son sus potentes funciones:<\/p><ul><li>Opci\u00f3n para agregar el nombre del producto;<\/li><li>Establezca su intervalo de facturaci\u00f3n personalizado, elija el ciclo de facturaci\u00f3n y el per\u00edodo de facturaci\u00f3n. por ejemplo, cada tres meses;<\/li><li>Puede cambiar el tama\u00f1o del bot\u00f3n usando una pr\u00e1ctica barra deslizante;<\/li><li>Color del logotipo de PayPal: original o blanco;<\/li><li>Opci\u00f3n para dirigir a un cliente a una p\u00e1gina de agradecimiento personalizada despu\u00e9s de una transacci\u00f3n exitosa.<\/li><\/ul><p>Pruebe las funciones principales del widget en nuestra demostraci\u00f3n<\/p><\/div><div class=\"application-platform-content-item-installation application-platform-content-item\" id=\"installation\" data-nav-section=\"installation\"><h2>C\u00f3mo agregar PayPal M\u00f3dulo de botones para el sitio web de Drupal<\/h2><div class=\"video-container\"><iframe width=\"720\" height=\"405\" src=\"https:\/\/www.youtube.com\/embed\/JM24ZxgrO-A\" frameborder=\"0\"><\/iframe><\/div><p>Simplemente siga las instrucciones a continuaci\u00f3n para activar el m\u00f3dulo en Drupal.<\/p> <ol><li><b>Inicie nuestro editor gratuito y comience a formar su M\u00f3dulo de bot\u00f3n de PayPal personalizado. <\/b><br> Especifique la forma y funcionalidad deseadas del complemento y aplique las correcciones. <\/li> <li><b>Adquiera su c\u00f3digo personal revelado en el formulario especial de Elfsight Apps. <\/b><br> Una vez finalizada la generaci\u00f3n de su widget personal, copie el c\u00f3digo personal en la ventana que aparece y gu\u00e1rdelo para usarlo en el futuro. <\/li> <li><b>Entra en el uso del complemento en tu sitio web Drupal. <\/b><br>Integre el c\u00f3digo copiado recientemente en su p\u00e1gina y aplique las ediciones. <\/li> <li><b>\u00a1Listo! La incrustaci\u00f3n se realiza con \u00e9xito. <\/b><br> Visite su p\u00e1gina para examinar el rendimiento del m\u00f3dulo. <\/li><\/ol><p>\u00bfTiene alg\u00fan problema con la instalaci\u00f3n o personalizaci\u00f3n del complemento? P\u00f3ngase en contacto con nuestro centro de ayuda.<\/p><div class=\"faq\" data-component=\"FAQ\"> <div class=\"faq-item\">\r\n\t\t\t\t\t<div class=\"faq-item-question\">\r\n\t\t\t\t\t\t<h3 class=\"faq-item-question-text\">\u00bfC\u00f3mo agregar un bot\u00f3n de PayPal a mi sitio web Drupal sin conocimientos de codificaci\u00f3n?<\/h3>\r\n\r\n\t\t\t\t\t\t<div class=\"faq-item-question-icon\"><\/div>\r\n\t\t\t\t\t<\/div>\r\n\r\n\t\t\t\t\t<div class=\"faq-item-answer\">\r\n\t\t\t\t\t\t<div class=\"faq-item-answer-text\"> <p>Elfsight proporciona una soluci\u00f3n SaaS que le permite crear un widget de bot\u00f3n de PayPal usted mismo. Vea lo f\u00e1cil que es el proceso: trabaje directamente en el editor en l\u00ednea para crear un widget de bot\u00f3n de PayPal que le gustar\u00eda ver en su sitio web Drupal. Elija una de las plantillas predise\u00f1adas y ajuste la configuraci\u00f3n del bot\u00f3n de PayPal, agregue su contenido, cambie el dise\u00f1o y la combinaci\u00f3n de colores sin conocimientos de codificaci\u00f3n. Guarde el bot\u00f3n de PayPal y copie su c\u00f3digo de instalaci\u00f3n, que puede incluir f\u00e1cilmente en su sitio web Drupal sin necesidad de comprar un plan pago. Con nuestro editor intuitivo, cualquier usuario de Internet puede crear un widget de bot\u00f3n de PayPal en l\u00ednea e incrustarlo f\u00e1cilmente en su sitio web Drupal. No es necesario pagar ni ingresar las credenciales de su tarjeta para acceder al servicio. Si tiene alg\u00fan problema en cualquier paso, no dude en ponerse en contacto con nuestro equipo de soporte t\u00e9cnico.<\/p> <\/div>\r\n\t\t\t\t\t<\/div>\r\n\t\t\t\t<\/div> <\/div> <\/div>","protected":false},"excerpt":{"rendered":"","protected":false},"author":9,"featured_media":0,"parent":1287,"menu_order":0,"comment_status":"closed","ping_status":"closed","template":"templates\/template-application-platform.php","meta":{"publish_to_discourse":"","publish_post_category":"","wpdc_auto_publish_overridden":"","wpdc_topic_tags":"","wpdc_pin_topic":"","wpdc_pin_until":"","discourse_post_id":"","discourse_permalink":"","wpdc_publishing_response":"","wpdc_publishing_error":"","footnotes":""},"class_list":["post-7378","page","type-page","status-publish","hentry"],"yoast_head":"<!-- This site is optimized with the Yoast SEO plugin v25.3.1 - https:\/\/yoast.com\/wordpress\/plugins\/seo\/ -->\n<title>Bot\u00f3n de PayPal: agregue el m\u00f3dulo de PayPal al sitio web de Drupal (en 2 minutos)<\/title>\n<meta name=\"description\" content=\"Pruebe nuestro bot\u00f3n de pago de PayPal para Drupal de forma gratuita. \u00a1Cree un m\u00f3dulo de pago personalizado para su sitio web en solo unos minutos!\" \/>\n<meta name=\"robots\" content=\"index, follow, max-snippet:-1, max-image-preview:large, max-video-preview:-1\" \/>\n<link rel=\"canonical\" href=\"https:\/\/elfsight.com\/es\/paypal-button-widget-generator\/drupal\/\" \/>\n<meta property=\"og:locale\" content=\"es_ES\" \/>\n<meta property=\"og:type\" content=\"article\" \/>\n<meta property=\"og:title\" content=\"Bot\u00f3n de PayPal: agregue el m\u00f3dulo de PayPal al sitio web de Drupal (en 2 minutos)\" \/>\n<meta property=\"og:description\" content=\"Pruebe nuestro bot\u00f3n de pago de PayPal para Drupal de forma gratuita. \u00a1Cree un m\u00f3dulo de pago personalizado para su sitio web en solo unos minutos!\" \/>\n<meta property=\"og:url\" content=\"https:\/\/elfsight.com\/es\/paypal-button-widget-generator\/drupal\/\" \/>\n<meta property=\"og:site_name\" content=\"Elfsight ES\" \/>\n<meta property=\"article:modified_time\" content=\"2025-02-06T15:57:43+00:00\" \/>\n<meta name=\"twitter:card\" content=\"summary_large_image\" \/>\n<meta name=\"twitter:label1\" content=\"Tiempo de lectura\" \/>\n\t<meta name=\"twitter:data1\" content=\"4 minutos\" \/>\n<!-- \/ Yoast SEO plugin. -->","yoast_head_json":{"title":"Bot\u00f3n de PayPal: agregue el m\u00f3dulo de PayPal al sitio web de Drupal (en 2 minutos)","description":"Pruebe nuestro bot\u00f3n de pago de PayPal para Drupal de forma gratuita. \u00a1Cree un m\u00f3dulo de pago personalizado para su sitio web en solo unos minutos!","robots":{"index":"index","follow":"follow","max-snippet":"max-snippet:-1","max-image-preview":"max-image-preview:large","max-video-preview":"max-video-preview:-1"},"canonical":"https:\/\/elfsight.com\/es\/paypal-button-widget-generator\/drupal\/","og_locale":"es_ES","og_type":"article","og_title":"Bot\u00f3n de PayPal: agregue el m\u00f3dulo de PayPal al sitio web de Drupal (en 2 minutos)","og_description":"Pruebe nuestro bot\u00f3n de pago de PayPal para Drupal de forma gratuita. \u00a1Cree un m\u00f3dulo de pago personalizado para su sitio web en solo unos minutos!","og_url":"https:\/\/elfsight.com\/es\/paypal-button-widget-generator\/drupal\/","og_site_name":"Elfsight ES","article_modified_time":"2025-02-06T15:57:43+00:00","twitter_card":"summary_large_image","twitter_misc":{"Tiempo de lectura":"4 minutos"},"schema":{"@context":"https:\/\/schema.org","@graph":[{"@type":"WebPage","@id":"https:\/\/elfsight.com\/es\/paypal-button-widget-generator\/drupal\/","url":"https:\/\/elfsight.com\/es\/paypal-button-widget-generator\/drupal\/","name":"Bot\u00f3n de PayPal: agregue el m\u00f3dulo de PayPal al sitio web de Drupal (en 2 minutos)","isPartOf":{"@id":"https:\/\/elfsight.com\/es\/#website"},"datePublished":"1970-01-01T00:00:00+00:00","dateModified":"2025-02-06T15:57:43+00:00","description":"Pruebe nuestro bot\u00f3n de pago de PayPal para Drupal de forma gratuita. \u00a1Cree un m\u00f3dulo de pago personalizado para su sitio web en solo unos minutos!","breadcrumb":{"@id":"https:\/\/elfsight.com\/es\/paypal-button-widget-generator\/drupal\/#breadcrumb"},"inLanguage":"es","potentialAction":[{"@type":"ReadAction","target":["https:\/\/elfsight.com\/es\/paypal-button-widget-generator\/drupal\/"]}]},{"@type":"BreadcrumbList","@id":"https:\/\/elfsight.com\/es\/paypal-button-widget-generator\/drupal\/#breadcrumb","itemListElement":[{"@type":"ListItem","position":1,"name":"Home","item":"https:\/\/elfsight.com\/es\/"},{"@type":"ListItem","position":2,"name":"PayPal Button","item":"https:\/\/elfsight.com\/es\/paypal-button-widget-generator\/"},{"@type":"ListItem","position":3,"name":"PayPal Button &#8211; Drupal"}]},{"@type":"WebSite","@id":"https:\/\/elfsight.com\/es\/#website","url":"https:\/\/elfsight.com\/es\/","name":"Elfsight ES","description":"Just another Elfsight Sites site","potentialAction":[{"@type":"SearchAction","target":{"@type":"EntryPoint","urlTemplate":"https:\/\/elfsight.com\/es\/?s={search_term_string}"},"query-input":{"@type":"PropertyValueSpecification","valueRequired":true,"valueName":"search_term_string"}}],"inLanguage":"es"}]}},"meta_box":{"industry":"","seo_heading":"","heading":"","description":"","cta_heading":"","cta_description":"","application":"1285","h1":"M\u00f3dulo de bot\u00f3n de PayPal de Drupal","h1_caption":"Habilite pagos, suscripciones y donaciones en su sitio a trav\u00e9s de PayPal","application_category":[],"applications_title":"","applications_request_title":"","applications_request_button_text":"","hero_text":"","hero_video":"","hero_video_schema_markup":"","selling_points_title":"","selling_points_caption":"","selling_points":[],"selling_points_cta_text":"","features_title":"","features":"","ed_cta_examples_text":"","ed_cta_examples_hidden":"","ed_cta_demo_text":"","ed_cta_demo_hidden":"","why_caption":"","why_editor_title":"","why_editor_text":"","why_team_title":"","why_team_text":"","why_service_title":"","why_service_text":"","template_catalog_visible":"","template_catalog_title":"","template_catalog_text":"","template_catalog_categories_visible":"","demo_title":"Crea tu m\u00f3dulo de Bot\u00f3n de PayPal","demo_caption":"\u00a1Configure su bot\u00f3n PayPal y agr\u00e9guelo a su sitio web Drupal gratis!","default_faq_hidden":"","app_template_category":[],"platform":"2161","template_public_id":"","codecanyon_url":"","codecanyon_item_id":"","codecanyon_price":"","pricing_caption":"","pricing_elfsight_apps_hide_column":"","pricing_elfsight_apps_url":"","pricing_codecanyon_price_caption":"","integration_category":[],"integration_request_title":"","integration_request_cta":"","integration_platform":"","integrations":[],"platform_category":[],"video_schema_markup":"","price":"desde $0 \/ mes","trial":"","benefits":[{"text":"Ayuda de instalaci\u00f3n gratuita"},{"text":"Soporte premium"},{"text":"Garant\u00eda de reembolso de 14 d\u00edas"},{"text":"Actualizaciones gratuitas peri\u00f3dicas"}],"button_url":"#demo","button_target_blank":"","button_nofollow":"","attributes":[{"name":"Instalaciones","content":"10,000 - 100,000"},{"name":"Sensible","content":"S\u00ed"},{"name":"Navegadores compatibles","content":"Firefox, Safari, Opera, Chrome, Edge"}],"tags":[],"tags_disable_links":"","hide_more_platforms":"","video_object":"","demo_hide_cta":"","demo_hide_cloud_options":"","pricing_title":"","pricing":[{"pricing_icon":"platform","pricing_title":"Elfsight Apps","pricing_title_caption":"Versi\u00f3n multiplataforma que se adapta a cualquier sitio web.","pricing_price":"desde $0 \/ mes","pricing_price_caption":"comienza con el plan gratuito","pricing_benefits":[{"text":"Dominios ilimitados"},{"text":"Soporte premium de la empresa y bien documentado."},{"text":"Servicio de instalaci\u00f3n gratuito"},{"text":"Precio especial para m\u00faltiples aplicaciones"}],"pricing_button_text":"A\u00f1adir al sitio web","pricing_button_url":"#demo"}],"related_apps_title":"","related_apps_hidden":"","author":"","image":[],"title":"","job":"","social_networks":[]},"_links":{"self":[{"href":"https:\/\/elfsight.com\/es\/wp-json\/wp\/v2\/pages\/7378","targetHints":{"allow":["GET"]}}],"collection":[{"href":"https:\/\/elfsight.com\/es\/wp-json\/wp\/v2\/pages"}],"about":[{"href":"https:\/\/elfsight.com\/es\/wp-json\/wp\/v2\/types\/page"}],"author":[{"embeddable":true,"href":"https:\/\/elfsight.com\/es\/wp-json\/wp\/v2\/users\/9"}],"replies":[{"embeddable":true,"href":"https:\/\/elfsight.com\/es\/wp-json\/wp\/v2\/comments?post=7378"}],"version-history":[{"count":2,"href":"https:\/\/elfsight.com\/es\/wp-json\/wp\/v2\/pages\/7378\/revisions"}],"predecessor-version":[{"id":18964,"href":"https:\/\/elfsight.com\/es\/wp-json\/wp\/v2\/pages\/7378\/revisions\/18964"}],"up":[{"embeddable":true,"href":"https:\/\/elfsight.com\/es\/wp-json\/wp\/v2\/pages\/1287"}],"wp:attachment":[{"href":"https:\/\/elfsight.com\/es\/wp-json\/wp\/v2\/media?parent=7378"}],"curies":[{"name":"wp","href":"https:\/\/api.w.org\/{rel}","templated":true}]}}