{"id":7373,"date":"1970-01-01T00:00:00","date_gmt":"1970-01-01T00:00:00","guid":{"rendered":"https:\/\/elfsight.com\/es\/?page_id=7373"},"modified":"2025-02-06T15:57:43","modified_gmt":"2025-02-06T15:57:43","slug":"blogger","status":"publish","type":"page","link":"https:\/\/elfsight.com\/es\/paypal-button-widget-generator\/blogger\/","title":{"rendered":"PayPal Button &#8211; Blogger"},"content":{"rendered":"<div class=\"application-platform-content-item-description application-platform-content-item\" id=\"description\" data-nav-section=\"description\"><h2>Descripci\u00f3n<\/h2><p>El bot\u00f3n PayPal de Elfsight proporciona una manera sencilla de permitir a sus usuarios pagar a trav\u00e9s de PayPal en su sitio. Permite agregar botones para pagos, suscripciones recurrentes y donaciones. Puede introducir impuestos y precios de env\u00edo, elegir localizaci\u00f3n y moneda, mostrar llamadas a la acci\u00f3n y mucho m\u00e1s. Inicie un sistema de pago fluido para sus clientes sobre la marcha utilizando una de las herramientas de pago m\u00e1s confiables.<\/p><p><b>\u00a1Aproveche todas las ventajas de PayPal para sus usuarios y para usted mismo!<\/b><\/p><p><b>Una herramienta de pago eficaz en su sitio, sin codificaci\u00f3n y en poco tiempo<\/b>.<br>Los clientes aprecian el pago f\u00e1cil en un sitio web. Cree su propio bot\u00f3n de pago o donaci\u00f3n de PayPal utilizando Elfsight y otorgar\u00e1 un instrumento de pago r\u00e1pido y confiable para su clientela. Sin codificaci\u00f3n, sin complicaciones.<\/p><p><b>Una herramienta universal para obtener pagos, suscripciones y donaciones<\/b>.<br>Al tener solo una herramienta de Elfsight, disfrutar\u00e1 de la libertad de dise\u00f1ar botones para que los usuarios paguen, se suscriban y donen en su sitio web. Ahorre tiempo y esfuerzo y obtenga una soluci\u00f3n universal que le brinde un conjunto de opciones.<\/p><p><b>Una de las soluciones de pago m\u00e1s reconocidas y reconocidas en su sitio web<\/b>.<br>Es imprescindible integrar una de las soluciones de pago m\u00e1s confiables y populares en su sitio. Y gracias al bot\u00f3n PayPal de Elfsight, se hace en segundos.<\/p><\/div><div class=\"application-platform-content-item-features application-platform-content-item\" id=\"features\" data-nav-section=\"features\"><h2>Caracter\u00edsticas<\/h2><p>Compruebe por qu\u00e9 el widget PayPal de Elfsight es el mejor, estas son sus funciones \u00fatiles:<\/p><ul><li>Configuraci\u00f3n de la localizaci\u00f3n de su bot\u00f3n a partir de la lista predefinida de pa\u00edses;<\/li><li>Dos variantes de indicaci\u00f3n de impuestos: plano o porcentaje;<\/li><li>Tama\u00f1o adaptable para una apariencia \u00f3ptima en cualquier dispositivo;<\/li><li>Texto y color de texto del bot\u00f3n ajustables;<\/li><li>Mostrar u ocultar el \u00edcono de PayPal.<\/li><\/ul><p>Consulte todas las ventajas en la demostraci\u00f3n en vivo<\/p><\/div><div class=\"application-platform-content-item-installation application-platform-content-item\" id=\"installation\" data-nav-section=\"installation\"><h2>C\u00f3mo agregar el bot\u00f3n de PayPal al sitio web de Blogger<\/h2><div class=\"video-container\"><iframe width=\"720\" height=\"405\" src=\"https:\/\/www.youtube.com\/embed\/mS4si8cp9SE\" frameborder=\"0\"><\/iframe><\/div><p>Instrucci\u00f3n r\u00e1pida sobre c\u00f3mo incrustar y crear el widget de donaci\u00f3n, suscripci\u00f3n o pago sin competencia en desarrollo web. No necesitar\u00e1s m\u00e1s de 3 minutos para hacerlo.<\/p><ol><li><b>Crea tu bot\u00f3n exclusivo.<\/b><br>Por medio de nuestro editor gratuito, crea un complemento con el dise\u00f1o y el tipo de pago deseados.<\/li><li><b>Copia el c\u00f3digo para configurar el complemento.<\/b><br>Despu\u00e9s de haber configurado el widget, adquiere el c\u00f3digo desde la ventana que aparece en Elfsight Apps.<\/li><li><b>Muestra el complemento en tu sitio.<\/b><br>Muestre PayPal en el lugar requerido del sitio web y guarde las ediciones.<\/li><li><b> \u00a1Listo!<\/b><br>Visite su sitio de Blogger para verificar su complemento.<\/li><\/ol><p>\u00bfTiene problemas con el dise\u00f1o o la adici\u00f3n del complemento en su sitio? P\u00f3ngase en contacto con nuestro centro de ayuda.<\/p><div class=\"faq\" data-component=\"FAQ\"> <div class=\"faq-item\">\r\n\t\t\t\t\t<div class=\"faq-item-question\">\r\n\t\t\t\t\t\t<h3 class=\"faq-item-question-text\">\u00bfC\u00f3mo puedo agregar un bot\u00f3n de PayPal a mi sitio web de Blogger sin conocimientos de codificaci\u00f3n?<\/h3>\r\n\r\n\t\t\t\t\t\t<div class=\"faq-item-question-icon\"><\/div>\r\n\t\t\t\t\t<\/div>\r\n\r\n\t\t\t\t\t<div class=\"faq-item-answer\">\r\n\t\t\t\t\t\t<div class=\"faq-item-answer-text\"> <p>Elfsight proporciona una soluci\u00f3n SaaS que le permite crear un widget de bot\u00f3n de PayPal usted mismo. Vea lo f\u00e1cil que es el proceso: trabaje directamente en el editor en l\u00ednea para crear un widget de bot\u00f3n de PayPal que le gustar\u00eda ver en su sitio web de Blogger. Elija una de las plantillas predise\u00f1adas y ajuste la configuraci\u00f3n del bot\u00f3n de PayPal, agregue su contenido, cambie el dise\u00f1o y la combinaci\u00f3n de colores sin conocimientos de codificaci\u00f3n. Guarde el bot\u00f3n de PayPal y copie su c\u00f3digo de instalaci\u00f3n, que puede incluir f\u00e1cilmente en su sitio web de Blogger sin comprar una suscripci\u00f3n paga. Con nuestro editor intuitivo, cualquier usuario de Internet puede crear un widget de bot\u00f3n de PayPal en l\u00ednea e incrustarlo f\u00e1cilmente en su sitio web de Blogger. No es necesario pagar ni ingresar las credenciales de su tarjeta para acceder al servicio. Si tiene alg\u00fan problema en cualquier paso, no dude en ponerse en contacto con nuestro equipo de soporte t\u00e9cnico.<\/p> <\/div>\r\n\t\t\t\t\t<\/div>\r\n\t\t\t\t<\/div> <\/div> <\/div><p><\/p>","protected":false},"excerpt":{"rendered":"","protected":false},"author":9,"featured_media":0,"parent":1287,"menu_order":0,"comment_status":"closed","ping_status":"closed","template":"templates\/template-application-platform.php","meta":{"publish_to_discourse":"","publish_post_category":"","wpdc_auto_publish_overridden":"","wpdc_topic_tags":"","wpdc_pin_topic":"","wpdc_pin_until":"","discourse_post_id":"","discourse_permalink":"","wpdc_publishing_response":"","wpdc_publishing_error":"","footnotes":""},"class_list":["post-7373","page","type-page","status-publish","hentry"],"yoast_head":"<!-- This site is optimized with the Yoast SEO plugin v25.3.1 - https:\/\/yoast.com\/wordpress\/plugins\/seo\/ -->\n<title>Bot\u00f3n de PayPal: agregue el widget de PayPal al sitio web de Blogger (en 2 minutos)<\/title>\n<meta name=\"description\" content=\"Configure el bot\u00f3n de PayPal (donar, suscribirse o pagar) en su sitio web de Blogger. Creaci\u00f3n r\u00e1pida y sencilla de varios complementos de sitios web con Elfsight.\" \/>\n<meta name=\"robots\" content=\"index, follow, max-snippet:-1, max-image-preview:large, max-video-preview:-1\" \/>\n<link rel=\"canonical\" href=\"https:\/\/elfsight.com\/es\/paypal-button-widget-generator\/blogger\/\" \/>\n<meta property=\"og:locale\" content=\"es_ES\" \/>\n<meta property=\"og:type\" content=\"article\" \/>\n<meta property=\"og:title\" content=\"Bot\u00f3n de PayPal: agregue el widget de PayPal al sitio web de Blogger (en 2 minutos)\" \/>\n<meta property=\"og:description\" content=\"Configure el bot\u00f3n de PayPal (donar, suscribirse o pagar) en su sitio web de Blogger. Creaci\u00f3n r\u00e1pida y sencilla de varios complementos de sitios web con Elfsight.\" \/>\n<meta property=\"og:url\" content=\"https:\/\/elfsight.com\/es\/paypal-button-widget-generator\/blogger\/\" \/>\n<meta property=\"og:site_name\" content=\"Elfsight ES\" \/>\n<meta property=\"article:modified_time\" content=\"2025-02-06T15:57:43+00:00\" \/>\n<meta name=\"twitter:card\" content=\"summary_large_image\" \/>\n<meta name=\"twitter:label1\" content=\"Tiempo de lectura\" \/>\n\t<meta name=\"twitter:data1\" content=\"4 minutos\" \/>\n<!-- \/ Yoast SEO plugin. -->","yoast_head_json":{"title":"Bot\u00f3n de PayPal: agregue el widget de PayPal al sitio web de Blogger (en 2 minutos)","description":"Configure el bot\u00f3n de PayPal (donar, suscribirse o pagar) en su sitio web de Blogger. Creaci\u00f3n r\u00e1pida y sencilla de varios complementos de sitios web con Elfsight.","robots":{"index":"index","follow":"follow","max-snippet":"max-snippet:-1","max-image-preview":"max-image-preview:large","max-video-preview":"max-video-preview:-1"},"canonical":"https:\/\/elfsight.com\/es\/paypal-button-widget-generator\/blogger\/","og_locale":"es_ES","og_type":"article","og_title":"Bot\u00f3n de PayPal: agregue el widget de PayPal al sitio web de Blogger (en 2 minutos)","og_description":"Configure el bot\u00f3n de PayPal (donar, suscribirse o pagar) en su sitio web de Blogger. Creaci\u00f3n r\u00e1pida y sencilla de varios complementos de sitios web con Elfsight.","og_url":"https:\/\/elfsight.com\/es\/paypal-button-widget-generator\/blogger\/","og_site_name":"Elfsight ES","article_modified_time":"2025-02-06T15:57:43+00:00","twitter_card":"summary_large_image","twitter_misc":{"Tiempo de lectura":"4 minutos"},"schema":{"@context":"https:\/\/schema.org","@graph":[{"@type":"WebPage","@id":"https:\/\/elfsight.com\/es\/paypal-button-widget-generator\/blogger\/","url":"https:\/\/elfsight.com\/es\/paypal-button-widget-generator\/blogger\/","name":"Bot\u00f3n de PayPal: agregue el widget de PayPal al sitio web de Blogger (en 2 minutos)","isPartOf":{"@id":"https:\/\/elfsight.com\/es\/#website"},"datePublished":"1970-01-01T00:00:00+00:00","dateModified":"2025-02-06T15:57:43+00:00","description":"Configure el bot\u00f3n de PayPal (donar, suscribirse o pagar) en su sitio web de Blogger. Creaci\u00f3n r\u00e1pida y sencilla de varios complementos de sitios web con Elfsight.","breadcrumb":{"@id":"https:\/\/elfsight.com\/es\/paypal-button-widget-generator\/blogger\/#breadcrumb"},"inLanguage":"es","potentialAction":[{"@type":"ReadAction","target":["https:\/\/elfsight.com\/es\/paypal-button-widget-generator\/blogger\/"]}]},{"@type":"BreadcrumbList","@id":"https:\/\/elfsight.com\/es\/paypal-button-widget-generator\/blogger\/#breadcrumb","itemListElement":[{"@type":"ListItem","position":1,"name":"Home","item":"https:\/\/elfsight.com\/es\/"},{"@type":"ListItem","position":2,"name":"PayPal Button","item":"https:\/\/elfsight.com\/es\/paypal-button-widget-generator\/"},{"@type":"ListItem","position":3,"name":"PayPal Button &#8211; Blogger"}]},{"@type":"WebSite","@id":"https:\/\/elfsight.com\/es\/#website","url":"https:\/\/elfsight.com\/es\/","name":"Elfsight ES","description":"Just another Elfsight Sites site","potentialAction":[{"@type":"SearchAction","target":{"@type":"EntryPoint","urlTemplate":"https:\/\/elfsight.com\/es\/?s={search_term_string}"},"query-input":{"@type":"PropertyValueSpecification","valueRequired":true,"valueName":"search_term_string"}}],"inLanguage":"es"}]}},"meta_box":{"industry":"","seo_heading":"","heading":"","description":"","cta_heading":"","cta_description":"","application":"1285","h1":"Widget del bot\u00f3n de PayPal de Blogger","h1_caption":"Acepte pagos \u00fanicos, suscripciones y donaciones en su sitio a trav\u00e9s de PayPal","application_category":[],"applications_title":"","applications_request_title":"","applications_request_button_text":"","hero_text":"","hero_video":"","hero_video_schema_markup":"","selling_points_title":"","selling_points_caption":"","selling_points":[],"selling_points_cta_text":"","features_title":"","features":"","ed_cta_examples_text":"","ed_cta_examples_hidden":"","ed_cta_demo_text":"","ed_cta_demo_hidden":"","why_caption":"","why_editor_title":"","why_editor_text":"","why_team_title":"","why_team_text":"","why_service_title":"","why_service_text":"","template_catalog_visible":"","template_catalog_title":"","template_catalog_text":"","template_catalog_categories_visible":"","demo_title":"Crea tu widget de bot\u00f3n de PayPal","demo_caption":"\u00a1Configura tu bot\u00f3n de PayPal y agr\u00e9galo a tu sitio web de Blogger gratis!","default_faq_hidden":"","app_template_category":[],"platform":"39","template_public_id":"","codecanyon_url":"","codecanyon_item_id":"","codecanyon_price":"","pricing_caption":"","pricing_elfsight_apps_hide_column":"","pricing_elfsight_apps_url":"","pricing_codecanyon_price_caption":"","integration_category":[],"integration_request_title":"","integration_request_cta":"","integration_platform":"","integrations":[],"platform_category":[],"video_schema_markup":"","price":"desde $0 \/ mes","trial":"","benefits":[{"text":"Ayuda de instalaci\u00f3n gratuita"},{"text":"Soporte premium"},{"text":"Servicio al cliente profesional"},{"text":"Mejoras futuras"}],"button_url":"#demo","button_target_blank":"","button_nofollow":"","attributes":[{"name":"Instalaciones","content":"10,000 - 100,000"},{"name":"Sensible","content":"S\u00ed"},{"name":"Navegadores compatibles","content":" Firefox, Safari, Opera, Chrome, Edge"}],"tags":[],"tags_disable_links":"","hide_more_platforms":"","video_object":"","demo_hide_cta":"","demo_hide_cloud_options":"","pricing_title":"","pricing":[{"pricing_icon":"platform","pricing_title":"Elfsight Apps","pricing_title_caption":"Soluci\u00f3n digital independiente de plataforma que se adapta a cualquier sitio web","pricing_price":"desde $0 \/ mes","pricing_price_caption":"comienza con un plan gratuito","pricing_benefits":[{"text":"Sitios web ilimitados"},{"text":"Soporte gratuito, puntual y bien documentado."},{"text":"Asistencia de instalaci\u00f3n gratuita"},{"text":"100% personalizable"}],"pricing_button_text":"A\u00f1adir al sitio web","pricing_button_url":"#demo"}],"related_apps_title":"","related_apps_hidden":"","author":"","image":[],"title":"","job":"","social_networks":[]},"_links":{"self":[{"href":"https:\/\/elfsight.com\/es\/wp-json\/wp\/v2\/pages\/7373","targetHints":{"allow":["GET"]}}],"collection":[{"href":"https:\/\/elfsight.com\/es\/wp-json\/wp\/v2\/pages"}],"about":[{"href":"https:\/\/elfsight.com\/es\/wp-json\/wp\/v2\/types\/page"}],"author":[{"embeddable":true,"href":"https:\/\/elfsight.com\/es\/wp-json\/wp\/v2\/users\/9"}],"replies":[{"embeddable":true,"href":"https:\/\/elfsight.com\/es\/wp-json\/wp\/v2\/comments?post=7373"}],"version-history":[{"count":2,"href":"https:\/\/elfsight.com\/es\/wp-json\/wp\/v2\/pages\/7373\/revisions"}],"predecessor-version":[{"id":18965,"href":"https:\/\/elfsight.com\/es\/wp-json\/wp\/v2\/pages\/7373\/revisions\/18965"}],"up":[{"embeddable":true,"href":"https:\/\/elfsight.com\/es\/wp-json\/wp\/v2\/pages\/1287"}],"wp:attachment":[{"href":"https:\/\/elfsight.com\/es\/wp-json\/wp\/v2\/media?parent=7373"}],"curies":[{"name":"wp","href":"https:\/\/api.w.org\/{rel}","templated":true}]}}