{"id":7372,"date":"1970-01-01T00:00:00","date_gmt":"1970-01-01T00:00:00","guid":{"rendered":"https:\/\/elfsight.com\/es\/?page_id=7372"},"modified":"2025-02-06T15:57:43","modified_gmt":"2025-02-06T15:57:43","slug":"bigcommerce","status":"publish","type":"page","link":"https:\/\/elfsight.com\/es\/paypal-button-widget-generator\/bigcommerce\/","title":{"rendered":"PayPal Button &#8211; BigCommerce"},"content":{"rendered":"<div class=\"application-platform-content-item-description application-platform-content-item\" id=\"description\" data-nav-section=\"description\"><h2>Descripci\u00f3n<\/h2><p>Incorpore en su sitio web una variante de pago confiable y fluida sin mucho esfuerzo. Con el bot\u00f3n PayPal de Elfsight, es f\u00e1cil aceptar pagos, suscripciones autom\u00e1ticas y donaciones de sus usuarios. Construya su propio bot\u00f3n personalizado, eligiendo el tipo de pago, moneda, localizaci\u00f3n y agregando opciones de apariencia para hacerlo verdaderamente \u00fanico. Sus clientes disfrutar\u00e1n de pagos r\u00e1pidos y fluidos en su sitio web con el bot\u00f3n PayPal.<\/p><p><b>\u00a1Utilice todas las ventajas de PayPal para sus clientes y para usted mismo!<\/b><\/p><p><b>Una variante de pago \u00fatil en su sitio sin codificaci\u00f3n en un momento<\/b>.<br>Su clientela disfrutar\u00e1 de pagos seguros en su sitio. Integre su bot\u00f3n de PayPal con la ayuda de Elfsight y ofrecer\u00e1 un procedimiento de pago habitual y r\u00e1pido para sus compradores. Sin codificaci\u00f3n, sin complicaciones.<\/p><p><b>Una soluci\u00f3n universal para trabajar con pagos, suscripciones y donaciones<\/b>.<br>Con solo un widget de Elfsight, tienes libertad para crear botones para que la audiencia pague, se suscriba y done en tu sitio. Ahorre tiempo y esfuerzo y utilice una soluci\u00f3n universal, que le ofrece un conjunto de variantes.<\/p><p><b>Una de las t\u00e9cnicas de pago m\u00e1s populares y de mayor reputaci\u00f3n en su sitio<\/b>.<br>Haga que su sitio web sea realmente c\u00f3modo para que su clientela aumente las ventas. Permita a los usuarios pagar a trav\u00e9s de un instrumento ampliamente extendido y de buena reputaci\u00f3n en su sitio web y aumente la confianza en su negocio.<\/p><\/div><div class=\"application-platform-content-item-features application-platform-content-item\" id=\"features\" data-nav-section=\"features\"><h2>Caracter\u00edsticas<\/h2><p>\u00bfQu\u00e9 hace que nuestra herramienta sea la mejor? Compruebe qu\u00e9 funciones le brindar\u00e1:<\/p><ul><li>Configuraci\u00f3n del precio del producto;<\/li><li>Elija uno de los intervalos de facturaci\u00f3n: diario, semanal, mensual, anual;<\/li><li>Ancho de bot\u00f3n ajustable;<\/li><li>Opciones de borde de bot\u00f3n: tama\u00f1o, color, radio;<\/li><li>Mostrar u ocultar el \u00edcono de PayPal.<\/li><\/ul><p>Verifique todas las funciones en vivo demostraci\u00f3n<\/p><p><\/div><\/p><div class=\"application-platform-content-item-installation application-platform-content-item\" id=\"installation\" data-nav-section=\"installation\"><h2>C\u00f3mo agregar la aplicaci\u00f3n del bot\u00f3n PayPal al sitio web de BigCommerce<\/h2><div class=\"video-container\"><iframe width=\"720\" height=\"405\" src=\"https:\/\/www.youtube.com\/embed\/Z0hvb7AMfH4\" frameborder=\"0\"><\/iframe><\/div><p>Simplemente siga estos pasos que se detallan a continuaci\u00f3n para insertar el widget en BigCommerce.<\/p> <ol><li><b>Utilice nuestro configurador gratuito y comience a crear su propia aplicaci\u00f3n. <\/b><br> Especifique el dise\u00f1o preferido y las caracter\u00edsticas funcionales del widget y guarde las ediciones. <\/li> <li><b>Adquiera el c\u00f3digo personal revelado en el formulario especial en Elfsight Apps. <\/b><br> Cuando finalice la configuraci\u00f3n de su bot\u00f3n PayPal, copie el c\u00f3digo personal en la ventana que aparece y gu\u00e1rdelo para usarlo m\u00e1s adelante. <\/li> <li><b>Iniciar el uso de la herramienta en el sitio de BigCommerce. <\/b><br> A\u00f1ade el c\u00f3digo que has guardado recientemente en tu p\u00e1gina y guarda las mejoras. <\/li> <li><b>\u00a1Listo! La configuraci\u00f3n finaliz\u00f3 exitosamente. <\/b><br> Vaya a su sitio para revisar el rendimiento de la herramienta. <\/li><\/ol><p>\u00bfTienes problemas para mostrar el complemento o personalizarlo? P\u00f3ngase en contacto con nuestro servicio de atenci\u00f3n al cliente.<\/p><\/div><div class=\"faq\" data-component=\"FAQ\"><div class=\"faq-item\">\r\n\t\t\t\t\t<div class=\"faq-item-question\">\r\n\t\t\t\t\t\t<h3 class=\"faq-item-question-text\">\u00bfDe qu\u00e9 manera incrusto un bot\u00f3n de PayPal en mi sitio BigCommerce? <\/h3>\r\n\r\n\t\t\t\t\t\t<div class=\"faq-item-question-icon\"><\/div>\r\n\t\t\t\t\t<\/div>\r\n\r\n\t\t\t\t\t<div class=\"faq-item-answer\">\r\n\t\t\t\t\t\t<div class=\"faq-item-answer-text\"><p>La creaci\u00f3n del widget se produce dentro del servicio Elfsight y no necesita aprender a codificar. Aplique nuestra demostraci\u00f3n activa para ajustar su propio complemento, obtenga el c\u00f3digo y p\u00e9guelo en su sitio web. <\/p><\/div>\r\n\t\t\t\t\t<\/div>\r\n\t\t\t\t<\/div><div class=\"faq-item\">\r\n\t\t\t\t\t<div class=\"faq-item-question\">\r\n\t\t\t\t\t\t<h3 class=\"faq-item-question-text\">Los mejores ejemplos de uso de la integraci\u00f3n de PayPal<\/h3>\r\n\r\n\t\t\t\t\t\t<div class=\"faq-item-question-icon\"><\/div>\r\n\t\t\t\t\t<\/div>\r\n\r\n\t\t\t\t\t<div class=\"faq-item-answer\">\r\n\t\t\t\t\t\t<div class=\"faq-item-answer-text\"><p>Tenemos muchas posibilidades de ajuste: widgets a gran escala para incrustar en la zona de contenido, complementos flotantes con oportunidades de desplazamiento, dise\u00f1os para el pie de p\u00e1gina, la secci\u00f3n principal y todas las variaciones de opciones verticales para barras laterales y men\u00fas. <\/p><\/div>\r\n\t\t\t\t\t<\/div>\r\n\t\t\t\t<\/div><div class=\"faq-item\">\r\n\t\t\t\t\t<div class=\"faq-item-question\">\r\n\t\t\t\t\t\t<h3 class=\"faq-item-question-text\">\u00bfPuedo crear un bot\u00f3n de Donaci\u00f3n o Suscripci\u00f3n de PayPal mediante el editor? <\/h3>\r\n\r\n\t\t\t\t\t\t<div class=\"faq-item-question-icon\"><\/div>\r\n\t\t\t\t\t<\/div>\r\n\r\n\t\t\t\t\t<div class=\"faq-item-answer\">\r\n\t\t\t\t\t\t<div class=\"faq-item-answer-text\"><p>Puedes darle forma a las modificaciones de cualquier widget. Hay una amplia gama de dise\u00f1os a su disposici\u00f3n en el editor, y todos ellos pueden personalizarse r\u00e1pidamente como desee. <\/p><\/div>\r\n\t\t\t\t\t<\/div>\r\n\t\t\t\t<\/div><\/div>","protected":false},"excerpt":{"rendered":"","protected":false},"author":9,"featured_media":0,"parent":1287,"menu_order":0,"comment_status":"closed","ping_status":"closed","template":"templates\/template-application-platform.php","meta":{"publish_to_discourse":"","publish_post_category":"","wpdc_auto_publish_overridden":"","wpdc_topic_tags":"","wpdc_pin_topic":"","wpdc_pin_until":"","discourse_post_id":"","discourse_permalink":"","wpdc_publishing_response":"","wpdc_publishing_error":"","footnotes":""},"class_list":["post-7372","page","type-page","status-publish","hentry"],"yoast_head":"<!-- This site is optimized with the Yoast SEO plugin v25.3.1 - https:\/\/yoast.com\/wordpress\/plugins\/seo\/ -->\n<title>Bot\u00f3n PayPal: agregue la aplicaci\u00f3n PayPal a BigCommerce (\u00a1integraci\u00f3n en 2 minutos!)<\/title>\n<meta name=\"description\" content=\"Obtenga su aplicaci\u00f3n personal de bot\u00f3n de PayPal para BigCommerce y mu\u00e9strela en su sitio solo en 2 minutos. \u00a1Editor gratuito, ayuda con la integraci\u00f3n y m\u00e1s ventajas de Elfsight!\" \/>\n<meta name=\"robots\" content=\"index, follow, max-snippet:-1, max-image-preview:large, max-video-preview:-1\" \/>\n<link rel=\"canonical\" href=\"https:\/\/elfsight.com\/es\/paypal-button-widget-generator\/bigcommerce\/\" \/>\n<meta property=\"og:locale\" content=\"es_ES\" \/>\n<meta property=\"og:type\" content=\"article\" \/>\n<meta property=\"og:title\" content=\"Bot\u00f3n PayPal: agregue la aplicaci\u00f3n PayPal a BigCommerce (\u00a1integraci\u00f3n en 2 minutos!)\" \/>\n<meta property=\"og:description\" content=\"Obtenga su aplicaci\u00f3n personal de bot\u00f3n de PayPal para BigCommerce y mu\u00e9strela en su sitio solo en 2 minutos. \u00a1Editor gratuito, ayuda con la integraci\u00f3n y m\u00e1s ventajas de Elfsight!\" \/>\n<meta property=\"og:url\" content=\"https:\/\/elfsight.com\/es\/paypal-button-widget-generator\/bigcommerce\/\" \/>\n<meta property=\"og:site_name\" content=\"Elfsight ES\" \/>\n<meta property=\"article:modified_time\" content=\"2025-02-06T15:57:43+00:00\" \/>\n<meta name=\"twitter:card\" content=\"summary_large_image\" \/>\n<meta name=\"twitter:label1\" content=\"Tiempo de lectura\" \/>\n\t<meta name=\"twitter:data1\" content=\"3 minutos\" \/>\n<!-- \/ Yoast SEO plugin. -->","yoast_head_json":{"title":"Bot\u00f3n PayPal: agregue la aplicaci\u00f3n PayPal a BigCommerce (\u00a1integraci\u00f3n en 2 minutos!)","description":"Obtenga su aplicaci\u00f3n personal de bot\u00f3n de PayPal para BigCommerce y mu\u00e9strela en su sitio solo en 2 minutos. \u00a1Editor gratuito, ayuda con la integraci\u00f3n y m\u00e1s ventajas de Elfsight!","robots":{"index":"index","follow":"follow","max-snippet":"max-snippet:-1","max-image-preview":"max-image-preview:large","max-video-preview":"max-video-preview:-1"},"canonical":"https:\/\/elfsight.com\/es\/paypal-button-widget-generator\/bigcommerce\/","og_locale":"es_ES","og_type":"article","og_title":"Bot\u00f3n PayPal: agregue la aplicaci\u00f3n PayPal a BigCommerce (\u00a1integraci\u00f3n en 2 minutos!)","og_description":"Obtenga su aplicaci\u00f3n personal de bot\u00f3n de PayPal para BigCommerce y mu\u00e9strela en su sitio solo en 2 minutos. \u00a1Editor gratuito, ayuda con la integraci\u00f3n y m\u00e1s ventajas de Elfsight!","og_url":"https:\/\/elfsight.com\/es\/paypal-button-widget-generator\/bigcommerce\/","og_site_name":"Elfsight ES","article_modified_time":"2025-02-06T15:57:43+00:00","twitter_card":"summary_large_image","twitter_misc":{"Tiempo de lectura":"3 minutos"},"schema":{"@context":"https:\/\/schema.org","@graph":[{"@type":"WebPage","@id":"https:\/\/elfsight.com\/es\/paypal-button-widget-generator\/bigcommerce\/","url":"https:\/\/elfsight.com\/es\/paypal-button-widget-generator\/bigcommerce\/","name":"Bot\u00f3n PayPal: agregue la aplicaci\u00f3n PayPal a BigCommerce (\u00a1integraci\u00f3n en 2 minutos!)","isPartOf":{"@id":"https:\/\/elfsight.com\/es\/#website"},"datePublished":"1970-01-01T00:00:00+00:00","dateModified":"2025-02-06T15:57:43+00:00","description":"Obtenga su aplicaci\u00f3n personal de bot\u00f3n de PayPal para BigCommerce y mu\u00e9strela en su sitio solo en 2 minutos. \u00a1Editor gratuito, ayuda con la integraci\u00f3n y m\u00e1s ventajas de Elfsight!","breadcrumb":{"@id":"https:\/\/elfsight.com\/es\/paypal-button-widget-generator\/bigcommerce\/#breadcrumb"},"inLanguage":"es","potentialAction":[{"@type":"ReadAction","target":["https:\/\/elfsight.com\/es\/paypal-button-widget-generator\/bigcommerce\/"]}]},{"@type":"BreadcrumbList","@id":"https:\/\/elfsight.com\/es\/paypal-button-widget-generator\/bigcommerce\/#breadcrumb","itemListElement":[{"@type":"ListItem","position":1,"name":"Home","item":"https:\/\/elfsight.com\/es\/"},{"@type":"ListItem","position":2,"name":"PayPal Button","item":"https:\/\/elfsight.com\/es\/paypal-button-widget-generator\/"},{"@type":"ListItem","position":3,"name":"PayPal Button &#8211; BigCommerce"}]},{"@type":"WebSite","@id":"https:\/\/elfsight.com\/es\/#website","url":"https:\/\/elfsight.com\/es\/","name":"Elfsight ES","description":"Just another Elfsight Sites site","potentialAction":[{"@type":"SearchAction","target":{"@type":"EntryPoint","urlTemplate":"https:\/\/elfsight.com\/es\/?s={search_term_string}"},"query-input":{"@type":"PropertyValueSpecification","valueRequired":true,"valueName":"search_term_string"}}],"inLanguage":"es"}]}},"meta_box":{"industry":"","seo_heading":"","heading":"","description":"","cta_heading":"","cta_description":"","application":"1285","h1":"Aplicaci\u00f3n Bot\u00f3n de PayPal de BigCommerce","h1_caption":"Organice el pago con PayPal en su sitio web sin codificaci\u00f3n","application_category":[],"applications_title":"","applications_request_title":"","applications_request_button_text":"","hero_text":"","hero_video":"","hero_video_schema_markup":"","selling_points_title":"","selling_points_caption":"","selling_points":[],"selling_points_cta_text":"","features_title":"","features":"","ed_cta_examples_text":"","ed_cta_examples_hidden":"","ed_cta_demo_text":"","ed_cta_demo_hidden":"","why_caption":"","why_editor_title":"","why_editor_text":"","why_team_title":"","why_team_text":"","why_service_title":"","why_service_text":"","template_catalog_visible":"","template_catalog_title":"","template_catalog_text":"","template_catalog_categories_visible":"","demo_title":"Crea tu aplicaci\u00f3n de bot\u00f3n de PayPal","demo_caption":"\u00a1Configure su bot\u00f3n PayPal y agr\u00e9guelo a su sitio web BigCommerce gratis!","default_faq_hidden":"","app_template_category":[],"platform":"33","template_public_id":"","codecanyon_url":"","codecanyon_item_id":"","codecanyon_price":"","pricing_caption":"","pricing_elfsight_apps_hide_column":"","pricing_elfsight_apps_url":"","pricing_codecanyon_price_caption":"","integration_category":[],"integration_request_title":"","integration_request_cta":"","integration_platform":"","integrations":[],"platform_category":[],"video_schema_markup":"","price":"desde $0 \/ mes","trial":"","benefits":[{"text":"Servicio de instalaci\u00f3n gratuito"},{"text":"Servicio al cliente competente"},{"text":"Garant\u00eda de reembolso de 14 d\u00edas"},{"text":"Actualizaciones gratuitas de por vida"}],"button_url":"#demo","button_target_blank":"","button_nofollow":"","attributes":[{"name":"Instalaciones","content":"10,000 - 100,000"},{"name":"Sensible","content":"S\u00ed"},{"name":"Navegadores compatibles","content":"Firefox, Safari, Opera, Chrome, Edge"}],"tags":[],"tags_disable_links":"","hide_more_platforms":"","video_object":"","demo_hide_cta":"","demo_hide_cloud_options":"","pricing_title":"","pricing":[{"pricing_icon":"cloud","pricing_title":"Elfsight Apps","pricing_title_caption":"Software multiplataforma que funciona en cualquier sitio web","pricing_price":"desde $0 \/ mes","pricing_price_caption":"comienza con un plan gratuito","pricing_benefits":[{"text":"Sitios web ilimitados"},{"text":"Soporte profesional y puntual"},{"text":"Ayuda de instalaci\u00f3n gratuita"},{"text":"Dise\u00f1o flexible"}],"pricing_button_text":"A\u00f1adir al sitio web","pricing_button_url":"#demo"}],"related_apps_title":"","related_apps_hidden":"","author":"","image":[],"title":"","job":"","social_networks":[]},"_links":{"self":[{"href":"https:\/\/elfsight.com\/es\/wp-json\/wp\/v2\/pages\/7372","targetHints":{"allow":["GET"]}}],"collection":[{"href":"https:\/\/elfsight.com\/es\/wp-json\/wp\/v2\/pages"}],"about":[{"href":"https:\/\/elfsight.com\/es\/wp-json\/wp\/v2\/types\/page"}],"author":[{"embeddable":true,"href":"https:\/\/elfsight.com\/es\/wp-json\/wp\/v2\/users\/9"}],"replies":[{"embeddable":true,"href":"https:\/\/elfsight.com\/es\/wp-json\/wp\/v2\/comments?post=7372"}],"version-history":[{"count":2,"href":"https:\/\/elfsight.com\/es\/wp-json\/wp\/v2\/pages\/7372\/revisions"}],"predecessor-version":[{"id":18966,"href":"https:\/\/elfsight.com\/es\/wp-json\/wp\/v2\/pages\/7372\/revisions\/18966"}],"up":[{"embeddable":true,"href":"https:\/\/elfsight.com\/es\/wp-json\/wp\/v2\/pages\/1287"}],"wp:attachment":[{"href":"https:\/\/elfsight.com\/es\/wp-json\/wp\/v2\/media?parent=7372"}],"curies":[{"name":"wp","href":"https:\/\/api.w.org\/{rel}","templated":true}]}}