{"id":7365,"date":"1970-01-01T00:00:00","date_gmt":"1970-01-01T00:00:00","guid":{"rendered":"https:\/\/elfsight.com\/es\/?page_id=7365"},"modified":"2025-02-06T15:57:53","modified_gmt":"2025-02-06T15:57:53","slug":"woocommerce","status":"publish","type":"page","link":"https:\/\/elfsight.com\/es\/yelp-reviews-widget\/woocommerce\/","title":{"rendered":"Yelp Reviews &#8211; WooCommerce"},"content":{"rendered":"<div class=\"application-platform-content-item-description application-platform-content-item\" id=\"description\" data-nav-section=\"description\"><h2>Descripci\u00f3n<\/h2><p>Elfsight Review es un widget \u00fatil que le permite agregar rese\u00f1as de sus ofertas desde publicaciones en Yelp a su sitio web. Con nuestro widget, puede usar filtros para clasificar rese\u00f1as no deseadas, demostrar sus calificaciones de estrellas y n\u00fameros de Yelp, revelar informaci\u00f3n sobre los autores y agregar un bot\u00f3n que llevar\u00e1 a los visitantes a publicar una rese\u00f1a m\u00e1s en Yelp.<\/p><p><b>Haga que su sitio sea m\u00e1s eficiente para objetivos de comercio electr\u00f3nico con la ayuda de Rese\u00f1as de Yelp<\/b><\/p><\/div> <div class=\"application-platform-content-item-features application-platform-content-item\" id=\"features\" data-nav-section=\"features\"><h2>El widget clave las caracter\u00edsticas incluyen<\/h2><ul><li>3 filtros listos para usar: por tipo, excluir por y cantidad de rese\u00f1as para mostrar;<\/li><li>Cuatro tipos de dise\u00f1os: Lista, Cuadr\u00edcula, Mamposter\u00eda y Control deslizante;<\/li><li> Encabezado del widget totalmente flexible;<\/li><li>El bot\u00f3n activo para dejar una nueva rese\u00f1a dirige a las personas a la p\u00e1gina de Yelp;<\/li><li>6 elementos ajustables de la interfaz: nombre e imagen del autor, recomendaci\u00f3n, fecha, \u00edcono de Yelp y estrella calificaci\u00f3n;<\/li><li>Dos variantes de escenarios despu\u00e9s del rechazo de la solicitud de revisi\u00f3n: mostrar un mensaje de texto u ocultar el bot\u00f3n.<\/li><\/ul><p><a href=\"#demo\">Explore todas las opciones de personalizaci\u00f3n en una demostraci\u00f3n completamente funcional<\/a><\/p><\/div><div class=\"application-platform-content-item-installation application-platform-content-item\" id=\"installation\" data-nav-section=\"installation\"><h2>\u00bfC\u00f3mo incorporo rese\u00f1as de Yelp en mi WooCommerce? sitio web?<\/h2><p>Simplemente aplique las instrucciones a continuaci\u00f3n para integrar la herramienta.<\/p><ol><li><b>Administre nuestra demostraci\u00f3n gratuita y comience a crear su instrumento personalizado.<\/b><br>Especifique la forma y las caracter\u00edsticas preferidas del complemento y aplique las modificaciones.<\/li><li><b>Obtenga el c\u00f3digo individual revelado en la ventana de Elfsight Apps.<\/b><br>Inmediatamente despu\u00e9s de finalizar la configuraci\u00f3n de su complemento, copie el c\u00f3digo individual del cuadro emergente y gu\u00e1rdelo para m\u00e1s adelante. necesita.<\/li><li><b>Comience a utilizar la herramienta en la p\u00e1gina web de su plataforma.<\/b><br>Coloque el c\u00f3digo que copi\u00f3 anteriormente en su p\u00e1gina de inicio y aplique las correcciones.<\/li><li><b>\u00a1Listo! La configuraci\u00f3n est\u00e1 completamente realizada.<\/b><br>Vaya a su sitio para ver el funcionamiento del widget.<\/li><\/ol><p>Si tiene algunos obst\u00e1culos, no dude en comunicarse con nuestro personal de soporte. Nuestra gente anhela resolver todos los problemas que pueda tener con el complemento.<\/p><div class=\"faq\" data-component=\"FAQ\"> <div class=\"faq-item\">\r\n\t\t\t\t\t<div class=\"faq-item-question\">\r\n\t\t\t\t\t\t<h3 class=\"faq-item-question-text\">\u00bfC\u00f3mo puedo agregar Rese\u00f1as de Yelp a mi sitio web WooCommerce sin conocimientos de codificaci\u00f3n?<\/h3>\r\n\r\n\t\t\t\t\t\t<div class=\"faq-item-question-icon\"><\/div>\r\n\t\t\t\t\t<\/div>\r\n\r\n\t\t\t\t\t<div class=\"faq-item-answer\">\r\n\t\t\t\t\t\t<div class=\"faq-item-answer-text\"> <p>Elfsight proporciona una soluci\u00f3n SaaS que le permite crear un widget Rese\u00f1as de Yelp usted mismo. Vea lo f\u00e1cil que es el proceso: trabaje directamente en el editor en l\u00ednea para crear un widget Rese\u00f1as de Yelp que le gustar\u00eda ver en su sitio web WooCommerce. Elija una de las plantillas predise\u00f1adas y ajuste la configuraci\u00f3n de Rese\u00f1as de Yelp, agregue su contenido, cambie el dise\u00f1o y la combinaci\u00f3n de colores sin conocimientos de codificaci\u00f3n. Guarde las rese\u00f1as de Yelp y copie su c\u00f3digo de instalaci\u00f3n, que podr\u00e1 pegar f\u00e1cilmente en su sitio web WooCommerce sin necesidad de comprar una versi\u00f3n paga. Con nuestro editor intuitivo, cualquier usuario de Internet puede crear rese\u00f1as desde el widget de Yelp en l\u00ednea e incrustarlo f\u00e1cilmente en su sitio web WooCommerce. No es necesario pagar ni ingresar las credenciales de su tarjeta para acceder al servicio. Si tiene alg\u00fan problema en cualquier paso, no dude en ponerse en contacto con nuestro equipo de soporte t\u00e9cnico.<\/p> <\/div>\r\n\t\t\t\t\t<\/div>\r\n\t\t\t\t<\/div> <\/div> <\/div>","protected":false},"excerpt":{"rendered":"","protected":false},"author":9,"featured_media":0,"parent":1318,"menu_order":0,"comment_status":"closed","ping_status":"closed","template":"templates\/template-application-platform.php","meta":{"publish_to_discourse":"","publish_post_category":"","wpdc_auto_publish_overridden":"","wpdc_topic_tags":"","wpdc_pin_topic":"","wpdc_pin_until":"","discourse_post_id":"","discourse_permalink":"","wpdc_publishing_response":"","wpdc_publishing_error":"","footnotes":""},"class_list":["post-7365","page","type-page","status-publish","hentry"],"yoast_head":"<!-- This site is optimized with the Yoast SEO plugin v25.3.1 - https:\/\/yoast.com\/wordpress\/plugins\/seo\/ -->\n<title>Complemento WooCommerce Yelp Reviews para su sitio web (2025)<\/title>\n<meta name=\"description\" content=\"Puede personalizar el complemento Yelp Reviews en el editor e incrustarlo en su sitio web WooCommerce directamente desde la demostraci\u00f3n en vivo.\" \/>\n<meta name=\"robots\" content=\"index, follow, max-snippet:-1, max-image-preview:large, max-video-preview:-1\" \/>\n<link rel=\"canonical\" href=\"https:\/\/elfsight.com\/es\/yelp-reviews-widget\/woocommerce\/\" \/>\n<meta property=\"og:locale\" content=\"es_ES\" \/>\n<meta property=\"og:type\" content=\"article\" \/>\n<meta property=\"og:title\" content=\"Complemento WooCommerce Yelp Reviews para su sitio web (2025)\" \/>\n<meta property=\"og:description\" content=\"Puede personalizar el complemento Yelp Reviews en el editor e incrustarlo en su sitio web WooCommerce directamente desde la demostraci\u00f3n en vivo.\" \/>\n<meta property=\"og:url\" content=\"https:\/\/elfsight.com\/es\/yelp-reviews-widget\/woocommerce\/\" \/>\n<meta property=\"og:site_name\" content=\"Elfsight ES\" \/>\n<meta property=\"article:modified_time\" content=\"2025-02-06T15:57:53+00:00\" \/>\n<meta name=\"twitter:card\" content=\"summary_large_image\" \/>\n<meta name=\"twitter:label1\" content=\"Tiempo de lectura\" \/>\n\t<meta name=\"twitter:data1\" content=\"3 minutos\" \/>\n<!-- \/ Yoast SEO plugin. -->","yoast_head_json":{"title":"Complemento WooCommerce Yelp Reviews para su sitio web (2025)","description":"Puede personalizar el complemento Yelp Reviews en el editor e incrustarlo en su sitio web WooCommerce directamente desde la demostraci\u00f3n en vivo.","robots":{"index":"index","follow":"follow","max-snippet":"max-snippet:-1","max-image-preview":"max-image-preview:large","max-video-preview":"max-video-preview:-1"},"canonical":"https:\/\/elfsight.com\/es\/yelp-reviews-widget\/woocommerce\/","og_locale":"es_ES","og_type":"article","og_title":"Complemento WooCommerce Yelp Reviews para su sitio web (2025)","og_description":"Puede personalizar el complemento Yelp Reviews en el editor e incrustarlo en su sitio web WooCommerce directamente desde la demostraci\u00f3n en vivo.","og_url":"https:\/\/elfsight.com\/es\/yelp-reviews-widget\/woocommerce\/","og_site_name":"Elfsight ES","article_modified_time":"2025-02-06T15:57:53+00:00","twitter_card":"summary_large_image","twitter_misc":{"Tiempo de lectura":"3 minutos"},"schema":{"@context":"https:\/\/schema.org","@graph":[{"@type":"WebPage","@id":"https:\/\/elfsight.com\/es\/yelp-reviews-widget\/woocommerce\/","url":"https:\/\/elfsight.com\/es\/yelp-reviews-widget\/woocommerce\/","name":"Complemento WooCommerce Yelp Reviews para su sitio web (2025)","isPartOf":{"@id":"https:\/\/elfsight.com\/es\/#website"},"datePublished":"1970-01-01T00:00:00+00:00","dateModified":"2025-02-06T15:57:53+00:00","description":"Puede personalizar el complemento Yelp Reviews en el editor e incrustarlo en su sitio web WooCommerce directamente desde la demostraci\u00f3n en vivo.","breadcrumb":{"@id":"https:\/\/elfsight.com\/es\/yelp-reviews-widget\/woocommerce\/#breadcrumb"},"inLanguage":"es","potentialAction":[{"@type":"ReadAction","target":["https:\/\/elfsight.com\/es\/yelp-reviews-widget\/woocommerce\/"]}]},{"@type":"BreadcrumbList","@id":"https:\/\/elfsight.com\/es\/yelp-reviews-widget\/woocommerce\/#breadcrumb","itemListElement":[{"@type":"ListItem","position":1,"name":"Home","item":"https:\/\/elfsight.com\/es\/"},{"@type":"ListItem","position":2,"name":"Yelp Reviews","item":"https:\/\/elfsight.com\/es\/yelp-reviews-widget\/"},{"@type":"ListItem","position":3,"name":"Yelp Reviews &#8211; WooCommerce"}]},{"@type":"WebSite","@id":"https:\/\/elfsight.com\/es\/#website","url":"https:\/\/elfsight.com\/es\/","name":"Elfsight ES","description":"Just another Elfsight Sites site","potentialAction":[{"@type":"SearchAction","target":{"@type":"EntryPoint","urlTemplate":"https:\/\/elfsight.com\/es\/?s={search_term_string}"},"query-input":{"@type":"PropertyValueSpecification","valueRequired":true,"valueName":"search_term_string"}}],"inLanguage":"es"}]}},"meta_box":{"industry":"","seo_heading":"","heading":"","description":"","cta_heading":"","cta_description":"","application":"1317","h1":"Complemento de rese\u00f1as de Yelp de WooCommerce","h1_caption":"Muestre las opiniones de los clientes desde Yelp para generar credibilidad y proporcionar pruebas sociales para su negocio en su sitio web WooCommerce sin esfuerzo.","application_category":[],"applications_title":"","applications_request_title":"","applications_request_button_text":"","hero_text":"","hero_video":"","hero_video_schema_markup":"","selling_points_title":"","selling_points_caption":"","selling_points":[],"selling_points_cta_text":"","features_title":"","features":"","ed_cta_examples_text":"","ed_cta_examples_hidden":"","ed_cta_demo_text":"","ed_cta_demo_hidden":"","why_caption":"","why_editor_title":"","why_editor_text":"","why_team_title":"","why_team_text":"","why_service_title":"","why_service_text":"","template_catalog_visible":"","template_catalog_title":"","template_catalog_text":"","template_catalog_categories_visible":"","demo_title":"Crea tu aplicaci\u00f3n de rese\u00f1as de Yelp","demo_caption":"\u00a1Configure sus rese\u00f1as de Yelp y agr\u00e9guelas a su sitio web WooCommerce de forma gratuita!","default_faq_hidden":"","app_template_category":[],"platform":"2311","template_public_id":"","codecanyon_url":"","codecanyon_item_id":"","codecanyon_price":"","pricing_caption":"","pricing_elfsight_apps_hide_column":"","pricing_elfsight_apps_url":"","pricing_codecanyon_price_caption":"","integration_category":[],"integration_request_title":"","integration_request_cta":"","integration_platform":"","integrations":[],"platform_category":[],"video_schema_markup":"","price":"desde $0 \/ mes","trial":"","benefits":[{"text":"Ayuda de instalaci\u00f3n gratuita"},{"text":"Atenci\u00f3n al cliente experimentada"},{"text":"Garant\u00eda de reembolso de 14 d\u00edas"},{"text":"Mejoras gratuitas continuas"}],"button_url":"#demo","button_target_blank":"","button_nofollow":"","attributes":[{"name":"Instalaciones","content":"10,000 - 100,000"},{"name":"Sensible","content":"S\u00ed"},{"name":"Navegadores compatibles","content":"Firefox, Safari, Opera, Chrome, Edge"}],"tags":[],"tags_disable_links":"","hide_more_platforms":"","video_object":"","demo_hide_cta":"","demo_hide_cloud_options":"","pricing_title":"","pricing":[{"pricing_icon":"platform","pricing_title":"Elfsight Apps","pricing_title_caption":"Soluci\u00f3n multiplataforma","pricing_price":"desde $0 \/ mes","pricing_price_caption":"comienza con un plan gratuito","pricing_benefits":[{"text":"Dominios ilimitados"},{"text":"Soporte r\u00e1pido de la empresa"},{"text":"Asistencia de instalaci\u00f3n gratuita"},{"text":"Totalmente personalizable"}],"pricing_button_text":"A\u00f1adir al sitio web","pricing_button_url":"#demo"}],"related_apps_title":"","related_apps_hidden":"","author":"","image":[],"title":"","job":"","social_networks":[]},"_links":{"self":[{"href":"https:\/\/elfsight.com\/es\/wp-json\/wp\/v2\/pages\/7365","targetHints":{"allow":["GET"]}}],"collection":[{"href":"https:\/\/elfsight.com\/es\/wp-json\/wp\/v2\/pages"}],"about":[{"href":"https:\/\/elfsight.com\/es\/wp-json\/wp\/v2\/types\/page"}],"author":[{"embeddable":true,"href":"https:\/\/elfsight.com\/es\/wp-json\/wp\/v2\/users\/9"}],"replies":[{"embeddable":true,"href":"https:\/\/elfsight.com\/es\/wp-json\/wp\/v2\/comments?post=7365"}],"version-history":[{"count":2,"href":"https:\/\/elfsight.com\/es\/wp-json\/wp\/v2\/pages\/7365\/revisions"}],"predecessor-version":[{"id":18968,"href":"https:\/\/elfsight.com\/es\/wp-json\/wp\/v2\/pages\/7365\/revisions\/18968"}],"up":[{"embeddable":true,"href":"https:\/\/elfsight.com\/es\/wp-json\/wp\/v2\/pages\/1318"}],"wp:attachment":[{"href":"https:\/\/elfsight.com\/es\/wp-json\/wp\/v2\/media?parent=7365"}],"curies":[{"name":"wp","href":"https:\/\/api.w.org\/{rel}","templated":true}]}}