{"id":7364,"date":"1970-01-01T00:00:00","date_gmt":"1970-01-01T00:00:00","guid":{"rendered":"https:\/\/elfsight.com\/es\/?page_id=7364"},"modified":"2025-02-06T15:57:53","modified_gmt":"2025-02-06T15:57:53","slug":"wix","status":"publish","type":"page","link":"https:\/\/elfsight.com\/es\/yelp-reviews-widget\/wix\/","title":{"rendered":"Yelp Reviews &#8211; Wix"},"content":{"rendered":"<div class=\"application-platform-content-item-description application-platform-content-item\" id=\"description\" data-nav-section=\"description\"> <h2>Descripci\u00f3n<\/h2> <p>Si necesita demostrar su alta calificaci\u00f3n y convencer a los visitantes del sitio web de que sus ofertas tienen una buena relaci\u00f3n calidad-precio, el widget Elfsight Yelp Reviews ser\u00e1 la soluci\u00f3n. Con esta herramienta, podr\u00e1 insertar rese\u00f1as de clientes de Yelp en su sitio web con informaci\u00f3n sobre sus autores, filtrarlas para que se muestren solo positivas, agregar calificaciones y un bot\u00f3n de redireccionamiento, que llevar\u00e1 a las personas a su p\u00e1gina de Yelp, donde podr\u00e1n compartir una rese\u00f1a m\u00e1s. <\/p><div class=\"faq\" data-component=\"FAQ\"> <div class=\"faq-item\">\r\n\t\t\t\t\t<div class=\"faq-item-question\">\r\n\t\t\t\t\t\t<h3 class=\"faq-item-question-text\">\u00bfD\u00f3nde puedo publicar este complemento?<\/h3>\r\n\r\n\t\t\t\t\t\t<div class=\"faq-item-question-icon\"><\/div>\r\n\t\t\t\t\t<\/div>\r\n\r\n\t\t\t\t\t<div class=\"faq-item-answer\">\r\n\t\t\t\t\t\t<div class=\"faq-item-answer-text\"> <p>Puede integrar el widget de revisi\u00f3n en cualquier p\u00e1gina de su sitio web o insertarlo en la plantilla del sitio web y se mostrar\u00e1 en todas las p\u00e1ginas. Las rese\u00f1as pueden funcionar bien en las p\u00e1ginas de productos o en la p\u00e1gina Acerca de nosotros, donde le gustar\u00eda mostrar su alta valoraci\u00f3n. <\/p><\/div>\r\n\t\t\t\t\t<\/div>\r\n\t\t\t\t<\/div> <div class=\"faq-item\">\r\n\t\t\t\t\t<div class=\"faq-item-question\">\r\n\t\t\t\t\t\t<h3 class=\"faq-item-question-text\">\u00bfQu\u00e9 beneficios me brinda? <\/h3>\r\n\r\n\t\t\t\t\t\t<div class=\"faq-item-question-icon\"><\/div>\r\n\t\t\t\t\t<\/div>\r\n\r\n\t\t\t\t\t<div class=\"faq-item-answer\">\r\n\t\t\t\t\t\t<div class=\"faq-item-answer-text\"> <p>Las rese\u00f1as de personas reales parecen impecablemente cre\u00edbles para los clientes de su sitio y les muestran que su negocio es confiable. Una calificaci\u00f3n alta y excelentes cr\u00edticas pueden ayudar a impulsar las ventas en su sitio web. Adem\u00e1s, el bot\u00f3n de redireccionamiento contribuir\u00e1 a tener m\u00e1s opiniones de clientes sobre sus ofertas o servicios en Yelp. <\/p> <\/div>\r\n\t\t\t\t\t<\/div>\r\n\t\t\t\t<\/div> <div class=\"faq-item\">\r\n\t\t\t\t\t<div class=\"faq-item-question\">\r\n\t\t\t\t\t\t<h3 class=\"faq-item-question-text\">\u00bfC\u00f3mo puedo insertar rese\u00f1as del widget de Yelp en mi sitio web Wix? <\/h3>\r\n\r\n\t\t\t\t\t\t<div class=\"faq-item-question-icon\"><\/div>\r\n\t\t\t\t\t<\/div>\r\n\r\n\t\t\t\t\t<div class=\"faq-item-answer\">\r\n\t\t\t\t\t\t<div class=\"faq-item-answer-text\"> <p>Solo necesitas un minuto para activar el widget. Este proceso es extremadamente r\u00e1pido, gratuito y no requiere codificaci\u00f3n. <\/p> <p>El widget Elfsight Reviews se puede integrar a trav\u00e9s de nuestro servicio o en el mercado. Aqu\u00ed podr\u00e1s leer sobre las dos variantes y decidir cu\u00e1l es la tuya. <\/p> <\/div>\r\n\t\t\t\t\t<\/div>\r\n\t\t\t\t<\/div> <\/div> <\/div> <div class=\"application-platform-content-item-features application-platform-content-item\" id=\"features\" data-nav-section=\"features\"> <h2>Caracter\u00edsticas<\/h2> <p>Para formarse una mejor percepci\u00f3n del widget de Rese\u00f1as, aqu\u00ed est\u00e1 la lista de sus funciones m\u00e1s importantes. Hacen que nuestro widget sea realmente efectivo para usted: <\/p> <ul> <li>3 filtros listos para usar: por tipo, excluir por y cantidad de rese\u00f1as para mostrar; <\/li> <li>4 tipos de dise\u00f1os: lista, cuadr\u00edcula, mamposter\u00eda y control deslizante; <\/li> <li> Encabezado intercambiable del widget; <\/li> <li>El bot\u00f3n de solicitud de revisi\u00f3n dirige a los clientes a su p\u00e1gina de Yelp; <\/li> <li>Seis elementos ajustables de las rese\u00f1as: nombre del autor e imagen, recomendaci\u00f3n, fecha, \u00edcono de Yelp y calificaci\u00f3n de estrellas; <\/li> <li>Dos escenarios alternativos despu\u00e9s del rechazo de la solicitud de revisi\u00f3n: mostrar un mensaje personalizado u ocultar el bot\u00f3n. <\/li> <\/ul><p><a href=\"#demo\">Nuestra demostraci\u00f3n en vivo le mostrar\u00e1 todas las funciones<\/a><\/p> <\/div> <div class=\"application-platform-content-item-installation application-platform-content-item\" id=\"installation\" data-nav-section=\"installation\"> <h2>Vea c\u00f3mo integrar el widget con su tienda. Es sencillo y no requiere codificaci\u00f3n.<\/h2><div class=\"video-container\"><iframe width=\"720\" height=\"405\" src=\"https:\/\/www.youtube.com\/embed\/P9Vprp2jRDQ\" frameborder=\"0\"><\/iframe><\/div><p>Estas diversas acciones son lo \u00fanico que necesita hacer. <\/p> <ul><li><b>Instala la aplicaci\u00f3n<\/b><br> Ingresa a Shopify y ve a la p\u00e1gina de la aplicaci\u00f3n. Haga clic en el bot\u00f3n \u00abObtener\u00bb para instalar la aplicaci\u00f3n en su tienda. <\/li> <li><b>Ajustar la aplicaci\u00f3n<\/b><br> Ingrese los datos requeridos: contenido de texto, enlaces y configuraciones de la interfaz. Despu\u00e9s de completar la personalizaci\u00f3n, ver\u00e1 su c\u00f3digo de instalaci\u00f3n individual. Copie el c\u00f3digo para su uso posterior. <\/li> <li><b>Mostrar la aplicaci\u00f3n en la p\u00e1gina<\/b><br> Vaya a la categor\u00eda \u00abP\u00e1ginas\u00bb y elija la p\u00e1gina para insertar la aplicaci\u00f3n. Luego, incruste el c\u00f3digo en formato HTML y aplique las ediciones. <\/li> <li><b>\u00a1La integraci\u00f3n es un \u00e9xito! <\/b><br> \u00a1Visite el sitio web para ver su aplicaci\u00f3n! <\/li><\/ul><p>\u00bfA\u00fan est\u00e1s inquieto? \u00bfO tener problemas? Simplemente env\u00ede una solicitud a nuestro servicio de atenci\u00f3n al cliente y le ayudar\u00e1 con cualquier tipo de pregunta. <\/p> <\/div>","protected":false},"excerpt":{"rendered":"","protected":false},"author":9,"featured_media":0,"parent":1318,"menu_order":0,"comment_status":"closed","ping_status":"closed","template":"templates\/template-application-platform.php","meta":{"publish_to_discourse":"","publish_post_category":"","wpdc_auto_publish_overridden":"","wpdc_topic_tags":"","wpdc_pin_topic":"","wpdc_pin_until":"","discourse_post_id":"","discourse_permalink":"","wpdc_publishing_response":"","wpdc_publishing_error":"","footnotes":""},"class_list":["post-7364","page","type-page","status-publish","hentry"],"yoast_head":"<!-- This site is optimized with the Yoast SEO plugin v25.3.1 - https:\/\/yoast.com\/wordpress\/plugins\/seo\/ -->\n<title>Agrega la aplicaci\u00f3n Yelp Reviews a tu sitio web Wix (f\u00e1cil y r\u00e1pido)<\/title>\n<meta name=\"description\" content=\"Aqu\u00ed tienes la posibilidad de crear una aplicaci\u00f3n Yelp Reviews personalizada y mostrarla en tu sitio web Wix. Obtenga atenci\u00f3n al cliente gratuita y otras ventajas de Elfsight.\" \/>\n<meta name=\"robots\" content=\"index, follow, max-snippet:-1, max-image-preview:large, max-video-preview:-1\" \/>\n<link rel=\"canonical\" href=\"https:\/\/elfsight.com\/es\/yelp-reviews-widget\/wix\/\" \/>\n<meta property=\"og:locale\" content=\"es_ES\" \/>\n<meta property=\"og:type\" content=\"article\" \/>\n<meta property=\"og:title\" content=\"Agrega la aplicaci\u00f3n Yelp Reviews a tu sitio web Wix (f\u00e1cil y r\u00e1pido)\" \/>\n<meta property=\"og:description\" content=\"Aqu\u00ed tienes la posibilidad de crear una aplicaci\u00f3n Yelp Reviews personalizada y mostrarla en tu sitio web Wix. Obtenga atenci\u00f3n al cliente gratuita y otras ventajas de Elfsight.\" \/>\n<meta property=\"og:url\" content=\"https:\/\/elfsight.com\/es\/yelp-reviews-widget\/wix\/\" \/>\n<meta property=\"og:site_name\" content=\"Elfsight ES\" \/>\n<meta property=\"article:modified_time\" content=\"2025-02-06T15:57:53+00:00\" \/>\n<meta name=\"twitter:card\" content=\"summary_large_image\" \/>\n<meta name=\"twitter:label1\" content=\"Tiempo de lectura\" \/>\n\t<meta name=\"twitter:data1\" content=\"3 minutos\" \/>\n<!-- \/ Yoast SEO plugin. -->","yoast_head_json":{"title":"Agrega la aplicaci\u00f3n Yelp Reviews a tu sitio web Wix (f\u00e1cil y r\u00e1pido)","description":"Aqu\u00ed tienes la posibilidad de crear una aplicaci\u00f3n Yelp Reviews personalizada y mostrarla en tu sitio web Wix. Obtenga atenci\u00f3n al cliente gratuita y otras ventajas de Elfsight.","robots":{"index":"index","follow":"follow","max-snippet":"max-snippet:-1","max-image-preview":"max-image-preview:large","max-video-preview":"max-video-preview:-1"},"canonical":"https:\/\/elfsight.com\/es\/yelp-reviews-widget\/wix\/","og_locale":"es_ES","og_type":"article","og_title":"Agrega la aplicaci\u00f3n Yelp Reviews a tu sitio web Wix (f\u00e1cil y r\u00e1pido)","og_description":"Aqu\u00ed tienes la posibilidad de crear una aplicaci\u00f3n Yelp Reviews personalizada y mostrarla en tu sitio web Wix. Obtenga atenci\u00f3n al cliente gratuita y otras ventajas de Elfsight.","og_url":"https:\/\/elfsight.com\/es\/yelp-reviews-widget\/wix\/","og_site_name":"Elfsight ES","article_modified_time":"2025-02-06T15:57:53+00:00","twitter_card":"summary_large_image","twitter_misc":{"Tiempo de lectura":"3 minutos"},"schema":{"@context":"https:\/\/schema.org","@graph":[{"@type":"WebPage","@id":"https:\/\/elfsight.com\/es\/yelp-reviews-widget\/wix\/","url":"https:\/\/elfsight.com\/es\/yelp-reviews-widget\/wix\/","name":"Agrega la aplicaci\u00f3n Yelp Reviews a tu sitio web Wix (f\u00e1cil y r\u00e1pido)","isPartOf":{"@id":"https:\/\/elfsight.com\/es\/#website"},"datePublished":"1970-01-01T00:00:00+00:00","dateModified":"2025-02-06T15:57:53+00:00","description":"Aqu\u00ed tienes la posibilidad de crear una aplicaci\u00f3n Yelp Reviews personalizada y mostrarla en tu sitio web Wix. Obtenga atenci\u00f3n al cliente gratuita y otras ventajas de Elfsight.","breadcrumb":{"@id":"https:\/\/elfsight.com\/es\/yelp-reviews-widget\/wix\/#breadcrumb"},"inLanguage":"es","potentialAction":[{"@type":"ReadAction","target":["https:\/\/elfsight.com\/es\/yelp-reviews-widget\/wix\/"]}]},{"@type":"BreadcrumbList","@id":"https:\/\/elfsight.com\/es\/yelp-reviews-widget\/wix\/#breadcrumb","itemListElement":[{"@type":"ListItem","position":1,"name":"Home","item":"https:\/\/elfsight.com\/es\/"},{"@type":"ListItem","position":2,"name":"Yelp Reviews","item":"https:\/\/elfsight.com\/es\/yelp-reviews-widget\/"},{"@type":"ListItem","position":3,"name":"Yelp Reviews &#8211; Wix"}]},{"@type":"WebSite","@id":"https:\/\/elfsight.com\/es\/#website","url":"https:\/\/elfsight.com\/es\/","name":"Elfsight ES","description":"Just another Elfsight Sites site","potentialAction":[{"@type":"SearchAction","target":{"@type":"EntryPoint","urlTemplate":"https:\/\/elfsight.com\/es\/?s={search_term_string}"},"query-input":{"@type":"PropertyValueSpecification","valueRequired":true,"valueName":"search_term_string"}}],"inLanguage":"es"}]}},"meta_box":{"industry":"","seo_heading":"","heading":"","description":"","cta_heading":"","cta_description":"","application":"1317","h1":"Rese\u00f1as de Wix Yelp","h1_caption":"Muestre las opiniones de los clientes desde Yelp para generar credibilidad y proporcionar pruebas sociales para su negocio en su sitio web Wix sin esfuerzo.","application_category":[],"applications_title":"","applications_request_title":"","applications_request_button_text":"","hero_text":"","hero_video":"","hero_video_schema_markup":"","selling_points_title":"","selling_points_caption":"","selling_points":[],"selling_points_cta_text":"","features_title":"","features":"","ed_cta_examples_text":"","ed_cta_examples_hidden":"","ed_cta_demo_text":"","ed_cta_demo_hidden":"","why_caption":"","why_editor_title":"","why_editor_text":"","why_team_title":"","why_team_text":"","why_service_title":"","why_service_text":"","template_catalog_visible":"","template_catalog_title":"","template_catalog_text":"","template_catalog_categories_visible":"","demo_title":"Crea tu aplicaci\u00f3n de rese\u00f1as de Yelp","demo_caption":"\u00a1Configura tus rese\u00f1as de Yelp y agr\u00e9galas a tu sitio web Wix gratis!","default_faq_hidden":"","app_template_category":[],"platform":"112","template_public_id":"","codecanyon_url":"","codecanyon_item_id":"","codecanyon_price":"","pricing_caption":"","pricing_elfsight_apps_hide_column":"","pricing_elfsight_apps_url":"","pricing_codecanyon_price_caption":"","integration_category":[],"integration_request_title":"","integration_request_cta":"","integration_platform":"","integrations":[],"platform_category":[],"video_schema_markup":"","price":"desde $0 \/ mes","trial":"","benefits":[{"text":"Servicio de instalaci\u00f3n gratuito"},{"text":"Soporte excepcional"},{"text":"Garant\u00eda de devoluci\u00f3n de dinero de 14 d\u00edas"},{"text":"Actualizaciones de por vida"}],"button_url":"#demo","button_target_blank":"","button_nofollow":"","attributes":[{"name":"Instalaciones","content":"10,000 - 100,000"},{"name":"Sensible","content":"S\u00ed"},{"name":"Navegadores compatibles","content":"Firefox, Safari, Opera, Chrome, Edge"}],"tags":[],"tags_disable_links":"","hide_more_platforms":"","video_object":"","demo_hide_cta":"","demo_hide_cloud_options":"","pricing_title":"","pricing":[{"pricing_icon":"platform","pricing_title":"Elfsight Apps","pricing_title_caption":"Software multiplataforma","pricing_price":"desde $0 \/ mes","pricing_price_caption":"comienza con el plan gratuito","pricing_benefits":[{"text":"N\u00famero ilimitado de sitios web"},{"text":"Soporte dedicado"},{"text":"Soporte de instalaci\u00f3n gratuito"},{"text":"Precio especial para m\u00faltiples aplicaciones"}],"pricing_button_text":"A\u00f1adir al sitio web","pricing_button_url":"#demo"}],"related_apps_title":"","related_apps_hidden":"","author":"","image":[],"title":"","job":"","social_networks":[]},"_links":{"self":[{"href":"https:\/\/elfsight.com\/es\/wp-json\/wp\/v2\/pages\/7364","targetHints":{"allow":["GET"]}}],"collection":[{"href":"https:\/\/elfsight.com\/es\/wp-json\/wp\/v2\/pages"}],"about":[{"href":"https:\/\/elfsight.com\/es\/wp-json\/wp\/v2\/types\/page"}],"author":[{"embeddable":true,"href":"https:\/\/elfsight.com\/es\/wp-json\/wp\/v2\/users\/9"}],"replies":[{"embeddable":true,"href":"https:\/\/elfsight.com\/es\/wp-json\/wp\/v2\/comments?post=7364"}],"version-history":[{"count":2,"href":"https:\/\/elfsight.com\/es\/wp-json\/wp\/v2\/pages\/7364\/revisions"}],"predecessor-version":[{"id":18969,"href":"https:\/\/elfsight.com\/es\/wp-json\/wp\/v2\/pages\/7364\/revisions\/18969"}],"up":[{"embeddable":true,"href":"https:\/\/elfsight.com\/es\/wp-json\/wp\/v2\/pages\/1318"}],"wp:attachment":[{"href":"https:\/\/elfsight.com\/es\/wp-json\/wp\/v2\/media?parent=7364"}],"curies":[{"name":"wp","href":"https:\/\/api.w.org\/{rel}","templated":true}]}}