{"id":7362,"date":"1970-01-01T00:00:00","date_gmt":"1970-01-01T00:00:00","guid":{"rendered":"https:\/\/elfsight.com\/es\/?page_id=7362"},"modified":"2025-02-06T15:58:05","modified_gmt":"2025-02-06T15:58:05","slug":"webnode","status":"publish","type":"page","link":"https:\/\/elfsight.com\/es\/yelp-reviews-widget\/webnode\/","title":{"rendered":"Yelp Reviews &#8211; Webnode"},"content":{"rendered":"<div class=\"application-platform-content-item-description application-platform-content-item\" id=\"description\" data-nav-section=\"description\"> <h2>Descripci\u00f3n<\/h2> <p>Si desea presumir de su aprecio entre los usuarios y convencer a los visitantes del sitio web de que sus ofertas tienen una buena relaci\u00f3n calidad-precio, Elfsight Yelp Reviews har\u00e1 el trabajo. Usando nuestro widget, podr\u00e1 insertar f\u00e1cilmente rese\u00f1as de clientes de Yelp en su sitio web con detalles sobre sus autores, filtrarlas para mostrar solo las buenas, mostrar calificaciones y un bot\u00f3n activo que llevar\u00e1 a las personas a su p\u00e1gina de Yelp, para que puedan publicar su rese\u00f1a. <\/p><div class=\"faq\" data-component=\"FAQ\"> <div class=\"faq-item\">\r\n\t\t\t\t\t<div class=\"faq-item-question\">\r\n\t\t\t\t\t\t<h3 class=\"faq-item-question-text\">\u00bfD\u00f3nde puedo publicar este complemento?<\/h3>\r\n\r\n\t\t\t\t\t\t<div class=\"faq-item-question-icon\"><\/div>\r\n\t\t\t\t\t<\/div>\r\n\r\n\t\t\t\t\t<div class=\"faq-item-answer\">\r\n\t\t\t\t\t\t<div class=\"faq-item-answer-text\"> <p>Nuestro widget se puede instalar en cualquier p\u00e1gina donde necesite mostrar su gran aprecio y popularidad entre los clientes. Si lo necesita en todas las p\u00e1ginas de su sitio, puede insertarlo f\u00e1cilmente en la plantilla del sitio web. <\/p><\/div>\r\n\t\t\t\t\t<\/div>\r\n\t\t\t\t<\/div> <div class=\"faq-item\">\r\n\t\t\t\t\t<div class=\"faq-item-question\">\r\n\t\t\t\t\t\t<h3 class=\"faq-item-question-text\">\u00bfC\u00f3mo puedo beneficiarme de esto? <\/h3>\r\n\r\n\t\t\t\t\t\t<div class=\"faq-item-question-icon\"><\/div>\r\n\t\t\t\t\t<\/div>\r\n\r\n\t\t\t\t\t<div class=\"faq-item-answer\">\r\n\t\t\t\t\t\t<div class=\"faq-item-answer-text\"> <p>Las rese\u00f1as de personas reales son perfectamente confiables para los usuarios de su sitio y les demuestran que su negocio es confiable. Una calificaci\u00f3n alta y buenas cr\u00edticas pueden ayudar a fortalecer el nivel de ventas en su sitio. Adem\u00e1s, el bot\u00f3n de redireccionamiento contribuir\u00e1 a que haya m\u00e1s rese\u00f1as de clientes relacionadas con su empresa en Yelp. <\/p> <\/div>\r\n\t\t\t\t\t<\/div>\r\n\t\t\t\t<\/div> <div class=\"faq-item\">\r\n\t\t\t\t\t<div class=\"faq-item-question\">\r\n\t\t\t\t\t\t<h3 class=\"faq-item-question-text\">\u00bfC\u00f3mo agrego el widget Rese\u00f1as de Yelp en mi sitio web Webnode? <\/h3>\r\n\r\n\t\t\t\t\t\t<div class=\"faq-item-question-icon\"><\/div>\r\n\t\t\t\t\t<\/div>\r\n\r\n\t\t\t\t\t<div class=\"faq-item-answer\">\r\n\t\t\t\t\t\t<div class=\"faq-item-answer-text\"> <p>Solo tomar\u00e1 un minuto incrustar el widget. El proceso de integraci\u00f3n es muy r\u00e1pido, gratuito y sin codificaci\u00f3n. <\/p> <p>Puede agregar el widget de Rese\u00f1as a la p\u00e1gina web directamente a trav\u00e9s de nuestro servicio. Simplemente consulte una breve descripci\u00f3n en esta p\u00e1gina. <\/p><\/div>\r\n\t\t\t\t\t<\/div>\r\n\t\t\t\t<\/div> <\/div> <\/div> <div class=\"application-platform-content-item-features application-platform-content-item\" id=\"features\" data-nav-section=\"features\"> <h2>Caracter\u00edsticas<\/h2> <p>Para tener una comprensi\u00f3n m\u00e1s clara del widget, descubra la lista de sus caracter\u00edsticas m\u00e1s valiosas. Hacen que el widget sea m\u00e1s eficiente para usted: <\/p> <ul> <li>3 tipos de filtros: por tipo, excluido por y cantidad de rese\u00f1as para mostrar; <\/li> <li>Cuatro dise\u00f1os disponibles: Lista, Cuadr\u00edcula, Mamposter\u00eda y Control deslizante; <\/li> <li> Encabezado intercambiable del widget; <\/li> <li>El bot\u00f3n de solicitud de revisi\u00f3n dirige a los usuarios a la p\u00e1gina de Yelp; <\/li> <li>6 elementos ajustables de las rese\u00f1as: el nombre del autor y la imagen, recomendaci\u00f3n, fecha, \u00edcono de Yelp y calificaci\u00f3n de estrellas; <\/li> <li>Dos escenarios alternativos despu\u00e9s del rechazo de la solicitud de revisi\u00f3n: revelar su mensaje u ocultar el bot\u00f3n. <\/li> <\/ul><p><a href=\"#demo\">Vea todas las funciones en nuestra demostraci\u00f3n en vivo<\/a><\/p> <\/div> <div class=\"application-platform-content-item-installation application-platform-content-item\" id=\"installation\" data-nav-section=\"installation\"> <h2>Veamos c\u00f3mo agregar las Rese\u00f1as de Yelp a su p\u00e1gina de Webnode. Es sencillo y no lleva mucho tiempo. <\/h2> <p> Un par de pasos simples es lo \u00fanico que necesita hacer para mostrar el widget en su sitio. <\/p> <ul><li><b>Crea tu widget de Yelp personalizado<\/b><br> En nuestra demostraci\u00f3n gratuita, genera un complemento con el dise\u00f1o y la funcionalidad que prefieras. <\/li><li><b>Copia el c\u00f3digo personal para publicar el complemento<\/b><br> Despu\u00e9s de haber configurado tu widget, obtendr\u00e1s el c\u00f3digo de instalaci\u00f3n de la notificaci\u00f3n que aparece en Elfsight Apps. Copie este c\u00f3digo para su uso posterior. <\/li> <li><b>Publica el complemento en tu sitio web<\/b><br>Define el \u00e1rea donde deseas agregar el complemento e inserta all\u00ed el c\u00f3digo guardado. Publicar los cambios. <\/li> <li><b>\u00a1La incrustaci\u00f3n se realiz\u00f3 correctamente! <\/b><br>Entra en la tienda, para comprobar tu plugin. <\/li> <\/ul><p>\u00bfA\u00fan dudas de algo? \u00bfO experimentando problemas? Una sola solicitud a nuestro servicio de atenci\u00f3n al cliente le ayudar\u00e1 con todos los problemas. <\/p> <\/div>","protected":false},"excerpt":{"rendered":"","protected":false},"author":9,"featured_media":0,"parent":1318,"menu_order":0,"comment_status":"closed","ping_status":"closed","template":"templates\/template-application-platform.php","meta":{"publish_to_discourse":"","publish_post_category":"","wpdc_auto_publish_overridden":"","wpdc_topic_tags":"","wpdc_pin_topic":"","wpdc_pin_until":"","discourse_post_id":"","discourse_permalink":"","wpdc_publishing_response":"","wpdc_publishing_error":"","footnotes":""},"class_list":["post-7362","page","type-page","status-publish","hentry"],"yoast_head":"<!-- This site is optimized with the Yoast SEO plugin v25.3.1 - https:\/\/yoast.com\/wordpress\/plugins\/seo\/ -->\n<title>A\u00f1ade el widget Yelp Reviews a tu sitio web Webnode (r\u00e1pido y f\u00e1cil)<\/title>\n<meta name=\"description\" content=\"Con Elfsight, dise\u00f1a tus Rese\u00f1as de Yelp y agr\u00e9galas en el sitio web de Webnode con facilidad. Tenemos soporte al cliente gratuito y m\u00e1s bonos.\" \/>\n<meta name=\"robots\" content=\"index, follow, max-snippet:-1, max-image-preview:large, max-video-preview:-1\" \/>\n<link rel=\"canonical\" href=\"https:\/\/elfsight.com\/es\/yelp-reviews-widget\/webnode\/\" \/>\n<meta property=\"og:locale\" content=\"es_ES\" \/>\n<meta property=\"og:type\" content=\"article\" \/>\n<meta property=\"og:title\" content=\"A\u00f1ade el widget Yelp Reviews a tu sitio web Webnode (r\u00e1pido y f\u00e1cil)\" \/>\n<meta property=\"og:description\" content=\"Con Elfsight, dise\u00f1a tus Rese\u00f1as de Yelp y agr\u00e9galas en el sitio web de Webnode con facilidad. Tenemos soporte al cliente gratuito y m\u00e1s bonos.\" \/>\n<meta property=\"og:url\" content=\"https:\/\/elfsight.com\/es\/yelp-reviews-widget\/webnode\/\" \/>\n<meta property=\"og:site_name\" content=\"Elfsight ES\" \/>\n<meta property=\"article:modified_time\" content=\"2025-02-06T15:58:05+00:00\" \/>\n<meta name=\"twitter:card\" content=\"summary_large_image\" \/>\n<meta name=\"twitter:label1\" content=\"Tiempo de lectura\" \/>\n\t<meta name=\"twitter:data1\" content=\"3 minutos\" \/>\n<!-- \/ Yoast SEO plugin. -->","yoast_head_json":{"title":"A\u00f1ade el widget Yelp Reviews a tu sitio web Webnode (r\u00e1pido y f\u00e1cil)","description":"Con Elfsight, dise\u00f1a tus Rese\u00f1as de Yelp y agr\u00e9galas en el sitio web de Webnode con facilidad. Tenemos soporte al cliente gratuito y m\u00e1s bonos.","robots":{"index":"index","follow":"follow","max-snippet":"max-snippet:-1","max-image-preview":"max-image-preview:large","max-video-preview":"max-video-preview:-1"},"canonical":"https:\/\/elfsight.com\/es\/yelp-reviews-widget\/webnode\/","og_locale":"es_ES","og_type":"article","og_title":"A\u00f1ade el widget Yelp Reviews a tu sitio web Webnode (r\u00e1pido y f\u00e1cil)","og_description":"Con Elfsight, dise\u00f1a tus Rese\u00f1as de Yelp y agr\u00e9galas en el sitio web de Webnode con facilidad. Tenemos soporte al cliente gratuito y m\u00e1s bonos.","og_url":"https:\/\/elfsight.com\/es\/yelp-reviews-widget\/webnode\/","og_site_name":"Elfsight ES","article_modified_time":"2025-02-06T15:58:05+00:00","twitter_card":"summary_large_image","twitter_misc":{"Tiempo de lectura":"3 minutos"},"schema":{"@context":"https:\/\/schema.org","@graph":[{"@type":"WebPage","@id":"https:\/\/elfsight.com\/es\/yelp-reviews-widget\/webnode\/","url":"https:\/\/elfsight.com\/es\/yelp-reviews-widget\/webnode\/","name":"A\u00f1ade el widget Yelp Reviews a tu sitio web Webnode (r\u00e1pido y f\u00e1cil)","isPartOf":{"@id":"https:\/\/elfsight.com\/es\/#website"},"datePublished":"1970-01-01T00:00:00+00:00","dateModified":"2025-02-06T15:58:05+00:00","description":"Con Elfsight, dise\u00f1a tus Rese\u00f1as de Yelp y agr\u00e9galas en el sitio web de Webnode con facilidad. Tenemos soporte al cliente gratuito y m\u00e1s bonos.","breadcrumb":{"@id":"https:\/\/elfsight.com\/es\/yelp-reviews-widget\/webnode\/#breadcrumb"},"inLanguage":"es","potentialAction":[{"@type":"ReadAction","target":["https:\/\/elfsight.com\/es\/yelp-reviews-widget\/webnode\/"]}]},{"@type":"BreadcrumbList","@id":"https:\/\/elfsight.com\/es\/yelp-reviews-widget\/webnode\/#breadcrumb","itemListElement":[{"@type":"ListItem","position":1,"name":"Home","item":"https:\/\/elfsight.com\/es\/"},{"@type":"ListItem","position":2,"name":"Yelp Reviews","item":"https:\/\/elfsight.com\/es\/yelp-reviews-widget\/"},{"@type":"ListItem","position":3,"name":"Yelp Reviews &#8211; Webnode"}]},{"@type":"WebSite","@id":"https:\/\/elfsight.com\/es\/#website","url":"https:\/\/elfsight.com\/es\/","name":"Elfsight ES","description":"Just another Elfsight Sites site","potentialAction":[{"@type":"SearchAction","target":{"@type":"EntryPoint","urlTemplate":"https:\/\/elfsight.com\/es\/?s={search_term_string}"},"query-input":{"@type":"PropertyValueSpecification","valueRequired":true,"valueName":"search_term_string"}}],"inLanguage":"es"}]}},"meta_box":{"industry":"","seo_heading":"","heading":"","description":"","cta_heading":"","cta_description":"","application":"1317","h1":"Widget de rese\u00f1as de Yelp de Webnode","h1_caption":"Muestre las opiniones de los clientes desde Yelp para generar credibilidad y proporcionar pruebas sociales para su negocio en su sitio web Webnode sin esfuerzo.","application_category":[],"applications_title":"","applications_request_title":"","applications_request_button_text":"","hero_text":"","hero_video":"","hero_video_schema_markup":"","selling_points_title":"","selling_points_caption":"","selling_points":[],"selling_points_cta_text":"","features_title":"","features":"","ed_cta_examples_text":"","ed_cta_examples_hidden":"","ed_cta_demo_text":"","ed_cta_demo_hidden":"","why_caption":"","why_editor_title":"","why_editor_text":"","why_team_title":"","why_team_text":"","why_service_title":"","why_service_text":"","template_catalog_visible":"","template_catalog_title":"","template_catalog_text":"","template_catalog_categories_visible":"","demo_title":"Crea tu widget de Rese\u00f1as de Yelp","demo_caption":"\u00a1Configura tus Rese\u00f1as de Yelp y a\u00f1\u00e1delas a tu sitio web Webnode gratis!","default_faq_hidden":"","app_template_category":[],"platform":"2302","template_public_id":"","codecanyon_url":"","codecanyon_item_id":"","codecanyon_price":"","pricing_caption":"","pricing_elfsight_apps_hide_column":"","pricing_elfsight_apps_url":"","pricing_codecanyon_price_caption":"","integration_category":[],"integration_request_title":"","integration_request_cta":"","integration_platform":"","integrations":[],"platform_category":[],"video_schema_markup":"","price":"desde $0 \/ mes","trial":"","benefits":[{"text":"Servicio de instalaci\u00f3n gratuito"},{"text":"Atenci\u00f3n al cliente experimentada"},{"text":"Garant\u00eda de devoluci\u00f3n de dinero de 14 d\u00edas"},{"text":"Mejoras peri\u00f3dicas gratuitas"}],"button_url":"#demo","button_target_blank":"","button_nofollow":"","attributes":[{"name":"Instalaciones","content":"10,000 - 100,000"},{"name":"Sensible","content":"S\u00ed"},{"name":"Navegadores compatibles","content":"Firefox, Safari, Opera, Chrome, Edge"}],"tags":[],"tags_disable_links":"","hide_more_platforms":"","video_object":"","demo_hide_cta":"","demo_hide_cloud_options":"","pricing_title":"","pricing":[{"pricing_icon":"platform","pricing_title":"Elfsight Apps","pricing_title_caption":"Soluci\u00f3n digital independiente de la plataforma","pricing_price":"desde $0 \/ mes","pricing_price_caption":"comienza con el plan gratuito","pricing_benefits":[{"text":"Sitios web ilimitados"},{"text":"Soporte empresarial 24 horas al d\u00eda, 7 d\u00edas a la semana"},{"text":"Ayuda de instalaci\u00f3n gratuita"},{"text":"Gran oferta para m\u00faltiples aplicaciones"}],"pricing_button_text":"A\u00f1adir al sitio web","pricing_button_url":"#demo"}],"related_apps_title":"","related_apps_hidden":"","author":"","image":[],"title":"","job":"","social_networks":[]},"_links":{"self":[{"href":"https:\/\/elfsight.com\/es\/wp-json\/wp\/v2\/pages\/7362","targetHints":{"allow":["GET"]}}],"collection":[{"href":"https:\/\/elfsight.com\/es\/wp-json\/wp\/v2\/pages"}],"about":[{"href":"https:\/\/elfsight.com\/es\/wp-json\/wp\/v2\/types\/page"}],"author":[{"embeddable":true,"href":"https:\/\/elfsight.com\/es\/wp-json\/wp\/v2\/users\/9"}],"replies":[{"embeddable":true,"href":"https:\/\/elfsight.com\/es\/wp-json\/wp\/v2\/comments?post=7362"}],"version-history":[{"count":2,"href":"https:\/\/elfsight.com\/es\/wp-json\/wp\/v2\/pages\/7362\/revisions"}],"predecessor-version":[{"id":18971,"href":"https:\/\/elfsight.com\/es\/wp-json\/wp\/v2\/pages\/7362\/revisions\/18971"}],"up":[{"embeddable":true,"href":"https:\/\/elfsight.com\/es\/wp-json\/wp\/v2\/pages\/1318"}],"wp:attachment":[{"href":"https:\/\/elfsight.com\/es\/wp-json\/wp\/v2\/media?parent=7362"}],"curies":[{"name":"wp","href":"https:\/\/api.w.org\/{rel}","templated":true}]}}