{"id":7357,"date":"1970-01-01T00:00:00","date_gmt":"1970-01-01T00:00:00","guid":{"rendered":"https:\/\/elfsight.com\/es\/?page_id=7357"},"modified":"2025-02-06T15:58:05","modified_gmt":"2025-02-06T15:58:05","slug":"webflow","status":"publish","type":"page","link":"https:\/\/elfsight.com\/es\/yelp-reviews-widget\/webflow\/","title":{"rendered":"Yelp Reviews &#8211; Webflow"},"content":{"rendered":"<div class=\"application-platform-content-item-description application-platform-content-item\" id=\"description\" data-nav-section=\"description\"> <h2>Incorporar rese\u00f1as de Yelp en Webflow con el widget Elfsight<\/h2> <p>Elfsight Yelp Reviews es un widget sencillo que le permite publicar en su sitio web rese\u00f1as sobre sus productos o servicios a partir de publicaciones en Yelp. Con este widget, puede aplicar filtros para clasificar rese\u00f1as no deseadas, revelar sus calificaciones de estrellas y n\u00fameros de Yelp, agregar detalles sobre los autores e integrar un bot\u00f3n que llevar\u00e1 a los visitantes a escribir una rese\u00f1a m\u00e1s en Yelp. El widget Elfsight Yelp Reviews le ayudar\u00e1 a mostrar su alta prueba social en el sitio web y aumentar las ventas. <\/p><div class=\"faq\" data-component=\"FAQ\"> <div class=\"faq-item\">\r\n\t\t\t\t\t<div class=\"faq-item-question\">\r\n\t\t\t\t\t\t<h3 class=\"faq-item-question-text\">\u00bfD\u00f3nde puedo instalar el widget en mi sitio?<\/h3>\r\n\r\n\t\t\t\t\t\t<div class=\"faq-item-question-icon\"><\/div>\r\n\t\t\t\t\t<\/div>\r\n\r\n\t\t\t\t\t<div class=\"faq-item-answer\">\r\n\t\t\t\t\t\t<div class=\"faq-item-answer-text\"> <p>Este widget puede integrarse en cualquier p\u00e1gina web donde le gustar\u00eda demostrar su alta valoraci\u00f3n y popularidad entre los clientes. Si desea publicar el widget en todas las p\u00e1ginas del sitio, simplemente p\u00e9guelo en la plantilla del sitio web. <\/p><\/div>\r\n\t\t\t\t\t<\/div>\r\n\t\t\t\t<\/div> <div class=\"faq-item\">\r\n\t\t\t\t\t<div class=\"faq-item-question\">\r\n\t\t\t\t\t\t<h3 class=\"faq-item-question-text\">\u00bfCu\u00e1les son las ventajas de tenerlo para m\u00ed? <\/h3>\r\n\r\n\t\t\t\t\t\t<div class=\"faq-item-question-icon\"><\/div>\r\n\t\t\t\t\t<\/div>\r\n\r\n\t\t\t\t\t<div class=\"faq-item-answer\">\r\n\t\t\t\t\t\t<div class=\"faq-item-answer-text\"> <p>Las rese\u00f1as de personas reales son perfectamente confiables para los visitantes de su sitio web y les muestran que su negocio es confiable. Una calificaci\u00f3n alta y excelentes cr\u00edticas pueden ayudar a aumentar el nivel de ventas en su sitio web. Adem\u00e1s, el bot\u00f3n activo puede contribuir a aumentar la cantidad de rese\u00f1as de clientes sobre sus ofertas o servicios en Yelp. <\/p> <\/div>\r\n\t\t\t\t\t<\/div>\r\n\t\t\t\t<\/div> <div class=\"faq-item\">\r\n\t\t\t\t\t<div class=\"faq-item-question\">\r\n\t\t\t\t\t\t<h3 class=\"faq-item-question-text\">\u00bfC\u00f3mo puedo agregar rese\u00f1as del widget de Yelp a mi sitio web de Webflow? <\/h3>\r\n\r\n\t\t\t\t\t\t<div class=\"faq-item-question-icon\"><\/div>\r\n\t\t\t\t\t<\/div>\r\n\r\n\t\t\t\t\t<div class=\"faq-item-answer\">\r\n\t\t\t\t\t\t<div class=\"faq-item-answer-text\"> <p>Solo me llevar\u00e1 un par de minutos tener el widget en funcionamiento. La integraci\u00f3n es realmente r\u00e1pida, gratuita y sin codificaci\u00f3n. <\/p> <p>Puede integrar el widget de Rese\u00f1as en el sitio web a trav\u00e9s de nuestro servicio. Para ello, realice una breve descripci\u00f3n a continuaci\u00f3n en esta p\u00e1gina. <\/p><\/div>\r\n\t\t\t\t\t<\/div>\r\n\t\t\t\t<\/div> <\/div> <\/div> <div class=\"application-platform-content-item-features application-platform-content-item\" id=\"features\" data-nav-section=\"features\"> <h2>Caracter\u00edsticas principales del widget de Rese\u00f1as de Yelp<\/h2> <p>Para poder comprender claramente el widget, descubra la lista de las caracter\u00edsticas esenciales. Hacen que el widget sea realmente eficiente para usted: <\/p> <ul> <li>Tres filtros disponibles: por tipo, excluir por y cantidad de rese\u00f1as para mostrar; <\/li> <li>4 dise\u00f1os predefinidos: Lista, Cuadr\u00edcula, Mamposter\u00eda y Control deslizante; <\/li> <li> Encabezado totalmente flexible del widget; <\/li> <li>El bot\u00f3n de solicitud de revisi\u00f3n lleva a los visitantes a su p\u00e1gina de Yelp; <\/li> <li>Seis elementos personalizables de la interfaz: nombre e imagen del autor, recomendaci\u00f3n, fecha, \u00edcono de Yelp y calificaci\u00f3n de estrellas; <\/li> <li>Dos escenarios posibles despu\u00e9s del rechazo de la solicitud de revisi\u00f3n: mostrar su mensaje u ocultar el bot\u00f3n. <\/li> <\/ul><p><a href=\"#demo\">Conozca todas las funciones en nuestra demostraci\u00f3n en vivo<\/a><\/p> <\/div> <div class=\"application-platform-content-item-installation application-platform-content-item\" id=\"installation\" data-nav-section=\"installation\"> <h2>Compruebe c\u00f3mo agregar rese\u00f1as de Yelp a su p\u00e1gina de Webflow. Es uno, dos, tres f\u00e1cil<\/h2><div class=\"video-container\"><iframe width=\"720\" height=\"405\" src=\"https:\/\/www.youtube.com\/embed\/lf6p3UAeO0o\" frameborder=\"0\"><\/iframe><\/div><p>Estas acciones son lo \u00fanico que necesitas hacer para la instalaci\u00f3n.<\/p> <ul><li><b>Dise\u00f1a tu Yelp exclusivo plugin<\/b><br> A trav\u00e9s de nuestro configurador gratuito, genera un plugin con una composici\u00f3n y caracter\u00edsticas funcionales seleccionadas. <\/li><li><b>Adquiera el c\u00f3digo personal para mostrar el complemento<\/b><br> Despu\u00e9s de haber configurado su widget, recibir\u00e1 el c\u00f3digo individual de la notificaci\u00f3n que aparece en Elfsight Apps. C\u00f3pielo para uso futuro. <\/li> <li><b>Publique el complemento en su sitio<\/b><br> Elija el \u00e1rea de la p\u00e1gina donde planea revelar el complemento y agregue el c\u00f3digo guardado all\u00ed. Aplicar las ediciones. <\/li> <li><b>Has completado con \u00e9xito la instalaci\u00f3n<\/b><br> Visita tu tienda para comprobar tu complemento. <\/li> <\/ul><p>\u00bfA\u00fan no est\u00e1s seguro? \u00bfO tener problemas? Simplemente escriba una solicitud a nuestro servicio de atenci\u00f3n al cliente y resolveremos cualquier tipo de problema. <\/p> <\/div>","protected":false},"excerpt":{"rendered":"","protected":false},"author":9,"featured_media":0,"parent":1318,"menu_order":0,"comment_status":"closed","ping_status":"closed","template":"templates\/template-application-platform.php","meta":{"publish_to_discourse":"","publish_post_category":"","wpdc_auto_publish_overridden":"","wpdc_topic_tags":"","wpdc_pin_topic":"","wpdc_pin_until":"","discourse_post_id":"","discourse_permalink":"","wpdc_publishing_response":"","wpdc_publishing_error":"","footnotes":""},"class_list":["post-7357","page","type-page","status-publish","hentry"],"yoast_head":"<!-- This site is optimized with the Yoast SEO plugin v25.3.1 - https:\/\/yoast.com\/wordpress\/plugins\/seo\/ -->\n<title>Agregue el widget Rese\u00f1as de Yelp a su sitio web Webflow (2025)<\/title>\n<meta name=\"description\" content=\"Con Elfsight, produzca sus rese\u00f1as de Yelp y col\u00f3quelas en el sitio web de Webflow en poco tiempo. Disponemos de atenci\u00f3n al cliente gratuita y otros bonos.\" \/>\n<meta name=\"robots\" content=\"index, follow, max-snippet:-1, max-image-preview:large, max-video-preview:-1\" \/>\n<link rel=\"canonical\" href=\"https:\/\/elfsight.com\/es\/yelp-reviews-widget\/webflow\/\" \/>\n<meta property=\"og:locale\" content=\"es_ES\" \/>\n<meta property=\"og:type\" content=\"article\" \/>\n<meta property=\"og:title\" content=\"Agregue el widget Rese\u00f1as de Yelp a su sitio web Webflow (2025)\" \/>\n<meta property=\"og:description\" content=\"Con Elfsight, produzca sus rese\u00f1as de Yelp y col\u00f3quelas en el sitio web de Webflow en poco tiempo. Disponemos de atenci\u00f3n al cliente gratuita y otros bonos.\" \/>\n<meta property=\"og:url\" content=\"https:\/\/elfsight.com\/es\/yelp-reviews-widget\/webflow\/\" \/>\n<meta property=\"og:site_name\" content=\"Elfsight ES\" \/>\n<meta property=\"article:modified_time\" content=\"2025-02-06T15:58:05+00:00\" \/>\n<meta name=\"twitter:card\" content=\"summary_large_image\" \/>\n<meta name=\"twitter:label1\" content=\"Tiempo de lectura\" \/>\n\t<meta name=\"twitter:data1\" content=\"3 minutos\" \/>\n<!-- \/ Yoast SEO plugin. -->","yoast_head_json":{"title":"Agregue el widget Rese\u00f1as de Yelp a su sitio web Webflow (2025)","description":"Con Elfsight, produzca sus rese\u00f1as de Yelp y col\u00f3quelas en el sitio web de Webflow en poco tiempo. Disponemos de atenci\u00f3n al cliente gratuita y otros bonos.","robots":{"index":"index","follow":"follow","max-snippet":"max-snippet:-1","max-image-preview":"max-image-preview:large","max-video-preview":"max-video-preview:-1"},"canonical":"https:\/\/elfsight.com\/es\/yelp-reviews-widget\/webflow\/","og_locale":"es_ES","og_type":"article","og_title":"Agregue el widget Rese\u00f1as de Yelp a su sitio web Webflow (2025)","og_description":"Con Elfsight, produzca sus rese\u00f1as de Yelp y col\u00f3quelas en el sitio web de Webflow en poco tiempo. Disponemos de atenci\u00f3n al cliente gratuita y otros bonos.","og_url":"https:\/\/elfsight.com\/es\/yelp-reviews-widget\/webflow\/","og_site_name":"Elfsight ES","article_modified_time":"2025-02-06T15:58:05+00:00","twitter_card":"summary_large_image","twitter_misc":{"Tiempo de lectura":"3 minutos"},"schema":{"@context":"https:\/\/schema.org","@graph":[{"@type":"WebPage","@id":"https:\/\/elfsight.com\/es\/yelp-reviews-widget\/webflow\/","url":"https:\/\/elfsight.com\/es\/yelp-reviews-widget\/webflow\/","name":"Agregue el widget Rese\u00f1as de Yelp a su sitio web Webflow (2025)","isPartOf":{"@id":"https:\/\/elfsight.com\/es\/#website"},"datePublished":"1970-01-01T00:00:00+00:00","dateModified":"2025-02-06T15:58:05+00:00","description":"Con Elfsight, produzca sus rese\u00f1as de Yelp y col\u00f3quelas en el sitio web de Webflow en poco tiempo. Disponemos de atenci\u00f3n al cliente gratuita y otros bonos.","breadcrumb":{"@id":"https:\/\/elfsight.com\/es\/yelp-reviews-widget\/webflow\/#breadcrumb"},"inLanguage":"es","potentialAction":[{"@type":"ReadAction","target":["https:\/\/elfsight.com\/es\/yelp-reviews-widget\/webflow\/"]}]},{"@type":"BreadcrumbList","@id":"https:\/\/elfsight.com\/es\/yelp-reviews-widget\/webflow\/#breadcrumb","itemListElement":[{"@type":"ListItem","position":1,"name":"Home","item":"https:\/\/elfsight.com\/es\/"},{"@type":"ListItem","position":2,"name":"Yelp Reviews","item":"https:\/\/elfsight.com\/es\/yelp-reviews-widget\/"},{"@type":"ListItem","position":3,"name":"Yelp Reviews &#8211; Webflow"}]},{"@type":"WebSite","@id":"https:\/\/elfsight.com\/es\/#website","url":"https:\/\/elfsight.com\/es\/","name":"Elfsight ES","description":"Just another Elfsight Sites site","potentialAction":[{"@type":"SearchAction","target":{"@type":"EntryPoint","urlTemplate":"https:\/\/elfsight.com\/es\/?s={search_term_string}"},"query-input":{"@type":"PropertyValueSpecification","valueRequired":true,"valueName":"search_term_string"}}],"inLanguage":"es"}]}},"meta_box":{"industry":"","seo_heading":"","heading":"","description":"","cta_heading":"","cta_description":"","application":"1317","h1":"Widget de rese\u00f1as de Webflow Yelp","h1_caption":"Muestre las opiniones de los clientes desde Yelp para generar credibilidad y proporcionar pruebas sociales para su negocio en su sitio web Webflow sin esfuerzo.","application_category":[],"applications_title":"","applications_request_title":"","applications_request_button_text":"","hero_text":"","hero_video":"","hero_video_schema_markup":"","selling_points_title":"","selling_points_caption":"","selling_points":[],"selling_points_cta_text":"","features_title":"","features":"","ed_cta_examples_text":"","ed_cta_examples_hidden":"","ed_cta_demo_text":"","ed_cta_demo_hidden":"","why_caption":"","why_editor_title":"","why_editor_text":"","why_team_title":"","why_team_text":"","why_service_title":"","why_service_text":"","template_catalog_visible":"","template_catalog_title":"","template_catalog_text":"","template_catalog_categories_visible":"","demo_title":"Crea tu widget de Rese\u00f1as de Yelp","demo_caption":"\u00a1Configure sus rese\u00f1as de Yelp y agr\u00e9guelas a su sitio web Webflow de forma gratuita!","default_faq_hidden":"","app_template_category":[],"platform":"106","template_public_id":"","codecanyon_url":"","codecanyon_item_id":"","codecanyon_price":"","pricing_caption":"","pricing_elfsight_apps_hide_column":"","pricing_elfsight_apps_url":"","pricing_codecanyon_price_caption":"","integration_category":[],"integration_request_title":"","integration_request_cta":"","integration_platform":"","integrations":[],"platform_category":[],"video_schema_markup":"","price":"desde $0 \/ mes","trial":"","benefits":[{"text":"Servicio de instalaci\u00f3n gratuito"},{"text":"Soporte premium"},{"text":"Garant\u00eda de reembolso de 14 d\u00edas"},{"text":"Desarrollo continuo"}],"button_url":"#demo","button_target_blank":"","button_nofollow":"","attributes":[{"name":"Instalaciones","content":"10,000 - 100,000"},{"name":"Sensible","content":"S\u00ed"},{"name":"Navegadores compatibles","content":"Safari, Edge, Chrome, Firefox, Opera"}],"tags":[],"tags_disable_links":"","hide_more_platforms":"","video_object":"","demo_hide_cta":"","demo_hide_cloud_options":"","pricing_title":"","pricing":[{"pricing_icon":"platform","pricing_title":"Elfsight Apps","pricing_title_caption":"Soluci\u00f3n digital multiplataforma que funciona en cualquier sitio web","pricing_price":"desde $0 \/ mes","pricing_price_caption":"comienza con el plan gratuito","pricing_benefits":[{"text":"Dominios ilimitados"},{"text":"Soporte profesional"},{"text":"Servicio de instalaci\u00f3n gratuito"},{"text":"Oferta especial para m\u00faltiples aplicaciones."}],"pricing_button_text":"A\u00f1adir al sitio web","pricing_button_url":"#demo"}],"related_apps_title":"","related_apps_hidden":"","author":"","image":[],"title":"","job":"","social_networks":[]},"_links":{"self":[{"href":"https:\/\/elfsight.com\/es\/wp-json\/wp\/v2\/pages\/7357","targetHints":{"allow":["GET"]}}],"collection":[{"href":"https:\/\/elfsight.com\/es\/wp-json\/wp\/v2\/pages"}],"about":[{"href":"https:\/\/elfsight.com\/es\/wp-json\/wp\/v2\/types\/page"}],"author":[{"embeddable":true,"href":"https:\/\/elfsight.com\/es\/wp-json\/wp\/v2\/users\/9"}],"replies":[{"embeddable":true,"href":"https:\/\/elfsight.com\/es\/wp-json\/wp\/v2\/comments?post=7357"}],"version-history":[{"count":2,"href":"https:\/\/elfsight.com\/es\/wp-json\/wp\/v2\/pages\/7357\/revisions"}],"predecessor-version":[{"id":18972,"href":"https:\/\/elfsight.com\/es\/wp-json\/wp\/v2\/pages\/7357\/revisions\/18972"}],"up":[{"embeddable":true,"href":"https:\/\/elfsight.com\/es\/wp-json\/wp\/v2\/pages\/1318"}],"wp:attachment":[{"href":"https:\/\/elfsight.com\/es\/wp-json\/wp\/v2\/media?parent=7357"}],"curies":[{"name":"wp","href":"https:\/\/api.w.org\/{rel}","templated":true}]}}