{"id":7347,"date":"1970-01-01T00:00:00","date_gmt":"1970-01-01T00:00:00","guid":{"rendered":"https:\/\/elfsight.com\/es\/?page_id=7347"},"modified":"2025-02-06T15:58:15","modified_gmt":"2025-02-06T15:58:15","slug":"magento","status":"publish","type":"page","link":"https:\/\/elfsight.com\/es\/yelp-reviews-widget\/magento\/","title":{"rendered":"Yelp Reviews &#8211; Magento"},"content":{"rendered":"<div class=\"application-platform-content-item-description application-platform-content-item\" id=\"description\" data-nav-section=\"description\"> <h2>Descripci\u00f3n<\/h2> <p>Si desea demostrar su alta calificaci\u00f3n y convencer a los visitantes de que sus ofertas tienen una buena relaci\u00f3n calidad-precio, el widget Elfsight Yelp Reviews es exactamente lo que necesita. Con este widget, podr\u00e1 insertar f\u00e1cilmente las rese\u00f1as de los usuarios de Yelp en su sitio con informaci\u00f3n sobre sus autores, usar filtros para mostrar solo las buenas, mostrar calificaciones y un bot\u00f3n de redireccionamiento que llevar\u00e1 a las personas a su cuenta de Yelp, donde podr\u00e1n dejar su rese\u00f1a. <\/p><div class=\"faq\" data-component=\"FAQ\"> <div class=\"faq-item\">\r\n\t\t\t\t\t<div class=\"faq-item-question\">\r\n\t\t\t\t\t\t<h3 class=\"faq-item-question-text\">\u00bfD\u00f3nde puedo incrustar el widget<\/h3>\r\n\r\n\t\t\t\t\t\t<div class=\"faq-item-question-icon\"><\/div>\r\n\t\t\t\t\t<\/div>\r\n\r\n\t\t\t\t\t<div class=\"faq-item-answer\">\r\n\t\t\t\t\t\t<div class=\"faq-item-answer-text\"> <p>Puede agregar el widget a cualquier p\u00e1gina del sitio web o colocarlo en la plantilla; en este caso, se mostrar\u00e1 en todas las p\u00e1ginas. Las rese\u00f1as son efectivas en las p\u00e1ginas de productos o en la p\u00e1gina Acerca de nosotros, donde debe presumir de que la gente adora sus ofertas. <\/p><\/div>\r\n\t\t\t\t\t<\/div>\r\n\t\t\t\t<\/div> <div class=\"faq-item\">\r\n\t\t\t\t\t<div class=\"faq-item-question\">\r\n\t\t\t\t\t\t<h3 class=\"faq-item-question-text\">\u00bfC\u00f3mo podr\u00eda beneficiarme de este complemento? <\/h3>\r\n\r\n\t\t\t\t\t\t<div class=\"faq-item-question-icon\"><\/div>\r\n\t\t\t\t\t<\/div>\r\n\r\n\t\t\t\t\t<div class=\"faq-item-answer\">\r\n\t\t\t\t\t\t<div class=\"faq-item-answer-text\"> <p>Las rese\u00f1as dejadas por personas reales parecen absolutamente confiables para los visitantes de su sitio web y les demuestran que se puede confiar en su empresa. Una calificaci\u00f3n alta y buenas cr\u00edticas pueden ayudar a impulsar las compras en su sitio web. M\u00e1s a\u00fan, el bot\u00f3n activo puede contribuir a tener m\u00e1s opiniones de clientes sobre su empresa en Yelp. <\/p> <\/div>\r\n\t\t\t\t\t<\/div>\r\n\t\t\t\t<\/div> <div class=\"faq-item\">\r\n\t\t\t\t\t<div class=\"faq-item-question\">\r\n\t\t\t\t\t\t<h3 class=\"faq-item-question-text\">\u00bfC\u00f3mo puedo insertar rese\u00f1as del widget de Yelp en mi sitio web Magento? <\/h3>\r\n\r\n\t\t\t\t\t\t<div class=\"faq-item-question-icon\"><\/div>\r\n\t\t\t\t\t<\/div>\r\n\r\n\t\t\t\t\t<div class=\"faq-item-answer\">\r\n\t\t\t\t\t\t<div class=\"faq-item-answer-text\"> <p>La configuraci\u00f3n solo le llevar\u00e1 dos minutos de su tiempo. La integraci\u00f3n es muy r\u00e1pida, gratuita y sin codificaci\u00f3n. <\/p> <p>El widget de Rese\u00f1as de Elfsight se puede introducir en nuestro servicio o a trav\u00e9s del mercado. Aqu\u00ed podr\u00e1s conocer ambas variantes y elegir la tuya. <\/p><\/div>\r\n\t\t\t\t\t<\/div>\r\n\t\t\t\t<\/div> <\/div> <\/div> <div class=\"application-platform-content-item-features application-platform-content-item\" id=\"features\" data-nav-section=\"features\"> <h2>Caracter\u00edsticas<\/h2> <p>Para comprender mejor el widget de Rese\u00f1as, descubra la lista de sus caracter\u00edsticas principales. Hacen que el widget sea incre\u00edblemente beneficioso para usted: <\/p> <ul> <li>3 filtros disponibles: por tipo, excluir por y cantidad de rese\u00f1as para mostrar; <\/li> <li>4 dise\u00f1os disponibles: Lista, Cuadr\u00edcula, Mamposter\u00eda y Control deslizante; <\/li> <li> Encabezado totalmente flexible del widget; <\/li> <li>El bot\u00f3n para solicitar una rese\u00f1a lleva a los clientes a la p\u00e1gina de Yelp; <\/li> <li>Seis elementos flexibles del widget: nombre e imagen del autor, recomendaci\u00f3n, fecha de uso compartido, \u00edcono de Yelp y calificaci\u00f3n de estrellas; <\/li> <li>Dos alternativas del escenario despu\u00e9s del rechazo de la solicitud de revisi\u00f3n: mostrar su mensaje u ocultar el bot\u00f3n. <\/li> <\/ul><p><a href=\"#demo\">La demostraci\u00f3n en vivo le revelar\u00e1 m\u00e1s funciones<\/a><\/p> <\/div> <div class=\"application-platform-content-item-installation application-platform-content-item\" id=\"installation\" data-nav-section=\"installation\"> <h2>Descubra c\u00f3mo insertar las Rese\u00f1as de Yelp en su sitio web Magento<\/h2> <p>Simplemente aplique las instrucciones a continuaci\u00f3n para integrar la extensi\u00f3n en Magento.<\/p> <ol><li><b>Emplee nuestro configurador gratuito y comience a crear su extensi\u00f3n personalizada. <\/b><br> Encuentre el dise\u00f1o y las funciones preferidos de la extensi\u00f3n Yelp Reviews y aplique las correcciones. <\/li> <li><b>Adquiera su c\u00f3digo individual revelado en la ventana de Elfsight Apps. <\/b><br> Inmediatamente despu\u00e9s de finalizar la creaci\u00f3n de su extensi\u00f3n, copie el c\u00f3digo personal en la ventana emergente que aparece y gu\u00e1rdelo para usarlo m\u00e1s adelante. <\/li> <li><b>Entra en el uso del widget en tu sitio web Magento. <\/b><br> Inserta el c\u00f3digo copiado recientemente en tu sitio web y guarda las correcciones. <\/li> <li><b>\u00a1Listo! La configuraci\u00f3n se realiza con \u00e9xito. <\/b><br> Vaya a su sitio para ver c\u00f3mo funciona la herramienta. <\/li><\/ol><p>\u00bfA\u00fan no puedes tomar una decisi\u00f3n? \u00bfO tropez\u00f3 con algo? Una sola solicitud a nuestro equipo de soporte ayudar\u00e1 con cada asunto. <\/p> <\/div>","protected":false},"excerpt":{"rendered":"","protected":false},"author":9,"featured_media":0,"parent":1318,"menu_order":0,"comment_status":"closed","ping_status":"closed","template":"templates\/template-application-platform.php","meta":{"publish_to_discourse":"","publish_post_category":"","wpdc_auto_publish_overridden":"","wpdc_topic_tags":"","wpdc_pin_topic":"","wpdc_pin_until":"","discourse_post_id":"","discourse_permalink":"","wpdc_publishing_response":"","wpdc_publishing_error":"","footnotes":""},"class_list":["post-7347","page","type-page","status-publish","hentry"],"yoast_head":"<!-- This site is optimized with the Yoast SEO plugin v25.3.1 - https:\/\/yoast.com\/wordpress\/plugins\/seo\/ -->\n<title>Agregue la extensi\u00f3n Yelp Reviews a su sitio web Magento (r\u00e1pido y f\u00e1cil)<\/title>\n<meta name=\"description\" content=\"Es perfectamente sencillo crear su widget de Rese\u00f1as de Yelp y mostrarlo en el sitio web de Magento. El servicio de atenci\u00f3n al cliente de Elfsight es gratuito.\" \/>\n<meta name=\"robots\" content=\"index, follow, max-snippet:-1, max-image-preview:large, max-video-preview:-1\" \/>\n<link rel=\"canonical\" href=\"https:\/\/elfsight.com\/es\/yelp-reviews-widget\/magento\/\" \/>\n<meta property=\"og:locale\" content=\"es_ES\" \/>\n<meta property=\"og:type\" content=\"article\" \/>\n<meta property=\"og:title\" content=\"Agregue la extensi\u00f3n Yelp Reviews a su sitio web Magento (r\u00e1pido y f\u00e1cil)\" \/>\n<meta property=\"og:description\" content=\"Es perfectamente sencillo crear su widget de Rese\u00f1as de Yelp y mostrarlo en el sitio web de Magento. El servicio de atenci\u00f3n al cliente de Elfsight es gratuito.\" \/>\n<meta property=\"og:url\" content=\"https:\/\/elfsight.com\/es\/yelp-reviews-widget\/magento\/\" \/>\n<meta property=\"og:site_name\" content=\"Elfsight ES\" \/>\n<meta property=\"article:modified_time\" content=\"2025-02-06T15:58:15+00:00\" \/>\n<meta name=\"twitter:card\" content=\"summary_large_image\" \/>\n<meta name=\"twitter:label1\" content=\"Tiempo de lectura\" \/>\n\t<meta name=\"twitter:data1\" content=\"3 minutos\" \/>\n<!-- \/ Yoast SEO plugin. -->","yoast_head_json":{"title":"Agregue la extensi\u00f3n Yelp Reviews a su sitio web Magento (r\u00e1pido y f\u00e1cil)","description":"Es perfectamente sencillo crear su widget de Rese\u00f1as de Yelp y mostrarlo en el sitio web de Magento. El servicio de atenci\u00f3n al cliente de Elfsight es gratuito.","robots":{"index":"index","follow":"follow","max-snippet":"max-snippet:-1","max-image-preview":"max-image-preview:large","max-video-preview":"max-video-preview:-1"},"canonical":"https:\/\/elfsight.com\/es\/yelp-reviews-widget\/magento\/","og_locale":"es_ES","og_type":"article","og_title":"Agregue la extensi\u00f3n Yelp Reviews a su sitio web Magento (r\u00e1pido y f\u00e1cil)","og_description":"Es perfectamente sencillo crear su widget de Rese\u00f1as de Yelp y mostrarlo en el sitio web de Magento. El servicio de atenci\u00f3n al cliente de Elfsight es gratuito.","og_url":"https:\/\/elfsight.com\/es\/yelp-reviews-widget\/magento\/","og_site_name":"Elfsight ES","article_modified_time":"2025-02-06T15:58:15+00:00","twitter_card":"summary_large_image","twitter_misc":{"Tiempo de lectura":"3 minutos"},"schema":{"@context":"https:\/\/schema.org","@graph":[{"@type":"WebPage","@id":"https:\/\/elfsight.com\/es\/yelp-reviews-widget\/magento\/","url":"https:\/\/elfsight.com\/es\/yelp-reviews-widget\/magento\/","name":"Agregue la extensi\u00f3n Yelp Reviews a su sitio web Magento (r\u00e1pido y f\u00e1cil)","isPartOf":{"@id":"https:\/\/elfsight.com\/es\/#website"},"datePublished":"1970-01-01T00:00:00+00:00","dateModified":"2025-02-06T15:58:15+00:00","description":"Es perfectamente sencillo crear su widget de Rese\u00f1as de Yelp y mostrarlo en el sitio web de Magento. El servicio de atenci\u00f3n al cliente de Elfsight es gratuito.","breadcrumb":{"@id":"https:\/\/elfsight.com\/es\/yelp-reviews-widget\/magento\/#breadcrumb"},"inLanguage":"es","potentialAction":[{"@type":"ReadAction","target":["https:\/\/elfsight.com\/es\/yelp-reviews-widget\/magento\/"]}]},{"@type":"BreadcrumbList","@id":"https:\/\/elfsight.com\/es\/yelp-reviews-widget\/magento\/#breadcrumb","itemListElement":[{"@type":"ListItem","position":1,"name":"Home","item":"https:\/\/elfsight.com\/es\/"},{"@type":"ListItem","position":2,"name":"Yelp Reviews","item":"https:\/\/elfsight.com\/es\/yelp-reviews-widget\/"},{"@type":"ListItem","position":3,"name":"Yelp Reviews &#8211; Magento"}]},{"@type":"WebSite","@id":"https:\/\/elfsight.com\/es\/#website","url":"https:\/\/elfsight.com\/es\/","name":"Elfsight ES","description":"Just another Elfsight Sites site","potentialAction":[{"@type":"SearchAction","target":{"@type":"EntryPoint","urlTemplate":"https:\/\/elfsight.com\/es\/?s={search_term_string}"},"query-input":{"@type":"PropertyValueSpecification","valueRequired":true,"valueName":"search_term_string"}}],"inLanguage":"es"}]}},"meta_box":{"industry":"","seo_heading":"","heading":"","description":"","cta_heading":"","cta_description":"","application":"1317","h1":"Extensi\u00f3n Magento Yelp Rese\u00f1as","h1_caption":"Muestre las opiniones de los clientes desde Yelp para generar credibilidad y proporcionar pruebas sociales para su negocio en su sitio web Magento sin esfuerzo.","application_category":[],"applications_title":"","applications_request_title":"","applications_request_button_text":"","hero_text":"","hero_video":"","hero_video_schema_markup":"","selling_points_title":"","selling_points_caption":"","selling_points":[],"selling_points_cta_text":"","features_title":"","features":"","ed_cta_examples_text":"","ed_cta_examples_hidden":"","ed_cta_demo_text":"","ed_cta_demo_hidden":"","why_caption":"","why_editor_title":"","why_editor_text":"","why_team_title":"","why_team_text":"","why_service_title":"","why_service_text":"","template_catalog_visible":"","template_catalog_title":"","template_catalog_text":"","template_catalog_categories_visible":"","demo_title":"Crea tu extensi\u00f3n de Rese\u00f1as de Yelp","demo_caption":"\u00a1Configure sus rese\u00f1as de Yelp y agr\u00e9guelas a su sitio web Magento de forma gratuita!","default_faq_hidden":"","app_template_category":[],"platform":"82","template_public_id":"","codecanyon_url":"","codecanyon_item_id":"","codecanyon_price":"","pricing_caption":"","pricing_elfsight_apps_hide_column":"","pricing_elfsight_apps_url":"","pricing_codecanyon_price_caption":"","integration_category":[],"integration_request_title":"","integration_request_cta":"","integration_platform":"","integrations":[],"platform_category":[],"video_schema_markup":"","price":"desde $0 \/ mes","trial":"","benefits":[{"text":"Servicio de instalaci\u00f3n gratuito"},{"text":"Soporte premium"},{"text":"Servicio al cliente eficaz"},{"text":"Actualizaciones gratuitas de por vida"}],"button_url":"#demo","button_target_blank":"","button_nofollow":"","attributes":[{"name":"Instalaciones","content":"10,000 - 100,000"},{"name":"Sensible","content":"S\u00ed"},{"name":"Navegadores compatibles","content":"Firefox, Safari, Opera, Chrome, Edge"}],"tags":[],"tags_disable_links":"","hide_more_platforms":"","video_object":"","demo_hide_cta":"","demo_hide_cloud_options":"","pricing_title":"","pricing":[{"pricing_icon":"platform","pricing_title":"Elfsight Apps","pricing_title_caption":"Soluci\u00f3n digital multiplataforma","pricing_price":"desde $0 \/ mes","pricing_price_caption":"comienza con un plan gratuito","pricing_benefits":[{"text":"Dominios ilimitados"},{"text":"Soporte 24 horas al d\u00eda, 7 d\u00edas a la semana"},{"text":"Servicio de instalaci\u00f3n gratuito"},{"text":"Dise\u00f1o flexible"}],"pricing_button_text":"A\u00f1adir al sitio web","pricing_button_url":"#demo"}],"related_apps_title":"","related_apps_hidden":"","author":"","image":[],"title":"","job":"","social_networks":[]},"_links":{"self":[{"href":"https:\/\/elfsight.com\/es\/wp-json\/wp\/v2\/pages\/7347","targetHints":{"allow":["GET"]}}],"collection":[{"href":"https:\/\/elfsight.com\/es\/wp-json\/wp\/v2\/pages"}],"about":[{"href":"https:\/\/elfsight.com\/es\/wp-json\/wp\/v2\/types\/page"}],"author":[{"embeddable":true,"href":"https:\/\/elfsight.com\/es\/wp-json\/wp\/v2\/users\/9"}],"replies":[{"embeddable":true,"href":"https:\/\/elfsight.com\/es\/wp-json\/wp\/v2\/comments?post=7347"}],"version-history":[{"count":2,"href":"https:\/\/elfsight.com\/es\/wp-json\/wp\/v2\/pages\/7347\/revisions"}],"predecessor-version":[{"id":18978,"href":"https:\/\/elfsight.com\/es\/wp-json\/wp\/v2\/pages\/7347\/revisions\/18978"}],"up":[{"embeddable":true,"href":"https:\/\/elfsight.com\/es\/wp-json\/wp\/v2\/pages\/1318"}],"wp:attachment":[{"href":"https:\/\/elfsight.com\/es\/wp-json\/wp\/v2\/media?parent=7347"}],"curies":[{"name":"wp","href":"https:\/\/api.w.org\/{rel}","templated":true}]}}