{"id":7341,"date":"1970-01-01T00:00:00","date_gmt":"1970-01-01T00:00:00","guid":{"rendered":"https:\/\/elfsight.com\/es\/?page_id=7341"},"modified":"2025-02-06T15:58:28","modified_gmt":"2025-02-06T15:58:28","slug":"jquery","status":"publish","type":"page","link":"https:\/\/elfsight.com\/es\/yelp-reviews-widget\/jquery\/","title":{"rendered":"Yelp Reviews &#8211; jQuery"},"content":{"rendered":"<div class=\"application-platform-content-item-description application-platform-content-item\" id=\"description\" data-nav-section=\"description\"> <h2>Descripci\u00f3n<\/h2> <p>Elfsight Yelp Reviews es una herramienta \u00fatil que le facilitar\u00e1 colocar en su sitio web rese\u00f1as de Yelp sobre sus ofertas. Con nuestro widget, podr\u00e1 utilizar filtros para ocultar rese\u00f1as no deseadas, mostrar sus calificaciones de estrellas y n\u00fameros, mostrar informaci\u00f3n sobre los autores e introducir un bot\u00f3n que ayudar\u00e1 a los visitantes a publicar una nueva rese\u00f1a en Yelp. El widget Elfsight Yelp Reviews le ayudar\u00e1 a presumir de su prueba social perfecta en su sitio personal y a aumentar las ventas. <\/p><div class=\"faq\" data-component=\"FAQ\"> <div class=\"faq-item\">\r\n\t\t\t\t\t<div class=\"faq-item-question\">\r\n\t\t\t\t\t\t<h3 class=\"faq-item-question-text\">\u00bfD\u00f3nde en mi sitio web puedo insertar este complemento?<\/h3>\r\n\r\n\t\t\t\t\t\t<div class=\"faq-item-question-icon\"><\/div>\r\n\t\t\t\t\t<\/div>\r\n\r\n\t\t\t\t\t<div class=\"faq-item-answer\">\r\n\t\t\t\t\t\t<div class=\"faq-item-answer-text\"> <p>El widget se puede mostrar en cualquier p\u00e1gina en la que desee presumir de su gran reconocimiento y popularidad entre los clientes. Si lo necesita en todas las p\u00e1ginas del sitio, puede introducirlo f\u00e1cilmente en la plantilla del sitio web. <\/p><\/div>\r\n\t\t\t\t\t<\/div>\r\n\t\t\t\t<\/div> <div class=\"faq-item\">\r\n\t\t\t\t\t<div class=\"faq-item-question\">\r\n\t\t\t\t\t\t<h3 class=\"faq-item-question-text\">\u00bfQu\u00e9 beneficios me brindar\u00e1? <\/h3>\r\n\r\n\t\t\t\t\t\t<div class=\"faq-item-question-icon\"><\/div>\r\n\t\t\t\t\t<\/div>\r\n\r\n\t\t\t\t\t<div class=\"faq-item-answer\">\r\n\t\t\t\t\t\t<div class=\"faq-item-answer-text\"> <p>Las rese\u00f1as agregadas por personas reales parecen perfectamente confiables para los visitantes de su sitio web y les demuestran que se puede confiar en su empresa. Una calificaci\u00f3n alta y excelentes impresiones pueden ayudar a elevar el nivel de ventas en su sitio web. M\u00e1s a\u00fan, el bot\u00f3n activo contribuir\u00e1 a aumentar la cantidad de rese\u00f1as de clientes sobre sus ofertas o servicios en Yelp. <\/p> <\/div>\r\n\t\t\t\t\t<\/div>\r\n\t\t\t\t<\/div> <div class=\"faq-item\">\r\n\t\t\t\t\t<div class=\"faq-item-question\">\r\n\t\t\t\t\t\t<h3 class=\"faq-item-question-text\">\u00bfC\u00f3mo puedo agregar rese\u00f1as del widget de Yelp a mi sitio web jQuery? <\/h3>\r\n\r\n\t\t\t\t\t\t<div class=\"faq-item-question-icon\"><\/div>\r\n\t\t\t\t\t<\/div>\r\n\r\n\t\t\t\t\t<div class=\"faq-item-answer\">\r\n\t\t\t\t\t\t<div class=\"faq-item-answer-text\"> <p>Incrustar el widget lleva tres minutos de su tiempo. La instalaci\u00f3n es s\u00faper r\u00e1pida, gratuita y sin codificaci\u00f3n. <\/p> <p>Puedes pegar el widget de Rese\u00f1as en tu p\u00e1gina web a trav\u00e9s de nuestro servicio. Simplemente vea la breve descripci\u00f3n en esta p\u00e1gina<\/p><\/div>\r\n\t\t\t\t\t<\/div>\r\n\t\t\t\t<\/div> <\/div> <\/div> <div class=\"application-platform-content-item-features application-platform-content-item\" id=\"features\" data-nav-section=\"features\"> <h2>Caracter\u00edsticas<\/h2> <p>Para formarse una idea m\u00e1s clara del widget, vea la lista de sus caracter\u00edsticas principales. Hacen que nuestro widget sea m\u00e1s efectivo para su negocio: <\/p> <ul> <li>3 tipos de filtros: por tipo, excluido por y cantidad de rese\u00f1as para mostrar; <\/li> <li>4 opciones de dise\u00f1os disponibles: Lista, Cuadr\u00edcula, Mamposter\u00eda y Control deslizante; <\/li> <li> Encabezado totalmente flexible del widget; <\/li> <li>El bot\u00f3n activo para publicar una rese\u00f1a dirige a los usuarios a su p\u00e1gina de Yelp; <\/li> <li>6 elementos personalizables de las rese\u00f1as: el nombre del autor y la imagen, recomendaci\u00f3n, fecha en que las dej\u00f3, \u00edcono de Yelp y calificaci\u00f3n de estrellas; <\/li> <li>Dos posibles escenarios de rechazo de solicitud de revisi\u00f3n: mostrar un mensaje personalizado u ocultar el bot\u00f3n. <\/li> <\/ul><p><a href=\"#demo\">Obtenga m\u00e1s funciones en la demostraci\u00f3n<\/a><\/p> <\/div> <div class=\"application-platform-content-item-installation application-platform-content-item\" id=\"installation\" data-nav-section=\"installation\"> <h2>Descubra c\u00f3mo insertar las rese\u00f1as de Yelp en su p\u00e1gina jQuery. Es uno, dos, tres f\u00e1cil<\/h2> <p>Los pasos a continuaci\u00f3n son lo \u00fanico que necesitas para que est\u00e9 libre de codificaci\u00f3n. <\/p> <ul><li><b>Genera tu complemento de Yelp personalizado<\/b><br> Administrando nuestro editor gratuito, obt\u00e9n un complemento con un dise\u00f1o y funciones preferibles. <\/li><li><b>Reciba el c\u00f3digo individual para configurar el complemento<\/b><br> Despu\u00e9s de haber creado su widget, recibir\u00e1 su c\u00f3digo de instalaci\u00f3n en la notificaci\u00f3n que aparece en Elfsight Apps. C\u00f3pialo. <\/li> <li><b>Integre el complemento en su sitio<\/b><br> Vaya al lugar donde desea agregar el complemento y agregue el c\u00f3digo guardado all\u00ed. Guarde las ediciones. <\/li> <li><b>\u00a1Ya terminaste! <\/b><br>Visita tu p\u00e1gina para consultar tus rese\u00f1as. <\/li> <\/ul><p>\u00bfA\u00fan tienes algo que te hace sentir inseguro? \u00bfTiene problemas? Una sola solicitud a nuestro equipo de soporte resolver\u00e1 cualquier problema. <\/p> <\/div>","protected":false},"excerpt":{"rendered":"","protected":false},"author":9,"featured_media":0,"parent":1318,"menu_order":0,"comment_status":"closed","ping_status":"closed","template":"templates\/template-application-platform.php","meta":{"publish_to_discourse":"","publish_post_category":"","wpdc_auto_publish_overridden":"","wpdc_topic_tags":"","wpdc_pin_topic":"","wpdc_pin_until":"","discourse_post_id":"","discourse_permalink":"","wpdc_publishing_response":"","wpdc_publishing_error":"","footnotes":""},"class_list":["post-7341","page","type-page","status-publish","hentry"],"yoast_head":"<!-- This site is optimized with the Yoast SEO plugin v25.3.1 - https:\/\/yoast.com\/wordpress\/plugins\/seo\/ -->\n<title>Agregue el complemento Yelp Reviews a su sitio web jQuery (2025)<\/title>\n<meta name=\"description\" content=\"Es absolutamente sencillo crear su widget de Rese\u00f1as de Yelp y mostrarlo en su sitio web jQuery. El servicio al cliente de Elfsight es gratuito.\" \/>\n<meta name=\"robots\" content=\"index, follow, max-snippet:-1, max-image-preview:large, max-video-preview:-1\" \/>\n<link rel=\"canonical\" href=\"https:\/\/elfsight.com\/es\/yelp-reviews-widget\/jquery\/\" \/>\n<meta property=\"og:locale\" content=\"es_ES\" \/>\n<meta property=\"og:type\" content=\"article\" \/>\n<meta property=\"og:title\" content=\"Agregue el complemento Yelp Reviews a su sitio web jQuery (2025)\" \/>\n<meta property=\"og:description\" content=\"Es absolutamente sencillo crear su widget de Rese\u00f1as de Yelp y mostrarlo en su sitio web jQuery. El servicio al cliente de Elfsight es gratuito.\" \/>\n<meta property=\"og:url\" content=\"https:\/\/elfsight.com\/es\/yelp-reviews-widget\/jquery\/\" \/>\n<meta property=\"og:site_name\" content=\"Elfsight ES\" \/>\n<meta property=\"article:modified_time\" content=\"2025-02-06T15:58:28+00:00\" \/>\n<meta name=\"twitter:card\" content=\"summary_large_image\" \/>\n<meta name=\"twitter:label1\" content=\"Tiempo de lectura\" \/>\n\t<meta name=\"twitter:data1\" content=\"3 minutos\" \/>\n<!-- \/ Yoast SEO plugin. -->","yoast_head_json":{"title":"Agregue el complemento Yelp Reviews a su sitio web jQuery (2025)","description":"Es absolutamente sencillo crear su widget de Rese\u00f1as de Yelp y mostrarlo en su sitio web jQuery. El servicio al cliente de Elfsight es gratuito.","robots":{"index":"index","follow":"follow","max-snippet":"max-snippet:-1","max-image-preview":"max-image-preview:large","max-video-preview":"max-video-preview:-1"},"canonical":"https:\/\/elfsight.com\/es\/yelp-reviews-widget\/jquery\/","og_locale":"es_ES","og_type":"article","og_title":"Agregue el complemento Yelp Reviews a su sitio web jQuery (2025)","og_description":"Es absolutamente sencillo crear su widget de Rese\u00f1as de Yelp y mostrarlo en su sitio web jQuery. El servicio al cliente de Elfsight es gratuito.","og_url":"https:\/\/elfsight.com\/es\/yelp-reviews-widget\/jquery\/","og_site_name":"Elfsight ES","article_modified_time":"2025-02-06T15:58:28+00:00","twitter_card":"summary_large_image","twitter_misc":{"Tiempo de lectura":"3 minutos"},"schema":{"@context":"https:\/\/schema.org","@graph":[{"@type":"WebPage","@id":"https:\/\/elfsight.com\/es\/yelp-reviews-widget\/jquery\/","url":"https:\/\/elfsight.com\/es\/yelp-reviews-widget\/jquery\/","name":"Agregue el complemento Yelp Reviews a su sitio web jQuery (2025)","isPartOf":{"@id":"https:\/\/elfsight.com\/es\/#website"},"datePublished":"1970-01-01T00:00:00+00:00","dateModified":"2025-02-06T15:58:28+00:00","description":"Es absolutamente sencillo crear su widget de Rese\u00f1as de Yelp y mostrarlo en su sitio web jQuery. El servicio al cliente de Elfsight es gratuito.","breadcrumb":{"@id":"https:\/\/elfsight.com\/es\/yelp-reviews-widget\/jquery\/#breadcrumb"},"inLanguage":"es","potentialAction":[{"@type":"ReadAction","target":["https:\/\/elfsight.com\/es\/yelp-reviews-widget\/jquery\/"]}]},{"@type":"BreadcrumbList","@id":"https:\/\/elfsight.com\/es\/yelp-reviews-widget\/jquery\/#breadcrumb","itemListElement":[{"@type":"ListItem","position":1,"name":"Home","item":"https:\/\/elfsight.com\/es\/"},{"@type":"ListItem","position":2,"name":"Yelp Reviews","item":"https:\/\/elfsight.com\/es\/yelp-reviews-widget\/"},{"@type":"ListItem","position":3,"name":"Yelp Reviews &#8211; jQuery"}]},{"@type":"WebSite","@id":"https:\/\/elfsight.com\/es\/#website","url":"https:\/\/elfsight.com\/es\/","name":"Elfsight ES","description":"Just another Elfsight Sites site","potentialAction":[{"@type":"SearchAction","target":{"@type":"EntryPoint","urlTemplate":"https:\/\/elfsight.com\/es\/?s={search_term_string}"},"query-input":{"@type":"PropertyValueSpecification","valueRequired":true,"valueName":"search_term_string"}}],"inLanguage":"es"}]}},"meta_box":{"industry":"","seo_heading":"","heading":"","description":"","cta_heading":"","cta_description":"","application":"1317","h1":"Complemento jQuery Yelp Rese\u00f1as","h1_caption":"Muestre las opiniones de los clientes desde Yelp para generar credibilidad y proporcionar pruebas sociales para su negocio en su sitio web jQuery sin esfuerzo.","application_category":[],"applications_title":"","applications_request_title":"","applications_request_button_text":"","hero_text":"","hero_video":"","hero_video_schema_markup":"","selling_points_title":"","selling_points_caption":"","selling_points":[],"selling_points_cta_text":"","features_title":"","features":"","ed_cta_examples_text":"","ed_cta_examples_hidden":"","ed_cta_demo_text":"","ed_cta_demo_hidden":"","why_caption":"","why_editor_title":"","why_editor_text":"","why_team_title":"","why_team_text":"","why_service_title":"","why_service_text":"","template_catalog_visible":"","template_catalog_title":"","template_catalog_text":"","template_catalog_categories_visible":"","demo_title":"Crea tu complemento de Rese\u00f1as de Yelp","demo_caption":"\u00a1Configure sus rese\u00f1as de Yelp y agr\u00e9guelas a su sitio web jQuery gratis!","default_faq_hidden":"","app_template_category":[],"platform":"76","template_public_id":"","codecanyon_url":"","codecanyon_item_id":"","codecanyon_price":"","pricing_caption":"","pricing_elfsight_apps_hide_column":"","pricing_elfsight_apps_url":"","pricing_codecanyon_price_caption":"","integration_category":[],"integration_request_title":"","integration_request_cta":"","integration_platform":"","integrations":[],"platform_category":[],"video_schema_markup":"","price":"desde $0 \/ mes","trial":"","benefits":[{"text":"Servicio de instalaci\u00f3n gratuito"},{"text":"Atenci\u00f3n al cliente experimentada"},{"text":"Garant\u00eda de devoluci\u00f3n de dinero de 14 d\u00edas"},{"text":"Actualizaciones peri\u00f3dicas"}],"button_url":"#demo","button_target_blank":"","button_nofollow":"","attributes":[{"name":"Instalaciones","content":"10,000 - 100,000"},{"name":"Sensible","content":"S\u00ed"},{"name":"Navegadores compatibles","content":"Firefox, Safari, Opera, Chrome, Edge"}],"tags":[],"tags_disable_links":"","hide_more_platforms":"","video_object":"","demo_hide_cta":"","demo_hide_cloud_options":"","pricing_title":"","pricing":[{"pricing_icon":"platform","pricing_title":"Elfsight Apps","pricing_title_caption":"Soluci\u00f3n digital independiente de la plataforma que funciona en cualquier sitio","pricing_price":"desde $0 \/ mes","pricing_price_caption":"comienza con un plan gratuito","pricing_benefits":[{"text":"Dominios ilimitados"},{"text":"Atenci\u00f3n al cliente r\u00e1pida"},{"text":"Ayuda de instalaci\u00f3n gratuita"},{"text":"100% personalizable"}],"pricing_button_text":"A\u00f1adir al sitio web","pricing_button_url":"#demo"}],"related_apps_title":"","related_apps_hidden":"","author":"","image":[],"title":"","job":"","social_networks":[]},"_links":{"self":[{"href":"https:\/\/elfsight.com\/es\/wp-json\/wp\/v2\/pages\/7341","targetHints":{"allow":["GET"]}}],"collection":[{"href":"https:\/\/elfsight.com\/es\/wp-json\/wp\/v2\/pages"}],"about":[{"href":"https:\/\/elfsight.com\/es\/wp-json\/wp\/v2\/types\/page"}],"author":[{"embeddable":true,"href":"https:\/\/elfsight.com\/es\/wp-json\/wp\/v2\/users\/9"}],"replies":[{"embeddable":true,"href":"https:\/\/elfsight.com\/es\/wp-json\/wp\/v2\/comments?post=7341"}],"version-history":[{"count":2,"href":"https:\/\/elfsight.com\/es\/wp-json\/wp\/v2\/pages\/7341\/revisions"}],"predecessor-version":[{"id":18980,"href":"https:\/\/elfsight.com\/es\/wp-json\/wp\/v2\/pages\/7341\/revisions\/18980"}],"up":[{"embeddable":true,"href":"https:\/\/elfsight.com\/es\/wp-json\/wp\/v2\/pages\/1318"}],"wp:attachment":[{"href":"https:\/\/elfsight.com\/es\/wp-json\/wp\/v2\/media?parent=7341"}],"curies":[{"name":"wp","href":"https:\/\/api.w.org\/{rel}","templated":true}]}}