{"id":7339,"date":"1970-01-01T00:00:00","date_gmt":"1970-01-01T00:00:00","guid":{"rendered":"https:\/\/elfsight.com\/es\/?page_id=7339"},"modified":"2025-02-06T15:58:28","modified_gmt":"2025-02-06T15:58:28","slug":"jimdo","status":"publish","type":"page","link":"https:\/\/elfsight.com\/es\/yelp-reviews-widget\/jimdo\/","title":{"rendered":"Yelp Reviews &#8211; Jimdo"},"content":{"rendered":"<div class=\"application-platform-content-item-description application-platform-content-item\" id=\"description\" data-nav-section=\"description\"><h2>Descripci\u00f3n<\/h2> <p>Elfsight Yelp Reviews es un widget \u00fatil que le brinda la posibilidad de mostrar las rese\u00f1as de sus acciones directamente en su sitio web desde todos los sitios de rese\u00f1as populares. Con nuestro widget, podr\u00e1 aplicar filtros para ocultar los testimonios no deseados, exponer su calificaci\u00f3n de estrellas y de cantidad directamente desde su p\u00e1gina en cualquier p\u00e1gina web de rese\u00f1as de negocios, agregar datos sobre los autores de las rese\u00f1as y adjuntar un bot\u00f3n de CTA que provocar\u00e1 que los usuarios escriban sus pensamientos. Nuestro widget de Rese\u00f1as de Yelp lo impulsar\u00e1 a revelar su excelente prueba social directamente en el sitio web y comenzar a recibir m\u00e1s compras nuevas. <\/p><p><b>\u00a1Intenta utilizar Rese\u00f1as de Yelp para simplificar tus desaf\u00edos de comercio electr\u00f3nico! <\/b><\/p> <\/div> <div class=\"application-platform-content-item-features application-platform-content-item\" id=\"features\" data-nav-section=\"features\"> <h2>Las funciones m\u00e1s importantes del widget contienen<\/h2> <ul><li>Insertar rese\u00f1as de clientes desde la p\u00e1gina de Yelp<\/li><li>3 tipos de filtros: por tipo, excluir por y cantidad de rese\u00f1as<\/li><li>Cuatro tipos de dise\u00f1o: Cuadr\u00edcula, Masoner\u00eda, Lista y Control deslizante<\/li><li>Arrastra la navegaci\u00f3n y tipos de flechas en el dise\u00f1o del control deslizante<\/li><li>Establezca la velocidad de la diapositiva y la velocidad de reproducci\u00f3n autom\u00e1tica<\/li><li>Seleccione el tipo de paginaci\u00f3n en el dise\u00f1o del control deslizante<\/li><li>Bot\u00f3n CTA para obtener rese\u00f1as de nuevos usuarios en la p\u00e1gina de Yelp<\/li><li>Tres plantillas de rese\u00f1as: Cl\u00e1sica, Destacada y Burbuja<\/li><li>Seis elementos flexibles de las rese\u00f1as: recomendaci\u00f3n y foto, calificaci\u00f3n de estrellas, \u00edcono de Yelp, fecha y nombre del autor<\/li><li>Una opci\u00f3n para cambiar el tama\u00f1o de fuente del texto de la rese\u00f1a<\/li><\/ul><p><a href=\"#demo\">Puedes probar la funcionalidad completa del widget en la demostraci\u00f3n ahora mismo<\/a><\/p> <\/div> <div class=\"application-platform-content-item-installation application-platform-content-item\" id=\"installation\" data-nav-section=\"installation\"> <h2>\u00bfC\u00f3mo insertar rese\u00f1as de Yelp en mi p\u00e1gina web de Jimdo? <\/h2> <p>Simplemente siga varios pasos que se presentan a continuaci\u00f3n para comenzar a usar el widget. <\/p> <ol><li><b>Inicie nuestro configurador gratuito y comience a crear su widget \u00fanico. <\/b><br> Determine la forma y funcionalidad adecuadas de la herramienta y guarde las ediciones. <\/li> <li><b>Haga que su c\u00f3digo \u00fanico aparezca en la ventana de Elfsight Apps. <\/b><br> Una vez finalizada la generaci\u00f3n de tu widget, copia el c\u00f3digo exclusivo en el popup que aparece y gu\u00e1rdalo para futuras ocasiones. <\/li> <li><b>Comienza a utilizar la herramienta en tu sitio web Jimdo. <\/b><br>Incrusta el c\u00f3digo que guardaste anteriormente en tu sitio web y aplica los ajustes. <\/li> <li><b>La configuraci\u00f3n finaliz\u00f3 exitosamente. <\/b><br> Vaya a su sitio para examinar c\u00f3mo funciona la herramienta. <\/li><\/ol> <p>En caso de que tenga alguna dificultad, comun\u00edquese con nuestro personal de soporte. Nuestros especialistas estar\u00e1n encantados de ayudarte con todas las dudas que puedas tener sobre el producto. <\/p> <div class=\"faq\" data-component=\"FAQ\"> <div class=\"faq-item\">\r\n\t\t\t\t\t<div class=\"faq-item-question\">\r\n\t\t\t\t\t\t<h3 class=\"faq-item-question-text\">\u00bfC\u00f3mo agregar Rese\u00f1as de Yelp a mi sitio web Jimdo sin conocimientos de codificaci\u00f3n?<\/h3>\r\n\r\n\t\t\t\t\t\t<div class=\"faq-item-question-icon\"><\/div>\r\n\t\t\t\t\t<\/div>\r\n\r\n\t\t\t\t\t<div class=\"faq-item-answer\">\r\n\t\t\t\t\t\t<div class=\"faq-item-answer-text\"> <p>Elfsight proporciona una soluci\u00f3n SaaS que te permite crear un widget Rese\u00f1as de Yelp t\u00fa mismo. Mira lo f\u00e1cil que es el proceso: trabaja directamente en el editor en l\u00ednea para crear un widget Rese\u00f1as de Yelp que te gustar\u00eda ver en tu sitio web Jimdo. Elija una de las plantillas predise\u00f1adas y ajuste la configuraci\u00f3n de Rese\u00f1as de Yelp, agregue su contenido, cambie el dise\u00f1o y la combinaci\u00f3n de colores sin conocimientos de codificaci\u00f3n. Guarde las rese\u00f1as de Yelp y copie su c\u00f3digo de instalaci\u00f3n, que puede insertar f\u00e1cilmente en su sitio web Jimdo sin necesidad de comprar una versi\u00f3n paga. Con nuestro editor intuitivo, cualquier usuario de Internet puede crear rese\u00f1as desde el widget de Yelp en l\u00ednea e incrustarlo f\u00e1cilmente en su sitio web Jimdo. No es necesario pagar ni ingresar las credenciales de su tarjeta para acceder al servicio. Si tiene alg\u00fan problema en cualquier paso, no dude en ponerse en contacto con nuestro equipo de soporte t\u00e9cnico.<\/p> <\/div>\r\n\t\t\t\t\t<\/div>\r\n\t\t\t\t<\/div> <\/div> <\/div>","protected":false},"excerpt":{"rendered":"","protected":false},"author":9,"featured_media":0,"parent":1318,"menu_order":0,"comment_status":"closed","ping_status":"closed","template":"templates\/template-application-platform.php","meta":{"publish_to_discourse":"","publish_post_category":"","wpdc_auto_publish_overridden":"","wpdc_topic_tags":"","wpdc_pin_topic":"","wpdc_pin_until":"","discourse_post_id":"","discourse_permalink":"","wpdc_publishing_response":"","wpdc_publishing_error":"","footnotes":""},"class_list":["post-7339","page","type-page","status-publish","hentry"],"yoast_head":"<!-- This site is optimized with the Yoast SEO plugin v25.3.1 - https:\/\/yoast.com\/wordpress\/plugins\/seo\/ -->\n<title>A\u00f1ade el widget de Rese\u00f1as de Yelp a tu sitio web Jimdo (en 2 minutos)<\/title>\n<meta name=\"description\" content=\"Es muy sencillo crear tu widget de Rese\u00f1as de Yelp y a\u00f1adirlo al sitio web de Jimdo. La atenci\u00f3n al cliente de Elfsight es gratuita.\" \/>\n<meta name=\"robots\" content=\"index, follow, max-snippet:-1, max-image-preview:large, max-video-preview:-1\" \/>\n<link rel=\"canonical\" href=\"https:\/\/elfsight.com\/es\/yelp-reviews-widget\/jimdo\/\" \/>\n<meta property=\"og:locale\" content=\"es_ES\" \/>\n<meta property=\"og:type\" content=\"article\" \/>\n<meta property=\"og:title\" content=\"A\u00f1ade el widget de Rese\u00f1as de Yelp a tu sitio web Jimdo (en 2 minutos)\" \/>\n<meta property=\"og:description\" content=\"Es muy sencillo crear tu widget de Rese\u00f1as de Yelp y a\u00f1adirlo al sitio web de Jimdo. La atenci\u00f3n al cliente de Elfsight es gratuita.\" \/>\n<meta property=\"og:url\" content=\"https:\/\/elfsight.com\/es\/yelp-reviews-widget\/jimdo\/\" \/>\n<meta property=\"og:site_name\" content=\"Elfsight ES\" \/>\n<meta property=\"article:modified_time\" content=\"2025-02-06T15:58:28+00:00\" \/>\n<meta name=\"twitter:card\" content=\"summary_large_image\" \/>\n<meta name=\"twitter:label1\" content=\"Tiempo de lectura\" \/>\n\t<meta name=\"twitter:data1\" content=\"3 minutos\" \/>\n<!-- \/ Yoast SEO plugin. -->","yoast_head_json":{"title":"A\u00f1ade el widget de Rese\u00f1as de Yelp a tu sitio web Jimdo (en 2 minutos)","description":"Es muy sencillo crear tu widget de Rese\u00f1as de Yelp y a\u00f1adirlo al sitio web de Jimdo. La atenci\u00f3n al cliente de Elfsight es gratuita.","robots":{"index":"index","follow":"follow","max-snippet":"max-snippet:-1","max-image-preview":"max-image-preview:large","max-video-preview":"max-video-preview:-1"},"canonical":"https:\/\/elfsight.com\/es\/yelp-reviews-widget\/jimdo\/","og_locale":"es_ES","og_type":"article","og_title":"A\u00f1ade el widget de Rese\u00f1as de Yelp a tu sitio web Jimdo (en 2 minutos)","og_description":"Es muy sencillo crear tu widget de Rese\u00f1as de Yelp y a\u00f1adirlo al sitio web de Jimdo. La atenci\u00f3n al cliente de Elfsight es gratuita.","og_url":"https:\/\/elfsight.com\/es\/yelp-reviews-widget\/jimdo\/","og_site_name":"Elfsight ES","article_modified_time":"2025-02-06T15:58:28+00:00","twitter_card":"summary_large_image","twitter_misc":{"Tiempo de lectura":"3 minutos"},"schema":{"@context":"https:\/\/schema.org","@graph":[{"@type":"WebPage","@id":"https:\/\/elfsight.com\/es\/yelp-reviews-widget\/jimdo\/","url":"https:\/\/elfsight.com\/es\/yelp-reviews-widget\/jimdo\/","name":"A\u00f1ade el widget de Rese\u00f1as de Yelp a tu sitio web Jimdo (en 2 minutos)","isPartOf":{"@id":"https:\/\/elfsight.com\/es\/#website"},"datePublished":"1970-01-01T00:00:00+00:00","dateModified":"2025-02-06T15:58:28+00:00","description":"Es muy sencillo crear tu widget de Rese\u00f1as de Yelp y a\u00f1adirlo al sitio web de Jimdo. La atenci\u00f3n al cliente de Elfsight es gratuita.","breadcrumb":{"@id":"https:\/\/elfsight.com\/es\/yelp-reviews-widget\/jimdo\/#breadcrumb"},"inLanguage":"es","potentialAction":[{"@type":"ReadAction","target":["https:\/\/elfsight.com\/es\/yelp-reviews-widget\/jimdo\/"]}]},{"@type":"BreadcrumbList","@id":"https:\/\/elfsight.com\/es\/yelp-reviews-widget\/jimdo\/#breadcrumb","itemListElement":[{"@type":"ListItem","position":1,"name":"Home","item":"https:\/\/elfsight.com\/es\/"},{"@type":"ListItem","position":2,"name":"Yelp Reviews","item":"https:\/\/elfsight.com\/es\/yelp-reviews-widget\/"},{"@type":"ListItem","position":3,"name":"Yelp Reviews &#8211; Jimdo"}]},{"@type":"WebSite","@id":"https:\/\/elfsight.com\/es\/#website","url":"https:\/\/elfsight.com\/es\/","name":"Elfsight ES","description":"Just another Elfsight Sites site","potentialAction":[{"@type":"SearchAction","target":{"@type":"EntryPoint","urlTemplate":"https:\/\/elfsight.com\/es\/?s={search_term_string}"},"query-input":{"@type":"PropertyValueSpecification","valueRequired":true,"valueName":"search_term_string"}}],"inLanguage":"es"}]}},"meta_box":{"industry":"","seo_heading":"","heading":"","description":"","cta_heading":"","cta_description":"","application":"1317","h1":"Widget de rese\u00f1as de Jimdo Yelp","h1_caption":"Muestre las opiniones de los clientes en Yelp para generar credibilidad y proporcionar pruebas sociales para su negocio en su sitio web Jimdo sin esfuerzo.","application_category":[],"applications_title":"","applications_request_title":"","applications_request_button_text":"","hero_text":"","hero_video":"","hero_video_schema_markup":"","selling_points_title":"","selling_points_caption":"","selling_points":[],"selling_points_cta_text":"","features_title":"","features":"","ed_cta_examples_text":"","ed_cta_examples_hidden":"","ed_cta_demo_text":"","ed_cta_demo_hidden":"","why_caption":"","why_editor_title":"","why_editor_text":"","why_team_title":"","why_team_text":"","why_service_title":"","why_service_text":"","template_catalog_visible":"","template_catalog_title":"","template_catalog_text":"","template_catalog_categories_visible":"","demo_title":"Crea tu widget de Rese\u00f1as de Yelp","demo_caption":"\u00a1Configura tus Rese\u00f1as de Yelp y a\u00f1\u00e1delas a tu sitio web Jimdo gratis!","default_faq_hidden":"","app_template_category":[],"platform":"2198","template_public_id":"","codecanyon_url":"","codecanyon_item_id":"","codecanyon_price":"","pricing_caption":"","pricing_elfsight_apps_hide_column":"","pricing_elfsight_apps_url":"","pricing_codecanyon_price_caption":"","integration_category":[],"integration_request_title":"","integration_request_cta":"","integration_platform":"","integrations":[],"platform_category":[],"video_schema_markup":"","price":"desde $0 \/ mes","trial":"","benefits":[{"text":"Servicio de instalaci\u00f3n gratuito"},{"text":"Servicio al cliente profesional"},{"text":"Garant\u00eda de reembolso de 14 d\u00edas"},{"text":"Actualizando constantemente"}],"button_url":"#demo","button_target_blank":"","button_nofollow":"","attributes":[{"name":"Instalaciones","content":"10,000 - 100,000"},{"name":"Sensible","content":"S\u00ed"},{"name":"Navegadores compatibles","content":"Firefox, Safari, Opera, Chrome, Edge"}],"tags":[],"tags_disable_links":"","hide_more_platforms":"","video_object":"","demo_hide_cta":"","demo_hide_cloud_options":"","pricing_title":"","pricing":[{"pricing_icon":"platform","pricing_title":"Elfsight Apps","pricing_title_caption":"Software multiplataforma","pricing_price":"desde $0 \/ mes","pricing_price_caption":"comienza con un plan gratuito","pricing_benefits":[{"text":"Sitios web ilimitados"},{"text":"Soporte profesional y puntual"},{"text":"Asistencia de instalaci\u00f3n gratuita"},{"text":"Totalmente personalizable"}],"pricing_button_text":"A\u00f1adir al sitio web","pricing_button_url":"#demo"}],"related_apps_title":"","related_apps_hidden":"","author":"","image":[],"title":"","job":"","social_networks":[]},"_links":{"self":[{"href":"https:\/\/elfsight.com\/es\/wp-json\/wp\/v2\/pages\/7339","targetHints":{"allow":["GET"]}}],"collection":[{"href":"https:\/\/elfsight.com\/es\/wp-json\/wp\/v2\/pages"}],"about":[{"href":"https:\/\/elfsight.com\/es\/wp-json\/wp\/v2\/types\/page"}],"author":[{"embeddable":true,"href":"https:\/\/elfsight.com\/es\/wp-json\/wp\/v2\/users\/9"}],"replies":[{"embeddable":true,"href":"https:\/\/elfsight.com\/es\/wp-json\/wp\/v2\/comments?post=7339"}],"version-history":[{"count":2,"href":"https:\/\/elfsight.com\/es\/wp-json\/wp\/v2\/pages\/7339\/revisions"}],"predecessor-version":[{"id":18982,"href":"https:\/\/elfsight.com\/es\/wp-json\/wp\/v2\/pages\/7339\/revisions\/18982"}],"up":[{"embeddable":true,"href":"https:\/\/elfsight.com\/es\/wp-json\/wp\/v2\/pages\/1318"}],"wp:attachment":[{"href":"https:\/\/elfsight.com\/es\/wp-json\/wp\/v2\/media?parent=7339"}],"curies":[{"name":"wp","href":"https:\/\/api.w.org\/{rel}","templated":true}]}}