{"id":7333,"date":"1970-01-01T00:00:00","date_gmt":"1970-01-01T00:00:00","guid":{"rendered":"https:\/\/elfsight.com\/es\/?page_id=7333"},"modified":"2025-02-06T15:58:53","modified_gmt":"2025-02-06T15:58:53","slug":"html","status":"publish","type":"page","link":"https:\/\/elfsight.com\/es\/yelp-reviews-widget\/html\/","title":{"rendered":"Yelp Reviews &#8211; HTML"},"content":{"rendered":"<div class=\"application-platform-content-item-description application-platform-content-item\" id=\"description\" data-nav-section=\"description\"> <h2>Descripci\u00f3n<\/h2> <p>Si desea mostrar la alta valoraci\u00f3n de los usuarios y convencer a los visitantes del sitio de que vale la pena gastar dinero en sus ofertas, Elfsight Yelp Reviews es adecuado para usted. Con esta herramienta, puede mostrar las rese\u00f1as de los clientes de Yelp en su sitio con informaci\u00f3n sobre sus autores, ordenarlas para mostrar solo las buenas, agregar calificaciones y un bot\u00f3n de redireccionamiento que llevar\u00e1 a los usuarios a su p\u00e1gina de Yelp, para que puedan escribir una nueva rese\u00f1a. <\/p><div class=\"faq\" data-component=\"FAQ\"> <div class=\"faq-item\">\r\n\t\t\t\t\t<div class=\"faq-item-question\">\r\n\t\t\t\t\t\t<h3 class=\"faq-item-question-text\">\u00bfD\u00f3nde puedo instalar este complemento?<\/h3>\r\n\r\n\t\t\t\t\t\t<div class=\"faq-item-question-icon\"><\/div>\r\n\t\t\t\t\t<\/div>\r\n\r\n\t\t\t\t\t<div class=\"faq-item-answer\">\r\n\t\t\t\t\t\t<div class=\"faq-item-answer-text\"> <p>Puede pegar el widget en cualquier p\u00e1gina de su sitio o colocarlo en la plantilla del sitio, para que se muestre en todas las p\u00e1ginas. Las rese\u00f1as pueden ser efectivas en las p\u00e1ginas de productos o en la p\u00e1gina Acerca de nosotros, los lugares donde desea demostrar su alta calificaci\u00f3n. <\/p><\/div>\r\n\t\t\t\t\t<\/div>\r\n\t\t\t\t<\/div> <div class=\"faq-item\">\r\n\t\t\t\t\t<div class=\"faq-item-question\">\r\n\t\t\t\t\t\t<h3 class=\"faq-item-question-text\">\u00bfC\u00f3mo me beneficiar\u00eda este complemento? <\/h3>\r\n\r\n\t\t\t\t\t\t<div class=\"faq-item-question-icon\"><\/div>\r\n\t\t\t\t\t<\/div>\r\n\r\n\t\t\t\t\t<div class=\"faq-item-answer\">\r\n\t\t\t\t\t\t<div class=\"faq-item-answer-text\"> <p>Las rese\u00f1as de personas reales son m\u00e1ximamente cre\u00edbles para los usuarios de su sitio y les muestran que se puede confiar en su empresa. Las calificaciones altas y las cr\u00edticas positivas pueden ayudar a aumentar las compras en su sitio. M\u00e1s a\u00fan, el bot\u00f3n de redireccionamiento contribuir\u00e1 a tener m\u00e1s opiniones de clientes relacionadas con su negocio en Yelp. <\/p> <\/div>\r\n\t\t\t\t\t<\/div>\r\n\t\t\t\t<\/div> <div class=\"faq-item\">\r\n\t\t\t\t\t<div class=\"faq-item-question\">\r\n\t\t\t\t\t\t<h3 class=\"faq-item-question-text\">\u00bfQu\u00e9 necesito para insertar rese\u00f1as del widget de Yelp en mi sitio web HTML? <\/h3>\r\n\r\n\t\t\t\t\t\t<div class=\"faq-item-question-icon\"><\/div>\r\n\t\t\t\t\t<\/div>\r\n\r\n\t\t\t\t\t<div class=\"faq-item-answer\">\r\n\t\t\t\t\t\t<div class=\"faq-item-answer-text\"> <p>Se necesitan un par de minutos para comenzar a usar el widget. La instalaci\u00f3n es muy r\u00e1pida, gratuita y sin codificaci\u00f3n. <\/p> <p>Puedes introducir el widget en tu sitio a trav\u00e9s de nuestro servicio. Para ello, consulte una breve descripci\u00f3n en esta p\u00e1gina. <\/p><\/div>\r\n\t\t\t\t\t<\/div>\r\n\t\t\t\t<\/div> <\/div> <\/div> <div class=\"application-platform-content-item-features application-platform-content-item\" id=\"features\" data-nav-section=\"features\"> <h2>Caracter\u00edsticas<\/h2> <p>Para tener una idea completa del widget, puedes estudiar la lista de sus funciones principales. Hacen que este widget sea m\u00e1s eficiente para su negocio: <\/p> <ul> <li>Tres filtros predefinidos: por tipo, excluir por y cantidad de rese\u00f1as para mostrar; <\/li> <li>Cuatro dise\u00f1os predefinidos: Lista, Cuadr\u00edcula, Mamposter\u00eda y Control deslizante; <\/li> <li>Una opci\u00f3n para controlar la visualizaci\u00f3n del encabezado del widget; <\/li> <li>El bot\u00f3n para solicitar una rese\u00f1a dirige a las personas a la p\u00e1gina de Yelp; <\/li> <li>Seis elementos flexibles de las rese\u00f1as: nombre y foto del autor, texto de recomendaci\u00f3n, fecha, \u00edcono de Yelp y calificaci\u00f3n de estrellas; <\/li> <li>Dos opciones de escenarios despu\u00e9s del rechazo de la solicitud de revisi\u00f3n: mostrar un mensaje personalizado o eliminar el bot\u00f3n. <\/li> <\/ul><p><a href=\"#demo\">Nuestra demostraci\u00f3n le abrir\u00e1 m\u00e1s funciones<\/a><\/p> <\/div> <div class=\"application-platform-content-item-installation application-platform-content-item\" id=\"installation\" data-nav-section=\"installation\"> <h2>Aprenda c\u00f3mo configurar las Rese\u00f1as de Yelp en su sitio web HTML. Es incre\u00edblemente f\u00e1cil<\/h2><div class=\"video-container\"><iframe width=\"720\" height=\"405\" src=\"https:\/\/www.youtube.com\/embed\/sQ6JiiAwT2g\" frameborder=\"0\"><\/iframe><\/div><p>Los pasos a continuaci\u00f3n son lo \u00fanico que debe hacer para agregar el widget. <\/p> <ul><li><b>Genera tu widget de Yelp personalizado<\/b><br> Administrando nuestro editor gratuito, genera un complemento con un dise\u00f1o y funcionalidad preferibles. <\/li><li><b>Copia el c\u00f3digo individual para publicar el widget<\/b><br> Despu\u00e9s de haber personalizado tu widget, obtendr\u00e1s el c\u00f3digo individual de la ventana emergente en Elfsight Apps. C\u00f3pialo para usarlo m\u00e1s adelante. <\/li> <li><b>Integre el widget en su sitio web<\/b><br> Elija el \u00e1rea en la que desea mostrar el widget y agregue el c\u00f3digo copiado all\u00ed. Aplicar los cambios. <\/li> <li><b>\u00a1La configuraci\u00f3n se realiz\u00f3 correctamente! <\/b><br>Entra en la p\u00e1gina web, para echar un vistazo a tus rese\u00f1as. <\/li> <\/ul><p>\u00bfA\u00fan no te decides? \u00bfO tropez\u00f3 con algo? Simplemente env\u00ede una solicitud a nuestro departamento de atenci\u00f3n al cliente, le ayudaremos con cada problema. <\/p> <\/div>","protected":false},"excerpt":{"rendered":"","protected":false},"author":9,"featured_media":0,"parent":1318,"menu_order":0,"comment_status":"closed","ping_status":"closed","template":"templates\/template-application-platform.php","meta":{"publish_to_discourse":"","publish_post_category":"","wpdc_auto_publish_overridden":"","wpdc_topic_tags":"","wpdc_pin_topic":"","wpdc_pin_until":"","discourse_post_id":"","discourse_permalink":"","wpdc_publishing_response":"","wpdc_publishing_error":"","footnotes":""},"class_list":["post-7333","page","type-page","status-publish","hentry"],"yoast_head":"<!-- This site is optimized with the Yoast SEO plugin v25.3.1 - https:\/\/yoast.com\/wordpress\/plugins\/seo\/ -->\n<title>Agregue el widget de Rese\u00f1as de Yelp a su sitio web HTML (r\u00e1pido y f\u00e1cil)<\/title>\n<meta name=\"description\" content=\"Aqu\u00ed tienes la oportunidad de dise\u00f1ar un widget de rese\u00f1as de Yelp eficaz e incrustarlo en tu sitio web HTML. Disfrute del servicio de atenci\u00f3n al cliente gratuito y otras ventajas de Elfsight.\" \/>\n<meta name=\"robots\" content=\"index, follow, max-snippet:-1, max-image-preview:large, max-video-preview:-1\" \/>\n<link rel=\"canonical\" href=\"https:\/\/elfsight.com\/es\/yelp-reviews-widget\/html\/\" \/>\n<meta property=\"og:locale\" content=\"es_ES\" \/>\n<meta property=\"og:type\" content=\"article\" \/>\n<meta property=\"og:title\" content=\"Agregue el widget de Rese\u00f1as de Yelp a su sitio web HTML (r\u00e1pido y f\u00e1cil)\" \/>\n<meta property=\"og:description\" content=\"Aqu\u00ed tienes la oportunidad de dise\u00f1ar un widget de rese\u00f1as de Yelp eficaz e incrustarlo en tu sitio web HTML. Disfrute del servicio de atenci\u00f3n al cliente gratuito y otras ventajas de Elfsight.\" \/>\n<meta property=\"og:url\" content=\"https:\/\/elfsight.com\/es\/yelp-reviews-widget\/html\/\" \/>\n<meta property=\"og:site_name\" content=\"Elfsight ES\" \/>\n<meta property=\"article:modified_time\" content=\"2025-02-06T15:58:53+00:00\" \/>\n<meta name=\"twitter:card\" content=\"summary_large_image\" \/>\n<meta name=\"twitter:label1\" content=\"Tiempo de lectura\" \/>\n\t<meta name=\"twitter:data1\" content=\"3 minutos\" \/>\n<!-- \/ Yoast SEO plugin. -->","yoast_head_json":{"title":"Agregue el widget de Rese\u00f1as de Yelp a su sitio web HTML (r\u00e1pido y f\u00e1cil)","description":"Aqu\u00ed tienes la oportunidad de dise\u00f1ar un widget de rese\u00f1as de Yelp eficaz e incrustarlo en tu sitio web HTML. Disfrute del servicio de atenci\u00f3n al cliente gratuito y otras ventajas de Elfsight.","robots":{"index":"index","follow":"follow","max-snippet":"max-snippet:-1","max-image-preview":"max-image-preview:large","max-video-preview":"max-video-preview:-1"},"canonical":"https:\/\/elfsight.com\/es\/yelp-reviews-widget\/html\/","og_locale":"es_ES","og_type":"article","og_title":"Agregue el widget de Rese\u00f1as de Yelp a su sitio web HTML (r\u00e1pido y f\u00e1cil)","og_description":"Aqu\u00ed tienes la oportunidad de dise\u00f1ar un widget de rese\u00f1as de Yelp eficaz e incrustarlo en tu sitio web HTML. Disfrute del servicio de atenci\u00f3n al cliente gratuito y otras ventajas de Elfsight.","og_url":"https:\/\/elfsight.com\/es\/yelp-reviews-widget\/html\/","og_site_name":"Elfsight ES","article_modified_time":"2025-02-06T15:58:53+00:00","twitter_card":"summary_large_image","twitter_misc":{"Tiempo de lectura":"3 minutos"},"schema":{"@context":"https:\/\/schema.org","@graph":[{"@type":"WebPage","@id":"https:\/\/elfsight.com\/es\/yelp-reviews-widget\/html\/","url":"https:\/\/elfsight.com\/es\/yelp-reviews-widget\/html\/","name":"Agregue el widget de Rese\u00f1as de Yelp a su sitio web HTML (r\u00e1pido y f\u00e1cil)","isPartOf":{"@id":"https:\/\/elfsight.com\/es\/#website"},"datePublished":"1970-01-01T00:00:00+00:00","dateModified":"2025-02-06T15:58:53+00:00","description":"Aqu\u00ed tienes la oportunidad de dise\u00f1ar un widget de rese\u00f1as de Yelp eficaz e incrustarlo en tu sitio web HTML. Disfrute del servicio de atenci\u00f3n al cliente gratuito y otras ventajas de Elfsight.","breadcrumb":{"@id":"https:\/\/elfsight.com\/es\/yelp-reviews-widget\/html\/#breadcrumb"},"inLanguage":"es","potentialAction":[{"@type":"ReadAction","target":["https:\/\/elfsight.com\/es\/yelp-reviews-widget\/html\/"]}]},{"@type":"BreadcrumbList","@id":"https:\/\/elfsight.com\/es\/yelp-reviews-widget\/html\/#breadcrumb","itemListElement":[{"@type":"ListItem","position":1,"name":"Home","item":"https:\/\/elfsight.com\/es\/"},{"@type":"ListItem","position":2,"name":"Yelp Reviews","item":"https:\/\/elfsight.com\/es\/yelp-reviews-widget\/"},{"@type":"ListItem","position":3,"name":"Yelp Reviews &#8211; HTML"}]},{"@type":"WebSite","@id":"https:\/\/elfsight.com\/es\/#website","url":"https:\/\/elfsight.com\/es\/","name":"Elfsight ES","description":"Just another Elfsight Sites site","potentialAction":[{"@type":"SearchAction","target":{"@type":"EntryPoint","urlTemplate":"https:\/\/elfsight.com\/es\/?s={search_term_string}"},"query-input":{"@type":"PropertyValueSpecification","valueRequired":true,"valueName":"search_term_string"}}],"inLanguage":"es"}]}},"meta_box":{"industry":"","seo_heading":"","heading":"","description":"","cta_heading":"","cta_description":"","application":"1317","h1":"Widget HTML de rese\u00f1as de Yelp","h1_caption":"Muestre las opiniones de los clientes desde Yelp para generar credibilidad y proporcionar pruebas sociales para su negocio en su sitio web HTML sin esfuerzo.","application_category":[],"applications_title":"","applications_request_title":"","applications_request_button_text":"","hero_text":"","hero_video":"","hero_video_schema_markup":"","selling_points_title":"","selling_points_caption":"","selling_points":[],"selling_points_cta_text":"","features_title":"","features":"","ed_cta_examples_text":"","ed_cta_examples_hidden":"","ed_cta_demo_text":"","ed_cta_demo_hidden":"","why_caption":"","why_editor_title":"","why_editor_text":"","why_team_title":"","why_team_text":"","why_service_title":"","why_service_text":"","template_catalog_visible":"","template_catalog_title":"","template_catalog_text":"","template_catalog_categories_visible":"","demo_title":"Crea tu widget de Rese\u00f1as de Yelp","demo_caption":"\u00a1Configure sus rese\u00f1as de Yelp y agr\u00e9guelas a su sitio web HTML de forma gratuita!","default_faq_hidden":"","app_template_category":[],"platform":"70","template_public_id":"","codecanyon_url":"","codecanyon_item_id":"","codecanyon_price":"","pricing_caption":"","pricing_elfsight_apps_hide_column":"","pricing_elfsight_apps_url":"","pricing_codecanyon_price_caption":"","integration_category":[],"integration_request_title":"","integration_request_cta":"","integration_platform":"","integrations":[],"platform_category":[],"video_schema_markup":"","price":"desde $0 \/ mes","trial":"","benefits":[{"text":"Servicio de instalaci\u00f3n gratuito"},{"text":"Atenci\u00f3n al cliente profesional"},{"text":"Garant\u00eda de devoluci\u00f3n de dinero de 14 d\u00edas"},{"text":"Futuras actualizaciones gratuitas"}],"button_url":"#demo","button_target_blank":"","button_nofollow":"","attributes":[{"name":"Instalaciones","content":"10,000 - 100,000"},{"name":"Sensible","content":"S\u00ed"},{"name":"Navegadores compatibles","content":"Firefox, Safari, Opera, Chrome, Edge"}],"tags":[],"tags_disable_links":"","hide_more_platforms":"","video_object":"","demo_hide_cta":"","demo_hide_cloud_options":"","pricing_title":"","pricing":[{"pricing_icon":"platform","pricing_title":"Elfsight Apps","pricing_title_caption":"Software multiplataforma","pricing_price":"desde $0 \/ mes","pricing_price_caption":"comienza con el plan gratuito","pricing_benefits":[{"text":"Dominios ilimitados"},{"text":"Atenci\u00f3n al cliente 24 horas al d\u00eda, 7 d\u00edas a la semana"},{"text":"Soporte de instalaci\u00f3n gratuito"},{"text":"Gran oferta para m\u00faltiples aplicaciones"}],"pricing_button_text":"A\u00f1adir al sitio web","pricing_button_url":"#demo"}],"related_apps_title":"","related_apps_hidden":"","author":"","image":[],"title":"","job":"","social_networks":[]},"_links":{"self":[{"href":"https:\/\/elfsight.com\/es\/wp-json\/wp\/v2\/pages\/7333","targetHints":{"allow":["GET"]}}],"collection":[{"href":"https:\/\/elfsight.com\/es\/wp-json\/wp\/v2\/pages"}],"about":[{"href":"https:\/\/elfsight.com\/es\/wp-json\/wp\/v2\/types\/page"}],"author":[{"embeddable":true,"href":"https:\/\/elfsight.com\/es\/wp-json\/wp\/v2\/users\/9"}],"replies":[{"embeddable":true,"href":"https:\/\/elfsight.com\/es\/wp-json\/wp\/v2\/comments?post=7333"}],"version-history":[{"count":2,"href":"https:\/\/elfsight.com\/es\/wp-json\/wp\/v2\/pages\/7333\/revisions"}],"predecessor-version":[{"id":18984,"href":"https:\/\/elfsight.com\/es\/wp-json\/wp\/v2\/pages\/7333\/revisions\/18984"}],"up":[{"embeddable":true,"href":"https:\/\/elfsight.com\/es\/wp-json\/wp\/v2\/pages\/1318"}],"wp:attachment":[{"href":"https:\/\/elfsight.com\/es\/wp-json\/wp\/v2\/media?parent=7333"}],"curies":[{"name":"wp","href":"https:\/\/api.w.org\/{rel}","templated":true}]}}