{"id":7332,"date":"1970-01-01T00:00:00","date_gmt":"1970-01-01T00:00:00","guid":{"rendered":"https:\/\/elfsight.com\/es\/?page_id=7332"},"modified":"2025-02-06T15:58:53","modified_gmt":"2025-02-06T15:58:53","slug":"google-sites","status":"publish","type":"page","link":"https:\/\/elfsight.com\/es\/yelp-reviews-widget\/google-sites\/","title":{"rendered":"Yelp Reviews &#8211; Google Sites"},"content":{"rendered":"<div class=\"application-platform-content-item-description application-platform-content-item\" id=\"description\" data-nav-section=\"description\"> <h2>Incorporar rese\u00f1as de Yelp en sitios de Google con el widget de Elfsight<\/h2> <p>Elfsight Yelp Reviews es una herramienta sencilla que le ayudar\u00e1 a integrar en su sitio rese\u00f1as de usuarios de Yelp sobre sus productos o servicios. Con nuestro widget, tiene a su disposici\u00f3n varios filtros para ocultar rese\u00f1as no deseadas, demostrar sus calificaciones de estrellas y n\u00fameros de Yelp, mostrar informaci\u00f3n sobre los autores y colocar un bot\u00f3n que ayudar\u00e1 a los visitantes a publicar su rese\u00f1a en Yelp. El widget de Rese\u00f1as de Yelp de Elfsight le ayudar\u00e1 a mostrar su alta prueba social en su sitio y aumentar las ventas.<\/p> <p><b>\u00a1Inserte Rese\u00f1as de Yelp para afrontar sus desaf\u00edos de comercio electr\u00f3nico m\u00e1s f\u00e1cilmente! <\/b><\/p> <\/div> <div class=\"application-platform-content-item-features application-platform-content-item\" id=\"features\" data-nav-section=\"features\"> <h2>Ofrecemos funciones pr\u00e1cticas y sencillas, vea algunas de ellas: <\/h2> <ul> <li>Tres filtros predefinidos: por tipo, excluir por y cantidad de rese\u00f1as para mostrar; <\/li> <li>Cuatro dise\u00f1os listos para usar: Lista, Cuadr\u00edcula, Mamposter\u00eda y Control deslizante; <\/li> <li>Una opci\u00f3n para activar\/desactivar el encabezado del widget; <\/li> <li>El bot\u00f3n activo para dejar una nueva rese\u00f1a lleva a los clientes a su p\u00e1gina de Yelp; <\/li> <li>6 elementos ajustables del widget: el nombre del autor y la imagen, texto de recomendaci\u00f3n, fecha de salida, \u00edcono de Yelp y calificaci\u00f3n de estrellas; <\/li> <li>Dos alternativas de escenarios de rechazo de solicitud de revisi\u00f3n: mostrar su mensaje o eliminar el bot\u00f3n. <\/li> <\/ul><p><a href=\"#demo\">Puedes conocer todas las capacidades del widget en la demostraci\u00f3n de esta p\u00e1gina<\/a><\/p> <\/div> <div class=\"application-platform-content-item-installation application-platform-content-item\" id=\"installation\" data-nav-section=\"installation\"> <h2>\u00bfC\u00f3mo puedo agregar rese\u00f1as de Yelp a mi sitio de Google Sites? <\/h2> <p>Simplemente siga un par de pasos que se describen a continuaci\u00f3n para comenzar a usar el widget. <\/p> <ol><li><b>Administra nuestro editor gratuito y comienza a darle forma a tu instrumento personalizado. <\/b><br> Encuentre la interfaz y las opciones preferibles del widget y guarde las correcciones. <\/li> <li><b>Obtenga el c\u00f3digo personal que se muestra en el formulario especial en Elfsight Apps. <\/b><br> Tan pronto como finalice la configuraci\u00f3n de su widget personal, copie el c\u00f3digo exclusivo de la ventana que aparece y gu\u00e1rdelo para necesitarlo m\u00e1s adelante. <\/li> <li><b>Empiece a utilizar el widget en su sitio de Google Sites. <\/b><br> Introduce el c\u00f3digo que has guardado recientemente en tu sitio web y aplica las modificaciones. <\/li> <li><b>\u00a1Ya terminaste! La integraci\u00f3n ha terminado por completo. <\/b><br> Vaya a su sitio para inspeccionar c\u00f3mo se est\u00e1 ejecutando el widget. <\/li><\/ol> <div class=\"tip-yellow tip\"><b>Debido a las peculiaridades del trabajo de Google Sites, el widget puede tener un aspecto diferente al de la demostraci\u00f3n en l\u00ednea. Nos disculpamos por cualquier inconveniente causado.<\/b><\/div><p>Con la condici\u00f3n de atender consultas o enfrentar algunas dificultades, no dude en comunicarse con nuestro personal de soporte. Nuestros consultores est\u00e1n ansiosos por ayudarlo con todos los problemas que pueda tener con la herramienta. <\/p><div class=\"faq\" data-component=\"FAQ\"> <div class=\"faq-item\">\r\n\t\t\t\t\t<div class=\"faq-item-question\">\r\n\t\t\t\t\t\t<h3 class=\"faq-item-question-text\">\u00bfC\u00f3mo puedo agregar Rese\u00f1as de Yelp a mi sitio web de Google Sites sin conocimientos de codificaci\u00f3n?<\/h3>\r\n\r\n\t\t\t\t\t\t<div class=\"faq-item-question-icon\"><\/div>\r\n\t\t\t\t\t<\/div>\r\n\r\n\t\t\t\t\t<div class=\"faq-item-answer\">\r\n\t\t\t\t\t\t<div class=\"faq-item-answer-text\"> <p>Elfsight proporciona una soluci\u00f3n SaaS que le permite crear un widget de Rese\u00f1as de Yelp usted mismo. Vea lo f\u00e1cil que es el proceso: trabaje directamente en el editor en l\u00ednea para crear un widget de Rese\u00f1as de Yelp que le gustar\u00eda ver en su sitio web de Google Sites. Elija una de las plantillas predise\u00f1adas y ajuste la configuraci\u00f3n de Rese\u00f1as de Yelp, agregue su contenido, cambie el dise\u00f1o y la combinaci\u00f3n de colores sin conocimientos de codificaci\u00f3n. Guarde las Rese\u00f1as de Yelp y copie su c\u00f3digo de instalaci\u00f3n, que puede incluir f\u00e1cilmente en su sitio web de Google Sites sin necesidad de comprar un plan pago. Con nuestro editor intuitivo, cualquier usuario de Internet puede crear rese\u00f1as desde el widget de Yelp en l\u00ednea e incrustarlo f\u00e1cilmente en su sitio web de Google Sites. No es necesario pagar ni ingresar las credenciales de su tarjeta para acceder al servicio. Si tiene alg\u00fan problema en cualquier paso, no dude en ponerse en contacto con nuestro equipo de soporte t\u00e9cnico.<\/p> <\/div>\r\n\t\t\t\t\t<\/div>\r\n\t\t\t\t<\/div> <\/div> <\/div>","protected":false},"excerpt":{"rendered":"","protected":false},"author":9,"featured_media":0,"parent":1318,"menu_order":0,"comment_status":"closed","ping_status":"closed","template":"templates\/template-application-platform.php","meta":{"publish_to_discourse":"","publish_post_category":"","wpdc_auto_publish_overridden":"","wpdc_topic_tags":"","wpdc_pin_topic":"","wpdc_pin_until":"","discourse_post_id":"","discourse_permalink":"","wpdc_publishing_response":"","wpdc_publishing_error":"","footnotes":""},"class_list":["post-7332","page","type-page","status-publish","hentry"],"yoast_head":"<!-- This site is optimized with the Yoast SEO plugin v25.3.1 - https:\/\/yoast.com\/wordpress\/plugins\/seo\/ -->\n<title>Rese\u00f1as de Yelp: agregue el widget Rese\u00f1as de Yelp a Google Sites (2025)<\/title>\n<meta name=\"description\" content=\"Incorpore un widget responsivo de Rese\u00f1as de Yelp en su sitio de Google Sites y consiga plena confianza. Utilice la pr\u00e1ctica demostraci\u00f3n de Elfsight para crear su caracter\u00edstica \u00fanica.\" \/>\n<meta name=\"robots\" content=\"index, follow, max-snippet:-1, max-image-preview:large, max-video-preview:-1\" \/>\n<link rel=\"canonical\" href=\"https:\/\/elfsight.com\/es\/yelp-reviews-widget\/google-sites\/\" \/>\n<meta property=\"og:locale\" content=\"es_ES\" \/>\n<meta property=\"og:type\" content=\"article\" \/>\n<meta property=\"og:title\" content=\"Rese\u00f1as de Yelp: agregue el widget Rese\u00f1as de Yelp a Google Sites (2025)\" \/>\n<meta property=\"og:description\" content=\"Incorpore un widget responsivo de Rese\u00f1as de Yelp en su sitio de Google Sites y consiga plena confianza. Utilice la pr\u00e1ctica demostraci\u00f3n de Elfsight para crear su caracter\u00edstica \u00fanica.\" \/>\n<meta property=\"og:url\" content=\"https:\/\/elfsight.com\/es\/yelp-reviews-widget\/google-sites\/\" \/>\n<meta property=\"og:site_name\" content=\"Elfsight ES\" \/>\n<meta property=\"article:modified_time\" content=\"2025-02-06T15:58:53+00:00\" \/>\n<meta name=\"twitter:card\" content=\"summary_large_image\" \/>\n<meta name=\"twitter:label1\" content=\"Tiempo de lectura\" \/>\n\t<meta name=\"twitter:data1\" content=\"4 minutos\" \/>\n<!-- \/ Yoast SEO plugin. -->","yoast_head_json":{"title":"Rese\u00f1as de Yelp: agregue el widget Rese\u00f1as de Yelp a Google Sites (2025)","description":"Incorpore un widget responsivo de Rese\u00f1as de Yelp en su sitio de Google Sites y consiga plena confianza. Utilice la pr\u00e1ctica demostraci\u00f3n de Elfsight para crear su caracter\u00edstica \u00fanica.","robots":{"index":"index","follow":"follow","max-snippet":"max-snippet:-1","max-image-preview":"max-image-preview:large","max-video-preview":"max-video-preview:-1"},"canonical":"https:\/\/elfsight.com\/es\/yelp-reviews-widget\/google-sites\/","og_locale":"es_ES","og_type":"article","og_title":"Rese\u00f1as de Yelp: agregue el widget Rese\u00f1as de Yelp a Google Sites (2025)","og_description":"Incorpore un widget responsivo de Rese\u00f1as de Yelp en su sitio de Google Sites y consiga plena confianza. Utilice la pr\u00e1ctica demostraci\u00f3n de Elfsight para crear su caracter\u00edstica \u00fanica.","og_url":"https:\/\/elfsight.com\/es\/yelp-reviews-widget\/google-sites\/","og_site_name":"Elfsight ES","article_modified_time":"2025-02-06T15:58:53+00:00","twitter_card":"summary_large_image","twitter_misc":{"Tiempo de lectura":"4 minutos"},"schema":{"@context":"https:\/\/schema.org","@graph":[{"@type":"WebPage","@id":"https:\/\/elfsight.com\/es\/yelp-reviews-widget\/google-sites\/","url":"https:\/\/elfsight.com\/es\/yelp-reviews-widget\/google-sites\/","name":"Rese\u00f1as de Yelp: agregue el widget Rese\u00f1as de Yelp a Google Sites (2025)","isPartOf":{"@id":"https:\/\/elfsight.com\/es\/#website"},"datePublished":"1970-01-01T00:00:00+00:00","dateModified":"2025-02-06T15:58:53+00:00","description":"Incorpore un widget responsivo de Rese\u00f1as de Yelp en su sitio de Google Sites y consiga plena confianza. Utilice la pr\u00e1ctica demostraci\u00f3n de Elfsight para crear su caracter\u00edstica \u00fanica.","breadcrumb":{"@id":"https:\/\/elfsight.com\/es\/yelp-reviews-widget\/google-sites\/#breadcrumb"},"inLanguage":"es","potentialAction":[{"@type":"ReadAction","target":["https:\/\/elfsight.com\/es\/yelp-reviews-widget\/google-sites\/"]}]},{"@type":"BreadcrumbList","@id":"https:\/\/elfsight.com\/es\/yelp-reviews-widget\/google-sites\/#breadcrumb","itemListElement":[{"@type":"ListItem","position":1,"name":"Home","item":"https:\/\/elfsight.com\/es\/"},{"@type":"ListItem","position":2,"name":"Yelp Reviews","item":"https:\/\/elfsight.com\/es\/yelp-reviews-widget\/"},{"@type":"ListItem","position":3,"name":"Yelp Reviews &#8211; Google Sites"}]},{"@type":"WebSite","@id":"https:\/\/elfsight.com\/es\/#website","url":"https:\/\/elfsight.com\/es\/","name":"Elfsight ES","description":"Just another Elfsight Sites site","potentialAction":[{"@type":"SearchAction","target":{"@type":"EntryPoint","urlTemplate":"https:\/\/elfsight.com\/es\/?s={search_term_string}"},"query-input":{"@type":"PropertyValueSpecification","valueRequired":true,"valueName":"search_term_string"}}],"inLanguage":"es"}]}},"meta_box":{"industry":"","seo_heading":"","heading":"","description":"","cta_heading":"","cta_description":"","application":"1317","h1":"Widget de rese\u00f1as de Yelp de Google Sites","h1_caption":"Muestre opiniones de clientes de Yelp para generar credibilidad y proporcionar pruebas sociales para su negocio en sus sitios de Google sin esfuerzo.","application_category":[],"applications_title":"","applications_request_title":"","applications_request_button_text":"","hero_text":"","hero_video":"","hero_video_schema_markup":"","selling_points_title":"","selling_points_caption":"","selling_points":[],"selling_points_cta_text":"","features_title":"","features":"","ed_cta_examples_text":"","ed_cta_examples_hidden":"","ed_cta_demo_text":"","ed_cta_demo_hidden":"","why_caption":"","why_editor_title":"","why_editor_text":"","why_team_title":"","why_team_text":"","why_service_title":"","why_service_text":"","template_catalog_visible":"","template_catalog_title":"","template_catalog_text":"","template_catalog_categories_visible":"","demo_title":"Crea tu widget de Rese\u00f1as de Yelp","demo_caption":"Configure sus Rese\u00f1as de Yelp y agr\u00e9guelas a su sitio web de Google Sites de forma gratuita.","default_faq_hidden":"","app_template_category":[],"platform":"67","template_public_id":"","codecanyon_url":"","codecanyon_item_id":"","codecanyon_price":"","pricing_caption":"","pricing_elfsight_apps_hide_column":"","pricing_elfsight_apps_url":"","pricing_codecanyon_price_caption":"","integration_category":[],"integration_request_title":"","integration_request_cta":"","integration_platform":"","integrations":[],"platform_category":[],"video_schema_markup":"","price":"desde $0 \/ mes","trial":"","benefits":[{"text":"Ayuda de instalaci\u00f3n gratuita"},{"text":"Atenci\u00f3n al cliente experimentada"},{"text":"Garant\u00eda de reembolso de 14 d\u00edas"},{"text":"Mejoras gratuitas continuas"}],"button_url":"#demo","button_target_blank":"","button_nofollow":"","attributes":[{"name":"Instalaciones","content":"10,000 - 100,000"},{"name":"Sensible","content":"Compatible con dispositivos m\u00f3viles"},{"name":"Navegadores compatibles","content":"Safari, Chrome, Firefox, Opera, Edge"}],"tags":[],"tags_disable_links":"","hide_more_platforms":"","video_object":"","demo_hide_cta":"","demo_hide_cloud_options":"","pricing_title":"","pricing":[{"pricing_icon":"platform","pricing_title":"Elfsight Apps","pricing_title_caption":"Versi\u00f3n multiplataforma que se adapta a cualquier sitio web","pricing_price":"desde $0 \/ mes","pricing_price_caption":"comienza con el plan gratuito","pricing_benefits":[{"text":"Dominios ilimitados"},{"text":"Soporte r\u00e1pido y puntual"},{"text":"Asistencia de instalaci\u00f3n gratuita"},{"text":"Oferta especial para m\u00faltiples aplicaciones."}],"pricing_button_text":"A\u00f1adir al sitio web","pricing_button_url":"#demo"}],"related_apps_title":"","related_apps_hidden":"","author":"","image":[],"title":"","job":"","social_networks":[]},"_links":{"self":[{"href":"https:\/\/elfsight.com\/es\/wp-json\/wp\/v2\/pages\/7332","targetHints":{"allow":["GET"]}}],"collection":[{"href":"https:\/\/elfsight.com\/es\/wp-json\/wp\/v2\/pages"}],"about":[{"href":"https:\/\/elfsight.com\/es\/wp-json\/wp\/v2\/types\/page"}],"author":[{"embeddable":true,"href":"https:\/\/elfsight.com\/es\/wp-json\/wp\/v2\/users\/9"}],"replies":[{"embeddable":true,"href":"https:\/\/elfsight.com\/es\/wp-json\/wp\/v2\/comments?post=7332"}],"version-history":[{"count":2,"href":"https:\/\/elfsight.com\/es\/wp-json\/wp\/v2\/pages\/7332\/revisions"}],"predecessor-version":[{"id":18985,"href":"https:\/\/elfsight.com\/es\/wp-json\/wp\/v2\/pages\/7332\/revisions\/18985"}],"up":[{"embeddable":true,"href":"https:\/\/elfsight.com\/es\/wp-json\/wp\/v2\/pages\/1318"}],"wp:attachment":[{"href":"https:\/\/elfsight.com\/es\/wp-json\/wp\/v2\/media?parent=7332"}],"curies":[{"name":"wp","href":"https:\/\/api.w.org\/{rel}","templated":true}]}}