{"id":7331,"date":"1970-01-01T00:00:00","date_gmt":"1970-01-01T00:00:00","guid":{"rendered":"https:\/\/elfsight.com\/es\/?page_id=7331"},"modified":"2025-02-06T15:58:53","modified_gmt":"2025-02-06T15:58:53","slug":"godaddy","status":"publish","type":"page","link":"https:\/\/elfsight.com\/es\/yelp-reviews-widget\/godaddy\/","title":{"rendered":"Yelp Reviews &#8211; GoDaddy"},"content":{"rendered":"<div class=\"application-platform-content-item-description application-platform-content-item\" id=\"description\" data-nav-section=\"description\"> <h2>Incrustar rese\u00f1as de Yelp en GoDaddy con el widget Elfsight<\/h2> <p>El complemento Elfsight Yelp Reviews para GoDaddy es una herramienta sencilla que le ayuda a insertar en el sitio rese\u00f1as sobre sus productos o servicios de los usuarios de Yelp. Con este complemento, puede usar filtros para clasificar rese\u00f1as no deseadas, revelar sus calificaciones de estrellas y n\u00fameros de Yelp, agregar informaci\u00f3n sobre los autores y agregar un bot\u00f3n que ayudar\u00e1 a los visitantes a dejar su rese\u00f1a en Yelp. El complemento Elfsight Yelp Reviews lo ayudar\u00e1 a presumir de su prueba social perfecta en el sitio y aumentar las ventas. <\/p> <p><b><\/b><\/p> <\/div> <div class=\"application-platform-content-item-features application-platform-content-item\" id=\"features\" data-nav-section=\"features\"> <h2>Las funciones del complemento m\u00e1s requeridas ofrecen<\/h2> <ul> <li>3 filtros disponibles: por tipo, excluir por y cantidad de rese\u00f1as para mostrar; <\/li> <li>Cuatro dise\u00f1os disponibles: Lista, Cuadr\u00edcula, Mamposter\u00eda y Control deslizante; <\/li> <li> Encabezado totalmente flexible del complemento; <\/li> <li>El bot\u00f3n de solicitud de revisi\u00f3n dirige a los visitantes a la p\u00e1gina de Yelp; <\/li> <li>Seis elementos ajustables de las rese\u00f1as: nombre del autor y foto, recomendaci\u00f3n, fecha en que se compartieron, \u00edcono de Yelp y calificaci\u00f3n de estrellas; <\/li> <li>Dos opciones de escenarios despu\u00e9s del rechazo de la solicitud de revisi\u00f3n: revelar un mensaje personalizado u ocultar el bot\u00f3n. <\/li> <\/ul><p><a href=\"#demo\">Pruebe esta demostraci\u00f3n para comprender la funcionalidad del complemento<\/a><\/p> <\/div> <div class=\"application-platform-content-item-installation application-platform-content-item\" id=\"installation\" data-nav-section=\"installation\"> <h2>\u00bfC\u00f3mo puedo agregar rese\u00f1as de Yelp a mi sitio web de GoDaddy? <\/h2> <p>Simplemente siga las instrucciones a continuaci\u00f3n para comenzar a utilizar la herramienta. <\/p> <ol><li><b>Abre nuestra demostraci\u00f3n gratuita y comienza a crear tu propio instrumento. <\/b><br> Elija la interfaz y los par\u00e1metros deseados del complemento y guarde las correcciones. <\/li> <li><b>Reciba su c\u00f3digo personal que aparece en el formulario especial de Elfsight Apps. <\/b><br> Tan pronto como se complete la creaci\u00f3n de su complemento personal, copie el c\u00f3digo personal de la ventana que aparece y gu\u00e1rdelo para su uso posterior. <\/li> <li><b>Comience a utilizar la herramienta en su p\u00e1gina de inicio de GoDaddy. <\/b><br>Implemente el c\u00f3digo que ha guardado anteriormente en su p\u00e1gina y guarde las mejoras. <\/li> <li><b>La instalaci\u00f3n se realiz\u00f3 exitosamente. <\/b><br> Vaya a su sitio web para ver el funcionamiento del complemento. <\/li><\/ol> <p>Si encuentra alg\u00fan obst\u00e1culo, comun\u00edquese con nuestro personal de servicio al cliente. Nuestros especialistas estar\u00e1n encantados de ayudarte con todas las dificultades que puedas tener con el producto. <\/p> <div class=\"faq\" data-component=\"FAQ\"> <div class=\"faq-item\">\r\n\t\t\t\t\t<div class=\"faq-item-question\">\r\n\t\t\t\t\t\t<h3 class=\"faq-item-question-text\">\u00bfC\u00f3mo agregar rese\u00f1as de Yelp a mi sitio web de GoDaddy sin conocimientos de codificaci\u00f3n?<\/h3>\r\n\r\n\t\t\t\t\t\t<div class=\"faq-item-question-icon\"><\/div>\r\n\t\t\t\t\t<\/div>\r\n\r\n\t\t\t\t\t<div class=\"faq-item-answer\">\r\n\t\t\t\t\t\t<div class=\"faq-item-answer-text\"> <p>Elfsight proporciona una soluci\u00f3n SaaS que le permite crear un widget de rese\u00f1as de Yelp usted mismo. Vea lo f\u00e1cil que es el proceso: trabaje directamente en el editor en l\u00ednea para crear un widget de rese\u00f1as de Yelp que le gustar\u00eda ver en su sitio web de GoDaddy. Elija una de las plantillas predise\u00f1adas y ajuste la configuraci\u00f3n de Rese\u00f1as de Yelp, agregue su contenido, cambie el dise\u00f1o y la combinaci\u00f3n de colores sin conocimientos de codificaci\u00f3n. Guarde las rese\u00f1as de Yelp y copie su c\u00f3digo de instalaci\u00f3n, que puede pegar f\u00e1cilmente en su sitio web de GoDaddy sin comprar una suscripci\u00f3n paga. Con nuestro editor intuitivo, cualquier usuario de Internet puede crear rese\u00f1as desde el widget de Yelp en l\u00ednea e incrustarlo f\u00e1cilmente en su sitio web GoDaddy. No es necesario pagar ni ingresar las credenciales de su tarjeta para acceder al servicio. Si tiene alg\u00fan problema en cualquier paso, no dude en ponerse en contacto con nuestro equipo de soporte t\u00e9cnico.<\/p> <\/div>\r\n\t\t\t\t\t<\/div>\r\n\t\t\t\t<\/div> <\/div> <\/div>","protected":false},"excerpt":{"rendered":"","protected":false},"author":9,"featured_media":0,"parent":1318,"menu_order":0,"comment_status":"closed","ping_status":"closed","template":"templates\/template-application-platform.php","meta":{"publish_to_discourse":"","publish_post_category":"","wpdc_auto_publish_overridden":"","wpdc_topic_tags":"","wpdc_pin_topic":"","wpdc_pin_until":"","discourse_post_id":"","discourse_permalink":"","wpdc_publishing_response":"","wpdc_publishing_error":"","footnotes":""},"class_list":["post-7331","page","type-page","status-publish","hentry"],"yoast_head":"<!-- This site is optimized with the Yoast SEO plugin v25.3.1 - https:\/\/yoast.com\/wordpress\/plugins\/seo\/ -->\n<title>Rese\u00f1as de Yelp: agregue el complemento Rese\u00f1as de Yelp a GoDaddy<\/title>\n<meta name=\"description\" content=\"\u00a1Construye tu complemento de Rese\u00f1as de Yelp para GoDaddy en unos sencillos pasos! \u00a1Ad\u00e1ptalo y comienza a recibir m\u00e1s cr\u00edticas positivas de inmediato!\" \/>\n<meta name=\"robots\" content=\"index, follow, max-snippet:-1, max-image-preview:large, max-video-preview:-1\" \/>\n<link rel=\"canonical\" href=\"https:\/\/elfsight.com\/es\/yelp-reviews-widget\/godaddy\/\" \/>\n<meta property=\"og:locale\" content=\"es_ES\" \/>\n<meta property=\"og:type\" content=\"article\" \/>\n<meta property=\"og:title\" content=\"Rese\u00f1as de Yelp: agregue el complemento Rese\u00f1as de Yelp a GoDaddy\" \/>\n<meta property=\"og:description\" content=\"\u00a1Construye tu complemento de Rese\u00f1as de Yelp para GoDaddy en unos sencillos pasos! \u00a1Ad\u00e1ptalo y comienza a recibir m\u00e1s cr\u00edticas positivas de inmediato!\" \/>\n<meta property=\"og:url\" content=\"https:\/\/elfsight.com\/es\/yelp-reviews-widget\/godaddy\/\" \/>\n<meta property=\"og:site_name\" content=\"Elfsight ES\" \/>\n<meta property=\"article:modified_time\" content=\"2025-02-06T15:58:53+00:00\" \/>\n<meta name=\"twitter:card\" content=\"summary_large_image\" \/>\n<meta name=\"twitter:label1\" content=\"Tiempo de lectura\" \/>\n\t<meta name=\"twitter:data1\" content=\"3 minutos\" \/>\n<!-- \/ Yoast SEO plugin. -->","yoast_head_json":{"title":"Rese\u00f1as de Yelp: agregue el complemento Rese\u00f1as de Yelp a GoDaddy","description":"\u00a1Construye tu complemento de Rese\u00f1as de Yelp para GoDaddy en unos sencillos pasos! \u00a1Ad\u00e1ptalo y comienza a recibir m\u00e1s cr\u00edticas positivas de inmediato!","robots":{"index":"index","follow":"follow","max-snippet":"max-snippet:-1","max-image-preview":"max-image-preview:large","max-video-preview":"max-video-preview:-1"},"canonical":"https:\/\/elfsight.com\/es\/yelp-reviews-widget\/godaddy\/","og_locale":"es_ES","og_type":"article","og_title":"Rese\u00f1as de Yelp: agregue el complemento Rese\u00f1as de Yelp a GoDaddy","og_description":"\u00a1Construye tu complemento de Rese\u00f1as de Yelp para GoDaddy en unos sencillos pasos! \u00a1Ad\u00e1ptalo y comienza a recibir m\u00e1s cr\u00edticas positivas de inmediato!","og_url":"https:\/\/elfsight.com\/es\/yelp-reviews-widget\/godaddy\/","og_site_name":"Elfsight ES","article_modified_time":"2025-02-06T15:58:53+00:00","twitter_card":"summary_large_image","twitter_misc":{"Tiempo de lectura":"3 minutos"},"schema":{"@context":"https:\/\/schema.org","@graph":[{"@type":"WebPage","@id":"https:\/\/elfsight.com\/es\/yelp-reviews-widget\/godaddy\/","url":"https:\/\/elfsight.com\/es\/yelp-reviews-widget\/godaddy\/","name":"Rese\u00f1as de Yelp: agregue el complemento Rese\u00f1as de Yelp a GoDaddy","isPartOf":{"@id":"https:\/\/elfsight.com\/es\/#website"},"datePublished":"1970-01-01T00:00:00+00:00","dateModified":"2025-02-06T15:58:53+00:00","description":"\u00a1Construye tu complemento de Rese\u00f1as de Yelp para GoDaddy en unos sencillos pasos! \u00a1Ad\u00e1ptalo y comienza a recibir m\u00e1s cr\u00edticas positivas de inmediato!","breadcrumb":{"@id":"https:\/\/elfsight.com\/es\/yelp-reviews-widget\/godaddy\/#breadcrumb"},"inLanguage":"es","potentialAction":[{"@type":"ReadAction","target":["https:\/\/elfsight.com\/es\/yelp-reviews-widget\/godaddy\/"]}]},{"@type":"BreadcrumbList","@id":"https:\/\/elfsight.com\/es\/yelp-reviews-widget\/godaddy\/#breadcrumb","itemListElement":[{"@type":"ListItem","position":1,"name":"Home","item":"https:\/\/elfsight.com\/es\/"},{"@type":"ListItem","position":2,"name":"Yelp Reviews","item":"https:\/\/elfsight.com\/es\/yelp-reviews-widget\/"},{"@type":"ListItem","position":3,"name":"Yelp Reviews &#8211; GoDaddy"}]},{"@type":"WebSite","@id":"https:\/\/elfsight.com\/es\/#website","url":"https:\/\/elfsight.com\/es\/","name":"Elfsight ES","description":"Just another Elfsight Sites site","potentialAction":[{"@type":"SearchAction","target":{"@type":"EntryPoint","urlTemplate":"https:\/\/elfsight.com\/es\/?s={search_term_string}"},"query-input":{"@type":"PropertyValueSpecification","valueRequired":true,"valueName":"search_term_string"}}],"inLanguage":"es"}]}},"meta_box":{"industry":"","seo_heading":"","heading":"","description":"","cta_heading":"","cta_description":"","application":"1317","h1":"Complemento de rese\u00f1as de Yelp de GoDaddy","h1_caption":"Muestre las opiniones de los clientes desde Yelp para generar credibilidad y proporcionar pruebas sociales para su negocio en su sitio web de GoDaddy sin esfuerzo.","application_category":[],"applications_title":"","applications_request_title":"","applications_request_button_text":"","hero_text":"","hero_video":"","hero_video_schema_markup":"","selling_points_title":"","selling_points_caption":"","selling_points":[],"selling_points_cta_text":"","features_title":"","features":"","ed_cta_examples_text":"","ed_cta_examples_hidden":"","ed_cta_demo_text":"","ed_cta_demo_hidden":"","why_caption":"","why_editor_title":"","why_editor_text":"","why_team_title":"","why_team_text":"","why_service_title":"","why_service_text":"","template_catalog_visible":"","template_catalog_title":"","template_catalog_text":"","template_catalog_categories_visible":"","demo_title":"Crea tu complemento de Rese\u00f1as de Yelp","demo_caption":"\u00a1Configura tus rese\u00f1as de Yelp y agr\u00e9galas a tu sitio web de GoDaddy gratis!","default_faq_hidden":"","app_template_category":[],"platform":"2183","template_public_id":"","codecanyon_url":"","codecanyon_item_id":"","codecanyon_price":"","pricing_caption":"","pricing_elfsight_apps_hide_column":"","pricing_elfsight_apps_url":"","pricing_codecanyon_price_caption":"","integration_category":[],"integration_request_title":"","integration_request_cta":"","integration_platform":"","integrations":[],"platform_category":[],"video_schema_markup":"","price":"desde $0 \/ mes","trial":"","benefits":[{"text":"Asistencia de instalaci\u00f3n gratuita"},{"text":"Soporte excepcional"},{"text":"Garant\u00eda de reembolso de 14 d\u00edas"},{"text":"Desarrollo continuo"}],"button_url":"#demo","button_target_blank":"","button_nofollow":"","attributes":[{"name":"Instalaciones","content":"10,000 - 100,000"},{"name":"Sensible","content":"S\u00ed"},{"name":"Navegadores compatibles","content":"IE11, Firefox, Safari, Opera, Chrome, Edge"}],"tags":[],"tags_disable_links":"","hide_more_platforms":"","video_object":"","demo_hide_cta":"","demo_hide_cloud_options":"","pricing_title":"","pricing":[{"pricing_icon":"platform","pricing_title":"Elfsight Apps","pricing_title_caption":"Software multiplataforma","pricing_price":"desde $0 \/ mes","pricing_price_caption":"comienza con el plan gratuito","pricing_benefits":[{"text":"Dominios ilimitados"},{"text":"Soporte profesional y puntual"},{"text":"Ayuda de instalaci\u00f3n gratuita"},{"text":"Totalmente personalizable"}],"pricing_button_text":"A\u00f1adir al sitio web","pricing_button_url":"#demo"}],"related_apps_title":"","related_apps_hidden":"","author":"","image":[],"title":"","job":"","social_networks":[]},"_links":{"self":[{"href":"https:\/\/elfsight.com\/es\/wp-json\/wp\/v2\/pages\/7331","targetHints":{"allow":["GET"]}}],"collection":[{"href":"https:\/\/elfsight.com\/es\/wp-json\/wp\/v2\/pages"}],"about":[{"href":"https:\/\/elfsight.com\/es\/wp-json\/wp\/v2\/types\/page"}],"author":[{"embeddable":true,"href":"https:\/\/elfsight.com\/es\/wp-json\/wp\/v2\/users\/9"}],"replies":[{"embeddable":true,"href":"https:\/\/elfsight.com\/es\/wp-json\/wp\/v2\/comments?post=7331"}],"version-history":[{"count":2,"href":"https:\/\/elfsight.com\/es\/wp-json\/wp\/v2\/pages\/7331\/revisions"}],"predecessor-version":[{"id":18986,"href":"https:\/\/elfsight.com\/es\/wp-json\/wp\/v2\/pages\/7331\/revisions\/18986"}],"up":[{"embeddable":true,"href":"https:\/\/elfsight.com\/es\/wp-json\/wp\/v2\/pages\/1318"}],"wp:attachment":[{"href":"https:\/\/elfsight.com\/es\/wp-json\/wp\/v2\/media?parent=7331"}],"curies":[{"name":"wp","href":"https:\/\/api.w.org\/{rel}","templated":true}]}}