{"id":7324,"date":"1970-01-01T00:00:00","date_gmt":"1970-01-01T00:00:00","guid":{"rendered":"https:\/\/elfsight.com\/es\/?page_id=7324"},"modified":"2025-02-06T15:59:17","modified_gmt":"2025-02-06T15:59:17","slug":"drupal","status":"publish","type":"page","link":"https:\/\/elfsight.com\/es\/yelp-reviews-widget\/drupal\/","title":{"rendered":"Yelp Reviews &#8211; Drupal"},"content":{"rendered":"<div class=\"application-platform-content-item-description application-platform-content-item\" id=\"description\" data-nav-section=\"description\"> <h2>Descripci\u00f3n<\/h2> <p>Si desea revelar su alta calificaci\u00f3n y convencer a los visitantes del sitio web de que vale la pena comprar sus productos o servicios, Elfsight Yelp Reviews ser\u00e1 la elecci\u00f3n correcta. Con nuestro widget, integrar\u00e1 r\u00e1pidamente rese\u00f1as de clientes de Yelp en su sitio web con informaci\u00f3n sobre sus autores, las clasificar\u00e1 para mostrar solo las mejores, agregar\u00e1 calificaciones y un bot\u00f3n de solicitud de rese\u00f1a que llevar\u00e1 a las personas a su cuenta de Yelp, para que puedan compartir su rese\u00f1a. <\/p><div class=\"faq\" data-component=\"FAQ\"> <div class=\"faq-item\">\r\n\t\t\t\t\t<div class=\"faq-item-question\">\r\n\t\t\t\t\t\t<h3 class=\"faq-item-question-text\">\u00bfD\u00f3nde puedo mostrar el widget de Rese\u00f1as<\/h3>\r\n\r\n\t\t\t\t\t\t<div class=\"faq-item-question-icon\"><\/div>\r\n\t\t\t\t\t<\/div>\r\n\r\n\t\t\t\t\t<div class=\"faq-item-answer\">\r\n\t\t\t\t\t\t<div class=\"faq-item-answer-text\"> <p>Este widget se puede mostrar en cualquier p\u00e1gina donde le gustar\u00eda impresionar a los usuarios con su gran reconocimiento y popularidad entre los clientes. Si lo necesita en todas las p\u00e1ginas de su sitio, puede insertarlo f\u00e1cilmente en la plantilla del sitio web. <\/p><\/div>\r\n\t\t\t\t\t<\/div>\r\n\t\t\t\t<\/div> <div class=\"faq-item\">\r\n\t\t\t\t\t<div class=\"faq-item-question\">\r\n\t\t\t\t\t\t<h3 class=\"faq-item-question-text\">\u00bfCu\u00e1les son las ventajas de tener el widget de Rese\u00f1as para m\u00ed? <\/h3>\r\n\r\n\t\t\t\t\t\t<div class=\"faq-item-question-icon\"><\/div>\r\n\t\t\t\t\t<\/div>\r\n\r\n\t\t\t\t\t<div class=\"faq-item-answer\">\r\n\t\t\t\t\t\t<div class=\"faq-item-answer-text\"> <p>Las rese\u00f1as de personas reales parecen impecablemente cre\u00edbles para sus clientes potenciales y significan para ellos que su empresa es confiable. Una calificaci\u00f3n alta y buenas cr\u00edticas pueden ayudar a aumentar las ventas en su sitio web. Adem\u00e1s, el bot\u00f3n activo puede contribuir a que m\u00e1s usuarios escriban rese\u00f1as relacionadas con sus ofertas o servicios en Yelp. <\/p> <\/div>\r\n\t\t\t\t\t<\/div>\r\n\t\t\t\t<\/div> <div class=\"faq-item\">\r\n\t\t\t\t\t<div class=\"faq-item-question\">\r\n\t\t\t\t\t\t<h3 class=\"faq-item-question-text\">\u00bfC\u00f3mo incorporo el widget de rese\u00f1as de Yelp en mi sitio Drupal? <\/h3>\r\n\r\n\t\t\t\t\t\t<div class=\"faq-item-question-icon\"><\/div>\r\n\t\t\t\t\t<\/div>\r\n\r\n\t\t\t\t\t<div class=\"faq-item-answer\">\r\n\t\t\t\t\t\t<div class=\"faq-item-answer-text\"> <p>Solo te llevar\u00e1 un minuto de tu tiempo configurarlo. El proceso de integraci\u00f3n es s\u00faper r\u00e1pido, gratuito y sin codificaci\u00f3n. <\/p> <p>El widget de Rese\u00f1as de Elfsight se puede insertar en su sitio a trav\u00e9s de nuestro servicio o a trav\u00e9s del mercado. Podr\u00e1s comparar todos los detalles de ambas opciones y decidir cu\u00e1l es la tuya. <\/p><\/div>\r\n\t\t\t\t\t<\/div>\r\n\t\t\t\t<\/div> <\/div> <\/div> <div class=\"application-platform-content-item-features application-platform-content-item\" id=\"features\" data-nav-section=\"features\"> <h2>Caracter\u00edsticas<\/h2> <p>Para formarse una mejor idea del widget, vea la lista de sus funciones principales. Hacen que el widget sea m\u00e1s eficiente para usted: <\/p> <ul> <li>Tres filtros predefinidos: por tipo, excluido por y cantidad de rese\u00f1as para mostrar; <\/li> <li>4 dise\u00f1os listos para usar: Lista, Cuadr\u00edcula, Mamposter\u00eda y Control deslizante; <\/li> <li>Una opci\u00f3n para mostrar u ocultar el encabezado del widget; <\/li> <li>El bot\u00f3n para solicitar una rese\u00f1a lleva a los visitantes a la p\u00e1gina de Yelp; <\/li> <li>6 elementos personalizables de la interfaz: nombre y foto del autor, texto de recomendaci\u00f3n, fecha de publicaci\u00f3n, \u00edcono de Yelp y calificaci\u00f3n de estrellas; <\/li> <li>Dos escenarios posibles despu\u00e9s del rechazo de la solicitud de revisi\u00f3n: revelar su mensaje u ocultar el bot\u00f3n. <\/li> <\/ul><p><a href=\"#demo\">Nuestra demostraci\u00f3n en vivo le mostrar\u00e1 una lista completa de funciones<\/a><\/p> <\/div> <div class=\"application-platform-content-item-installation application-platform-content-item\" id=\"installation\" data-nav-section=\"installation\"> <h2>Aqu\u00ed se explica c\u00f3mo agregar las rese\u00f1as de Yelp a su p\u00e1gina Drupal<\/h2> <p>Simplemente siga las pautas a continuaci\u00f3n para integrar el m\u00f3dulo en Drupal.<\/p> <ol><li><b>Abra nuestro editor gratuito y comience a crear su m\u00f3dulo \u00fanico. <\/b><br> Elija el dise\u00f1o y las opciones deseables del widget y aplique las modificaciones. <\/li> <li><b>Obtenga el c\u00f3digo individual revelado en el cuadro de Elfsight Apps. <\/b><br> Cuando finalice la generaci\u00f3n de su m\u00f3dulo personal de Rese\u00f1as de Yelp, copie el c\u00f3digo personal en la ventana emergente que aparece y gu\u00e1rdelo para futuras ocasiones. <\/li> <li><b>Comience a utilizar la herramienta en el sitio Drupal. <\/b><br> A\u00f1ade el c\u00f3digo que has copiado recientemente en tu sitio y aplica las modificaciones. <\/li> <li><b>La configuraci\u00f3n se realiz\u00f3 por completo. <\/b><br> Vaya a su sitio para ver c\u00f3mo funciona el complemento. <\/li><\/ol><p>\u00bfA\u00fan no puedes decidirte? \u00bfO tienes preguntas que hacer? Simplemente env\u00ede una solicitud a nuestro departamento de atenci\u00f3n al cliente y le ayudar\u00e1 con cualquier problema. <\/p> <\/div>","protected":false},"excerpt":{"rendered":"","protected":false},"author":9,"featured_media":0,"parent":1318,"menu_order":0,"comment_status":"closed","ping_status":"closed","template":"templates\/template-application-platform.php","meta":{"publish_to_discourse":"","publish_post_category":"","wpdc_auto_publish_overridden":"","wpdc_topic_tags":"","wpdc_pin_topic":"","wpdc_pin_until":"","discourse_post_id":"","discourse_permalink":"","wpdc_publishing_response":"","wpdc_publishing_error":"","footnotes":""},"class_list":["post-7324","page","type-page","status-publish","hentry"],"yoast_head":"<!-- This site is optimized with the Yoast SEO plugin v25.3.1 - https:\/\/yoast.com\/wordpress\/plugins\/seo\/ -->\n<title>Agregue el m\u00f3dulo Yelp Reviews a su sitio web Drupal (r\u00e1pido y f\u00e1cil)<\/title>\n<meta name=\"description\" content=\"Es f\u00e1cil y r\u00e1pido crear su widget de Rese\u00f1as de Yelp y publicarlo en su sitio web Drupal. La atenci\u00f3n al cliente de Elfsight es gratuita.\" \/>\n<meta name=\"robots\" content=\"index, follow, max-snippet:-1, max-image-preview:large, max-video-preview:-1\" \/>\n<link rel=\"canonical\" href=\"https:\/\/elfsight.com\/es\/yelp-reviews-widget\/drupal\/\" \/>\n<meta property=\"og:locale\" content=\"es_ES\" \/>\n<meta property=\"og:type\" content=\"article\" \/>\n<meta property=\"og:title\" content=\"Agregue el m\u00f3dulo Yelp Reviews a su sitio web Drupal (r\u00e1pido y f\u00e1cil)\" \/>\n<meta property=\"og:description\" content=\"Es f\u00e1cil y r\u00e1pido crear su widget de Rese\u00f1as de Yelp y publicarlo en su sitio web Drupal. La atenci\u00f3n al cliente de Elfsight es gratuita.\" \/>\n<meta property=\"og:url\" content=\"https:\/\/elfsight.com\/es\/yelp-reviews-widget\/drupal\/\" \/>\n<meta property=\"og:site_name\" content=\"Elfsight ES\" \/>\n<meta property=\"article:modified_time\" content=\"2025-02-06T15:59:17+00:00\" \/>\n<meta name=\"twitter:card\" content=\"summary_large_image\" \/>\n<meta name=\"twitter:label1\" content=\"Tiempo de lectura\" \/>\n\t<meta name=\"twitter:data1\" content=\"3 minutos\" \/>\n<!-- \/ Yoast SEO plugin. -->","yoast_head_json":{"title":"Agregue el m\u00f3dulo Yelp Reviews a su sitio web Drupal (r\u00e1pido y f\u00e1cil)","description":"Es f\u00e1cil y r\u00e1pido crear su widget de Rese\u00f1as de Yelp y publicarlo en su sitio web Drupal. La atenci\u00f3n al cliente de Elfsight es gratuita.","robots":{"index":"index","follow":"follow","max-snippet":"max-snippet:-1","max-image-preview":"max-image-preview:large","max-video-preview":"max-video-preview:-1"},"canonical":"https:\/\/elfsight.com\/es\/yelp-reviews-widget\/drupal\/","og_locale":"es_ES","og_type":"article","og_title":"Agregue el m\u00f3dulo Yelp Reviews a su sitio web Drupal (r\u00e1pido y f\u00e1cil)","og_description":"Es f\u00e1cil y r\u00e1pido crear su widget de Rese\u00f1as de Yelp y publicarlo en su sitio web Drupal. La atenci\u00f3n al cliente de Elfsight es gratuita.","og_url":"https:\/\/elfsight.com\/es\/yelp-reviews-widget\/drupal\/","og_site_name":"Elfsight ES","article_modified_time":"2025-02-06T15:59:17+00:00","twitter_card":"summary_large_image","twitter_misc":{"Tiempo de lectura":"3 minutos"},"schema":{"@context":"https:\/\/schema.org","@graph":[{"@type":"WebPage","@id":"https:\/\/elfsight.com\/es\/yelp-reviews-widget\/drupal\/","url":"https:\/\/elfsight.com\/es\/yelp-reviews-widget\/drupal\/","name":"Agregue el m\u00f3dulo Yelp Reviews a su sitio web Drupal (r\u00e1pido y f\u00e1cil)","isPartOf":{"@id":"https:\/\/elfsight.com\/es\/#website"},"datePublished":"1970-01-01T00:00:00+00:00","dateModified":"2025-02-06T15:59:17+00:00","description":"Es f\u00e1cil y r\u00e1pido crear su widget de Rese\u00f1as de Yelp y publicarlo en su sitio web Drupal. La atenci\u00f3n al cliente de Elfsight es gratuita.","breadcrumb":{"@id":"https:\/\/elfsight.com\/es\/yelp-reviews-widget\/drupal\/#breadcrumb"},"inLanguage":"es","potentialAction":[{"@type":"ReadAction","target":["https:\/\/elfsight.com\/es\/yelp-reviews-widget\/drupal\/"]}]},{"@type":"BreadcrumbList","@id":"https:\/\/elfsight.com\/es\/yelp-reviews-widget\/drupal\/#breadcrumb","itemListElement":[{"@type":"ListItem","position":1,"name":"Home","item":"https:\/\/elfsight.com\/es\/"},{"@type":"ListItem","position":2,"name":"Yelp Reviews","item":"https:\/\/elfsight.com\/es\/yelp-reviews-widget\/"},{"@type":"ListItem","position":3,"name":"Yelp Reviews &#8211; Drupal"}]},{"@type":"WebSite","@id":"https:\/\/elfsight.com\/es\/#website","url":"https:\/\/elfsight.com\/es\/","name":"Elfsight ES","description":"Just another Elfsight Sites site","potentialAction":[{"@type":"SearchAction","target":{"@type":"EntryPoint","urlTemplate":"https:\/\/elfsight.com\/es\/?s={search_term_string}"},"query-input":{"@type":"PropertyValueSpecification","valueRequired":true,"valueName":"search_term_string"}}],"inLanguage":"es"}]}},"meta_box":{"industry":"","seo_heading":"","heading":"","description":"","cta_heading":"","cta_description":"","application":"1317","h1":"M\u00f3dulo Drupal Yelp Rese\u00f1as","h1_caption":"Muestre las opiniones de los clientes desde Yelp para generar credibilidad y proporcionar pruebas sociales para su negocio en su sitio web Drupal sin esfuerzo.","application_category":[],"applications_title":"","applications_request_title":"","applications_request_button_text":"","hero_text":"","hero_video":"","hero_video_schema_markup":"","selling_points_title":"","selling_points_caption":"","selling_points":[],"selling_points_cta_text":"","features_title":"","features":"","ed_cta_examples_text":"","ed_cta_examples_hidden":"","ed_cta_demo_text":"","ed_cta_demo_hidden":"","why_caption":"","why_editor_title":"","why_editor_text":"","why_team_title":"","why_team_text":"","why_service_title":"","why_service_text":"","template_catalog_visible":"","template_catalog_title":"","template_catalog_text":"","template_catalog_categories_visible":"","demo_title":"Crea tu m\u00f3dulo de Rese\u00f1as de Yelp","demo_caption":"\u00a1Configure sus rese\u00f1as de Yelp y agr\u00e9guelas a su sitio web Drupal de forma gratuita!","default_faq_hidden":"","app_template_category":[],"platform":"2161","template_public_id":"","codecanyon_url":"","codecanyon_item_id":"","codecanyon_price":"","pricing_caption":"","pricing_elfsight_apps_hide_column":"","pricing_elfsight_apps_url":"","pricing_codecanyon_price_caption":"","integration_category":[],"integration_request_title":"","integration_request_cta":"","integration_platform":"","integrations":[],"platform_category":[],"video_schema_markup":"","price":"desde $0 \/ mes","trial":"","benefits":[{"text":"Servicio de instalaci\u00f3n gratuito"},{"text":"Atenci\u00f3n al cliente competente"},{"text":"Garant\u00eda de devoluci\u00f3n de dinero de 14 d\u00edas"},{"text":"Mejoras continuas y gratuitas"}],"button_url":"#demo","button_target_blank":"","button_nofollow":"","attributes":[{"name":"Instalaciones","content":"10,000 - 100,000"},{"name":"Sensible","content":"S\u00ed"},{"name":"Navegadores compatibles","content":"IE11, Firefox, Safari, Opera, Chrome, Edge"}],"tags":[],"tags_disable_links":"","hide_more_platforms":"","video_object":"","demo_hide_cta":"","demo_hide_cloud_options":"","pricing_title":"","pricing":[{"pricing_icon":"platform","pricing_title":"Elfsight Apps","pricing_title_caption":"Software multiplataforma","pricing_price":"desde $0 \/ mes","pricing_price_caption":"comienza con el plan gratuito","pricing_benefits":[{"text":"Sitios web ilimitados"},{"text":"Soporte dedicado y bien documentado."},{"text":"Soporte de instalaci\u00f3n gratuito"},{"text":"Oferta especial para m\u00faltiples aplicaciones"}],"pricing_button_text":"A\u00f1adir al sitio web","pricing_button_url":"#demo"}],"related_apps_title":"","related_apps_hidden":"","author":"","image":[],"title":"","job":"","social_networks":[]},"_links":{"self":[{"href":"https:\/\/elfsight.com\/es\/wp-json\/wp\/v2\/pages\/7324","targetHints":{"allow":["GET"]}}],"collection":[{"href":"https:\/\/elfsight.com\/es\/wp-json\/wp\/v2\/pages"}],"about":[{"href":"https:\/\/elfsight.com\/es\/wp-json\/wp\/v2\/types\/page"}],"author":[{"embeddable":true,"href":"https:\/\/elfsight.com\/es\/wp-json\/wp\/v2\/users\/9"}],"replies":[{"embeddable":true,"href":"https:\/\/elfsight.com\/es\/wp-json\/wp\/v2\/comments?post=7324"}],"version-history":[{"count":2,"href":"https:\/\/elfsight.com\/es\/wp-json\/wp\/v2\/pages\/7324\/revisions"}],"predecessor-version":[{"id":18989,"href":"https:\/\/elfsight.com\/es\/wp-json\/wp\/v2\/pages\/7324\/revisions\/18989"}],"up":[{"embeddable":true,"href":"https:\/\/elfsight.com\/es\/wp-json\/wp\/v2\/pages\/1318"}],"wp:attachment":[{"href":"https:\/\/elfsight.com\/es\/wp-json\/wp\/v2\/media?parent=7324"}],"curies":[{"name":"wp","href":"https:\/\/api.w.org\/{rel}","templated":true}]}}