{"id":7196,"date":"1970-01-01T00:00:00","date_gmt":"1970-01-01T00:00:00","guid":{"rendered":"https:\/\/elfsight.com\/es\/?page_id=7196"},"modified":"2025-02-06T16:00:42","modified_gmt":"2025-02-06T16:00:42","slug":"prestashop","status":"publish","type":"page","link":"https:\/\/elfsight.com\/es\/facebook-feed-widget\/prestashop\/","title":{"rendered":"Facebook Feed &#8211; PrestaShop"},"content":{"rendered":"<div class=\"application-platform-content-item-description application-platform-content-item\" id=\"description\" data-nav-section=\"description\"> <h2>Descripci\u00f3n<\/h2> <p>Elfsight Facebook Feed para PrestaShop es un complemento cuyo objetivo es ayudarlo en todas las demandas reales para obtener impresiones y solicitudes de los visitantes de su sitio web. Demuestre los elementos esenciales para completar, elija la plantilla que desee y personalice la interfaz para inspirar a sus visitantes a dejar consultas sobre los servicios que ofrece su empresa. PrestaShop est\u00e1 dise\u00f1ado para satisfacer todas sus necesidades de recopilar comentarios y estar en contacto con su audiencia. <\/p><p><b>\u00a1Empiece a utilizar Facebook Feed para alcanzar los picos de su negocio m\u00e1s f\u00e1cilmente! <\/b><\/p> <\/div> <div class=\"application-platform-content-item-features application-platform-content-item\" id=\"features\" data-nav-section=\"features\"> <h2>Estas son solo algunas de las muchas caracter\u00edsticas del widget: <\/h2> <ul><li>Tres tipos visualizables de contenido de Facebook: publicaciones, v\u00eddeos y fotos con \u00e1lbumes<\/li><li>Elementos de encabezado ajustables: recuento de me gusta, imagen de portada, imagen de p\u00e1gina, acciones<\/li><li>Botones Compartir y Me gusta en el encabezado<\/li><li>Publicaciones con informaci\u00f3n intercambiable: recuento de acciones, autor, bot\u00f3n de compartir, recuento de me gusta<\/li><li>L\u00edmite de publicaciones variables<\/li><li>V\u00eddeos con informaci\u00f3n intercambiable: recuento de me gusta, recuento de comentarios, descripci\u00f3n<\/li><li>Ventanas emergentes personalizables con elementos intercambiables: recuento de acciones, autor, comentarios, recuento de me gusta<\/li><\/ul><p><a href=\"#demo\">Puedes ver lo que ofrece el widget al probar el demo<\/a><\/p> <\/div> <div class=\"application-platform-content-item-installation application-platform-content-item\" id=\"installation\" data-nav-section=\"installation\"> <h2>\u00bfC\u00f3mo agregar Facebook Feed a mi sitio web PrestaShop? <\/h2> <p>Simplemente siga las pautas a continuaci\u00f3n para comenzar a utilizar la herramienta. <\/p> <ol><li><b>Inicie nuestro editor gratuito y comience a darle forma a su complemento personalizado. <\/b><br> Elija el aspecto y las opciones adecuadas del complemento y guarde las ediciones. <\/li> <li><b>Obtenga su c\u00f3digo \u00fanico que se muestra en el formulario especial en Elfsight Apps. <\/b><br> Una vez completado el establecimiento de su widget personal, copie el c\u00f3digo exclusivo en el cuadro que aparece y gu\u00e1rdelo para usarlo en el futuro. <\/li> <li><b>Inicie el uso de la herramienta en su p\u00e1gina de inicio de PrestaShop. <\/b><br> Ingrese el c\u00f3digo que copi\u00f3 anteriormente en su p\u00e1gina de inicio y aplique las ediciones. <\/li> <li><b>\u00a1Ya terminaste! La integraci\u00f3n se realiza con \u00e9xito. <\/b><br>Visita su p\u00e1gina para comprobar el funcionamiento del complemento. <\/li><\/ol> <p>Con la condici\u00f3n de atender consultas o enfrentar cualquier problema, no dude en escribir a nuestro personal de atenci\u00f3n al cliente. Nuestros especialistas estar\u00e1n encantados de resolver todas las dificultades que puedas tener con el widget. <\/p> <\/div><div class=\"faq\" data-component=\"FAQ\"><div class=\"faq-item\">\r\n\t\t\t\t\t<div class=\"faq-item-question\">\r\n\t\t\t\t\t\t<h3 class=\"faq-item-question-text\">\u00bfExiste alguna manera de agregar WhatsApp Chat a mi sitio PrestaShop sin conocimientos de codificaci\u00f3n?<\/h3>\r\n\r\n\t\t\t\t\t\t<div class=\"faq-item-question-icon\"><\/div>\r\n\t\t\t\t\t<\/div>\r\n\r\n\t\t\t\t\t<div class=\"faq-item-answer\">\r\n\t\t\t\t\t\t<div class=\"faq-item-answer-text\"><p>La empresa Elfsight ofrece una soluci\u00f3n que permite a las personas crear un complemento de WhatsApp Chat usted mismo, descubra lo simple que es: <\/p><ul><li>Vaya al editor en vivo para crear un complemento de WhatsApp Chat que le gustar\u00eda ver en la web de PrestaShop p\u00e1gina.<\/li><li>Haga clic en una de nuestras plantillas predise\u00f1adas y adapte la configuraci\u00f3n de WhatsApp Chat, agregue su contenido, transforme el dise\u00f1o y los colores sin experiencia en codificaci\u00f3n.<\/li><li>Guarde la configuraci\u00f3n que ha realizado en WhatsApp Chat y copie el c\u00f3digo de instalaci\u00f3n del widget, que puede incluir f\u00e1cilmente en la p\u00e1gina de inicio de PrestaShop sin comprar un plan pago. <\/li><\/ul><p>Con la ayuda de nuestro Configurador f\u00e1cil de usar, cada usuario web puede crear la aplicaci\u00f3n WhatsApp Chat y pegarla en el sitio PrestaShop. No debe pagar ni revelar las credenciales de su tarjeta para ingresar a nuestro servicio. Si encuentra alg\u00fan problema en cualquier paso, no dude en ponerse en contacto con nuestro equipo de soporte.<\/p><\/div>\r\n\t\t\t\t\t<\/div>\r\n\t\t\t\t<\/div><\/div>","protected":false},"excerpt":{"rendered":"","protected":false},"author":9,"featured_media":0,"parent":1397,"menu_order":0,"comment_status":"closed","ping_status":"closed","template":"templates\/template-application-platform.php","meta":{"publish_to_discourse":"","publish_post_category":"","wpdc_auto_publish_overridden":"","wpdc_topic_tags":"","wpdc_pin_topic":"","wpdc_pin_until":"","discourse_post_id":"","discourse_permalink":"","wpdc_publishing_response":"","wpdc_publishing_error":"","footnotes":""},"class_list":["post-7196","page","type-page","status-publish","hentry"],"yoast_head":"<!-- This site is optimized with the Yoast SEO plugin v25.3.1 - https:\/\/yoast.com\/wordpress\/plugins\/seo\/ -->\n<title>Feed de Facebook: incrustar el complemento de Facebook en el sitio web de PrestaShop<\/title>\n<meta name=\"description\" content=\"Incruste un widget responsivo de Facebook Feed en su sitio web PrestaShop. Pruebe el constructor Elfsight y cree su complemento en solo 1 minuto.\" \/>\n<meta name=\"robots\" content=\"index, follow, max-snippet:-1, max-image-preview:large, max-video-preview:-1\" \/>\n<link rel=\"canonical\" href=\"https:\/\/elfsight.com\/es\/facebook-feed-widget\/prestashop\/\" \/>\n<meta property=\"og:locale\" content=\"es_ES\" \/>\n<meta property=\"og:type\" content=\"article\" \/>\n<meta property=\"og:title\" content=\"Feed de Facebook: incrustar el complemento de Facebook en el sitio web de PrestaShop\" \/>\n<meta property=\"og:description\" content=\"Incruste un widget responsivo de Facebook Feed en su sitio web PrestaShop. Pruebe el constructor Elfsight y cree su complemento en solo 1 minuto.\" \/>\n<meta property=\"og:url\" content=\"https:\/\/elfsight.com\/es\/facebook-feed-widget\/prestashop\/\" \/>\n<meta property=\"og:site_name\" content=\"Elfsight ES\" \/>\n<meta property=\"article:modified_time\" content=\"2025-02-06T16:00:42+00:00\" \/>\n<meta name=\"twitter:card\" content=\"summary_large_image\" \/>\n<meta name=\"twitter:label1\" content=\"Tiempo de lectura\" \/>\n\t<meta name=\"twitter:data1\" content=\"3 minutos\" \/>\n<!-- \/ Yoast SEO plugin. -->","yoast_head_json":{"title":"Feed de Facebook: incrustar el complemento de Facebook en el sitio web de PrestaShop","description":"Incruste un widget responsivo de Facebook Feed en su sitio web PrestaShop. Pruebe el constructor Elfsight y cree su complemento en solo 1 minuto.","robots":{"index":"index","follow":"follow","max-snippet":"max-snippet:-1","max-image-preview":"max-image-preview:large","max-video-preview":"max-video-preview:-1"},"canonical":"https:\/\/elfsight.com\/es\/facebook-feed-widget\/prestashop\/","og_locale":"es_ES","og_type":"article","og_title":"Feed de Facebook: incrustar el complemento de Facebook en el sitio web de PrestaShop","og_description":"Incruste un widget responsivo de Facebook Feed en su sitio web PrestaShop. Pruebe el constructor Elfsight y cree su complemento en solo 1 minuto.","og_url":"https:\/\/elfsight.com\/es\/facebook-feed-widget\/prestashop\/","og_site_name":"Elfsight ES","article_modified_time":"2025-02-06T16:00:42+00:00","twitter_card":"summary_large_image","twitter_misc":{"Tiempo de lectura":"3 minutos"},"schema":{"@context":"https:\/\/schema.org","@graph":[{"@type":"WebPage","@id":"https:\/\/elfsight.com\/es\/facebook-feed-widget\/prestashop\/","url":"https:\/\/elfsight.com\/es\/facebook-feed-widget\/prestashop\/","name":"Feed de Facebook: incrustar el complemento de Facebook en el sitio web de PrestaShop","isPartOf":{"@id":"https:\/\/elfsight.com\/es\/#website"},"datePublished":"1970-01-01T00:00:00+00:00","dateModified":"2025-02-06T16:00:42+00:00","description":"Incruste un widget responsivo de Facebook Feed en su sitio web PrestaShop. Pruebe el constructor Elfsight y cree su complemento en solo 1 minuto.","breadcrumb":{"@id":"https:\/\/elfsight.com\/es\/facebook-feed-widget\/prestashop\/#breadcrumb"},"inLanguage":"es","potentialAction":[{"@type":"ReadAction","target":["https:\/\/elfsight.com\/es\/facebook-feed-widget\/prestashop\/"]}]},{"@type":"BreadcrumbList","@id":"https:\/\/elfsight.com\/es\/facebook-feed-widget\/prestashop\/#breadcrumb","itemListElement":[{"@type":"ListItem","position":1,"name":"Home","item":"https:\/\/elfsight.com\/es\/"},{"@type":"ListItem","position":2,"name":"Facebook Feed","item":"https:\/\/elfsight.com\/es\/facebook-feed-widget\/"},{"@type":"ListItem","position":3,"name":"Facebook Feed &#8211; PrestaShop"}]},{"@type":"WebSite","@id":"https:\/\/elfsight.com\/es\/#website","url":"https:\/\/elfsight.com\/es\/","name":"Elfsight ES","description":"Just another Elfsight Sites site","potentialAction":[{"@type":"SearchAction","target":{"@type":"EntryPoint","urlTemplate":"https:\/\/elfsight.com\/es\/?s={search_term_string}"},"query-input":{"@type":"PropertyValueSpecification","valueRequired":true,"valueName":"search_term_string"}}],"inLanguage":"es"}]}},"meta_box":{"industry":"","seo_heading":"","heading":"","description":"","cta_heading":"","cta_description":"","application":"1396","h1":"Complemento de feed de Facebook para PrestaShop","h1_caption":"Inserte publicaciones de su p\u00e1gina de Facebook para mantener a los visitantes de su sitio web interesados \u200b\u200bcon sus \u00faltimas actualizaciones y noticias en su sitio web Prestashop sin esfuerzo.","application_category":[],"applications_title":"","applications_request_title":"","applications_request_button_text":"","hero_text":"","hero_video":"","hero_video_schema_markup":"","selling_points_title":"","selling_points_caption":"","selling_points":[],"selling_points_cta_text":"","features_title":"","features":"","ed_cta_examples_text":"","ed_cta_examples_hidden":"","ed_cta_demo_text":"","ed_cta_demo_hidden":"","why_caption":"","why_editor_title":"","why_editor_text":"","why_team_title":"","why_team_text":"","why_service_title":"","why_service_text":"","template_catalog_visible":"","template_catalog_title":"","template_catalog_text":"","template_catalog_categories_visible":"","demo_title":"Crea tu complemento de Facebook Feed","demo_caption":"\u00a1Configure su feed de Facebook y agr\u00e9guelo a su sitio web PrestaShop gratis!","default_faq_hidden":"","app_template_category":[],"platform":"2250","template_public_id":"","codecanyon_url":"","codecanyon_item_id":"","codecanyon_price":"","pricing_caption":"","pricing_elfsight_apps_hide_column":"","pricing_elfsight_apps_url":"","pricing_codecanyon_price_caption":"","integration_category":[],"integration_request_title":"","integration_request_cta":"","integration_platform":"","integrations":[],"platform_category":[],"video_schema_markup":"","price":"desde $0 \/ mes","trial":"","benefits":[{"text":"Servicio de instalaci\u00f3n gratuito"},{"text":"Servicio al cliente eficaz"},{"text":"Garant\u00eda de devoluci\u00f3n de dinero de 14 d\u00edas"},{"text":"Mejoras gratuitas continuas"}],"button_url":"#demo","button_target_blank":"","button_nofollow":"","attributes":[{"name":"Instalaciones","content":"100,000 - 500,000"},{"name":"Sensible","content":"S\u00ed"},{"name":"Navegadores compatibles","content":"Firefox, Safari, Opera, Chrome, Edge"}],"tags":[],"tags_disable_links":"","hide_more_platforms":"","video_object":"","demo_hide_cta":"","demo_hide_cloud_options":"","pricing_title":"","pricing":[{"pricing_icon":"platform","pricing_title":"Elfsight Apps","pricing_title_caption":"Software multiplataforma que se adapta a cualquier sitio","pricing_price":"desde $0 \/ mes","pricing_price_caption":"comienza con un plan gratuito","pricing_benefits":[{"text":"Dominios ilimitados"},{"text":"Atenci\u00f3n al cliente dedicada"},{"text":"Ayuda de instalaci\u00f3n gratuita"},{"text":"Dise\u00f1o flexible"}],"pricing_button_text":"A\u00f1adir al sitio web","pricing_button_url":"#demo"}],"related_apps_title":"","related_apps_hidden":"","author":"","image":[],"title":"","job":"","social_networks":[]},"_links":{"self":[{"href":"https:\/\/elfsight.com\/es\/wp-json\/wp\/v2\/pages\/7196","targetHints":{"allow":["GET"]}}],"collection":[{"href":"https:\/\/elfsight.com\/es\/wp-json\/wp\/v2\/pages"}],"about":[{"href":"https:\/\/elfsight.com\/es\/wp-json\/wp\/v2\/types\/page"}],"author":[{"embeddable":true,"href":"https:\/\/elfsight.com\/es\/wp-json\/wp\/v2\/users\/9"}],"replies":[{"embeddable":true,"href":"https:\/\/elfsight.com\/es\/wp-json\/wp\/v2\/comments?post=7196"}],"version-history":[{"count":2,"href":"https:\/\/elfsight.com\/es\/wp-json\/wp\/v2\/pages\/7196\/revisions"}],"predecessor-version":[{"id":19020,"href":"https:\/\/elfsight.com\/es\/wp-json\/wp\/v2\/pages\/7196\/revisions\/19020"}],"up":[{"embeddable":true,"href":"https:\/\/elfsight.com\/es\/wp-json\/wp\/v2\/pages\/1397"}],"wp:attachment":[{"href":"https:\/\/elfsight.com\/es\/wp-json\/wp\/v2\/media?parent=7196"}],"curies":[{"name":"wp","href":"https:\/\/api.w.org\/{rel}","templated":true}]}}