{"id":7146,"date":"1970-01-01T00:00:00","date_gmt":"1970-01-01T00:00:00","guid":{"rendered":"https:\/\/elfsight.com\/es\/?page_id=7146"},"modified":"2025-02-06T16:00:42","modified_gmt":"2025-02-06T16:00:42","slug":"prestashop","status":"publish","type":"page","link":"https:\/\/elfsight.com\/es\/google-reviews-widget\/prestashop\/","title":{"rendered":"Google Reviews &#8211; PrestaShop"},"content":{"rendered":"<div class=\"application-platform-content-item-description application-platform-content-item\" id=\"description\" data-nav-section=\"description\"> <h2>Descripci\u00f3n<\/h2> <p>Rese\u00f1as de Google es una herramienta \u00fatil que le ofrece la oportunidad de revelar las rese\u00f1as de sus ofertas directamente en su p\u00e1gina web desde todos los sitios populares de rese\u00f1as de negocios. Con nuestra herramienta, podr\u00e1 aplicar filtros para ocultar las rese\u00f1as no deseadas, presumir de su calificaci\u00f3n de estrellas y de cantidad de su cuenta en cualquier p\u00e1gina web de rese\u00f1as, agregar informaci\u00f3n sobre los autores de las rese\u00f1as y agregar un llamado a la acci\u00f3n que inspirar\u00e1 a los usuarios a escribir su opini\u00f3n. El widget de Rese\u00f1as de Google de Elfsight lo alentar\u00e1 a mostrar su excelente prueba social directamente en el sitio web y comenzar a obtener m\u00e1s ventas nuevas. <\/p><p><b>\u00a1Inserte Rese\u00f1as de Google para afrontar los retos de su negocio! <\/b><\/p> <\/div> <div class=\"application-platform-content-item-features application-platform-content-item\" id=\"features\" data-nav-section=\"features\"> <h2>Las funciones clave del widget contienen<\/h2> <ul><li>Agregar rese\u00f1as de clientes desde la cuenta de Google<\/li><li>3 tipos de filtros: por tipo, excluir por y cantidad de rese\u00f1as<\/li><li>Cuatro tipos de dise\u00f1o: lista, cuadr\u00edcula, mamposter\u00eda y control deslizante<\/li><li>arrastra navegaci\u00f3n y tipos de flechas en el dise\u00f1o del control deslizante<\/li><li>Establezca la velocidad de reproducci\u00f3n autom\u00e1tica y la velocidad de la diapositiva<\/li><li>Seleccione el tipo de paginaci\u00f3n en el dise\u00f1o del control deslizante<\/li><li>Bot\u00f3n de llamada a la acci\u00f3n para obtener rese\u00f1as de nuevos usuarios en la p\u00e1gina de Google<\/li><li>Tres plantillas de rese\u00f1as: Bubble, Classic, Spotlight<\/li><li>6 elementos flexibles de las rese\u00f1as: calificaci\u00f3n de estrellas e \u00edcono de Google, nombre del autor, recomendaci\u00f3n, fecha y foto<\/li><li>Una opci\u00f3n para cambiar el tama\u00f1o de fuente del texto de la rese\u00f1a<\/li><\/ul><p><a href=\"#demo\">Puedes sentir lo que vale la pena probar con la demostraci\u00f3n<\/a><\/p> <\/div> <div class=\"application-platform-content-item-installation application-platform-content-item\" id=\"installation\" data-nav-section=\"installation\"> <h2>\u00bfC\u00f3mo puedo insertar Rese\u00f1as de Google en mi p\u00e1gina web de PrestaShop? <\/h2> <p>Simplemente siga las pautas a continuaci\u00f3n para insertar el complemento. <\/p> <ol><li><b>Realiza nuestro configurador gratuito y comienza a crear tu propio complemento. <\/b><br> Especifique el dise\u00f1o seleccionado y las caracter\u00edsticas del complemento y aplique las ediciones. <\/li> <li><b>Adquiera su c\u00f3digo \u00fanico que aparece en la ventana de Elfsight Apps. <\/b><br> Cuando se complete la configuraci\u00f3n de su herramienta, copie el c\u00f3digo personal en la ventana que aparece y gu\u00e1rdelo para usarlo en el futuro. <\/li> <li><b>Iniciar el empleo de la herramienta en la p\u00e1gina web de PrestaShop. <\/b><br>Coloca el c\u00f3digo que has copiado antes en tu p\u00e1gina y aplica las ediciones. <\/li> <li><b>\u00a1Listo! La incrustaci\u00f3n se realiza por completo. <\/b><br> Visite su sitio para ver en acci\u00f3n c\u00f3mo se ejecuta el complemento. <\/li><\/ol> <p>En caso de enfrentar preguntas o enfrentar cualquier obst\u00e1culo, no dude en escribir a nuestro personal de soporte. Nuestra gente est\u00e1 ansiosa por ayudarlo con todas las preguntas que pueda tener sobre el widget. <\/p><div class=\"faq\" data-component=\"FAQ\"> <div class=\"faq-item\">\r\n\t\t\t\t\t<div class=\"faq-item-question\">\r\n\t\t\t\t\t\t<h3 class=\"faq-item-question-text\">\u00bfC\u00f3mo puedo agregar Google Reviews a mi sitio web PrestaShop sin conocimientos de codificaci\u00f3n?<\/h3>\r\n\r\n\t\t\t\t\t\t<div class=\"faq-item-question-icon\"><\/div>\r\n\t\t\t\t\t<\/div>\r\n\r\n\t\t\t\t\t<div class=\"faq-item-answer\">\r\n\t\t\t\t\t\t<div class=\"faq-item-answer-text\"> <p>Elfsight proporciona una soluci\u00f3n SaaS que le permite crear un widget de Google Reviews usted mismo. Vea lo f\u00e1cil que es el proceso: trabaje directamente en el editor en l\u00ednea para crear un widget de Google Reviews que le gustar\u00eda ver en su sitio web de PrestaShop. Elija una de las plantillas predise\u00f1adas y ajuste la configuraci\u00f3n de Rese\u00f1as de Google, agregue su contenido, cambie el dise\u00f1o y la combinaci\u00f3n de colores sin conocimientos de codificaci\u00f3n. Guarde las Rese\u00f1as de Google y copie su c\u00f3digo de instalaci\u00f3n, que puede incluir f\u00e1cilmente en su sitio web PrestaShop sin comprar una suscripci\u00f3n paga. Con nuestro editor intuitivo, cualquier usuario de Internet puede crear un widget de Rese\u00f1as de Google en l\u00ednea e incrustarlo f\u00e1cilmente en su sitio web PrestaShop. No es necesario pagar ni ingresar las credenciales de su tarjeta para acceder al servicio. Si tiene alg\u00fan problema en cualquier paso, no dude en ponerse en contacto con nuestro equipo de soporte t\u00e9cnico.<\/p> <\/div>\r\n\t\t\t\t\t<\/div>\r\n\t\t\t\t<\/div> <\/div> <\/div>","protected":false},"excerpt":{"rendered":"","protected":false},"author":9,"featured_media":0,"parent":1422,"menu_order":0,"comment_status":"closed","ping_status":"closed","template":"templates\/template-application-platform.php","meta":{"publish_to_discourse":"","publish_post_category":"","wpdc_auto_publish_overridden":"","wpdc_topic_tags":"","wpdc_pin_topic":"","wpdc_pin_until":"","discourse_post_id":"","discourse_permalink":"","wpdc_publishing_response":"","wpdc_publishing_error":"","footnotes":""},"class_list":["post-7146","page","type-page","status-publish","hentry"],"yoast_head":"<!-- This site is optimized with the Yoast SEO plugin v25.3.1 - https:\/\/yoast.com\/wordpress\/plugins\/seo\/ -->\n<title>Inserte el complemento Google Reviews en su sitio web PrestaShop (2026)<\/title>\n<meta name=\"description\" content=\"Es muy sencillo crear su complemento de Rese\u00f1as de Google y agregarlo al sitio de PrestaShop. La atenci\u00f3n al cliente de Elfsight es gratuita y r\u00e1pida.\" \/>\n<meta name=\"robots\" content=\"index, follow, max-snippet:-1, max-image-preview:large, max-video-preview:-1\" \/>\n<link rel=\"canonical\" href=\"https:\/\/elfsight.com\/es\/google-reviews-widget\/prestashop\/\" \/>\n<meta property=\"og:locale\" content=\"es_ES\" \/>\n<meta property=\"og:type\" content=\"article\" \/>\n<meta property=\"og:title\" content=\"Inserte el complemento Google Reviews en su sitio web PrestaShop (2026)\" \/>\n<meta property=\"og:description\" content=\"Es muy sencillo crear su complemento de Rese\u00f1as de Google y agregarlo al sitio de PrestaShop. La atenci\u00f3n al cliente de Elfsight es gratuita y r\u00e1pida.\" \/>\n<meta property=\"og:url\" content=\"https:\/\/elfsight.com\/es\/google-reviews-widget\/prestashop\/\" \/>\n<meta property=\"og:site_name\" content=\"Elfsight ES\" \/>\n<meta property=\"article:modified_time\" content=\"2025-02-06T16:00:42+00:00\" \/>\n<meta name=\"twitter:card\" content=\"summary_large_image\" \/>\n<meta name=\"twitter:label1\" content=\"Tiempo de lectura\" \/>\n\t<meta name=\"twitter:data1\" content=\"4 minutos\" \/>\n<!-- \/ Yoast SEO plugin. -->","yoast_head_json":{"title":"Inserte el complemento Google Reviews en su sitio web PrestaShop (2026)","description":"Es muy sencillo crear su complemento de Rese\u00f1as de Google y agregarlo al sitio de PrestaShop. La atenci\u00f3n al cliente de Elfsight es gratuita y r\u00e1pida.","robots":{"index":"index","follow":"follow","max-snippet":"max-snippet:-1","max-image-preview":"max-image-preview:large","max-video-preview":"max-video-preview:-1"},"canonical":"https:\/\/elfsight.com\/es\/google-reviews-widget\/prestashop\/","og_locale":"es_ES","og_type":"article","og_title":"Inserte el complemento Google Reviews en su sitio web PrestaShop (2026)","og_description":"Es muy sencillo crear su complemento de Rese\u00f1as de Google y agregarlo al sitio de PrestaShop. La atenci\u00f3n al cliente de Elfsight es gratuita y r\u00e1pida.","og_url":"https:\/\/elfsight.com\/es\/google-reviews-widget\/prestashop\/","og_site_name":"Elfsight ES","article_modified_time":"2025-02-06T16:00:42+00:00","twitter_card":"summary_large_image","twitter_misc":{"Tiempo de lectura":"4 minutos"},"schema":{"@context":"https:\/\/schema.org","@graph":[{"@type":"WebPage","@id":"https:\/\/elfsight.com\/es\/google-reviews-widget\/prestashop\/","url":"https:\/\/elfsight.com\/es\/google-reviews-widget\/prestashop\/","name":"Inserte el complemento Google Reviews en su sitio web PrestaShop (2026)","isPartOf":{"@id":"https:\/\/elfsight.com\/es\/#website"},"datePublished":"1970-01-01T00:00:00+00:00","dateModified":"2025-02-06T16:00:42+00:00","description":"Es muy sencillo crear su complemento de Rese\u00f1as de Google y agregarlo al sitio de PrestaShop. La atenci\u00f3n al cliente de Elfsight es gratuita y r\u00e1pida.","breadcrumb":{"@id":"https:\/\/elfsight.com\/es\/google-reviews-widget\/prestashop\/#breadcrumb"},"inLanguage":"es","potentialAction":[{"@type":"ReadAction","target":["https:\/\/elfsight.com\/es\/google-reviews-widget\/prestashop\/"]}]},{"@type":"BreadcrumbList","@id":"https:\/\/elfsight.com\/es\/google-reviews-widget\/prestashop\/#breadcrumb","itemListElement":[{"@type":"ListItem","position":1,"name":"Home","item":"https:\/\/elfsight.com\/es\/"},{"@type":"ListItem","position":2,"name":"Google Reviews","item":"https:\/\/elfsight.com\/es\/google-reviews-widget\/"},{"@type":"ListItem","position":3,"name":"Google Reviews &#8211; PrestaShop"}]},{"@type":"WebSite","@id":"https:\/\/elfsight.com\/es\/#website","url":"https:\/\/elfsight.com\/es\/","name":"Elfsight ES","description":"Just another Elfsight Sites site","potentialAction":[{"@type":"SearchAction","target":{"@type":"EntryPoint","urlTemplate":"https:\/\/elfsight.com\/es\/?s={search_term_string}"},"query-input":{"@type":"PropertyValueSpecification","valueRequired":true,"valueName":"search_term_string"}}],"inLanguage":"es"}]}},"meta_box":{"industry":"","seo_heading":"","heading":"","description":"","cta_heading":"","cta_description":"","application":"1421","h1":"Complemento de rese\u00f1as de Google para PrestaShop","h1_caption":"Incorpore rese\u00f1as de su lugar desde Google para obtener sin problemas las mejores impresiones de los clientes en la experiencia de su sitio web en su sitio web Prestashop sin esfuerzo.","application_category":[],"applications_title":"","applications_request_title":"","applications_request_button_text":"","hero_text":"","hero_video":"","hero_video_schema_markup":"","selling_points_title":"","selling_points_caption":"","selling_points":[],"selling_points_cta_text":"","features_title":"","features":"","ed_cta_examples_text":"","ed_cta_examples_hidden":"","ed_cta_demo_text":"","ed_cta_demo_hidden":"","why_caption":"","why_editor_title":"","why_editor_text":"","why_team_title":"","why_team_text":"","why_service_title":"","why_service_text":"","template_catalog_visible":"","template_catalog_title":"","template_catalog_text":"","template_catalog_categories_visible":"","demo_title":"Crea tu complemento de Rese\u00f1as de Google","demo_caption":"\u00a1Configura tus Rese\u00f1as de Google y agr\u00e9galas a tu sitio web PrestaShop gratis!","default_faq_hidden":"","app_template_category":[],"platform":"2250","template_public_id":"","codecanyon_url":"","codecanyon_item_id":"","codecanyon_price":"","pricing_caption":"","pricing_elfsight_apps_hide_column":"","pricing_elfsight_apps_url":"","pricing_codecanyon_price_caption":"","integration_category":[],"integration_request_title":"","integration_request_cta":"","integration_platform":"","integrations":[],"platform_category":[],"video_schema_markup":"","price":"desde $0 \/ mes","trial":"","benefits":[{"text":"Servicio de instalaci\u00f3n gratuito"},{"text":"Soporte excepcional"},{"text":"Garant\u00eda de reembolso de 14 d\u00edas"},{"text":"Desarrollo continuo"}],"button_url":"#demo","button_target_blank":"","button_nofollow":"","attributes":[{"name":"Instalaciones","content":"100,000 - 500,000"},{"name":"Sensible","content":"S\u00ed"},{"name":"Navegadores compatibles","content":"Firefox, Safari, Opera, Chrome, Edge"}],"tags":[],"tags_disable_links":"","hide_more_platforms":"","video_object":"","demo_hide_cta":"","demo_hide_cloud_options":"","pricing_title":"","pricing":[{"pricing_icon":"platform","pricing_title":"Elfsight Apps","pricing_title_caption":"Soluci\u00f3n multiplataforma","pricing_price":"desde $0 \/ mes","pricing_price_caption":"comienza con un plan gratuito","pricing_benefits":[{"text":"Dominios ilimitados"},{"text":"Atenci\u00f3n al cliente 24 horas al d\u00eda, 7 d\u00edas a la semana"},{"text":"Servicio de instalaci\u00f3n gratuito"},{"text":"100% personalizable"}],"pricing_button_text":"A\u00f1adir al sitio web","pricing_button_url":"#demo"}],"related_apps_title":"","related_apps_hidden":"","author":"","image":[],"title":"","job":"","social_networks":[]},"_links":{"self":[{"href":"https:\/\/elfsight.com\/es\/wp-json\/wp\/v2\/pages\/7146","targetHints":{"allow":["GET"]}}],"collection":[{"href":"https:\/\/elfsight.com\/es\/wp-json\/wp\/v2\/pages"}],"about":[{"href":"https:\/\/elfsight.com\/es\/wp-json\/wp\/v2\/types\/page"}],"author":[{"embeddable":true,"href":"https:\/\/elfsight.com\/es\/wp-json\/wp\/v2\/users\/9"}],"replies":[{"embeddable":true,"href":"https:\/\/elfsight.com\/es\/wp-json\/wp\/v2\/comments?post=7146"}],"version-history":[{"count":2,"href":"https:\/\/elfsight.com\/es\/wp-json\/wp\/v2\/pages\/7146\/revisions"}],"predecessor-version":[{"id":19022,"href":"https:\/\/elfsight.com\/es\/wp-json\/wp\/v2\/pages\/7146\/revisions\/19022"}],"up":[{"embeddable":true,"href":"https:\/\/elfsight.com\/es\/wp-json\/wp\/v2\/pages\/1422"}],"wp:attachment":[{"href":"https:\/\/elfsight.com\/es\/wp-json\/wp\/v2\/media?parent=7146"}],"curies":[{"name":"wp","href":"https:\/\/api.w.org\/{rel}","templated":true}]}}