{"id":7108,"date":"1970-01-01T00:00:00","date_gmt":"1970-01-01T00:00:00","guid":{"rendered":"https:\/\/elfsight.com\/es\/?page_id=7108"},"modified":"2025-02-06T16:00:50","modified_gmt":"2025-02-06T16:00:50","slug":"lightspeed","status":"publish","type":"page","link":"https:\/\/elfsight.com\/es\/instagram-feed-instashow\/lightspeed\/","title":{"rendered":"InstaShow Lightspeed"},"content":{"rendered":"<div class=\"application-platform-content-item-description application-platform-content-item\" id=\"description\" data-nav-section=\"description\"> <h2>Descripci\u00f3n<\/h2><p>InstaShow es un complemento responsivo de Instagram, que permite generar maravillosas galer\u00edas a partir de fotos y videos de Instagram. Un sinf\u00edn de variantes para personalizar tu p\u00e1gina personal: todo tipo de fuentes, clasificaci\u00f3n de publicaciones, m\u00e1s de 60 opciones personalizables y 10 variantes de dise\u00f1o, y 100% ajustable para todas las resoluciones. Utilice un complemento \u00fatil y totalmente receptivo para atraer a los usuarios de su sitio web en un instante. <\/p><div class=\"faq\" data-component=\"FAQ\"> <div class=\"faq-item\">\r\n\t\t\t\t\t<div class=\"faq-item-question\">\r\n\t\t\t\t\t\t<h3 class=\"faq-item-question-text\">\u00bfEl widget es compatible con tel\u00e9fonos inteligentes? <\/h3>\r\n\r\n\t\t\t\t\t\t<div class=\"faq-item-question-icon\"><\/div>\r\n\t\t\t\t\t<\/div>\r\n\r\n\t\t\t\t\t<div class=\"faq-item-answer\">\r\n\t\t\t\t\t\t<div class=\"faq-item-answer-text\"><p>\u00a1Claro! Sus usuarios obtendr\u00e1n una experiencia incre\u00edble sin importar qu\u00e9 tipo de herramienta utilicen, desde una computadora de escritorio hasta un tel\u00e9fono inteligente. <\/p><\/div>\r\n\t\t\t\t\t<\/div>\r\n\t\t\t\t<\/div><div class=\"faq-item\">\r\n\t\t\t\t\t<div class=\"faq-item-question\">\r\n\t\t\t\t\t\t<h3 class=\"faq-item-question-text\">\u00bfPuedo trabajar con el complemento de forma gratuita? <\/h3>\r\n\r\n\t\t\t\t\t\t<div class=\"faq-item-question-icon\"><\/div>\r\n\t\t\t\t\t<\/div>\r\n\r\n\t\t\t\t\t<div class=\"faq-item-answer\">\r\n\t\t\t\t\t\t<div class=\"faq-item-answer-text\"><p>S\u00ed, sugerimos diferentes planes de tarifas, uno de los cuales es gratuito. En caso de que desee un conjunto de funciones m\u00e1s amplio, puede actualizar su plan en cualquier momento. <\/p><\/div>\r\n\t\t\t\t\t<\/div>\r\n\t\t\t\t<\/div><div class=\"faq-item\">\r\n\t\t\t\t\t<div class=\"faq-item-question\">\r\n\t\t\t\t\t\t<h3 class=\"faq-item-question-text\">\u00bfSu widget coincide con el tema que aplica mi sitio web?<\/h3>\r\n\r\n\t\t\t\t\t\t<div class=\"faq-item-question-icon\"><\/div>\r\n\t\t\t\t\t<\/div>\r\n\r\n\t\t\t\t\t<div class=\"faq-item-answer\">\r\n\t\t\t\t\t\t<div class=\"faq-item-answer-text\"><p>\u00a1Por supuesto! La herramienta es absolutamente compatible con temas y creadores de sitios web que cumplen con los requisitos est\u00e1ndar de Lightspeed. Y si no est\u00e1s aplicando WordPress, te ayudaremos.<\/p><\/div>\r\n\t\t\t\t\t<\/div>\r\n\t\t\t\t<\/div><\/div><\/div><div class=\"application-platform-content-item-features application-platform-content-item\" id=\"features\" data-nav-section=\"features\"><h2>Caracter\u00edsticas<\/h2><p>Para obtener una percepci\u00f3n clara de Lightspeed <a href=\"https:\/\/elfsight.com\/blog\/how-to-embed-instagram-feed-on-website\/\">Instagram Feed<\/a>, puede estudiar la lista de las caracter\u00edsticas principales. Hacen que la aplicaci\u00f3n sea realmente efectiva para usted:<\/p><ul><li><b>Fortalecer el \u00edndice de transacciones<\/b><br>Demuestre sus productos o servicios a trav\u00e9s de fotos de Instagram con la ayuda de hashtags, ubicaciones, cuentas o mediante una URL espec\u00edfica, para aumentar los resultados de su sitio. <\/li> <li><b>Seguidores m\u00e1ximos en Instagram<\/b><br>Muestra botones especiales con una llamada para obtener una suscripci\u00f3n y aumentar el n\u00famero de fans de tu p\u00e1gina de Instagram. <\/li> <li><b>Involucra a una mayor cantidad de visitantes<\/b><br>Muestra en tu sitio im\u00e1genes de Instagram a trav\u00e9s del complemento Elfsight, y atraer\u00e1n a m\u00e1s lectores y har\u00e1n que pasen m\u00e1s tiempo en el sitio. <\/li><\/ul><p><a href=\"#demo\">Explore la funcionalidad completa en la demostraci\u00f3n<\/a><\/p><\/div><div class=\"application-platform-content-item-installation application-platform-content-item\" id=\"installation\" data-nav-section=\"installation\"><h2>\u00bfC\u00f3mo agregar Instagram Feed a mi sitio web Lightspeed? <\/h2> <p>Simplemente siga las pautas a continuaci\u00f3n para insertar el widget. <\/p> <ol><li><b>Utilice nuestra demostraci\u00f3n gratuita y comience a crear su complemento exclusivo. <\/b><br> Especifique el aspecto y las opciones deseables de la herramienta y guarde las correcciones. <\/li> <li><b>Copia tu c\u00f3digo individual que se muestra en el formulario especial en Elfsight Apps. <\/b><br> Tan pronto como finalice la personalizaci\u00f3n de su widget personal, copie el c\u00f3digo individual en la ventana que aparece y gu\u00e1rdelo para su uso posterior. <\/li> <li><b>Comience a usar el widget en un sitio web de Lightspeed. <\/b><br>Coloca el c\u00f3digo que has copiado recientemente en tu p\u00e1gina web y guarda las mejoras. <\/li> <li><b>La configuraci\u00f3n se realiz\u00f3 exitosamente. <\/b><br>Visite su p\u00e1gina web para comprobar c\u00f3mo funciona el complemento. <\/li><\/ol> <p>Si tiene alguna consulta o tiene alguna complicaci\u00f3n, escriba a nuestro equipo de soporte. Nuestros consultores estar\u00e1n encantados de resolver todas las dudas que puedas tener con el widget. <\/p> <\/div>","protected":false},"excerpt":{"rendered":"","protected":false},"author":9,"featured_media":0,"parent":1442,"menu_order":0,"comment_status":"closed","ping_status":"closed","template":"templates\/template-application-platform.php","meta":{"publish_to_discourse":"","publish_post_category":"","wpdc_auto_publish_overridden":"","wpdc_topic_tags":"","wpdc_pin_topic":"","wpdc_pin_until":"","discourse_post_id":"","discourse_permalink":"","wpdc_publishing_response":"","wpdc_publishing_error":"","footnotes":""},"class_list":["post-7108","page","type-page","status-publish","hentry"],"yoast_head":"<!-- This site is optimized with the Yoast SEO plugin v25.3.1 - https:\/\/yoast.com\/wordpress\/plugins\/seo\/ -->\n<title>Feed de Instagram de Lightspeed - InstaShow<\/title>\n<meta name=\"description\" content=\"Utilice Lightspeed Instagram Feed para crear impresionantes galer\u00edas de im\u00e1genes de Instagram directamente en su tienda Lightspeed y atraer audiencia en un instante.\" \/>\n<meta name=\"robots\" content=\"index, follow, max-snippet:-1, max-image-preview:large, max-video-preview:-1\" \/>\n<link rel=\"canonical\" href=\"https:\/\/elfsight.com\/es\/instagram-feed-instashow\/lightspeed\/\" \/>\n<meta property=\"og:locale\" content=\"es_ES\" \/>\n<meta property=\"og:type\" content=\"article\" \/>\n<meta property=\"og:title\" content=\"Feed de Instagram de Lightspeed - InstaShow\" \/>\n<meta property=\"og:description\" content=\"Utilice Lightspeed Instagram Feed para crear impresionantes galer\u00edas de im\u00e1genes de Instagram directamente en su tienda Lightspeed y atraer audiencia en un instante.\" \/>\n<meta property=\"og:url\" content=\"https:\/\/elfsight.com\/es\/instagram-feed-instashow\/lightspeed\/\" \/>\n<meta property=\"og:site_name\" content=\"Elfsight ES\" \/>\n<meta property=\"article:modified_time\" content=\"2025-02-06T16:00:50+00:00\" \/>\n<meta name=\"twitter:card\" content=\"summary_large_image\" \/>\n<meta name=\"twitter:label1\" content=\"Tiempo de lectura\" \/>\n\t<meta name=\"twitter:data1\" content=\"3 minutos\" \/>\n<!-- \/ Yoast SEO plugin. -->","yoast_head_json":{"title":"Feed de Instagram de Lightspeed - InstaShow","description":"Utilice Lightspeed Instagram Feed para crear impresionantes galer\u00edas de im\u00e1genes de Instagram directamente en su tienda Lightspeed y atraer audiencia en un instante.","robots":{"index":"index","follow":"follow","max-snippet":"max-snippet:-1","max-image-preview":"max-image-preview:large","max-video-preview":"max-video-preview:-1"},"canonical":"https:\/\/elfsight.com\/es\/instagram-feed-instashow\/lightspeed\/","og_locale":"es_ES","og_type":"article","og_title":"Feed de Instagram de Lightspeed - InstaShow","og_description":"Utilice Lightspeed Instagram Feed para crear impresionantes galer\u00edas de im\u00e1genes de Instagram directamente en su tienda Lightspeed y atraer audiencia en un instante.","og_url":"https:\/\/elfsight.com\/es\/instagram-feed-instashow\/lightspeed\/","og_site_name":"Elfsight ES","article_modified_time":"2025-02-06T16:00:50+00:00","twitter_card":"summary_large_image","twitter_misc":{"Tiempo de lectura":"3 minutos"},"schema":{"@context":"https:\/\/schema.org","@graph":[{"@type":"WebPage","@id":"https:\/\/elfsight.com\/es\/instagram-feed-instashow\/lightspeed\/","url":"https:\/\/elfsight.com\/es\/instagram-feed-instashow\/lightspeed\/","name":"Feed de Instagram de Lightspeed - InstaShow","isPartOf":{"@id":"https:\/\/elfsight.com\/es\/#website"},"datePublished":"1970-01-01T00:00:00+00:00","dateModified":"2025-02-06T16:00:50+00:00","description":"Utilice Lightspeed Instagram Feed para crear impresionantes galer\u00edas de im\u00e1genes de Instagram directamente en su tienda Lightspeed y atraer audiencia en un instante.","breadcrumb":{"@id":"https:\/\/elfsight.com\/es\/instagram-feed-instashow\/lightspeed\/#breadcrumb"},"inLanguage":"es","potentialAction":[{"@type":"ReadAction","target":["https:\/\/elfsight.com\/es\/instagram-feed-instashow\/lightspeed\/"]}]},{"@type":"BreadcrumbList","@id":"https:\/\/elfsight.com\/es\/instagram-feed-instashow\/lightspeed\/#breadcrumb","itemListElement":[{"@type":"ListItem","position":1,"name":"Home","item":"https:\/\/elfsight.com\/es\/"},{"@type":"ListItem","position":2,"name":"Instagram Feed","item":"https:\/\/elfsight.com\/es\/instagram-feed-instashow\/"},{"@type":"ListItem","position":3,"name":"InstaShow Lightspeed"}]},{"@type":"WebSite","@id":"https:\/\/elfsight.com\/es\/#website","url":"https:\/\/elfsight.com\/es\/","name":"Elfsight ES","description":"Just another Elfsight Sites site","potentialAction":[{"@type":"SearchAction","target":{"@type":"EntryPoint","urlTemplate":"https:\/\/elfsight.com\/es\/?s={search_term_string}"},"query-input":{"@type":"PropertyValueSpecification","valueRequired":true,"valueName":"search_term_string"}}],"inLanguage":"es"}]}},"meta_box":{"industry":"","seo_heading":"","heading":"","description":"","cta_heading":"","cta_description":"","application":"1441","h1":"Aplicaci\u00f3n Instagram Feed para Lightspeed","h1_caption":"Muestre fotos y videos de Instagram para convertir a los visitantes de su sitio web en seguidores","application_category":[],"applications_title":"","applications_request_title":"","applications_request_button_text":"","hero_text":"","hero_video":"","hero_video_schema_markup":"","selling_points_title":"","selling_points_caption":"","selling_points":[],"selling_points_cta_text":"","features_title":"","features":"","ed_cta_examples_text":"","ed_cta_examples_hidden":"","ed_cta_demo_text":"","ed_cta_demo_hidden":"","why_caption":"","why_editor_title":"","why_editor_text":"","why_team_title":"","why_team_text":"","why_service_title":"","why_service_text":"","template_catalog_visible":"","template_catalog_title":"","template_catalog_text":"","template_catalog_categories_visible":"","demo_title":"\u00a1Dise\u00f1a feeds de Instagram gratis!","demo_caption":"Pruebe su feed de Instagram para un sitio web Lightspeed utilizando nuestro r\u00e1pido editor gratuito.","default_faq_hidden":"","app_template_category":[],"platform":"2217","template_public_id":"","codecanyon_url":"","codecanyon_item_id":"","codecanyon_price":"","pricing_caption":"","pricing_elfsight_apps_hide_column":"","pricing_elfsight_apps_url":"","pricing_codecanyon_price_caption":"","integration_category":[],"integration_request_title":"","integration_request_cta":"","integration_platform":"","integrations":[],"platform_category":[],"video_schema_markup":"","price":"desde $0 \/ mes","trial":"","benefits":[{"text":"Servicio de instalaci\u00f3n gratuito"},{"text":"Soporte premium"},{"text":"Garant\u00eda de devoluci\u00f3n de dinero de 14 d\u00edas"},{"text":"Actualizaciones gratuitas continuas"}],"button_url":"#demo","button_target_blank":"","button_nofollow":"","attributes":[{"name":"Instalaciones","content":"10,000 - 100,000"},{"name":"Sensible","content":"S\u00ed"},{"name":"Navegadores compatibles","content":"IE11, Firefox, Safari, Opera, Chrome, Edge"}],"tags":[],"tags_disable_links":"","hide_more_platforms":"","video_object":"","demo_hide_cta":"","demo_hide_cloud_options":"","pricing_title":"","pricing":[{"pricing_icon":"platform","pricing_title":"Lightspeed app","pricing_title_caption":"Funciona en cualquier sitio web de Lightspeed","pricing_price":"desde $0 \/ mes","pricing_price_caption":"Comience con una prueba de 14 d\u00edas","pricing_benefits":[{"text":"Aplicaci\u00f3n nativa Lightspeed"},{"text":"Un pago para su sitio web y aplicaci\u00f3n"},{"text":"Configure la aplicaci\u00f3n directamente en su sitio web"},{"text":"Totalmente personalizable para satisfacer sus necesidades"}],"pricing_button_text":"A\u00f1adir al sitio web","pricing_button_url":"#demo"}],"related_apps_title":"","related_apps_hidden":"","author":"","image":[],"title":"","job":"","social_networks":[]},"_links":{"self":[{"href":"https:\/\/elfsight.com\/es\/wp-json\/wp\/v2\/pages\/7108","targetHints":{"allow":["GET"]}}],"collection":[{"href":"https:\/\/elfsight.com\/es\/wp-json\/wp\/v2\/pages"}],"about":[{"href":"https:\/\/elfsight.com\/es\/wp-json\/wp\/v2\/types\/page"}],"author":[{"embeddable":true,"href":"https:\/\/elfsight.com\/es\/wp-json\/wp\/v2\/users\/9"}],"replies":[{"embeddable":true,"href":"https:\/\/elfsight.com\/es\/wp-json\/wp\/v2\/comments?post=7108"}],"version-history":[{"count":2,"href":"https:\/\/elfsight.com\/es\/wp-json\/wp\/v2\/pages\/7108\/revisions"}],"predecessor-version":[{"id":19024,"href":"https:\/\/elfsight.com\/es\/wp-json\/wp\/v2\/pages\/7108\/revisions\/19024"}],"up":[{"embeddable":true,"href":"https:\/\/elfsight.com\/es\/wp-json\/wp\/v2\/pages\/1442"}],"wp:attachment":[{"href":"https:\/\/elfsight.com\/es\/wp-json\/wp\/v2\/media?parent=7108"}],"curies":[{"name":"wp","href":"https:\/\/api.w.org\/{rel}","templated":true}]}}