{"id":7107,"date":"1970-01-01T00:00:00","date_gmt":"1970-01-01T00:00:00","guid":{"rendered":"https:\/\/elfsight.com\/es\/?page_id=7107"},"modified":"2025-02-06T16:00:50","modified_gmt":"2025-02-06T16:00:50","slug":"cornerstone","status":"publish","type":"page","link":"https:\/\/elfsight.com\/es\/instagram-feed-instashow\/cornerstone\/","title":{"rendered":"InstaShow Cornerstone"},"content":{"rendered":"<div class=\"application-platform-content-item-description application-platform-content-item\" id=\"description\" data-nav-section=\"description\"> <h2>Descripci\u00f3n<\/h2><p>InstaShow es un poderoso complemento de Instagram, que permite dise\u00f1ar maravillosas colecciones a partir de im\u00e1genes y videos de Instagram. Una cantidad ilimitada de variaciones de personalizaci\u00f3n de tu p\u00e1gina personal: todo tipo de fuentes, filtros de feed, m\u00e1s de 70 preferencias flexibles y 10 combinaciones de colores, y 100% adaptable para varias resoluciones. Aplique un complemento totalmente receptivo y eficiente para despertar el inter\u00e9s de los usuarios de su sitio en un instante. <\/p><ul><li><b>Sube de nivel el \u00edndice de conversi\u00f3n<\/b><br>Habla sobre tus productos o servicios a trav\u00e9s de im\u00e1genes de Instagram con la ayuda de hashtags, ubicaciones, cuentas o mediante una URL necesaria, para mejorar el rendimiento de tu sitio web. <\/li> <li><b>Anuncie su perfil de Instagram<\/b><br>Impulse a\u00fan m\u00e1s su perfil en Instagram a trav\u00e9s del sitio web, permita que m\u00e1s lectores lo conozcan y se conviertan en sus fans.<\/li> <li><b>Mayor compromiso de los visitantes<\/b><br>Impresione a los visitantes y evoque emociones profundas en los usuarios, con la ayuda de fotos de Instagram, para lograr un mayor compromiso. <\/li><\/ul><\/div><div class=\"application-platform-content-item-features application-platform-content-item\" id=\"features\" data-nav-section=\"features\"><h2>Caracter\u00edsticas<\/h2><p>Las caracter\u00edsticas b\u00e1sicas de nuestra extensi\u00f3n que la convierten en el mejor m\u00e9todo fundamental para agregar Instagram: <\/p><ul><li>Agregar contenido por URL, hashtags y nombres de usuario;<\/li><li>2 dise\u00f1os de feed listos para usar: Control deslizante y Cuadr\u00edcula;<\/li><li>Duplicar y reordenar botones de llamada a la acci\u00f3n;<\/li><li>11 elementos que se pueden pintar;<\/li><li>Opci\u00f3n de optimizaci\u00f3n m\u00f3vil para varios dispositivos.<\/li><\/ul><p><a href=\"#demo\">M\u00e1s funciones en nuestro editor<\/a><\/p><\/div><div class=\"application-platform-content-item-installation application-platform-content-item\" id=\"installation\" data-nav-section=\"installation\"><h2>\u00bfC\u00f3mo puedo agregar Instagram Feed a mi sitio web de Cornerstone? pagina? <\/h2> <p>Simplemente siga las pautas a continuaci\u00f3n para comenzar a utilizar la herramienta. <\/p> <ol><li><b>Realice nuestra demostraci\u00f3n gratuita y comience a construir su instrumento personalizado. <\/b><br> Elija el dise\u00f1o y los par\u00e1metros preferibles del widget y aplique las correcciones. <\/li> <li><b>Reciba su c\u00f3digo personal que se muestra en la ventana de Elfsight Apps. <\/b><br> Tan pronto como finalice la creaci\u00f3n de su herramienta, copie el c\u00f3digo exclusivo del cuadro que aparece y gu\u00e1rdelo para usarlo m\u00e1s adelante. <\/li> <li><b>Ingrese al uso del complemento en su sitio Cornerstone. <\/b><br> Pegue el c\u00f3digo guardado anteriormente en su p\u00e1gina de inicio y aplique los ajustes. <\/li> <li><b>\u00a1Listo! La integraci\u00f3n se realiza con \u00e9xito. <\/b><br>Visite su sitio para ver el funcionamiento del complemento. <\/li><\/ol> <p>Con la condici\u00f3n de resolver dudas o enfrentar cualquier problema, no dude en ponerse en contacto con nuestro personal de atenci\u00f3n al cliente. Nuestros asesores est\u00e1n deseando resolver todas las dificultades que pueda tener con el producto. <\/p> <\/div>","protected":false},"excerpt":{"rendered":"","protected":false},"author":9,"featured_media":0,"parent":1442,"menu_order":0,"comment_status":"closed","ping_status":"closed","template":"templates\/template-application-platform.php","meta":{"publish_to_discourse":"","publish_post_category":"","wpdc_auto_publish_overridden":"","wpdc_topic_tags":"","wpdc_pin_topic":"","wpdc_pin_until":"","discourse_post_id":"","discourse_permalink":"","wpdc_publishing_response":"","wpdc_publishing_error":"","footnotes":""},"class_list":["post-7107","page","type-page","status-publish","hentry"],"yoast_head":"<!-- This site is optimized with the Yoast SEO plugin v25.3.1 - https:\/\/yoast.com\/wordpress\/plugins\/seo\/ -->\n<title>Extensi\u00f3n de piedra angular del feed de Instagram - InstaShow<\/title>\n<meta name=\"description\" content=\"Versi\u00f3n especial de InstaShow: uno de los mejores feeds de Instagram para sitios web con Cornerstone Page Builder en su interior. Ampliaci\u00f3n de piedra angular de alta calificaci\u00f3n.\" \/>\n<meta name=\"robots\" content=\"index, follow, max-snippet:-1, max-image-preview:large, max-video-preview:-1\" \/>\n<link rel=\"canonical\" href=\"https:\/\/elfsight.com\/es\/instagram-feed-instashow\/cornerstone\/\" \/>\n<meta property=\"og:locale\" content=\"es_ES\" \/>\n<meta property=\"og:type\" content=\"article\" \/>\n<meta property=\"og:title\" content=\"Extensi\u00f3n de piedra angular del feed de Instagram - InstaShow\" \/>\n<meta property=\"og:description\" content=\"Versi\u00f3n especial de InstaShow: uno de los mejores feeds de Instagram para sitios web con Cornerstone Page Builder en su interior. Ampliaci\u00f3n de piedra angular de alta calificaci\u00f3n.\" \/>\n<meta property=\"og:url\" content=\"https:\/\/elfsight.com\/es\/instagram-feed-instashow\/cornerstone\/\" \/>\n<meta property=\"og:site_name\" content=\"Elfsight ES\" \/>\n<meta property=\"article:modified_time\" content=\"2025-02-06T16:00:50+00:00\" \/>\n<meta name=\"twitter:card\" content=\"summary_large_image\" \/>\n<meta name=\"twitter:label1\" content=\"Tiempo de lectura\" \/>\n\t<meta name=\"twitter:data1\" content=\"2 minutos\" \/>\n<!-- \/ Yoast SEO plugin. -->","yoast_head_json":{"title":"Extensi\u00f3n de piedra angular del feed de Instagram - InstaShow","description":"Versi\u00f3n especial de InstaShow: uno de los mejores feeds de Instagram para sitios web con Cornerstone Page Builder en su interior. Ampliaci\u00f3n de piedra angular de alta calificaci\u00f3n.","robots":{"index":"index","follow":"follow","max-snippet":"max-snippet:-1","max-image-preview":"max-image-preview:large","max-video-preview":"max-video-preview:-1"},"canonical":"https:\/\/elfsight.com\/es\/instagram-feed-instashow\/cornerstone\/","og_locale":"es_ES","og_type":"article","og_title":"Extensi\u00f3n de piedra angular del feed de Instagram - InstaShow","og_description":"Versi\u00f3n especial de InstaShow: uno de los mejores feeds de Instagram para sitios web con Cornerstone Page Builder en su interior. Ampliaci\u00f3n de piedra angular de alta calificaci\u00f3n.","og_url":"https:\/\/elfsight.com\/es\/instagram-feed-instashow\/cornerstone\/","og_site_name":"Elfsight ES","article_modified_time":"2025-02-06T16:00:50+00:00","twitter_card":"summary_large_image","twitter_misc":{"Tiempo de lectura":"2 minutos"},"schema":{"@context":"https:\/\/schema.org","@graph":[{"@type":"WebPage","@id":"https:\/\/elfsight.com\/es\/instagram-feed-instashow\/cornerstone\/","url":"https:\/\/elfsight.com\/es\/instagram-feed-instashow\/cornerstone\/","name":"Extensi\u00f3n de piedra angular del feed de Instagram - InstaShow","isPartOf":{"@id":"https:\/\/elfsight.com\/es\/#website"},"datePublished":"1970-01-01T00:00:00+00:00","dateModified":"2025-02-06T16:00:50+00:00","description":"Versi\u00f3n especial de InstaShow: uno de los mejores feeds de Instagram para sitios web con Cornerstone Page Builder en su interior. Ampliaci\u00f3n de piedra angular de alta calificaci\u00f3n.","breadcrumb":{"@id":"https:\/\/elfsight.com\/es\/instagram-feed-instashow\/cornerstone\/#breadcrumb"},"inLanguage":"es","potentialAction":[{"@type":"ReadAction","target":["https:\/\/elfsight.com\/es\/instagram-feed-instashow\/cornerstone\/"]}]},{"@type":"BreadcrumbList","@id":"https:\/\/elfsight.com\/es\/instagram-feed-instashow\/cornerstone\/#breadcrumb","itemListElement":[{"@type":"ListItem","position":1,"name":"Home","item":"https:\/\/elfsight.com\/es\/"},{"@type":"ListItem","position":2,"name":"Instagram Feed","item":"https:\/\/elfsight.com\/es\/instagram-feed-instashow\/"},{"@type":"ListItem","position":3,"name":"InstaShow Cornerstone"}]},{"@type":"WebSite","@id":"https:\/\/elfsight.com\/es\/#website","url":"https:\/\/elfsight.com\/es\/","name":"Elfsight ES","description":"Just another Elfsight Sites site","potentialAction":[{"@type":"SearchAction","target":{"@type":"EntryPoint","urlTemplate":"https:\/\/elfsight.com\/es\/?s={search_term_string}"},"query-input":{"@type":"PropertyValueSpecification","valueRequired":true,"valueName":"search_term_string"}}],"inLanguage":"es"}]}},"meta_box":{"industry":"","seo_heading":"","heading":"","description":"","cta_heading":"","cta_description":"","application":"1441","h1":"Extensi\u00f3n de feed de Instagram para Cornerstone","h1_caption":"Demostrar un feed con fotos y videos de Instagram para atraer a los usuarios en el sitio web.","application_category":[],"applications_title":"","applications_request_title":"","applications_request_button_text":"","hero_text":"","hero_video":"","hero_video_schema_markup":"","selling_points_title":"","selling_points_caption":"","selling_points":[],"selling_points_cta_text":"","features_title":"","features":"","ed_cta_examples_text":"","ed_cta_examples_hidden":"","ed_cta_demo_text":"","ed_cta_demo_hidden":"","why_caption":"","why_editor_title":"","why_editor_text":"","why_team_title":"","why_team_text":"","why_service_title":"","why_service_text":"","template_catalog_visible":"","template_catalog_title":"","template_catalog_text":"","template_catalog_categories_visible":"","demo_title":"\u00a1Crea feeds de Instagram gratis!","demo_caption":"Obtenga su sitio Instagram Feed para BigCommerce usando nuestra demostraci\u00f3n gratuita.","default_faq_hidden":"","app_template_category":[],"platform":"2155","template_public_id":"","codecanyon_url":"","codecanyon_item_id":"","codecanyon_price":"","pricing_caption":"","pricing_elfsight_apps_hide_column":"","pricing_elfsight_apps_url":"","pricing_codecanyon_price_caption":"","integration_category":[],"integration_request_title":"","integration_request_cta":"","integration_platform":"","integrations":[],"platform_category":[],"video_schema_markup":"","price":"desde $0 \/ mes","trial":"","benefits":[{"text":"Servicio de instalaci\u00f3n gratuito"},{"text":"Soporte premium"},{"text":"Garant\u00eda de devoluci\u00f3n de dinero de 14 d\u00edas"},{"text":"Actualizaciones gratuitas continuas"}],"button_url":"#demo","button_target_blank":"","button_nofollow":"","attributes":[{"name":"Instalaciones","content":"10,000 - 100,000"},{"name":"Sensible","content":"S\u00ed"},{"name":"Navegadores compatibles","content":"IE11, Firefox, Safari, Opera, Chrome, Edge"}],"tags":[],"tags_disable_links":"","hide_more_platforms":"","video_object":"","demo_hide_cta":"","demo_hide_cloud_options":"","pricing_title":"","pricing":[{"pricing_icon":"cloud","pricing_title":"Elfsight Apps","pricing_title_caption":"Versi\u00f3n multiplataforma que funciona en cualquier sitio web.","pricing_price":"desde $0 \/ mes","pricing_price_caption":"comienza con el plan gratuito","pricing_benefits":[{"text":"Sitios web ilimitados"},{"text":"Soporte premium"},{"text":"Servicio de instalaci\u00f3n gratuito"},{"text":"Oferta especial para m\u00faltiples aplicaciones."}],"pricing_button_text":"A\u00f1adir al sitio web","pricing_button_url":"#demo"}],"related_apps_title":"","related_apps_hidden":"","author":"","image":[],"title":"","job":"","social_networks":[]},"_links":{"self":[{"href":"https:\/\/elfsight.com\/es\/wp-json\/wp\/v2\/pages\/7107","targetHints":{"allow":["GET"]}}],"collection":[{"href":"https:\/\/elfsight.com\/es\/wp-json\/wp\/v2\/pages"}],"about":[{"href":"https:\/\/elfsight.com\/es\/wp-json\/wp\/v2\/types\/page"}],"author":[{"embeddable":true,"href":"https:\/\/elfsight.com\/es\/wp-json\/wp\/v2\/users\/9"}],"replies":[{"embeddable":true,"href":"https:\/\/elfsight.com\/es\/wp-json\/wp\/v2\/comments?post=7107"}],"version-history":[{"count":2,"href":"https:\/\/elfsight.com\/es\/wp-json\/wp\/v2\/pages\/7107\/revisions"}],"predecessor-version":[{"id":19025,"href":"https:\/\/elfsight.com\/es\/wp-json\/wp\/v2\/pages\/7107\/revisions\/19025"}],"up":[{"embeddable":true,"href":"https:\/\/elfsight.com\/es\/wp-json\/wp\/v2\/pages\/1442"}],"wp:attachment":[{"href":"https:\/\/elfsight.com\/es\/wp-json\/wp\/v2\/media?parent=7107"}],"curies":[{"name":"wp","href":"https:\/\/api.w.org\/{rel}","templated":true}]}}