{"id":7084,"date":"1970-01-01T00:00:00","date_gmt":"1970-01-01T00:00:00","guid":{"rendered":"https:\/\/elfsight.com\/es\/?page_id=7084"},"modified":"2025-02-06T16:00:57","modified_gmt":"2025-02-06T16:00:57","slug":"opencart","status":"publish","type":"page","link":"https:\/\/elfsight.com\/es\/instagram-feed-instashow\/opencart\/","title":{"rendered":"Instagram Feed &#8211; OpenCart"},"content":{"rendered":"<div class=\"application-platform-content-item-description application-platform-content-item\" id=\"description\" data-nav-section=\"description\"><h2>Insertar Instagram en Opencart con el m\u00f3dulo Elfsight<\/h2><p>InstaShow es un complemento responsivo de Instagram, que ayuda a configurar maravillosos portafolios a partir de fotos y videos de Instagram. Incluye una gran cantidad de opciones de personalizaci\u00f3n: admite todo tipo de fuentes y clasificaci\u00f3n de contenido, tiene m\u00e1s de 50 caracter\u00edsticas flexibles y 10 opciones de plantilla, y su interfaz responde completamente a todos los dispositivos.<\/p><p><b>Utilice una extensi\u00f3n de Instagram Opencart flexible y eficiente para despertar el inter\u00e9s de los lectores de su sitio.<\/b><\/p><ul><li><b>Aumente su tasa de conversi\u00f3n<\/b>.<br>Demuestre sus ofertas o servicios a trav\u00e9s de fotos de Instagram con la ayuda de hashtags, ubicaciones, cuenta o mediante una URL espec\u00edfica, para aumentar los resultados de su sitio web.<\/li><li><b>Promocione su perfil de Instagram<\/b>.<br>Popularice su p\u00e1gina en Instagram a trav\u00e9s del sitio web, permita que m\u00e1s visitantes lo vean y se conviertan en sus seguidores.<\/li><li><b>Mejor participaci\u00f3n de los usuarios<\/b>.<br>Haga que sus visitantes se sientan atra\u00eddos por el contenido maravilloso de Instagram y obtenga mayores logros engagement.<\/li><\/ul><\/div><div class=\"application-platform-content-item-features application-platform-content-item\" id=\"features\" data-nav-section=\"features\"><h2>Caracter\u00edsticas principales de la extensi\u00f3n Instagram Feed<\/h2><p>Las caracter\u00edsticas m\u00e1s potentes de nuestro complemento, que lo convierten en la mejor extensi\u00f3n de OpenCart para la integraci\u00f3n de Instagram en un sitio web:<\/p><ul><li>Utilice el filtro Excluir para limitar el n\u00famero de fuentes<\/li><li>Espacio de margen variable<\/li><li>Duplicar y reordenar botones de llamada a la acci\u00f3n<\/li><li>27 idiomas populares compatibles<\/li><li>13 combinaciones de colores listas para usar<\/li><\/ul><p><a href=\"#demo\">Consulta todas las opciones en nuestra demostraci\u00f3n<\/a><\/p><\/div><div class=\"application-platform-content-item-installation application-platform-content-item\" id=\"installation\" data-nav-section=\"installation\"><h2>C\u00f3mo agregar la extensi\u00f3n de Instagram al sitio web OpenCart<\/h2><p>Simplemente aplique las instrucciones a continuaci\u00f3n para comenzar a trabajar con la extensi\u00f3n en OpenCart.<\/p> <ol><li><b>Emplee nuestro editor gratuito y comience a formar su widget \u00fanico. <\/b><br> Elija el dise\u00f1o y las caracter\u00edsticas deseadas de la herramienta y guarde las modificaciones. <\/li> <li><b>Copia el c\u00f3digo personal que se muestra en el formulario especial de Elfsight Apps. <\/b><br> Cuando finalice el establecimiento de su feed de Instagram, copie el c\u00f3digo individual en la ventana que aparece y gu\u00e1rdelo para futuras necesidades. <\/li> <li><b>Ingrese al uso de la herramienta en el sitio OpenCart. <\/b><br>Implemente el c\u00f3digo que ha copiado recientemente en su sitio web y aplique los ajustes. <\/li> <li><b>La instalaci\u00f3n finaliz\u00f3 exitosamente. <\/b><br> Vaya a su p\u00e1gina para ver c\u00f3mo funciona el widget. <\/li><\/ol> <p>\u00bfTiene alg\u00fan problema con el m\u00f3dulo OpenCart Instagram o personaliza su feed personal de Instagram? Env\u00ede un mensaje a nuestro servicio de atenci\u00f3n al cliente.<\/p><\/div><div class=\"faq\" data-component=\"FAQ\"><div class=\"faq-item\">\r\n\t\t\t\t\t<div class=\"faq-item-question\">\r\n\t\t\t\t\t\t<h3 class=\"faq-item-question-text\">\u00bfC\u00f3mo insertar Instagram Feed gratis en OpenCart?<\/h3>\r\n\r\n\t\t\t\t\t\t<div class=\"faq-item-question-icon\"><\/div>\r\n\t\t\t\t\t<\/div>\r\n\r\n\t\t\t\t\t<div class=\"faq-item-answer\">\r\n\t\t\t\t\t\t<div class=\"faq-item-answer-text\"><ol><p>Integrar un <a href=\"https:\/\/elfsight.com\/blog\/how-to-embed-instagram-feed-on-website\/\">Instagram Feed<\/a> en su tienda OpenCart es una estrategia excepcional para mostrar sus publicaciones m\u00e1s recientes y fomentar la participaci\u00f3n de los clientes.<\/p><ol><li>Para insertar un feed de Instagram de Elfsight de forma gratuita en OpenCart, vaya al sitio web de Elfsight y reg\u00edstrese para obtener una cuenta sin costo.<\/li><li>Aproveche el widget gratuito de Instagram ajustando su apariencia y configuraci\u00f3n para alinearlo con el dise\u00f1o de su tienda OpenCart.<\/li><li>Despu\u00e9s de perfeccionar su feed de Instagram de forma gratuita, copie el c\u00f3digo de inserci\u00f3n distintivo y p\u00e9guelo en el HTML de su tienda OpenCart donde le gustar\u00eda que se muestre el feed.<\/li><\/ol><p>Al incorporar su feed de Instagram en su tienda OpenCart, mejorar\u00e1 su atractivo visual y promover\u00e1 la participaci\u00f3n continua de los clientes. \u00a1Disfruta de las ventajas del widget de Instagram de Elfsight sin ninguna carga financiera!<\/p><\/ol><\/div>\r\n\t\t\t\t\t<\/div>\r\n\t\t\t\t<\/div><\/div>","protected":false},"excerpt":{"rendered":"","protected":false},"author":9,"featured_media":0,"parent":1442,"menu_order":0,"comment_status":"closed","ping_status":"closed","template":"templates\/template-application-platform.php","meta":{"publish_to_discourse":"","publish_post_category":"","wpdc_auto_publish_overridden":"","wpdc_topic_tags":"","wpdc_pin_topic":"","wpdc_pin_until":"","discourse_post_id":"","discourse_permalink":"","wpdc_publishing_response":"","wpdc_publishing_error":"","footnotes":""},"class_list":["post-7084","page","type-page","status-publish","hentry"],"yoast_head":"<!-- This site is optimized with the Yoast SEO plugin v25.3.1 - https:\/\/yoast.com\/wordpress\/plugins\/seo\/ -->\n<title>Feed de Instagram: agregue el m\u00f3dulo de Instagram al sitio web de OpenCart<\/title>\n<meta name=\"description\" content=\"\u00a1Crea tu complemento premium de Instagram para el sitio OpenCart gratis! Cree un feed de Instagram individual en Elfsight en solo 2 minutos.\" \/>\n<meta name=\"robots\" content=\"index, follow, max-snippet:-1, max-image-preview:large, max-video-preview:-1\" \/>\n<link rel=\"canonical\" href=\"https:\/\/elfsight.com\/es\/instagram-feed-instashow\/opencart\/\" \/>\n<meta property=\"og:locale\" content=\"es_ES\" \/>\n<meta property=\"og:type\" content=\"article\" \/>\n<meta property=\"og:title\" content=\"Feed de Instagram: agregue el m\u00f3dulo de Instagram al sitio web de OpenCart\" \/>\n<meta property=\"og:description\" content=\"\u00a1Crea tu complemento premium de Instagram para el sitio OpenCart gratis! Cree un feed de Instagram individual en Elfsight en solo 2 minutos.\" \/>\n<meta property=\"og:url\" content=\"https:\/\/elfsight.com\/es\/instagram-feed-instashow\/opencart\/\" \/>\n<meta property=\"og:site_name\" content=\"Elfsight ES\" \/>\n<meta property=\"article:modified_time\" content=\"2025-02-06T16:00:57+00:00\" \/>\n<meta name=\"twitter:card\" content=\"summary_large_image\" \/>\n<meta name=\"twitter:label1\" content=\"Tiempo de lectura\" \/>\n\t<meta name=\"twitter:data1\" content=\"3 minutos\" \/>\n<!-- \/ Yoast SEO plugin. -->","yoast_head_json":{"title":"Feed de Instagram: agregue el m\u00f3dulo de Instagram al sitio web de OpenCart","description":"\u00a1Crea tu complemento premium de Instagram para el sitio OpenCart gratis! Cree un feed de Instagram individual en Elfsight en solo 2 minutos.","robots":{"index":"index","follow":"follow","max-snippet":"max-snippet:-1","max-image-preview":"max-image-preview:large","max-video-preview":"max-video-preview:-1"},"canonical":"https:\/\/elfsight.com\/es\/instagram-feed-instashow\/opencart\/","og_locale":"es_ES","og_type":"article","og_title":"Feed de Instagram: agregue el m\u00f3dulo de Instagram al sitio web de OpenCart","og_description":"\u00a1Crea tu complemento premium de Instagram para el sitio OpenCart gratis! Cree un feed de Instagram individual en Elfsight en solo 2 minutos.","og_url":"https:\/\/elfsight.com\/es\/instagram-feed-instashow\/opencart\/","og_site_name":"Elfsight ES","article_modified_time":"2025-02-06T16:00:57+00:00","twitter_card":"summary_large_image","twitter_misc":{"Tiempo de lectura":"3 minutos"},"schema":{"@context":"https:\/\/schema.org","@graph":[{"@type":"WebPage","@id":"https:\/\/elfsight.com\/es\/instagram-feed-instashow\/opencart\/","url":"https:\/\/elfsight.com\/es\/instagram-feed-instashow\/opencart\/","name":"Feed de Instagram: agregue el m\u00f3dulo de Instagram al sitio web de OpenCart","isPartOf":{"@id":"https:\/\/elfsight.com\/es\/#website"},"datePublished":"1970-01-01T00:00:00+00:00","dateModified":"2025-02-06T16:00:57+00:00","description":"\u00a1Crea tu complemento premium de Instagram para el sitio OpenCart gratis! Cree un feed de Instagram individual en Elfsight en solo 2 minutos.","breadcrumb":{"@id":"https:\/\/elfsight.com\/es\/instagram-feed-instashow\/opencart\/#breadcrumb"},"inLanguage":"es","potentialAction":[{"@type":"ReadAction","target":["https:\/\/elfsight.com\/es\/instagram-feed-instashow\/opencart\/"]}]},{"@type":"BreadcrumbList","@id":"https:\/\/elfsight.com\/es\/instagram-feed-instashow\/opencart\/#breadcrumb","itemListElement":[{"@type":"ListItem","position":1,"name":"Home","item":"https:\/\/elfsight.com\/es\/"},{"@type":"ListItem","position":2,"name":"Instagram Feed","item":"https:\/\/elfsight.com\/es\/instagram-feed-instashow\/"},{"@type":"ListItem","position":3,"name":"Instagram Feed &#8211; OpenCart"}]},{"@type":"WebSite","@id":"https:\/\/elfsight.com\/es\/#website","url":"https:\/\/elfsight.com\/es\/","name":"Elfsight ES","description":"Just another Elfsight Sites site","potentialAction":[{"@type":"SearchAction","target":{"@type":"EntryPoint","urlTemplate":"https:\/\/elfsight.com\/es\/?s={search_term_string}"},"query-input":{"@type":"PropertyValueSpecification","valueRequired":true,"valueName":"search_term_string"}}],"inLanguage":"es"}]}},"meta_box":{"industry":"","seo_heading":"","heading":"","description":"","cta_heading":"","cta_description":"","application":"1441","h1":"Extensi\u00f3n de feed de Instagram para OpenCart","h1_caption":"Una herramienta superior para insertar publicaciones de Instagram en un sitio web","application_category":[],"applications_title":"","applications_request_title":"","applications_request_button_text":"","hero_text":"","hero_video":"","hero_video_schema_markup":"","selling_points_title":"","selling_points_caption":"","selling_points":[],"selling_points_cta_text":"","features_title":"","features":"","ed_cta_examples_text":"","ed_cta_examples_hidden":"","ed_cta_demo_text":"","ed_cta_demo_hidden":"","why_caption":"","why_editor_title":"","why_editor_text":"","why_team_title":"","why_team_text":"","why_service_title":"","why_service_text":"","template_catalog_visible":"","template_catalog_title":"","template_catalog_text":"","template_catalog_categories_visible":"","demo_title":"Crea tu extensi\u00f3n de feed de Instagram","demo_caption":"\u00a1Configure su feed de Instagram y agr\u00e9guelo a su sitio web OpenCart de forma gratuita!","default_faq_hidden":"","app_template_category":[],"platform":"88","template_public_id":"","codecanyon_url":"","codecanyon_item_id":"","codecanyon_price":"","pricing_caption":"","pricing_elfsight_apps_hide_column":"","pricing_elfsight_apps_url":"","pricing_codecanyon_price_caption":"","integration_category":[],"integration_request_title":"","integration_request_cta":"","integration_platform":"","integrations":[],"platform_category":[],"video_schema_markup":"","price":"desde $0 \/ mes","trial":"","benefits":[{"text":"Asistencia de instalaci\u00f3n gratuita"},{"text":"Servicio al cliente competente"},{"text":"Garant\u00eda de reembolso de 14 d\u00edas"},{"text":"Mejoras continuas y gratuitas"}],"button_url":"#demo","button_target_blank":"","button_nofollow":"","attributes":[{"name":"Instalaciones","content":"100,000 - 500,000"},{"name":"Sensible","content":"S\u00ed"},{"name":"Navegadores compatibles","content":"Opera, Edge, Chrome, Safari, Firefox"}],"tags":[],"tags_disable_links":"","hide_more_platforms":"","video_object":"","demo_hide_cta":"","demo_hide_cloud_options":"","pricing_title":"","pricing":[{"pricing_icon":"cloud","pricing_title":"Elfsight Apps","pricing_title_caption":"Soluci\u00f3n multiplataforma que funciona en cualquier sitio web","pricing_price":"desde $0 \/ mes","pricing_price_caption":"comienza con el plan gratuito","pricing_benefits":[{"text":"Dominios ilimitados"},{"text":"Atenci\u00f3n al cliente dedicada"},{"text":"Servicio de instalaci\u00f3n gratuito"},{"text":"Dise\u00f1o flexible"}],"pricing_button_text":"A\u00f1adir al sitio web","pricing_button_url":"#demo"}],"related_apps_title":"","related_apps_hidden":"","author":"","image":[],"title":"","job":"","social_networks":[]},"_links":{"self":[{"href":"https:\/\/elfsight.com\/es\/wp-json\/wp\/v2\/pages\/7084","targetHints":{"allow":["GET"]}}],"collection":[{"href":"https:\/\/elfsight.com\/es\/wp-json\/wp\/v2\/pages"}],"about":[{"href":"https:\/\/elfsight.com\/es\/wp-json\/wp\/v2\/types\/page"}],"author":[{"embeddable":true,"href":"https:\/\/elfsight.com\/es\/wp-json\/wp\/v2\/users\/9"}],"replies":[{"embeddable":true,"href":"https:\/\/elfsight.com\/es\/wp-json\/wp\/v2\/comments?post=7084"}],"version-history":[{"count":2,"href":"https:\/\/elfsight.com\/es\/wp-json\/wp\/v2\/pages\/7084\/revisions"}],"predecessor-version":[{"id":19028,"href":"https:\/\/elfsight.com\/es\/wp-json\/wp\/v2\/pages\/7084\/revisions\/19028"}],"up":[{"embeddable":true,"href":"https:\/\/elfsight.com\/es\/wp-json\/wp\/v2\/pages\/1442"}],"wp:attachment":[{"href":"https:\/\/elfsight.com\/es\/wp-json\/wp\/v2\/media?parent=7084"}],"curies":[{"name":"wp","href":"https:\/\/api.w.org\/{rel}","templated":true}]}}