{"id":7074,"date":"1970-01-01T00:00:00","date_gmt":"1970-01-01T00:00:00","guid":{"rendered":"https:\/\/elfsight.com\/es\/?page_id=7074"},"modified":"2025-02-06T16:00:57","modified_gmt":"2025-02-06T16:00:57","slug":"jimdo","status":"publish","type":"page","link":"https:\/\/elfsight.com\/es\/instagram-feed-instashow\/jimdo\/","title":{"rendered":"Instagram Feed &#8211; Jimdo"},"content":{"rendered":"<div class=\"application-platform-content-item-description application-platform-content-item\" id=\"description\" data-nav-section=\"description\"> <h2>Descripci\u00f3n<\/h2> <p>Elfsight Instagram Feed para Jimdo es un complemento que tiene como objetivo ayudarlo en todas las necesidades actuales para obtener impresiones y solicitudes de los clientes de su sitio web. Revele los elementos cruciales para completar, seleccione la plantilla requerida y personalice la interfaz para impulsar a sus clientes a dejar solicitudes de servicios que ofrece su empresa. El Feed de Instagram est\u00e1 dise\u00f1ado para satisfacer todas sus necesidades de obtener comentarios y mantenerse siempre en contacto con su clientela. <\/p><p><b>\u00a1A\u00f1ade el feed de Instagram para alcanzar tus objetivos de comercio electr\u00f3nico con menos esfuerzo! <\/b><\/p> <\/div> <div class=\"application-platform-content-item-features application-platform-content-item\" id=\"features\" data-nav-section=\"features\"> <h2>A continuaci\u00f3n encontrar\u00e1 las caracter\u00edsticas fundamentales del widget: <\/h2> <ul><li>Agregue feed desde su perfil a un sitio web<\/li><li>2 dise\u00f1os de feed listos para usar: control deslizante y cuadr\u00edcula<\/li><li>Dos plantillas de publicaciones: cl\u00e1sica y mosaico<\/li><li>N\u00famero ajustable de columnas y filas<\/li><li>Botones de llamada a la acci\u00f3n <\/li><li>Configuraci\u00f3n de publicaci\u00f3n amplia con elementos de publicaci\u00f3n y ventanas emergentes<\/li><li>Acci\u00f3n al hacer clic en la imagen <\/li><\/ul><p><a href=\"#demo\">Pruebe todas las funciones de personalizaci\u00f3n en una demostraci\u00f3n con todas las funciones<\/a><\/p> <\/div> <div class=\"application-platform-content-item-installation application-platform-content-item\" id=\"installation\" data-nav-section=\"installation\"> <h2>\u00bfC\u00f3mo incrusto? \u00bfFeed de Instagram en mi sitio Jimdo? <\/h2> <p>Simplemente siga las pautas a continuaci\u00f3n para comenzar a trabajar con el widget. <\/p> <ol><li><b>Inicie nuestra demostraci\u00f3n gratuita y comience a crear su propio widget. <\/b><br> Determine la forma y las caracter\u00edsticas preferibles del widget y aplique las ediciones. <\/li> <li><b>Haga que su c\u00f3digo personal aparezca en la ventana de Elfsight Apps. <\/b><br> Una vez finalizada la personalizaci\u00f3n de su widget, copie el c\u00f3digo individual en la ventana emergente y gu\u00e1rdelo para ocasiones posteriores. <\/li> <li><b>Iniciar el uso del widget en el sitio web de Jimdo. <\/b><br>Integre el c\u00f3digo guardado anteriormente en su sitio web y aplique las correcciones. <\/li> <li><b>\u00a1Listo! La integraci\u00f3n se realiza con \u00e9xito. <\/b><br>Vaya a su p\u00e1gina para observar el rendimiento del widget. <\/li><\/ol> <p>Si tiene alguna dificultad, no dude en ponerse en contacto con nuestro personal de atenci\u00f3n al cliente. Nuestra gente estar\u00e1 encantada de ayudarle con todas las dificultades que pueda tener con la herramienta. <\/p> <\/div><div class=\"faq\" data-component=\"FAQ\"><div class=\"faq-item\">\r\n\t\t\t\t\t<div class=\"faq-item-question\">\r\n\t\t\t\t\t\t<h3 class=\"faq-item-question-text\">\u00bfHay alguna forma de incrustar el feed de Instagram en mi p\u00e1gina web Jimdo sin necesidad de codificaci\u00f3n?<\/h3>\r\n\r\n\t\t\t\t\t\t<div class=\"faq-item-question-icon\"><\/div>\r\n\t\t\t\t\t<\/div>\r\n\r\n\t\t\t\t\t<div class=\"faq-item-answer\">\r\n\t\t\t\t\t\t<div class=\"faq-item-answer-text\"><p>La empresa Elfsight proporciona una soluci\u00f3n SaaS que permite a los usuarios crear una secci\u00f3n de feed de Instagram ellos mismos. Descubra los sencillos pasos: <\/p><ul><li>Vaya a la demostraci\u00f3n en l\u00ednea para establecer una aplicaci\u00f3n de feed de Instagram que le gustar\u00eda agregar a su Sitio Jimdo.<\/li><li>Seleccione una de las plantillas predise\u00f1adas y modifique la configuraci\u00f3n del feed de Instagram, actualice su contenido, modifique el dise\u00f1o y los colores sin ning\u00fan tipo de codificaci\u00f3n.<\/li><li>Haga clic para guardar el feed de Instagram y obtenga el c\u00f3digo de instalaci\u00f3n del complemento, que puede incrustarse en su p\u00e1gina de inicio de Jimdo sin necesidad de comprar una versi\u00f3n paga. <\/li><\/ul><p>Al trabajar en el Configurador f\u00e1cil de usar, cada usuario web puede crear un feed de Instagram y agregarlo sin esfuerzo a la p\u00e1gina web de Jimdo. No debe pagar ni enviar los datos de su tarjeta para ingresar a Elfsight Editor. Si encuentra alg\u00fan obst\u00e1culo de cualquier tipo, p\u00f3ngase en contacto con nuestro personal de soporte.<\/p><\/div>\r\n\t\t\t\t\t<\/div>\r\n\t\t\t\t<\/div><div class=\"faq-item\">\r\n\t\t\t\t\t<div class=\"faq-item-question\">\r\n\t\t\t\t\t\t<h3 class=\"faq-item-question-text\">\u00bfC\u00f3mo insertar un feed de Instagram gratis en Jimdo?<\/h3>\r\n\r\n\t\t\t\t\t\t<div class=\"faq-item-question-icon\"><\/div>\r\n\t\t\t\t\t<\/div>\r\n\r\n\t\t\t\t\t<div class=\"faq-item-answer\">\r\n\t\t\t\t\t\t<div class=\"faq-item-answer-text\"><ol><p>Incrustar un feed de Instagram en su sitio web Jimdo es una excelente forma de destacar sus publicaciones m\u00e1s recientes y mantener alta la participaci\u00f3n de los visitantes.<\/p><ol><li>Para <a href=\"https:\/\/elfsight.com\/blog\/how-to-embed-instagram-feed-on-website\/\">integre el feed de Instagram<\/a> gratis en Jimdo, dir\u00edjase al sitio web de Elfsight y configure una cuenta gratuita.<\/li><li>Utilice el widget gratuito de Instagram personalizando su apariencia y configuraci\u00f3n para armonizar con la est\u00e9tica de su sitio Jimdo.<\/li><li>Despu\u00e9s de ajustar su feed de Instagram de forma gratuita, copie el c\u00f3digo de inserci\u00f3n distintivo y p\u00e9galo en el HTML de tu p\u00e1gina Jimdo donde quieras que se muestre el feed.<\/li><\/ol><p>Al incluir tu feed de Instagram en tu sitio web Jimdo, potenciar\u00e1s su encanto visual y garantizar\u00e1s una interacci\u00f3n constante con los visitantes. \u00a1Aprovecha las ventajas del widget de Instagram de Elfsight sin coste alguno para ti!<\/p><\/ol><\/div>\r\n\t\t\t\t\t<\/div>\r\n\t\t\t\t<\/div><\/div>","protected":false},"excerpt":{"rendered":"","protected":false},"author":9,"featured_media":0,"parent":1442,"menu_order":0,"comment_status":"closed","ping_status":"closed","template":"templates\/template-application-platform.php","meta":{"publish_to_discourse":"","publish_post_category":"","wpdc_auto_publish_overridden":"","wpdc_topic_tags":"","wpdc_pin_topic":"","wpdc_pin_until":"","discourse_post_id":"","discourse_permalink":"","wpdc_publishing_response":"","wpdc_publishing_error":"","footnotes":""},"class_list":["post-7074","page","type-page","status-publish","hentry"],"yoast_head":"<!-- This site is optimized with the Yoast SEO plugin v25.3.1 - https:\/\/yoast.com\/wordpress\/plugins\/seo\/ -->\n<title>Feed de Instagram: a\u00f1ade el widget de Instagram al sitio web de Jimdo<\/title>\n<meta name=\"description\" content=\"\u00a1Prueba el widget premium de Instagram para el sitio Jimdo ahora mismo! Genere un feed de Instagram personalizado en Elfsight solo en 2 minutos.\" \/>\n<meta name=\"robots\" content=\"index, follow, max-snippet:-1, max-image-preview:large, max-video-preview:-1\" \/>\n<link rel=\"canonical\" href=\"https:\/\/elfsight.com\/es\/instagram-feed-instashow\/jimdo\/\" \/>\n<meta property=\"og:locale\" content=\"es_ES\" \/>\n<meta property=\"og:type\" content=\"article\" \/>\n<meta property=\"og:title\" content=\"Feed de Instagram: a\u00f1ade el widget de Instagram al sitio web de Jimdo\" \/>\n<meta property=\"og:description\" content=\"\u00a1Prueba el widget premium de Instagram para el sitio Jimdo ahora mismo! Genere un feed de Instagram personalizado en Elfsight solo en 2 minutos.\" \/>\n<meta property=\"og:url\" content=\"https:\/\/elfsight.com\/es\/instagram-feed-instashow\/jimdo\/\" \/>\n<meta property=\"og:site_name\" content=\"Elfsight ES\" \/>\n<meta property=\"article:modified_time\" content=\"2025-02-06T16:00:57+00:00\" \/>\n<meta name=\"twitter:card\" content=\"summary_large_image\" \/>\n<meta name=\"twitter:label1\" content=\"Tiempo de lectura\" \/>\n\t<meta name=\"twitter:data1\" content=\"4 minutos\" \/>\n<!-- \/ Yoast SEO plugin. -->","yoast_head_json":{"title":"Feed de Instagram: a\u00f1ade el widget de Instagram al sitio web de Jimdo","description":"\u00a1Prueba el widget premium de Instagram para el sitio Jimdo ahora mismo! Genere un feed de Instagram personalizado en Elfsight solo en 2 minutos.","robots":{"index":"index","follow":"follow","max-snippet":"max-snippet:-1","max-image-preview":"max-image-preview:large","max-video-preview":"max-video-preview:-1"},"canonical":"https:\/\/elfsight.com\/es\/instagram-feed-instashow\/jimdo\/","og_locale":"es_ES","og_type":"article","og_title":"Feed de Instagram: a\u00f1ade el widget de Instagram al sitio web de Jimdo","og_description":"\u00a1Prueba el widget premium de Instagram para el sitio Jimdo ahora mismo! Genere un feed de Instagram personalizado en Elfsight solo en 2 minutos.","og_url":"https:\/\/elfsight.com\/es\/instagram-feed-instashow\/jimdo\/","og_site_name":"Elfsight ES","article_modified_time":"2025-02-06T16:00:57+00:00","twitter_card":"summary_large_image","twitter_misc":{"Tiempo de lectura":"4 minutos"},"schema":{"@context":"https:\/\/schema.org","@graph":[{"@type":"WebPage","@id":"https:\/\/elfsight.com\/es\/instagram-feed-instashow\/jimdo\/","url":"https:\/\/elfsight.com\/es\/instagram-feed-instashow\/jimdo\/","name":"Feed de Instagram: a\u00f1ade el widget de Instagram al sitio web de Jimdo","isPartOf":{"@id":"https:\/\/elfsight.com\/es\/#website"},"datePublished":"1970-01-01T00:00:00+00:00","dateModified":"2025-02-06T16:00:57+00:00","description":"\u00a1Prueba el widget premium de Instagram para el sitio Jimdo ahora mismo! Genere un feed de Instagram personalizado en Elfsight solo en 2 minutos.","breadcrumb":{"@id":"https:\/\/elfsight.com\/es\/instagram-feed-instashow\/jimdo\/#breadcrumb"},"inLanguage":"es","potentialAction":[{"@type":"ReadAction","target":["https:\/\/elfsight.com\/es\/instagram-feed-instashow\/jimdo\/"]}]},{"@type":"BreadcrumbList","@id":"https:\/\/elfsight.com\/es\/instagram-feed-instashow\/jimdo\/#breadcrumb","itemListElement":[{"@type":"ListItem","position":1,"name":"Home","item":"https:\/\/elfsight.com\/es\/"},{"@type":"ListItem","position":2,"name":"Instagram Feed","item":"https:\/\/elfsight.com\/es\/instagram-feed-instashow\/"},{"@type":"ListItem","position":3,"name":"Instagram Feed &#8211; Jimdo"}]},{"@type":"WebSite","@id":"https:\/\/elfsight.com\/es\/#website","url":"https:\/\/elfsight.com\/es\/","name":"Elfsight ES","description":"Just another Elfsight Sites site","potentialAction":[{"@type":"SearchAction","target":{"@type":"EntryPoint","urlTemplate":"https:\/\/elfsight.com\/es\/?s={search_term_string}"},"query-input":{"@type":"PropertyValueSpecification","valueRequired":true,"valueName":"search_term_string"}}],"inLanguage":"es"}]}},"meta_box":{"industry":"","seo_heading":"","heading":"","description":"","cta_heading":"","cta_description":"","application":"1441","h1":"Widget de feed de Instagram para Jimdo","h1_caption":"Convierte a los visitantes de tu sitio web en suscriptores de Instagram","application_category":[],"applications_title":"","applications_request_title":"","applications_request_button_text":"","hero_text":"","hero_video":"","hero_video_schema_markup":"","selling_points_title":"","selling_points_caption":"","selling_points":[],"selling_points_cta_text":"","features_title":"","features":"","ed_cta_examples_text":"","ed_cta_examples_hidden":"","ed_cta_demo_text":"","ed_cta_demo_hidden":"","why_caption":"","why_editor_title":"","why_editor_text":"","why_team_title":"","why_team_text":"","why_service_title":"","why_service_text":"","template_catalog_visible":"","template_catalog_title":"","template_catalog_text":"","template_catalog_categories_visible":"","demo_title":"Crea tu widget de feed de Instagram","demo_caption":"\u00a1Configura tu feed de Instagram y a\u00f1\u00e1delo a tu sitio web Jimdo gratis!","default_faq_hidden":"","app_template_category":[],"platform":"2198","template_public_id":"","codecanyon_url":"","codecanyon_item_id":"","codecanyon_price":"","pricing_caption":"","pricing_elfsight_apps_hide_column":"","pricing_elfsight_apps_url":"","pricing_codecanyon_price_caption":"","integration_category":[],"integration_request_title":"","integration_request_cta":"","integration_platform":"","integrations":[],"platform_category":[],"video_schema_markup":"","price":"desde $0 \/ mes","trial":"","benefits":[{"text":"Ayuda de instalaci\u00f3n gratuita"},{"text":"Servicio al cliente competente"},{"text":"Garant\u00eda de reembolso de 14 d\u00edas"},{"text":"Actualizando constantemente"}],"button_url":"#demo","button_target_blank":"","button_nofollow":"","attributes":[{"name":"Instalaciones","content":"100,000 - 500,000"},{"name":"Sensible","content":"S\u00ed"},{"name":"Navegadores compatibles","content":"Firefox, Safari, Opera, Chrome, Edge"}],"tags":[],"tags_disable_links":"","hide_more_platforms":"","video_object":"","demo_hide_cta":"","demo_hide_cloud_options":"","pricing_title":"","pricing":[{"pricing_icon":"platform","pricing_title":"Elfsight Apps","pricing_title_caption":"Soluci\u00f3n multiplataforma que se adapta a cualquier sitio","pricing_price":"desde $0 \/ mes","pricing_price_caption":"comienza con un plan gratuito","pricing_benefits":[{"text":"Dominios ilimitados"},{"text":"Atenci\u00f3n al cliente gratuita"},{"text":"Asistencia de instalaci\u00f3n gratuita"},{"text":"Totalmente personalizable"}],"pricing_button_text":"A\u00f1adir al sitio web","pricing_button_url":"#demo"}],"related_apps_title":"","related_apps_hidden":"","author":"","image":[],"title":"","job":"","social_networks":[]},"_links":{"self":[{"href":"https:\/\/elfsight.com\/es\/wp-json\/wp\/v2\/pages\/7074","targetHints":{"allow":["GET"]}}],"collection":[{"href":"https:\/\/elfsight.com\/es\/wp-json\/wp\/v2\/pages"}],"about":[{"href":"https:\/\/elfsight.com\/es\/wp-json\/wp\/v2\/types\/page"}],"author":[{"embeddable":true,"href":"https:\/\/elfsight.com\/es\/wp-json\/wp\/v2\/users\/9"}],"replies":[{"embeddable":true,"href":"https:\/\/elfsight.com\/es\/wp-json\/wp\/v2\/comments?post=7074"}],"version-history":[{"count":2,"href":"https:\/\/elfsight.com\/es\/wp-json\/wp\/v2\/pages\/7074\/revisions"}],"predecessor-version":[{"id":19029,"href":"https:\/\/elfsight.com\/es\/wp-json\/wp\/v2\/pages\/7074\/revisions\/19029"}],"up":[{"embeddable":true,"href":"https:\/\/elfsight.com\/es\/wp-json\/wp\/v2\/pages\/1442"}],"wp:attachment":[{"href":"https:\/\/elfsight.com\/es\/wp-json\/wp\/v2\/media?parent=7074"}],"curies":[{"name":"wp","href":"https:\/\/api.w.org\/{rel}","templated":true}]}}