{"id":7035,"date":"1970-01-01T00:00:00","date_gmt":"1970-01-01T00:00:00","guid":{"rendered":"https:\/\/elfsight.com\/es\/?page_id=7035"},"modified":"2025-02-06T16:01:05","modified_gmt":"2025-02-06T16:01:05","slug":"prestashop","status":"publish","type":"page","link":"https:\/\/elfsight.com\/es\/social-feed-widget\/prestashop\/","title":{"rendered":"Social Feed &#8211; PrestaShop"},"content":{"rendered":"<div class=\"application-platform-content-item-description application-platform-content-item\" id=\"description\" data-nav-section=\"description\"> <h2>Descripci\u00f3n<\/h2> <p>Elfsight Social Feed para PrestaShop es una extensi\u00f3n cuyo objetivo principal es ayudarle en todas las demandas presentes en la obtenci\u00f3n de impresiones y solicitudes de los visitantes de su sitio web. Muestre los componentes necesarios para completar, elija su plantilla preferida y dise\u00f1e la interfaz para motivar a\u00fan m\u00e1s a sus clientes a dejar consultas sobre los servicios de su empresa. El Social Feed est\u00e1 dise\u00f1ado para satisfacer todas sus demandas de recopilar comentarios y mantenerse en contacto con su audiencia. <\/p><p><b>\u00a1Obt\u00e9n lo mejor de Social Feed para alcanzar tus desaf\u00edos comerciales de manera m\u00e1s simple! <\/b><\/p> <\/div> <div class=\"application-platform-content-item-features application-platform-content-item\" id=\"features\" data-nav-section=\"features\"> <h2>Estas son solo algunas de las funciones avanzadas del widget: <\/h2> <ul><li>Muestra el contenido de tus redes sociales desde m\u00faltiples redes<\/li><li>Modo de moderaci\u00f3n autom\u00e1tica para una carga constante de contenido<\/li><li>Coloca el bot\u00f3n Seguir en el feed del widget<\/li><li>5 plantillas de publicaciones listas para usar con varias posiciones de foto, imagen del autor y texto<\/li><li>Los videos se reproducen autom\u00e1ticamente en un modo emergente<\/li><li>Haz que tus publicaciones se vean en una ventana emergente <\/li><li>Dos variantes de representaci\u00f3n de publicaciones emergentes: feed y control deslizante<\/li><\/ul><p><a href=\"#demo\">Simplemente prueba esta demostraci\u00f3n para tener una idea completa<\/a><\/p> <\/div> <div class=\"application-platform-content-item-installation application-platform-content-item\" id=\"installation\" data-nav-section=\"installation\"> <h2>\u00bfC\u00f3mo incorporo Social Feed en mi p\u00e1gina web PrestaShop? <\/h2> <p>Simplemente aplique las instrucciones a continuaci\u00f3n para comenzar a trabajar con el complemento. <\/p> <ol><li><b>Abre nuestro configurador gratuito y comienza a crear tu widget \u00fanico. <\/b><br> Elija el dise\u00f1o seleccionado y las caracter\u00edsticas del widget y guarde las ediciones. <\/li> <li><b>Exponga su c\u00f3digo \u00fanico en la ventana de Elfsight Apps. <\/b><br> Inmediatamente despu\u00e9s de completar la personalizaci\u00f3n de su herramienta personal, copie el c\u00f3digo individual de la ventana que aparece y gu\u00e1rdelo para su uso posterior. <\/li> <li><b>Iniciar la aplicaci\u00f3n del complemento en el sitio PrestaShop. <\/b><br> Inserta el c\u00f3digo que has copiado antes en tu p\u00e1gina de inicio y guarda las mejoras. <\/li> <li><b>La configuraci\u00f3n se realiz\u00f3 por completo. <\/b><br>Vaya a su p\u00e1gina web para observar c\u00f3mo funciona el widget. <\/li><\/ol> <p>En caso de tener preguntas o encontrar algunas complicaciones, no dude en buscar ayuda de nuestro personal de soporte. Nuestra gente estar\u00e1 encantada de ayudarle con todos los problemas que pueda tener con la herramienta. <\/p> <\/div><div class=\"faq\" data-component=\"FAQ\"><div class=\"faq-item\">\r\n\t\t\t\t\t<div class=\"faq-item-question\">\r\n\t\t\t\t\t\t<h3 class=\"faq-item-question-text\">\u00bfC\u00f3mo puedo agregar Social Feed a mi p\u00e1gina de inicio de PrestaShop sin codificaci\u00f3n?<\/h3>\r\n\r\n\t\t\t\t\t\t<div class=\"faq-item-question-icon\"><\/div>\r\n\t\t\t\t\t<\/div>\r\n\r\n\t\t\t\t\t<div class=\"faq-item-answer\">\r\n\t\t\t\t\t\t<div class=\"faq-item-answer-text\"><p>La empresa Elfsight ofrece una soluci\u00f3n en la nube que permite al usuario establecer una aplicaci\u00f3n Social Feed usted mismo. Descubra lo sencillo que es el proceso: <\/p><ul><li>Trabaje directamente en la demostraci\u00f3n en l\u00ednea para crear una aplicaci\u00f3n Social Feed en la que le gustar\u00eda insertar Sitio web de PrestaShop.<\/li><li>Elija una de las plantillas predise\u00f1adas y modifique la configuraci\u00f3n de Social Feed, cambie el dise\u00f1o y el color de los elementos, agregue su contenido sin codificaci\u00f3n.<\/li><li>Guarde el Social Feed y obtenga el c\u00f3digo de instalaci\u00f3n del widget, que se puede pegar f\u00e1cilmente en la p\u00e1gina web de PrestaShop de forma gratuita.<\/li><\/ul><p>Trabajando en nuestro editor intuitivo, cualquier usuario de Internet puede crear una secci\u00f3n de Social Feed e incrustarla f\u00e1cilmente en el sitio web de PrestaShop. No es necesario pagar ni enviar los datos de tu tarjeta para poder ingresar al servicio. Si encuentra alg\u00fan problema de cualquier tipo, no dude en comunicarse con nuestro personal de soporte t\u00e9cnico.<\/p><\/div>\r\n\t\t\t\t\t<\/div>\r\n\t\t\t\t<\/div><\/div>","protected":false},"excerpt":{"rendered":"","protected":false},"author":9,"featured_media":0,"parent":1469,"menu_order":0,"comment_status":"closed","ping_status":"closed","template":"templates\/template-application-platform.php","meta":{"publish_to_discourse":"","publish_post_category":"","wpdc_auto_publish_overridden":"","wpdc_topic_tags":"","wpdc_pin_topic":"","wpdc_pin_until":"","discourse_post_id":"","discourse_permalink":"","wpdc_publishing_response":"","wpdc_publishing_error":"","footnotes":""},"class_list":["post-7035","page","type-page","status-publish","hentry"],"yoast_head":"<!-- This site is optimized with the Yoast SEO plugin v25.3.1 - https:\/\/yoast.com\/wordpress\/plugins\/seo\/ -->\n<title>Agregue el complemento Social Wall al sitio web de PrestaShop (r\u00e1pido y gratuito)<\/title>\n<meta name=\"description\" content=\"Implemente un complemento PrestaShop Social Feed responsivo en su sitio. Pruebe la pr\u00e1ctica demostraci\u00f3n de Elfsight y genere su impresionante complemento Social Wall.\" \/>\n<meta name=\"robots\" content=\"index, follow, max-snippet:-1, max-image-preview:large, max-video-preview:-1\" \/>\n<link rel=\"canonical\" href=\"https:\/\/elfsight.com\/es\/social-feed-widget\/prestashop\/\" \/>\n<meta property=\"og:locale\" content=\"es_ES\" \/>\n<meta property=\"og:type\" content=\"article\" \/>\n<meta property=\"og:title\" content=\"Agregue el complemento Social Wall al sitio web de PrestaShop (r\u00e1pido y gratuito)\" \/>\n<meta property=\"og:description\" content=\"Implemente un complemento PrestaShop Social Feed responsivo en su sitio. Pruebe la pr\u00e1ctica demostraci\u00f3n de Elfsight y genere su impresionante complemento Social Wall.\" \/>\n<meta property=\"og:url\" content=\"https:\/\/elfsight.com\/es\/social-feed-widget\/prestashop\/\" \/>\n<meta property=\"og:site_name\" content=\"Elfsight ES\" \/>\n<meta property=\"article:modified_time\" content=\"2025-02-06T16:01:05+00:00\" \/>\n<meta name=\"twitter:card\" content=\"summary_large_image\" \/>\n<meta name=\"twitter:label1\" content=\"Tiempo de lectura\" \/>\n\t<meta name=\"twitter:data1\" content=\"3 minutos\" \/>\n<!-- \/ Yoast SEO plugin. -->","yoast_head_json":{"title":"Agregue el complemento Social Wall al sitio web de PrestaShop (r\u00e1pido y gratuito)","description":"Implemente un complemento PrestaShop Social Feed responsivo en su sitio. Pruebe la pr\u00e1ctica demostraci\u00f3n de Elfsight y genere su impresionante complemento Social Wall.","robots":{"index":"index","follow":"follow","max-snippet":"max-snippet:-1","max-image-preview":"max-image-preview:large","max-video-preview":"max-video-preview:-1"},"canonical":"https:\/\/elfsight.com\/es\/social-feed-widget\/prestashop\/","og_locale":"es_ES","og_type":"article","og_title":"Agregue el complemento Social Wall al sitio web de PrestaShop (r\u00e1pido y gratuito)","og_description":"Implemente un complemento PrestaShop Social Feed responsivo en su sitio. Pruebe la pr\u00e1ctica demostraci\u00f3n de Elfsight y genere su impresionante complemento Social Wall.","og_url":"https:\/\/elfsight.com\/es\/social-feed-widget\/prestashop\/","og_site_name":"Elfsight ES","article_modified_time":"2025-02-06T16:01:05+00:00","twitter_card":"summary_large_image","twitter_misc":{"Tiempo de lectura":"3 minutos"},"schema":{"@context":"https:\/\/schema.org","@graph":[{"@type":"WebPage","@id":"https:\/\/elfsight.com\/es\/social-feed-widget\/prestashop\/","url":"https:\/\/elfsight.com\/es\/social-feed-widget\/prestashop\/","name":"Agregue el complemento Social Wall al sitio web de PrestaShop (r\u00e1pido y gratuito)","isPartOf":{"@id":"https:\/\/elfsight.com\/es\/#website"},"datePublished":"1970-01-01T00:00:00+00:00","dateModified":"2025-02-06T16:01:05+00:00","description":"Implemente un complemento PrestaShop Social Feed responsivo en su sitio. Pruebe la pr\u00e1ctica demostraci\u00f3n de Elfsight y genere su impresionante complemento Social Wall.","breadcrumb":{"@id":"https:\/\/elfsight.com\/es\/social-feed-widget\/prestashop\/#breadcrumb"},"inLanguage":"es","potentialAction":[{"@type":"ReadAction","target":["https:\/\/elfsight.com\/es\/social-feed-widget\/prestashop\/"]}]},{"@type":"BreadcrumbList","@id":"https:\/\/elfsight.com\/es\/social-feed-widget\/prestashop\/#breadcrumb","itemListElement":[{"@type":"ListItem","position":1,"name":"Home","item":"https:\/\/elfsight.com\/es\/"},{"@type":"ListItem","position":2,"name":"Social Feed","item":"https:\/\/elfsight.com\/es\/social-feed-widget\/"},{"@type":"ListItem","position":3,"name":"Social Feed &#8211; PrestaShop"}]},{"@type":"WebSite","@id":"https:\/\/elfsight.com\/es\/#website","url":"https:\/\/elfsight.com\/es\/","name":"Elfsight ES","description":"Just another Elfsight Sites site","potentialAction":[{"@type":"SearchAction","target":{"@type":"EntryPoint","urlTemplate":"https:\/\/elfsight.com\/es\/?s={search_term_string}"},"query-input":{"@type":"PropertyValueSpecification","valueRequired":true,"valueName":"search_term_string"}}],"inLanguage":"es"}]}},"meta_box":{"industry":"","seo_heading":"","heading":"","description":"","cta_heading":"","cta_description":"","application":"1468","h1":"Complemento de alimentaci\u00f3n de redes sociales de PrestaShop","h1_caption":"Demuestre sus publicaciones de todas las plataformas de redes sociales en un solo lugar","application_category":[],"applications_title":"","applications_request_title":"","applications_request_button_text":"","hero_text":"","hero_video":"","hero_video_schema_markup":"","selling_points_title":"","selling_points_caption":"","selling_points":[],"selling_points_cta_text":"","features_title":"","features":"","ed_cta_examples_text":"","ed_cta_examples_hidden":"","ed_cta_demo_text":"","ed_cta_demo_hidden":"","why_caption":"","why_editor_title":"","why_editor_text":"","why_team_title":"","why_team_text":"","why_service_title":"","why_service_text":"","template_catalog_visible":"","template_catalog_title":"","template_catalog_text":"","template_catalog_categories_visible":"","demo_title":"Crea tu complemento Social Feed","demo_caption":"\u00a1Configura tu Social Feed y agr\u00e9galo a tu sitio web PrestaShop gratis!","default_faq_hidden":"","app_template_category":[],"platform":"2250","template_public_id":"","codecanyon_url":"","codecanyon_item_id":"","codecanyon_price":"","pricing_caption":"","pricing_elfsight_apps_hide_column":"","pricing_elfsight_apps_url":"","pricing_codecanyon_price_caption":"","integration_category":[],"integration_request_title":"","integration_request_cta":"","integration_platform":"","integrations":[],"platform_category":[],"video_schema_markup":"","price":"desde $0 \/ mes","trial":"","benefits":[{"text":"Ayuda de instalaci\u00f3n gratuita"},{"text":"Soporte excepcional"},{"text":"Garant\u00eda de devoluci\u00f3n de dinero de 14 d\u00edas"},{"text":"Actualizaciones continuas"}],"button_url":"#demo","button_target_blank":"","button_nofollow":"","attributes":[{"name":"Instalaciones","content":"100,000 - 500,000"},{"name":"Sensible","content":"S\u00ed"},{"name":"Navegadores compatibles","content":"Firefox, Safari, Opera, Edge"}],"tags":[],"tags_disable_links":"","hide_more_platforms":"","video_object":"","demo_hide_cta":"","demo_hide_cloud_options":"","pricing_title":"","pricing":[{"pricing_icon":"platform","pricing_title":"Elfsight Apps","pricing_title_caption":"Software multiplataforma que funciona en cualquier sitio","pricing_price":"desde $0 \/ mes","pricing_price_caption":"comienza con un plan gratuito","pricing_benefits":[{"text":"Sitios web ilimitados"},{"text":"Atenci\u00f3n al cliente profesional"},{"text":"Soporte de instalaci\u00f3n gratuito"},{"text":"Oferta especial para m\u00faltiples aplicaciones."}],"pricing_button_text":"A\u00f1adir al sitio web","pricing_button_url":"#demo"}],"related_apps_title":"","related_apps_hidden":"","author":"","image":[],"title":"","job":"","social_networks":[]},"_links":{"self":[{"href":"https:\/\/elfsight.com\/es\/wp-json\/wp\/v2\/pages\/7035","targetHints":{"allow":["GET"]}}],"collection":[{"href":"https:\/\/elfsight.com\/es\/wp-json\/wp\/v2\/pages"}],"about":[{"href":"https:\/\/elfsight.com\/es\/wp-json\/wp\/v2\/types\/page"}],"author":[{"embeddable":true,"href":"https:\/\/elfsight.com\/es\/wp-json\/wp\/v2\/users\/9"}],"replies":[{"embeddable":true,"href":"https:\/\/elfsight.com\/es\/wp-json\/wp\/v2\/comments?post=7035"}],"version-history":[{"count":2,"href":"https:\/\/elfsight.com\/es\/wp-json\/wp\/v2\/pages\/7035\/revisions"}],"predecessor-version":[{"id":19032,"href":"https:\/\/elfsight.com\/es\/wp-json\/wp\/v2\/pages\/7035\/revisions\/19032"}],"up":[{"embeddable":true,"href":"https:\/\/elfsight.com\/es\/wp-json\/wp\/v2\/pages\/1469"}],"wp:attachment":[{"href":"https:\/\/elfsight.com\/es\/wp-json\/wp\/v2\/media?parent=7035"}],"curies":[{"name":"wp","href":"https:\/\/api.w.org\/{rel}","templated":true}]}}