{"id":7020,"date":"1970-01-01T00:00:00","date_gmt":"1970-01-01T00:00:00","guid":{"rendered":"https:\/\/elfsight.com\/es\/?page_id=7020"},"modified":"2025-02-06T16:01:05","modified_gmt":"2025-02-06T16:01:05","slug":"jimdo","status":"publish","type":"page","link":"https:\/\/elfsight.com\/es\/social-feed-widget\/jimdo\/","title":{"rendered":"Social Feed &#8211; Jimdo"},"content":{"rendered":"<div class=\"application-platform-content-item-description application-platform-content-item\" id=\"description\" data-nav-section=\"description\"><h2>Descripci\u00f3n<\/h2> <p>Elfsight Social Feed para Jimdo es un widget cuyo objetivo es ayudarle con todas las demandas actuales para obtener impresiones y solicitudes de los visitantes de su sitio web. Muestre los aspectos cruciales para completar, elija la plantilla requerida y personalice la interfaz para motivar a sus clientes a dejar consultas sobre los servicios que ofrece su empresa. El Social Feed est\u00e1 compuesto para satisfacer todas sus necesidades de obtener comentarios y estar en contacto con sus clientes. <\/p><p><b>Con Social Feed, tenga un desarrollo comercial activo y mejore las ventas <\/b><\/p> <\/div> <div class=\"application-platform-content-item-features application-platform-content-item\" id=\"features\" data-nav-section=\"features\"> <h2>A continuaci\u00f3n se detallan las caracter\u00edsticas esenciales del widget: <\/h2> <ul><li>Incruste su contenido de redes sociales desde m\u00faltiples redes<\/li><li>Modo de moderaci\u00f3n autom\u00e1tica para una carga constante de contenido<\/li><li>Coloque el bot\u00f3n Seguir en las publicaciones del widget<\/li><li>Cinco plantillas de publicaciones listas para usar con varias posiciones de texto, imagen del autor y foto<\/li><li>Los videos se reproducen autom\u00e1ticamente en un modo emergente<\/li><li>Haga que sus publicaciones se vean en un modo emergente<\/li><li>2 variantes de representaci\u00f3n de publicaciones emergentes: control deslizante y feed<\/li><\/ul><p><a href=\"#demo\">Simplemente consulte esta demostraci\u00f3n para tener una idea completa<\/a><\/p> <\/div> <div class=\"application-platform-content-item-installation application-platform-content-item\" id=\"installation\" data-nav-section=\"installation\"> <h2>\u00bfC\u00f3mo a\u00f1adir Social Feed a una p\u00e1gina web de Jimdo? <\/h2> <p>Simplemente aplique las instrucciones a continuaci\u00f3n para agregar la herramienta. <\/p> <ol><li><b>Administre nuestra demostraci\u00f3n gratuita y comience a crear su widget personalizado. <\/b><br> Especifique la forma personalizada y los par\u00e1metros de la herramienta y aplique las correcciones. <\/li> <li><b>Reciba el c\u00f3digo individual que aparece en el cuadro de Elfsight Apps. <\/b><br> Inmediatamente despu\u00e9s de finalizar la configuraci\u00f3n de su widget, copie el c\u00f3digo exclusivo en la ventana emergente y gu\u00e1rdelo para futuras necesidades. <\/li> <li><b>Empiece a utilizar el widget en la p\u00e1gina de inicio de Jimdo. <\/b><br>Coloca el c\u00f3digo que has guardado recientemente en tu p\u00e1gina y guarda los ajustes. <\/li> <li><b>\u00a1Ya terminaste! La configuraci\u00f3n ha finalizado por completo. <\/b><br>Vaya a su p\u00e1gina web para inspeccionar c\u00f3mo se est\u00e1 ejecutando el widget. <\/li><\/ol> <p>En caso de que desaf\u00edes algunos obst\u00e1culos, no temas contactar a nuestro personal de soporte. Nuestra gente est\u00e1 deseando ayudarte con todas las dudas que puedas tener con el widget. <\/p> <\/div><div class=\"faq\" data-component=\"FAQ\"><div class=\"faq-item\">\r\n\t\t\t\t\t<div class=\"faq-item-question\">\r\n\t\t\t\t\t\t<h3 class=\"faq-item-question-text\">\u00bfExiste alg\u00fan m\u00e9todo para incrustar Social Feed en mi p\u00e1gina de inicio de Jimdo sin codificaci\u00f3n?<\/h3>\r\n\r\n\t\t\t\t\t\t<div class=\"faq-item-question-icon\"><\/div>\r\n\t\t\t\t\t<\/div>\r\n\r\n\t\t\t\t\t<div class=\"faq-item-answer\">\r\n\t\t\t\t\t\t<div class=\"faq-item-answer-text\"><p>La empresa Elfsight ofrece una soluci\u00f3n que permite a los propietarios de sitios crear una aplicaci\u00f3n de Social Feed usted mismo. Compruebe lo sencillo que es el proceso: <\/p><ul><li>Comience a trabajar en el editor en vivo para crear la secci\u00f3n de Social Feed que desee. para insertar en el sitio de Jimdo.<\/li><li>Elija una de las plantillas predise\u00f1adas y cambie la configuraci\u00f3n de Social Feed, cambie el dise\u00f1o y la combinaci\u00f3n de colores, actualice su contenido sin conocimientos de codificaci\u00f3n.<\/li><li>Haga clic para guardar el Social Feed y copie el c\u00f3digo del widget para su instalaci\u00f3n, que se puede pegar en el sitio de Jimdo de forma gratuita.<\/li><\/ul><p>Con la ayuda del editor f\u00e1cil de usar, cada usuario web puede crear un complemento de Social Feed e incrustarlo en la p\u00e1gina de inicio de Jimdo. No debes obtener un plan pago ni ingresar los datos de tu tarjeta para ingresar al Editor. Si encuentra alg\u00fan problema en cualquier paso, no dude en comunicarse con nuestro personal de soporte.<\/p><\/div>\r\n\t\t\t\t\t<\/div>\r\n\t\t\t\t<\/div><\/div>","protected":false},"excerpt":{"rendered":"","protected":false},"author":9,"featured_media":0,"parent":1469,"menu_order":0,"comment_status":"closed","ping_status":"closed","template":"templates\/template-application-platform.php","meta":{"publish_to_discourse":"","publish_post_category":"","wpdc_auto_publish_overridden":"","wpdc_topic_tags":"","wpdc_pin_topic":"","wpdc_pin_until":"","discourse_post_id":"","discourse_permalink":"","wpdc_publishing_response":"","wpdc_publishing_error":"","footnotes":""},"class_list":["post-7020","page","type-page","status-publish","hentry"],"yoast_head":"<!-- This site is optimized with the Yoast SEO plugin v25.3.1 - https:\/\/yoast.com\/wordpress\/plugins\/seo\/ -->\n<title>A\u00f1ade el widget Social Wall al sitio web de Jimdo (r\u00e1pido y gratis)<\/title>\n<meta name=\"description\" content=\"Implementa un widget responsivo de Jimdo Social Feed en tu sitio de Squarespace. Pruebe la demostraci\u00f3n de Elfsight y genere su impresionante widget de muro social.\" \/>\n<meta name=\"robots\" content=\"index, follow, max-snippet:-1, max-image-preview:large, max-video-preview:-1\" \/>\n<link rel=\"canonical\" href=\"https:\/\/elfsight.com\/es\/social-feed-widget\/jimdo\/\" \/>\n<meta property=\"og:locale\" content=\"es_ES\" \/>\n<meta property=\"og:type\" content=\"article\" \/>\n<meta property=\"og:title\" content=\"A\u00f1ade el widget Social Wall al sitio web de Jimdo (r\u00e1pido y gratis)\" \/>\n<meta property=\"og:description\" content=\"Implementa un widget responsivo de Jimdo Social Feed en tu sitio de Squarespace. Pruebe la demostraci\u00f3n de Elfsight y genere su impresionante widget de muro social.\" \/>\n<meta property=\"og:url\" content=\"https:\/\/elfsight.com\/es\/social-feed-widget\/jimdo\/\" \/>\n<meta property=\"og:site_name\" content=\"Elfsight ES\" \/>\n<meta property=\"article:modified_time\" content=\"2025-02-06T16:01:05+00:00\" \/>\n<meta name=\"twitter:card\" content=\"summary_large_image\" \/>\n<meta name=\"twitter:label1\" content=\"Tiempo de lectura\" \/>\n\t<meta name=\"twitter:data1\" content=\"3 minutos\" \/>\n<!-- \/ Yoast SEO plugin. -->","yoast_head_json":{"title":"A\u00f1ade el widget Social Wall al sitio web de Jimdo (r\u00e1pido y gratis)","description":"Implementa un widget responsivo de Jimdo Social Feed en tu sitio de Squarespace. Pruebe la demostraci\u00f3n de Elfsight y genere su impresionante widget de muro social.","robots":{"index":"index","follow":"follow","max-snippet":"max-snippet:-1","max-image-preview":"max-image-preview:large","max-video-preview":"max-video-preview:-1"},"canonical":"https:\/\/elfsight.com\/es\/social-feed-widget\/jimdo\/","og_locale":"es_ES","og_type":"article","og_title":"A\u00f1ade el widget Social Wall al sitio web de Jimdo (r\u00e1pido y gratis)","og_description":"Implementa un widget responsivo de Jimdo Social Feed en tu sitio de Squarespace. Pruebe la demostraci\u00f3n de Elfsight y genere su impresionante widget de muro social.","og_url":"https:\/\/elfsight.com\/es\/social-feed-widget\/jimdo\/","og_site_name":"Elfsight ES","article_modified_time":"2025-02-06T16:01:05+00:00","twitter_card":"summary_large_image","twitter_misc":{"Tiempo de lectura":"3 minutos"},"schema":{"@context":"https:\/\/schema.org","@graph":[{"@type":"WebPage","@id":"https:\/\/elfsight.com\/es\/social-feed-widget\/jimdo\/","url":"https:\/\/elfsight.com\/es\/social-feed-widget\/jimdo\/","name":"A\u00f1ade el widget Social Wall al sitio web de Jimdo (r\u00e1pido y gratis)","isPartOf":{"@id":"https:\/\/elfsight.com\/es\/#website"},"datePublished":"1970-01-01T00:00:00+00:00","dateModified":"2025-02-06T16:01:05+00:00","description":"Implementa un widget responsivo de Jimdo Social Feed en tu sitio de Squarespace. Pruebe la demostraci\u00f3n de Elfsight y genere su impresionante widget de muro social.","breadcrumb":{"@id":"https:\/\/elfsight.com\/es\/social-feed-widget\/jimdo\/#breadcrumb"},"inLanguage":"es","potentialAction":[{"@type":"ReadAction","target":["https:\/\/elfsight.com\/es\/social-feed-widget\/jimdo\/"]}]},{"@type":"BreadcrumbList","@id":"https:\/\/elfsight.com\/es\/social-feed-widget\/jimdo\/#breadcrumb","itemListElement":[{"@type":"ListItem","position":1,"name":"Home","item":"https:\/\/elfsight.com\/es\/"},{"@type":"ListItem","position":2,"name":"Social Feed","item":"https:\/\/elfsight.com\/es\/social-feed-widget\/"},{"@type":"ListItem","position":3,"name":"Social Feed &#8211; Jimdo"}]},{"@type":"WebSite","@id":"https:\/\/elfsight.com\/es\/#website","url":"https:\/\/elfsight.com\/es\/","name":"Elfsight ES","description":"Just another Elfsight Sites site","potentialAction":[{"@type":"SearchAction","target":{"@type":"EntryPoint","urlTemplate":"https:\/\/elfsight.com\/es\/?s={search_term_string}"},"query-input":{"@type":"PropertyValueSpecification","valueRequired":true,"valueName":"search_term_string"}}],"inLanguage":"es"}]}},"meta_box":{"industry":"","seo_heading":"","heading":"","description":"","cta_heading":"","cta_description":"","application":"1468","h1":"Widget de noticias de redes sociales de Jimdo","h1_caption":"Demuestre sus publicaciones desde todas las plataformas de redes sociales populares","application_category":[],"applications_title":"","applications_request_title":"","applications_request_button_text":"","hero_text":"","hero_video":"","hero_video_schema_markup":"","selling_points_title":"","selling_points_caption":"","selling_points":[],"selling_points_cta_text":"","features_title":"","features":"","ed_cta_examples_text":"","ed_cta_examples_hidden":"","ed_cta_demo_text":"","ed_cta_demo_hidden":"","why_caption":"","why_editor_title":"","why_editor_text":"","why_team_title":"","why_team_text":"","why_service_title":"","why_service_text":"","template_catalog_visible":"","template_catalog_title":"","template_catalog_text":"","template_catalog_categories_visible":"","demo_title":"Crea tu widget de Feed Social","demo_caption":"\u00a1Configura tu Social Feed y a\u00f1\u00e1delo a tu sitio web Jimdo gratis!","default_faq_hidden":"","app_template_category":[],"platform":"2198","template_public_id":"","codecanyon_url":"","codecanyon_item_id":"","codecanyon_price":"","pricing_caption":"","pricing_elfsight_apps_hide_column":"","pricing_elfsight_apps_url":"","pricing_codecanyon_price_caption":"","integration_category":[],"integration_request_title":"","integration_request_cta":"","integration_platform":"","integrations":[],"platform_category":[],"video_schema_markup":"","price":"desde $0 \/ mes","trial":"","benefits":[{"text":"Ayuda de instalaci\u00f3n gratuita"},{"text":"Soporte excepcional"},{"text":"Garant\u00eda de devoluci\u00f3n de dinero de 14 d\u00edas"},{"text":"Actualizaciones de por vida"}],"button_url":"#demo","button_target_blank":"","button_nofollow":"","attributes":[{"name":"Instalaciones","content":"100,000 - 500,000"},{"name":"Sensible","content":"S\u00ed"},{"name":"Navegadores compatibles","content":"Firefox, Safari, Opera, Edge"}],"tags":[],"tags_disable_links":"","hide_more_platforms":"","video_object":"","demo_hide_cta":"","demo_hide_cloud_options":"","pricing_title":"","pricing":[{"pricing_icon":"platform","pricing_title":"Elfsight Apps","pricing_title_caption":"Soluci\u00f3n digital multiplataforma","pricing_price":"desde $0 \/ mes","pricing_price_caption":"comienza con un plan gratuito","pricing_benefits":[{"text":"Sitios web ilimitados"},{"text":"Atenci\u00f3n al cliente dedicada"},{"text":"Ayuda de instalaci\u00f3n gratuita"},{"text":"Oferta especial para m\u00faltiples aplicaciones."}],"pricing_button_text":"A\u00f1adir al sitio web","pricing_button_url":"#demo"}],"related_apps_title":"","related_apps_hidden":"","author":"","image":[],"title":"","job":"","social_networks":[]},"_links":{"self":[{"href":"https:\/\/elfsight.com\/es\/wp-json\/wp\/v2\/pages\/7020","targetHints":{"allow":["GET"]}}],"collection":[{"href":"https:\/\/elfsight.com\/es\/wp-json\/wp\/v2\/pages"}],"about":[{"href":"https:\/\/elfsight.com\/es\/wp-json\/wp\/v2\/types\/page"}],"author":[{"embeddable":true,"href":"https:\/\/elfsight.com\/es\/wp-json\/wp\/v2\/users\/9"}],"replies":[{"embeddable":true,"href":"https:\/\/elfsight.com\/es\/wp-json\/wp\/v2\/comments?post=7020"}],"version-history":[{"count":2,"href":"https:\/\/elfsight.com\/es\/wp-json\/wp\/v2\/pages\/7020\/revisions"}],"predecessor-version":[{"id":19033,"href":"https:\/\/elfsight.com\/es\/wp-json\/wp\/v2\/pages\/7020\/revisions\/19033"}],"up":[{"embeddable":true,"href":"https:\/\/elfsight.com\/es\/wp-json\/wp\/v2\/pages\/1469"}],"wp:attachment":[{"href":"https:\/\/elfsight.com\/es\/wp-json\/wp\/v2\/media?parent=7020"}],"curies":[{"name":"wp","href":"https:\/\/api.w.org\/{rel}","templated":true}]}}