{"id":6981,"date":"1970-01-01T00:00:00","date_gmt":"1970-01-01T00:00:00","guid":{"rendered":"https:\/\/elfsight.com\/es\/?page_id=6981"},"modified":"2025-02-06T16:01:05","modified_gmt":"2025-02-06T16:01:05","slug":"prestashop","status":"publish","type":"page","link":"https:\/\/elfsight.com\/es\/popup-widget\/prestashop\/","title":{"rendered":"Popup &#8211; PrestaShop"},"content":{"rendered":"<div class=\"application-platform-content-item-description application-platform-content-item\" id=\"description\" data-nav-section=\"description\"> <h2>Descripci\u00f3n<\/h2> <p>Con la ayuda del complemento Elfsight Popup, todos tienen la oportunidad de crear sus propios pop-ups para cualquier tarea e incrustarlos en el sitio web de Prestashop. Configure una ventana emergente personalizada, a partir de una variedad de elementos incorporados. Var\u00ede el estilo y la posici\u00f3n; Elija activar disparadores y encuentre el momento adecuado para aumentar su eficiencia. Los Pop Ups de varios tipos permiten a las personas iniciar una suscripci\u00f3n, descubrir sus productos, usar sus cupones, participar en ventas y ofertas especiales, mantenerse informado sobre nuevos eventos en su sitio web Prestashop y mucho m\u00e1s. <\/p><p><b>\u00a1Obt\u00e9n lo mejor de Popup para alcanzar los desaf\u00edos de tu negocio con menos esfuerzo! <\/b><\/p> <\/div> <div class=\"application-platform-content-item-features application-platform-content-item\" id=\"features\" data-nav-section=\"features\"> <h2>Caracter\u00edsticas principales del m\u00f3dulo emergente<\/h2> <ul><li>Doce bloques de elementos diferentes para crear una ventana emergente<\/li><li>eliminar, reordenar, clonar, agregar elementos ilimitados<\/li><li>5 dise\u00f1os de ventanas emergentes para varias apariencias<\/li><li>Agregar botones para redirigir a los usuarios<\/li><li>Mostrar cupones copiables<\/li><li>Insertar elementos HTML y iFrame<\/li><li>Forma de ventana emergente rectangular o redondeada<\/li><li>Cargar o elegir una imagen para el fondo<\/li><li>Insertar ventana emergente en todas las p\u00e1ginas o en determinadas p\u00e1ginas<\/li><li>Agregar o eliminar el bot\u00f3n de cierre de ventana emergente y elegir su color<\/li><li>La ventana emergente se puede activar despu\u00e9s de un cierto tiempo en la p\u00e1gina o porcentaje de desplazamiento<\/li><li>La ventana emergente de intenci\u00f3n de salida aparece cuando un visitante va a cerrar la pesta\u00f1a<\/li><li>La ventana emergente de bienvenida aparece justo despu\u00e9s de cargar la p\u00e1gina<\/li><li>Cuatro variantes de periodicidad de la ventana emergente: diaria, una vez, semanalmente o cada vez que funciona el activador<\/li><li>Elija el tipo de dispositivo donde se ver\u00e1 la ventana emergente: tableta, todos, m\u00f3vil o computadora de escritorio<\/li><\/ul><p><a href=\"#demo\">Examine todas las configuraciones en una demostraci\u00f3n con todas las funciones<\/a><\/p> <\/div> <div class=\"application-platform-content-item-installation application-platform-content-item\" id=\"installation\" data-nav-section=\"installation\"> <h2>\u00bfC\u00f3mo incrustar una ventana emergente en mi sitio web PrestaShop? <\/h2> <p>Simplemente siga varios pasos que se describen a continuaci\u00f3n para insertar la herramienta. <\/p> <ol><li><b>Inicie nuestra demostraci\u00f3n gratuita y comience a darle forma a su complemento personalizado. <\/b><br> Encuentre la interfaz y las caracter\u00edsticas adecuadas del m\u00f3dulo emergente para PrestaShop y aplique las modificaciones. <\/li> <li><b>Reciba el c\u00f3digo \u00fanico que se muestra en el formulario especial en Elfsight Apps. <\/b><br> Cuando finalice la personalizaci\u00f3n de su complemento personal, copie el c\u00f3digo personal de la ventana que aparece y gu\u00e1rdelo para usarlo en el futuro. <\/li> <li><b>Entra en el uso del widget en tu sitio PrestaShop. <\/b><br>Implementa el c\u00f3digo que has copiado anteriormente en tu p\u00e1gina web y aplica las correcciones. <\/li> <li><b>La instalaci\u00f3n finaliz\u00f3 exitosamente. <\/b><br>Vaya a su sitio web PrestaShop para ver en acci\u00f3n c\u00f3mo funciona la herramienta. <\/li><\/ol> <p>Si tiene algunas dificultades, no dude en buscar ayuda de nuestro equipo de soporte. Nuestros consultores estar\u00e1n encantados de resolver todas las dudas que puedas tener con la herramienta. <\/p> <div class=\"faq\" data-component=\"FAQ\"> <div class=\"faq-item\">\r\n\t\t\t\t\t<div class=\"faq-item-question\">\r\n\t\t\t\t\t\t<h3 class=\"faq-item-question-text\">\u00bfC\u00f3mo puedo agregar un bot\u00f3n de PayPal a mi sitio web PrestaShop sin conocimientos de codificaci\u00f3n?<\/h3>\r\n\r\n\t\t\t\t\t\t<div class=\"faq-item-question-icon\"><\/div>\r\n\t\t\t\t\t<\/div>\r\n\r\n\t\t\t\t\t<div class=\"faq-item-answer\">\r\n\t\t\t\t\t\t<div class=\"faq-item-answer-text\"> <p>Elfsight proporciona una soluci\u00f3n SaaS que le permite crear un widget de bot\u00f3n de PayPal usted mismo. Vea lo f\u00e1cil que es el proceso: trabaje directamente en el editor en l\u00ednea para crear un widget de bot\u00f3n de PayPal que le gustar\u00eda ver en su sitio web de PrestaShop. Elija una de las plantillas predise\u00f1adas y ajuste la configuraci\u00f3n del bot\u00f3n de PayPal, agregue su contenido, cambie el dise\u00f1o y los colores sin conocimientos de codificaci\u00f3n. Guarda el bot\u00f3n de PayPal y copia su c\u00f3digo de instalaci\u00f3n, que podr\u00e1s incluir f\u00e1cilmente en tu sitio web PrestaShop sin necesidad de comprar una suscripci\u00f3n paga. Con nuestro editor intuitivo, cualquier usuario de Internet puede crear un widget de bot\u00f3n de PayPal en l\u00ednea e incrustarlo f\u00e1cilmente en su sitio web PrestaShop. No es necesario pagar ni ingresar las credenciales de su tarjeta para acceder al servicio. Si tiene alg\u00fan problema en cualquier paso, no dude en ponerse en contacto con nuestro equipo de soporte t\u00e9cnico.<\/p> <\/div>\r\n\t\t\t\t\t<\/div>\r\n\t\t\t\t<\/div> <\/div> <\/div>","protected":false},"excerpt":{"rendered":"","protected":false},"author":9,"featured_media":0,"parent":1488,"menu_order":0,"comment_status":"closed","ping_status":"closed","template":"templates\/template-application-platform.php","meta":{"publish_to_discourse":"","publish_post_category":"","wpdc_auto_publish_overridden":"","wpdc_topic_tags":"","wpdc_pin_topic":"","wpdc_pin_until":"","discourse_post_id":"","discourse_permalink":"","wpdc_publishing_response":"","wpdc_publishing_error":"","footnotes":""},"class_list":["post-6981","page","type-page","status-publish","hentry"],"yoast_head":"<!-- This site is optimized with the Yoast SEO plugin v25.3.1 - https:\/\/yoast.com\/wordpress\/plugins\/seo\/ -->\n<title>A\u00f1ade un m\u00f3dulo Popup a un sitio web PrestaShop gratis<\/title>\n<meta name=\"description\" content=\"\u00a1Crea una ventana emergente en PrestaShop sin codificar!\" \/>\n<meta name=\"robots\" content=\"index, follow, max-snippet:-1, max-image-preview:large, max-video-preview:-1\" \/>\n<link rel=\"canonical\" href=\"https:\/\/elfsight.com\/es\/popup-widget\/prestashop\/\" \/>\n<meta property=\"og:locale\" content=\"es_ES\" \/>\n<meta property=\"og:type\" content=\"article\" \/>\n<meta property=\"og:title\" content=\"A\u00f1ade un m\u00f3dulo Popup a un sitio web PrestaShop gratis\" \/>\n<meta property=\"og:description\" content=\"\u00a1Crea una ventana emergente en PrestaShop sin codificar!\" \/>\n<meta property=\"og:url\" content=\"https:\/\/elfsight.com\/es\/popup-widget\/prestashop\/\" \/>\n<meta property=\"og:site_name\" content=\"Elfsight ES\" \/>\n<meta property=\"article:modified_time\" content=\"2025-02-06T16:01:05+00:00\" \/>\n<meta name=\"twitter:card\" content=\"summary_large_image\" \/>\n<meta name=\"twitter:label1\" content=\"Tiempo de lectura\" \/>\n\t<meta name=\"twitter:data1\" content=\"4 minutos\" \/>\n<!-- \/ Yoast SEO plugin. -->","yoast_head_json":{"title":"A\u00f1ade un m\u00f3dulo Popup a un sitio web PrestaShop gratis","description":"\u00a1Crea una ventana emergente en PrestaShop sin codificar!","robots":{"index":"index","follow":"follow","max-snippet":"max-snippet:-1","max-image-preview":"max-image-preview:large","max-video-preview":"max-video-preview:-1"},"canonical":"https:\/\/elfsight.com\/es\/popup-widget\/prestashop\/","og_locale":"es_ES","og_type":"article","og_title":"A\u00f1ade un m\u00f3dulo Popup a un sitio web PrestaShop gratis","og_description":"\u00a1Crea una ventana emergente en PrestaShop sin codificar!","og_url":"https:\/\/elfsight.com\/es\/popup-widget\/prestashop\/","og_site_name":"Elfsight ES","article_modified_time":"2025-02-06T16:01:05+00:00","twitter_card":"summary_large_image","twitter_misc":{"Tiempo de lectura":"4 minutos"},"schema":{"@context":"https:\/\/schema.org","@graph":[{"@type":"WebPage","@id":"https:\/\/elfsight.com\/es\/popup-widget\/prestashop\/","url":"https:\/\/elfsight.com\/es\/popup-widget\/prestashop\/","name":"A\u00f1ade un m\u00f3dulo Popup a un sitio web PrestaShop gratis","isPartOf":{"@id":"https:\/\/elfsight.com\/es\/#website"},"datePublished":"1970-01-01T00:00:00+00:00","dateModified":"2025-02-06T16:01:05+00:00","description":"\u00a1Crea una ventana emergente en PrestaShop sin codificar!","breadcrumb":{"@id":"https:\/\/elfsight.com\/es\/popup-widget\/prestashop\/#breadcrumb"},"inLanguage":"es","potentialAction":[{"@type":"ReadAction","target":["https:\/\/elfsight.com\/es\/popup-widget\/prestashop\/"]}]},{"@type":"BreadcrumbList","@id":"https:\/\/elfsight.com\/es\/popup-widget\/prestashop\/#breadcrumb","itemListElement":[{"@type":"ListItem","position":1,"name":"Home","item":"https:\/\/elfsight.com\/es\/"},{"@type":"ListItem","position":2,"name":"Popup","item":"https:\/\/elfsight.com\/es\/popup-widget\/"},{"@type":"ListItem","position":3,"name":"Popup &#8211; PrestaShop"}]},{"@type":"WebSite","@id":"https:\/\/elfsight.com\/es\/#website","url":"https:\/\/elfsight.com\/es\/","name":"Elfsight ES","description":"Just another Elfsight Sites site","potentialAction":[{"@type":"SearchAction","target":{"@type":"EntryPoint","urlTemplate":"https:\/\/elfsight.com\/es\/?s={search_term_string}"},"query-input":{"@type":"PropertyValueSpecification","valueRequired":true,"valueName":"search_term_string"}}],"inLanguage":"es"}]}},"meta_box":{"industry":"","seo_heading":"","heading":"","description":"","cta_heading":"","cta_description":"","application":"1487","h1":"Complemento emergente de PrestaShop","h1_caption":"Configura cualquier tipo de pop up para anunciar ofertas especiales y aumentar las ventas.","application_category":[],"applications_title":"","applications_request_title":"","applications_request_button_text":"","hero_text":"","hero_video":"","hero_video_schema_markup":"","selling_points_title":"","selling_points_caption":"","selling_points":[],"selling_points_cta_text":"","features_title":"","features":"","ed_cta_examples_text":"","ed_cta_examples_hidden":"","ed_cta_demo_text":"","ed_cta_demo_hidden":"","why_caption":"","why_editor_title":"","why_editor_text":"","why_team_title":"","why_team_text":"","why_service_title":"","why_service_text":"","template_catalog_visible":"","template_catalog_title":"","template_catalog_text":"","template_catalog_categories_visible":"","demo_title":"Crea tu complemento emergente","demo_caption":"\u00a1Configura tu Popup y agr\u00e9galo a tu sitio web PrestaShop gratis!","default_faq_hidden":"","app_template_category":[],"platform":"2250","template_public_id":"","codecanyon_url":"","codecanyon_item_id":"","codecanyon_price":"","pricing_caption":"","pricing_elfsight_apps_hide_column":"","pricing_elfsight_apps_url":"","pricing_codecanyon_price_caption":"","integration_category":[],"integration_request_title":"","integration_request_cta":"","integration_platform":"","integrations":[],"platform_category":[],"video_schema_markup":"","price":"desde $0 \/ mes","trial":"","benefits":[{"text":"Servicio de instalaci\u00f3n gratuito"},{"text":"Soporte excepcional"},{"text":"Garant\u00eda de reembolso de 14 d\u00edas"},{"text":"Mejoras peri\u00f3dicas gratuitas"}],"button_url":"#demo","button_target_blank":"","button_nofollow":"","attributes":[{"name":"Instalaciones","content":"100,000 - 500,000"},{"name":"Sensible","content":"S\u00ed"},{"name":"Navegadores compatibles","content":"Firefox, Safari, Opera, Chrome, Edge"}],"tags":[],"tags_disable_links":"","hide_more_platforms":"","video_object":"","demo_hide_cta":"","demo_hide_cloud_options":"","pricing_title":"","pricing":[{"pricing_icon":"platform","pricing_title":"Elfsight Apps","pricing_title_caption":"Soluci\u00f3n digital multiplataforma que se adapta a cualquier sitio web","pricing_price":"desde $0 \/ mes","pricing_price_caption":"comienza con un plan gratuito","pricing_benefits":[{"text":"Sitios web ilimitados"},{"text":"Soporte 24 horas al d\u00eda, 7 d\u00edas a la semana"},{"text":"Ayuda de instalaci\u00f3n gratuita"},{"text":"Dise\u00f1o flexible"}],"pricing_button_text":"A\u00f1adir al sitio web","pricing_button_url":"#demo"}],"related_apps_title":"","related_apps_hidden":"","author":"","image":[],"title":"","job":"","social_networks":[]},"_links":{"self":[{"href":"https:\/\/elfsight.com\/es\/wp-json\/wp\/v2\/pages\/6981","targetHints":{"allow":["GET"]}}],"collection":[{"href":"https:\/\/elfsight.com\/es\/wp-json\/wp\/v2\/pages"}],"about":[{"href":"https:\/\/elfsight.com\/es\/wp-json\/wp\/v2\/types\/page"}],"author":[{"embeddable":true,"href":"https:\/\/elfsight.com\/es\/wp-json\/wp\/v2\/users\/9"}],"replies":[{"embeddable":true,"href":"https:\/\/elfsight.com\/es\/wp-json\/wp\/v2\/comments?post=6981"}],"version-history":[{"count":2,"href":"https:\/\/elfsight.com\/es\/wp-json\/wp\/v2\/pages\/6981\/revisions"}],"predecessor-version":[{"id":19034,"href":"https:\/\/elfsight.com\/es\/wp-json\/wp\/v2\/pages\/6981\/revisions\/19034"}],"up":[{"embeddable":true,"href":"https:\/\/elfsight.com\/es\/wp-json\/wp\/v2\/pages\/1488"}],"wp:attachment":[{"href":"https:\/\/elfsight.com\/es\/wp-json\/wp\/v2\/media?parent=6981"}],"curies":[{"name":"wp","href":"https:\/\/api.w.org\/{rel}","templated":true}]}}