{"id":6970,"date":"1970-01-01T00:00:00","date_gmt":"1970-01-01T00:00:00","guid":{"rendered":"https:\/\/elfsight.com\/es\/?page_id=6970"},"modified":"2025-02-06T16:01:13","modified_gmt":"2025-02-06T16:01:13","slug":"jimdo","status":"publish","type":"page","link":"https:\/\/elfsight.com\/es\/popup-widget\/jimdo\/","title":{"rendered":"Popup &#8211; Jimdo"},"content":{"rendered":"<div class=\"application-platform-content-item-description application-platform-content-item\" id=\"description\" data-nav-section=\"description\"><h2>Descripci\u00f3n<\/h2> <p>Con la ayuda de la herramienta Elfsight Popup, todos tienen la oportunidad de crear ventanas emergentes personalizadas de varios tipos y mostrarlas en la p\u00e1gina web de Jimdo. Configura una ventana emergente aut\u00e9ntica, diferentes tipos de elementos incluidos. Cambiar el estilo y disposici\u00f3n; Elija el gatillo de apertura y encuentre la frecuencia adecuada para maximizar su eficacia. Las ventanas emergentes permitir\u00e1n a los visitantes suscribirse a correos electr\u00f3nicos, explorar tus productos, usar cupones de descuento, conocer tus ventas y ofertas especiales, recibir notificaciones sobre nuevas ocasiones en tu sitio web Jimdo y mucho m\u00e1s. <\/p><p><b>\u00a1Pruebe Popup para alcanzar sus objetivos de comercio electr\u00f3nico m\u00e1s r\u00e1pido! <\/b><\/p> <\/div> <div class=\"application-platform-content-item-features application-platform-content-item\" id=\"features\" data-nav-section=\"features\"> <h2>Caracter\u00edsticas principales del widget emergente<\/h2> <ul><li>12 bloques de elementos diferentes para configurar una ventana emergente<\/li><li>Agregar, clonar, reordenar y eliminar elementos ilimitados<\/li><li>Cinco dise\u00f1os de ventanas emergentes para diversas tareas<\/li><li>Agregar botones para redirigir a los usuarios<\/li><li>Mostrar promoci\u00f3n c\u00f3digos<\/li><li>Insertar elementos HTML y iFrame<\/li><li>Forma de ventana emergente rectangular o redondeada<\/li><li>Cargar o elegir una imagen para el fondo de la ventana emergente<\/li><li>Insertar ventana emergente en todas o en algunas p\u00e1ginas<\/li><li>Agregar o eliminar bot\u00f3n de cierre de ventana emergente y elegir su color<\/li><li>La ventana emergente se puede activar despu\u00e9s de un cierto tiempo en la p\u00e1gina o porcentaje de desplazamiento<\/li><li>La ventana emergente de intenci\u00f3n de salida se abre cuando un visitante va a salir la pesta\u00f1a<\/li><li>La ventana emergente de bienvenida se muestra justo despu\u00e9s de cargar la p\u00e1gina<\/li><li>Cuatro variantes de periodicidad de la ventana emergente: semanal, cada vez que funciona el activador, diaria o una vez<\/li><li>Elija el tipo de dispositivo donde se ver\u00e1 la ventana emergente: tableta, computadora de escritorio, m\u00f3vil o todos<\/li><\/ul><p><a href=\"#demo\">Puede probar la funcionalidad completa del widget en la demostraci\u00f3n a continuaci\u00f3n<\/a><\/p> <\/div> <div class=\"application-platform-content-item-installation application-platform-content-item\" id=\"installation\" data-nav-section=\"installation\"> <h2>\u00bfC\u00f3mo incrustar un Popup en mi p\u00e1gina web Jimdo? <\/h2> <p>Simplemente siga un par de pasos que se describen a continuaci\u00f3n para comenzar a usar el widget. <\/p> <ol><li><b>Utilice nuestro editor gratuito y comience a crear su widget personalizado. <\/b><br>Elige el dise\u00f1o seleccionado y las opciones del widget y aplica las modificaciones. <\/li> <li><b>Adquiera el c\u00f3digo \u00fanico revelado en el formulario especial en Elfsight Apps. <\/b><br> Cuando finalice la configuraci\u00f3n de su widget, copie el c\u00f3digo individual en el cuadro que aparece y gu\u00e1rdelo para usarlo m\u00e1s adelante. <\/li> <li><b>Inicia la aplicaci\u00f3n del widget en tu sitio web Jimdo.<\/b><br> Introduce el c\u00f3digo que has copiado recientemente en tu sitio web y aplica las mejoras.<\/li> <li><b>La instalaci\u00f3n est\u00e1 completa.<\/b><br> Ve a tu p\u00e1gina de Jimdo para examinar c\u00f3mo est\u00e1 funcionando el widget.<\/li><\/ol> <p>En caso de tener preguntas o enfrentar dificultades, no dudes en contactar con nuestro equipo de atenci\u00f3n al cliente. Est\u00e1n deseando ayudarte con todas las preguntas que puedas tener sobre la instalaci\u00f3n de Jimdo. <\/p> <div class=\"faq\" data-component=\"FAQ\"> <div class=\"faq-item\">\r\n\t\t\t\t\t<div class=\"faq-item-question\">\r\n\t\t\t\t\t\t<h3 class=\"faq-item-question-text\">\u00bfC\u00f3mo puedo a\u00f1adir un bot\u00f3n de PayPal a mi sitio web Jimdo sin conocimientos de codificaci\u00f3n?<\/h3>\r\n\r\n\t\t\t\t\t\t<div class=\"faq-item-question-icon\"><\/div>\r\n\t\t\t\t\t<\/div>\r\n\r\n\t\t\t\t\t<div class=\"faq-item-answer\">\r\n\t\t\t\t\t\t<div class=\"faq-item-answer-text\"> <p>Elfsight proporciona una soluci\u00f3n SaaS que te permite crear un widget de bot\u00f3n de PayPal t\u00fa mismo. Mira lo f\u00e1cil que es el proceso: trabaja directamente en el editor en l\u00ednea para crear un widget de bot\u00f3n de PayPal que te gustar\u00eda ver en tu sitio web de Jimdo. Elija una de las plantillas predise\u00f1adas y ajuste la configuraci\u00f3n del bot\u00f3n de PayPal, agregue su contenido, cambie el dise\u00f1o y los colores sin conocimientos de codificaci\u00f3n. Guarda el bot\u00f3n de PayPal y copia su c\u00f3digo de instalaci\u00f3n, para que puedas agregarlo f\u00e1cilmente a tu sitio web Jimdo sin necesidad de comprar una versi\u00f3n paga. Con nuestro editor intuitivo, cualquier usuario de Internet puede crear un widget de bot\u00f3n de PayPal online e incrustarlo f\u00e1cilmente en su sitio web Jimdo. No es necesario pagar ni ingresar las credenciales de su tarjeta para acceder al servicio. Si tiene alg\u00fan problema en cualquier paso, no dude en ponerse en contacto con nuestro equipo de soporte t\u00e9cnico.<\/p> <\/div>\r\n\t\t\t\t\t<\/div>\r\n\t\t\t\t<\/div> <\/div> <\/div>","protected":false},"excerpt":{"rendered":"","protected":false},"author":9,"featured_media":0,"parent":1488,"menu_order":0,"comment_status":"closed","ping_status":"closed","template":"templates\/template-application-platform.php","meta":{"publish_to_discourse":"","publish_post_category":"","wpdc_auto_publish_overridden":"","wpdc_topic_tags":"","wpdc_pin_topic":"","wpdc_pin_until":"","discourse_post_id":"","discourse_permalink":"","wpdc_publishing_response":"","wpdc_publishing_error":"","footnotes":""},"class_list":["post-6970","page","type-page","status-publish","hentry"],"yoast_head":"<!-- This site is optimized with the Yoast SEO plugin v25.3.1 - https:\/\/yoast.com\/wordpress\/plugins\/seo\/ -->\n<title>A\u00f1adir un widget emergente a un sitio web Jimdo<\/title>\n<meta name=\"description\" content=\"\u00a1Crea una ventana emergente en Jimdo sin codificar!\" \/>\n<meta name=\"robots\" content=\"index, follow, max-snippet:-1, max-image-preview:large, max-video-preview:-1\" \/>\n<link rel=\"canonical\" href=\"https:\/\/elfsight.com\/es\/popup-widget\/jimdo\/\" \/>\n<meta property=\"og:locale\" content=\"es_ES\" \/>\n<meta property=\"og:type\" content=\"article\" \/>\n<meta property=\"og:title\" content=\"A\u00f1adir un widget emergente a un sitio web Jimdo\" \/>\n<meta property=\"og:description\" content=\"\u00a1Crea una ventana emergente en Jimdo sin codificar!\" \/>\n<meta property=\"og:url\" content=\"https:\/\/elfsight.com\/es\/popup-widget\/jimdo\/\" \/>\n<meta property=\"og:site_name\" content=\"Elfsight ES\" \/>\n<meta property=\"article:modified_time\" content=\"2025-02-06T16:01:13+00:00\" \/>\n<meta name=\"twitter:card\" content=\"summary_large_image\" \/>\n<meta name=\"twitter:label1\" content=\"Tiempo de lectura\" \/>\n\t<meta name=\"twitter:data1\" content=\"4 minutos\" \/>\n<!-- \/ Yoast SEO plugin. -->","yoast_head_json":{"title":"A\u00f1adir un widget emergente a un sitio web Jimdo","description":"\u00a1Crea una ventana emergente en Jimdo sin codificar!","robots":{"index":"index","follow":"follow","max-snippet":"max-snippet:-1","max-image-preview":"max-image-preview:large","max-video-preview":"max-video-preview:-1"},"canonical":"https:\/\/elfsight.com\/es\/popup-widget\/jimdo\/","og_locale":"es_ES","og_type":"article","og_title":"A\u00f1adir un widget emergente a un sitio web Jimdo","og_description":"\u00a1Crea una ventana emergente en Jimdo sin codificar!","og_url":"https:\/\/elfsight.com\/es\/popup-widget\/jimdo\/","og_site_name":"Elfsight ES","article_modified_time":"2025-02-06T16:01:13+00:00","twitter_card":"summary_large_image","twitter_misc":{"Tiempo de lectura":"4 minutos"},"schema":{"@context":"https:\/\/schema.org","@graph":[{"@type":"WebPage","@id":"https:\/\/elfsight.com\/es\/popup-widget\/jimdo\/","url":"https:\/\/elfsight.com\/es\/popup-widget\/jimdo\/","name":"A\u00f1adir un widget emergente a un sitio web Jimdo","isPartOf":{"@id":"https:\/\/elfsight.com\/es\/#website"},"datePublished":"1970-01-01T00:00:00+00:00","dateModified":"2025-02-06T16:01:13+00:00","description":"\u00a1Crea una ventana emergente en Jimdo sin codificar!","breadcrumb":{"@id":"https:\/\/elfsight.com\/es\/popup-widget\/jimdo\/#breadcrumb"},"inLanguage":"es","potentialAction":[{"@type":"ReadAction","target":["https:\/\/elfsight.com\/es\/popup-widget\/jimdo\/"]}]},{"@type":"BreadcrumbList","@id":"https:\/\/elfsight.com\/es\/popup-widget\/jimdo\/#breadcrumb","itemListElement":[{"@type":"ListItem","position":1,"name":"Home","item":"https:\/\/elfsight.com\/es\/"},{"@type":"ListItem","position":2,"name":"Popup","item":"https:\/\/elfsight.com\/es\/popup-widget\/"},{"@type":"ListItem","position":3,"name":"Popup &#8211; Jimdo"}]},{"@type":"WebSite","@id":"https:\/\/elfsight.com\/es\/#website","url":"https:\/\/elfsight.com\/es\/","name":"Elfsight ES","description":"Just another Elfsight Sites site","potentialAction":[{"@type":"SearchAction","target":{"@type":"EntryPoint","urlTemplate":"https:\/\/elfsight.com\/es\/?s={search_term_string}"},"query-input":{"@type":"PropertyValueSpecification","valueRequired":true,"valueName":"search_term_string"}}],"inLanguage":"es"}]}},"meta_box":{"industry":"","seo_heading":"","heading":"","description":"","cta_heading":"","cta_description":"","application":"1487","h1":"Widget emergente de Jimdo","h1_caption":"Cree cualquier tipo de ventanas emergentes para anunciar eventos y aumentar las ventas.","application_category":[],"applications_title":"","applications_request_title":"","applications_request_button_text":"","hero_text":"","hero_video":"","hero_video_schema_markup":"","selling_points_title":"","selling_points_caption":"","selling_points":[],"selling_points_cta_text":"","features_title":"","features":"","ed_cta_examples_text":"","ed_cta_examples_hidden":"","ed_cta_demo_text":"","ed_cta_demo_hidden":"","why_caption":"","why_editor_title":"","why_editor_text":"","why_team_title":"","why_team_text":"","why_service_title":"","why_service_text":"","template_catalog_visible":"","template_catalog_title":"","template_catalog_text":"","template_catalog_categories_visible":"","demo_title":"Crea tu widget emergente","demo_caption":"\u00a1Configura tu Popup y a\u00f1\u00e1delo a tu sitio web Jimdo gratis!","default_faq_hidden":"","app_template_category":[],"platform":"2198","template_public_id":"","codecanyon_url":"","codecanyon_item_id":"","codecanyon_price":"","pricing_caption":"","pricing_elfsight_apps_hide_column":"","pricing_elfsight_apps_url":"","pricing_codecanyon_price_caption":"","integration_category":[],"integration_request_title":"","integration_request_cta":"","integration_platform":"","integrations":[],"platform_category":[],"video_schema_markup":"","price":"desde $0 \/ mes","trial":"","benefits":[{"text":"Asistencia de instalaci\u00f3n gratuita"},{"text":"Soporte premium"},{"text":"Garant\u00eda de devoluci\u00f3n de dinero de 14 d\u00edas"},{"text":"Actualizando constantemente"}],"button_url":"#demo","button_target_blank":"","button_nofollow":"","attributes":[{"name":"Instalaciones","content":"100,000 - 500,000"},{"name":"Sensible","content":"S\u00ed"},{"name":"Navegadores compatibles","content":"Firefox, Safari, Opera, Chrome, Edge"}],"tags":[],"tags_disable_links":"","hide_more_platforms":"","video_object":"","demo_hide_cta":"","demo_hide_cloud_options":"","pricing_title":"","pricing":[{"pricing_icon":"platform","pricing_title":"Elfsight Apps","pricing_title_caption":"Soluci\u00f3n multiplataforma","pricing_price":"desde $0 \/ mes","pricing_price_caption":"comienza con un plan gratuito","pricing_benefits":[{"text":"N\u00famero ilimitado de sitios web"},{"text":"Soporte profesional"},{"text":"Ayuda de instalaci\u00f3n gratuita"},{"text":"100% personalizable"}],"pricing_button_text":"A\u00f1adir al sitio web","pricing_button_url":"#demo"}],"related_apps_title":"","related_apps_hidden":"","author":"","image":[],"title":"","job":"","social_networks":[]},"_links":{"self":[{"href":"https:\/\/elfsight.com\/es\/wp-json\/wp\/v2\/pages\/6970","targetHints":{"allow":["GET"]}}],"collection":[{"href":"https:\/\/elfsight.com\/es\/wp-json\/wp\/v2\/pages"}],"about":[{"href":"https:\/\/elfsight.com\/es\/wp-json\/wp\/v2\/types\/page"}],"author":[{"embeddable":true,"href":"https:\/\/elfsight.com\/es\/wp-json\/wp\/v2\/users\/9"}],"replies":[{"embeddable":true,"href":"https:\/\/elfsight.com\/es\/wp-json\/wp\/v2\/comments?post=6970"}],"version-history":[{"count":2,"href":"https:\/\/elfsight.com\/es\/wp-json\/wp\/v2\/pages\/6970\/revisions"}],"predecessor-version":[{"id":19035,"href":"https:\/\/elfsight.com\/es\/wp-json\/wp\/v2\/pages\/6970\/revisions\/19035"}],"up":[{"embeddable":true,"href":"https:\/\/elfsight.com\/es\/wp-json\/wp\/v2\/pages\/1488"}],"wp:attachment":[{"href":"https:\/\/elfsight.com\/es\/wp-json\/wp\/v2\/media?parent=6970"}],"curies":[{"name":"wp","href":"https:\/\/api.w.org\/{rel}","templated":true}]}}