{"id":6931,"date":"1970-01-01T00:00:00","date_gmt":"1970-01-01T00:00:00","guid":{"rendered":"https:\/\/elfsight.com\/es\/?page_id=6931"},"modified":"2025-02-06T16:01:13","modified_gmt":"2025-02-06T16:01:13","slug":"prestashop","status":"publish","type":"page","link":"https:\/\/elfsight.com\/es\/whatsapp-chat-widget\/prestashop\/","title":{"rendered":"WhatsApp Chat &#8211; PrestaShop"},"content":{"rendered":"<div class=\"application-platform-content-item-description application-platform-content-item\" id=\"description\" data-nav-section=\"description\"> <h2>Integrar WhatsApp Chat con Elfsight Widget<\/h2> <p>WhatsApp Chat desarrollado por Elfsight es la forma m\u00e1s pr\u00e1ctica para que la audiencia de tu sitio web converse contigo y obtenga respuestas a sus preguntas. Eres libre de permanecer disponible en l\u00ednea para tus clientes en el mensajero favorito sin importar d\u00f3nde te encuentres. Agregue el m\u00f3dulo gratuito de Prestashop WhatsApp en su tienda y el\u00edjalo para que aparezca en p\u00e1ginas espec\u00edficas o para ciertos tipos de clientes, introduzca activadores de inicio de chat, muestre su mensaje de bienvenida personalizado, elija \u00edconos y a\u00fan m\u00e1s. Con la ayuda del chat de WhatsApp funcionando en una p\u00e1gina web, permanecer\u00e1 conectado con sus clientes en cualquier momento y sin importar d\u00f3nde se encuentre. <\/p><p><b>Con WhatsApp Chat, experimente un crecimiento empresarial sostenible y aumente las ventas <\/b><\/p> <\/div> <div class=\"application-platform-content-item-features application-platform-content-item\" id=\"features\" data-nav-section=\"features\"> <h2>Caracter\u00edsticas principales del m\u00f3dulo de chat de WhatsApp<\/h2> <ul><li>Agregue WhatsApp Messenger en su tienda para mantenerse en contacto con los clientes<\/li><li>Responda mensajes directamente desde su cuenta de WhatsApp<\/li><li>Pruebe tres opciones de chat ubicaci\u00f3n: burbuja flotante, burbuja incrustada y ventana de chat incrustada<\/li><li>Explore una biblioteca de iconos de burbujas para elegir<\/li><li>Texto de burbuja editable<\/li><\/ul><p><a href=\"#demo\">Pruebe todas las funciones de personalizaci\u00f3n en una demostraci\u00f3n completamente funcional<\/a><\/p> <\/div> <div class=\"application-platform-content-item-installation application-platform-content-item\" id=\"installation\" data-nav-section=\"installation\"> <h2>C\u00f3mo incrustar el chat de WhatsApp en un Sitio PrestaShop<\/h2> <p>Simplemente siga los pasos que se describen a continuaci\u00f3n para agregar el complemento. <\/p> <ol><li><b>Utilice nuestro editor gratuito y comience a crear su complemento personalizado. <\/b><br> Elija la forma personalizada y las caracter\u00edsticas del widget y guarde las ediciones. <\/li> <li><b>Reciba el c\u00f3digo individual que aparece en el formulario especial en Elfsight Apps. <\/b><br> Una vez finalizada la personalizaci\u00f3n de su complemento, copie el c\u00f3digo individual en el cuadro que aparece y gu\u00e1rdelo para usarlo en el futuro. <\/li> <li><b>Comience a aplicar la herramienta en el sitio web de PrestaShop. <\/b><br> Inserta el c\u00f3digo guardado recientemente en tu p\u00e1gina y aplica los ajustes. <\/li> <li><b>\u00a1Listo! La integraci\u00f3n se realiza con \u00e9xito. <\/b><br> Vaya a su sitio web para ver en acci\u00f3n c\u00f3mo funciona la herramienta. <\/li><\/ol> <p>En caso de tener preguntas o enfrentar algunas dificultades, no dude en comunicarse con nuestro personal de servicio al cliente. Nuestros consultores estar\u00e1n encantados de ayudarle con todas las dificultades que pueda tener con el complemento. <\/p> <\/div><div class=\"faq\" data-component=\"FAQ\"><div class=\"faq-item\">\r\n\t\t\t\t\t<div class=\"faq-item-question\">\r\n\t\t\t\t\t\t<h3 class=\"faq-item-question-text\">\u00bfDe qu\u00e9 manera puedo integrar Whatsapp Chat en mi sitio web PrestaShop sin experiencia en programaci\u00f3n?<\/h3>\r\n\r\n\t\t\t\t\t\t<div class=\"faq-item-question-icon\"><\/div>\r\n\t\t\t\t\t<\/div>\r\n\r\n\t\t\t\t\t<div class=\"faq-item-answer\">\r\n\t\t\t\t\t\t<div class=\"faq-item-answer-text\"><p>La empresa Elfsight ofrece una soluci\u00f3n SaaS que le permite crear una secci\u00f3n de Whatsapp Chat usted mismo. Aprenda los sencillos pasos: <\/p><ul><li>Vaya al editor en vivo para crear una secci\u00f3n de Whatsapp Chat en la que le gustar\u00eda integrarse. Sitio PrestaShop.<\/li><li>Haga clic en una de las plantillas predise\u00f1adas y modifique la configuraci\u00f3n de Whatsapp Chat, agregue su contenido, modifique el dise\u00f1o y los colores sin conocimientos de codificaci\u00f3n.<\/li><li>Haga clic para guardar la configuraci\u00f3n que realiz\u00f3 en Whatsapp Chat y copie el c\u00f3digo de instalaci\u00f3n del widget, que puede pegar en su p\u00e1gina de inicio de PrestaShop de forma gratuita. <\/li><\/ul><p>Con nuestro editor f\u00e1cil de usar, cualquier usuario de Internet puede crear un widget de chat de Whatsapp en l\u00ednea e incluirlo en cualquier p\u00e1gina web de PrestaShop. No es necesario pagar ni introducir los datos de su tarjeta para acceder al servicio Elfsight. Si enfrenta alg\u00fan obst\u00e1culo de cualquier tipo, no dude en comunicarse con nuestro equipo de soporte t\u00e9cnico.<\/p><\/div>\r\n\t\t\t\t\t<\/div>\r\n\t\t\t\t<\/div><\/div>","protected":false},"excerpt":{"rendered":"","protected":false},"author":9,"featured_media":0,"parent":1506,"menu_order":0,"comment_status":"closed","ping_status":"closed","template":"templates\/template-application-platform.php","meta":{"publish_to_discourse":"","publish_post_category":"","wpdc_auto_publish_overridden":"","wpdc_topic_tags":"","wpdc_pin_topic":"","wpdc_pin_until":"","discourse_post_id":"","discourse_permalink":"","wpdc_publishing_response":"","wpdc_publishing_error":"","footnotes":""},"class_list":["post-6931","page","type-page","status-publish","hentry"],"yoast_head":"<!-- This site is optimized with the Yoast SEO plugin v25.3.1 - https:\/\/yoast.com\/wordpress\/plugins\/seo\/ -->\n<title>Agregue el complemento Whatsapp Live Chat al sitio web de PrestaShop (en 2 minutos)<\/title>\n<meta name=\"description\" content=\"Configure el complemento de chat en vivo de Whatsapp en PrestaShop solo en 2 minutos. Explora todas las caracter\u00edsticas principales del mejor widget de chat en una demostraci\u00f3n gratuita.\" \/>\n<meta name=\"robots\" content=\"index, follow, max-snippet:-1, max-image-preview:large, max-video-preview:-1\" \/>\n<link rel=\"canonical\" href=\"https:\/\/elfsight.com\/es\/whatsapp-chat-widget\/prestashop\/\" \/>\n<meta property=\"og:locale\" content=\"es_ES\" \/>\n<meta property=\"og:type\" content=\"article\" \/>\n<meta property=\"og:title\" content=\"Agregue el complemento Whatsapp Live Chat al sitio web de PrestaShop (en 2 minutos)\" \/>\n<meta property=\"og:description\" content=\"Configure el complemento de chat en vivo de Whatsapp en PrestaShop solo en 2 minutos. Explora todas las caracter\u00edsticas principales del mejor widget de chat en una demostraci\u00f3n gratuita.\" \/>\n<meta property=\"og:url\" content=\"https:\/\/elfsight.com\/es\/whatsapp-chat-widget\/prestashop\/\" \/>\n<meta property=\"og:site_name\" content=\"Elfsight ES\" \/>\n<meta property=\"article:modified_time\" content=\"2025-02-06T16:01:13+00:00\" \/>\n<meta name=\"twitter:card\" content=\"summary_large_image\" \/>\n<meta name=\"twitter:label1\" content=\"Tiempo de lectura\" \/>\n\t<meta name=\"twitter:data1\" content=\"3 minutos\" \/>\n<!-- \/ Yoast SEO plugin. -->","yoast_head_json":{"title":"Agregue el complemento Whatsapp Live Chat al sitio web de PrestaShop (en 2 minutos)","description":"Configure el complemento de chat en vivo de Whatsapp en PrestaShop solo en 2 minutos. Explora todas las caracter\u00edsticas principales del mejor widget de chat en una demostraci\u00f3n gratuita.","robots":{"index":"index","follow":"follow","max-snippet":"max-snippet:-1","max-image-preview":"max-image-preview:large","max-video-preview":"max-video-preview:-1"},"canonical":"https:\/\/elfsight.com\/es\/whatsapp-chat-widget\/prestashop\/","og_locale":"es_ES","og_type":"article","og_title":"Agregue el complemento Whatsapp Live Chat al sitio web de PrestaShop (en 2 minutos)","og_description":"Configure el complemento de chat en vivo de Whatsapp en PrestaShop solo en 2 minutos. Explora todas las caracter\u00edsticas principales del mejor widget de chat en una demostraci\u00f3n gratuita.","og_url":"https:\/\/elfsight.com\/es\/whatsapp-chat-widget\/prestashop\/","og_site_name":"Elfsight ES","article_modified_time":"2025-02-06T16:01:13+00:00","twitter_card":"summary_large_image","twitter_misc":{"Tiempo de lectura":"3 minutos"},"schema":{"@context":"https:\/\/schema.org","@graph":[{"@type":"WebPage","@id":"https:\/\/elfsight.com\/es\/whatsapp-chat-widget\/prestashop\/","url":"https:\/\/elfsight.com\/es\/whatsapp-chat-widget\/prestashop\/","name":"Agregue el complemento Whatsapp Live Chat al sitio web de PrestaShop (en 2 minutos)","isPartOf":{"@id":"https:\/\/elfsight.com\/es\/#website"},"datePublished":"1970-01-01T00:00:00+00:00","dateModified":"2025-02-06T16:01:13+00:00","description":"Configure el complemento de chat en vivo de Whatsapp en PrestaShop solo en 2 minutos. Explora todas las caracter\u00edsticas principales del mejor widget de chat en una demostraci\u00f3n gratuita.","breadcrumb":{"@id":"https:\/\/elfsight.com\/es\/whatsapp-chat-widget\/prestashop\/#breadcrumb"},"inLanguage":"es","potentialAction":[{"@type":"ReadAction","target":["https:\/\/elfsight.com\/es\/whatsapp-chat-widget\/prestashop\/"]}]},{"@type":"BreadcrumbList","@id":"https:\/\/elfsight.com\/es\/whatsapp-chat-widget\/prestashop\/#breadcrumb","itemListElement":[{"@type":"ListItem","position":1,"name":"Home","item":"https:\/\/elfsight.com\/es\/"},{"@type":"ListItem","position":2,"name":"WhatsApp Chat","item":"https:\/\/elfsight.com\/es\/whatsapp-chat-widget\/"},{"@type":"ListItem","position":3,"name":"WhatsApp Chat &#8211; PrestaShop"}]},{"@type":"WebSite","@id":"https:\/\/elfsight.com\/es\/#website","url":"https:\/\/elfsight.com\/es\/","name":"Elfsight ES","description":"Just another Elfsight Sites site","potentialAction":[{"@type":"SearchAction","target":{"@type":"EntryPoint","urlTemplate":"https:\/\/elfsight.com\/es\/?s={search_term_string}"},"query-input":{"@type":"PropertyValueSpecification","valueRequired":true,"valueName":"search_term_string"}}],"inLanguage":"es"}]}},"meta_box":{"industry":"","seo_heading":"","heading":"","description":"","cta_heading":"","cta_description":"","application":"1505","h1":"Complemento de chat en vivo de Whatsapp de PrestaShop","h1_caption":"Brinde a los usuarios la oportunidad de comunicarse con usted por WhatsApp, garantizando la interacci\u00f3n m\u00e1s r\u00e1pida y conveniente para los visitantes de su sitio web en su sitio web Prestashop sin esfuerzo.","application_category":[],"applications_title":"","applications_request_title":"","applications_request_button_text":"","hero_text":"","hero_video":"","hero_video_schema_markup":"","selling_points_title":"","selling_points_caption":"","selling_points":[],"selling_points_cta_text":"","features_title":"","features":"","ed_cta_examples_text":"","ed_cta_examples_hidden":"","ed_cta_demo_text":"","ed_cta_demo_hidden":"","why_caption":"","why_editor_title":"","why_editor_text":"","why_team_title":"","why_team_text":"","why_service_title":"","why_service_text":"","template_catalog_visible":"","template_catalog_title":"","template_catalog_text":"","template_catalog_categories_visible":"","demo_title":"Crea tu complemento de chat de WhatsApp","demo_caption":"\u00a1Configura tu Chat de WhatsApp y agr\u00e9galo a tu sitio web PrestaShop gratis!","default_faq_hidden":"","app_template_category":[],"platform":"2250","template_public_id":"","codecanyon_url":"","codecanyon_item_id":"","codecanyon_price":"","pricing_caption":"","pricing_elfsight_apps_hide_column":"","pricing_elfsight_apps_url":"","pricing_codecanyon_price_caption":"","integration_category":[],"integration_request_title":"","integration_request_cta":"","integration_platform":"","integrations":[],"platform_category":[],"video_schema_markup":"","price":"desde $0 \/ mes","trial":"","benefits":[{"text":"Servicio de instalaci\u00f3n gratuito"},{"text":"Servicio al cliente eficaz"},{"text":"Garant\u00eda de devoluci\u00f3n de dinero de 14 d\u00edas"},{"text":"Desarrollo continuo"}],"button_url":"#demo","button_target_blank":"","button_nofollow":"","attributes":[{"name":"Instalaciones","content":"10,000 - 100,000"},{"name":"Sensible","content":"S\u00ed"},{"name":"Navegadores compatibles","content":"Firefox, Safari, Opera, Chrome, Edge"}],"tags":[],"tags_disable_links":"","hide_more_platforms":"","video_object":"","demo_hide_cta":"","demo_hide_cloud_options":"","pricing_title":"","pricing":[{"pricing_icon":"platform","pricing_title":"Elfsight Apps","pricing_title_caption":"Software independiente de la plataforma que se adapta a cualquier sitio web","pricing_price":"desde $0 \/ mes","pricing_price_caption":"comienza con un plan gratuito","pricing_benefits":[{"text":"Dominios ilimitados"},{"text":"Soporte 24 horas al d\u00eda, 7 d\u00edas a la semana y a tiempo"},{"text":"Ayuda de instalaci\u00f3n gratuita"},{"text":"100% personalizable"}],"pricing_button_text":"A\u00f1adir al sitio web","pricing_button_url":"#demo"}],"related_apps_title":"","related_apps_hidden":"","author":"","image":[],"title":"","job":"","social_networks":[]},"_links":{"self":[{"href":"https:\/\/elfsight.com\/es\/wp-json\/wp\/v2\/pages\/6931","targetHints":{"allow":["GET"]}}],"collection":[{"href":"https:\/\/elfsight.com\/es\/wp-json\/wp\/v2\/pages"}],"about":[{"href":"https:\/\/elfsight.com\/es\/wp-json\/wp\/v2\/types\/page"}],"author":[{"embeddable":true,"href":"https:\/\/elfsight.com\/es\/wp-json\/wp\/v2\/users\/9"}],"replies":[{"embeddable":true,"href":"https:\/\/elfsight.com\/es\/wp-json\/wp\/v2\/comments?post=6931"}],"version-history":[{"count":2,"href":"https:\/\/elfsight.com\/es\/wp-json\/wp\/v2\/pages\/6931\/revisions"}],"predecessor-version":[{"id":19037,"href":"https:\/\/elfsight.com\/es\/wp-json\/wp\/v2\/pages\/6931\/revisions\/19037"}],"up":[{"embeddable":true,"href":"https:\/\/elfsight.com\/es\/wp-json\/wp\/v2\/pages\/1506"}],"wp:attachment":[{"href":"https:\/\/elfsight.com\/es\/wp-json\/wp\/v2\/media?parent=6931"}],"curies":[{"name":"wp","href":"https:\/\/api.w.org\/{rel}","templated":true}]}}