{"id":6916,"date":"1970-01-01T00:00:00","date_gmt":"1970-01-01T00:00:00","guid":{"rendered":"https:\/\/elfsight.com\/es\/?page_id=6916"},"modified":"2025-02-06T16:01:13","modified_gmt":"2025-02-06T16:01:13","slug":"jimdo","status":"publish","type":"page","link":"https:\/\/elfsight.com\/es\/whatsapp-chat-widget\/jimdo\/","title":{"rendered":"WhatsApp Chat &#8211; Jimdo"},"content":{"rendered":"<div class=\"application-platform-content-item-description application-platform-content-item\" id=\"description\" data-nav-section=\"description\"><h2>Integre WhatsApp Chat con Elfsight Widget<\/h2> <p>WhatsApp Chat desarrollado por Elfsight es la forma m\u00e1s sencilla para que los clientes de su sitio web inicien una conversaci\u00f3n con usted y obtengan respuestas a sus preguntas. Mantente disponible en vivo para tu gente en el mensajero favorito en cualquier lugar y en cualquier momento. Coloque WhatsApp Chat en su p\u00e1gina web y haga que aparezca en p\u00e1ginas seleccionadas o para tipos espec\u00edficos de visitantes, configure activadores de inicio de chat, cree su mensaje de bienvenida personalizado, configure \u00edconos y aplique otras personalizaciones. Utilizando el chat de WhatsApp instalado en la p\u00e1gina web, podr\u00e1s comunicarte f\u00e1cilmente con tus clientes en todo momento y desde cualquier lugar. <\/p><p><b>\u00a1Prueba WhatsApp Chat para simplificar tus objetivos de comercio electr\u00f3nico! <\/b><\/p> <\/div> <div class=\"application-platform-content-item-features application-platform-content-item\" id=\"features\" data-nav-section=\"features\"> <h2>Caracter\u00edsticas principales del widget de chat de WhatsApp<\/h2> <ul><li>Integre WhatsApp Messenger en su sitio para chatear con clientes<\/li><li>Responda a los mensajes directamente desde su p\u00e1gina de WhatsApp<\/li><li>Seleccione una de las 3 opciones de posici\u00f3n del chat: burbuja flotante, burbuja incrustada y chat incrustado window<\/li><li>Selecciona tu variante de \u00edcono de burbuja entre nuestro conjunto de \u00edconos disponibles<\/li><li>Edita el texto de la burbuja de chat<\/li><\/ul><p><a href=\"#demo\">Simplemente prueba esta demostraci\u00f3n para ver c\u00f3mo funciona<\/a><\/p> <\/div> <div class=\"application-platform-content-item-installation application-platform-content-item\" id=\"installation\" data-nav-section=\"installation\"> <h2>\u00bfC\u00f3mo agregar un chat de WhatsApp a un sitio web de Jimdo? <\/h2> <p>Simplemente siga los siguientes pasos que se presentan a continuaci\u00f3n para comenzar a usar el widget. <\/p> <ol><li><b>Administra nuestra demostraci\u00f3n gratuita y comienza a crear tu widget personalizado. <\/b><br> Encuentre la interfaz y las opciones adecuadas del widget y guarde las correcciones. <\/li> <li><b>Copia el c\u00f3digo individual que se muestra en el formulario especial en Elfsight Apps. <\/b><br> Inmediatamente despu\u00e9s de completar la personalizaci\u00f3n de su widget, copie el c\u00f3digo personal de la ventana y gu\u00e1rdelo para su uso posterior. <\/li> <li><b>Comienza a aplicar la herramienta en la p\u00e1gina de inicio de Jimdo. <\/b><br> A\u00f1ade el c\u00f3digo guardado anteriormente en tu sitio web y guarda las correcciones. <\/li> <li><b>\u00a1Ya terminaste! La integraci\u00f3n ha finalizado con \u00e9xito. <\/b><br>Vaya a su p\u00e1gina web para ver c\u00f3mo funciona el widget. <\/li><\/ol> <p>En caso de que encuentres algunas dificultades, no dudes en contactar con nuestro equipo de atenci\u00f3n al cliente. Nuestra gente estar\u00e1 encantada de resolver todos los problemas que pueda tener con el widget. <\/p> <\/div><div class=\"faq\" data-component=\"FAQ\"><div class=\"faq-item\">\r\n\t\t\t\t\t<div class=\"faq-item-question\">\r\n\t\t\t\t\t\t<h3 class=\"faq-item-question-text\">\u00bfDe qu\u00e9 manera es posible agregar Whatsapp Chat a mi sitio web Jimdo sin conocimientos de codificaci\u00f3n?<\/h3>\r\n\r\n\t\t\t\t\t\t<div class=\"faq-item-question-icon\"><\/div>\r\n\t\t\t\t\t<\/div>\r\n\r\n\t\t\t\t\t<div class=\"faq-item-answer\">\r\n\t\t\t\t\t\t<div class=\"faq-item-answer-text\"><p>La empresa Elfsight ofrece una soluci\u00f3n en la nube que permite a los usuarios crear un widget de Whatsapp Chat por s\u00ed mismos. Descubra lo simple que es el proceso: <\/p><ul><li>Comience a trabajar en la demostraci\u00f3n en vivo para generar la secci\u00f3n de Whatsapp Chat que desee. para aparecer en la p\u00e1gina de inicio de Jimdo.<\/li><li>Decide una de las plantillas ya preparadas y ajusta la configuraci\u00f3n de Whatsapp Chat, cambia el dise\u00f1o y los colores, actualiza tu contenido sin conocimientos de codificaci\u00f3n.<\/li><li>Guarda la configuraci\u00f3n que has realizado en Whatsapp Chat y copia el c\u00f3digo del complemento para la instalaci\u00f3n, que puedes pegar f\u00e1cilmente en la p\u00e1gina web de Jimdo sin comprar una suscripci\u00f3n paga. <\/li><\/ul><p>Con nuestro Configurador f\u00e1cil de usar, cualquier usuario web puede crear un chat de Whatsapp en l\u00ednea y pegarlo f\u00e1cilmente en cualquier sitio web de Jimdo. No debe pagar ni enviar las credenciales de su tarjeta para acceder a Elfsight Editor. Si encuentra alg\u00fan obst\u00e1culo de cualquier tipo, no dude en comunicarse con nuestro equipo de soporte.<\/p><\/div>\r\n\t\t\t\t\t<\/div>\r\n\t\t\t\t<\/div><\/div>","protected":false},"excerpt":{"rendered":"","protected":false},"author":9,"featured_media":0,"parent":1506,"menu_order":0,"comment_status":"closed","ping_status":"closed","template":"templates\/template-application-platform.php","meta":{"publish_to_discourse":"","publish_post_category":"","wpdc_auto_publish_overridden":"","wpdc_topic_tags":"","wpdc_pin_topic":"","wpdc_pin_until":"","discourse_post_id":"","discourse_permalink":"","wpdc_publishing_response":"","wpdc_publishing_error":"","footnotes":""},"class_list":["post-6916","page","type-page","status-publish","hentry"],"yoast_head":"<!-- This site is optimized with the Yoast SEO plugin v25.3.1 - https:\/\/yoast.com\/wordpress\/plugins\/seo\/ -->\n<title>A\u00f1ade el widget de chat en vivo de Whatsapp al sitio web de Jimdo (en 2 minutos)<\/title>\n<meta name=\"description\" content=\"Configura el widget de chat en vivo de Whatsapp en Jimdo en solo 2 minutos. Explora todas las caracter\u00edsticas principales del mejor widget de chat en una demostraci\u00f3n gratuita.\" \/>\n<meta name=\"robots\" content=\"index, follow, max-snippet:-1, max-image-preview:large, max-video-preview:-1\" \/>\n<link rel=\"canonical\" href=\"https:\/\/elfsight.com\/es\/whatsapp-chat-widget\/jimdo\/\" \/>\n<meta property=\"og:locale\" content=\"es_ES\" \/>\n<meta property=\"og:type\" content=\"article\" \/>\n<meta property=\"og:title\" content=\"A\u00f1ade el widget de chat en vivo de Whatsapp al sitio web de Jimdo (en 2 minutos)\" \/>\n<meta property=\"og:description\" content=\"Configura el widget de chat en vivo de Whatsapp en Jimdo en solo 2 minutos. Explora todas las caracter\u00edsticas principales del mejor widget de chat en una demostraci\u00f3n gratuita.\" \/>\n<meta property=\"og:url\" content=\"https:\/\/elfsight.com\/es\/whatsapp-chat-widget\/jimdo\/\" \/>\n<meta property=\"og:site_name\" content=\"Elfsight ES\" \/>\n<meta property=\"article:modified_time\" content=\"2025-02-06T16:01:13+00:00\" \/>\n<meta name=\"twitter:card\" content=\"summary_large_image\" \/>\n<meta name=\"twitter:label1\" content=\"Tiempo de lectura\" \/>\n\t<meta name=\"twitter:data1\" content=\"3 minutos\" \/>\n<!-- \/ Yoast SEO plugin. -->","yoast_head_json":{"title":"A\u00f1ade el widget de chat en vivo de Whatsapp al sitio web de Jimdo (en 2 minutos)","description":"Configura el widget de chat en vivo de Whatsapp en Jimdo en solo 2 minutos. Explora todas las caracter\u00edsticas principales del mejor widget de chat en una demostraci\u00f3n gratuita.","robots":{"index":"index","follow":"follow","max-snippet":"max-snippet:-1","max-image-preview":"max-image-preview:large","max-video-preview":"max-video-preview:-1"},"canonical":"https:\/\/elfsight.com\/es\/whatsapp-chat-widget\/jimdo\/","og_locale":"es_ES","og_type":"article","og_title":"A\u00f1ade el widget de chat en vivo de Whatsapp al sitio web de Jimdo (en 2 minutos)","og_description":"Configura el widget de chat en vivo de Whatsapp en Jimdo en solo 2 minutos. Explora todas las caracter\u00edsticas principales del mejor widget de chat en una demostraci\u00f3n gratuita.","og_url":"https:\/\/elfsight.com\/es\/whatsapp-chat-widget\/jimdo\/","og_site_name":"Elfsight ES","article_modified_time":"2025-02-06T16:01:13+00:00","twitter_card":"summary_large_image","twitter_misc":{"Tiempo de lectura":"3 minutos"},"schema":{"@context":"https:\/\/schema.org","@graph":[{"@type":"WebPage","@id":"https:\/\/elfsight.com\/es\/whatsapp-chat-widget\/jimdo\/","url":"https:\/\/elfsight.com\/es\/whatsapp-chat-widget\/jimdo\/","name":"A\u00f1ade el widget de chat en vivo de Whatsapp al sitio web de Jimdo (en 2 minutos)","isPartOf":{"@id":"https:\/\/elfsight.com\/es\/#website"},"datePublished":"1970-01-01T00:00:00+00:00","dateModified":"2025-02-06T16:01:13+00:00","description":"Configura el widget de chat en vivo de Whatsapp en Jimdo en solo 2 minutos. Explora todas las caracter\u00edsticas principales del mejor widget de chat en una demostraci\u00f3n gratuita.","breadcrumb":{"@id":"https:\/\/elfsight.com\/es\/whatsapp-chat-widget\/jimdo\/#breadcrumb"},"inLanguage":"es","potentialAction":[{"@type":"ReadAction","target":["https:\/\/elfsight.com\/es\/whatsapp-chat-widget\/jimdo\/"]}]},{"@type":"BreadcrumbList","@id":"https:\/\/elfsight.com\/es\/whatsapp-chat-widget\/jimdo\/#breadcrumb","itemListElement":[{"@type":"ListItem","position":1,"name":"Home","item":"https:\/\/elfsight.com\/es\/"},{"@type":"ListItem","position":2,"name":"WhatsApp Chat","item":"https:\/\/elfsight.com\/es\/whatsapp-chat-widget\/"},{"@type":"ListItem","position":3,"name":"WhatsApp Chat &#8211; Jimdo"}]},{"@type":"WebSite","@id":"https:\/\/elfsight.com\/es\/#website","url":"https:\/\/elfsight.com\/es\/","name":"Elfsight ES","description":"Just another Elfsight Sites site","potentialAction":[{"@type":"SearchAction","target":{"@type":"EntryPoint","urlTemplate":"https:\/\/elfsight.com\/es\/?s={search_term_string}"},"query-input":{"@type":"PropertyValueSpecification","valueRequired":true,"valueName":"search_term_string"}}],"inLanguage":"es"}]}},"meta_box":{"industry":"","seo_heading":"","heading":"","description":"","cta_heading":"","cta_description":"","application":"1505","h1":"Widget de chat en vivo de Jimdo Whatsapp","h1_caption":"Brinde a los usuarios la oportunidad de comunicarse con usted por WhatsApp, garantizando la interacci\u00f3n m\u00e1s r\u00e1pida y conveniente para los visitantes de su sitio web en su sitio web Jimdo sin esfuerzo.","application_category":[],"applications_title":"","applications_request_title":"","applications_request_button_text":"","hero_text":"","hero_video":"","hero_video_schema_markup":"","selling_points_title":"","selling_points_caption":"","selling_points":[],"selling_points_cta_text":"","features_title":"","features":"","ed_cta_examples_text":"","ed_cta_examples_hidden":"","ed_cta_demo_text":"","ed_cta_demo_hidden":"","why_caption":"","why_editor_title":"","why_editor_text":"","why_team_title":"","why_team_text":"","why_service_title":"","why_service_text":"","template_catalog_visible":"","template_catalog_title":"","template_catalog_text":"","template_catalog_categories_visible":"","demo_title":"Crea tu widget de chat de WhatsApp","demo_caption":"\u00a1Configura tu chat de WhatsApp y a\u00f1\u00e1delo gratis a tu sitio web Jimdo!","default_faq_hidden":"","app_template_category":[],"platform":"2198","template_public_id":"","codecanyon_url":"","codecanyon_item_id":"","codecanyon_price":"","pricing_caption":"","pricing_elfsight_apps_hide_column":"","pricing_elfsight_apps_url":"","pricing_codecanyon_price_caption":"","integration_category":[],"integration_request_title":"","integration_request_cta":"","integration_platform":"","integrations":[],"platform_category":[],"video_schema_markup":"","price":"desde $0 \/ mes","trial":"","benefits":[{"text":"Asistencia de instalaci\u00f3n gratuita"},{"text":"Servicio al cliente profesional"},{"text":"Garant\u00eda de devoluci\u00f3n de dinero de 14 d\u00edas"},{"text":"Actualizando constantemente"}],"button_url":"#demo","button_target_blank":"","button_nofollow":"","attributes":[{"name":"Instalaciones","content":"10,000 - 100,000"},{"name":"Sensible","content":"S\u00ed"},{"name":"Navegadores compatibles","content":"Firefox, Safari, Opera, Chrome, Edge"}],"tags":[],"tags_disable_links":"","hide_more_platforms":"","video_object":"","demo_hide_cta":"","demo_hide_cloud_options":"","pricing_title":"","pricing":[{"pricing_icon":"platform","pricing_title":"Elfsight Apps","pricing_title_caption":"Soluci\u00f3n digital independiente de la plataforma","pricing_price":"desde $0 \/ mes","pricing_price_caption":"comienza con un plan gratuito","pricing_benefits":[{"text":"Dominios ilimitados"},{"text":"Soporte 24 horas al d\u00eda, 7 d\u00edas a la semana"},{"text":"Servicio de instalaci\u00f3n gratuito"},{"text":"Dise\u00f1o flexible"}],"pricing_button_text":"A\u00f1adir al sitio web","pricing_button_url":"#demo"}],"related_apps_title":"","related_apps_hidden":"","author":"","image":[],"title":"","job":"","social_networks":[]},"_links":{"self":[{"href":"https:\/\/elfsight.com\/es\/wp-json\/wp\/v2\/pages\/6916","targetHints":{"allow":["GET"]}}],"collection":[{"href":"https:\/\/elfsight.com\/es\/wp-json\/wp\/v2\/pages"}],"about":[{"href":"https:\/\/elfsight.com\/es\/wp-json\/wp\/v2\/types\/page"}],"author":[{"embeddable":true,"href":"https:\/\/elfsight.com\/es\/wp-json\/wp\/v2\/users\/9"}],"replies":[{"embeddable":true,"href":"https:\/\/elfsight.com\/es\/wp-json\/wp\/v2\/comments?post=6916"}],"version-history":[{"count":2,"href":"https:\/\/elfsight.com\/es\/wp-json\/wp\/v2\/pages\/6916\/revisions"}],"predecessor-version":[{"id":19038,"href":"https:\/\/elfsight.com\/es\/wp-json\/wp\/v2\/pages\/6916\/revisions\/19038"}],"up":[{"embeddable":true,"href":"https:\/\/elfsight.com\/es\/wp-json\/wp\/v2\/pages\/1506"}],"wp:attachment":[{"href":"https:\/\/elfsight.com\/es\/wp-json\/wp\/v2\/media?parent=6916"}],"curies":[{"name":"wp","href":"https:\/\/api.w.org\/{rel}","templated":true}]}}