{"id":6866,"date":"1970-01-01T00:00:00","date_gmt":"1970-01-01T00:00:00","guid":{"rendered":"https:\/\/elfsight.com\/es\/?page_id=6866"},"modified":"2025-02-06T16:01:21","modified_gmt":"2025-02-06T16:01:21","slug":"jimdo","status":"publish","type":"page","link":"https:\/\/elfsight.com\/es\/youtube-channel-plugin-yottie\/jimdo\/","title":{"rendered":"YouTube Gallery &#8211; Jimdo"},"content":{"rendered":"<div class=\"application-platform-content-item-description application-platform-content-item\" id=\"description\" data-nav-section=\"description\"><h2>Descripci\u00f3n<\/h2> <p>El widget Elfsight YouTube Gallery es una herramienta eficaz para integrar contenido de YouTube en su sitio web. Muestre videos, cree galer\u00edas o muestre canales completos en el sitio web para entretener a sus visitantes y ayudar a promocionar su marca. Muestre tutoriales en v\u00eddeo y aumente la fidelidad de sus clientes, muestre rese\u00f1as en v\u00eddeo de sus productos para atraer nuevos clientes y vea c\u00f3mo su marca se vuelve cada vez m\u00e1s popular. <\/p> <p><b>Con YouTube Gallery, inicie un crecimiento empresarial sostenible y mayores ventas <\/b><\/p> <\/div> <div class=\"application-platform-content-item-features application-platform-content-item\" id=\"features\" data-nav-section=\"features\"> <h2>Las funciones clave del widget contienen<\/h2> <ul><li>Varias fuentes con canal de YouTube, URL y grupos de fuentes<\/li><li>Elementos de encabezado personalizables: descripci\u00f3n, logotipo, banner, nombre del canal, recuento de suscriptores y vistas, bot\u00f3n de suscripci\u00f3n, videos recuento<\/li><li>Personalizaci\u00f3n de contenido: columnas y filas; direcci\u00f3n horizontal o vertical; arrastrar y paginar; 6 efectos de transici\u00f3n; barra de desplazamiento y modo libre. <\/li><li>Tiempo de cach\u00e9 personalizable<\/li><\/ul><p><a href=\"#demo\">Puedes sentir si el widget es para ti con la ayuda de la demostraci\u00f3n<\/a><\/p> <\/div> <div class=\"application-platform-content-item-installation application-platform-content-item\" id=\"installation\" data-nav-section=\"installation\"> <h2>\u00bfC\u00f3mo incrustar la galer\u00eda de v\u00eddeos de YouTube en mi sitio Jimdo? <\/h2> <p>Simplemente siga los pasos que se presentan a continuaci\u00f3n para insertar el widget. <\/p> <ol><li><b>Abre nuestra demostraci\u00f3n gratuita y comienza a crear tu propio widget. <\/b><br> Elija el aspecto y los par\u00e1metros deseados de la herramienta y guarde las ediciones. <\/li> <li><b>Obtenga el c\u00f3digo \u00fanico que se revela en el cuadro de Elfsight Apps. <\/b><br> Una vez finalizada la configuraci\u00f3n de su widget personal, copie el c\u00f3digo personal en la ventana emergente que aparece y gu\u00e1rdelo para su uso posterior. <\/li> <li><b>Comienza a aplicar la herramienta en el sitio de Jimdo. <\/b><br> Pega el c\u00f3digo copiado recientemente en tu p\u00e1gina web y aplica las modificaciones. <\/li> <li><b>La instalaci\u00f3n se realiz\u00f3 correctamente. <\/b><br> Vaya a su sitio para ver el rendimiento del widget. <\/li><\/ol> <p>En caso de que tenga alguna complicaci\u00f3n, no dude en ponerse en contacto con nuestro equipo de soporte. Nuestra gente est\u00e1 deseando resolver todas las dudas que puedas tener con la herramienta. <\/p> <\/div>","protected":false},"excerpt":{"rendered":"","protected":false},"author":9,"featured_media":0,"parent":1530,"menu_order":0,"comment_status":"closed","ping_status":"closed","template":"templates\/template-application-platform.php","meta":{"publish_to_discourse":"","publish_post_category":"","wpdc_auto_publish_overridden":"","wpdc_topic_tags":"","wpdc_pin_topic":"","wpdc_pin_until":"","discourse_post_id":"","discourse_permalink":"","wpdc_publishing_response":"","wpdc_publishing_error":"","footnotes":""},"class_list":["post-6866","page","type-page","status-publish","hentry"],"yoast_head":"<!-- This site is optimized with the Yoast SEO plugin v25.3.1 - https:\/\/yoast.com\/wordpress\/plugins\/seo\/ -->\n<title>Widget de YouTube: incrustar la galer\u00eda de v\u00eddeos de YouTube en el sitio web de Jimdo<\/title>\n<meta name=\"description\" content=\"\u00a1Dise\u00f1a una galer\u00eda de v\u00eddeos de YouTube personalizada para tu sitio web Jimdo en 3 minutos! Pruebe el editor gratuito de Elfsight para configurar su propio widget de YouTube.\" \/>\n<meta name=\"robots\" content=\"index, follow, max-snippet:-1, max-image-preview:large, max-video-preview:-1\" \/>\n<link rel=\"canonical\" href=\"https:\/\/elfsight.com\/es\/youtube-channel-plugin-yottie\/jimdo\/\" \/>\n<meta property=\"og:locale\" content=\"es_ES\" \/>\n<meta property=\"og:type\" content=\"article\" \/>\n<meta property=\"og:title\" content=\"Widget de YouTube: incrustar la galer\u00eda de v\u00eddeos de YouTube en el sitio web de Jimdo\" \/>\n<meta property=\"og:description\" content=\"\u00a1Dise\u00f1a una galer\u00eda de v\u00eddeos de YouTube personalizada para tu sitio web Jimdo en 3 minutos! Pruebe el editor gratuito de Elfsight para configurar su propio widget de YouTube.\" \/>\n<meta property=\"og:url\" content=\"https:\/\/elfsight.com\/es\/youtube-channel-plugin-yottie\/jimdo\/\" \/>\n<meta property=\"og:site_name\" content=\"Elfsight ES\" \/>\n<meta property=\"article:modified_time\" content=\"2025-02-06T16:01:21+00:00\" \/>\n<meta name=\"twitter:card\" content=\"summary_large_image\" \/>\n<meta name=\"twitter:label1\" content=\"Tiempo de lectura\" \/>\n\t<meta name=\"twitter:data1\" content=\"2 minutos\" \/>\n<!-- \/ Yoast SEO plugin. -->","yoast_head_json":{"title":"Widget de YouTube: incrustar la galer\u00eda de v\u00eddeos de YouTube en el sitio web de Jimdo","description":"\u00a1Dise\u00f1a una galer\u00eda de v\u00eddeos de YouTube personalizada para tu sitio web Jimdo en 3 minutos! Pruebe el editor gratuito de Elfsight para configurar su propio widget de YouTube.","robots":{"index":"index","follow":"follow","max-snippet":"max-snippet:-1","max-image-preview":"max-image-preview:large","max-video-preview":"max-video-preview:-1"},"canonical":"https:\/\/elfsight.com\/es\/youtube-channel-plugin-yottie\/jimdo\/","og_locale":"es_ES","og_type":"article","og_title":"Widget de YouTube: incrustar la galer\u00eda de v\u00eddeos de YouTube en el sitio web de Jimdo","og_description":"\u00a1Dise\u00f1a una galer\u00eda de v\u00eddeos de YouTube personalizada para tu sitio web Jimdo en 3 minutos! Pruebe el editor gratuito de Elfsight para configurar su propio widget de YouTube.","og_url":"https:\/\/elfsight.com\/es\/youtube-channel-plugin-yottie\/jimdo\/","og_site_name":"Elfsight ES","article_modified_time":"2025-02-06T16:01:21+00:00","twitter_card":"summary_large_image","twitter_misc":{"Tiempo de lectura":"2 minutos"},"schema":{"@context":"https:\/\/schema.org","@graph":[{"@type":"WebPage","@id":"https:\/\/elfsight.com\/es\/youtube-channel-plugin-yottie\/jimdo\/","url":"https:\/\/elfsight.com\/es\/youtube-channel-plugin-yottie\/jimdo\/","name":"Widget de YouTube: incrustar la galer\u00eda de v\u00eddeos de YouTube en el sitio web de Jimdo","isPartOf":{"@id":"https:\/\/elfsight.com\/es\/#website"},"datePublished":"1970-01-01T00:00:00+00:00","dateModified":"2025-02-06T16:01:21+00:00","description":"\u00a1Dise\u00f1a una galer\u00eda de v\u00eddeos de YouTube personalizada para tu sitio web Jimdo en 3 minutos! Pruebe el editor gratuito de Elfsight para configurar su propio widget de YouTube.","breadcrumb":{"@id":"https:\/\/elfsight.com\/es\/youtube-channel-plugin-yottie\/jimdo\/#breadcrumb"},"inLanguage":"es","potentialAction":[{"@type":"ReadAction","target":["https:\/\/elfsight.com\/es\/youtube-channel-plugin-yottie\/jimdo\/"]}]},{"@type":"BreadcrumbList","@id":"https:\/\/elfsight.com\/es\/youtube-channel-plugin-yottie\/jimdo\/#breadcrumb","itemListElement":[{"@type":"ListItem","position":1,"name":"Home","item":"https:\/\/elfsight.com\/es\/"},{"@type":"ListItem","position":2,"name":"YouTube Gallery","item":"https:\/\/elfsight.com\/es\/youtube-channel-plugin-yottie\/"},{"@type":"ListItem","position":3,"name":"YouTube Gallery &#8211; Jimdo"}]},{"@type":"WebSite","@id":"https:\/\/elfsight.com\/es\/#website","url":"https:\/\/elfsight.com\/es\/","name":"Elfsight ES","description":"Just another Elfsight Sites site","potentialAction":[{"@type":"SearchAction","target":{"@type":"EntryPoint","urlTemplate":"https:\/\/elfsight.com\/es\/?s={search_term_string}"},"query-input":{"@type":"PropertyValueSpecification","valueRequired":true,"valueName":"search_term_string"}}],"inLanguage":"es"}]}},"meta_box":{"industry":"","seo_heading":"","heading":"","description":"","cta_heading":"","cta_description":"","application":"1523","h1":"Galer\u00eda de v\u00eddeos de YouTube para Jimdo","h1_caption":"Inserta f\u00e1cilmente en tu sitio web Jimdo una galer\u00eda de v\u00eddeos de YouTube para presentar contenido como tutoriales, testimonios o presentaciones de productos en tu sitio web.","application_category":[],"applications_title":"","applications_request_title":"","applications_request_button_text":"","hero_text":"","hero_video":"","hero_video_schema_markup":"","selling_points_title":"","selling_points_caption":"","selling_points":[],"selling_points_cta_text":"","features_title":"","features":"","ed_cta_examples_text":"","ed_cta_examples_hidden":"","ed_cta_demo_text":"","ed_cta_demo_hidden":"","why_caption":"","why_editor_title":"","why_editor_text":"","why_team_title":"","why_team_text":"","why_service_title":"","why_service_text":"","template_catalog_visible":"","template_catalog_title":"","template_catalog_text":"","template_catalog_categories_visible":"","demo_title":"Crea tu widget de galer\u00eda de YouTube","demo_caption":"\u00a1Configura tu galer\u00eda de YouTube y a\u00f1\u00e1dela a tu sitio web Jimdo gratis!","default_faq_hidden":"","app_template_category":[],"platform":"2198","template_public_id":"","codecanyon_url":"","codecanyon_item_id":"","codecanyon_price":"","pricing_caption":"","pricing_elfsight_apps_hide_column":"","pricing_elfsight_apps_url":"","pricing_codecanyon_price_caption":"","integration_category":[],"integration_request_title":"","integration_request_cta":"","integration_platform":"","integrations":[],"platform_category":[],"video_schema_markup":"","price":"desde $0 \/ mes","trial":"","benefits":[{"text":"Ayuda de instalaci\u00f3n gratuita"},{"text":"Soporte premium"},{"text":"Garant\u00eda de devoluci\u00f3n de dinero de 14 d\u00edas"},{"text":"Actualizando constantemente"}],"button_url":"#demo","button_target_blank":"","button_nofollow":"","attributes":[{"name":"Instalaciones","content":"100,000 - 500,000"},{"name":"Sensible","content":"S\u00ed"},{"name":"Navegadores compatibles","content":"Firefox, Safari, Opera, Chrome, Edge"}],"tags":[],"tags_disable_links":"","hide_more_platforms":"","video_object":"","demo_hide_cta":"","demo_hide_cloud_options":"","pricing_title":"","pricing":[{"pricing_icon":"platform","pricing_title":"Elfsight Apps","pricing_title_caption":"Software independiente de la plataforma que se adapta a cualquier sitio","pricing_price":"desde $0 \/ mes","pricing_price_caption":"comienza con el plan gratuito","pricing_benefits":[{"text":"Sitios web ilimitados"},{"text":"Soporte gratuito y puntual"},{"text":"Servicio de instalaci\u00f3n gratuito"},{"text":"Dise\u00f1o flexible"}],"pricing_button_text":"A\u00f1adir al sitio web","pricing_button_url":"#demo"}],"related_apps_title":"","related_apps_hidden":"","author":"","image":[],"title":"","job":"","social_networks":[]},"_links":{"self":[{"href":"https:\/\/elfsight.com\/es\/wp-json\/wp\/v2\/pages\/6866","targetHints":{"allow":["GET"]}}],"collection":[{"href":"https:\/\/elfsight.com\/es\/wp-json\/wp\/v2\/pages"}],"about":[{"href":"https:\/\/elfsight.com\/es\/wp-json\/wp\/v2\/types\/page"}],"author":[{"embeddable":true,"href":"https:\/\/elfsight.com\/es\/wp-json\/wp\/v2\/users\/9"}],"replies":[{"embeddable":true,"href":"https:\/\/elfsight.com\/es\/wp-json\/wp\/v2\/comments?post=6866"}],"version-history":[{"count":2,"href":"https:\/\/elfsight.com\/es\/wp-json\/wp\/v2\/pages\/6866\/revisions"}],"predecessor-version":[{"id":19040,"href":"https:\/\/elfsight.com\/es\/wp-json\/wp\/v2\/pages\/6866\/revisions\/19040"}],"up":[{"embeddable":true,"href":"https:\/\/elfsight.com\/es\/wp-json\/wp\/v2\/pages\/1530"}],"wp:attachment":[{"href":"https:\/\/elfsight.com\/es\/wp-json\/wp\/v2\/media?parent=6866"}],"curies":[{"name":"wp","href":"https:\/\/api.w.org\/{rel}","templated":true}]}}