{"id":6842,"date":"1970-01-01T00:00:00","date_gmt":"1970-01-01T00:00:00","guid":{"rendered":"https:\/\/elfsight.com\/es\/?page_id=6842"},"modified":"2025-02-06T16:01:21","modified_gmt":"2025-02-06T16:01:21","slug":"woocommerce","status":"publish","type":"page","link":"https:\/\/elfsight.com\/es\/vimeo-video-gallery-widget\/woocommerce\/","title":{"rendered":"Vimeo Gallery &#8211; WooCommerce"},"content":{"rendered":"<div class=\"application-platform-content-item-description application-platform-content-item\" id=\"description\" data-nav-section=\"description\"><h2>Descripci\u00f3n<\/h2><p>Elfsight Vimeo Gallery es un widget eficaz para propietarios de sitios web que necesitan mostrar v\u00eddeos de Vimeo en el sitio. Puede crear listas de reproducci\u00f3n de videos, integrar canales, seleccionar el contenido de video m\u00e1s atractivo para su galer\u00eda de videos y m\u00e1s. El widget incluye m\u00faltiples configuraciones de dise\u00f1o que ayudan a crear una interfaz adecuada para diversos casos. Tres dise\u00f1os de widgets ayudan a organizar el contenido de la mejor manera, m\u00faltiples modos de reproducci\u00f3n hacen que ver videos sea \u00fatil. Con la ayuda del encabezado flexible, anuncia tu canal y aumenta tus seguidores.<\/p><p><b>Elfsight Vimeo Gallery es una forma eficiente no solo de aumentar la participaci\u00f3n, sino tambi\u00e9n de desarrollar tu negocio.<\/b><\/p><\/div> <div class=\"faq\" data-component=\"FAQ\"><div class=\"faq-item\">\r\n\t\t\t\t\t<div class=\"faq-item-question\">\r\n\t\t\t\t\t\t<h3 class=\"faq-item-question-text\">\u00bfC\u00f3mo puedo agregar una Galer\u00eda Vimeo al sitio WooCommerce? <\/h3>\r\n\r\n\t\t\t\t\t\t<div class=\"faq-item-question-icon\"><\/div>\r\n\t\t\t\t\t<\/div>\r\n\r\n\t\t\t\t\t<div class=\"faq-item-answer\">\r\n\t\t\t\t\t\t<div class=\"faq-item-answer-text\"><p>La base de la herramienta se lleva a cabo en las p\u00e1ginas de Elfsight y no es necesario aprender a codificar. Utilice la demostraci\u00f3n en l\u00ednea para configurar su propia aplicaci\u00f3n, adquirir el c\u00f3digo y pegarlo en su sitio web. <\/p><\/div>\r\n\t\t\t\t\t<\/div>\r\n\t\t\t\t<\/div><div class=\"faq-item\">\r\n\t\t\t\t\t<div class=\"faq-item-question\">\r\n\t\t\t\t\t\t<h3 class=\"faq-item-question-text\">Las mejores formas de utilizar la integraci\u00f3n de Vimeo Video Gallery<\/h3>\r\n\r\n\t\t\t\t\t\t<div class=\"faq-item-question-icon\"><\/div>\r\n\t\t\t\t\t<\/div>\r\n\r\n\t\t\t\t\t<div class=\"faq-item-answer\">\r\n\t\t\t\t\t\t<div class=\"faq-item-answer-text\"><p>Le proporcionaremos una gran cantidad de posibilidades de ajuste: widgets a gran escala para implementar en la zona de contenido, widgets flotantes para opciones de desplazamiento, dise\u00f1os para el pie de p\u00e1gina de su sitio web, encabezado y todo tipo de opciones verticales para barras laterales y men\u00fas. <\/p><\/div>\r\n\t\t\t\t\t<\/div>\r\n\t\t\t\t<\/div><div class=\"faq-item\">\r\n\t\t\t\t\t<div class=\"faq-item-question\">\r\n\t\t\t\t\t\t<h3 class=\"faq-item-question-text\">\u00bfPuedo crear un widget de presentaci\u00f3n de video o canal de Vimeo con la ayuda de tu editor? <\/h3>\r\n\r\n\t\t\t\t\t\t<div class=\"faq-item-question-icon\"><\/div>\r\n\t\t\t\t\t<\/div>\r\n\r\n\t\t\t\t\t<div class=\"faq-item-answer\">\r\n\t\t\t\t\t\t<div class=\"faq-item-answer-text\"><p>Eres libre de crear las modificaciones de cualquier widget. Hay muchos dise\u00f1os aplicables en el editor y todos ellos se pueden ajustar f\u00e1cilmente de la manera que necesite. <\/p><\/div>\r\n\t\t\t\t\t<\/div>\r\n\t\t\t\t<\/div><\/div><div class=\"application-platform-content-item-features application-platform-content-item\" id=\"features\" data-nav-section=\"features\"><h2>El widget incluye funciones pr\u00e1cticas y sencillas, estas son algunas de ellas:<\/h2><ul><li>Incrustar v\u00eddeos por URL; <\/li><li>3 dise\u00f1os incorporados para organizar diversos videos: cuadr\u00edcula, lista de reproducci\u00f3n, control deslizante; <\/li><li>Siete detalles intercambiables del encabezado: nombre, estad\u00edsticas, descripci\u00f3n, bot\u00f3n de seguimiento, imagen de perfil; <\/li><li>4 modos de reproducci\u00f3n incorporados: emergente, reproductor, en l\u00ednea o en Vimeo; <\/li><li>3 acciones una vez finalizado el v\u00eddeo: reproducir a continuaci\u00f3n, reproducir, ninguna; <\/li><\/ul><p><a href=\"#demo\">Explore todas las opciones de personalizaci\u00f3n en una demostraci\u00f3n 100% funcional<\/a><\/p><\/div><div class=\"application-platform-content-item-installation application-platform-content-item\" id=\"installation\" data-nav-section=\"installation\"><h2>\u00bfC\u00f3mo puedo integrar Vimeo Video Gallery en mi sitio WooCommerce?<\/h2><p>Simplemente siga las instrucciones a continuaci\u00f3n para integrar la herramienta.<\/p><ol><li><b>Util\u00edcela de nuestra demostraci\u00f3n gratuita y comience a crear su propio instrumento.<\/b><br>Especifique la interfaz preferida y la funcionalidad del widget y aplique las modificaciones.<\/li><li><b>Reciba el c\u00f3digo personal que aparece en el formulario especial en Elfsight Apps.<\/b><br>Inmediatamente despu\u00e9s de finalizar la configuraci\u00f3n de su complemento, copie el c\u00f3digo personal en el cuadro que aparece y gu\u00e1rdelo para futuras ocasiones.<\/li><li><b>Inicie el uso del widget en el sitio web de WooCommerce.<\/b><br>Coloque el c\u00f3digo guardado anteriormente en su sitio web y aplique las mejoras.<\/li><li><b>\u00a1Ya est\u00e1! La integraci\u00f3n est\u00e1 completamente lograda.<\/b><br>Vaya a su sitio web para observar el rendimiento del complemento.<\/li><\/ol><p>En caso de atender consultas o enfrentar algunas dificultades, no tema buscar ayuda de nuestro equipo de soporte. Nuestros consultores estar\u00e1n encantados de ayudarte con todas las preguntas que puedas tener sobre el producto.<\/p><\/div>","protected":false},"excerpt":{"rendered":"","protected":false},"author":9,"featured_media":0,"parent":1556,"menu_order":0,"comment_status":"closed","ping_status":"closed","template":"templates\/template-application-platform.php","meta":{"publish_to_discourse":"","publish_post_category":"","wpdc_auto_publish_overridden":"","wpdc_topic_tags":"","wpdc_pin_topic":"","wpdc_pin_until":"","discourse_post_id":"","discourse_permalink":"","wpdc_publishing_response":"","wpdc_publishing_error":"","footnotes":""},"class_list":["post-6842","page","type-page","status-publish","hentry"],"yoast_head":"<!-- This site is optimized with the Yoast SEO plugin v25.3.1 - https:\/\/yoast.com\/wordpress\/plugins\/seo\/ -->\n<title>Complemento WooCommerce Vimeo Video Gallery para su sitio web (2025)<\/title>\n<meta name=\"description\" content=\"Puede personalizar el complemento Vimeo Video Gallery en el editor e insertarlo en su sitio web WooCommerce directamente a trav\u00e9s de la demostraci\u00f3n.\" \/>\n<meta name=\"robots\" content=\"index, follow, max-snippet:-1, max-image-preview:large, max-video-preview:-1\" \/>\n<link rel=\"canonical\" href=\"https:\/\/elfsight.com\/es\/vimeo-video-gallery-widget\/woocommerce\/\" \/>\n<meta property=\"og:locale\" content=\"es_ES\" \/>\n<meta property=\"og:type\" content=\"article\" \/>\n<meta property=\"og:title\" content=\"Complemento WooCommerce Vimeo Video Gallery para su sitio web (2025)\" \/>\n<meta property=\"og:description\" content=\"Puede personalizar el complemento Vimeo Video Gallery en el editor e insertarlo en su sitio web WooCommerce directamente a trav\u00e9s de la demostraci\u00f3n.\" \/>\n<meta property=\"og:url\" content=\"https:\/\/elfsight.com\/es\/vimeo-video-gallery-widget\/woocommerce\/\" \/>\n<meta property=\"og:site_name\" content=\"Elfsight ES\" \/>\n<meta property=\"article:modified_time\" content=\"2025-02-06T16:01:21+00:00\" \/>\n<meta name=\"twitter:card\" content=\"summary_large_image\" \/>\n<meta name=\"twitter:label1\" content=\"Tiempo de lectura\" \/>\n\t<meta name=\"twitter:data1\" content=\"3 minutos\" \/>\n<!-- \/ Yoast SEO plugin. -->","yoast_head_json":{"title":"Complemento WooCommerce Vimeo Video Gallery para su sitio web (2025)","description":"Puede personalizar el complemento Vimeo Video Gallery en el editor e insertarlo en su sitio web WooCommerce directamente a trav\u00e9s de la demostraci\u00f3n.","robots":{"index":"index","follow":"follow","max-snippet":"max-snippet:-1","max-image-preview":"max-image-preview:large","max-video-preview":"max-video-preview:-1"},"canonical":"https:\/\/elfsight.com\/es\/vimeo-video-gallery-widget\/woocommerce\/","og_locale":"es_ES","og_type":"article","og_title":"Complemento WooCommerce Vimeo Video Gallery para su sitio web (2025)","og_description":"Puede personalizar el complemento Vimeo Video Gallery en el editor e insertarlo en su sitio web WooCommerce directamente a trav\u00e9s de la demostraci\u00f3n.","og_url":"https:\/\/elfsight.com\/es\/vimeo-video-gallery-widget\/woocommerce\/","og_site_name":"Elfsight ES","article_modified_time":"2025-02-06T16:01:21+00:00","twitter_card":"summary_large_image","twitter_misc":{"Tiempo de lectura":"3 minutos"},"schema":{"@context":"https:\/\/schema.org","@graph":[{"@type":"WebPage","@id":"https:\/\/elfsight.com\/es\/vimeo-video-gallery-widget\/woocommerce\/","url":"https:\/\/elfsight.com\/es\/vimeo-video-gallery-widget\/woocommerce\/","name":"Complemento WooCommerce Vimeo Video Gallery para su sitio web (2025)","isPartOf":{"@id":"https:\/\/elfsight.com\/es\/#website"},"datePublished":"1970-01-01T00:00:00+00:00","dateModified":"2025-02-06T16:01:21+00:00","description":"Puede personalizar el complemento Vimeo Video Gallery en el editor e insertarlo en su sitio web WooCommerce directamente a trav\u00e9s de la demostraci\u00f3n.","breadcrumb":{"@id":"https:\/\/elfsight.com\/es\/vimeo-video-gallery-widget\/woocommerce\/#breadcrumb"},"inLanguage":"es","potentialAction":[{"@type":"ReadAction","target":["https:\/\/elfsight.com\/es\/vimeo-video-gallery-widget\/woocommerce\/"]}]},{"@type":"BreadcrumbList","@id":"https:\/\/elfsight.com\/es\/vimeo-video-gallery-widget\/woocommerce\/#breadcrumb","itemListElement":[{"@type":"ListItem","position":1,"name":"Home","item":"https:\/\/elfsight.com\/es\/"},{"@type":"ListItem","position":2,"name":"Vimeo Gallery","item":"https:\/\/elfsight.com\/es\/vimeo-video-gallery-widget\/"},{"@type":"ListItem","position":3,"name":"Vimeo Gallery &#8211; WooCommerce"}]},{"@type":"WebSite","@id":"https:\/\/elfsight.com\/es\/#website","url":"https:\/\/elfsight.com\/es\/","name":"Elfsight ES","description":"Just another Elfsight Sites site","potentialAction":[{"@type":"SearchAction","target":{"@type":"EntryPoint","urlTemplate":"https:\/\/elfsight.com\/es\/?s={search_term_string}"},"query-input":{"@type":"PropertyValueSpecification","valueRequired":true,"valueName":"search_term_string"}}],"inLanguage":"es"}]}},"meta_box":{"industry":"","seo_heading":"","heading":"","description":"","cta_heading":"","cta_description":"","application":"1555","h1":"Galer\u00eda de v\u00eddeos de WooCommerce Vimeo","h1_caption":"Incruste una galer\u00eda de videos de Vimeo, ofreciendo una manera perfecta de presentar su contenido de video en su sitio web WooCommerce sin esfuerzo.","application_category":[],"applications_title":"","applications_request_title":"","applications_request_button_text":"","hero_text":"","hero_video":"","hero_video_schema_markup":"","selling_points_title":"","selling_points_caption":"","selling_points":[],"selling_points_cta_text":"","features_title":"","features":"","ed_cta_examples_text":"","ed_cta_examples_hidden":"","ed_cta_demo_text":"","ed_cta_demo_hidden":"","why_caption":"","why_editor_title":"","why_editor_text":"","why_team_title":"","why_team_text":"","why_service_title":"","why_service_text":"","template_catalog_visible":"","template_catalog_title":"","template_catalog_text":"","template_catalog_categories_visible":"","demo_title":"Crea tu aplicaci\u00f3n Galer\u00eda Vimeo","demo_caption":"\u00a1Configure su Galer\u00eda Vimeo y agr\u00e9guela a su sitio web WooCommerce gratis!","default_faq_hidden":"","app_template_category":[],"platform":"2311","template_public_id":"","codecanyon_url":"","codecanyon_item_id":"","codecanyon_price":"","pricing_caption":"","pricing_elfsight_apps_hide_column":"","pricing_elfsight_apps_url":"","pricing_codecanyon_price_caption":"","integration_category":[],"integration_request_title":"","integration_request_cta":"","integration_platform":"","integrations":[],"platform_category":[],"video_schema_markup":"","price":"desde $0 \/ mes","trial":"","benefits":[{"text":"Asistencia de instalaci\u00f3n gratuita"},{"text":"Servicio al cliente eficaz"},{"text":"Garant\u00eda de devoluci\u00f3n de dinero de 14 d\u00edas"},{"text":"Mejoras de por vida"}],"button_url":"#demo","button_target_blank":"","button_nofollow":"","attributes":[{"name":"Instalaciones","content":"10,000 - 100,000"},{"name":"Sensible","content":"S\u00ed"},{"name":"Navegadores compatibles","content":"Firefox, Safari, Opera, Chrome, Edge"}],"tags":[],"tags_disable_links":"","hide_more_platforms":"","video_object":"","demo_hide_cta":"","demo_hide_cloud_options":"","pricing_title":"","pricing":[{"pricing_icon":"platform","pricing_title":"Elfsight Apps","pricing_title_caption":"Versi\u00f3n multiplataforma que se adapta a cualquier sitio web","pricing_price":"desde $0 \/ mes","pricing_price_caption":"comienza con un plan gratuito","pricing_benefits":[{"text":"Sitios web ilimitados"},{"text":"Soporte gratuito y bien documentado."},{"text":"Ayuda de instalaci\u00f3n gratuita"},{"text":"Dise\u00f1o flexible"}],"pricing_button_text":"A\u00f1adir al sitio web","pricing_button_url":"#demo"}],"related_apps_title":"","related_apps_hidden":"","author":"","image":[],"title":"","job":"","social_networks":[]},"_links":{"self":[{"href":"https:\/\/elfsight.com\/es\/wp-json\/wp\/v2\/pages\/6842","targetHints":{"allow":["GET"]}}],"collection":[{"href":"https:\/\/elfsight.com\/es\/wp-json\/wp\/v2\/pages"}],"about":[{"href":"https:\/\/elfsight.com\/es\/wp-json\/wp\/v2\/types\/page"}],"author":[{"embeddable":true,"href":"https:\/\/elfsight.com\/es\/wp-json\/wp\/v2\/users\/9"}],"replies":[{"embeddable":true,"href":"https:\/\/elfsight.com\/es\/wp-json\/wp\/v2\/comments?post=6842"}],"version-history":[{"count":2,"href":"https:\/\/elfsight.com\/es\/wp-json\/wp\/v2\/pages\/6842\/revisions"}],"predecessor-version":[{"id":19041,"href":"https:\/\/elfsight.com\/es\/wp-json\/wp\/v2\/pages\/6842\/revisions\/19041"}],"up":[{"embeddable":true,"href":"https:\/\/elfsight.com\/es\/wp-json\/wp\/v2\/pages\/1556"}],"wp:attachment":[{"href":"https:\/\/elfsight.com\/es\/wp-json\/wp\/v2\/media?parent=6842"}],"curies":[{"name":"wp","href":"https:\/\/api.w.org\/{rel}","templated":true}]}}