{"id":6837,"date":"1970-01-01T00:00:00","date_gmt":"1970-01-01T00:00:00","guid":{"rendered":"https:\/\/elfsight.com\/es\/?page_id=6837"},"modified":"2025-02-06T16:01:21","modified_gmt":"2025-02-06T16:01:21","slug":"wix","status":"publish","type":"page","link":"https:\/\/elfsight.com\/es\/vimeo-video-gallery-widget\/wix\/","title":{"rendered":"Vimeo Gallery &#8211; Wix"},"content":{"rendered":"<div class=\"application-platform-content-item-description application-platform-content-item\" id=\"description\" data-nav-section=\"description\"><h2>Descripci\u00f3n<\/h2><p>Elfsight Vimeo Gallery es una herramienta sencilla para todos los que quieran agregar contenido de Vimeo en el sitio. Puede recopilar listas de reproducci\u00f3n de videos, insertar un canal completo y elegir el contenido tem\u00e1tico m\u00e1s atractivo para su galer\u00eda y otros. El widget tiene caracter\u00edsticas de interfaz bien pensadas, que ayudan a crear la interfaz para diversos casos de uso. Tres dise\u00f1os de video organizar\u00e1n los videos de manera \u00f3ptima, una variedad de modos de reproducci\u00f3n hacen que ver sus videos sea \u00fatil para cualquier usuario. Gracias al encabezado podr\u00e1s presentar tu canal y aumentar seguidores. La aplicaci\u00f3n Elfsight Vimeo es una forma eficaz no s\u00f3lo de aumentar la participaci\u00f3n, sino tambi\u00e9n de desarrollar su negocio. <\/p> <div class=\"faq\" data-component=\"FAQ\"><div class=\"faq-item\">\r\n\t\t\t\t\t<div class=\"faq-item-question\">\r\n\t\t\t\t\t\t<h3 class=\"faq-item-question-text\">\u00bfEn qu\u00e9 parte de mi sitio puedo instalar Vimeo Gallery?<\/h3>\r\n\r\n\t\t\t\t\t\t<div class=\"faq-item-question-icon\"><\/div>\r\n\t\t\t\t\t<\/div>\r\n\r\n\t\t\t\t\t<div class=\"faq-item-answer\">\r\n\t\t\t\t\t\t<div class=\"faq-item-answer-text\"><p>Puede funcionar en la p\u00e1gina que elijas. En caso de que pegue el widget en la plantilla, aparecer\u00e1 en todas las p\u00e1ginas. <\/p> <\/div>\r\n\t\t\t\t\t<\/div>\r\n\t\t\t\t<\/div><div class=\"faq-item\">\r\n\t\t\t\t\t<div class=\"faq-item-question\">\r\n\t\t\t\t\t\t<h3 class=\"faq-item-question-text\">\u00bfQu\u00e9 ventajas me dar\u00e1?<\/h3>\r\n\r\n\t\t\t\t\t\t<div class=\"faq-item-question-icon\"><\/div>\r\n\t\t\t\t\t<\/div>\r\n\r\n\t\t\t\t\t<div class=\"faq-item-answer\">\r\n\t\t\t\t\t\t<div class=\"faq-item-answer-text\"><p>Este complemento le permitir\u00e1 aumentar la participaci\u00f3n de los usuarios en su sitio web con videos interesantes. La opci\u00f3n de suscripci\u00f3n r\u00e1pida le ayudar\u00e1 a tener nuevas suscripciones en su cuenta. <\/p><\/div>\r\n\t\t\t\t\t<\/div>\r\n\t\t\t\t<\/div><div class=\"faq-item\">\r\n\t\t\t\t\t<div class=\"faq-item-question\">\r\n\t\t\t\t\t\t<h3 class=\"faq-item-question-text\">\u00bfC\u00f3mo tengo el reproductor de v\u00eddeo Vimeo en mi sitio?<\/h3>\r\n\r\n\t\t\t\t\t\t<div class=\"faq-item-question-icon\"><\/div>\r\n\t\t\t\t\t<\/div>\r\n\r\n\t\t\t\t\t<div class=\"faq-item-answer\">\r\n\t\t\t\t\t\t<div class=\"faq-item-answer-text\"><p>Se tarda un minuto en configurar el widget. Este proceso es extremadamente r\u00e1pido, gratuito y sin codificaci\u00f3n.<\/p><p>Puedes colocar la aplicaci\u00f3n Vimeo en tu p\u00e1gina web en nuestro servicio. Para hacerlo, simplemente siga los pasos de las instrucciones que se detallan a continuaci\u00f3n en esta p\u00e1gina. <\/p><\/div>\r\n\t\t\t\t\t<\/div>\r\n\t\t\t\t<\/div><\/div><\/div><div class=\"application-platform-content-item-features application-platform-content-item\" id=\"features\" data-nav-section=\"features\"><h2>Caracter\u00edsticas<\/h2><p>Para lograr una percepci\u00f3n clara de Vimeo Video Gallery, examine la lista de funciones esenciales. Hacen que este widget sea lo m\u00e1s beneficioso para su sitio web: <\/p><ul><li>Incrustar dise\u00f1os seleccionados para diversas formas de ritmo de los v\u00eddeos: cuadr\u00edcula, lista de reproducci\u00f3n, control deslizante; <\/li><li>Siete elementos controlados del encabezado del widget: nombre, estad\u00edsticas, descripci\u00f3n, bot\u00f3n de seguimiento, imagen de perfil; <\/li><li>4 modos de reproducci\u00f3n incorporados: emergente, reproductor, en l\u00ednea o en Vimeo; <\/li><li>Tres opciones una vez finalizado el v\u00eddeo: reproducir a continuaci\u00f3n, reproducir, ninguna; <\/li><\/ul><p><a href=\"#demo\">Obtenga una lista completa de funciones en nuestra demostraci\u00f3n<\/a><\/p><\/div><div class=\"application-platform-content-item-installation application-platform-content-item\" id=\"installation\" data-nav-section=\"installation\"><h2>Compruebe c\u00f3mo insertar el v\u00eddeo de Vimeo en su sitio web Wix<\/h2><div class=\"video-container\"><iframe width=\"720\" height=\"405\" src=\"https:\/\/www.youtube.com\/embed\/7Yog1jAJfyA\" frameborder=\"0\"><\/iframe><\/div><p>Las siguientes acciones son lo \u00fanico que necesita para publicar. <\/p><ol><li><b>Crea tu galer\u00eda personal de Vimeo<\/b><br> Administrando nuestro configurador gratuito, crea un widget con un dise\u00f1o y funciones preferidas. <\/li><li><b>Copia el c\u00f3digo individual para configurar la aplicaci\u00f3n<\/b><br> Despu\u00e9s de haber generado tu widget, recibir\u00e1s el c\u00f3digo individual en la ventana que aparece en Elfsight Apps. Copie el c\u00f3digo para uso futuro. <\/li> <li><b>Incrusta la aplicaci\u00f3n en tu sitio web Wix<\/b><br> Elige el \u00e1rea donde deseas agregar el widget y agrega el c\u00f3digo copiado all\u00ed. Aplicar las ediciones. <\/li> <li><b>\u00a1La configuraci\u00f3n fue exitosa!<\/b><br> Ingrese a su p\u00e1gina para ver su widget. <\/li> <\/ol><p>\u00bfA\u00fan no puedes decidirte? \u00bfO tener problemas? Una sola solicitud a nuestro equipo de soporte ayudar\u00e1 con cada problema. <\/p><\/div>","protected":false},"excerpt":{"rendered":"","protected":false},"author":9,"featured_media":0,"parent":1556,"menu_order":0,"comment_status":"closed","ping_status":"closed","template":"templates\/template-application-platform.php","meta":{"publish_to_discourse":"","publish_post_category":"","wpdc_auto_publish_overridden":"","wpdc_topic_tags":"","wpdc_pin_topic":"","wpdc_pin_until":"","discourse_post_id":"","discourse_permalink":"","wpdc_publishing_response":"","wpdc_publishing_error":"","footnotes":""},"class_list":["post-6837","page","type-page","status-publish","hentry"],"yoast_head":"<!-- This site is optimized with the Yoast SEO plugin v25.3.1 - https:\/\/yoast.com\/wordpress\/plugins\/seo\/ -->\n<title>Wix Vimeo: agregue el complemento Vimeo Gallery al sitio web de Wix [2025]<\/title>\n<meta name=\"description\" content=\"Es absolutamente sencillo dise\u00f1ar tu aplicaci\u00f3n Vimeo Video Gallery e incrustarla en el sitio web de Wix. La atenci\u00f3n al cliente de Elfsight es gratuita y r\u00e1pida.\" \/>\n<meta name=\"robots\" content=\"index, follow, max-snippet:-1, max-image-preview:large, max-video-preview:-1\" \/>\n<link rel=\"canonical\" href=\"https:\/\/elfsight.com\/es\/vimeo-video-gallery-widget\/wix\/\" \/>\n<meta property=\"og:locale\" content=\"es_ES\" \/>\n<meta property=\"og:type\" content=\"article\" \/>\n<meta property=\"og:title\" content=\"Wix Vimeo: agregue el complemento Vimeo Gallery al sitio web de Wix [2025]\" \/>\n<meta property=\"og:description\" content=\"Es absolutamente sencillo dise\u00f1ar tu aplicaci\u00f3n Vimeo Video Gallery e incrustarla en el sitio web de Wix. La atenci\u00f3n al cliente de Elfsight es gratuita y r\u00e1pida.\" \/>\n<meta property=\"og:url\" content=\"https:\/\/elfsight.com\/es\/vimeo-video-gallery-widget\/wix\/\" \/>\n<meta property=\"og:site_name\" content=\"Elfsight ES\" \/>\n<meta property=\"article:modified_time\" content=\"2025-02-06T16:01:21+00:00\" \/>\n<meta name=\"twitter:card\" content=\"summary_large_image\" \/>\n<meta name=\"twitter:label1\" content=\"Tiempo de lectura\" \/>\n\t<meta name=\"twitter:data1\" content=\"3 minutos\" \/>\n<!-- \/ Yoast SEO plugin. -->","yoast_head_json":{"title":"Wix Vimeo: agregue el complemento Vimeo Gallery al sitio web de Wix [2025]","description":"Es absolutamente sencillo dise\u00f1ar tu aplicaci\u00f3n Vimeo Video Gallery e incrustarla en el sitio web de Wix. La atenci\u00f3n al cliente de Elfsight es gratuita y r\u00e1pida.","robots":{"index":"index","follow":"follow","max-snippet":"max-snippet:-1","max-image-preview":"max-image-preview:large","max-video-preview":"max-video-preview:-1"},"canonical":"https:\/\/elfsight.com\/es\/vimeo-video-gallery-widget\/wix\/","og_locale":"es_ES","og_type":"article","og_title":"Wix Vimeo: agregue el complemento Vimeo Gallery al sitio web de Wix [2025]","og_description":"Es absolutamente sencillo dise\u00f1ar tu aplicaci\u00f3n Vimeo Video Gallery e incrustarla en el sitio web de Wix. La atenci\u00f3n al cliente de Elfsight es gratuita y r\u00e1pida.","og_url":"https:\/\/elfsight.com\/es\/vimeo-video-gallery-widget\/wix\/","og_site_name":"Elfsight ES","article_modified_time":"2025-02-06T16:01:21+00:00","twitter_card":"summary_large_image","twitter_misc":{"Tiempo de lectura":"3 minutos"},"schema":{"@context":"https:\/\/schema.org","@graph":[{"@type":"WebPage","@id":"https:\/\/elfsight.com\/es\/vimeo-video-gallery-widget\/wix\/","url":"https:\/\/elfsight.com\/es\/vimeo-video-gallery-widget\/wix\/","name":"Wix Vimeo: agregue el complemento Vimeo Gallery al sitio web de Wix [2025]","isPartOf":{"@id":"https:\/\/elfsight.com\/es\/#website"},"datePublished":"1970-01-01T00:00:00+00:00","dateModified":"2025-02-06T16:01:21+00:00","description":"Es absolutamente sencillo dise\u00f1ar tu aplicaci\u00f3n Vimeo Video Gallery e incrustarla en el sitio web de Wix. La atenci\u00f3n al cliente de Elfsight es gratuita y r\u00e1pida.","breadcrumb":{"@id":"https:\/\/elfsight.com\/es\/vimeo-video-gallery-widget\/wix\/#breadcrumb"},"inLanguage":"es","potentialAction":[{"@type":"ReadAction","target":["https:\/\/elfsight.com\/es\/vimeo-video-gallery-widget\/wix\/"]}]},{"@type":"BreadcrumbList","@id":"https:\/\/elfsight.com\/es\/vimeo-video-gallery-widget\/wix\/#breadcrumb","itemListElement":[{"@type":"ListItem","position":1,"name":"Home","item":"https:\/\/elfsight.com\/es\/"},{"@type":"ListItem","position":2,"name":"Vimeo Gallery","item":"https:\/\/elfsight.com\/es\/vimeo-video-gallery-widget\/"},{"@type":"ListItem","position":3,"name":"Vimeo Gallery &#8211; Wix"}]},{"@type":"WebSite","@id":"https:\/\/elfsight.com\/es\/#website","url":"https:\/\/elfsight.com\/es\/","name":"Elfsight ES","description":"Just another Elfsight Sites site","potentialAction":[{"@type":"SearchAction","target":{"@type":"EntryPoint","urlTemplate":"https:\/\/elfsight.com\/es\/?s={search_term_string}"},"query-input":{"@type":"PropertyValueSpecification","valueRequired":true,"valueName":"search_term_string"}}],"inLanguage":"es"}]}},"meta_box":{"industry":"","seo_heading":"","heading":"","description":"","cta_heading":"","cta_description":"","application":"1555","h1":"Aplicaci\u00f3n Wix Vimeo Video","h1_caption":"Incrusta una galer\u00eda de videos de Vimeo, ofreciendo una manera perfecta de presentar tu contenido de video en tu sitio web Wix sin esfuerzo.","application_category":[],"applications_title":"","applications_request_title":"","applications_request_button_text":"","hero_text":"","hero_video":"","hero_video_schema_markup":"","selling_points_title":"","selling_points_caption":"","selling_points":[],"selling_points_cta_text":"","features_title":"","features":"","ed_cta_examples_text":"","ed_cta_examples_hidden":"","ed_cta_demo_text":"","ed_cta_demo_hidden":"","why_caption":"","why_editor_title":"","why_editor_text":"","why_team_title":"","why_team_text":"","why_service_title":"","why_service_text":"","template_catalog_visible":"","template_catalog_title":"","template_catalog_text":"","template_catalog_categories_visible":"","demo_title":"Crea tu aplicaci\u00f3n Galer\u00eda Vimeo","demo_caption":"\u00a1Configura tu Galer\u00eda Vimeo y agr\u00e9gala a tu sitio web Wix gratis!","default_faq_hidden":"","app_template_category":[],"platform":"112","template_public_id":"","codecanyon_url":"","codecanyon_item_id":"","codecanyon_price":"","pricing_caption":"","pricing_elfsight_apps_hide_column":"","pricing_elfsight_apps_url":"","pricing_codecanyon_price_caption":"","integration_category":[],"integration_request_title":"","integration_request_cta":"","integration_platform":"","integrations":[],"platform_category":[],"video_schema_markup":"","price":"desde $0 \/ mes","trial":"","benefits":[{"text":"Asistencia de instalaci\u00f3n gratuita"},{"text":"Soporte excepcional"},{"text":"Garant\u00eda de devoluci\u00f3n de dinero de 14 d\u00edas"},{"text":"Mejoras continuas"}],"button_url":"#demo","button_target_blank":"","button_nofollow":"","attributes":[{"name":"Instalaciones","content":"10,000 - 100,000"},{"name":"Sensible","content":"S\u00ed"},{"name":"Navegadores compatibles","content":"Firefox, Safari, Opera, Chrome, Edge"}],"tags":[],"tags_disable_links":"","hide_more_platforms":"","video_object":"","demo_hide_cta":"","demo_hide_cloud_options":"","pricing_title":"","pricing":[{"pricing_icon":"platform","pricing_title":"Elfsight Apps","pricing_title_caption":"Software multiplataforma","pricing_price":"desde $0 \/ mes","pricing_price_caption":"comienza con el plan gratuito","pricing_benefits":[{"text":"Sitios web ilimitados"},{"text":"Atenci\u00f3n al cliente premium"},{"text":"Soporte de instalaci\u00f3n gratuito"},{"text":"Oferta especial para m\u00faltiples aplicaciones."}],"pricing_button_text":"A\u00f1adir al sitio web","pricing_button_url":"#demo"}],"related_apps_title":"","related_apps_hidden":"","author":"","image":[],"title":"","job":"","social_networks":[]},"_links":{"self":[{"href":"https:\/\/elfsight.com\/es\/wp-json\/wp\/v2\/pages\/6837","targetHints":{"allow":["GET"]}}],"collection":[{"href":"https:\/\/elfsight.com\/es\/wp-json\/wp\/v2\/pages"}],"about":[{"href":"https:\/\/elfsight.com\/es\/wp-json\/wp\/v2\/types\/page"}],"author":[{"embeddable":true,"href":"https:\/\/elfsight.com\/es\/wp-json\/wp\/v2\/users\/9"}],"replies":[{"embeddable":true,"href":"https:\/\/elfsight.com\/es\/wp-json\/wp\/v2\/comments?post=6837"}],"version-history":[{"count":2,"href":"https:\/\/elfsight.com\/es\/wp-json\/wp\/v2\/pages\/6837\/revisions"}],"predecessor-version":[{"id":19042,"href":"https:\/\/elfsight.com\/es\/wp-json\/wp\/v2\/pages\/6837\/revisions\/19042"}],"up":[{"embeddable":true,"href":"https:\/\/elfsight.com\/es\/wp-json\/wp\/v2\/pages\/1556"}],"wp:attachment":[{"href":"https:\/\/elfsight.com\/es\/wp-json\/wp\/v2\/media?parent=6837"}],"curies":[{"name":"wp","href":"https:\/\/api.w.org\/{rel}","templated":true}]}}