{"id":6835,"date":"1970-01-01T00:00:00","date_gmt":"1970-01-01T00:00:00","guid":{"rendered":"https:\/\/elfsight.com\/es\/?page_id=6835"},"modified":"2025-02-06T16:01:30","modified_gmt":"2025-02-06T16:01:30","slug":"webnode","status":"publish","type":"page","link":"https:\/\/elfsight.com\/es\/vimeo-video-gallery-widget\/webnode\/","title":{"rendered":"Vimeo Gallery &#8211; Webnode"},"content":{"rendered":"<div class=\"application-platform-content-item-description application-platform-content-item\" id=\"description\" data-nav-section=\"description\"><h2>Descripci\u00f3n<\/h2><p>Elfsight Vimeo es una herramienta sencilla para aquellos que necesitan agregar v\u00eddeos en el sitio web. Eres libre de crear listas de reproducci\u00f3n de v\u00eddeos, mostrar un canal completo, encontrar el mejor contenido tem\u00e1tico para tu widget y m\u00e1s. El widget presenta m\u00faltiples opciones de dise\u00f1o que ayudan a organizar la interfaz que se adaptar\u00e1 a diferentes casos de uso. Los dise\u00f1os incorporados ayudan a organizar el contenido de manera \u00f3ptima, varios modos de reproducci\u00f3n hacen que ver videos sea \u00fatil para cualquier usuario. Con el encabezado flexible existe la posibilidad de anunciar su cuenta de Vimeo y aumentar sus seguidores. La Galer\u00eda de v\u00eddeos de Vimeo de Elfsight se convertir\u00e1 en una forma eficaz no s\u00f3lo de aumentar la participaci\u00f3n, sino tambi\u00e9n de promocionar su negocio.<\/p> <div class=\"faq\" data-component=\"FAQ\"><div class=\"faq-item\">\r\n\t\t\t\t\t<div class=\"faq-item-question\">\r\n\t\t\t\t\t\t<h3 class=\"faq-item-question-text\">\u00bfD\u00f3nde puedo insertar este complemento?<\/h3>\r\n\r\n\t\t\t\t\t\t<div class=\"faq-item-question-icon\"><\/div>\r\n\t\t\t\t\t<\/div>\r\n\r\n\t\t\t\t\t<div class=\"faq-item-answer\">\r\n\t\t\t\t\t\t<div class=\"faq-item-answer-text\"><p>El widget puede funcionar exactamente en la p\u00e1gina donde lo desee. Si introduce el reproductor de video Vimeo en la plantilla del sitio, aparecer\u00e1 en todas las p\u00e1ginas.<\/p> <\/div>\r\n\t\t\t\t\t<\/div>\r\n\t\t\t\t<\/div><div class=\"faq-item\">\r\n\t\t\t\t\t<div class=\"faq-item-question\">\r\n\t\t\t\t\t\t<h3 class=\"faq-item-question-text\">\u00bfCu\u00e1les son los beneficios de tener el widget para m\u00ed?<\/h3>\r\n\r\n\t\t\t\t\t\t<div class=\"faq-item-question-icon\"><\/div>\r\n\t\t\t\t\t<\/div>\r\n\r\n\t\t\t\t\t<div class=\"faq-item-answer\">\r\n\t\t\t\t\t\t<div class=\"faq-item-answer-text\"><p>Este complemento contribuir\u00e1 a aumentar la participaci\u00f3n en su sitio con la ayuda de videos atractivos. La opci\u00f3n de suscripci\u00f3n r\u00e1pida le ayudar\u00e1 a atraer nuevas suscripciones a su cuenta de Vimeo.<\/p><\/div>\r\n\t\t\t\t\t<\/div>\r\n\t\t\t\t<\/div><div class=\"faq-item\">\r\n\t\t\t\t\t<div class=\"faq-item-question\">\r\n\t\t\t\t\t\t<h3 class=\"faq-item-question-text\">\u00bfQu\u00e9 necesito para obtener el widget de Vimeo?<\/h3>\r\n\r\n\t\t\t\t\t\t<div class=\"faq-item-question-icon\"><\/div>\r\n\t\t\t\t\t<\/div>\r\n\r\n\t\t\t\t\t<div class=\"faq-item-answer\">\r\n\t\t\t\t\t\t<div class=\"faq-item-answer-text\"><p>Solo necesita un minuto de su tiempo para activarlo. La integraci\u00f3n es realmente r\u00e1pida, gratuita y sin codificaci\u00f3n.<\/p><p>Existe una opci\u00f3n para integrar el widget a su sitio web directamente en nuestro servicio. Para ello, siga la breve descripci\u00f3n que aparece a continuaci\u00f3n en esta p\u00e1gina.<\/p><\/div>\r\n\t\t\t\t\t<\/div>\r\n\t\t\t\t<\/div><\/div><\/div><div class=\"application-platform-content-item-features application-platform-content-item\" id=\"features\" data-nav-section=\"features\"><h2>Caracter\u00edsticas<\/h2><p>Para obtener una percepci\u00f3n completa del widget, descubra la lista de las caracter\u00edsticas principales. Hacen que este widget sea incre\u00edblemente efectivo para su recurso web:<\/p><ul><li>Agregar ciertos dise\u00f1os para varias formas de organizaci\u00f3n de videos: cuadr\u00edcula, lista de reproducci\u00f3n, control deslizante;<\/li><li>Siete elementos intercambiables del encabezado del widget: nombre, estad\u00edsticas, descripci\u00f3n, bot\u00f3n de seguimiento, imagen de perfil; <\/li><li>Cuatro modos de reproducci\u00f3n incorporados: ventana emergente, reproductor, en l\u00ednea o en Vimeo;<\/li><li>Tres opciones una vez finalizado el v\u00eddeo: reproducir a continuaci\u00f3n, reproducir, ninguna;<\/li><\/ul><p><a href=\"#demo\">Para conocer m\u00e1s funciones, consulte nuestra demostraci\u00f3n<\/a><\/p><\/div><div class=\"application-platform-content-item-installation application-platform-content-item\" id=\"installation\" data-nav-section=\"installation\"><h2>Aprende c\u00f3mo agregar el v\u00eddeo de Vimeo a tu sitio web Webnode<\/h2><p>Las siguientes acciones son lo \u00fanico que debes hacer para instalar el widget. <\/p><ol><li><b>Cree su complemento Vimeo personalizado<\/b><br> Con la ayuda de nuestra demostraci\u00f3n gratuita, configure un widget con un dise\u00f1o y funcionalidad preferibles. <\/li><li><b>Reciba el c\u00f3digo individual para instalar el complemento<\/b><br> Despu\u00e9s de haber generado su widget, obtendr\u00e1 su c\u00f3digo de instalaci\u00f3n en la ventana que aparece en Elfsight Apps. Copia este c\u00f3digo para usarlo en el futuro.<\/li> <li><b>Muestra el complemento en tu sitio web Webnode<\/b><br> Encuentra el lugar donde planeas mostrar el widget e inserta el c\u00f3digo copiado all\u00ed. Publicar los cambios. <\/li> <li><b>\u00a1La integraci\u00f3n es exitosa! <\/b><br>Entra en tu p\u00e1gina, para comprobar tu widget.<\/li> <\/ol><p>\u00bfA\u00fan dudas de algo? \u00bfO tropez\u00f3 con algo? Una sola solicitud a nuestro servicio de atenci\u00f3n al cliente le ayudar\u00e1 con todos los problemas. <\/p><\/div>","protected":false},"excerpt":{"rendered":"","protected":false},"author":9,"featured_media":0,"parent":1556,"menu_order":0,"comment_status":"closed","ping_status":"closed","template":"templates\/template-application-platform.php","meta":{"publish_to_discourse":"","publish_post_category":"","wpdc_auto_publish_overridden":"","wpdc_topic_tags":"","wpdc_pin_topic":"","wpdc_pin_until":"","discourse_post_id":"","discourse_permalink":"","wpdc_publishing_response":"","wpdc_publishing_error":"","footnotes":""},"class_list":["post-6835","page","type-page","status-publish","hentry"],"yoast_head":"<!-- This site is optimized with the Yoast SEO plugin v25.3.1 - https:\/\/yoast.com\/wordpress\/plugins\/seo\/ -->\n<title>Agregue el widget Vimeo Video Gallery al sitio web de Webnode (gratis y r\u00e1pido)<\/title>\n<meta name=\"description\" content=\"Es perfectamente sencillo darle forma a tu widget de Vimeo Video Gallery y colocarlo en tu sitio Webnode. La atenci\u00f3n al cliente de Elfsight es gratuita.\" \/>\n<meta name=\"robots\" content=\"index, follow, max-snippet:-1, max-image-preview:large, max-video-preview:-1\" \/>\n<link rel=\"canonical\" href=\"https:\/\/elfsight.com\/es\/vimeo-video-gallery-widget\/webnode\/\" \/>\n<meta property=\"og:locale\" content=\"es_ES\" \/>\n<meta property=\"og:type\" content=\"article\" \/>\n<meta property=\"og:title\" content=\"Agregue el widget Vimeo Video Gallery al sitio web de Webnode (gratis y r\u00e1pido)\" \/>\n<meta property=\"og:description\" content=\"Es perfectamente sencillo darle forma a tu widget de Vimeo Video Gallery y colocarlo en tu sitio Webnode. La atenci\u00f3n al cliente de Elfsight es gratuita.\" \/>\n<meta property=\"og:url\" content=\"https:\/\/elfsight.com\/es\/vimeo-video-gallery-widget\/webnode\/\" \/>\n<meta property=\"og:site_name\" content=\"Elfsight ES\" \/>\n<meta property=\"article:modified_time\" content=\"2025-02-06T16:01:30+00:00\" \/>\n<meta name=\"twitter:card\" content=\"summary_large_image\" \/>\n<meta name=\"twitter:label1\" content=\"Tiempo de lectura\" \/>\n\t<meta name=\"twitter:data1\" content=\"3 minutos\" \/>\n<!-- \/ Yoast SEO plugin. -->","yoast_head_json":{"title":"Agregue el widget Vimeo Video Gallery al sitio web de Webnode (gratis y r\u00e1pido)","description":"Es perfectamente sencillo darle forma a tu widget de Vimeo Video Gallery y colocarlo en tu sitio Webnode. La atenci\u00f3n al cliente de Elfsight es gratuita.","robots":{"index":"index","follow":"follow","max-snippet":"max-snippet:-1","max-image-preview":"max-image-preview:large","max-video-preview":"max-video-preview:-1"},"canonical":"https:\/\/elfsight.com\/es\/vimeo-video-gallery-widget\/webnode\/","og_locale":"es_ES","og_type":"article","og_title":"Agregue el widget Vimeo Video Gallery al sitio web de Webnode (gratis y r\u00e1pido)","og_description":"Es perfectamente sencillo darle forma a tu widget de Vimeo Video Gallery y colocarlo en tu sitio Webnode. La atenci\u00f3n al cliente de Elfsight es gratuita.","og_url":"https:\/\/elfsight.com\/es\/vimeo-video-gallery-widget\/webnode\/","og_site_name":"Elfsight ES","article_modified_time":"2025-02-06T16:01:30+00:00","twitter_card":"summary_large_image","twitter_misc":{"Tiempo de lectura":"3 minutos"},"schema":{"@context":"https:\/\/schema.org","@graph":[{"@type":"WebPage","@id":"https:\/\/elfsight.com\/es\/vimeo-video-gallery-widget\/webnode\/","url":"https:\/\/elfsight.com\/es\/vimeo-video-gallery-widget\/webnode\/","name":"Agregue el widget Vimeo Video Gallery al sitio web de Webnode (gratis y r\u00e1pido)","isPartOf":{"@id":"https:\/\/elfsight.com\/es\/#website"},"datePublished":"1970-01-01T00:00:00+00:00","dateModified":"2025-02-06T16:01:30+00:00","description":"Es perfectamente sencillo darle forma a tu widget de Vimeo Video Gallery y colocarlo en tu sitio Webnode. La atenci\u00f3n al cliente de Elfsight es gratuita.","breadcrumb":{"@id":"https:\/\/elfsight.com\/es\/vimeo-video-gallery-widget\/webnode\/#breadcrumb"},"inLanguage":"es","potentialAction":[{"@type":"ReadAction","target":["https:\/\/elfsight.com\/es\/vimeo-video-gallery-widget\/webnode\/"]}]},{"@type":"BreadcrumbList","@id":"https:\/\/elfsight.com\/es\/vimeo-video-gallery-widget\/webnode\/#breadcrumb","itemListElement":[{"@type":"ListItem","position":1,"name":"Home","item":"https:\/\/elfsight.com\/es\/"},{"@type":"ListItem","position":2,"name":"Vimeo Gallery","item":"https:\/\/elfsight.com\/es\/vimeo-video-gallery-widget\/"},{"@type":"ListItem","position":3,"name":"Vimeo Gallery &#8211; Webnode"}]},{"@type":"WebSite","@id":"https:\/\/elfsight.com\/es\/#website","url":"https:\/\/elfsight.com\/es\/","name":"Elfsight ES","description":"Just another Elfsight Sites site","potentialAction":[{"@type":"SearchAction","target":{"@type":"EntryPoint","urlTemplate":"https:\/\/elfsight.com\/es\/?s={search_term_string}"},"query-input":{"@type":"PropertyValueSpecification","valueRequired":true,"valueName":"search_term_string"}}],"inLanguage":"es"}]}},"meta_box":{"industry":"","seo_heading":"","heading":"","description":"","cta_heading":"","cta_description":"","application":"1555","h1":"Webnode Vimeo Galer\u00eda de V\u00eddeos","h1_caption":"Incrusta una galer\u00eda de v\u00eddeos de Vimeo, ofreciendo una manera perfecta de presentar tu contenido de v\u00eddeo en tu sitio web Webnode sin esfuerzo.","application_category":[],"applications_title":"","applications_request_title":"","applications_request_button_text":"","hero_text":"","hero_video":"","hero_video_schema_markup":"","selling_points_title":"","selling_points_caption":"","selling_points":[],"selling_points_cta_text":"","features_title":"","features":"","ed_cta_examples_text":"","ed_cta_examples_hidden":"","ed_cta_demo_text":"","ed_cta_demo_hidden":"","why_caption":"","why_editor_title":"","why_editor_text":"","why_team_title":"","why_team_text":"","why_service_title":"","why_service_text":"","template_catalog_visible":"","template_catalog_title":"","template_catalog_text":"","template_catalog_categories_visible":"","demo_title":"Crea tu widget de Galer\u00eda Vimeo","demo_caption":"\u00a1Configura tu Galer\u00eda Vimeo y agr\u00e9gala a tu sitio web Webnode gratis!","default_faq_hidden":"","app_template_category":[],"platform":"2302","template_public_id":"","codecanyon_url":"","codecanyon_item_id":"","codecanyon_price":"","pricing_caption":"","pricing_elfsight_apps_hide_column":"","pricing_elfsight_apps_url":"","pricing_codecanyon_price_caption":"","integration_category":[],"integration_request_title":"","integration_request_cta":"","integration_platform":"","integrations":[],"platform_category":[],"video_schema_markup":"","price":"desde $0 \/ mes","trial":"","benefits":[{"text":"Servicio de instalaci\u00f3n gratuito"},{"text":"Soporte premium"},{"text":"Garant\u00eda de devoluci\u00f3n de dinero de 14 d\u00edas"},{"text":"Mejoras de por vida"}],"button_url":"#demo","button_target_blank":"","button_nofollow":"","attributes":[{"name":"Instalaciones","content":"10,000 - 100,000"},{"name":"Sensible","content":"S\u00ed"},{"name":"Navegadores compatibles","content":"Firefox, Safari, Opera, Chrome, Edge"}],"tags":[],"tags_disable_links":"","hide_more_platforms":"","video_object":"","demo_hide_cta":"","demo_hide_cloud_options":"","pricing_title":"","pricing":[{"pricing_icon":"platform","pricing_title":"Elfsight Apps","pricing_title_caption":"Soluci\u00f3n digital multiplataforma","pricing_price":"desde $0 \/ mes","pricing_price_caption":"comienza con el plan gratuito","pricing_benefits":[{"text":"Dominios ilimitados"},{"text":"Soporte r\u00e1pido de la empresa"},{"text":"Soporte de instalaci\u00f3n gratuito"},{"text":"Gran oferta para m\u00faltiples aplicaciones"}],"pricing_button_text":"A\u00f1adir al sitio web","pricing_button_url":"#demo"}],"related_apps_title":"","related_apps_hidden":"","author":"","image":[],"title":"","job":"","social_networks":[]},"_links":{"self":[{"href":"https:\/\/elfsight.com\/es\/wp-json\/wp\/v2\/pages\/6835","targetHints":{"allow":["GET"]}}],"collection":[{"href":"https:\/\/elfsight.com\/es\/wp-json\/wp\/v2\/pages"}],"about":[{"href":"https:\/\/elfsight.com\/es\/wp-json\/wp\/v2\/types\/page"}],"author":[{"embeddable":true,"href":"https:\/\/elfsight.com\/es\/wp-json\/wp\/v2\/users\/9"}],"replies":[{"embeddable":true,"href":"https:\/\/elfsight.com\/es\/wp-json\/wp\/v2\/comments?post=6835"}],"version-history":[{"count":2,"href":"https:\/\/elfsight.com\/es\/wp-json\/wp\/v2\/pages\/6835\/revisions"}],"predecessor-version":[{"id":19044,"href":"https:\/\/elfsight.com\/es\/wp-json\/wp\/v2\/pages\/6835\/revisions\/19044"}],"up":[{"embeddable":true,"href":"https:\/\/elfsight.com\/es\/wp-json\/wp\/v2\/pages\/1556"}],"wp:attachment":[{"href":"https:\/\/elfsight.com\/es\/wp-json\/wp\/v2\/media?parent=6835"}],"curies":[{"name":"wp","href":"https:\/\/api.w.org\/{rel}","templated":true}]}}