{"id":6834,"date":"1970-01-01T00:00:00","date_gmt":"1970-01-01T00:00:00","guid":{"rendered":"https:\/\/elfsight.com\/es\/?page_id=6834"},"modified":"2025-02-06T16:01:30","modified_gmt":"2025-02-06T16:01:30","slug":"webflow","status":"publish","type":"page","link":"https:\/\/elfsight.com\/es\/vimeo-video-gallery-widget\/webflow\/","title":{"rendered":"Vimeo Gallery &#8211; Webflow"},"content":{"rendered":"<div class=\"application-platform-content-item-description application-platform-content-item\" id=\"description\" data-nav-section=\"description\"><h2>Incrustar Vimeo Gallery en Webflow con el widget Elfsight<\/h2><p>Elfsight Vimeo Gallery es un instrumento sencillo para aquellos que desean agregar contenido de Vimeo en el sitio web. Puede crear listas de reproducci\u00f3n de videos, mostrar canales y encontrar el mejor contenido de video para su galer\u00eda y otros. El widget ofrece m\u00faltiples opciones de dise\u00f1o que ayudan a organizar la interfaz para diversos casos. Los dise\u00f1os listos para usar organizar\u00e1n el contenido de manera \u00f3ptima; Los m\u00faltiples modos de reproducci\u00f3n har\u00e1n que ver videos sea c\u00f3modo con cualquier dise\u00f1o. Usando el encabezado flexible, anuncie su canal y aumente los suscriptores. Elfsight Vimeo Gallery se convertir\u00e1 en una manera f\u00e1cil no s\u00f3lo de aumentar la participaci\u00f3n, sino tambi\u00e9n de promocionar su negocio. <\/p> <div class=\"faq\" data-component=\"FAQ\"><div class=\"faq-item\">\r\n\t\t\t\t\t<div class=\"faq-item-question\">\r\n\t\t\t\t\t\t<h3 class=\"faq-item-question-text\">\u00bfD\u00f3nde puedo agregarla?<\/h3>\r\n\r\n\t\t\t\t\t\t<div class=\"faq-item-question-icon\"><\/div>\r\n\t\t\t\t\t<\/div>\r\n\r\n\t\t\t\t\t<div class=\"faq-item-answer\">\r\n\t\t\t\t\t\t<div class=\"faq-item-answer-text\"><p>La Galer\u00eda Vimeo se puede colocar en cualquiera de sus p\u00e1ginas web. Si lo introduces en la plantilla del sitio web, el widget aparecer\u00e1 en todas las p\u00e1ginas. <\/p> <\/div>\r\n\t\t\t\t\t<\/div>\r\n\t\t\t\t<\/div><div class=\"faq-item\">\r\n\t\t\t\t\t<div class=\"faq-item-question\">\r\n\t\t\t\t\t\t<h3 class=\"faq-item-question-text\">\u00bfQu\u00e9 ventajas me dar\u00e1?<\/h3>\r\n\r\n\t\t\t\t\t\t<div class=\"faq-item-question-icon\"><\/div>\r\n\t\t\t\t\t<\/div>\r\n\r\n\t\t\t\t\t<div class=\"faq-item-answer\">\r\n\t\t\t\t\t\t<div class=\"faq-item-answer-text\"><\/div>\r\n\t\t\t\t\t<\/div>\r\n\t\t\t\t<\/div><div class=\"faq-item\">\r\n\t\t\t\t\t<div class=\"faq-item-question\">\r\n\t\t\t\t\t\t<h3 class=\"faq-item-question-text\">\u00bfC\u00f3mo incrusto Vimeo Gallery?<\/h3>\r\n\r\n\t\t\t\t\t\t<div class=\"faq-item-question-icon\"><\/div>\r\n\t\t\t\t\t<\/div>\r\n\r\n\t\t\t\t\t<div class=\"faq-item-answer\">\r\n\t\t\t\t\t\t<div class=\"faq-item-answer-text\"><p>Solo me llevar\u00e1 tres minutos comenzar a utilizar el widget. Es extremadamente r\u00e1pido, gratuito y sin codificaci\u00f3n. <\/p><p>Puedes insertar la Galer\u00eda Vimeo en la p\u00e1gina web a trav\u00e9s de nuestro servicio. Simplemente siga las instrucciones que aparecen en esta p\u00e1gina.<\/p><\/div>\r\n\t\t\t\t\t<\/div>\r\n\t\t\t\t<\/div><\/div><\/div><div class=\"application-platform-content-item-features application-platform-content-item\" id=\"features\" data-nav-section=\"features\"><h2>Caracter\u00edsticas principales del widget de la Galer\u00eda de Vimeo<\/h2><p>Para poder comprender mejor el widget, consulte la lista de las funciones principales. Hacen que el widget sea realmente eficiente para su sitio web: <\/p><ul><li>Incrustar dise\u00f1os seleccionados para varios tipos de ritmo de videos: cuadr\u00edcula, lista de reproducci\u00f3n, control deslizante; <\/li><li>Siete detalles intercambiables del encabezado: nombre, estad\u00edsticas, descripci\u00f3n, bot\u00f3n de seguimiento, foto de perfil; <\/li><li>Cuatro modos de reproducci\u00f3n listos para usar: emergente, reproductor, en l\u00ednea o en Vimeo; <\/li><li>Tres opciones una vez finalizado el v\u00eddeo: reproducir a continuaci\u00f3n, reproducir, ninguna; <\/li><\/ul><p><a href=\"#demo\">Consulta m\u00e1s funciones en la demostraci\u00f3n<\/a><\/p><\/div><div class=\"application-platform-content-item-installation application-platform-content-item\" id=\"installation\" data-nav-section=\"installation\"><h2>Aqu\u00ed se explica c\u00f3mo insertar el v\u00eddeo de Vimeo en tu sitio web de Webflow<\/h2><div class=\"video-container\"><iframe width=\"720\" height=\"405\" src=\"https:\/\/www.youtube.com\/embed\/c33ABU3lRXg\" frameborder=\"0\"><\/iframe><\/div><p>Los pasos siguientes son lo \u00fanico que necesita para mostrar.<\/p><ol><li><b>Cree su widget de Vimeo personalizado<\/b><br> En nuestro editor gratuito, configure un complemento con un dise\u00f1o preferible y caracter\u00edsticas funcionales.<\/li><li><b>Copie el c\u00f3digo individual a integre el widget<\/b><br> Despu\u00e9s de haber generado su complemento, obtendr\u00e1 el c\u00f3digo de instalaci\u00f3n en la ventana emergente de Elfsight Apps. Copie el c\u00f3digo.<\/li> <li><b>Integre el widget en su sitio Webflow<\/b><br> Elija el \u00e1rea donde desea mostrar el complemento y agregue el c\u00f3digo copiado all\u00ed. Aplica los resultados.<\/li> <li><b>\u00a1Ya terminaste!<\/b><br> Ingresa a tu p\u00e1gina para ver tu complemento.<\/li> <\/ol><p>\u00bfA\u00fan tienes algo que te hace dudar? \u00bfO tener problemas? Simplemente escriba una solicitud a nuestro servicio de atenci\u00f3n al cliente y resolver\u00e1 cualquier tipo de problema. <\/p><\/div>","protected":false},"excerpt":{"rendered":"","protected":false},"author":9,"featured_media":0,"parent":1556,"menu_order":0,"comment_status":"closed","ping_status":"closed","template":"templates\/template-application-platform.php","meta":{"publish_to_discourse":"","publish_post_category":"","wpdc_auto_publish_overridden":"","wpdc_topic_tags":"","wpdc_pin_topic":"","wpdc_pin_until":"","discourse_post_id":"","discourse_permalink":"","wpdc_publishing_response":"","wpdc_publishing_error":"","footnotes":""},"class_list":["post-6834","page","type-page","status-publish","hentry"],"yoast_head":"<!-- This site is optimized with the Yoast SEO plugin v25.3.1 - https:\/\/yoast.com\/wordpress\/plugins\/seo\/ -->\n<title>Agregue el widget Vimeo Video Gallery al sitio web de Webflow (gratis y r\u00e1pido)<\/title>\n<meta name=\"description\" content=\"Esta es una oportunidad para dise\u00f1ar una galer\u00eda de videos de Vimeo y mostrarla en su sitio web Webflow. Disfrute de atenci\u00f3n al cliente gratuita y otras ventajas de Elfsight.\" \/>\n<meta name=\"robots\" content=\"index, follow, max-snippet:-1, max-image-preview:large, max-video-preview:-1\" \/>\n<link rel=\"canonical\" href=\"https:\/\/elfsight.com\/es\/vimeo-video-gallery-widget\/webflow\/\" \/>\n<meta property=\"og:locale\" content=\"es_ES\" \/>\n<meta property=\"og:type\" content=\"article\" \/>\n<meta property=\"og:title\" content=\"Agregue el widget Vimeo Video Gallery al sitio web de Webflow (gratis y r\u00e1pido)\" \/>\n<meta property=\"og:description\" content=\"Esta es una oportunidad para dise\u00f1ar una galer\u00eda de videos de Vimeo y mostrarla en su sitio web Webflow. Disfrute de atenci\u00f3n al cliente gratuita y otras ventajas de Elfsight.\" \/>\n<meta property=\"og:url\" content=\"https:\/\/elfsight.com\/es\/vimeo-video-gallery-widget\/webflow\/\" \/>\n<meta property=\"og:site_name\" content=\"Elfsight ES\" \/>\n<meta property=\"article:modified_time\" content=\"2025-02-06T16:01:30+00:00\" \/>\n<meta name=\"twitter:card\" content=\"summary_large_image\" \/>\n<meta name=\"twitter:label1\" content=\"Tiempo de lectura\" \/>\n\t<meta name=\"twitter:data1\" content=\"3 minutos\" \/>\n<!-- \/ Yoast SEO plugin. -->","yoast_head_json":{"title":"Agregue el widget Vimeo Video Gallery al sitio web de Webflow (gratis y r\u00e1pido)","description":"Esta es una oportunidad para dise\u00f1ar una galer\u00eda de videos de Vimeo y mostrarla en su sitio web Webflow. Disfrute de atenci\u00f3n al cliente gratuita y otras ventajas de Elfsight.","robots":{"index":"index","follow":"follow","max-snippet":"max-snippet:-1","max-image-preview":"max-image-preview:large","max-video-preview":"max-video-preview:-1"},"canonical":"https:\/\/elfsight.com\/es\/vimeo-video-gallery-widget\/webflow\/","og_locale":"es_ES","og_type":"article","og_title":"Agregue el widget Vimeo Video Gallery al sitio web de Webflow (gratis y r\u00e1pido)","og_description":"Esta es una oportunidad para dise\u00f1ar una galer\u00eda de videos de Vimeo y mostrarla en su sitio web Webflow. Disfrute de atenci\u00f3n al cliente gratuita y otras ventajas de Elfsight.","og_url":"https:\/\/elfsight.com\/es\/vimeo-video-gallery-widget\/webflow\/","og_site_name":"Elfsight ES","article_modified_time":"2025-02-06T16:01:30+00:00","twitter_card":"summary_large_image","twitter_misc":{"Tiempo de lectura":"3 minutos"},"schema":{"@context":"https:\/\/schema.org","@graph":[{"@type":"WebPage","@id":"https:\/\/elfsight.com\/es\/vimeo-video-gallery-widget\/webflow\/","url":"https:\/\/elfsight.com\/es\/vimeo-video-gallery-widget\/webflow\/","name":"Agregue el widget Vimeo Video Gallery al sitio web de Webflow (gratis y r\u00e1pido)","isPartOf":{"@id":"https:\/\/elfsight.com\/es\/#website"},"datePublished":"1970-01-01T00:00:00+00:00","dateModified":"2025-02-06T16:01:30+00:00","description":"Esta es una oportunidad para dise\u00f1ar una galer\u00eda de videos de Vimeo y mostrarla en su sitio web Webflow. Disfrute de atenci\u00f3n al cliente gratuita y otras ventajas de Elfsight.","breadcrumb":{"@id":"https:\/\/elfsight.com\/es\/vimeo-video-gallery-widget\/webflow\/#breadcrumb"},"inLanguage":"es","potentialAction":[{"@type":"ReadAction","target":["https:\/\/elfsight.com\/es\/vimeo-video-gallery-widget\/webflow\/"]}]},{"@type":"BreadcrumbList","@id":"https:\/\/elfsight.com\/es\/vimeo-video-gallery-widget\/webflow\/#breadcrumb","itemListElement":[{"@type":"ListItem","position":1,"name":"Home","item":"https:\/\/elfsight.com\/es\/"},{"@type":"ListItem","position":2,"name":"Vimeo Gallery","item":"https:\/\/elfsight.com\/es\/vimeo-video-gallery-widget\/"},{"@type":"ListItem","position":3,"name":"Vimeo Gallery &#8211; Webflow"}]},{"@type":"WebSite","@id":"https:\/\/elfsight.com\/es\/#website","url":"https:\/\/elfsight.com\/es\/","name":"Elfsight ES","description":"Just another Elfsight Sites site","potentialAction":[{"@type":"SearchAction","target":{"@type":"EntryPoint","urlTemplate":"https:\/\/elfsight.com\/es\/?s={search_term_string}"},"query-input":{"@type":"PropertyValueSpecification","valueRequired":true,"valueName":"search_term_string"}}],"inLanguage":"es"}]}},"meta_box":{"industry":"","seo_heading":"","heading":"","description":"","cta_heading":"","cta_description":"","application":"1555","h1":"Galer\u00eda de v\u00eddeos de Vimeo de flujo web","h1_caption":"Incruste una galer\u00eda de videos de Vimeo, ofreciendo una manera perfecta de presentar su contenido de video en su sitio web Webflow sin esfuerzo.","application_category":[],"applications_title":"","applications_request_title":"","applications_request_button_text":"","hero_text":"","hero_video":"","hero_video_schema_markup":"","selling_points_title":"","selling_points_caption":"","selling_points":[],"selling_points_cta_text":"","features_title":"","features":"","ed_cta_examples_text":"","ed_cta_examples_hidden":"","ed_cta_demo_text":"","ed_cta_demo_hidden":"","why_caption":"","why_editor_title":"","why_editor_text":"","why_team_title":"","why_team_text":"","why_service_title":"","why_service_text":"","template_catalog_visible":"","template_catalog_title":"","template_catalog_text":"","template_catalog_categories_visible":"","demo_title":"Crea tu widget de Galer\u00eda Vimeo","demo_caption":"\u00a1Configure su Galer\u00eda Vimeo y agr\u00e9guela a su sitio web Webflow gratis!","default_faq_hidden":"","app_template_category":[],"platform":"106","template_public_id":"","codecanyon_url":"","codecanyon_item_id":"","codecanyon_price":"","pricing_caption":"","pricing_elfsight_apps_hide_column":"","pricing_elfsight_apps_url":"","pricing_codecanyon_price_caption":"","integration_category":[],"integration_request_title":"","integration_request_cta":"","integration_platform":"","integrations":[],"platform_category":[],"video_schema_markup":"","price":"desde $0 \/ mes","trial":"","benefits":[{"text":"Asistencia de instalaci\u00f3n gratuita"},{"text":"Equipo de soporte profesional"},{"text":"Garant\u00eda de devoluci\u00f3n de dinero de 14 d\u00edas"},{"text":"Actualizaciones continuas"}],"button_url":"#demo","button_target_blank":"","button_nofollow":"","attributes":[{"name":"Instalaciones","content":"10,000 - 100,000"},{"name":"Sensible","content":"S\u00ed"},{"name":"Navegadores compatibles","content":"Edge, Safari, Opera, Chrome, Firefox"}],"tags":[],"tags_disable_links":"","hide_more_platforms":"","video_object":"","demo_hide_cta":"","demo_hide_cloud_options":"","pricing_title":"","pricing":[{"pricing_icon":"platform","pricing_title":"Elfsight Apps","pricing_title_caption":"Soluci\u00f3n multiplataforma que se adapta a cualquier sitio web","pricing_price":"desde $0 \/ mes","pricing_price_caption":"comienza con el plan gratuito","pricing_benefits":[{"text":"N\u00famero ilimitado de dominios"},{"text":"Soporte premium"},{"text":"Asistencia de instalaci\u00f3n gratuita"},{"text":"Oferta especial para m\u00faltiples aplicaciones"}],"pricing_button_text":"A\u00f1adir al sitio web","pricing_button_url":"#demo"}],"related_apps_title":"","related_apps_hidden":"","author":"","image":[],"title":"","job":"","social_networks":[]},"_links":{"self":[{"href":"https:\/\/elfsight.com\/es\/wp-json\/wp\/v2\/pages\/6834","targetHints":{"allow":["GET"]}}],"collection":[{"href":"https:\/\/elfsight.com\/es\/wp-json\/wp\/v2\/pages"}],"about":[{"href":"https:\/\/elfsight.com\/es\/wp-json\/wp\/v2\/types\/page"}],"author":[{"embeddable":true,"href":"https:\/\/elfsight.com\/es\/wp-json\/wp\/v2\/users\/9"}],"replies":[{"embeddable":true,"href":"https:\/\/elfsight.com\/es\/wp-json\/wp\/v2\/comments?post=6834"}],"version-history":[{"count":2,"href":"https:\/\/elfsight.com\/es\/wp-json\/wp\/v2\/pages\/6834\/revisions"}],"predecessor-version":[{"id":19045,"href":"https:\/\/elfsight.com\/es\/wp-json\/wp\/v2\/pages\/6834\/revisions\/19045"}],"up":[{"embeddable":true,"href":"https:\/\/elfsight.com\/es\/wp-json\/wp\/v2\/pages\/1556"}],"wp:attachment":[{"href":"https:\/\/elfsight.com\/es\/wp-json\/wp\/v2\/media?parent=6834"}],"curies":[{"name":"wp","href":"https:\/\/api.w.org\/{rel}","templated":true}]}}